





{"id":26558,"date":"2016-11-30T19:10:00","date_gmt":"2016-11-30T18:10:00","guid":{"rendered":"https:\/\/repliquemangacine.fr\/?post_type=product&#038;p=26558"},"modified":"2026-04-03T14:50:57","modified_gmt":"2026-04-03T12:50:57","slug":"game-of-thrones-epee-eddard-stark-version-hbo-tv","status":"publish","type":"product","link":"https:\/\/repliquemangacine.fr\/de\/epees-game-of-thrones\/game-of-thrones-epee-eddard-stark-version-hbo-tv\/","title":{"rendered":"Schwert Ned Stark Version HBO TV"},"content":{"rendered":"<h2>Schwert Ned Stark Serienversion Game of Thrones<\/h2>\n<p>Das Ned-Stark-Schwert hei\u00dft Glace, das uralte Schwert des Hauses Stark aus valyrischem Stahl. Beschrieben wird es als so breit wie die Hand eines Mannes und h\u00f6her als die Hand eines vierzehnj\u00e4hrigen Teenagers wie Robb Stark.<\/p>\n<p>Es wurde vor 400 Jahren in Valyria geschmiedet und ist ein Schwert, das mit zwei H\u00e4nden gef\u00fchrt wird. Es wurde zum Schwert des Herrschers von Winterfell. Eddard Stark benutzt es pers\u00f6nlich, um zum Tode verurteilte Gefangene hinzurichten.<\/p>\n<p>Nach Eddards Verhaftung nutzt Ilyn Payne <a href=\"https:\/\/gameofthrones.fandom.com\/fr\/wiki\/Glace\" target=\"_blank\" rel=\"noopener noreferrer\">Eis<\/a> um Ned im Gro\u00dfen Septuarium von Baelor hinzurichten. In der vierten Staffel erlangt Tywin Lannister das Schwert zur\u00fcck. Er bittet einen Schmied, den valyrischen Stahl von Eis zu verwenden, um zwei lange Schwerter zu schmieden, die die Namen : Witwenweinen und Feal.<\/p>\n<h2>Ihr Ned Stark Schwert zum besten Preis.<\/h2>\n<p>Wir bieten dir alle Spr\u00fcche aus deiner Lieblingsserie Game Of Thrones.<\/p>\n<p>Zun\u00e4chst einmal,<\/p>\n<ul>\n<li>L'<a href=\"https:\/\/repliquemangacine.fr\/de\/schwerter-game-of-thrones\/eisschwert-epee-eddard-stark-eiserner-tron\/\">Schwert von Ned Stark<\/a> in seiner Romanversion.<\/li>\n<li>Es gibt auch die<a href=\"https:\/\/repliquemangacine.fr\/de\/schwerter-game-of-thrones\/schwert-needle-arya-stark-game-of-thrones\/\">Aryas Schwert Nadel<\/a> die ihm von Jon Schnee geschenkt wurde.<\/li>\n<li>Sowie die<a href=\"https:\/\/repliquemangacine.fr\/de\/schwerter-game-of-thrones\/oathkeeper-schwert-von-brienne-von-torth-game-of-thrones\/\">Feenschwert<\/a> die Jaime Brienne von Tarth gibt.<\/li>\n<li>Und viele andere, die es in unserem Online-Shop zu entdecken gibt!<\/li>\n<\/ul>\n<p>Deshalb ist es deshalb eine tolle Geschenkidee f\u00fcr Fans der Serie Game of Thrones.<\/p>\n<p>Abschlie\u00dfend k\u00f6nnen Sie den<strong>Schwert Ned Stark<\/strong> f\u00fcr Ihre Cosplay-Paraden oder Themenabende. Vor allem aber ist dieses Schwert ein Sammler- und Dekorationsst\u00fcck.<\/p>\n<h2>Wie pflegt man die Klinge seines Game of Thrones-Schwerts?<\/h2>\n<p>Sammlungs- und Dekorationsschwerter werden in vereinfachter Form hergestellt und zusammengebaut. Da sie zu Dekorationszwecken verwendet werden, fehlen ihnen die Sicherheitselemente, die ein japanisches Schwert f\u00fcr Trainingszwecke aufweisen muss.<\/p>\n<p>Allerdings ist Ihr <strong>Schwert Ned Stark<\/strong> zu einer Stahlklinge, die gepflegt werden muss, damit sie nicht mit der Zeit abgenutzt wird. Denn wenn du dein Katana ausstellst, werden deine Freunde neugierig sein, die Klinge zu sehen und sie zu ber\u00fchren. Hier ist Vorsicht geboten, denn Sie sollten wissen, dass die S\u00e4ure der Finger dem Stahl unabh\u00e4ngig von seiner Qualit\u00e4t sehr schadet.<\/p>\n<p>Wenn dies jedoch passiert, keine Panik, Sie brauchen nur ein Tuch, das mit etwas \u00d6l befeuchtet ist, und wischen die Fingerabdr\u00fccke ab. Wenn Sie dies tun, werden Sie Ihr Schwert sehr lange behalten.<\/p>","protected":false},"excerpt":{"rendered":"<p>Eisschwert, das von Ned in Game of Thrones benutzt wird.<\/p>\n<ul>\n<li>Klinge aus rostfreiem Stahl mit Hohlkehle.<\/li>\n<li>Garde und Knauf aus silbernem und vergoldetem Stahl.<\/li>\n<li>ABS-Griff.<\/li>\n<li>Siebgedrucktes Material.<\/li>\n<li>Klingenl\u00e4nge: 100 cm - Gesamtl\u00e4nge: 130 cm - Gewicht: 1900 grs<\/li>\n<\/ul>","protected":false},"featured_media":26559,"template":"","meta":[],"product_brand":[896],"product_cat":[25,84,72,24,47,43],"product_tag":[],"class_list":{"0":"post-26558","1":"product","2":"type-product","3":"status-publish","4":"has-post-thumbnail","6":"product_brand-replique-manga-cine","7":"product_cat-armes-historiques","8":"product_cat-epee-templier-medievale","9":"product_cat-epees-game-of-thrones","10":"product_cat-films-series-tv-vente-de-katana-epee-et-produits-derives","11":"product_cat-game-of-thrones","12":"product_cat-reproductions-d-armes-et-accessoires-medievales","14":"first","15":"instock","16":"sale","17":"taxable","18":"shipping-taxable","19":"purchasable","20":"product-type-simple"},"yoast_head":"<!-- This site is optimized with the Yoast SEO plugin v27.5 - https:\/\/yoast.com\/product\/yoast-seo-wordpress\/ -->\n<title>Ep\u00e9e Ned Stark - Ep\u00e9es Game of Thrones - Replique Manga Cine<\/title>\n<meta name=\"description\" content=\"Offrez-lui ! L&#039;Ep\u00e9e Ned Stark dans Game of Thrones au meilleur prix. Lame en acier 440 - Support bois - Longueur totale : 130 cm - Envoi 24\/48h\" \/>\n<meta name=\"robots\" content=\"index, follow, max-snippet:-1, max-image-preview:large, max-video-preview:-1\" \/>\n<link rel=\"canonical\" href=\"https:\/\/repliquemangacine.fr\/de\/schwerter-game-of-thrones\/game-of-thrones-epee-eddard-stark-version-hbo-tv\/\" \/>\n<meta property=\"og:locale\" content=\"de_DE\" \/>\n<meta property=\"og:type\" content=\"article\" \/>\n<meta property=\"og:title\" content=\"Ep\u00e9e Ned Stark - Ep\u00e9es Game of Thrones - Replique Manga Cine\" \/>\n<meta property=\"og:description\" content=\"Offrez-lui ! L&#039;Ep\u00e9e Ned Stark dans Game of Thrones au meilleur prix. Lame en acier 440 - Support bois - Longueur totale : 130 cm - Envoi 24\/48h\" \/>\n<meta property=\"og:url\" content=\"https:\/\/repliquemangacine.fr\/de\/schwerter-game-of-thrones\/game-of-thrones-epee-eddard-stark-version-hbo-tv\/\" \/>\n<meta property=\"og:site_name\" content=\"R\u00e9plique Manga Cin\u00e9\" \/>\n<meta property=\"article:publisher\" content=\"https:\/\/www.facebook.com\/RepliqueMangaCine\" \/>\n<meta property=\"article:modified_time\" content=\"2026-04-03T12:50:57+00:00\" \/>\n<meta property=\"og:image\" content=\"https:\/\/repliquemangacine.fr\/wp-content\/uploads\/2023\/10\/1219-Game-of-Thrones-Epee-Eddard-Stark-Version-HBO-TV.jpg\" \/>\n\t<meta property=\"og:image:width\" content=\"800\" \/>\n\t<meta property=\"og:image:height\" content=\"800\" \/>\n\t<meta property=\"og:image:type\" content=\"image\/jpeg\" \/>\n<meta name=\"twitter:card\" content=\"summary_large_image\" \/>\n<meta name=\"twitter:label1\" content=\"Gesch\u00e4tzte Lesezeit\" \/>\n\t<meta name=\"twitter:data1\" content=\"2\u00a0Minuten\" \/>\n<script type=\"application\/ld+json\" class=\"yoast-schema-graph\">{\"@context\":\"https:\\\/\\\/schema.org\",\"@graph\":[{\"@type\":\"WebPage\",\"@id\":\"https:\\\/\\\/repliquemangacine.fr\\\/epees-game-of-thrones\\\/game-of-thrones-epee-eddard-stark-version-hbo-tv\\\/\",\"url\":\"https:\\\/\\\/repliquemangacine.fr\\\/epees-game-of-thrones\\\/game-of-thrones-epee-eddard-stark-version-hbo-tv\\\/\",\"name\":\"Ep\u00e9e Ned Stark - Ep\u00e9es Game of Thrones - Replique Manga Cine\",\"isPartOf\":{\"@id\":\"https:\\\/\\\/repliquemangacine.fr\\\/#website\"},\"primaryImageOfPage\":{\"@id\":\"https:\\\/\\\/repliquemangacine.fr\\\/epees-game-of-thrones\\\/game-of-thrones-epee-eddard-stark-version-hbo-tv\\\/#primaryimage\"},\"image\":{\"@id\":\"https:\\\/\\\/repliquemangacine.fr\\\/epees-game-of-thrones\\\/game-of-thrones-epee-eddard-stark-version-hbo-tv\\\/#primaryimage\"},\"thumbnailUrl\":\"https:\\\/\\\/repliquemangacine.fr\\\/wp-content\\\/uploads\\\/2023\\\/10\\\/1219-Game-of-Thrones-Epee-Eddard-Stark-Version-HBO-TV.jpg\",\"datePublished\":\"2016-11-30T18:10:00+00:00\",\"dateModified\":\"2026-04-03T12:50:57+00:00\",\"description\":\"Offrez-lui ! L'Ep\u00e9e Ned Stark dans Game of Thrones au meilleur prix. Lame en acier 440 - Support bois - Longueur totale : 130 cm - Envoi 24\\\/48h\",\"breadcrumb\":{\"@id\":\"https:\\\/\\\/repliquemangacine.fr\\\/epees-game-of-thrones\\\/game-of-thrones-epee-eddard-stark-version-hbo-tv\\\/#breadcrumb\"},\"inLanguage\":\"de\",\"potentialAction\":[{\"@type\":\"ReadAction\",\"target\":[\"https:\\\/\\\/repliquemangacine.fr\\\/epees-game-of-thrones\\\/game-of-thrones-epee-eddard-stark-version-hbo-tv\\\/\"]}]},{\"@type\":\"ImageObject\",\"inLanguage\":\"de\",\"@id\":\"https:\\\/\\\/repliquemangacine.fr\\\/epees-game-of-thrones\\\/game-of-thrones-epee-eddard-stark-version-hbo-tv\\\/#primaryimage\",\"url\":\"https:\\\/\\\/repliquemangacine.fr\\\/wp-content\\\/uploads\\\/2023\\\/10\\\/1219-Game-of-Thrones-Epee-Eddard-Stark-Version-HBO-TV.jpg\",\"contentUrl\":\"https:\\\/\\\/repliquemangacine.fr\\\/wp-content\\\/uploads\\\/2023\\\/10\\\/1219-Game-of-Thrones-Epee-Eddard-Stark-Version-HBO-TV.jpg\",\"width\":800,\"height\":800,\"caption\":\"Game of Thrones - Ep\u00e9e Eddard Stark - Version HBO TV\"},{\"@type\":\"BreadcrumbList\",\"@id\":\"https:\\\/\\\/repliquemangacine.fr\\\/epees-game-of-thrones\\\/game-of-thrones-epee-eddard-stark-version-hbo-tv\\\/#breadcrumb\",\"itemListElement\":[{\"@type\":\"ListItem\",\"position\":1,\"name\":\"Accueil\",\"item\":\"https:\\\/\\\/repliquemangacine.fr\\\/\"},{\"@type\":\"ListItem\",\"position\":2,\"name\":\"Produits\",\"item\":\"https:\\\/\\\/repliquemangacine.fr\\\/boutique\\\/\"},{\"@type\":\"ListItem\",\"position\":3,\"name\":\"Ep\u00e9e Ned Stark Version HBO TV\"}]},{\"@type\":\"WebSite\",\"@id\":\"https:\\\/\\\/repliquemangacine.fr\\\/#website\",\"url\":\"https:\\\/\\\/repliquemangacine.fr\\\/\",\"name\":\"R\u00e9plique Manga Cin\u00e9\",\"description\":\"\",\"publisher\":{\"@id\":\"https:\\\/\\\/repliquemangacine.fr\\\/#organization\"},\"potentialAction\":[{\"@type\":\"SearchAction\",\"target\":{\"@type\":\"EntryPoint\",\"urlTemplate\":\"https:\\\/\\\/repliquemangacine.fr\\\/?s={search_term_string}\"},\"query-input\":{\"@type\":\"PropertyValueSpecification\",\"valueRequired\":true,\"valueName\":\"search_term_string\"}}],\"inLanguage\":\"de\"},{\"@type\":\"Organization\",\"@id\":\"https:\\\/\\\/repliquemangacine.fr\\\/#organization\",\"name\":\"R\u00e9plique Manga Cin\u00e9\",\"url\":\"https:\\\/\\\/repliquemangacine.fr\\\/\",\"logo\":{\"@type\":\"ImageObject\",\"inLanguage\":\"de\",\"@id\":\"https:\\\/\\\/repliquemangacine.fr\\\/#\\\/schema\\\/logo\\\/image\\\/\",\"url\":\"https:\\\/\\\/repliquemangacine.fr\\\/wp-content\\\/uploads\\\/2023\\\/10\\\/RMC-500250.png\",\"contentUrl\":\"https:\\\/\\\/repliquemangacine.fr\\\/wp-content\\\/uploads\\\/2023\\\/10\\\/RMC-500250.png\",\"width\":500,\"height\":250,\"caption\":\"R\u00e9plique Manga Cin\u00e9\"},\"image\":{\"@id\":\"https:\\\/\\\/repliquemangacine.fr\\\/#\\\/schema\\\/logo\\\/image\\\/\"},\"sameAs\":[\"https:\\\/\\\/www.facebook.com\\\/RepliqueMangaCine\",\"https:\\\/\\\/www.instagram.com\\\/repliquemangacine.fr\\\/\"]}]}<\/script>\n<!-- \/ Yoast SEO plugin. -->","yoast_head_json":{"title":"Ned Stark Schwert - Game of Thrones Schwerter - Manga Cine Replica","description":"Schenken Sie es ihm! Das Ned Stark Schwert aus Game of Thrones zum besten Preis. Klinge aus 440er Stahl - Holzunterlage - Gesamtl\u00e4nge: 130 cm - Versand 24\/48h","robots":{"index":"index","follow":"follow","max-snippet":"max-snippet:-1","max-image-preview":"max-image-preview:large","max-video-preview":"max-video-preview:-1"},"canonical":"https:\/\/repliquemangacine.fr\/de\/schwerter-game-of-thrones\/game-of-thrones-epee-eddard-stark-version-hbo-tv\/","og_locale":"de_DE","og_type":"article","og_title":"Ep\u00e9e Ned Stark - Ep\u00e9es Game of Thrones - Replique Manga Cine","og_description":"Offrez-lui ! L'Ep\u00e9e Ned Stark dans Game of Thrones au meilleur prix. Lame en acier 440 - Support bois - Longueur totale : 130 cm - Envoi 24\/48h","og_url":"https:\/\/repliquemangacine.fr\/de\/schwerter-game-of-thrones\/game-of-thrones-epee-eddard-stark-version-hbo-tv\/","og_site_name":"R\u00e9plique Manga Cin\u00e9","article_publisher":"https:\/\/www.facebook.com\/RepliqueMangaCine","article_modified_time":"2026-04-03T12:50:57+00:00","og_image":[{"width":800,"height":800,"url":"https:\/\/repliquemangacine.fr\/wp-content\/uploads\/2023\/10\/1219-Game-of-Thrones-Epee-Eddard-Stark-Version-HBO-TV.jpg","type":"image\/jpeg"}],"twitter_card":"summary_large_image","twitter_misc":{"Gesch\u00e4tzte Lesezeit":"2\u00a0Minuten"},"schema":{"@context":"https:\/\/schema.org","@graph":[{"@type":"WebPage","@id":"https:\/\/repliquemangacine.fr\/epees-game-of-thrones\/game-of-thrones-epee-eddard-stark-version-hbo-tv\/","url":"https:\/\/repliquemangacine.fr\/epees-game-of-thrones\/game-of-thrones-epee-eddard-stark-version-hbo-tv\/","name":"Ned Stark Schwert - Game of Thrones Schwerter - Manga Cine Replica","isPartOf":{"@id":"https:\/\/repliquemangacine.fr\/#website"},"primaryImageOfPage":{"@id":"https:\/\/repliquemangacine.fr\/epees-game-of-thrones\/game-of-thrones-epee-eddard-stark-version-hbo-tv\/#primaryimage"},"image":{"@id":"https:\/\/repliquemangacine.fr\/epees-game-of-thrones\/game-of-thrones-epee-eddard-stark-version-hbo-tv\/#primaryimage"},"thumbnailUrl":"https:\/\/repliquemangacine.fr\/wp-content\/uploads\/2023\/10\/1219-Game-of-Thrones-Epee-Eddard-Stark-Version-HBO-TV.jpg","datePublished":"2016-11-30T18:10:00+00:00","dateModified":"2026-04-03T12:50:57+00:00","description":"Schenken Sie es ihm! Das Ned Stark Schwert aus Game of Thrones zum besten Preis. Klinge aus 440er Stahl - Holzunterlage - Gesamtl\u00e4nge: 130 cm - Versand 24\/48h","breadcrumb":{"@id":"https:\/\/repliquemangacine.fr\/epees-game-of-thrones\/game-of-thrones-epee-eddard-stark-version-hbo-tv\/#breadcrumb"},"inLanguage":"de","potentialAction":[{"@type":"ReadAction","target":["https:\/\/repliquemangacine.fr\/epees-game-of-thrones\/game-of-thrones-epee-eddard-stark-version-hbo-tv\/"]}]},{"@type":"ImageObject","inLanguage":"de","@id":"https:\/\/repliquemangacine.fr\/epees-game-of-thrones\/game-of-thrones-epee-eddard-stark-version-hbo-tv\/#primaryimage","url":"https:\/\/repliquemangacine.fr\/wp-content\/uploads\/2023\/10\/1219-Game-of-Thrones-Epee-Eddard-Stark-Version-HBO-TV.jpg","contentUrl":"https:\/\/repliquemangacine.fr\/wp-content\/uploads\/2023\/10\/1219-Game-of-Thrones-Epee-Eddard-Stark-Version-HBO-TV.jpg","width":800,"height":800,"caption":"Game of Thrones - Ep\u00e9e Eddard Stark - Version HBO TV"},{"@type":"BreadcrumbList","@id":"https:\/\/repliquemangacine.fr\/epees-game-of-thrones\/game-of-thrones-epee-eddard-stark-version-hbo-tv\/#breadcrumb","itemListElement":[{"@type":"ListItem","position":1,"name":"Accueil","item":"https:\/\/repliquemangacine.fr\/"},{"@type":"ListItem","position":2,"name":"Produits","item":"https:\/\/repliquemangacine.fr\/boutique\/"},{"@type":"ListItem","position":3,"name":"Ep\u00e9e Ned Stark Version HBO TV"}]},{"@type":"WebSite","@id":"https:\/\/repliquemangacine.fr\/#website","url":"https:\/\/repliquemangacine.fr\/","name":"R\u00e9plique Manga Cin\u00e9","description":"","publisher":{"@id":"https:\/\/repliquemangacine.fr\/#organization"},"potentialAction":[{"@type":"SearchAction","target":{"@type":"EntryPoint","urlTemplate":"https:\/\/repliquemangacine.fr\/?s={search_term_string}"},"query-input":{"@type":"PropertyValueSpecification","valueRequired":true,"valueName":"search_term_string"}}],"inLanguage":"de"},{"@type":"Organization","@id":"https:\/\/repliquemangacine.fr\/#organization","name":"R\u00e9plique Manga Cin\u00e9","url":"https:\/\/repliquemangacine.fr\/","logo":{"@type":"ImageObject","inLanguage":"de","@id":"https:\/\/repliquemangacine.fr\/#\/schema\/logo\/image\/","url":"https:\/\/repliquemangacine.fr\/wp-content\/uploads\/2023\/10\/RMC-500250.png","contentUrl":"https:\/\/repliquemangacine.fr\/wp-content\/uploads\/2023\/10\/RMC-500250.png","width":500,"height":250,"caption":"R\u00e9plique Manga Cin\u00e9"},"image":{"@id":"https:\/\/repliquemangacine.fr\/#\/schema\/logo\/image\/"},"sameAs":["https:\/\/www.facebook.com\/RepliqueMangaCine","https:\/\/www.instagram.com\/repliquemangacine.fr\/"]}]}},"_links":{"self":[{"href":"https:\/\/repliquemangacine.fr\/de\/wp-json\/wp\/v2\/product\/26558","targetHints":{"allow":["GET"]}}],"collection":[{"href":"https:\/\/repliquemangacine.fr\/de\/wp-json\/wp\/v2\/product"}],"about":[{"href":"https:\/\/repliquemangacine.fr\/de\/wp-json\/wp\/v2\/types\/product"}],"wp:featuredmedia":[{"embeddable":true,"href":"https:\/\/repliquemangacine.fr\/de\/wp-json\/wp\/v2\/media\/26559"}],"wp:attachment":[{"href":"https:\/\/repliquemangacine.fr\/de\/wp-json\/wp\/v2\/media?parent=26558"}],"wp:term":[{"taxonomy":"product_brand","embeddable":true,"href":"https:\/\/repliquemangacine.fr\/de\/wp-json\/wp\/v2\/product_brand?post=26558"},{"taxonomy":"product_cat","embeddable":true,"href":"https:\/\/repliquemangacine.fr\/de\/wp-json\/wp\/v2\/product_cat?post=26558"},{"taxonomy":"product_tag","embeddable":true,"href":"https:\/\/repliquemangacine.fr\/de\/wp-json\/wp\/v2\/product_tag?post=26558"}],"curies":[{"name":"wp","href":"https:\/\/api.w.org\/{rel}","templated":true}]}}