





{"id":26544,"date":"2016-11-30T17:09:44","date_gmt":"2016-11-30T16:09:44","guid":{"rendered":"https:\/\/repliquemangacine.fr\/?post_type=product&#038;p=26544"},"modified":"2025-12-31T12:51:33","modified_gmt":"2025-12-31T11:51:33","slug":"schwert-jon-snow-schwert-grose-kralle-der-eiserne-thron","status":"publish","type":"product","link":"https:\/\/repliquemangacine.fr\/de\/epees-game-of-thrones\/epee-jon-snow-epee-grand-griffe-le-trone-de-fer\/","title":{"rendered":"Schwert Jon Snow Longclaw Version Roman"},"content":{"rendered":"<h2>Jon Snow Longclaw-Schwert in Game of Thrones.<\/h2>\n<p>Zu Beginn wird die<strong>Schwert Jon Snow <a href=\"https:\/\/gameofthrones.fandom.com\/wiki\/Longclaw\" target=\"_blank\" rel=\"noopener noreferrer\">Longclaw<\/a><\/strong> in seiner romanischen Version ist aus valyrischem Stahl, der dem Haus Mormont geh\u00f6rte.<\/p>\n<p>Wurde Jon in der ersten Staffel der Serie von Jeor Mormont geschenkt, nachdem Jon ihm das Leben vor einem Spectre gerettet hatte. Jon nahm ihn auf seinen Ausfl\u00fcgen hinter die Mauer \u00fcberall mit hin, unter anderem in die verschiedenen Schlachten \"Castle Black, Battle of the Bastards...\".<\/p>\n<p>Dieses Schwert rettet ihm bei seinem Duell mit einem Wanderer das Leben, da es nicht explodiert, wenn es mit der Eisklinge des Wei\u00dfen Wanderers in Ber\u00fchrung kommt. \u00dcberrascht t\u00f6tet Jon ihn, woraufhin der Walker explodiert. Gro\u00dfkralle wird zum offiziellen Schwert des Hauses Stark.<\/p>\n<h2>Ihr Jon Snow Longclaw Schwert zum besten Preis.<\/h2>\n<p>Wir bieten Ihnen alle Repliken der Schwerter Ihrer Lieblingshelden aus der Serie Game of Thrones.<\/p>\n<p>Zun\u00e4chst einmal,<\/p>\n<ul>\n<li>L'<a href=\"https:\/\/repliquemangacine.fr\/de\/schwerter-game-of-thrones\/fullnadel-arya-stark\/\">schwert nadel von arya<\/a> Stark, die ihm von Jon Snow gegeben wurde, Version mit Scheide.<\/li>\n<li>Aber auch die<a href=\"https:\/\/repliquemangacine.fr\/de\/game-of-thrones\/jon-snow-schwert-grose-kralle-game-of-thrones\/\">Schwert Gro\u00dfe Kralle<\/a> Serienversion.<\/li>\n<li>Existiert auch als Dolch.<\/li>\n<li>Und viele andere, die es in unserem Online-Shop zu entdecken gibt!<\/li>\n<\/ul>\n<p>Deshalb ist dies eine tolle Geschenkidee f\u00fcr Fans der Serie Game of Thrones.<\/p>\n<p>Abschlie\u00dfend k\u00f6nnen Sie den<strong>Schwert Jon Snow Longclaw<\/strong> f\u00fcr Ihre Cosplay-Modenschauen oder Themenabende. Vor allem aber ist es ein Sammler- und Dekorationsst\u00fcck.<\/p>\n<h2>Wie pflegt man die Klinge seines Game of Thrones-Schwerts?<\/h2>\n<p>Sammlungs- und Dekorationsschwerter werden in vereinfachter Form hergestellt und zusammengebaut. Da sie zu Dekorationszwecken verwendet werden, fehlen ihnen die Sicherheitselemente, die ein japanisches Schwert f\u00fcr Trainingszwecke aufweisen muss.<\/p>\n<p>Allerdings ist Ihr <strong>Schwert Jon Snow Longclaw<\/strong> zu einer Stahlklinge, die gepflegt werden muss, damit sie nicht mit der Zeit abgenutzt wird. Denn wenn du dein Katana ausstellst, werden deine Freunde neugierig sein, die Klinge zu sehen und sie zu ber\u00fchren. Hier ist Vorsicht geboten, denn Sie sollten wissen, dass die S\u00e4ure der Finger dem Stahl unabh\u00e4ngig von seiner Qualit\u00e4t sehr schadet.<\/p>\n<p>Wenn dies jedoch passiert, keine Panik, Sie brauchen nur ein Tuch, das mit etwas \u00d6l befeuchtet ist, und wischen die Fingerabdr\u00fccke ab. Wenn Sie dies tun, werden Sie Ihr Schwert sehr lange behalten.a<\/p>\n<p><strong>\u00a0<\/strong><\/p>\n<p>&nbsp;<\/p>","protected":false},"excerpt":{"rendered":"<p>Identische Replik des Grand-Griffe-Schwerts, wie im Roman definiert.<\/p>\n<ul>\n<li>Klinge aus rostfreiem Stahl.<\/li>\n<li>Vollstahl-Garde.<\/li>\n<li>Wolfskopf-Knauf aus Kunstharz.<\/li>\n<li>Griff aus Metall.<\/li>\n<li>Wandhalterung aus Holz.<\/li>\n<li>L\u00e4nge der Klinge: 83 cm - Gesamtl\u00e4nge: 110 cm<\/li>\n<\/ul>\n<p>&nbsp;<\/p>","protected":false},"featured_media":26545,"template":"","meta":[],"product_brand":[896],"product_cat":[84,72,24,47,43],"product_tag":[],"class_list":{"0":"post-26544","1":"product","2":"type-product","3":"status-publish","4":"has-post-thumbnail","6":"product_brand-replique-manga-cine","7":"product_cat-epee-templier-medievale","8":"product_cat-epees-game-of-thrones","9":"product_cat-films-series-tv-vente-de-katana-epee-et-produits-derives","10":"product_cat-game-of-thrones","11":"product_cat-reproductions-d-armes-et-accessoires-medievales","13":"first","14":"instock","15":"taxable","16":"shipping-taxable","17":"purchasable","18":"product-type-simple"},"yoast_head":"<!-- This site is optimized with the Yoast SEO plugin v27.4 - https:\/\/yoast.com\/product\/yoast-seo-wordpress\/ -->\n<title>Ep\u00e9e Jon Snow Longclaw - Ep\u00e9es Game of Thrones | RMC<\/title>\n<meta name=\"description\" content=\"Offrez-lui ! Cette Ep\u00e9e Jon Snow Longclaw du Tr\u00f4ne de fer au meilleur prix. Lame en acier 440 - Pommeau t\u00eate de loup - Support bois - Longueur : 110 cm\" \/>\n<meta name=\"robots\" content=\"index, follow, max-snippet:-1, max-image-preview:large, max-video-preview:-1\" \/>\n<link rel=\"canonical\" href=\"https:\/\/repliquemangacine.fr\/de\/schwerter-game-of-thrones\/schwert-jon-snow-schwert-grose-kralle-der-eiserne-thron\/\" \/>\n<meta property=\"og:locale\" content=\"de_DE\" \/>\n<meta property=\"og:type\" content=\"article\" \/>\n<meta property=\"og:title\" content=\"Ep\u00e9e Jon Snow Longclaw - Ep\u00e9es Game of Thrones | RMC\" \/>\n<meta property=\"og:description\" content=\"Offrez-lui ! Cette Ep\u00e9e Jon Snow Longclaw du Tr\u00f4ne de fer au meilleur prix. Lame en acier 440 - Pommeau t\u00eate de loup - Support bois - Longueur : 110 cm\" \/>\n<meta property=\"og:url\" content=\"https:\/\/repliquemangacine.fr\/de\/schwerter-game-of-thrones\/schwert-jon-snow-schwert-grose-kralle-der-eiserne-thron\/\" \/>\n<meta property=\"og:site_name\" content=\"R\u00e9plique Manga Cin\u00e9\" \/>\n<meta property=\"article:publisher\" content=\"https:\/\/www.facebook.com\/RepliqueMangaCine\" \/>\n<meta property=\"article:modified_time\" content=\"2025-12-31T11:51:33+00:00\" \/>\n<meta property=\"og:image\" content=\"https:\/\/repliquemangacine.fr\/wp-content\/uploads\/2023\/10\/1207-Epee-Jon-Snow-Epee-Grand-Griffe-le-Trone-de-Fer.jpg\" \/>\n\t<meta property=\"og:image:width\" content=\"800\" \/>\n\t<meta property=\"og:image:height\" content=\"800\" \/>\n\t<meta property=\"og:image:type\" content=\"image\/jpeg\" \/>\n<meta name=\"twitter:card\" content=\"summary_large_image\" \/>\n<meta name=\"twitter:label1\" content=\"Gesch\u00e4tzte Lesezeit\" \/>\n\t<meta name=\"twitter:data1\" content=\"3\u00a0Minuten\" \/>\n<script type=\"application\/ld+json\" class=\"yoast-schema-graph\">{\"@context\":\"https:\\\/\\\/schema.org\",\"@graph\":[{\"@type\":\"WebPage\",\"@id\":\"https:\\\/\\\/repliquemangacine.fr\\\/epees-game-of-thrones\\\/epee-jon-snow-epee-grand-griffe-le-trone-de-fer\\\/\",\"url\":\"https:\\\/\\\/repliquemangacine.fr\\\/epees-game-of-thrones\\\/epee-jon-snow-epee-grand-griffe-le-trone-de-fer\\\/\",\"name\":\"Ep\u00e9e Jon Snow Longclaw - Ep\u00e9es Game of Thrones | RMC\",\"isPartOf\":{\"@id\":\"https:\\\/\\\/repliquemangacine.fr\\\/#website\"},\"primaryImageOfPage\":{\"@id\":\"https:\\\/\\\/repliquemangacine.fr\\\/epees-game-of-thrones\\\/epee-jon-snow-epee-grand-griffe-le-trone-de-fer\\\/#primaryimage\"},\"image\":{\"@id\":\"https:\\\/\\\/repliquemangacine.fr\\\/epees-game-of-thrones\\\/epee-jon-snow-epee-grand-griffe-le-trone-de-fer\\\/#primaryimage\"},\"thumbnailUrl\":\"https:\\\/\\\/repliquemangacine.fr\\\/wp-content\\\/uploads\\\/2023\\\/10\\\/1207-Epee-Jon-Snow-Epee-Grand-Griffe-le-Trone-de-Fer.jpg\",\"datePublished\":\"2016-11-30T16:09:44+00:00\",\"dateModified\":\"2025-12-31T11:51:33+00:00\",\"description\":\"Offrez-lui ! Cette Ep\u00e9e Jon Snow Longclaw du Tr\u00f4ne de fer au meilleur prix. Lame en acier 440 - Pommeau t\u00eate de loup - Support bois - Longueur : 110 cm\",\"breadcrumb\":{\"@id\":\"https:\\\/\\\/repliquemangacine.fr\\\/epees-game-of-thrones\\\/epee-jon-snow-epee-grand-griffe-le-trone-de-fer\\\/#breadcrumb\"},\"inLanguage\":\"de\",\"potentialAction\":[{\"@type\":\"ReadAction\",\"target\":[\"https:\\\/\\\/repliquemangacine.fr\\\/epees-game-of-thrones\\\/epee-jon-snow-epee-grand-griffe-le-trone-de-fer\\\/\"]}]},{\"@type\":\"ImageObject\",\"inLanguage\":\"de\",\"@id\":\"https:\\\/\\\/repliquemangacine.fr\\\/epees-game-of-thrones\\\/epee-jon-snow-epee-grand-griffe-le-trone-de-fer\\\/#primaryimage\",\"url\":\"https:\\\/\\\/repliquemangacine.fr\\\/wp-content\\\/uploads\\\/2023\\\/10\\\/1207-Epee-Jon-Snow-Epee-Grand-Griffe-le-Trone-de-Fer.jpg\",\"contentUrl\":\"https:\\\/\\\/repliquemangacine.fr\\\/wp-content\\\/uploads\\\/2023\\\/10\\\/1207-Epee-Jon-Snow-Epee-Grand-Griffe-le-Trone-de-Fer.jpg\",\"width\":800,\"height\":800,\"caption\":\"Ep\u00e9e Jon Snow - Ep\u00e9e Grand-Griffe - le Tr\u00f4ne de Fer\"},{\"@type\":\"BreadcrumbList\",\"@id\":\"https:\\\/\\\/repliquemangacine.fr\\\/epees-game-of-thrones\\\/epee-jon-snow-epee-grand-griffe-le-trone-de-fer\\\/#breadcrumb\",\"itemListElement\":[{\"@type\":\"ListItem\",\"position\":1,\"name\":\"Accueil\",\"item\":\"https:\\\/\\\/repliquemangacine.fr\\\/\"},{\"@type\":\"ListItem\",\"position\":2,\"name\":\"Produits\",\"item\":\"https:\\\/\\\/repliquemangacine.fr\\\/boutique\\\/\"},{\"@type\":\"ListItem\",\"position\":3,\"name\":\"Ep\u00e9e Jon Snow Longclaw Version Roman\"}]},{\"@type\":\"WebSite\",\"@id\":\"https:\\\/\\\/repliquemangacine.fr\\\/#website\",\"url\":\"https:\\\/\\\/repliquemangacine.fr\\\/\",\"name\":\"R\u00e9plique Manga Cin\u00e9\",\"description\":\"\",\"publisher\":{\"@id\":\"https:\\\/\\\/repliquemangacine.fr\\\/#organization\"},\"potentialAction\":[{\"@type\":\"SearchAction\",\"target\":{\"@type\":\"EntryPoint\",\"urlTemplate\":\"https:\\\/\\\/repliquemangacine.fr\\\/?s={search_term_string}\"},\"query-input\":{\"@type\":\"PropertyValueSpecification\",\"valueRequired\":true,\"valueName\":\"search_term_string\"}}],\"inLanguage\":\"de\"},{\"@type\":\"Organization\",\"@id\":\"https:\\\/\\\/repliquemangacine.fr\\\/#organization\",\"name\":\"R\u00e9plique Manga Cin\u00e9\",\"url\":\"https:\\\/\\\/repliquemangacine.fr\\\/\",\"logo\":{\"@type\":\"ImageObject\",\"inLanguage\":\"de\",\"@id\":\"https:\\\/\\\/repliquemangacine.fr\\\/#\\\/schema\\\/logo\\\/image\\\/\",\"url\":\"https:\\\/\\\/repliquemangacine.fr\\\/wp-content\\\/uploads\\\/2023\\\/10\\\/RMC-500250.png\",\"contentUrl\":\"https:\\\/\\\/repliquemangacine.fr\\\/wp-content\\\/uploads\\\/2023\\\/10\\\/RMC-500250.png\",\"width\":500,\"height\":250,\"caption\":\"R\u00e9plique Manga Cin\u00e9\"},\"image\":{\"@id\":\"https:\\\/\\\/repliquemangacine.fr\\\/#\\\/schema\\\/logo\\\/image\\\/\"},\"sameAs\":[\"https:\\\/\\\/www.facebook.com\\\/RepliqueMangaCine\",\"https:\\\/\\\/www.instagram.com\\\/repliquemangacine.fr\\\/\"]}]}<\/script>\n<!-- \/ Yoast SEO plugin. -->","yoast_head_json":{"title":"Jon Snow Longclaw Schwert - Game of Thrones Schwerter | RMC","description":"Schenken Sie es ihm! Dieses Jon Snow Longclaw-Schwert aus Der Eiserne Thron zum besten Preis. Klinge aus 440er Stahl - Wolfskopfknauf - Holzst\u00e4nder - L\u00e4nge: 110 cm","robots":{"index":"index","follow":"follow","max-snippet":"max-snippet:-1","max-image-preview":"max-image-preview:large","max-video-preview":"max-video-preview:-1"},"canonical":"https:\/\/repliquemangacine.fr\/de\/schwerter-game-of-thrones\/schwert-jon-snow-schwert-grose-kralle-der-eiserne-thron\/","og_locale":"de_DE","og_type":"article","og_title":"Ep\u00e9e Jon Snow Longclaw - Ep\u00e9es Game of Thrones | RMC","og_description":"Offrez-lui ! Cette Ep\u00e9e Jon Snow Longclaw du Tr\u00f4ne de fer au meilleur prix. Lame en acier 440 - Pommeau t\u00eate de loup - Support bois - Longueur : 110 cm","og_url":"https:\/\/repliquemangacine.fr\/de\/schwerter-game-of-thrones\/schwert-jon-snow-schwert-grose-kralle-der-eiserne-thron\/","og_site_name":"R\u00e9plique Manga Cin\u00e9","article_publisher":"https:\/\/www.facebook.com\/RepliqueMangaCine","article_modified_time":"2025-12-31T11:51:33+00:00","og_image":[{"width":800,"height":800,"url":"https:\/\/repliquemangacine.fr\/wp-content\/uploads\/2023\/10\/1207-Epee-Jon-Snow-Epee-Grand-Griffe-le-Trone-de-Fer.jpg","type":"image\/jpeg"}],"twitter_card":"summary_large_image","twitter_misc":{"Gesch\u00e4tzte Lesezeit":"3\u00a0Minuten"},"schema":{"@context":"https:\/\/schema.org","@graph":[{"@type":"WebPage","@id":"https:\/\/repliquemangacine.fr\/epees-game-of-thrones\/epee-jon-snow-epee-grand-griffe-le-trone-de-fer\/","url":"https:\/\/repliquemangacine.fr\/epees-game-of-thrones\/epee-jon-snow-epee-grand-griffe-le-trone-de-fer\/","name":"Jon Snow Longclaw Schwert - Game of Thrones Schwerter | RMC","isPartOf":{"@id":"https:\/\/repliquemangacine.fr\/#website"},"primaryImageOfPage":{"@id":"https:\/\/repliquemangacine.fr\/epees-game-of-thrones\/epee-jon-snow-epee-grand-griffe-le-trone-de-fer\/#primaryimage"},"image":{"@id":"https:\/\/repliquemangacine.fr\/epees-game-of-thrones\/epee-jon-snow-epee-grand-griffe-le-trone-de-fer\/#primaryimage"},"thumbnailUrl":"https:\/\/repliquemangacine.fr\/wp-content\/uploads\/2023\/10\/1207-Epee-Jon-Snow-Epee-Grand-Griffe-le-Trone-de-Fer.jpg","datePublished":"2016-11-30T16:09:44+00:00","dateModified":"2025-12-31T11:51:33+00:00","description":"Schenken Sie es ihm! Dieses Jon Snow Longclaw-Schwert aus Der Eiserne Thron zum besten Preis. Klinge aus 440er Stahl - Wolfskopfknauf - Holzst\u00e4nder - L\u00e4nge: 110 cm","breadcrumb":{"@id":"https:\/\/repliquemangacine.fr\/epees-game-of-thrones\/epee-jon-snow-epee-grand-griffe-le-trone-de-fer\/#breadcrumb"},"inLanguage":"de","potentialAction":[{"@type":"ReadAction","target":["https:\/\/repliquemangacine.fr\/epees-game-of-thrones\/epee-jon-snow-epee-grand-griffe-le-trone-de-fer\/"]}]},{"@type":"ImageObject","inLanguage":"de","@id":"https:\/\/repliquemangacine.fr\/epees-game-of-thrones\/epee-jon-snow-epee-grand-griffe-le-trone-de-fer\/#primaryimage","url":"https:\/\/repliquemangacine.fr\/wp-content\/uploads\/2023\/10\/1207-Epee-Jon-Snow-Epee-Grand-Griffe-le-Trone-de-Fer.jpg","contentUrl":"https:\/\/repliquemangacine.fr\/wp-content\/uploads\/2023\/10\/1207-Epee-Jon-Snow-Epee-Grand-Griffe-le-Trone-de-Fer.jpg","width":800,"height":800,"caption":"Ep\u00e9e Jon Snow - Ep\u00e9e Grand-Griffe - le Tr\u00f4ne de Fer"},{"@type":"BreadcrumbList","@id":"https:\/\/repliquemangacine.fr\/epees-game-of-thrones\/epee-jon-snow-epee-grand-griffe-le-trone-de-fer\/#breadcrumb","itemListElement":[{"@type":"ListItem","position":1,"name":"Accueil","item":"https:\/\/repliquemangacine.fr\/"},{"@type":"ListItem","position":2,"name":"Produits","item":"https:\/\/repliquemangacine.fr\/boutique\/"},{"@type":"ListItem","position":3,"name":"Ep\u00e9e Jon Snow Longclaw Version Roman"}]},{"@type":"WebSite","@id":"https:\/\/repliquemangacine.fr\/#website","url":"https:\/\/repliquemangacine.fr\/","name":"R\u00e9plique Manga Cin\u00e9","description":"","publisher":{"@id":"https:\/\/repliquemangacine.fr\/#organization"},"potentialAction":[{"@type":"SearchAction","target":{"@type":"EntryPoint","urlTemplate":"https:\/\/repliquemangacine.fr\/?s={search_term_string}"},"query-input":{"@type":"PropertyValueSpecification","valueRequired":true,"valueName":"search_term_string"}}],"inLanguage":"de"},{"@type":"Organization","@id":"https:\/\/repliquemangacine.fr\/#organization","name":"R\u00e9plique Manga Cin\u00e9","url":"https:\/\/repliquemangacine.fr\/","logo":{"@type":"ImageObject","inLanguage":"de","@id":"https:\/\/repliquemangacine.fr\/#\/schema\/logo\/image\/","url":"https:\/\/repliquemangacine.fr\/wp-content\/uploads\/2023\/10\/RMC-500250.png","contentUrl":"https:\/\/repliquemangacine.fr\/wp-content\/uploads\/2023\/10\/RMC-500250.png","width":500,"height":250,"caption":"R\u00e9plique Manga Cin\u00e9"},"image":{"@id":"https:\/\/repliquemangacine.fr\/#\/schema\/logo\/image\/"},"sameAs":["https:\/\/www.facebook.com\/RepliqueMangaCine","https:\/\/www.instagram.com\/repliquemangacine.fr\/"]}]}},"_links":{"self":[{"href":"https:\/\/repliquemangacine.fr\/de\/wp-json\/wp\/v2\/product\/26544","targetHints":{"allow":["GET"]}}],"collection":[{"href":"https:\/\/repliquemangacine.fr\/de\/wp-json\/wp\/v2\/product"}],"about":[{"href":"https:\/\/repliquemangacine.fr\/de\/wp-json\/wp\/v2\/types\/product"}],"wp:featuredmedia":[{"embeddable":true,"href":"https:\/\/repliquemangacine.fr\/de\/wp-json\/wp\/v2\/media\/26545"}],"wp:attachment":[{"href":"https:\/\/repliquemangacine.fr\/de\/wp-json\/wp\/v2\/media?parent=26544"}],"wp:term":[{"taxonomy":"product_brand","embeddable":true,"href":"https:\/\/repliquemangacine.fr\/de\/wp-json\/wp\/v2\/product_brand?post=26544"},{"taxonomy":"product_cat","embeddable":true,"href":"https:\/\/repliquemangacine.fr\/de\/wp-json\/wp\/v2\/product_cat?post=26544"},{"taxonomy":"product_tag","embeddable":true,"href":"https:\/\/repliquemangacine.fr\/de\/wp-json\/wp\/v2\/product_tag?post=26544"}],"curies":[{"name":"wp","href":"https:\/\/api.w.org\/{rel}","templated":true}]}}