





{"id":26522,"date":"2016-11-28T09:12:18","date_gmt":"2016-11-28T08:12:18","guid":{"rendered":"https:\/\/repliquemangacine.fr\/?post_type=product&#038;p=26522"},"modified":"2025-12-12T19:47:54","modified_gmt":"2025-12-12T18:47:54","slug":"sabel-feuerzeug-infanterie-napoleonischen-1-empire","status":"publish","type":"product","link":"https:\/\/repliquemangacine.fr\/de\/sabres-1er-empire\/sabre-briquet-d-infanterie-napoleonienne-1er-empire\/","title":{"rendered":"Sabre Briquet d'infanterie - Napoleon-S\u00e4bel"},"content":{"rendered":"<h2>Sabre Briquet d'infanterie Napol\u00e9onienne mod\u00e8le AN XI.<\/h2>\n<p>Zu Beginn wird der <strong>Sabre Briquet der Napoleonischen Infanterie<\/strong>Die meisten Kavallerie- und Infanterieoffiziere sowie Marineoffiziere verwenden dieses Kleidungsst\u00fcck, das zum Schneiden gedacht ist.<\/p>\n<p>Die napoleonische Infanterie war mit einem kurzen S\u00e4bel ausger\u00fcstet, der neben dem Bajonett am Schulterriemen getragen wurde. Im Jahr 1806 nahm dieser S\u00e4bel offiziell den Spitznamen \"Feuerzeug\" an, den ihm die Reiter sp\u00f6ttisch gegeben hatten.<\/p>\n<p>Dieser Infanteries\u00e4bel, genannt Briquet, ist ein Modell aus dem Jahr XI mit einer 60 cm langen, flachen, gebogenen Klinge und einem abgerundeten, einarmigen Messingb\u00fcgel mit 28 Rillen.<\/p>\n<p>Wurde zwischen dem Ersten Kaiserreich und der Herrschaft von Louis-Philippe in Hunderttausenden von Exemplaren hergestellt.<\/p>\n<p>Die <a href=\"https:\/\/www.histoire-pour-tous.fr\/histoire-de-france\/4915-les-sabres-briquets-francais.html\" target=\"_blank\" rel=\"noopener noreferrer\">S\u00e4bel Feuerzeug<\/a> Modell AN XI wird dann der letzte Infanteries\u00e4bel mit gebogener Klinge sein.<\/p>\n<h2>Ihr Sabre Briquet d'infanterie Napol\u00e9onienne zum besten Preis.<\/h2>\n<p>Wir bieten Ihnen eine gro\u00dfe Auswahl an Reproduktionen historischer Waffen.<\/p>\n<p>Zun\u00e4chst einmal,<\/p>\n<ul>\n<li>Die <a href=\"https:\/\/repliquemangacine.fr\/de\/antike-pistole\/pistole-napoleon-gribeauval-1806\/\">Steinschlosspistole Napoleon<\/a> mit dem Emblem des N und seiner Kaiserkrone.<\/li>\n<li>Sowie die<a href=\"https:\/\/repliquemangacine.fr\/de\/sabel-1-empire\/napoleonisches-zeremonialschwert\/\">napoleonisches Zeremonialschwert<\/a> mit seinem ber\u00fchmten Adlersymbol.<\/li>\n<li>Es gibt auch dieses sch\u00f6ne Set aus zwei M\u00fcnzen in Form einer Lilie.<\/li>\n<li>Und viele andere, die es in unserem Online-Shop zu entdecken gibt!<\/li>\n<\/ul>\n<p>Deshalb sind hier tolle Geschenkideen f\u00fcr Geschichtsinteressierte.<\/p>\n<p>Abschlie\u00dfend k\u00f6nnen Sie auch diesen <strong>Sabre Briquet der Napoleonischen Infanterie<\/strong> f\u00fcr Ihre historischen Nachstellungen. Vor allem aber ist dieser S\u00e4bel ein Sammler- und Dekorationsst\u00fcck.<\/p>\n<h2>Wie pflegt man die Klinge seines historischen Schwertes?<\/h2>\n<p>Sammlungs- und Dekorationsschwerter werden in vereinfachter Form hergestellt und zusammengebaut. Da sie zu Dekorationszwecken verwendet werden, fehlen ihnen die Sicherheitselemente, die ein japanisches Schwert f\u00fcr Trainingszwecke aufweisen muss.<\/p>\n<p>Allerdings ist Ihr <strong>Sabre Briquet der Napoleonischen Infanterie<\/strong> zu einer Stahlklinge, die gepflegt werden muss, damit sie nicht mit der Zeit abgenutzt wird. Denn wenn du dein Katana ausstellst, werden deine Freunde neugierig sein, die Klinge zu sehen und sie zu ber\u00fchren. Hier ist Vorsicht geboten, denn Sie sollten wissen, dass die S\u00e4ure der Finger dem Stahl unabh\u00e4ngig von seiner Qualit\u00e4t sehr schadet.<\/p>\n<p>Wenn dies jedoch passiert, keine Panik, Sie brauchen nur ein Tuch, das mit etwas \u00d6l befeuchtet ist, und wischen die Fingerabdr\u00fccke ab. Wenn Sie dies tun, werden Sie Ihr Schwert sehr lange behalten.<\/p>","protected":false},"excerpt":{"rendered":"<p>Reproduktion des S\u00e4bels, der f\u00fcr die Bewaffnung des franz\u00f6sischen Infanteristen Ende des 18. und Anfang des 19.<\/p>\n<ul>\n<li>Gebogene Stahlklinge mit Hohlkehle.<\/li>\n<li>Geriffelter Griff aus Messing.<\/li>\n<li>Mit Leder \u00fcberzogene Holzscheide mit Messingkappe.<\/li>\n<li>Ma\u00dfe: 77 cm - Gewicht: 1385 Gramm<\/li>\n<\/ul>","protected":false},"featured_media":26523,"template":"","meta":[],"product_brand":[896],"product_cat":[25,37,833,74],"product_tag":[],"class_list":{"0":"post-26522","1":"product","2":"type-product","3":"status-publish","4":"has-post-thumbnail","6":"product_brand-replique-manga-cine","7":"product_cat-armes-historiques","8":"product_cat-premier-empire","9":"product_cat-repliques-darmes-napoleon","10":"product_cat-sabres-1er-empire","12":"first","13":"outofstock","14":"taxable","15":"shipping-taxable","16":"purchasable","17":"product-type-simple"},"yoast_head":"<!-- This site is optimized with the Yoast SEO plugin v27.5 - https:\/\/yoast.com\/product\/yoast-seo-wordpress\/ -->\n<title>Sabre Briquet d&#039;infanterie Napol\u00e9onienne - \u00c9p\u00e9e 1er Empire | RMC<\/title>\n<meta name=\"description\" content=\"Commandez vite ! Le c\u00e9l\u00e8bre Sabre Briquet d&#039;infanterie napol\u00e9onienne au meilleur prix - Lame acier - Poign\u00e9e laiton - Longueur : 77 cm - Envoi 24\/48h\" \/>\n<meta name=\"robots\" content=\"index, follow, max-snippet:-1, max-image-preview:large, max-video-preview:-1\" \/>\n<link rel=\"canonical\" href=\"https:\/\/repliquemangacine.fr\/de\/repliken-darmen-napoleon\/sabel-feuerzeug-infanterie-napoleonischen-1-empire\/\" \/>\n<meta property=\"og:locale\" content=\"de_DE\" \/>\n<meta property=\"og:type\" content=\"article\" \/>\n<meta property=\"og:title\" content=\"Sabre Briquet d&#039;infanterie Napol\u00e9onienne - \u00c9p\u00e9e 1er Empire | RMC\" \/>\n<meta property=\"og:description\" content=\"Commandez vite ! Le c\u00e9l\u00e8bre Sabre Briquet d&#039;infanterie napol\u00e9onienne au meilleur prix - Lame acier - Poign\u00e9e laiton - Longueur : 77 cm - Envoi 24\/48h\" \/>\n<meta property=\"og:url\" content=\"https:\/\/repliquemangacine.fr\/de\/repliken-darmen-napoleon\/sabel-feuerzeug-infanterie-napoleonischen-1-empire\/\" \/>\n<meta property=\"og:site_name\" content=\"R\u00e9plique Manga Cin\u00e9\" \/>\n<meta property=\"article:publisher\" content=\"https:\/\/www.facebook.com\/RepliqueMangaCine\" \/>\n<meta property=\"article:modified_time\" content=\"2025-12-12T18:47:54+00:00\" \/>\n<meta property=\"og:image\" content=\"https:\/\/repliquemangacine.fr\/wp-content\/uploads\/2023\/10\/1681-Sabre-Briquet-dinfanterie-Sabre-Napoleon.jpg\" \/>\n\t<meta property=\"og:image:width\" content=\"600\" \/>\n\t<meta property=\"og:image:height\" content=\"600\" \/>\n\t<meta property=\"og:image:type\" content=\"image\/jpeg\" \/>\n<meta name=\"twitter:card\" content=\"summary_large_image\" \/>\n<meta name=\"twitter:label1\" content=\"Gesch\u00e4tzte Lesezeit\" \/>\n\t<meta name=\"twitter:data1\" content=\"3\u00a0Minuten\" \/>\n<script type=\"application\/ld+json\" class=\"yoast-schema-graph\">{\"@context\":\"https:\\\/\\\/schema.org\",\"@graph\":[{\"@type\":\"WebPage\",\"@id\":\"https:\\\/\\\/repliquemangacine.fr\\\/repliques-darmes-napoleon\\\/sabre-briquet-d-infanterie-napoleonienne-1er-empire\\\/\",\"url\":\"https:\\\/\\\/repliquemangacine.fr\\\/repliques-darmes-napoleon\\\/sabre-briquet-d-infanterie-napoleonienne-1er-empire\\\/\",\"name\":\"Sabre Briquet d'infanterie Napol\u00e9onienne - \u00c9p\u00e9e 1er Empire | RMC\",\"isPartOf\":{\"@id\":\"https:\\\/\\\/repliquemangacine.fr\\\/#website\"},\"primaryImageOfPage\":{\"@id\":\"https:\\\/\\\/repliquemangacine.fr\\\/repliques-darmes-napoleon\\\/sabre-briquet-d-infanterie-napoleonienne-1er-empire\\\/#primaryimage\"},\"image\":{\"@id\":\"https:\\\/\\\/repliquemangacine.fr\\\/repliques-darmes-napoleon\\\/sabre-briquet-d-infanterie-napoleonienne-1er-empire\\\/#primaryimage\"},\"thumbnailUrl\":\"https:\\\/\\\/repliquemangacine.fr\\\/wp-content\\\/uploads\\\/2023\\\/10\\\/1681-Sabre-Briquet-dinfanterie-Sabre-Napoleon.jpg\",\"datePublished\":\"2016-11-28T08:12:18+00:00\",\"dateModified\":\"2025-12-12T18:47:54+00:00\",\"description\":\"Commandez vite ! Le c\u00e9l\u00e8bre Sabre Briquet d'infanterie napol\u00e9onienne au meilleur prix - Lame acier - Poign\u00e9e laiton - Longueur : 77 cm - Envoi 24\\\/48h\",\"breadcrumb\":{\"@id\":\"https:\\\/\\\/repliquemangacine.fr\\\/repliques-darmes-napoleon\\\/sabre-briquet-d-infanterie-napoleonienne-1er-empire\\\/#breadcrumb\"},\"inLanguage\":\"de\",\"potentialAction\":[{\"@type\":\"ReadAction\",\"target\":[\"https:\\\/\\\/repliquemangacine.fr\\\/repliques-darmes-napoleon\\\/sabre-briquet-d-infanterie-napoleonienne-1er-empire\\\/\"]}]},{\"@type\":\"ImageObject\",\"inLanguage\":\"de\",\"@id\":\"https:\\\/\\\/repliquemangacine.fr\\\/repliques-darmes-napoleon\\\/sabre-briquet-d-infanterie-napoleonienne-1er-empire\\\/#primaryimage\",\"url\":\"https:\\\/\\\/repliquemangacine.fr\\\/wp-content\\\/uploads\\\/2023\\\/10\\\/1681-Sabre-Briquet-dinfanterie-Sabre-Napoleon.jpg\",\"contentUrl\":\"https:\\\/\\\/repliquemangacine.fr\\\/wp-content\\\/uploads\\\/2023\\\/10\\\/1681-Sabre-Briquet-dinfanterie-Sabre-Napoleon.jpg\",\"width\":600,\"height\":600,\"caption\":\"Sabre Briquet d'infanterie - Sabre Napol\u00e9on\"},{\"@type\":\"BreadcrumbList\",\"@id\":\"https:\\\/\\\/repliquemangacine.fr\\\/repliques-darmes-napoleon\\\/sabre-briquet-d-infanterie-napoleonienne-1er-empire\\\/#breadcrumb\",\"itemListElement\":[{\"@type\":\"ListItem\",\"position\":1,\"name\":\"Accueil\",\"item\":\"https:\\\/\\\/repliquemangacine.fr\\\/\"},{\"@type\":\"ListItem\",\"position\":2,\"name\":\"Produits\",\"item\":\"https:\\\/\\\/repliquemangacine.fr\\\/boutique\\\/\"},{\"@type\":\"ListItem\",\"position\":3,\"name\":\"Sabre Briquet d&#8217;infanterie &#8211; Sabre Napol\u00e9on\"}]},{\"@type\":\"WebSite\",\"@id\":\"https:\\\/\\\/repliquemangacine.fr\\\/#website\",\"url\":\"https:\\\/\\\/repliquemangacine.fr\\\/\",\"name\":\"R\u00e9plique Manga Cin\u00e9\",\"description\":\"\",\"publisher\":{\"@id\":\"https:\\\/\\\/repliquemangacine.fr\\\/#organization\"},\"potentialAction\":[{\"@type\":\"SearchAction\",\"target\":{\"@type\":\"EntryPoint\",\"urlTemplate\":\"https:\\\/\\\/repliquemangacine.fr\\\/?s={search_term_string}\"},\"query-input\":{\"@type\":\"PropertyValueSpecification\",\"valueRequired\":true,\"valueName\":\"search_term_string\"}}],\"inLanguage\":\"de\"},{\"@type\":\"Organization\",\"@id\":\"https:\\\/\\\/repliquemangacine.fr\\\/#organization\",\"name\":\"R\u00e9plique Manga Cin\u00e9\",\"url\":\"https:\\\/\\\/repliquemangacine.fr\\\/\",\"logo\":{\"@type\":\"ImageObject\",\"inLanguage\":\"de\",\"@id\":\"https:\\\/\\\/repliquemangacine.fr\\\/#\\\/schema\\\/logo\\\/image\\\/\",\"url\":\"https:\\\/\\\/repliquemangacine.fr\\\/wp-content\\\/uploads\\\/2023\\\/10\\\/RMC-500250.png\",\"contentUrl\":\"https:\\\/\\\/repliquemangacine.fr\\\/wp-content\\\/uploads\\\/2023\\\/10\\\/RMC-500250.png\",\"width\":500,\"height\":250,\"caption\":\"R\u00e9plique Manga Cin\u00e9\"},\"image\":{\"@id\":\"https:\\\/\\\/repliquemangacine.fr\\\/#\\\/schema\\\/logo\\\/image\\\/\"},\"sameAs\":[\"https:\\\/\\\/www.facebook.com\\\/RepliqueMangaCine\",\"https:\\\/\\\/www.instagram.com\\\/repliquemangacine.fr\\\/\"]}]}<\/script>\n<!-- \/ Yoast SEO plugin. -->","yoast_head_json":{"title":"Sabre Briquet d'infanterie Napol\u00e9onienne - Schwert 1. Empire | RMC","description":"Bestellen Sie schnell! Der ber\u00fchmte Sabre Briquet d'infanterie napol\u00e9onienne zum besten Preis - Klinge aus Stahl - Griff aus Messing - L\u00e4nge: 77 cm - Versand 24\/48h","robots":{"index":"index","follow":"follow","max-snippet":"max-snippet:-1","max-image-preview":"max-image-preview:large","max-video-preview":"max-video-preview:-1"},"canonical":"https:\/\/repliquemangacine.fr\/de\/repliken-darmen-napoleon\/sabel-feuerzeug-infanterie-napoleonischen-1-empire\/","og_locale":"de_DE","og_type":"article","og_title":"Sabre Briquet d'infanterie Napol\u00e9onienne - \u00c9p\u00e9e 1er Empire | RMC","og_description":"Commandez vite ! Le c\u00e9l\u00e8bre Sabre Briquet d'infanterie napol\u00e9onienne au meilleur prix - Lame acier - Poign\u00e9e laiton - Longueur : 77 cm - Envoi 24\/48h","og_url":"https:\/\/repliquemangacine.fr\/de\/repliken-darmen-napoleon\/sabel-feuerzeug-infanterie-napoleonischen-1-empire\/","og_site_name":"R\u00e9plique Manga Cin\u00e9","article_publisher":"https:\/\/www.facebook.com\/RepliqueMangaCine","article_modified_time":"2025-12-12T18:47:54+00:00","og_image":[{"width":600,"height":600,"url":"https:\/\/repliquemangacine.fr\/wp-content\/uploads\/2023\/10\/1681-Sabre-Briquet-dinfanterie-Sabre-Napoleon.jpg","type":"image\/jpeg"}],"twitter_card":"summary_large_image","twitter_misc":{"Gesch\u00e4tzte Lesezeit":"3\u00a0Minuten"},"schema":{"@context":"https:\/\/schema.org","@graph":[{"@type":"WebPage","@id":"https:\/\/repliquemangacine.fr\/repliques-darmes-napoleon\/sabre-briquet-d-infanterie-napoleonienne-1er-empire\/","url":"https:\/\/repliquemangacine.fr\/repliques-darmes-napoleon\/sabre-briquet-d-infanterie-napoleonienne-1er-empire\/","name":"Sabre Briquet d'infanterie Napol\u00e9onienne - Schwert 1. Empire | RMC","isPartOf":{"@id":"https:\/\/repliquemangacine.fr\/#website"},"primaryImageOfPage":{"@id":"https:\/\/repliquemangacine.fr\/repliques-darmes-napoleon\/sabre-briquet-d-infanterie-napoleonienne-1er-empire\/#primaryimage"},"image":{"@id":"https:\/\/repliquemangacine.fr\/repliques-darmes-napoleon\/sabre-briquet-d-infanterie-napoleonienne-1er-empire\/#primaryimage"},"thumbnailUrl":"https:\/\/repliquemangacine.fr\/wp-content\/uploads\/2023\/10\/1681-Sabre-Briquet-dinfanterie-Sabre-Napoleon.jpg","datePublished":"2016-11-28T08:12:18+00:00","dateModified":"2025-12-12T18:47:54+00:00","description":"Bestellen Sie schnell! Der ber\u00fchmte Sabre Briquet d'infanterie napol\u00e9onienne zum besten Preis - Klinge aus Stahl - Griff aus Messing - L\u00e4nge: 77 cm - Versand 24\/48h","breadcrumb":{"@id":"https:\/\/repliquemangacine.fr\/repliques-darmes-napoleon\/sabre-briquet-d-infanterie-napoleonienne-1er-empire\/#breadcrumb"},"inLanguage":"de","potentialAction":[{"@type":"ReadAction","target":["https:\/\/repliquemangacine.fr\/repliques-darmes-napoleon\/sabre-briquet-d-infanterie-napoleonienne-1er-empire\/"]}]},{"@type":"ImageObject","inLanguage":"de","@id":"https:\/\/repliquemangacine.fr\/repliques-darmes-napoleon\/sabre-briquet-d-infanterie-napoleonienne-1er-empire\/#primaryimage","url":"https:\/\/repliquemangacine.fr\/wp-content\/uploads\/2023\/10\/1681-Sabre-Briquet-dinfanterie-Sabre-Napoleon.jpg","contentUrl":"https:\/\/repliquemangacine.fr\/wp-content\/uploads\/2023\/10\/1681-Sabre-Briquet-dinfanterie-Sabre-Napoleon.jpg","width":600,"height":600,"caption":"Sabre Briquet d'infanterie - Sabre Napol\u00e9on"},{"@type":"BreadcrumbList","@id":"https:\/\/repliquemangacine.fr\/repliques-darmes-napoleon\/sabre-briquet-d-infanterie-napoleonienne-1er-empire\/#breadcrumb","itemListElement":[{"@type":"ListItem","position":1,"name":"Accueil","item":"https:\/\/repliquemangacine.fr\/"},{"@type":"ListItem","position":2,"name":"Produits","item":"https:\/\/repliquemangacine.fr\/boutique\/"},{"@type":"ListItem","position":3,"name":"Sabre Briquet d&#8217;infanterie &#8211; Sabre Napol\u00e9on"}]},{"@type":"WebSite","@id":"https:\/\/repliquemangacine.fr\/#website","url":"https:\/\/repliquemangacine.fr\/","name":"R\u00e9plique Manga Cin\u00e9","description":"","publisher":{"@id":"https:\/\/repliquemangacine.fr\/#organization"},"potentialAction":[{"@type":"SearchAction","target":{"@type":"EntryPoint","urlTemplate":"https:\/\/repliquemangacine.fr\/?s={search_term_string}"},"query-input":{"@type":"PropertyValueSpecification","valueRequired":true,"valueName":"search_term_string"}}],"inLanguage":"de"},{"@type":"Organization","@id":"https:\/\/repliquemangacine.fr\/#organization","name":"R\u00e9plique Manga Cin\u00e9","url":"https:\/\/repliquemangacine.fr\/","logo":{"@type":"ImageObject","inLanguage":"de","@id":"https:\/\/repliquemangacine.fr\/#\/schema\/logo\/image\/","url":"https:\/\/repliquemangacine.fr\/wp-content\/uploads\/2023\/10\/RMC-500250.png","contentUrl":"https:\/\/repliquemangacine.fr\/wp-content\/uploads\/2023\/10\/RMC-500250.png","width":500,"height":250,"caption":"R\u00e9plique Manga Cin\u00e9"},"image":{"@id":"https:\/\/repliquemangacine.fr\/#\/schema\/logo\/image\/"},"sameAs":["https:\/\/www.facebook.com\/RepliqueMangaCine","https:\/\/www.instagram.com\/repliquemangacine.fr\/"]}]}},"_links":{"self":[{"href":"https:\/\/repliquemangacine.fr\/de\/wp-json\/wp\/v2\/product\/26522","targetHints":{"allow":["GET"]}}],"collection":[{"href":"https:\/\/repliquemangacine.fr\/de\/wp-json\/wp\/v2\/product"}],"about":[{"href":"https:\/\/repliquemangacine.fr\/de\/wp-json\/wp\/v2\/types\/product"}],"wp:featuredmedia":[{"embeddable":true,"href":"https:\/\/repliquemangacine.fr\/de\/wp-json\/wp\/v2\/media\/26523"}],"wp:attachment":[{"href":"https:\/\/repliquemangacine.fr\/de\/wp-json\/wp\/v2\/media?parent=26522"}],"wp:term":[{"taxonomy":"product_brand","embeddable":true,"href":"https:\/\/repliquemangacine.fr\/de\/wp-json\/wp\/v2\/product_brand?post=26522"},{"taxonomy":"product_cat","embeddable":true,"href":"https:\/\/repliquemangacine.fr\/de\/wp-json\/wp\/v2\/product_cat?post=26522"},{"taxonomy":"product_tag","embeddable":true,"href":"https:\/\/repliquemangacine.fr\/de\/wp-json\/wp\/v2\/product_tag?post=26522"}],"curies":[{"name":"wp","href":"https:\/\/api.w.org\/{rel}","templated":true}]}}