





{"id":26507,"date":"2016-11-26T16:37:25","date_gmt":"2016-11-26T15:37:25","guid":{"rendered":"https:\/\/repliquemangacine.fr\/?post_type=product&#038;p=26507"},"modified":"2026-04-17T16:10:24","modified_gmt":"2026-04-17T14:10:24","slug":"enterpiraten-sabel-sabel-topf-loffel","status":"publish","type":"product","link":"https:\/\/repliquemangacine.fr\/de\/katana-les-epees-de-films-et-series\/sabre-pirate-d-abordage-sabre-cuillere-a-pot\/","title":{"rendered":"Piratens\u00e4bel zum Entern 16. Jahrhundert"},"content":{"rendered":"<h2>Piratens\u00e4bel zum Entern 16\u1d49 Jahrhundert.<\/h2>\n<p>Zu Beginn wird der <strong>Piratens\u00e4bel zum Entern<\/strong> ist eine Blankwaffe, die in der Marine verwendet wird. Es handelt sich um eine Art Kurzs\u00e4bel mit einer dicken Klinge, der sowohl als Waffe als auch als Werkzeug (z. B. zum Durchtrennen von Tauen) dient. Wird auch als \"Pottl\u00f6ffel\" bezeichnet.<\/p>\n<p>Man nennt einen L\u00f6ffel einen Topfl\u00f6ffel. <a href=\"https:\/\/fr.wikipedia.org\/wiki\/Sabre_d'abordage\" target=\"_blank\" rel=\"noopener noreferrer\">Entermesser<\/a> Wurde w\u00e4hrend des Ersten Kaiserreichs von der franz\u00f6sischen Marine verwendet und war mit einer l\u00f6ffelf\u00f6rmigen Schale zum Schutz der Hand ausgestattet.<\/p>\n<p>In dieser Bedeutung taucht dieses Objekt im Ausdruck \u00aben deux coups de cuill\u00e8re \u00e0 pot\u00bb (mit zwei Schl\u00e4gen des L\u00f6ffels) auf, der \u00abschnell\u00bb, aber auch \u201cgewaltsam\u201d oder \u201cz\u00fcgig\u201d bedeutet und aus dem Jargon der Seeleute, Soldaten, Piraten und Freibeuter stammt, die diese Waffe benutzten.<\/p>\n<h2>Ihr Piratens\u00e4bel zum Entern zum besten Preis.<\/h2>\n<p>Wir bieten Ihnen eine gro\u00dfe Auswahl an Reproduktionen historischer Waffen.<\/p>\n<p>Zun\u00e4chst einmal,<\/p>\n<ul>\n<li>Die Reproduktion der <a href=\"https:\/\/repliquemangacine.fr\/de\/assassins-creed\/pistole-axt-piraten-18-jahrhundert\/\">Pistolenaxt<\/a> Piraten, der im Videospiel Assassin's Creed verwendet wird.<\/li>\n<li>Die Piratenpistole <a href=\"https:\/\/repliquemangacine.fr\/de\/andere-filme-und-serien\/piratenpistole-spark-gun-18-jahrhundert\/\">Spark Gun<\/a>Jahrhundert eine der am h\u00e4ufigsten verwendeten Schusswaffen von Piraten.<\/li>\n<li>Denix \u00fcberrascht uns erneut mit dieser kleinen <a href=\"https:\/\/repliquemangacine.fr\/de\/piratenwaffen\/bourse-de-pirates-avec-monnaie\/\">Piratenb\u00f6rse<\/a> komplett aus Leder mit Piratenlogo.<\/li>\n<li>Und noch viel mehr gibt es in unserem Online-Shop zu entdecken!<\/li>\n<\/ul>\n<p>Deshalb ist dies eine gro\u00dfartige Geschenkidee f\u00fcr alle Liebhaber historischer Waffen.<\/p>\n<p>Abschlie\u00dfend k\u00f6nnen Sie diesen <strong>Piratens\u00e4bel zum Entern<\/strong> f\u00fcr Ihre historischen Rekonstruktionen und Kulissen. Vor allem aber ist diese Waffe ein Sammler- und Dekorationsst\u00fcck.<\/p>\n<h2>Wie pflegt man die Klinge seines Schwertes?<\/h2>\n<p>Sammlungs- und Dekorationsschwerter werden in vereinfachter Form hergestellt und zusammengebaut. Da sie zu Dekorationszwecken verwendet werden, fehlen ihnen die Sicherheitselemente, die ein japanisches Schwert f\u00fcr Trainingszwecke aufweisen muss.<\/p>\n<p>Allerdings ist Ihr <strong>Piratens\u00e4bel zum Entern<\/strong> zu einer Stahlklinge, die gepflegt werden muss, damit sie nicht mit der Zeit abgenutzt wird. Denn wenn du dein Katana ausstellst, werden deine Freunde neugierig sein, die Klinge zu sehen und sie zu ber\u00fchren. Hier ist Vorsicht geboten, denn Sie sollten wissen, dass die S\u00e4ure der Finger dem Stahl unabh\u00e4ngig von seiner Qualit\u00e4t sehr schadet.<\/p>\n<p>Wenn dies jedoch passiert, keine Panik, Sie brauchen nur ein Tuch, das mit etwas \u00d6l befeuchtet ist, und wischen die Fingerabdr\u00fccke ab. Wenn Sie dies tun, werden Sie Ihr Schwert sehr lange behalten.<\/p>","protected":false},"excerpt":{"rendered":"<p>Pr\u00e4chtige Reproduktion eines Entermessers aus dem 16. Jahrhundert.<\/p>\n<ul>\n<li>Klinge aus rostfreiem Stahl mit Hohlkehle.<\/li>\n<li>Wache und Topf aus Stahl in Messingoptik mit Schiffsgravur.<\/li>\n<li>Griff und Knauf aus antikisiertem Stahl.<\/li>\n<li>Schwarze Holzscheide mit Verzierungen.<\/li>\n<li>Ma\u00dfe: 77 cm - Gewicht: 1525 Gramm<\/li>\n<\/ul>","protected":false},"featured_media":26508,"template":"","meta":[],"product_brand":[896],"product_cat":[49,25,91,66,24,115],"product_tag":[],"class_list":{"0":"post-26507","1":"product","2":"type-product","3":"status-publish","4":"has-post-thumbnail","6":"product_brand-replique-manga-cine","7":"product_cat-armes-de-pirates","8":"product_cat-armes-historiques","9":"product_cat-katana-les-epees-de-films-et-series","10":"product_cat-repliques-d-armes-films-et-series","11":"product_cat-films-series-tv-vente-de-katana-epee-et-produits-derives","12":"product_cat-sabre-dabordage-de-pirate","14":"first","15":"instock","16":"taxable","17":"shipping-taxable","18":"purchasable","19":"product-type-simple"},"yoast_head":"<!-- This site is optimized with the Yoast SEO plugin v27.5 - https:\/\/yoast.com\/product\/yoast-seo-wordpress\/ -->\n<title>Sabre pirate d&#039;abordage - Arme Pirate - Sabre cuill\u00e8re \u00e0 pot | RMC<\/title>\n<meta name=\"description\" content=\"Commandez vite ! Ce Sabre pirate d&#039;abordage 16\u1d49 si\u00e8cle au meilleur prix - Lame en acier - Gravure sur le pot - Fourreau - Longueur totale : 77 cm\" \/>\n<meta name=\"robots\" content=\"index, follow, max-snippet:-1, max-image-preview:large, max-video-preview:-1\" \/>\n<link rel=\"canonical\" href=\"https:\/\/repliquemangacine.fr\/de\/katana-die-schwerter-aus-filmen-und-serien\/enterpiraten-sabel-sabel-topf-loffel\/\" \/>\n<meta property=\"og:locale\" content=\"de_DE\" \/>\n<meta property=\"og:type\" content=\"article\" \/>\n<meta property=\"og:title\" content=\"Sabre pirate d&#039;abordage - Arme Pirate - Sabre cuill\u00e8re \u00e0 pot | RMC\" \/>\n<meta property=\"og:description\" content=\"Commandez vite ! Ce Sabre pirate d&#039;abordage 16\u1d49 si\u00e8cle au meilleur prix - Lame en acier - Gravure sur le pot - Fourreau - Longueur totale : 77 cm\" \/>\n<meta property=\"og:url\" content=\"https:\/\/repliquemangacine.fr\/de\/katana-die-schwerter-aus-filmen-und-serien\/enterpiraten-sabel-sabel-topf-loffel\/\" \/>\n<meta property=\"og:site_name\" content=\"R\u00e9plique Manga Cin\u00e9\" \/>\n<meta property=\"article:publisher\" content=\"https:\/\/www.facebook.com\/RepliqueMangaCine\" \/>\n<meta property=\"article:modified_time\" content=\"2026-04-17T14:10:24+00:00\" \/>\n<meta property=\"og:image\" content=\"https:\/\/repliquemangacine.fr\/wp-content\/uploads\/2023\/10\/1666-Sabre-de-pirate-Sabre-dabordage-16eme-Siecle.jpg\" \/>\n\t<meta property=\"og:image:width\" content=\"600\" \/>\n\t<meta property=\"og:image:height\" content=\"600\" \/>\n\t<meta property=\"og:image:type\" content=\"image\/jpeg\" \/>\n<meta name=\"twitter:card\" content=\"summary_large_image\" \/>\n<meta name=\"twitter:label1\" content=\"Gesch\u00e4tzte Lesezeit\" \/>\n\t<meta name=\"twitter:data1\" content=\"3\u00a0Minuten\" \/>\n<script type=\"application\/ld+json\" class=\"yoast-schema-graph\">{\"@context\":\"https:\\\/\\\/schema.org\",\"@graph\":[{\"@type\":\"WebPage\",\"@id\":\"https:\\\/\\\/repliquemangacine.fr\\\/katana-les-epees-de-films-et-series\\\/sabre-pirate-d-abordage-sabre-cuillere-a-pot\\\/\",\"url\":\"https:\\\/\\\/repliquemangacine.fr\\\/katana-les-epees-de-films-et-series\\\/sabre-pirate-d-abordage-sabre-cuillere-a-pot\\\/\",\"name\":\"Sabre pirate d'abordage - Arme Pirate - Sabre cuill\u00e8re \u00e0 pot | RMC\",\"isPartOf\":{\"@id\":\"https:\\\/\\\/repliquemangacine.fr\\\/#website\"},\"primaryImageOfPage\":{\"@id\":\"https:\\\/\\\/repliquemangacine.fr\\\/katana-les-epees-de-films-et-series\\\/sabre-pirate-d-abordage-sabre-cuillere-a-pot\\\/#primaryimage\"},\"image\":{\"@id\":\"https:\\\/\\\/repliquemangacine.fr\\\/katana-les-epees-de-films-et-series\\\/sabre-pirate-d-abordage-sabre-cuillere-a-pot\\\/#primaryimage\"},\"thumbnailUrl\":\"https:\\\/\\\/repliquemangacine.fr\\\/wp-content\\\/uploads\\\/2023\\\/10\\\/1666-Sabre-de-pirate-Sabre-dabordage-16eme-Siecle.jpg\",\"datePublished\":\"2016-11-26T15:37:25+00:00\",\"dateModified\":\"2026-04-17T14:10:24+00:00\",\"description\":\"Commandez vite ! Ce Sabre pirate d'abordage 16\u1d49 si\u00e8cle au meilleur prix - Lame en acier - Gravure sur le pot - Fourreau - Longueur totale : 77 cm\",\"breadcrumb\":{\"@id\":\"https:\\\/\\\/repliquemangacine.fr\\\/katana-les-epees-de-films-et-series\\\/sabre-pirate-d-abordage-sabre-cuillere-a-pot\\\/#breadcrumb\"},\"inLanguage\":\"de\",\"potentialAction\":[{\"@type\":\"ReadAction\",\"target\":[\"https:\\\/\\\/repliquemangacine.fr\\\/katana-les-epees-de-films-et-series\\\/sabre-pirate-d-abordage-sabre-cuillere-a-pot\\\/\"]}]},{\"@type\":\"ImageObject\",\"inLanguage\":\"de\",\"@id\":\"https:\\\/\\\/repliquemangacine.fr\\\/katana-les-epees-de-films-et-series\\\/sabre-pirate-d-abordage-sabre-cuillere-a-pot\\\/#primaryimage\",\"url\":\"https:\\\/\\\/repliquemangacine.fr\\\/wp-content\\\/uploads\\\/2023\\\/10\\\/1666-Sabre-de-pirate-Sabre-dabordage-16eme-Siecle.jpg\",\"contentUrl\":\"https:\\\/\\\/repliquemangacine.fr\\\/wp-content\\\/uploads\\\/2023\\\/10\\\/1666-Sabre-de-pirate-Sabre-dabordage-16eme-Siecle.jpg\",\"width\":600,\"height\":600,\"caption\":\"Sabre de pirate - Sabre d'abordage 16\u00e8me Si\u00e8cle\"},{\"@type\":\"BreadcrumbList\",\"@id\":\"https:\\\/\\\/repliquemangacine.fr\\\/katana-les-epees-de-films-et-series\\\/sabre-pirate-d-abordage-sabre-cuillere-a-pot\\\/#breadcrumb\",\"itemListElement\":[{\"@type\":\"ListItem\",\"position\":1,\"name\":\"Accueil\",\"item\":\"https:\\\/\\\/repliquemangacine.fr\\\/\"},{\"@type\":\"ListItem\",\"position\":2,\"name\":\"Produits\",\"item\":\"https:\\\/\\\/repliquemangacine.fr\\\/boutique\\\/\"},{\"@type\":\"ListItem\",\"position\":3,\"name\":\"Sabre pirate d&#8217;abordage 16\u00e8me Si\u00e8cle\"}]},{\"@type\":\"WebSite\",\"@id\":\"https:\\\/\\\/repliquemangacine.fr\\\/#website\",\"url\":\"https:\\\/\\\/repliquemangacine.fr\\\/\",\"name\":\"R\u00e9plique Manga Cin\u00e9\",\"description\":\"\",\"publisher\":{\"@id\":\"https:\\\/\\\/repliquemangacine.fr\\\/#organization\"},\"potentialAction\":[{\"@type\":\"SearchAction\",\"target\":{\"@type\":\"EntryPoint\",\"urlTemplate\":\"https:\\\/\\\/repliquemangacine.fr\\\/?s={search_term_string}\"},\"query-input\":{\"@type\":\"PropertyValueSpecification\",\"valueRequired\":true,\"valueName\":\"search_term_string\"}}],\"inLanguage\":\"de\"},{\"@type\":\"Organization\",\"@id\":\"https:\\\/\\\/repliquemangacine.fr\\\/#organization\",\"name\":\"R\u00e9plique Manga Cin\u00e9\",\"url\":\"https:\\\/\\\/repliquemangacine.fr\\\/\",\"logo\":{\"@type\":\"ImageObject\",\"inLanguage\":\"de\",\"@id\":\"https:\\\/\\\/repliquemangacine.fr\\\/#\\\/schema\\\/logo\\\/image\\\/\",\"url\":\"https:\\\/\\\/repliquemangacine.fr\\\/wp-content\\\/uploads\\\/2023\\\/10\\\/RMC-500250.png\",\"contentUrl\":\"https:\\\/\\\/repliquemangacine.fr\\\/wp-content\\\/uploads\\\/2023\\\/10\\\/RMC-500250.png\",\"width\":500,\"height\":250,\"caption\":\"R\u00e9plique Manga Cin\u00e9\"},\"image\":{\"@id\":\"https:\\\/\\\/repliquemangacine.fr\\\/#\\\/schema\\\/logo\\\/image\\\/\"},\"sameAs\":[\"https:\\\/\\\/www.facebook.com\\\/RepliqueMangaCine\",\"https:\\\/\\\/www.instagram.com\\\/repliquemangacine.fr\\\/\"]}]}<\/script>\n<!-- \/ Yoast SEO plugin. -->","yoast_head_json":{"title":"Piratens\u00e4bel Entern - Piratenwaffen - L\u00f6ffels\u00e4bel | RMC","description":"Bestellen Sie schnell! Dieser Piraten Entermesser 16\u1d49 Jahrhundert zum besten Preis - Klinge aus Stahl - Gravur auf dem Topf - Scheide - Gesamtl\u00e4nge: 77 cm.","robots":{"index":"index","follow":"follow","max-snippet":"max-snippet:-1","max-image-preview":"max-image-preview:large","max-video-preview":"max-video-preview:-1"},"canonical":"https:\/\/repliquemangacine.fr\/de\/katana-die-schwerter-aus-filmen-und-serien\/enterpiraten-sabel-sabel-topf-loffel\/","og_locale":"de_DE","og_type":"article","og_title":"Sabre pirate d'abordage - Arme Pirate - Sabre cuill\u00e8re \u00e0 pot | RMC","og_description":"Commandez vite ! Ce Sabre pirate d'abordage 16\u1d49 si\u00e8cle au meilleur prix - Lame en acier - Gravure sur le pot - Fourreau - Longueur totale : 77 cm","og_url":"https:\/\/repliquemangacine.fr\/de\/katana-die-schwerter-aus-filmen-und-serien\/enterpiraten-sabel-sabel-topf-loffel\/","og_site_name":"R\u00e9plique Manga Cin\u00e9","article_publisher":"https:\/\/www.facebook.com\/RepliqueMangaCine","article_modified_time":"2026-04-17T14:10:24+00:00","og_image":[{"width":600,"height":600,"url":"https:\/\/repliquemangacine.fr\/wp-content\/uploads\/2023\/10\/1666-Sabre-de-pirate-Sabre-dabordage-16eme-Siecle.jpg","type":"image\/jpeg"}],"twitter_card":"summary_large_image","twitter_misc":{"Gesch\u00e4tzte Lesezeit":"3\u00a0Minuten"},"schema":{"@context":"https:\/\/schema.org","@graph":[{"@type":"WebPage","@id":"https:\/\/repliquemangacine.fr\/katana-les-epees-de-films-et-series\/sabre-pirate-d-abordage-sabre-cuillere-a-pot\/","url":"https:\/\/repliquemangacine.fr\/katana-les-epees-de-films-et-series\/sabre-pirate-d-abordage-sabre-cuillere-a-pot\/","name":"Piratens\u00e4bel Entern - Piratenwaffen - L\u00f6ffels\u00e4bel | RMC","isPartOf":{"@id":"https:\/\/repliquemangacine.fr\/#website"},"primaryImageOfPage":{"@id":"https:\/\/repliquemangacine.fr\/katana-les-epees-de-films-et-series\/sabre-pirate-d-abordage-sabre-cuillere-a-pot\/#primaryimage"},"image":{"@id":"https:\/\/repliquemangacine.fr\/katana-les-epees-de-films-et-series\/sabre-pirate-d-abordage-sabre-cuillere-a-pot\/#primaryimage"},"thumbnailUrl":"https:\/\/repliquemangacine.fr\/wp-content\/uploads\/2023\/10\/1666-Sabre-de-pirate-Sabre-dabordage-16eme-Siecle.jpg","datePublished":"2016-11-26T15:37:25+00:00","dateModified":"2026-04-17T14:10:24+00:00","description":"Bestellen Sie schnell! Dieser Piraten Entermesser 16\u1d49 Jahrhundert zum besten Preis - Klinge aus Stahl - Gravur auf dem Topf - Scheide - Gesamtl\u00e4nge: 77 cm.","breadcrumb":{"@id":"https:\/\/repliquemangacine.fr\/katana-les-epees-de-films-et-series\/sabre-pirate-d-abordage-sabre-cuillere-a-pot\/#breadcrumb"},"inLanguage":"de","potentialAction":[{"@type":"ReadAction","target":["https:\/\/repliquemangacine.fr\/katana-les-epees-de-films-et-series\/sabre-pirate-d-abordage-sabre-cuillere-a-pot\/"]}]},{"@type":"ImageObject","inLanguage":"de","@id":"https:\/\/repliquemangacine.fr\/katana-les-epees-de-films-et-series\/sabre-pirate-d-abordage-sabre-cuillere-a-pot\/#primaryimage","url":"https:\/\/repliquemangacine.fr\/wp-content\/uploads\/2023\/10\/1666-Sabre-de-pirate-Sabre-dabordage-16eme-Siecle.jpg","contentUrl":"https:\/\/repliquemangacine.fr\/wp-content\/uploads\/2023\/10\/1666-Sabre-de-pirate-Sabre-dabordage-16eme-Siecle.jpg","width":600,"height":600,"caption":"Sabre de pirate - Sabre d'abordage 16\u00e8me Si\u00e8cle"},{"@type":"BreadcrumbList","@id":"https:\/\/repliquemangacine.fr\/katana-les-epees-de-films-et-series\/sabre-pirate-d-abordage-sabre-cuillere-a-pot\/#breadcrumb","itemListElement":[{"@type":"ListItem","position":1,"name":"Accueil","item":"https:\/\/repliquemangacine.fr\/"},{"@type":"ListItem","position":2,"name":"Produits","item":"https:\/\/repliquemangacine.fr\/boutique\/"},{"@type":"ListItem","position":3,"name":"Sabre pirate d&#8217;abordage 16\u00e8me Si\u00e8cle"}]},{"@type":"WebSite","@id":"https:\/\/repliquemangacine.fr\/#website","url":"https:\/\/repliquemangacine.fr\/","name":"R\u00e9plique Manga Cin\u00e9","description":"","publisher":{"@id":"https:\/\/repliquemangacine.fr\/#organization"},"potentialAction":[{"@type":"SearchAction","target":{"@type":"EntryPoint","urlTemplate":"https:\/\/repliquemangacine.fr\/?s={search_term_string}"},"query-input":{"@type":"PropertyValueSpecification","valueRequired":true,"valueName":"search_term_string"}}],"inLanguage":"de"},{"@type":"Organization","@id":"https:\/\/repliquemangacine.fr\/#organization","name":"R\u00e9plique Manga Cin\u00e9","url":"https:\/\/repliquemangacine.fr\/","logo":{"@type":"ImageObject","inLanguage":"de","@id":"https:\/\/repliquemangacine.fr\/#\/schema\/logo\/image\/","url":"https:\/\/repliquemangacine.fr\/wp-content\/uploads\/2023\/10\/RMC-500250.png","contentUrl":"https:\/\/repliquemangacine.fr\/wp-content\/uploads\/2023\/10\/RMC-500250.png","width":500,"height":250,"caption":"R\u00e9plique Manga Cin\u00e9"},"image":{"@id":"https:\/\/repliquemangacine.fr\/#\/schema\/logo\/image\/"},"sameAs":["https:\/\/www.facebook.com\/RepliqueMangaCine","https:\/\/www.instagram.com\/repliquemangacine.fr\/"]}]}},"_links":{"self":[{"href":"https:\/\/repliquemangacine.fr\/de\/wp-json\/wp\/v2\/product\/26507","targetHints":{"allow":["GET"]}}],"collection":[{"href":"https:\/\/repliquemangacine.fr\/de\/wp-json\/wp\/v2\/product"}],"about":[{"href":"https:\/\/repliquemangacine.fr\/de\/wp-json\/wp\/v2\/types\/product"}],"wp:featuredmedia":[{"embeddable":true,"href":"https:\/\/repliquemangacine.fr\/de\/wp-json\/wp\/v2\/media\/26508"}],"wp:attachment":[{"href":"https:\/\/repliquemangacine.fr\/de\/wp-json\/wp\/v2\/media?parent=26507"}],"wp:term":[{"taxonomy":"product_brand","embeddable":true,"href":"https:\/\/repliquemangacine.fr\/de\/wp-json\/wp\/v2\/product_brand?post=26507"},{"taxonomy":"product_cat","embeddable":true,"href":"https:\/\/repliquemangacine.fr\/de\/wp-json\/wp\/v2\/product_cat?post=26507"},{"taxonomy":"product_tag","embeddable":true,"href":"https:\/\/repliquemangacine.fr\/de\/wp-json\/wp\/v2\/product_tag?post=26507"}],"curies":[{"name":"wp","href":"https:\/\/api.w.org\/{rel}","templated":true}]}}