





{"id":26495,"date":"2016-11-25T20:51:01","date_gmt":"2016-11-25T19:51:01","guid":{"rendered":"https:\/\/repliquemangacine.fr\/?post_type=product&#038;p=26495"},"modified":"2026-02-03T15:08:48","modified_gmt":"2026-02-03T14:08:48","slug":"wikingerhelm-beowulf","status":"publish","type":"product","link":"https:\/\/repliquemangacine.fr\/de\/heaume-casque-chevalier-templier\/casque-viking-beowulf\/","title":{"rendered":"Wikinger Beowulf"},"content":{"rendered":"<h2>Wikingerhelm Beowulf<\/h2>\n<p>Zu Beginn wird der <strong>Wikingerhelm Beowulf <\/strong>wobei Elmo Viking der Name ist, mit dem man \u00fcblicherweise den besonderen Typ des Eisenhelms bezeichnet. Wurde in Westeuropa und Russland durch Wikinger\u00fcberf\u00e4lle bekannt. Bei arch\u00e4ologischen Ausgrabungen wurde ein Helm gefunden, der im Kulturhistorisk-Museum in Oslo ausgestellt ist.<\/p>\n<p>Diese aus Norwegen stammenden Krieger errangen zahlreiche Siege. Sie lie\u00dfen sich sogar dauerhaft in der Normandie nieder, einer Region, die ihren Namen diesen Invasoren verdankt.<\/p>\n<p>Die Wikinger waren hervorragende Seefahrer und drangen auch bis zur Iberischen Halbinsel vor. \u00dcber die Stra\u00dfe von Gibraltar gelangten die Wikinger in den Mittelmeerraum und lie\u00dfen sich im Rh\u00f4ne-Delta in der Camargue nieder.<\/p>\n<p>Die Wikinger, die als furchtbare Krieger bekannt sind, haben es nie geschafft, eine richtige Armee zu bilden.<\/p>\n<h2>Ihr Viking Beowulf Helm zum besten Preis.<\/h2>\n<p>Wir bieten Ihnen eine gro\u00dfe Auswahl an Schwertern sowie Helmen und Schilden aus der Wikingerzeit.<\/p>\n<p>Zun\u00e4chst einmal,<\/p>\n<ul>\n<li>L'<a href=\"https:\/\/repliquemangacine.fr\/de\/viking\/wikingerschwert-ironside\/\">Wikingerschwert Ironside<\/a> von Condor, die nach Bj\u00f6rn Ironside benannt wurde.<\/li>\n<li>Es gibt auch die<a href=\"https:\/\/repliquemangacine.fr\/de\/viking\/wikingerschwert-torshov-9-10-jahrhundert-practical\/\">Wikingerschwert Torshov<\/a> basierend auf einer Entdeckung in Torshov (Gjerdrum) in S\u00fcdnorwegen.<\/li>\n<li>Und viele andere, die es in unserem Online-Shop zu entdecken gibt!<\/li>\n<li>Sie suchen ein Armband, einen Ring oder sogar ein Tattoo? Dann entdecken Sie den Partnershop <a href=\"https:\/\/www.viking-clan.com\/\" target=\"_blank\" rel=\"noopener noreferrer\">Viking Clan<\/a>.<\/li>\n<\/ul>\n<p>Deshalb ist dies eine tolle Geschenkidee f\u00fcr Fans der Wikingerzeit.<\/p>\n<p>Zusammenfassend l\u00e4sst sich sagen, dass Sie diesen Wikingerhelm auch f\u00fcr Ihre historischen Nachstellungen verwenden k\u00f6nnen. Vor allem aber ist der <strong>Wikingerhelm Beowulf<\/strong>Das Buch ist ein Sammlerst\u00fcck und dient als Dekoration.<\/p>\n<h2>Wie werden Ihre Sammelobjekte hergestellt?<\/h2>\n<p>Zun\u00e4chst einmal sind alle unsere Produkte von hoher Qualit\u00e4t und werden mit besonderer Sorgfalt hergestellt. Die Herstellung erfolgt zum Teil von Hand, um jedes noch so kleine Detail zu reproduzieren. Gr\u00f6\u00dfere Teile werden von pr\u00e4zisen Maschinen bearbeitet. Die Gravuren werden in der Regel mit einer Diamantspitze oder einem Laser ausgef\u00fchrt.<\/p>\n<p>Ihre <strong>Wikingerhelm Beowulf<\/strong>Die Kunstwerke werden so hergestellt, dass sie jedes Detail genau wiedergeben. Um dem Erbe der originalen Meisterwerke gerecht zu werden. Der Schwerpunkt liegt auf der Herstellung von hochwertigen Repliken, die so historisch genau wie m\u00f6glich sind.<\/p>\n<p>Abschlie\u00dfend sei gesagt, dass unsere Repliken, die aus China, Spanien oder Indien importiert wurden, Sie in Erstaunen versetzen werden!<\/p>\n<p>R\u00e9plique Manga Cin\u00e9 ist ein franz\u00f6sisches Familienunternehmen.<\/p>","protected":false},"excerpt":{"rendered":"<p>Dekoriert mit getriebenen Messingapplikationen.<\/p>\n<ul>\n<li>Ganz aus Stahl.<\/li>\n<li>Schutz der Augen und der Nase<\/li>\n<li>Mit Messing umwickelte Wangensch\u00fctzer.<\/li>\n<li>Nackenband aus verzinntem Stahlgeflecht, Ringe aus 1,6 mm Stahl.<\/li>\n<li>Innenausstattung aus Leder, Kinnriemen aus Leder.<\/li>\n<li>Stahlst\u00e4rke: 1.2 mm - Gewicht: 2300grs<\/li>\n<\/ul>","protected":false},"featured_media":26496,"template":"","meta":[],"product_brand":[896],"product_cat":[25,89,43,103],"product_tag":[],"class_list":{"0":"post-26495","1":"product","2":"type-product","3":"status-publish","4":"has-post-thumbnail","6":"product_brand-replique-manga-cine","7":"product_cat-armes-historiques","8":"product_cat-heaume-casque-chevalier-templier","9":"product_cat-reproductions-d-armes-et-accessoires-medievales","10":"product_cat-armes-et-accessoires-vikings","12":"first","13":"instock","14":"taxable","15":"shipping-taxable","16":"purchasable","17":"product-type-simple"},"yoast_head":"<!-- This site is optimized with the Yoast SEO plugin v27.5 - https:\/\/yoast.com\/product\/yoast-seo-wordpress\/ -->\n<title>Casque Viking Beowulf - Boutique en ligne | R\u00e9plique Manga Cin\u00e9<\/title>\n<meta name=\"description\" content=\"Offrez-vous ce Casque Viking Beowulf au meilleur prix - En acier - Nuqui\u00e8re en maille - Protection int\u00e9rieur en cuir - Appliques en laiton - Fonctionnel\" \/>\n<meta name=\"robots\" content=\"index, follow, max-snippet:-1, max-image-preview:large, max-video-preview:-1\" \/>\n<link rel=\"canonical\" href=\"https:\/\/repliquemangacine.fr\/de\/waffen-und-zubehor-der-wikinger\/wikingerhelm-beowulf\/\" \/>\n<meta property=\"og:locale\" content=\"de_DE\" \/>\n<meta property=\"og:type\" content=\"article\" \/>\n<meta property=\"og:title\" content=\"Casque Viking Beowulf - Boutique en ligne | R\u00e9plique Manga Cin\u00e9\" \/>\n<meta property=\"og:description\" content=\"Offrez-vous ce Casque Viking Beowulf au meilleur prix - En acier - Nuqui\u00e8re en maille - Protection int\u00e9rieur en cuir - Appliques en laiton - Fonctionnel\" \/>\n<meta property=\"og:url\" content=\"https:\/\/repliquemangacine.fr\/de\/waffen-und-zubehor-der-wikinger\/wikingerhelm-beowulf\/\" \/>\n<meta property=\"og:site_name\" content=\"R\u00e9plique Manga Cin\u00e9\" \/>\n<meta property=\"article:publisher\" content=\"https:\/\/www.facebook.com\/RepliqueMangaCine\" \/>\n<meta property=\"article:modified_time\" content=\"2026-02-03T14:08:48+00:00\" \/>\n<meta property=\"og:image\" content=\"https:\/\/repliquemangacine.fr\/wp-content\/uploads\/2023\/10\/Casque-Beowulf.jpg\" \/>\n\t<meta property=\"og:image:width\" content=\"800\" \/>\n\t<meta property=\"og:image:height\" content=\"800\" \/>\n\t<meta property=\"og:image:type\" content=\"image\/jpeg\" \/>\n<meta name=\"twitter:card\" content=\"summary_large_image\" \/>\n<meta name=\"twitter:label1\" content=\"Gesch\u00e4tzte Lesezeit\" \/>\n\t<meta name=\"twitter:data1\" content=\"2\u00a0Minuten\" \/>\n<script type=\"application\/ld+json\" class=\"yoast-schema-graph\">{\"@context\":\"https:\\\/\\\/schema.org\",\"@graph\":[{\"@type\":\"WebPage\",\"@id\":\"https:\\\/\\\/repliquemangacine.fr\\\/armes-et-accessoires-vikings\\\/casque-viking-beowulf\\\/\",\"url\":\"https:\\\/\\\/repliquemangacine.fr\\\/armes-et-accessoires-vikings\\\/casque-viking-beowulf\\\/\",\"name\":\"Casque Viking Beowulf - Boutique en ligne | R\u00e9plique Manga Cin\u00e9\",\"isPartOf\":{\"@id\":\"https:\\\/\\\/repliquemangacine.fr\\\/#website\"},\"primaryImageOfPage\":{\"@id\":\"https:\\\/\\\/repliquemangacine.fr\\\/armes-et-accessoires-vikings\\\/casque-viking-beowulf\\\/#primaryimage\"},\"image\":{\"@id\":\"https:\\\/\\\/repliquemangacine.fr\\\/armes-et-accessoires-vikings\\\/casque-viking-beowulf\\\/#primaryimage\"},\"thumbnailUrl\":\"https:\\\/\\\/repliquemangacine.fr\\\/wp-content\\\/uploads\\\/2023\\\/10\\\/Casque-Beowulf.jpg\",\"datePublished\":\"2016-11-25T19:51:01+00:00\",\"dateModified\":\"2026-02-03T14:08:48+00:00\",\"description\":\"Offrez-vous ce Casque Viking Beowulf au meilleur prix - En acier - Nuqui\u00e8re en maille - Protection int\u00e9rieur en cuir - Appliques en laiton - Fonctionnel\",\"breadcrumb\":{\"@id\":\"https:\\\/\\\/repliquemangacine.fr\\\/armes-et-accessoires-vikings\\\/casque-viking-beowulf\\\/#breadcrumb\"},\"inLanguage\":\"de\",\"potentialAction\":[{\"@type\":\"ReadAction\",\"target\":[\"https:\\\/\\\/repliquemangacine.fr\\\/armes-et-accessoires-vikings\\\/casque-viking-beowulf\\\/\"]}]},{\"@type\":\"ImageObject\",\"inLanguage\":\"de\",\"@id\":\"https:\\\/\\\/repliquemangacine.fr\\\/armes-et-accessoires-vikings\\\/casque-viking-beowulf\\\/#primaryimage\",\"url\":\"https:\\\/\\\/repliquemangacine.fr\\\/wp-content\\\/uploads\\\/2023\\\/10\\\/Casque-Beowulf.jpg\",\"contentUrl\":\"https:\\\/\\\/repliquemangacine.fr\\\/wp-content\\\/uploads\\\/2023\\\/10\\\/Casque-Beowulf.jpg\",\"width\":800,\"height\":800,\"caption\":\"Casque viking Beowulf avec nuquiere\"},{\"@type\":\"BreadcrumbList\",\"@id\":\"https:\\\/\\\/repliquemangacine.fr\\\/armes-et-accessoires-vikings\\\/casque-viking-beowulf\\\/#breadcrumb\",\"itemListElement\":[{\"@type\":\"ListItem\",\"position\":1,\"name\":\"Accueil\",\"item\":\"https:\\\/\\\/repliquemangacine.fr\\\/\"},{\"@type\":\"ListItem\",\"position\":2,\"name\":\"Produits\",\"item\":\"https:\\\/\\\/repliquemangacine.fr\\\/boutique\\\/\"},{\"@type\":\"ListItem\",\"position\":3,\"name\":\"Viking Beowulf\"}]},{\"@type\":\"WebSite\",\"@id\":\"https:\\\/\\\/repliquemangacine.fr\\\/#website\",\"url\":\"https:\\\/\\\/repliquemangacine.fr\\\/\",\"name\":\"R\u00e9plique Manga Cin\u00e9\",\"description\":\"\",\"publisher\":{\"@id\":\"https:\\\/\\\/repliquemangacine.fr\\\/#organization\"},\"potentialAction\":[{\"@type\":\"SearchAction\",\"target\":{\"@type\":\"EntryPoint\",\"urlTemplate\":\"https:\\\/\\\/repliquemangacine.fr\\\/?s={search_term_string}\"},\"query-input\":{\"@type\":\"PropertyValueSpecification\",\"valueRequired\":true,\"valueName\":\"search_term_string\"}}],\"inLanguage\":\"de\"},{\"@type\":\"Organization\",\"@id\":\"https:\\\/\\\/repliquemangacine.fr\\\/#organization\",\"name\":\"R\u00e9plique Manga Cin\u00e9\",\"url\":\"https:\\\/\\\/repliquemangacine.fr\\\/\",\"logo\":{\"@type\":\"ImageObject\",\"inLanguage\":\"de\",\"@id\":\"https:\\\/\\\/repliquemangacine.fr\\\/#\\\/schema\\\/logo\\\/image\\\/\",\"url\":\"https:\\\/\\\/repliquemangacine.fr\\\/wp-content\\\/uploads\\\/2023\\\/10\\\/RMC-500250.png\",\"contentUrl\":\"https:\\\/\\\/repliquemangacine.fr\\\/wp-content\\\/uploads\\\/2023\\\/10\\\/RMC-500250.png\",\"width\":500,\"height\":250,\"caption\":\"R\u00e9plique Manga Cin\u00e9\"},\"image\":{\"@id\":\"https:\\\/\\\/repliquemangacine.fr\\\/#\\\/schema\\\/logo\\\/image\\\/\"},\"sameAs\":[\"https:\\\/\\\/www.facebook.com\\\/RepliqueMangaCine\",\"https:\\\/\\\/www.instagram.com\\\/repliquemangacine.fr\\\/\"]}]}<\/script>\n<!-- \/ Yoast SEO plugin. -->","yoast_head_json":{"title":"Viking Beowulf Helm - Online Shop | R\u00e9plique Manga Cin\u00e9","description":"G\u00f6nnen Sie sich diesen Wikingerhelm Beowulf zum besten Preis - Aus Stahl - Nackenband aus Netzgewebe - Innenschutz aus Leder - Messingapplikationen - Funktional","robots":{"index":"index","follow":"follow","max-snippet":"max-snippet:-1","max-image-preview":"max-image-preview:large","max-video-preview":"max-video-preview:-1"},"canonical":"https:\/\/repliquemangacine.fr\/de\/waffen-und-zubehor-der-wikinger\/wikingerhelm-beowulf\/","og_locale":"de_DE","og_type":"article","og_title":"Casque Viking Beowulf - Boutique en ligne | R\u00e9plique Manga Cin\u00e9","og_description":"Offrez-vous ce Casque Viking Beowulf au meilleur prix - En acier - Nuqui\u00e8re en maille - Protection int\u00e9rieur en cuir - Appliques en laiton - Fonctionnel","og_url":"https:\/\/repliquemangacine.fr\/de\/waffen-und-zubehor-der-wikinger\/wikingerhelm-beowulf\/","og_site_name":"R\u00e9plique Manga Cin\u00e9","article_publisher":"https:\/\/www.facebook.com\/RepliqueMangaCine","article_modified_time":"2026-02-03T14:08:48+00:00","og_image":[{"width":800,"height":800,"url":"https:\/\/repliquemangacine.fr\/wp-content\/uploads\/2023\/10\/Casque-Beowulf.jpg","type":"image\/jpeg"}],"twitter_card":"summary_large_image","twitter_misc":{"Gesch\u00e4tzte Lesezeit":"2\u00a0Minuten"},"schema":{"@context":"https:\/\/schema.org","@graph":[{"@type":"WebPage","@id":"https:\/\/repliquemangacine.fr\/armes-et-accessoires-vikings\/casque-viking-beowulf\/","url":"https:\/\/repliquemangacine.fr\/armes-et-accessoires-vikings\/casque-viking-beowulf\/","name":"Viking Beowulf Helm - Online Shop | R\u00e9plique Manga Cin\u00e9","isPartOf":{"@id":"https:\/\/repliquemangacine.fr\/#website"},"primaryImageOfPage":{"@id":"https:\/\/repliquemangacine.fr\/armes-et-accessoires-vikings\/casque-viking-beowulf\/#primaryimage"},"image":{"@id":"https:\/\/repliquemangacine.fr\/armes-et-accessoires-vikings\/casque-viking-beowulf\/#primaryimage"},"thumbnailUrl":"https:\/\/repliquemangacine.fr\/wp-content\/uploads\/2023\/10\/Casque-Beowulf.jpg","datePublished":"2016-11-25T19:51:01+00:00","dateModified":"2026-02-03T14:08:48+00:00","description":"G\u00f6nnen Sie sich diesen Wikingerhelm Beowulf zum besten Preis - Aus Stahl - Nackenband aus Netzgewebe - Innenschutz aus Leder - Messingapplikationen - Funktional","breadcrumb":{"@id":"https:\/\/repliquemangacine.fr\/armes-et-accessoires-vikings\/casque-viking-beowulf\/#breadcrumb"},"inLanguage":"de","potentialAction":[{"@type":"ReadAction","target":["https:\/\/repliquemangacine.fr\/armes-et-accessoires-vikings\/casque-viking-beowulf\/"]}]},{"@type":"ImageObject","inLanguage":"de","@id":"https:\/\/repliquemangacine.fr\/armes-et-accessoires-vikings\/casque-viking-beowulf\/#primaryimage","url":"https:\/\/repliquemangacine.fr\/wp-content\/uploads\/2023\/10\/Casque-Beowulf.jpg","contentUrl":"https:\/\/repliquemangacine.fr\/wp-content\/uploads\/2023\/10\/Casque-Beowulf.jpg","width":800,"height":800,"caption":"Casque viking Beowulf avec nuquiere"},{"@type":"BreadcrumbList","@id":"https:\/\/repliquemangacine.fr\/armes-et-accessoires-vikings\/casque-viking-beowulf\/#breadcrumb","itemListElement":[{"@type":"ListItem","position":1,"name":"Accueil","item":"https:\/\/repliquemangacine.fr\/"},{"@type":"ListItem","position":2,"name":"Produits","item":"https:\/\/repliquemangacine.fr\/boutique\/"},{"@type":"ListItem","position":3,"name":"Viking Beowulf"}]},{"@type":"WebSite","@id":"https:\/\/repliquemangacine.fr\/#website","url":"https:\/\/repliquemangacine.fr\/","name":"R\u00e9plique Manga Cin\u00e9","description":"","publisher":{"@id":"https:\/\/repliquemangacine.fr\/#organization"},"potentialAction":[{"@type":"SearchAction","target":{"@type":"EntryPoint","urlTemplate":"https:\/\/repliquemangacine.fr\/?s={search_term_string}"},"query-input":{"@type":"PropertyValueSpecification","valueRequired":true,"valueName":"search_term_string"}}],"inLanguage":"de"},{"@type":"Organization","@id":"https:\/\/repliquemangacine.fr\/#organization","name":"R\u00e9plique Manga Cin\u00e9","url":"https:\/\/repliquemangacine.fr\/","logo":{"@type":"ImageObject","inLanguage":"de","@id":"https:\/\/repliquemangacine.fr\/#\/schema\/logo\/image\/","url":"https:\/\/repliquemangacine.fr\/wp-content\/uploads\/2023\/10\/RMC-500250.png","contentUrl":"https:\/\/repliquemangacine.fr\/wp-content\/uploads\/2023\/10\/RMC-500250.png","width":500,"height":250,"caption":"R\u00e9plique Manga Cin\u00e9"},"image":{"@id":"https:\/\/repliquemangacine.fr\/#\/schema\/logo\/image\/"},"sameAs":["https:\/\/www.facebook.com\/RepliqueMangaCine","https:\/\/www.instagram.com\/repliquemangacine.fr\/"]}]}},"_links":{"self":[{"href":"https:\/\/repliquemangacine.fr\/de\/wp-json\/wp\/v2\/product\/26495","targetHints":{"allow":["GET"]}}],"collection":[{"href":"https:\/\/repliquemangacine.fr\/de\/wp-json\/wp\/v2\/product"}],"about":[{"href":"https:\/\/repliquemangacine.fr\/de\/wp-json\/wp\/v2\/types\/product"}],"wp:featuredmedia":[{"embeddable":true,"href":"https:\/\/repliquemangacine.fr\/de\/wp-json\/wp\/v2\/media\/26496"}],"wp:attachment":[{"href":"https:\/\/repliquemangacine.fr\/de\/wp-json\/wp\/v2\/media?parent=26495"}],"wp:term":[{"taxonomy":"product_brand","embeddable":true,"href":"https:\/\/repliquemangacine.fr\/de\/wp-json\/wp\/v2\/product_brand?post=26495"},{"taxonomy":"product_cat","embeddable":true,"href":"https:\/\/repliquemangacine.fr\/de\/wp-json\/wp\/v2\/product_cat?post=26495"},{"taxonomy":"product_tag","embeddable":true,"href":"https:\/\/repliquemangacine.fr\/de\/wp-json\/wp\/v2\/product_tag?post=26495"}],"curies":[{"name":"wp","href":"https:\/\/api.w.org\/{rel}","templated":true}]}}