





{"id":26488,"date":"2016-11-25T18:41:51","date_gmt":"2016-11-25T17:41:51","guid":{"rendered":"https:\/\/repliquemangacine.fr\/?post_type=product&#038;p=26488"},"modified":"2025-09-23T18:01:47","modified_gmt":"2025-09-23T16:01:47","slug":"helm-templer-schwarz-helm-dark-knight-sugarloaf","status":"publish","type":"product","link":"https:\/\/repliquemangacine.fr\/de\/heaume-casque-chevalier-templier\/casque-templier-noir-heaume-dark-knight-sugarloaf\/","title":{"rendered":"Schwarzer Templer"},"content":{"rendered":"<h2>Sugarloaf-Helm der Templer<\/h2>\n<p>Zu Beginn wird der <strong>Templer-Helm Sugarloaf <\/strong>ist ein mittelalterlicher Kavalleriehelm aus Stahl, der als Symbol des Rittertums gilt und den gesamten Kopf sch\u00fctzt.<\/p>\n<p>Auch wenn nur wenige Waffen den Kopf des Ritters erreichen konnten, stellt die flache Oberseite einen R\u00fcckschritt im Vergleich zu den zuvor gebr\u00e4uchlichen Helmen dar. Die Verbesserung der Schmiedetechniken im Laufe des 13. Jahrhunderts erm\u00f6glichte die R\u00fcckkehr zu einer konischen Form, die weniger anf\u00e4llig f\u00fcr Schl\u00e4ge auf die Oberseite des Kopfes machte.<\/p>\n<p>Im Mittelalter wurden gro\u00dfe Helme mit einer st\u00e4rker konisch zulaufenden Schale wegen ihrer \u00c4hnlichkeit mit einem Zuckerhut auch Sugarloaf-Helme genannt. Diese Form gewann im fr\u00fchen 14\u1d49 Jahrhundert an Popularit\u00e4t.<\/p>\n<h2>Ihr Templer-Halm zum besten Preis.<\/h2>\n<p>Wir bieten Ihnen eine gro\u00dfe Auswahl an mittelalterlichen Helmen und Zubeh\u00f6r.<\/p>\n<p>Zun\u00e4chst einmal,<\/p>\n<ul>\n<li>L'<a href=\"https:\/\/repliquemangacine.fr\/de\/mittelalterliches-schwert-der-templer\/schwert-der-tempelritter\/\">Schwert der Tempelritter<\/a> mit seiner Klinge aus Kohlenstoffstahl.<\/li>\n<li>Sowie die Nachbildung eines <a href=\"https:\/\/repliquemangacine.fr\/de\/helm-helm-ritter-templer\/armet-helm-16%e1%b5%89-jahrhundert\/\">Armet-Helm<\/a> mittelalterlichen typischen Turnier.<\/li>\n<li>Es gibt auch das Lilienschwert des Heiligen Ludwig, hergestellt von <a href=\"https:\/\/www.denix.fr\/\" target=\"_blank\" rel=\"noopener noreferrer\">Denix<\/a>.<\/li>\n<li>Und viele andere, die es in unserem Online-Shop zu entdecken gibt.<\/li>\n<\/ul>\n<p>Deshalb sind hier tolle Geschenkideen f\u00fcr alle, die das Mittelalter lieben.<\/p>\n<p>Abschlie\u00dfend k\u00f6nnen Sie auch diesen <strong>Sugarloaf-Helm der Templer<\/strong> f\u00fcr Ihre historischen Nachstellungen. Vor allem aber ist dieser Helm ein Sammler- und Dekorationsst\u00fcck.<\/p>\n<h2>Wie werden Ihre Sammelobjekte hergestellt?<\/h2>\n<p>Zun\u00e4chst einmal sind alle unsere Produkte von hoher Qualit\u00e4t und werden mit besonderer Sorgfalt hergestellt. Die Herstellung erfolgt zum Teil von Hand, um jedes noch so kleine Detail zu reproduzieren. Gr\u00f6\u00dfere Teile werden von pr\u00e4zisen Maschinen bearbeitet. Die Gravuren werden in der Regel mit einer Diamantspitze oder einem Laser ausgef\u00fchrt.<\/p>\n<p>Ihre <strong>Sugarloaf-Helm der Templer<\/strong>Die Kunstwerke werden so hergestellt, dass sie jedes Detail genau wiedergeben. Um dem Erbe der originalen Meisterwerke gerecht zu werden. Der Schwerpunkt liegt auf der Herstellung von hochwertigen Repliken, die so historisch genau wie m\u00f6glich sind.<\/p>\n<p>Abschlie\u00dfend sei gesagt, dass unsere Repliken, die aus China, Spanien oder Indien importiert wurden, Sie in Erstaunen versetzen werden!<\/p>\n<p>R\u00e9plique Manga Cin\u00e9 ist ein franz\u00f6sisches Familienunternehmen.<\/p>","protected":false},"excerpt":{"rendered":"<p>Diese Nachbildung des sogenannten \"SugarLoaf\"-Templerhelms<\/p>\n<ul>\n<li>Aus 1,6 mm Stahl, handgefertigt.<\/li>\n<li>Visier mit Scharnier.<\/li>\n<li>Kopfbedeckung aus Baumwolle.<\/li>\n<li>Verstellbarer Kinnriemen.<\/li>\n<li>Funktional.<\/li>\n<li>Gewicht: 2.9 kg<\/li>\n<\/ul>","protected":false},"featured_media":26489,"template":"","meta":[],"product_brand":[896],"product_cat":[25,89,43],"product_tag":[],"class_list":{"0":"post-26488","1":"product","2":"type-product","3":"status-publish","4":"has-post-thumbnail","6":"product_brand-replique-manga-cine","7":"product_cat-armes-historiques","8":"product_cat-heaume-casque-chevalier-templier","9":"product_cat-reproductions-d-armes-et-accessoires-medievales","11":"first","12":"outofstock","13":"taxable","14":"shipping-taxable","15":"purchasable","16":"product-type-simple"},"yoast_head":"<!-- This site is optimized with the Yoast SEO plugin v27.5 - https:\/\/yoast.com\/product\/yoast-seo-wordpress\/ -->\n<title>Heaume des Templiers Sugarloaf | R\u00e9plique Manga Cin\u00e9<\/title>\n<meta name=\"description\" content=\"Offrez-lui ce Heaume des Templiers Sugarloaf au meilleur prix - Tout en acier - Visi\u00e8re \u00e0 charni\u00e8re - Coiffe en coton - Fonctionnel - Int\u00e9rieur : 22.5cm\" \/>\n<meta name=\"robots\" content=\"index, follow, max-snippet:-1, max-image-preview:large, max-video-preview:-1\" \/>\n<link rel=\"canonical\" href=\"https:\/\/repliquemangacine.fr\/de\/helm-helm-ritter-templer\/helm-templer-schwarz-helm-dark-knight-sugarloaf\/\" \/>\n<meta property=\"og:locale\" content=\"de_DE\" \/>\n<meta property=\"og:type\" content=\"article\" \/>\n<meta property=\"og:title\" content=\"Heaume des Templiers Sugarloaf | R\u00e9plique Manga Cin\u00e9\" \/>\n<meta property=\"og:description\" content=\"Offrez-lui ce Heaume des Templiers Sugarloaf au meilleur prix - Tout en acier - Visi\u00e8re \u00e0 charni\u00e8re - Coiffe en coton - Fonctionnel - Int\u00e9rieur : 22.5cm\" \/>\n<meta property=\"og:url\" content=\"https:\/\/repliquemangacine.fr\/de\/helm-helm-ritter-templer\/helm-templer-schwarz-helm-dark-knight-sugarloaf\/\" \/>\n<meta property=\"og:site_name\" content=\"R\u00e9plique Manga Cin\u00e9\" \/>\n<meta property=\"article:publisher\" content=\"https:\/\/www.facebook.com\/RepliqueMangaCine\" \/>\n<meta property=\"article:modified_time\" content=\"2025-09-23T16:01:47+00:00\" \/>\n<meta property=\"og:image\" content=\"https:\/\/repliquemangacine.fr\/wp-content\/uploads\/2023\/10\/1652-Casque-Templier-noir-Heaume-Dark-Knight.jpg\" \/>\n\t<meta property=\"og:image:width\" content=\"600\" \/>\n\t<meta property=\"og:image:height\" content=\"600\" \/>\n\t<meta property=\"og:image:type\" content=\"image\/jpeg\" \/>\n<meta name=\"twitter:card\" content=\"summary_large_image\" \/>\n<meta name=\"twitter:label1\" content=\"Gesch\u00e4tzte Lesezeit\" \/>\n\t<meta name=\"twitter:data1\" content=\"2\u00a0Minuten\" \/>\n<script type=\"application\/ld+json\" class=\"yoast-schema-graph\">{\"@context\":\"https:\\\/\\\/schema.org\",\"@graph\":[{\"@type\":\"WebPage\",\"@id\":\"https:\\\/\\\/repliquemangacine.fr\\\/de\\\/helm-helm-ritter-templer\\\/helm-templer-schwarz-helm-dark-knight-sugarloaf\\\/\",\"url\":\"https:\\\/\\\/repliquemangacine.fr\\\/de\\\/helm-helm-ritter-templer\\\/helm-templer-schwarz-helm-dark-knight-sugarloaf\\\/\",\"name\":\"Heaume des Templiers Sugarloaf | R\u00e9plique Manga Cin\u00e9\",\"isPartOf\":{\"@id\":\"https:\\\/\\\/repliquemangacine.fr\\\/#website\"},\"primaryImageOfPage\":{\"@id\":\"https:\\\/\\\/repliquemangacine.fr\\\/de\\\/helm-helm-ritter-templer\\\/helm-templer-schwarz-helm-dark-knight-sugarloaf\\\/#primaryimage\"},\"image\":{\"@id\":\"https:\\\/\\\/repliquemangacine.fr\\\/de\\\/helm-helm-ritter-templer\\\/helm-templer-schwarz-helm-dark-knight-sugarloaf\\\/#primaryimage\"},\"thumbnailUrl\":\"https:\\\/\\\/repliquemangacine.fr\\\/wp-content\\\/uploads\\\/2023\\\/10\\\/1652-Casque-Templier-noir-Heaume-Dark-Knight.jpg\",\"datePublished\":\"2016-11-25T17:41:51+00:00\",\"dateModified\":\"2025-09-23T16:01:47+00:00\",\"description\":\"Offrez-lui ce Heaume des Templiers Sugarloaf au meilleur prix - Tout en acier - Visi\u00e8re \u00e0 charni\u00e8re - Coiffe en coton - Fonctionnel - Int\u00e9rieur : 22.5cm\",\"breadcrumb\":{\"@id\":\"https:\\\/\\\/repliquemangacine.fr\\\/de\\\/helm-helm-ritter-templer\\\/helm-templer-schwarz-helm-dark-knight-sugarloaf\\\/#breadcrumb\"},\"inLanguage\":\"de\",\"potentialAction\":[{\"@type\":\"ReadAction\",\"target\":[\"https:\\\/\\\/repliquemangacine.fr\\\/de\\\/helm-helm-ritter-templer\\\/helm-templer-schwarz-helm-dark-knight-sugarloaf\\\/\"]}]},{\"@type\":\"ImageObject\",\"inLanguage\":\"de\",\"@id\":\"https:\\\/\\\/repliquemangacine.fr\\\/de\\\/helm-helm-ritter-templer\\\/helm-templer-schwarz-helm-dark-knight-sugarloaf\\\/#primaryimage\",\"url\":\"https:\\\/\\\/repliquemangacine.fr\\\/wp-content\\\/uploads\\\/2023\\\/10\\\/1652-Casque-Templier-noir-Heaume-Dark-Knight.jpg\",\"contentUrl\":\"https:\\\/\\\/repliquemangacine.fr\\\/wp-content\\\/uploads\\\/2023\\\/10\\\/1652-Casque-Templier-noir-Heaume-Dark-Knight.jpg\",\"width\":600,\"height\":600,\"caption\":\"Heaume des Templiers Sugarloaf\"},{\"@type\":\"BreadcrumbList\",\"@id\":\"https:\\\/\\\/repliquemangacine.fr\\\/de\\\/helm-helm-ritter-templer\\\/helm-templer-schwarz-helm-dark-knight-sugarloaf\\\/#breadcrumb\",\"itemListElement\":[{\"@type\":\"ListItem\",\"position\":1,\"name\":\"Accueil\",\"item\":\"https:\\\/\\\/repliquemangacine.fr\\\/\"},{\"@type\":\"ListItem\",\"position\":2,\"name\":\"Produits\",\"item\":\"https:\\\/\\\/repliquemangacine.fr\\\/boutique\\\/\"},{\"@type\":\"ListItem\",\"position\":3,\"name\":\"Templier noir\"}]},{\"@type\":\"WebSite\",\"@id\":\"https:\\\/\\\/repliquemangacine.fr\\\/#website\",\"url\":\"https:\\\/\\\/repliquemangacine.fr\\\/\",\"name\":\"R\u00e9plique Manga Cin\u00e9\",\"description\":\"\",\"publisher\":{\"@id\":\"https:\\\/\\\/repliquemangacine.fr\\\/#organization\"},\"potentialAction\":[{\"@type\":\"SearchAction\",\"target\":{\"@type\":\"EntryPoint\",\"urlTemplate\":\"https:\\\/\\\/repliquemangacine.fr\\\/?s={search_term_string}\"},\"query-input\":{\"@type\":\"PropertyValueSpecification\",\"valueRequired\":true,\"valueName\":\"search_term_string\"}}],\"inLanguage\":\"de\"},{\"@type\":\"Organization\",\"@id\":\"https:\\\/\\\/repliquemangacine.fr\\\/#organization\",\"name\":\"R\u00e9plique Manga Cin\u00e9\",\"url\":\"https:\\\/\\\/repliquemangacine.fr\\\/\",\"logo\":{\"@type\":\"ImageObject\",\"inLanguage\":\"de\",\"@id\":\"https:\\\/\\\/repliquemangacine.fr\\\/#\\\/schema\\\/logo\\\/image\\\/\",\"url\":\"https:\\\/\\\/repliquemangacine.fr\\\/wp-content\\\/uploads\\\/2023\\\/10\\\/RMC-500250.png\",\"contentUrl\":\"https:\\\/\\\/repliquemangacine.fr\\\/wp-content\\\/uploads\\\/2023\\\/10\\\/RMC-500250.png\",\"width\":500,\"height\":250,\"caption\":\"R\u00e9plique Manga Cin\u00e9\"},\"image\":{\"@id\":\"https:\\\/\\\/repliquemangacine.fr\\\/#\\\/schema\\\/logo\\\/image\\\/\"},\"sameAs\":[\"https:\\\/\\\/www.facebook.com\\\/RepliqueMangaCine\",\"https:\\\/\\\/www.instagram.com\\\/repliquemangacine.fr\\\/\"]}]}<\/script>\n<!-- \/ Yoast SEO plugin. -->","yoast_head_json":{"title":"Sugarloaf Templer-Helm | R\u00e9plique Manga Cin\u00e9","description":"Schenken Sie ihm diesen Sugarloaf Templar Helm zum besten Preis - Ganz aus Stahl - Scharniervisier - Kopfschmuck aus Baumwolle - Funktional - Innen: 22.5cm","robots":{"index":"index","follow":"follow","max-snippet":"max-snippet:-1","max-image-preview":"max-image-preview:large","max-video-preview":"max-video-preview:-1"},"canonical":"https:\/\/repliquemangacine.fr\/de\/helm-helm-ritter-templer\/helm-templer-schwarz-helm-dark-knight-sugarloaf\/","og_locale":"de_DE","og_type":"article","og_title":"Heaume des Templiers Sugarloaf | R\u00e9plique Manga Cin\u00e9","og_description":"Offrez-lui ce Heaume des Templiers Sugarloaf au meilleur prix - Tout en acier - Visi\u00e8re \u00e0 charni\u00e8re - Coiffe en coton - Fonctionnel - Int\u00e9rieur : 22.5cm","og_url":"https:\/\/repliquemangacine.fr\/de\/helm-helm-ritter-templer\/helm-templer-schwarz-helm-dark-knight-sugarloaf\/","og_site_name":"R\u00e9plique Manga Cin\u00e9","article_publisher":"https:\/\/www.facebook.com\/RepliqueMangaCine","article_modified_time":"2025-09-23T16:01:47+00:00","og_image":[{"width":600,"height":600,"url":"https:\/\/repliquemangacine.fr\/wp-content\/uploads\/2023\/10\/1652-Casque-Templier-noir-Heaume-Dark-Knight.jpg","type":"image\/jpeg"}],"twitter_card":"summary_large_image","twitter_misc":{"Gesch\u00e4tzte Lesezeit":"2\u00a0Minuten"},"schema":{"@context":"https:\/\/schema.org","@graph":[{"@type":"WebPage","@id":"https:\/\/repliquemangacine.fr\/de\/helm-helm-ritter-templer\/helm-templer-schwarz-helm-dark-knight-sugarloaf\/","url":"https:\/\/repliquemangacine.fr\/de\/helm-helm-ritter-templer\/helm-templer-schwarz-helm-dark-knight-sugarloaf\/","name":"Sugarloaf Templer-Helm | R\u00e9plique Manga Cin\u00e9","isPartOf":{"@id":"https:\/\/repliquemangacine.fr\/#website"},"primaryImageOfPage":{"@id":"https:\/\/repliquemangacine.fr\/de\/helm-helm-ritter-templer\/helm-templer-schwarz-helm-dark-knight-sugarloaf\/#primaryimage"},"image":{"@id":"https:\/\/repliquemangacine.fr\/de\/helm-helm-ritter-templer\/helm-templer-schwarz-helm-dark-knight-sugarloaf\/#primaryimage"},"thumbnailUrl":"https:\/\/repliquemangacine.fr\/wp-content\/uploads\/2023\/10\/1652-Casque-Templier-noir-Heaume-Dark-Knight.jpg","datePublished":"2016-11-25T17:41:51+00:00","dateModified":"2025-09-23T16:01:47+00:00","description":"Schenken Sie ihm diesen Sugarloaf Templar Helm zum besten Preis - Ganz aus Stahl - Scharniervisier - Kopfschmuck aus Baumwolle - Funktional - Innen: 22.5cm","breadcrumb":{"@id":"https:\/\/repliquemangacine.fr\/de\/helm-helm-ritter-templer\/helm-templer-schwarz-helm-dark-knight-sugarloaf\/#breadcrumb"},"inLanguage":"de","potentialAction":[{"@type":"ReadAction","target":["https:\/\/repliquemangacine.fr\/de\/helm-helm-ritter-templer\/helm-templer-schwarz-helm-dark-knight-sugarloaf\/"]}]},{"@type":"ImageObject","inLanguage":"de","@id":"https:\/\/repliquemangacine.fr\/de\/helm-helm-ritter-templer\/helm-templer-schwarz-helm-dark-knight-sugarloaf\/#primaryimage","url":"https:\/\/repliquemangacine.fr\/wp-content\/uploads\/2023\/10\/1652-Casque-Templier-noir-Heaume-Dark-Knight.jpg","contentUrl":"https:\/\/repliquemangacine.fr\/wp-content\/uploads\/2023\/10\/1652-Casque-Templier-noir-Heaume-Dark-Knight.jpg","width":600,"height":600,"caption":"Heaume des Templiers Sugarloaf"},{"@type":"BreadcrumbList","@id":"https:\/\/repliquemangacine.fr\/de\/helm-helm-ritter-templer\/helm-templer-schwarz-helm-dark-knight-sugarloaf\/#breadcrumb","itemListElement":[{"@type":"ListItem","position":1,"name":"Accueil","item":"https:\/\/repliquemangacine.fr\/"},{"@type":"ListItem","position":2,"name":"Produits","item":"https:\/\/repliquemangacine.fr\/boutique\/"},{"@type":"ListItem","position":3,"name":"Templier noir"}]},{"@type":"WebSite","@id":"https:\/\/repliquemangacine.fr\/#website","url":"https:\/\/repliquemangacine.fr\/","name":"R\u00e9plique Manga Cin\u00e9","description":"","publisher":{"@id":"https:\/\/repliquemangacine.fr\/#organization"},"potentialAction":[{"@type":"SearchAction","target":{"@type":"EntryPoint","urlTemplate":"https:\/\/repliquemangacine.fr\/?s={search_term_string}"},"query-input":{"@type":"PropertyValueSpecification","valueRequired":true,"valueName":"search_term_string"}}],"inLanguage":"de"},{"@type":"Organization","@id":"https:\/\/repliquemangacine.fr\/#organization","name":"R\u00e9plique Manga Cin\u00e9","url":"https:\/\/repliquemangacine.fr\/","logo":{"@type":"ImageObject","inLanguage":"de","@id":"https:\/\/repliquemangacine.fr\/#\/schema\/logo\/image\/","url":"https:\/\/repliquemangacine.fr\/wp-content\/uploads\/2023\/10\/RMC-500250.png","contentUrl":"https:\/\/repliquemangacine.fr\/wp-content\/uploads\/2023\/10\/RMC-500250.png","width":500,"height":250,"caption":"R\u00e9plique Manga Cin\u00e9"},"image":{"@id":"https:\/\/repliquemangacine.fr\/#\/schema\/logo\/image\/"},"sameAs":["https:\/\/www.facebook.com\/RepliqueMangaCine","https:\/\/www.instagram.com\/repliquemangacine.fr\/"]}]}},"_links":{"self":[{"href":"https:\/\/repliquemangacine.fr\/de\/wp-json\/wp\/v2\/product\/26488","targetHints":{"allow":["GET"]}}],"collection":[{"href":"https:\/\/repliquemangacine.fr\/de\/wp-json\/wp\/v2\/product"}],"about":[{"href":"https:\/\/repliquemangacine.fr\/de\/wp-json\/wp\/v2\/types\/product"}],"wp:featuredmedia":[{"embeddable":true,"href":"https:\/\/repliquemangacine.fr\/de\/wp-json\/wp\/v2\/media\/26489"}],"wp:attachment":[{"href":"https:\/\/repliquemangacine.fr\/de\/wp-json\/wp\/v2\/media?parent=26488"}],"wp:term":[{"taxonomy":"product_brand","embeddable":true,"href":"https:\/\/repliquemangacine.fr\/de\/wp-json\/wp\/v2\/product_brand?post=26488"},{"taxonomy":"product_cat","embeddable":true,"href":"https:\/\/repliquemangacine.fr\/de\/wp-json\/wp\/v2\/product_cat?post=26488"},{"taxonomy":"product_tag","embeddable":true,"href":"https:\/\/repliquemangacine.fr\/de\/wp-json\/wp\/v2\/product_tag?post=26488"}],"curies":[{"name":"wp","href":"https:\/\/api.w.org\/{rel}","templated":true}]}}