





{"id":26480,"date":"2016-11-25T17:37:06","date_gmt":"2016-11-25T16:37:06","guid":{"rendered":"https:\/\/repliquemangacine.fr\/?post_type=product&#038;p=26480"},"modified":"2026-04-15T13:06:04","modified_gmt":"2026-04-15T11:06:04","slug":"maximus-gladiator-helm-helm-mit-spitzen","status":"publish","type":"product","link":"https:\/\/repliquemangacine.fr\/de\/katana-les-epees-de-films-et-series\/casque-maximus-gladiator-casque-avec-pointes\/","title":{"rendered":"Helm Maximus Gladiator"},"content":{"rendered":"<h2>Helm Maximus Gladiator<\/h2>\n<p>Zu Beginn wird der <strong>Maximus-Helm von Gladiator<\/strong>Der Film basiert auf dem britisch-amerikanischen Film von Ridley Scott aus dem Jahr 2000.<\/p>\n<p>Die Handlung erz\u00e4hlt vom Fall des r\u00f6mischen Generals Maximus Decimus (Russell Crowe), der zum Nachfolger von Mark Aurel bestimmt war. Bevor der Kaiser ermordet und der General brutal verraten und von Commodus (Joaquin Phoenix) zum Sterben zur\u00fcckgelassen wird.<\/p>\n<p>Maximus-Helm, der von den Gladiatorenk\u00e4mpfen der antiken r\u00f6mischen Epoche inspiriert ist. Vollst\u00e4ndig tragbar und kampfbereit.<\/p>\n<p>Gladiatorenhelm mit Eisenspitzen, hergestellt nach dem Film \"Gladiator\" von der Firma <a href=\"https:\/\/deepeeka.in\/\" target=\"_blank\" rel=\"noopener noreferrer\">Deepeeka<\/a>.<\/p>\n<p>Seit mehr als vier Jahrzehnten ist Deepeeka unglaublich erfolgreich. Entwickler und Exporteur von antiken Reproduktionen und allgemeinen handwerklichen Produkten.<\/p>\n<h2>Ihr Maximus Gladiator Helm zum besten Preis.<\/h2>\n<p>Wir bieten Ihnen eine gro\u00dfe Auswahl an filmischen und historischen Merchandising-Produkten.<\/p>\n<p>Zun\u00e4chst einmal,<\/p>\n<ul>\n<li>Die <a href=\"https:\/\/repliquemangacine.fr\/de\/antike-schwerter\/glaive-romain-noir\/\">Gladiator Glaive<\/a> ganz in Schwarz gekleidet.<\/li>\n<li>Es gibt auch den <a href=\"https:\/\/repliquemangacine.fr\/de\/historische-waffen\/glaive-jules-cesar-schwarz\/\">Schwert von Julius C\u00e4sar<\/a> reich verziert.<\/li>\n<li>Sowie die<a href=\"https:\/\/repliquemangacine.fr\/de\/historische-waffen\/schlagschwert-mittelalterliches-kampfschwert\/\">mittelalterliches Kampfschwert<\/a> mit Kehle.<\/li>\n<li>Und noch viel mehr gibt es in unserem Online-Shop zu entdecken!<\/li>\n<\/ul>\n<p>Deshalb sind hier tolle Geschenkideen f\u00fcr alle Geschichtsinteressierten.<\/p>\n<p>Abschlie\u00dfend k\u00f6nnen Sie den <strong>Helm Maximus Gladiator<\/strong> f\u00fcr Ihre historischen Reenactments oder Themenabende.<\/p>\n<h2>Wie werden Ihre Sammelobjekte hergestellt?<\/h2>\n<p>Zun\u00e4chst einmal sind alle unsere Produkte von hoher Qualit\u00e4t und werden mit besonderer Sorgfalt hergestellt. Die Herstellung erfolgt zum Teil von Hand, um jedes noch so kleine Detail zu reproduzieren. Gr\u00f6\u00dfere Teile werden von pr\u00e4zisen Maschinen bearbeitet. Die Gravuren werden in der Regel mit einer Diamantspitze oder einem Laser ausgef\u00fchrt.<\/p>\n<p>Ihre <strong>Helm Maximus Gladiator<\/strong> hergestellt, um jedes Detail genau zu reproduzieren. Um dem Erbe der originalen Meisterwerke gerecht zu werden. Der Schwerpunkt liegt darauf, qualitativ hochwertige Repliken herzustellen, die so historisch genau wie m\u00f6glich sind.<\/p>\n<p>Abschlie\u00dfend sei gesagt, dass unsere Repliken, die aus China, Spanien oder Indien importiert wurden, Sie in Erstaunen versetzen werden!<\/p>\n<p>R\u00e9plique Manga Cin\u00e9 ist ein franz\u00f6sisches Familienunternehmen.<\/p>","protected":false},"excerpt":{"rendered":"<p>Wundersch\u00f6ne Nachbildung des Helms von Maximus alias Russel Crowe in Ridley Scotts Film Gladiator in Originalgr\u00f6\u00dfe.<\/p>\n<ul>\n<li>Vollst\u00e4ndig aus poliertem Stahl mit speziellen Spitzen.<\/li>\n<li>Schutzkissen aus Baumwolle f\u00fcr mehr Komfort.<\/li>\n<li>H\u00f6he: 33 cm - Gewicht: 1495 grs<\/li>\n<\/ul>","protected":false},"featured_media":26481,"template":"","meta":[],"product_brand":[896],"product_cat":[25,91,66,82,24],"product_tag":[],"class_list":{"0":"post-26480","1":"product","2":"type-product","3":"status-publish","4":"has-post-thumbnail","6":"product_brand-replique-manga-cine","7":"product_cat-armes-historiques","8":"product_cat-katana-les-epees-de-films-et-series","9":"product_cat-repliques-d-armes-films-et-series","10":"product_cat-casques-romains-et-grecs","11":"product_cat-films-series-tv-vente-de-katana-epee-et-produits-derives","13":"first","14":"instock","15":"taxable","16":"shipping-taxable","17":"purchasable","18":"product-type-simple"},"yoast_head":"<!-- This site is optimized with the Yoast SEO plugin v27.5 - https:\/\/yoast.com\/product\/yoast-seo-wordpress\/ -->\n<title>Casque Maximus - Casque Gladiator | R\u00e9plique Manga Cin\u00e9<\/title>\n<meta name=\"description\" content=\"R\u00e9plique en taille r\u00e9elle du Casque Maximus Gladiator au meilleur prix - Tout en acier avec pointes - Coussin de protection - Fonctionnel - Hauteur : 33cm\" \/>\n<meta name=\"robots\" content=\"index, follow, max-snippet:-1, max-image-preview:large, max-video-preview:-1\" \/>\n<link rel=\"canonical\" href=\"https:\/\/repliquemangacine.fr\/de\/katana-die-schwerter-aus-filmen-und-serien\/maximus-gladiator-helm-helm-mit-spitzen\/\" \/>\n<meta property=\"og:locale\" content=\"de_DE\" \/>\n<meta property=\"og:type\" content=\"article\" \/>\n<meta property=\"og:title\" content=\"Casque Maximus - Casque Gladiator | R\u00e9plique Manga Cin\u00e9\" \/>\n<meta property=\"og:description\" content=\"R\u00e9plique en taille r\u00e9elle du Casque Maximus Gladiator au meilleur prix - Tout en acier avec pointes - Coussin de protection - Fonctionnel - Hauteur : 33cm\" \/>\n<meta property=\"og:url\" content=\"https:\/\/repliquemangacine.fr\/de\/katana-die-schwerter-aus-filmen-und-serien\/maximus-gladiator-helm-helm-mit-spitzen\/\" \/>\n<meta property=\"og:site_name\" content=\"R\u00e9plique Manga Cin\u00e9\" \/>\n<meta property=\"article:publisher\" content=\"https:\/\/www.facebook.com\/RepliqueMangaCine\" \/>\n<meta property=\"article:modified_time\" content=\"2026-04-15T11:06:04+00:00\" \/>\n<meta property=\"og:image\" content=\"https:\/\/repliquemangacine.fr\/wp-content\/uploads\/2023\/10\/1645-Casque-Maximus-Gladiator-Casque-avec-pointes.jpg\" \/>\n\t<meta property=\"og:image:width\" content=\"600\" \/>\n\t<meta property=\"og:image:height\" content=\"600\" \/>\n\t<meta property=\"og:image:type\" content=\"image\/jpeg\" \/>\n<meta name=\"twitter:card\" content=\"summary_large_image\" \/>\n<meta name=\"twitter:label1\" content=\"Gesch\u00e4tzte Lesezeit\" \/>\n\t<meta name=\"twitter:data1\" content=\"2\u00a0Minuten\" \/>\n<script type=\"application\/ld+json\" class=\"yoast-schema-graph\">{\"@context\":\"https:\\\/\\\/schema.org\",\"@graph\":[{\"@type\":\"WebPage\",\"@id\":\"https:\\\/\\\/repliquemangacine.fr\\\/katana-les-epees-de-films-et-series\\\/casque-maximus-gladiator-casque-avec-pointes\\\/\",\"url\":\"https:\\\/\\\/repliquemangacine.fr\\\/katana-les-epees-de-films-et-series\\\/casque-maximus-gladiator-casque-avec-pointes\\\/\",\"name\":\"Casque Maximus - Casque Gladiator | R\u00e9plique Manga Cin\u00e9\",\"isPartOf\":{\"@id\":\"https:\\\/\\\/repliquemangacine.fr\\\/#website\"},\"primaryImageOfPage\":{\"@id\":\"https:\\\/\\\/repliquemangacine.fr\\\/katana-les-epees-de-films-et-series\\\/casque-maximus-gladiator-casque-avec-pointes\\\/#primaryimage\"},\"image\":{\"@id\":\"https:\\\/\\\/repliquemangacine.fr\\\/katana-les-epees-de-films-et-series\\\/casque-maximus-gladiator-casque-avec-pointes\\\/#primaryimage\"},\"thumbnailUrl\":\"https:\\\/\\\/repliquemangacine.fr\\\/wp-content\\\/uploads\\\/2023\\\/10\\\/1645-Casque-Maximus-Gladiator-Casque-avec-pointes.jpg\",\"datePublished\":\"2016-11-25T16:37:06+00:00\",\"dateModified\":\"2026-04-15T11:06:04+00:00\",\"description\":\"R\u00e9plique en taille r\u00e9elle du Casque Maximus Gladiator au meilleur prix - Tout en acier avec pointes - Coussin de protection - Fonctionnel - Hauteur : 33cm\",\"breadcrumb\":{\"@id\":\"https:\\\/\\\/repliquemangacine.fr\\\/katana-les-epees-de-films-et-series\\\/casque-maximus-gladiator-casque-avec-pointes\\\/#breadcrumb\"},\"inLanguage\":\"de\",\"potentialAction\":[{\"@type\":\"ReadAction\",\"target\":[\"https:\\\/\\\/repliquemangacine.fr\\\/katana-les-epees-de-films-et-series\\\/casque-maximus-gladiator-casque-avec-pointes\\\/\"]}]},{\"@type\":\"ImageObject\",\"inLanguage\":\"de\",\"@id\":\"https:\\\/\\\/repliquemangacine.fr\\\/katana-les-epees-de-films-et-series\\\/casque-maximus-gladiator-casque-avec-pointes\\\/#primaryimage\",\"url\":\"https:\\\/\\\/repliquemangacine.fr\\\/wp-content\\\/uploads\\\/2023\\\/10\\\/1645-Casque-Maximus-Gladiator-Casque-avec-pointes.jpg\",\"contentUrl\":\"https:\\\/\\\/repliquemangacine.fr\\\/wp-content\\\/uploads\\\/2023\\\/10\\\/1645-Casque-Maximus-Gladiator-Casque-avec-pointes.jpg\",\"width\":600,\"height\":600,\"caption\":\"Casque Maximus Gladiator - Casque avec pointes\"},{\"@type\":\"BreadcrumbList\",\"@id\":\"https:\\\/\\\/repliquemangacine.fr\\\/katana-les-epees-de-films-et-series\\\/casque-maximus-gladiator-casque-avec-pointes\\\/#breadcrumb\",\"itemListElement\":[{\"@type\":\"ListItem\",\"position\":1,\"name\":\"Accueil\",\"item\":\"https:\\\/\\\/repliquemangacine.fr\\\/\"},{\"@type\":\"ListItem\",\"position\":2,\"name\":\"Produits\",\"item\":\"https:\\\/\\\/repliquemangacine.fr\\\/boutique\\\/\"},{\"@type\":\"ListItem\",\"position\":3,\"name\":\"Casque Maximus Gladiator\"}]},{\"@type\":\"WebSite\",\"@id\":\"https:\\\/\\\/repliquemangacine.fr\\\/#website\",\"url\":\"https:\\\/\\\/repliquemangacine.fr\\\/\",\"name\":\"R\u00e9plique Manga Cin\u00e9\",\"description\":\"\",\"publisher\":{\"@id\":\"https:\\\/\\\/repliquemangacine.fr\\\/#organization\"},\"potentialAction\":[{\"@type\":\"SearchAction\",\"target\":{\"@type\":\"EntryPoint\",\"urlTemplate\":\"https:\\\/\\\/repliquemangacine.fr\\\/?s={search_term_string}\"},\"query-input\":{\"@type\":\"PropertyValueSpecification\",\"valueRequired\":true,\"valueName\":\"search_term_string\"}}],\"inLanguage\":\"de\"},{\"@type\":\"Organization\",\"@id\":\"https:\\\/\\\/repliquemangacine.fr\\\/#organization\",\"name\":\"R\u00e9plique Manga Cin\u00e9\",\"url\":\"https:\\\/\\\/repliquemangacine.fr\\\/\",\"logo\":{\"@type\":\"ImageObject\",\"inLanguage\":\"de\",\"@id\":\"https:\\\/\\\/repliquemangacine.fr\\\/#\\\/schema\\\/logo\\\/image\\\/\",\"url\":\"https:\\\/\\\/repliquemangacine.fr\\\/wp-content\\\/uploads\\\/2023\\\/10\\\/RMC-500250.png\",\"contentUrl\":\"https:\\\/\\\/repliquemangacine.fr\\\/wp-content\\\/uploads\\\/2023\\\/10\\\/RMC-500250.png\",\"width\":500,\"height\":250,\"caption\":\"R\u00e9plique Manga Cin\u00e9\"},\"image\":{\"@id\":\"https:\\\/\\\/repliquemangacine.fr\\\/#\\\/schema\\\/logo\\\/image\\\/\"},\"sameAs\":[\"https:\\\/\\\/www.facebook.com\\\/RepliqueMangaCine\",\"https:\\\/\\\/www.instagram.com\\\/repliquemangacine.fr\\\/\"]}]}<\/script>\n<!-- \/ Yoast SEO plugin. -->","yoast_head_json":{"title":"Maximus Helm - Gladiator Helm | R\u00e9plique Manga Cin\u00e9","description":"Lebensgro\u00dfe Replik des Maximus Gladiator Helms zum besten Preis - Ganz aus Stahl mit Stacheln - Schutzkissen - Funktional - H\u00f6he: 33cm","robots":{"index":"index","follow":"follow","max-snippet":"max-snippet:-1","max-image-preview":"max-image-preview:large","max-video-preview":"max-video-preview:-1"},"canonical":"https:\/\/repliquemangacine.fr\/de\/katana-die-schwerter-aus-filmen-und-serien\/maximus-gladiator-helm-helm-mit-spitzen\/","og_locale":"de_DE","og_type":"article","og_title":"Casque Maximus - Casque Gladiator | R\u00e9plique Manga Cin\u00e9","og_description":"R\u00e9plique en taille r\u00e9elle du Casque Maximus Gladiator au meilleur prix - Tout en acier avec pointes - Coussin de protection - Fonctionnel - Hauteur : 33cm","og_url":"https:\/\/repliquemangacine.fr\/de\/katana-die-schwerter-aus-filmen-und-serien\/maximus-gladiator-helm-helm-mit-spitzen\/","og_site_name":"R\u00e9plique Manga Cin\u00e9","article_publisher":"https:\/\/www.facebook.com\/RepliqueMangaCine","article_modified_time":"2026-04-15T11:06:04+00:00","og_image":[{"width":600,"height":600,"url":"https:\/\/repliquemangacine.fr\/wp-content\/uploads\/2023\/10\/1645-Casque-Maximus-Gladiator-Casque-avec-pointes.jpg","type":"image\/jpeg"}],"twitter_card":"summary_large_image","twitter_misc":{"Gesch\u00e4tzte Lesezeit":"2\u00a0Minuten"},"schema":{"@context":"https:\/\/schema.org","@graph":[{"@type":"WebPage","@id":"https:\/\/repliquemangacine.fr\/katana-les-epees-de-films-et-series\/casque-maximus-gladiator-casque-avec-pointes\/","url":"https:\/\/repliquemangacine.fr\/katana-les-epees-de-films-et-series\/casque-maximus-gladiator-casque-avec-pointes\/","name":"Maximus Helm - Gladiator Helm | R\u00e9plique Manga Cin\u00e9","isPartOf":{"@id":"https:\/\/repliquemangacine.fr\/#website"},"primaryImageOfPage":{"@id":"https:\/\/repliquemangacine.fr\/katana-les-epees-de-films-et-series\/casque-maximus-gladiator-casque-avec-pointes\/#primaryimage"},"image":{"@id":"https:\/\/repliquemangacine.fr\/katana-les-epees-de-films-et-series\/casque-maximus-gladiator-casque-avec-pointes\/#primaryimage"},"thumbnailUrl":"https:\/\/repliquemangacine.fr\/wp-content\/uploads\/2023\/10\/1645-Casque-Maximus-Gladiator-Casque-avec-pointes.jpg","datePublished":"2016-11-25T16:37:06+00:00","dateModified":"2026-04-15T11:06:04+00:00","description":"Lebensgro\u00dfe Replik des Maximus Gladiator Helms zum besten Preis - Ganz aus Stahl mit Stacheln - Schutzkissen - Funktional - H\u00f6he: 33cm","breadcrumb":{"@id":"https:\/\/repliquemangacine.fr\/katana-les-epees-de-films-et-series\/casque-maximus-gladiator-casque-avec-pointes\/#breadcrumb"},"inLanguage":"de","potentialAction":[{"@type":"ReadAction","target":["https:\/\/repliquemangacine.fr\/katana-les-epees-de-films-et-series\/casque-maximus-gladiator-casque-avec-pointes\/"]}]},{"@type":"ImageObject","inLanguage":"de","@id":"https:\/\/repliquemangacine.fr\/katana-les-epees-de-films-et-series\/casque-maximus-gladiator-casque-avec-pointes\/#primaryimage","url":"https:\/\/repliquemangacine.fr\/wp-content\/uploads\/2023\/10\/1645-Casque-Maximus-Gladiator-Casque-avec-pointes.jpg","contentUrl":"https:\/\/repliquemangacine.fr\/wp-content\/uploads\/2023\/10\/1645-Casque-Maximus-Gladiator-Casque-avec-pointes.jpg","width":600,"height":600,"caption":"Casque Maximus Gladiator - Casque avec pointes"},{"@type":"BreadcrumbList","@id":"https:\/\/repliquemangacine.fr\/katana-les-epees-de-films-et-series\/casque-maximus-gladiator-casque-avec-pointes\/#breadcrumb","itemListElement":[{"@type":"ListItem","position":1,"name":"Accueil","item":"https:\/\/repliquemangacine.fr\/"},{"@type":"ListItem","position":2,"name":"Produits","item":"https:\/\/repliquemangacine.fr\/boutique\/"},{"@type":"ListItem","position":3,"name":"Casque Maximus Gladiator"}]},{"@type":"WebSite","@id":"https:\/\/repliquemangacine.fr\/#website","url":"https:\/\/repliquemangacine.fr\/","name":"R\u00e9plique Manga Cin\u00e9","description":"","publisher":{"@id":"https:\/\/repliquemangacine.fr\/#organization"},"potentialAction":[{"@type":"SearchAction","target":{"@type":"EntryPoint","urlTemplate":"https:\/\/repliquemangacine.fr\/?s={search_term_string}"},"query-input":{"@type":"PropertyValueSpecification","valueRequired":true,"valueName":"search_term_string"}}],"inLanguage":"de"},{"@type":"Organization","@id":"https:\/\/repliquemangacine.fr\/#organization","name":"R\u00e9plique Manga Cin\u00e9","url":"https:\/\/repliquemangacine.fr\/","logo":{"@type":"ImageObject","inLanguage":"de","@id":"https:\/\/repliquemangacine.fr\/#\/schema\/logo\/image\/","url":"https:\/\/repliquemangacine.fr\/wp-content\/uploads\/2023\/10\/RMC-500250.png","contentUrl":"https:\/\/repliquemangacine.fr\/wp-content\/uploads\/2023\/10\/RMC-500250.png","width":500,"height":250,"caption":"R\u00e9plique Manga Cin\u00e9"},"image":{"@id":"https:\/\/repliquemangacine.fr\/#\/schema\/logo\/image\/"},"sameAs":["https:\/\/www.facebook.com\/RepliqueMangaCine","https:\/\/www.instagram.com\/repliquemangacine.fr\/"]}]}},"_links":{"self":[{"href":"https:\/\/repliquemangacine.fr\/de\/wp-json\/wp\/v2\/product\/26480","targetHints":{"allow":["GET"]}}],"collection":[{"href":"https:\/\/repliquemangacine.fr\/de\/wp-json\/wp\/v2\/product"}],"about":[{"href":"https:\/\/repliquemangacine.fr\/de\/wp-json\/wp\/v2\/types\/product"}],"wp:featuredmedia":[{"embeddable":true,"href":"https:\/\/repliquemangacine.fr\/de\/wp-json\/wp\/v2\/media\/26481"}],"wp:attachment":[{"href":"https:\/\/repliquemangacine.fr\/de\/wp-json\/wp\/v2\/media?parent=26480"}],"wp:term":[{"taxonomy":"product_brand","embeddable":true,"href":"https:\/\/repliquemangacine.fr\/de\/wp-json\/wp\/v2\/product_brand?post=26480"},{"taxonomy":"product_cat","embeddable":true,"href":"https:\/\/repliquemangacine.fr\/de\/wp-json\/wp\/v2\/product_cat?post=26480"},{"taxonomy":"product_tag","embeddable":true,"href":"https:\/\/repliquemangacine.fr\/de\/wp-json\/wp\/v2\/product_tag?post=26480"}],"curies":[{"name":"wp","href":"https:\/\/api.w.org\/{rel}","templated":true}]}}