





{"id":26472,"date":"2016-11-25T16:50:07","date_gmt":"2016-11-25T15:50:07","guid":{"rendered":"https:\/\/repliquemangacine.fr\/?post_type=product&#038;p=26472"},"modified":"2026-02-24T15:27:23","modified_gmt":"2026-02-24T14:27:23","slug":"armet-helm-einer-englischen-rustung","status":"publish","type":"product","link":"https:\/\/repliquemangacine.fr\/de\/heaume-casque-chevalier-templier\/armet-casque-d-armure-anglaise\/","title":{"rendered":"Armet R\u00fcstungshelm englisch"},"content":{"rendered":"<h2>Armet Helm der englischen R\u00fcstung<\/h2>\n<p>Zu Beginn wird die<strong>Armet Helm aus englischer R\u00fcstung<\/strong>, eine im 15. Jahrhundert entwickelte Art von Helm.<\/p>\n<p>Um seinen Kopf zu sch\u00fctzen, verbirgt der Ritter ihn mehr oder weniger unter einem Helm, dem Heaume. Dieser war zun\u00e4chst kegelf\u00f6rmig und verf\u00fcgte \u00fcber einen Nasenschutz. Dann umh\u00fcllte er den Kopf immer mehr, bis er um 1200 den gesamten Kopf bedeckte. \u00d6ffnungen auf Augenh\u00f6he erm\u00f6glichten das Sehen und wurden mit einem Riemen befestigt.<\/p>\n<p>Er zeichnete sich dadurch aus, dass er als erster Helm seiner Zeit den Kopf vollst\u00e4ndig umschloss und gleichzeitig kompakt und leicht war, sodass er sich mit dem Tr\u00e4ger mitbewegen konnte.<\/p>\n<h2>Ihr Armet Helm aus englischer R\u00fcstung zum besten Preis.<\/h2>\n<p>Wir bieten Ihnen eine gro\u00dfe Auswahl an mittelalterlichen Schwertern und Accessoires.<\/p>\n<p>Zun\u00e4chst einmal,<\/p>\n<ul>\n<li>L'<a href=\"https:\/\/repliquemangacine.fr\/de\/mittelalterliches-schwert-der-templer\/epee-fleur-de-lys-saint-louis\/\">Schwert Fleur de Lys<\/a> von saint louis hergestellt von <a href=\"https:\/\/www.denix.fr\/\" target=\"_blank\" rel=\"noopener noreferrer\">Denix<\/a>.<\/li>\n<li>Sowie die <a href=\"https:\/\/repliquemangacine.fr\/de\/historische-waffen\/hache-de-combat-de-l-infanterie-francaise\/\">Infanterieaxt,<\/a> diese Streitaxt hat zwei Stachelspitzen.<\/li>\n<li>Es gibt auch die <a href=\"https:\/\/repliquemangacine.fr\/de\/mittelalterlicher-dolch\/dague-de-franc-macon\/\">Dolch der Freimaurer<\/a> mit ihrem Motto<\/li>\n<li>Und noch viel mehr gibt es in unserem Online-Shop zu entdecken!<\/li>\n<\/ul>\n<p>Deshalb ist dies eine gro\u00dfartige Geschenkidee f\u00fcr alle Liebhaber historischer Waffen.<\/p>\n<p>Zusammenfassend l\u00e4sst sich sagen, dass Sie dieses <strong>Armet Helm aus englischer R\u00fcstung<\/strong> f\u00fcr Ihre Historischen Rekonstruktionen. Vor allem aber ist diese Waffe ein Sammler- und Dekorationsst\u00fcck.<\/p>\n<h2>Wie werden Ihre Sammelobjekte hergestellt?<\/h2>\n<p>Zun\u00e4chst einmal sind alle unsere Produkte von hoher Qualit\u00e4t und werden mit besonderer Sorgfalt hergestellt. Die Herstellung erfolgt zum Teil von Hand, um jedes noch so kleine Detail zu reproduzieren. Gr\u00f6\u00dfere Teile werden von pr\u00e4zisen Maschinen bearbeitet. Die Gravuren werden in der Regel mit einer Diamantspitze oder einem Laser ausgef\u00fchrt.<\/p>\n<p>Ihre <strong>Armet Helm aus englischer R\u00fcstung<\/strong> hergestellt, um jedes Detail exakt nachzubilden. Um dem Erbe der urspr\u00fcnglichen Meisterwerke gerecht zu werden. Der Schwerpunkt liegt auf der Herstellung hochwertiger Repliken, die so historisch genau wie m\u00f6glich sind.<\/p>\n<p>Abschlie\u00dfend sei gesagt, dass unsere Repliken, die aus China, Spanien oder Indien importiert wurden, Sie in Erstaunen versetzen werden!<\/p>\n<p>R\u00e9plique Manga Cin\u00e9 ist ein franz\u00f6sisches Familienunternehmen.<\/p>","protected":false},"excerpt":{"rendered":"<p>Geschlossener englischer Helm der Marke Deepeeka<\/p>\n<ul>\n<li>Handgefertigt aus poliertem Stahl<\/li>\n<li>Verstellbares Lederfutter.<\/li>\n<li>Vollst\u00e4ndig funktional.<\/li>\n<li>Stahldicke 1,5 mm.<\/li>\n<li>Innenseite vorne bis hinten: 22 cm - Innenseite von Ohr zu Ohr: 20 cm - H\u00f6he: 39 cm<\/li>\n<\/ul>","protected":false},"featured_media":26473,"template":"","meta":[],"product_brand":[896],"product_cat":[25,89,43],"product_tag":[],"class_list":{"0":"post-26472","1":"product","2":"type-product","3":"status-publish","4":"has-post-thumbnail","6":"product_brand-replique-manga-cine","7":"product_cat-armes-historiques","8":"product_cat-heaume-casque-chevalier-templier","9":"product_cat-reproductions-d-armes-et-accessoires-medievales","11":"first","12":"outofstock","13":"taxable","14":"shipping-taxable","15":"purchasable","16":"product-type-simple"},"yoast_head":"<!-- This site is optimized with the Yoast SEO plugin v27.5 - https:\/\/yoast.com\/product\/yoast-seo-wordpress\/ -->\n<title>Armet casque d&#039;armure anglaise - Vente heaume m\u00e9di\u00e9val |RMC<\/title>\n<meta name=\"description\" content=\"D\u00e9couvrez ! Cet Armet casque d&#039;armure anglaise au meilleur prix - Fabriqu\u00e9 \u00e0 la main - Acier poli - Fonctionnel - \u00c9paisseur acier 1.5mm - Doublure cuir\" \/>\n<meta name=\"robots\" content=\"index, follow, max-snippet:-1, max-image-preview:large, max-video-preview:-1\" \/>\n<link rel=\"canonical\" href=\"https:\/\/repliquemangacine.fr\/de\/helm-helm-ritter-templer\/armet-helm-einer-englischen-rustung\/\" \/>\n<meta property=\"og:locale\" content=\"de_DE\" \/>\n<meta property=\"og:type\" content=\"article\" \/>\n<meta property=\"og:title\" content=\"Armet casque d&#039;armure anglaise - Vente heaume m\u00e9di\u00e9val |RMC\" \/>\n<meta property=\"og:description\" content=\"D\u00e9couvrez ! Cet Armet casque d&#039;armure anglaise au meilleur prix - Fabriqu\u00e9 \u00e0 la main - Acier poli - Fonctionnel - \u00c9paisseur acier 1.5mm - Doublure cuir\" \/>\n<meta property=\"og:url\" content=\"https:\/\/repliquemangacine.fr\/de\/helm-helm-ritter-templer\/armet-helm-einer-englischen-rustung\/\" \/>\n<meta property=\"og:site_name\" content=\"R\u00e9plique Manga Cin\u00e9\" \/>\n<meta property=\"article:publisher\" content=\"https:\/\/www.facebook.com\/RepliqueMangaCine\" \/>\n<meta property=\"article:modified_time\" content=\"2026-02-24T14:27:23+00:00\" \/>\n<meta property=\"og:image\" content=\"https:\/\/repliquemangacine.fr\/wp-content\/uploads\/2023\/10\/1642-Armet-Anglais-Casque-dArmure.jpg\" \/>\n\t<meta property=\"og:image:width\" content=\"600\" \/>\n\t<meta property=\"og:image:height\" content=\"600\" \/>\n\t<meta property=\"og:image:type\" content=\"image\/jpeg\" \/>\n<meta name=\"twitter:card\" content=\"summary_large_image\" \/>\n<meta name=\"twitter:label1\" content=\"Gesch\u00e4tzte Lesezeit\" \/>\n\t<meta name=\"twitter:data1\" content=\"2\u00a0Minuten\" \/>\n<script type=\"application\/ld+json\" class=\"yoast-schema-graph\">{\"@context\":\"https:\\\/\\\/schema.org\",\"@graph\":[{\"@type\":\"WebPage\",\"@id\":\"https:\\\/\\\/repliquemangacine.fr\\\/de\\\/helm-helm-ritter-templer\\\/armet-helm-einer-englischen-rustung\\\/\",\"url\":\"https:\\\/\\\/repliquemangacine.fr\\\/de\\\/helm-helm-ritter-templer\\\/armet-helm-einer-englischen-rustung\\\/\",\"name\":\"Armet casque d'armure anglaise - Vente heaume m\u00e9di\u00e9val |RMC\",\"isPartOf\":{\"@id\":\"https:\\\/\\\/repliquemangacine.fr\\\/#website\"},\"primaryImageOfPage\":{\"@id\":\"https:\\\/\\\/repliquemangacine.fr\\\/de\\\/helm-helm-ritter-templer\\\/armet-helm-einer-englischen-rustung\\\/#primaryimage\"},\"image\":{\"@id\":\"https:\\\/\\\/repliquemangacine.fr\\\/de\\\/helm-helm-ritter-templer\\\/armet-helm-einer-englischen-rustung\\\/#primaryimage\"},\"thumbnailUrl\":\"https:\\\/\\\/repliquemangacine.fr\\\/wp-content\\\/uploads\\\/2023\\\/10\\\/1642-Armet-Anglais-Casque-dArmure.jpg\",\"datePublished\":\"2016-11-25T15:50:07+00:00\",\"dateModified\":\"2026-02-24T14:27:23+00:00\",\"description\":\"D\u00e9couvrez ! Cet Armet casque d'armure anglaise au meilleur prix - Fabriqu\u00e9 \u00e0 la main - Acier poli - Fonctionnel - \u00c9paisseur acier 1.5mm - Doublure cuir\",\"breadcrumb\":{\"@id\":\"https:\\\/\\\/repliquemangacine.fr\\\/de\\\/helm-helm-ritter-templer\\\/armet-helm-einer-englischen-rustung\\\/#breadcrumb\"},\"inLanguage\":\"de\",\"potentialAction\":[{\"@type\":\"ReadAction\",\"target\":[\"https:\\\/\\\/repliquemangacine.fr\\\/de\\\/helm-helm-ritter-templer\\\/armet-helm-einer-englischen-rustung\\\/\"]}]},{\"@type\":\"ImageObject\",\"inLanguage\":\"de\",\"@id\":\"https:\\\/\\\/repliquemangacine.fr\\\/de\\\/helm-helm-ritter-templer\\\/armet-helm-einer-englischen-rustung\\\/#primaryimage\",\"url\":\"https:\\\/\\\/repliquemangacine.fr\\\/wp-content\\\/uploads\\\/2023\\\/10\\\/1642-Armet-Anglais-Casque-dArmure.jpg\",\"contentUrl\":\"https:\\\/\\\/repliquemangacine.fr\\\/wp-content\\\/uploads\\\/2023\\\/10\\\/1642-Armet-Anglais-Casque-dArmure.jpg\",\"width\":600,\"height\":600,\"caption\":\"Armet Anglais - Casque d'Armure\"},{\"@type\":\"BreadcrumbList\",\"@id\":\"https:\\\/\\\/repliquemangacine.fr\\\/de\\\/helm-helm-ritter-templer\\\/armet-helm-einer-englischen-rustung\\\/#breadcrumb\",\"itemListElement\":[{\"@type\":\"ListItem\",\"position\":1,\"name\":\"Accueil\",\"item\":\"https:\\\/\\\/repliquemangacine.fr\\\/\"},{\"@type\":\"ListItem\",\"position\":2,\"name\":\"Produits\",\"item\":\"https:\\\/\\\/repliquemangacine.fr\\\/boutique\\\/\"},{\"@type\":\"ListItem\",\"position\":3,\"name\":\"Armet Casque d&#8217;Armure anglais\"}]},{\"@type\":\"WebSite\",\"@id\":\"https:\\\/\\\/repliquemangacine.fr\\\/#website\",\"url\":\"https:\\\/\\\/repliquemangacine.fr\\\/\",\"name\":\"R\u00e9plique Manga Cin\u00e9\",\"description\":\"\",\"publisher\":{\"@id\":\"https:\\\/\\\/repliquemangacine.fr\\\/#organization\"},\"potentialAction\":[{\"@type\":\"SearchAction\",\"target\":{\"@type\":\"EntryPoint\",\"urlTemplate\":\"https:\\\/\\\/repliquemangacine.fr\\\/?s={search_term_string}\"},\"query-input\":{\"@type\":\"PropertyValueSpecification\",\"valueRequired\":true,\"valueName\":\"search_term_string\"}}],\"inLanguage\":\"de\"},{\"@type\":\"Organization\",\"@id\":\"https:\\\/\\\/repliquemangacine.fr\\\/#organization\",\"name\":\"R\u00e9plique Manga Cin\u00e9\",\"url\":\"https:\\\/\\\/repliquemangacine.fr\\\/\",\"logo\":{\"@type\":\"ImageObject\",\"inLanguage\":\"de\",\"@id\":\"https:\\\/\\\/repliquemangacine.fr\\\/#\\\/schema\\\/logo\\\/image\\\/\",\"url\":\"https:\\\/\\\/repliquemangacine.fr\\\/wp-content\\\/uploads\\\/2023\\\/10\\\/RMC-500250.png\",\"contentUrl\":\"https:\\\/\\\/repliquemangacine.fr\\\/wp-content\\\/uploads\\\/2023\\\/10\\\/RMC-500250.png\",\"width\":500,\"height\":250,\"caption\":\"R\u00e9plique Manga Cin\u00e9\"},\"image\":{\"@id\":\"https:\\\/\\\/repliquemangacine.fr\\\/#\\\/schema\\\/logo\\\/image\\\/\"},\"sameAs\":[\"https:\\\/\\\/www.facebook.com\\\/RepliqueMangaCine\",\"https:\\\/\\\/www.instagram.com\\\/repliquemangacine.fr\\\/\"]}]}<\/script>\n<!-- \/ Yoast SEO plugin. -->","yoast_head_json":{"title":"Armet Englische R\u00fcstung Helm - Mittelalterliche Helme Verkauf |RMC","description":"Entdecken Sie! Dieser Armet Helm aus englischer R\u00fcstung zum besten Preis - Handgefertigt - Polierter Stahl - Funktional - Stahlst\u00e4rke 1.5mm - Lederfutter","robots":{"index":"index","follow":"follow","max-snippet":"max-snippet:-1","max-image-preview":"max-image-preview:large","max-video-preview":"max-video-preview:-1"},"canonical":"https:\/\/repliquemangacine.fr\/de\/helm-helm-ritter-templer\/armet-helm-einer-englischen-rustung\/","og_locale":"de_DE","og_type":"article","og_title":"Armet casque d'armure anglaise - Vente heaume m\u00e9di\u00e9val |RMC","og_description":"D\u00e9couvrez ! Cet Armet casque d'armure anglaise au meilleur prix - Fabriqu\u00e9 \u00e0 la main - Acier poli - Fonctionnel - \u00c9paisseur acier 1.5mm - Doublure cuir","og_url":"https:\/\/repliquemangacine.fr\/de\/helm-helm-ritter-templer\/armet-helm-einer-englischen-rustung\/","og_site_name":"R\u00e9plique Manga Cin\u00e9","article_publisher":"https:\/\/www.facebook.com\/RepliqueMangaCine","article_modified_time":"2026-02-24T14:27:23+00:00","og_image":[{"width":600,"height":600,"url":"https:\/\/repliquemangacine.fr\/wp-content\/uploads\/2023\/10\/1642-Armet-Anglais-Casque-dArmure.jpg","type":"image\/jpeg"}],"twitter_card":"summary_large_image","twitter_misc":{"Gesch\u00e4tzte Lesezeit":"2\u00a0Minuten"},"schema":{"@context":"https:\/\/schema.org","@graph":[{"@type":"WebPage","@id":"https:\/\/repliquemangacine.fr\/de\/helm-helm-ritter-templer\/armet-helm-einer-englischen-rustung\/","url":"https:\/\/repliquemangacine.fr\/de\/helm-helm-ritter-templer\/armet-helm-einer-englischen-rustung\/","name":"Armet Englische R\u00fcstung Helm - Mittelalterliche Helme Verkauf |RMC","isPartOf":{"@id":"https:\/\/repliquemangacine.fr\/#website"},"primaryImageOfPage":{"@id":"https:\/\/repliquemangacine.fr\/de\/helm-helm-ritter-templer\/armet-helm-einer-englischen-rustung\/#primaryimage"},"image":{"@id":"https:\/\/repliquemangacine.fr\/de\/helm-helm-ritter-templer\/armet-helm-einer-englischen-rustung\/#primaryimage"},"thumbnailUrl":"https:\/\/repliquemangacine.fr\/wp-content\/uploads\/2023\/10\/1642-Armet-Anglais-Casque-dArmure.jpg","datePublished":"2016-11-25T15:50:07+00:00","dateModified":"2026-02-24T14:27:23+00:00","description":"Entdecken Sie! Dieser Armet Helm aus englischer R\u00fcstung zum besten Preis - Handgefertigt - Polierter Stahl - Funktional - Stahlst\u00e4rke 1.5mm - Lederfutter","breadcrumb":{"@id":"https:\/\/repliquemangacine.fr\/de\/helm-helm-ritter-templer\/armet-helm-einer-englischen-rustung\/#breadcrumb"},"inLanguage":"de","potentialAction":[{"@type":"ReadAction","target":["https:\/\/repliquemangacine.fr\/de\/helm-helm-ritter-templer\/armet-helm-einer-englischen-rustung\/"]}]},{"@type":"ImageObject","inLanguage":"de","@id":"https:\/\/repliquemangacine.fr\/de\/helm-helm-ritter-templer\/armet-helm-einer-englischen-rustung\/#primaryimage","url":"https:\/\/repliquemangacine.fr\/wp-content\/uploads\/2023\/10\/1642-Armet-Anglais-Casque-dArmure.jpg","contentUrl":"https:\/\/repliquemangacine.fr\/wp-content\/uploads\/2023\/10\/1642-Armet-Anglais-Casque-dArmure.jpg","width":600,"height":600,"caption":"Armet Anglais - Casque d'Armure"},{"@type":"BreadcrumbList","@id":"https:\/\/repliquemangacine.fr\/de\/helm-helm-ritter-templer\/armet-helm-einer-englischen-rustung\/#breadcrumb","itemListElement":[{"@type":"ListItem","position":1,"name":"Accueil","item":"https:\/\/repliquemangacine.fr\/"},{"@type":"ListItem","position":2,"name":"Produits","item":"https:\/\/repliquemangacine.fr\/boutique\/"},{"@type":"ListItem","position":3,"name":"Armet Casque d&#8217;Armure anglais"}]},{"@type":"WebSite","@id":"https:\/\/repliquemangacine.fr\/#website","url":"https:\/\/repliquemangacine.fr\/","name":"R\u00e9plique Manga Cin\u00e9","description":"","publisher":{"@id":"https:\/\/repliquemangacine.fr\/#organization"},"potentialAction":[{"@type":"SearchAction","target":{"@type":"EntryPoint","urlTemplate":"https:\/\/repliquemangacine.fr\/?s={search_term_string}"},"query-input":{"@type":"PropertyValueSpecification","valueRequired":true,"valueName":"search_term_string"}}],"inLanguage":"de"},{"@type":"Organization","@id":"https:\/\/repliquemangacine.fr\/#organization","name":"R\u00e9plique Manga Cin\u00e9","url":"https:\/\/repliquemangacine.fr\/","logo":{"@type":"ImageObject","inLanguage":"de","@id":"https:\/\/repliquemangacine.fr\/#\/schema\/logo\/image\/","url":"https:\/\/repliquemangacine.fr\/wp-content\/uploads\/2023\/10\/RMC-500250.png","contentUrl":"https:\/\/repliquemangacine.fr\/wp-content\/uploads\/2023\/10\/RMC-500250.png","width":500,"height":250,"caption":"R\u00e9plique Manga Cin\u00e9"},"image":{"@id":"https:\/\/repliquemangacine.fr\/#\/schema\/logo\/image\/"},"sameAs":["https:\/\/www.facebook.com\/RepliqueMangaCine","https:\/\/www.instagram.com\/repliquemangacine.fr\/"]}]}},"_links":{"self":[{"href":"https:\/\/repliquemangacine.fr\/de\/wp-json\/wp\/v2\/product\/26472","targetHints":{"allow":["GET"]}}],"collection":[{"href":"https:\/\/repliquemangacine.fr\/de\/wp-json\/wp\/v2\/product"}],"about":[{"href":"https:\/\/repliquemangacine.fr\/de\/wp-json\/wp\/v2\/types\/product"}],"wp:featuredmedia":[{"embeddable":true,"href":"https:\/\/repliquemangacine.fr\/de\/wp-json\/wp\/v2\/media\/26473"}],"wp:attachment":[{"href":"https:\/\/repliquemangacine.fr\/de\/wp-json\/wp\/v2\/media?parent=26472"}],"wp:term":[{"taxonomy":"product_brand","embeddable":true,"href":"https:\/\/repliquemangacine.fr\/de\/wp-json\/wp\/v2\/product_brand?post=26472"},{"taxonomy":"product_cat","embeddable":true,"href":"https:\/\/repliquemangacine.fr\/de\/wp-json\/wp\/v2\/product_cat?post=26472"},{"taxonomy":"product_tag","embeddable":true,"href":"https:\/\/repliquemangacine.fr\/de\/wp-json\/wp\/v2\/product_tag?post=26472"}],"curies":[{"name":"wp","href":"https:\/\/api.w.org\/{rel}","templated":true}]}}