





{"id":26468,"date":"2016-11-24T21:41:16","date_gmt":"2016-11-24T20:41:16","guid":{"rendered":"https:\/\/repliquemangacine.fr\/?post_type=product&#038;p=26468"},"modified":"2026-04-15T13:06:28","modified_gmt":"2026-04-15T11:06:28","slug":"kampfmesser-usmc-ka-bar","status":"publish","type":"product","link":"https:\/\/repliquemangacine.fr\/de\/dagues-et-accessoires-seconde-guerre-mondiale-materiels-militaria\/couteau-de-combat-usmc-ka-bar\/","title":{"rendered":"USMC Kampfmesser KA-BAR"},"content":{"rendered":"<h2>Replik des USMC KA-BAR Camillus Kampfmessers<\/h2>\n<p>Zun\u00e4chst einmal ist das USMC KA-BAR Combat Knife ein von der Camillus Cutlery Company hergestellter Mehrzweck-Kampfmesser. Das Unternehmen produzierte Millionen von Messern, bis es 2007 Insolvenz anmeldete. Der Markenname und die geistigen Eigentumsrechte wurden von der Acme United Corporation gekauft, die  die Marke Camillus im Mai 2009 wiederbelebte.<\/p>\n<p>W\u00e4hrend des Zweiten Weltkriegs lieferte Camillus mehr als 13 Millionen Messer verschiedener Ausf\u00fchrungen an die alliierten Truppen. Im Jahr 1942 arbeiteten die Offiziere des US Marine Corps, Oberst John M. Davis und Major Howard E. America, mit <a href=\"https:\/\/en.wikipedia.org\/wiki\/Camillus_Cutlery_Company\">Camillus<\/a>.<\/p>\n<p>Sie entwickelten das KA-BAR-Kampfmesser. Nach umfangreichen Tests wurde der KA-BAR-Prototyp zur Einf\u00fchrung empfohlen, und Camillus erhielt den ersten Auftrag zur Herstellung des KA-BAR f\u00fcr das Marine Corps.<\/p>\n<p>W\u00e4hrend des Krieges stellte Camillus auch M3-Kampfmesser, M4-Bajonette und zahlreiche andere Gebrauchsmesser f\u00fcr die amerikanischen Streitkr\u00e4fte her, darunter auch Macheten.<\/p>\n<p>KA-BAR ist der heutige popul\u00e4re Name f\u00fcr das Kampfmesser, das erstmals im November 1942 vom US Marine Corps unter der Bezeichnung Kampfmesser 1219C2 eingef\u00fchrt wurde.<\/p>\n<h3>Wir bieten Ihnen eine gro\u00dfe Auswahl an Reproduktionen historischer Waffen.<\/h3>\n<p>Zun\u00e4chst einmal,<\/p>\n<ul>\n<li>Die originalgetreue Reproduktion der<a href=\"https:\/\/repliquemangacine.fr\/de\/militaria-material\/bajonett-mauser-k98\/\"> deutsches Bajonett<\/a> f\u00fcr das Mauser-Gewehr.<\/li>\n<li>Es gibt auch den <a href=\"https:\/\/repliquemangacine.fr\/de\/militaria-material\/messer-usm3-trench-knife-scheide-m8\/\">Kampfdolch<\/a> Amerikanische US M3 1943 und ihre Scheide U.S M8.<\/li>\n<li>Sowie die <a href=\"https:\/\/repliquemangacine.fr\/de\/militaria-material\/baionnette-garand-m1-st-son-fourreau-m3\/\">Bajonett Garand M1<\/a> Modell Pazifik 1942 und seine Scheide M3<\/li>\n<li>Und viele andere mehr!<\/li>\n<\/ul>\n<p>Deshalb ist dies eine gro\u00dfartige Geschenkidee f\u00fcr alle Liebhaber historischer Waffen.<\/p>\n<h3>Sie k\u00f6nnen dieses USMC KA-BAR Kampfmesser f\u00fcr Ihre historischen Reenactments verwenden.<\/h3>\n<p>Vor allem ist diese Waffe ein Sammler- und Dekorationsst\u00fcck.<\/p>\n<p>R\u00e9plique Manga Cin\u00e9 ist ein franz\u00f6sisches Unternehmen.<\/p>\n<p><strong>Wir m\u00f6chten Sie darauf hinweisen, dass alle diese Nachbildungen echt aussehen. Die Strafverfolgungsbeh\u00f6rden werden sie als echte Waffen identifizieren und entsprechend reagieren. Es ist daher sehr wichtig, dass Sie sich mit diesen Nachbildungen nicht an \u00f6ffentliche Pl\u00e4tze begeben. Wir weisen Sie darauf hin, dass es sich bei den gezeigten Waffen um nicht funktionst\u00fcchtige Nachbildungen handelt, die nicht zum Schie\u00dfen geeignet sind. Diese Repliken sind f\u00fcr historische Rekonstruktionen und zur Dekoration gedacht.<\/strong><\/p>","protected":false},"excerpt":{"rendered":"<p>Reproduktion des Camillus-Kampfmessers der US-Armee.<\/p>\n<ul>\n<li>Breite Stahlklinge, die geschliffen und behandelt wurde, um Blendeffekte zu vermeiden.<\/li>\n<li>Griff aus echtem Leder.<\/li>\n<li>Garde und Knauf aus Stahl.<\/li>\n<li>G\u00fcrteltasche aus echtem, festem Leder.<\/li>\n<li>Klingenl\u00e4nge: 17.7cm - Gesamtl\u00e4nge: 31.2cm - Gewicht: 295grs<\/li>\n<\/ul>","protected":false},"featured_media":26469,"template":"","meta":[],"product_brand":[896],"product_cat":[25,54,85],"product_tag":[],"class_list":{"0":"post-26468","1":"product","2":"type-product","3":"status-publish","4":"has-post-thumbnail","6":"product_brand-replique-manga-cine","7":"product_cat-armes-historiques","8":"product_cat-armes-accessoires-guerre-mondiale","9":"product_cat-dagues-et-accessoires-seconde-guerre-mondiale-materiels-militaria","11":"first","12":"instock","13":"taxable","14":"shipping-taxable","15":"purchasable","16":"product-type-simple"},"yoast_head":"<!-- This site is optimized with the Yoast SEO plugin v27.5 - https:\/\/yoast.com\/product\/yoast-seo-wordpress\/ -->\n<title>Couteau de Combat USMC KA-BAR - R\u00e9plique Manga Cin\u00e9<\/title>\n<meta name=\"description\" content=\"Superbe r\u00e9plique du Couteau de Combat USMC KA-BAR \u00e0 une lame trait\u00e9e et aff\u00fbt\u00e9e, la poign\u00e9e est en cuir v\u00e9ritable au prix de 30.90\u20ac\" \/>\n<meta name=\"robots\" content=\"index, follow, max-snippet:-1, max-image-preview:large, max-video-preview:-1\" \/>\n<link rel=\"canonical\" href=\"https:\/\/repliquemangacine.fr\/de\/dolche-und-zubehor-zweiter-weltkrieg-militarisches-material\/kampfmesser-usmc-ka-bar\/\" \/>\n<meta property=\"og:locale\" content=\"de_DE\" \/>\n<meta property=\"og:type\" content=\"article\" \/>\n<meta property=\"og:title\" content=\"Couteau de Combat USMC KA-BAR - R\u00e9plique Manga Cin\u00e9\" \/>\n<meta property=\"og:description\" content=\"Superbe r\u00e9plique du Couteau de Combat USMC KA-BAR \u00e0 une lame trait\u00e9e et aff\u00fbt\u00e9e, la poign\u00e9e est en cuir v\u00e9ritable au prix de 30.90\u20ac\" \/>\n<meta property=\"og:url\" content=\"https:\/\/repliquemangacine.fr\/de\/dolche-und-zubehor-zweiter-weltkrieg-militarisches-material\/kampfmesser-usmc-ka-bar\/\" \/>\n<meta property=\"og:site_name\" content=\"R\u00e9plique Manga Cin\u00e9\" \/>\n<meta property=\"article:publisher\" content=\"https:\/\/www.facebook.com\/RepliqueMangaCine\" \/>\n<meta property=\"article:modified_time\" content=\"2026-04-15T11:06:28+00:00\" \/>\n<meta property=\"og:image\" content=\"https:\/\/repliquemangacine.fr\/wp-content\/uploads\/2023\/10\/1145-Couteau-de-Combat-US-Army-Camillus.jpg\" \/>\n\t<meta property=\"og:image:width\" content=\"800\" \/>\n\t<meta property=\"og:image:height\" content=\"800\" \/>\n\t<meta property=\"og:image:type\" content=\"image\/jpeg\" \/>\n<meta name=\"twitter:card\" content=\"summary_large_image\" \/>\n<meta name=\"twitter:label1\" content=\"Gesch\u00e4tzte Lesezeit\" \/>\n\t<meta name=\"twitter:data1\" content=\"2\u00a0Minuten\" \/>\n<script type=\"application\/ld+json\" class=\"yoast-schema-graph\">{\"@context\":\"https:\\\/\\\/schema.org\",\"@graph\":[{\"@type\":\"WebPage\",\"@id\":\"https:\\\/\\\/repliquemangacine.fr\\\/dagues-et-accessoires-seconde-guerre-mondiale-materiels-militaria\\\/couteau-de-combat-usmc-ka-bar\\\/\",\"url\":\"https:\\\/\\\/repliquemangacine.fr\\\/dagues-et-accessoires-seconde-guerre-mondiale-materiels-militaria\\\/couteau-de-combat-usmc-ka-bar\\\/\",\"name\":\"Couteau de Combat USMC KA-BAR - R\u00e9plique Manga Cin\u00e9\",\"isPartOf\":{\"@id\":\"https:\\\/\\\/repliquemangacine.fr\\\/#website\"},\"primaryImageOfPage\":{\"@id\":\"https:\\\/\\\/repliquemangacine.fr\\\/dagues-et-accessoires-seconde-guerre-mondiale-materiels-militaria\\\/couteau-de-combat-usmc-ka-bar\\\/#primaryimage\"},\"image\":{\"@id\":\"https:\\\/\\\/repliquemangacine.fr\\\/dagues-et-accessoires-seconde-guerre-mondiale-materiels-militaria\\\/couteau-de-combat-usmc-ka-bar\\\/#primaryimage\"},\"thumbnailUrl\":\"https:\\\/\\\/repliquemangacine.fr\\\/wp-content\\\/uploads\\\/2023\\\/10\\\/1145-Couteau-de-Combat-US-Army-Camillus.jpg\",\"datePublished\":\"2016-11-24T20:41:16+00:00\",\"dateModified\":\"2026-04-15T11:06:28+00:00\",\"description\":\"Superbe r\u00e9plique du Couteau de Combat USMC KA-BAR \u00e0 une lame trait\u00e9e et aff\u00fbt\u00e9e, la poign\u00e9e est en cuir v\u00e9ritable au prix de 30.90\u20ac\",\"breadcrumb\":{\"@id\":\"https:\\\/\\\/repliquemangacine.fr\\\/dagues-et-accessoires-seconde-guerre-mondiale-materiels-militaria\\\/couteau-de-combat-usmc-ka-bar\\\/#breadcrumb\"},\"inLanguage\":\"de\",\"potentialAction\":[{\"@type\":\"ReadAction\",\"target\":[\"https:\\\/\\\/repliquemangacine.fr\\\/dagues-et-accessoires-seconde-guerre-mondiale-materiels-militaria\\\/couteau-de-combat-usmc-ka-bar\\\/\"]}]},{\"@type\":\"ImageObject\",\"inLanguage\":\"de\",\"@id\":\"https:\\\/\\\/repliquemangacine.fr\\\/dagues-et-accessoires-seconde-guerre-mondiale-materiels-militaria\\\/couteau-de-combat-usmc-ka-bar\\\/#primaryimage\",\"url\":\"https:\\\/\\\/repliquemangacine.fr\\\/wp-content\\\/uploads\\\/2023\\\/10\\\/1145-Couteau-de-Combat-US-Army-Camillus.jpg\",\"contentUrl\":\"https:\\\/\\\/repliquemangacine.fr\\\/wp-content\\\/uploads\\\/2023\\\/10\\\/1145-Couteau-de-Combat-US-Army-Camillus.jpg\",\"width\":800,\"height\":800,\"caption\":\"Couteau de Combat US Army Camillus\"},{\"@type\":\"BreadcrumbList\",\"@id\":\"https:\\\/\\\/repliquemangacine.fr\\\/dagues-et-accessoires-seconde-guerre-mondiale-materiels-militaria\\\/couteau-de-combat-usmc-ka-bar\\\/#breadcrumb\",\"itemListElement\":[{\"@type\":\"ListItem\",\"position\":1,\"name\":\"Accueil\",\"item\":\"https:\\\/\\\/repliquemangacine.fr\\\/\"},{\"@type\":\"ListItem\",\"position\":2,\"name\":\"Produits\",\"item\":\"https:\\\/\\\/repliquemangacine.fr\\\/boutique\\\/\"},{\"@type\":\"ListItem\",\"position\":3,\"name\":\"Couteau de Combat USMC KA-BAR\"}]},{\"@type\":\"WebSite\",\"@id\":\"https:\\\/\\\/repliquemangacine.fr\\\/#website\",\"url\":\"https:\\\/\\\/repliquemangacine.fr\\\/\",\"name\":\"R\u00e9plique Manga Cin\u00e9\",\"description\":\"\",\"publisher\":{\"@id\":\"https:\\\/\\\/repliquemangacine.fr\\\/#organization\"},\"potentialAction\":[{\"@type\":\"SearchAction\",\"target\":{\"@type\":\"EntryPoint\",\"urlTemplate\":\"https:\\\/\\\/repliquemangacine.fr\\\/?s={search_term_string}\"},\"query-input\":{\"@type\":\"PropertyValueSpecification\",\"valueRequired\":true,\"valueName\":\"search_term_string\"}}],\"inLanguage\":\"de\"},{\"@type\":\"Organization\",\"@id\":\"https:\\\/\\\/repliquemangacine.fr\\\/#organization\",\"name\":\"R\u00e9plique Manga Cin\u00e9\",\"url\":\"https:\\\/\\\/repliquemangacine.fr\\\/\",\"logo\":{\"@type\":\"ImageObject\",\"inLanguage\":\"de\",\"@id\":\"https:\\\/\\\/repliquemangacine.fr\\\/#\\\/schema\\\/logo\\\/image\\\/\",\"url\":\"https:\\\/\\\/repliquemangacine.fr\\\/wp-content\\\/uploads\\\/2023\\\/10\\\/RMC-500250.png\",\"contentUrl\":\"https:\\\/\\\/repliquemangacine.fr\\\/wp-content\\\/uploads\\\/2023\\\/10\\\/RMC-500250.png\",\"width\":500,\"height\":250,\"caption\":\"R\u00e9plique Manga Cin\u00e9\"},\"image\":{\"@id\":\"https:\\\/\\\/repliquemangacine.fr\\\/#\\\/schema\\\/logo\\\/image\\\/\"},\"sameAs\":[\"https:\\\/\\\/www.facebook.com\\\/RepliqueMangaCine\",\"https:\\\/\\\/www.instagram.com\\\/repliquemangacine.fr\\\/\"]}]}<\/script>\n<!-- \/ Yoast SEO plugin. -->","yoast_head_json":{"title":"USMC Kampfmesser KA-BAR - R\u00e9plique Manga Cin\u00e9","description":"Wundersch\u00f6ne Replik des USMC KA-BAR Kampfmessers mit einer behandelten und geschliffenen Klinge, der Griff ist aus echtem Leder zum Preis von 30.90\u20ac.","robots":{"index":"index","follow":"follow","max-snippet":"max-snippet:-1","max-image-preview":"max-image-preview:large","max-video-preview":"max-video-preview:-1"},"canonical":"https:\/\/repliquemangacine.fr\/de\/dolche-und-zubehor-zweiter-weltkrieg-militarisches-material\/kampfmesser-usmc-ka-bar\/","og_locale":"de_DE","og_type":"article","og_title":"Couteau de Combat USMC KA-BAR - R\u00e9plique Manga Cin\u00e9","og_description":"Superbe r\u00e9plique du Couteau de Combat USMC KA-BAR \u00e0 une lame trait\u00e9e et aff\u00fbt\u00e9e, la poign\u00e9e est en cuir v\u00e9ritable au prix de 30.90\u20ac","og_url":"https:\/\/repliquemangacine.fr\/de\/dolche-und-zubehor-zweiter-weltkrieg-militarisches-material\/kampfmesser-usmc-ka-bar\/","og_site_name":"R\u00e9plique Manga Cin\u00e9","article_publisher":"https:\/\/www.facebook.com\/RepliqueMangaCine","article_modified_time":"2026-04-15T11:06:28+00:00","og_image":[{"width":800,"height":800,"url":"https:\/\/repliquemangacine.fr\/wp-content\/uploads\/2023\/10\/1145-Couteau-de-Combat-US-Army-Camillus.jpg","type":"image\/jpeg"}],"twitter_card":"summary_large_image","twitter_misc":{"Gesch\u00e4tzte Lesezeit":"2\u00a0Minuten"},"schema":{"@context":"https:\/\/schema.org","@graph":[{"@type":"WebPage","@id":"https:\/\/repliquemangacine.fr\/dagues-et-accessoires-seconde-guerre-mondiale-materiels-militaria\/couteau-de-combat-usmc-ka-bar\/","url":"https:\/\/repliquemangacine.fr\/dagues-et-accessoires-seconde-guerre-mondiale-materiels-militaria\/couteau-de-combat-usmc-ka-bar\/","name":"USMC Kampfmesser KA-BAR - R\u00e9plique Manga Cin\u00e9","isPartOf":{"@id":"https:\/\/repliquemangacine.fr\/#website"},"primaryImageOfPage":{"@id":"https:\/\/repliquemangacine.fr\/dagues-et-accessoires-seconde-guerre-mondiale-materiels-militaria\/couteau-de-combat-usmc-ka-bar\/#primaryimage"},"image":{"@id":"https:\/\/repliquemangacine.fr\/dagues-et-accessoires-seconde-guerre-mondiale-materiels-militaria\/couteau-de-combat-usmc-ka-bar\/#primaryimage"},"thumbnailUrl":"https:\/\/repliquemangacine.fr\/wp-content\/uploads\/2023\/10\/1145-Couteau-de-Combat-US-Army-Camillus.jpg","datePublished":"2016-11-24T20:41:16+00:00","dateModified":"2026-04-15T11:06:28+00:00","description":"Wundersch\u00f6ne Replik des USMC KA-BAR Kampfmessers mit einer behandelten und geschliffenen Klinge, der Griff ist aus echtem Leder zum Preis von 30.90\u20ac.","breadcrumb":{"@id":"https:\/\/repliquemangacine.fr\/dagues-et-accessoires-seconde-guerre-mondiale-materiels-militaria\/couteau-de-combat-usmc-ka-bar\/#breadcrumb"},"inLanguage":"de","potentialAction":[{"@type":"ReadAction","target":["https:\/\/repliquemangacine.fr\/dagues-et-accessoires-seconde-guerre-mondiale-materiels-militaria\/couteau-de-combat-usmc-ka-bar\/"]}]},{"@type":"ImageObject","inLanguage":"de","@id":"https:\/\/repliquemangacine.fr\/dagues-et-accessoires-seconde-guerre-mondiale-materiels-militaria\/couteau-de-combat-usmc-ka-bar\/#primaryimage","url":"https:\/\/repliquemangacine.fr\/wp-content\/uploads\/2023\/10\/1145-Couteau-de-Combat-US-Army-Camillus.jpg","contentUrl":"https:\/\/repliquemangacine.fr\/wp-content\/uploads\/2023\/10\/1145-Couteau-de-Combat-US-Army-Camillus.jpg","width":800,"height":800,"caption":"Couteau de Combat US Army Camillus"},{"@type":"BreadcrumbList","@id":"https:\/\/repliquemangacine.fr\/dagues-et-accessoires-seconde-guerre-mondiale-materiels-militaria\/couteau-de-combat-usmc-ka-bar\/#breadcrumb","itemListElement":[{"@type":"ListItem","position":1,"name":"Accueil","item":"https:\/\/repliquemangacine.fr\/"},{"@type":"ListItem","position":2,"name":"Produits","item":"https:\/\/repliquemangacine.fr\/boutique\/"},{"@type":"ListItem","position":3,"name":"Couteau de Combat USMC KA-BAR"}]},{"@type":"WebSite","@id":"https:\/\/repliquemangacine.fr\/#website","url":"https:\/\/repliquemangacine.fr\/","name":"R\u00e9plique Manga Cin\u00e9","description":"","publisher":{"@id":"https:\/\/repliquemangacine.fr\/#organization"},"potentialAction":[{"@type":"SearchAction","target":{"@type":"EntryPoint","urlTemplate":"https:\/\/repliquemangacine.fr\/?s={search_term_string}"},"query-input":{"@type":"PropertyValueSpecification","valueRequired":true,"valueName":"search_term_string"}}],"inLanguage":"de"},{"@type":"Organization","@id":"https:\/\/repliquemangacine.fr\/#organization","name":"R\u00e9plique Manga Cin\u00e9","url":"https:\/\/repliquemangacine.fr\/","logo":{"@type":"ImageObject","inLanguage":"de","@id":"https:\/\/repliquemangacine.fr\/#\/schema\/logo\/image\/","url":"https:\/\/repliquemangacine.fr\/wp-content\/uploads\/2023\/10\/RMC-500250.png","contentUrl":"https:\/\/repliquemangacine.fr\/wp-content\/uploads\/2023\/10\/RMC-500250.png","width":500,"height":250,"caption":"R\u00e9plique Manga Cin\u00e9"},"image":{"@id":"https:\/\/repliquemangacine.fr\/#\/schema\/logo\/image\/"},"sameAs":["https:\/\/www.facebook.com\/RepliqueMangaCine","https:\/\/www.instagram.com\/repliquemangacine.fr\/"]}]}},"_links":{"self":[{"href":"https:\/\/repliquemangacine.fr\/de\/wp-json\/wp\/v2\/product\/26468","targetHints":{"allow":["GET"]}}],"collection":[{"href":"https:\/\/repliquemangacine.fr\/de\/wp-json\/wp\/v2\/product"}],"about":[{"href":"https:\/\/repliquemangacine.fr\/de\/wp-json\/wp\/v2\/types\/product"}],"wp:featuredmedia":[{"embeddable":true,"href":"https:\/\/repliquemangacine.fr\/de\/wp-json\/wp\/v2\/media\/26469"}],"wp:attachment":[{"href":"https:\/\/repliquemangacine.fr\/de\/wp-json\/wp\/v2\/media?parent=26468"}],"wp:term":[{"taxonomy":"product_brand","embeddable":true,"href":"https:\/\/repliquemangacine.fr\/de\/wp-json\/wp\/v2\/product_brand?post=26468"},{"taxonomy":"product_cat","embeddable":true,"href":"https:\/\/repliquemangacine.fr\/de\/wp-json\/wp\/v2\/product_cat?post=26468"},{"taxonomy":"product_tag","embeddable":true,"href":"https:\/\/repliquemangacine.fr\/de\/wp-json\/wp\/v2\/product_tag?post=26468"}],"curies":[{"name":"wp","href":"https:\/\/api.w.org\/{rel}","templated":true}]}}