





{"id":26454,"date":"2016-11-24T16:14:52","date_gmt":"2016-11-24T15:14:52","guid":{"rendered":"https:\/\/repliquemangacine.fr\/?post_type=product&#038;p=26454"},"modified":"2025-09-23T18:01:46","modified_gmt":"2025-09-23T16:01:46","slug":"bajonett-m1-garand-und-seine-scheide-m3","status":"publish","type":"product","link":"https:\/\/repliquemangacine.fr\/de\/dagues-et-accessoires-seconde-guerre-mondiale-materiels-militaria\/baionnette-m1-garand-et-son-fourreau-m3\/","title":{"rendered":"M1 Bajonett Garand"},"content":{"rendered":"<h2>M1 Bajonett Garand<\/h2>\n<p>Zun\u00e4chst das Bajonett M1 Garand Modell Pazifik 1942, eine Teilreproduktion des Langbajonetts Mod. 1905.<\/p>\n<p>Ein Bajonett ist eine Stichwaffe, die zum Aufstecken auf den Lauf eines Gewehrs oder einer \u00e4hnlichen Waffe bestimmt ist und im Nahkampf wie eine Lanze eingesetzt wird.<\/p>\n<p>Die Genfer Konvention verbietet die Verwendung von gezackten Bajonetten. Die dadurch verursachten Wunden heilen nur schwer, weshalb diese Waffen als unmenschlich gelten. Dennoch sind solche Modelle auch heute noch h\u00e4ufig anzutreffen.<\/p>\n<p><em>Achtung, dieses Bajonett ist ein Dekorationsbajonett, es passt nicht (zu kurzer Lauf) auf das Gewehr Garand M1. Es ist normal, dass das Bajonett nicht auf das Gewehr passt. Dies ist von Denix so gewollt, denn wenn dies m\u00f6glich w\u00e4re, w\u00fcrde das Gewehr als echte Waffe der Kategorie A angesehen werden.<\/em><\/p>\n<h2>Ihr M1 Bajonett Garand zum besten Preis.<\/h2>\n<p>Wir bieten Ihnen eine gro\u00dfe Auswahl an Reproduktionen von Denix-Attrappen.<\/p>\n<p>Zun\u00e4chst einmal,<\/p>\n<ul>\n<li>Die Reproduktion des ber\u00fchmten <a href=\"https:\/\/repliquemangacine.fr\/de\/historische-waffen\/fusil-garand-m1\/\">Gewehr M1 Garand<\/a> der amerikanischen GIs.<\/li>\n<li>Es gibt auch die originalgetreue Nachbildung der Automatischen Pistole <a href=\"https:\/\/repliquemangacine.fr\/de\/darmsreproduktionen\/abnehmbare-automatische-pistole-m1911a1\/\">M1911A1<\/a>.<\/li>\n<li>Und, viele weitere, die es in unserem Online-Shop zu entdecken gibt!<\/li>\n<\/ul>\n<p>Deshalb ist dies eine gro\u00dfartige Geschenkidee f\u00fcr alle Liebhaber historischer Waffen.<\/p>\n<p>Sie k\u00f6nnen diese <strong>M1 Bajonett Garand<\/strong> f\u00fcr Ihre historischen Nachstellungen und Dekorationen. Vor allem aber ist diese Waffe ein Sammler- und Dekorationsst\u00fcck.<\/p>\n<p>R\u00e9plique Manga Cin\u00e9 ist ein franz\u00f6sisches Unternehmen und offizieller Vertriebspartner der Marke <a href=\"https:\/\/www.denix.fr\/fr\/accueil-fr\/\">Denix<\/a>.<\/p>\n<h2>Wie pflegt man die Klinge seines Dolches?<\/h2>\n<p>Sammlungs- und Dekorationsschwerter, die in vereinfachter Form hergestellt und zusammengebaut werden. Da sie zu Dekorationszwecken verwendet werden, fehlen ihnen die Sicherheitselemente, die ein japanisches Schwert f\u00fcr Trainingszwecke aufweisen muss.<\/p>\n<p>Allerdings ist Ihr <strong>M1 Bajonett Garand<\/strong> zu einer Stahlklinge, die gepflegt werden muss, damit sie nicht mit der Zeit abgenutzt wird. Wenn du deinen Dolch n\u00e4mlich ausstellst, werden deine Freunde neugierig sein, die Klinge zu sehen und sie zu ber\u00fchren. Hier ist Vorsicht geboten, denn Sie sollten wissen, dass die S\u00e4ure der Finger dem Stahl unabh\u00e4ngig von seiner Qualit\u00e4t sehr schadet.<\/p>\n<p>Sollte dies dennoch passieren, keine Panik, Sie brauchen nur ein mit etwas \u00d6l befeuchtetes Tuch und wischen die Fingerabdr\u00fccke ab. Auf diese Weise bleibt Ihr Dolch sehr lange erhalten.<\/p>","protected":false},"excerpt":{"rendered":"<p>Perfekte Reproduktion des Bajonetts Garand M1 Modell Pazifik 1942.<\/p>\n<ul>\n<li>Vorgeschliffene, blendfreie Stahlklinge mit Hohlkehle.<\/li>\n<li>Griffschalen aus geriffeltem Bakelit.<\/li>\n<li>Knopf zum Verriegeln.<\/li>\n<li>Scheide M3 aus olivgr\u00fcnem ABS mit Markierung auf der Oberseite \"US\" in der Grenade der amerikanischen Ordonnanz.<\/li>\n<\/ul>\n<p><strong>Achtung dieses Bajonett ist ein Dekorationsbajonett, es passt nicht (Lauf zu kurz) auf das Gewehr Garand M1. Es ist normal, dass das Bajonett nicht auf das Gewehr passt. Dies ist von Denix so gewollt, denn wenn dies m\u00f6glich w\u00e4re, w\u00fcrde das Gewehr als echte Waffe der Kategorie A angesehen werden.<\/strong><\/p>","protected":false},"featured_media":26455,"template":"","meta":[],"product_brand":[896],"product_cat":[25,54,85],"product_tag":[],"class_list":{"0":"post-26454","1":"product","2":"type-product","3":"status-publish","4":"has-post-thumbnail","6":"product_brand-replique-manga-cine","7":"product_cat-armes-historiques","8":"product_cat-armes-accessoires-guerre-mondiale","9":"product_cat-dagues-et-accessoires-seconde-guerre-mondiale-materiels-militaria","11":"first","12":"instock","13":"taxable","14":"shipping-taxable","15":"purchasable","16":"product-type-simple"},"yoast_head":"<!-- This site is optimized with the Yoast SEO plugin v27.5 - https:\/\/yoast.com\/product\/yoast-seo-wordpress\/ -->\n<title>Ba\u00efonnette M1 Garand avec fourreau M3 - R\u00e9plique Manga Cin\u00e9<\/title>\n<meta name=\"description\" content=\"Commandez vite! Cette Splendide reproduction de la Ba\u00efonnette M1 Garand mod.1942 et son fameux fourreau M3 au prix incroyable de 49.90\u20ac !\" \/>\n<meta name=\"robots\" content=\"index, follow, max-snippet:-1, max-image-preview:large, max-video-preview:-1\" \/>\n<link rel=\"canonical\" href=\"https:\/\/repliquemangacine.fr\/de\/dolche-und-zubehor-zweiter-weltkrieg-militarisches-material\/bajonett-m1-garand-und-seine-scheide-m3\/\" \/>\n<meta property=\"og:locale\" content=\"de_DE\" \/>\n<meta property=\"og:type\" content=\"article\" \/>\n<meta property=\"og:title\" content=\"Ba\u00efonnette M1 Garand avec fourreau M3 - R\u00e9plique Manga Cin\u00e9\" \/>\n<meta property=\"og:description\" content=\"Commandez vite! Cette Splendide reproduction de la Ba\u00efonnette M1 Garand mod.1942 et son fameux fourreau M3 au prix incroyable de 49.90\u20ac !\" \/>\n<meta property=\"og:url\" content=\"https:\/\/repliquemangacine.fr\/de\/dolche-und-zubehor-zweiter-weltkrieg-militarisches-material\/bajonett-m1-garand-und-seine-scheide-m3\/\" \/>\n<meta property=\"og:site_name\" content=\"R\u00e9plique Manga Cin\u00e9\" \/>\n<meta property=\"article:publisher\" content=\"https:\/\/www.facebook.com\/RepliqueMangaCine\" \/>\n<meta property=\"article:modified_time\" content=\"2025-09-23T16:01:46+00:00\" \/>\n<meta property=\"og:image\" content=\"https:\/\/repliquemangacine.fr\/wp-content\/uploads\/2023\/10\/1122-Baionnette-Garand-M1-st-son-fourreau-M3.jpg\" \/>\n\t<meta property=\"og:image:width\" content=\"800\" \/>\n\t<meta property=\"og:image:height\" content=\"800\" \/>\n\t<meta property=\"og:image:type\" content=\"image\/jpeg\" \/>\n<meta name=\"twitter:card\" content=\"summary_large_image\" \/>\n<meta name=\"twitter:label1\" content=\"Gesch\u00e4tzte Lesezeit\" \/>\n\t<meta name=\"twitter:data1\" content=\"2\u00a0Minuten\" \/>\n<script type=\"application\/ld+json\" class=\"yoast-schema-graph\">{\"@context\":\"https:\\\/\\\/schema.org\",\"@graph\":[{\"@type\":\"WebPage\",\"@id\":\"https:\\\/\\\/repliquemangacine.fr\\\/dagues-et-accessoires-seconde-guerre-mondiale-materiels-militaria\\\/baionnette-m1-garand-et-son-fourreau-m3\\\/\",\"url\":\"https:\\\/\\\/repliquemangacine.fr\\\/dagues-et-accessoires-seconde-guerre-mondiale-materiels-militaria\\\/baionnette-m1-garand-et-son-fourreau-m3\\\/\",\"name\":\"Ba\u00efonnette M1 Garand avec fourreau M3 - R\u00e9plique Manga Cin\u00e9\",\"isPartOf\":{\"@id\":\"https:\\\/\\\/repliquemangacine.fr\\\/#website\"},\"primaryImageOfPage\":{\"@id\":\"https:\\\/\\\/repliquemangacine.fr\\\/dagues-et-accessoires-seconde-guerre-mondiale-materiels-militaria\\\/baionnette-m1-garand-et-son-fourreau-m3\\\/#primaryimage\"},\"image\":{\"@id\":\"https:\\\/\\\/repliquemangacine.fr\\\/dagues-et-accessoires-seconde-guerre-mondiale-materiels-militaria\\\/baionnette-m1-garand-et-son-fourreau-m3\\\/#primaryimage\"},\"thumbnailUrl\":\"https:\\\/\\\/repliquemangacine.fr\\\/wp-content\\\/uploads\\\/2023\\\/10\\\/1122-Baionnette-Garand-M1-st-son-fourreau-M3.jpg\",\"datePublished\":\"2016-11-24T15:14:52+00:00\",\"dateModified\":\"2025-09-23T16:01:46+00:00\",\"description\":\"Commandez vite! Cette Splendide reproduction de la Ba\u00efonnette M1 Garand mod.1942 et son fameux fourreau M3 au prix incroyable de 49.90\u20ac !\",\"breadcrumb\":{\"@id\":\"https:\\\/\\\/repliquemangacine.fr\\\/dagues-et-accessoires-seconde-guerre-mondiale-materiels-militaria\\\/baionnette-m1-garand-et-son-fourreau-m3\\\/#breadcrumb\"},\"inLanguage\":\"de\",\"potentialAction\":[{\"@type\":\"ReadAction\",\"target\":[\"https:\\\/\\\/repliquemangacine.fr\\\/dagues-et-accessoires-seconde-guerre-mondiale-materiels-militaria\\\/baionnette-m1-garand-et-son-fourreau-m3\\\/\"]}]},{\"@type\":\"ImageObject\",\"inLanguage\":\"de\",\"@id\":\"https:\\\/\\\/repliquemangacine.fr\\\/dagues-et-accessoires-seconde-guerre-mondiale-materiels-militaria\\\/baionnette-m1-garand-et-son-fourreau-m3\\\/#primaryimage\",\"url\":\"https:\\\/\\\/repliquemangacine.fr\\\/wp-content\\\/uploads\\\/2023\\\/10\\\/1122-Baionnette-Garand-M1-st-son-fourreau-M3.jpg\",\"contentUrl\":\"https:\\\/\\\/repliquemangacine.fr\\\/wp-content\\\/uploads\\\/2023\\\/10\\\/1122-Baionnette-Garand-M1-st-son-fourreau-M3.jpg\",\"width\":800,\"height\":800,\"caption\":\"Ba\u00efonnette Garand M1 st son fourreau M3\"},{\"@type\":\"BreadcrumbList\",\"@id\":\"https:\\\/\\\/repliquemangacine.fr\\\/dagues-et-accessoires-seconde-guerre-mondiale-materiels-militaria\\\/baionnette-m1-garand-et-son-fourreau-m3\\\/#breadcrumb\",\"itemListElement\":[{\"@type\":\"ListItem\",\"position\":1,\"name\":\"Accueil\",\"item\":\"https:\\\/\\\/repliquemangacine.fr\\\/\"},{\"@type\":\"ListItem\",\"position\":2,\"name\":\"Produits\",\"item\":\"https:\\\/\\\/repliquemangacine.fr\\\/boutique\\\/\"},{\"@type\":\"ListItem\",\"position\":3,\"name\":\"Ba\u00efonnette M1 Garand\"}]},{\"@type\":\"WebSite\",\"@id\":\"https:\\\/\\\/repliquemangacine.fr\\\/#website\",\"url\":\"https:\\\/\\\/repliquemangacine.fr\\\/\",\"name\":\"R\u00e9plique Manga Cin\u00e9\",\"description\":\"\",\"publisher\":{\"@id\":\"https:\\\/\\\/repliquemangacine.fr\\\/#organization\"},\"potentialAction\":[{\"@type\":\"SearchAction\",\"target\":{\"@type\":\"EntryPoint\",\"urlTemplate\":\"https:\\\/\\\/repliquemangacine.fr\\\/?s={search_term_string}\"},\"query-input\":{\"@type\":\"PropertyValueSpecification\",\"valueRequired\":true,\"valueName\":\"search_term_string\"}}],\"inLanguage\":\"de\"},{\"@type\":\"Organization\",\"@id\":\"https:\\\/\\\/repliquemangacine.fr\\\/#organization\",\"name\":\"R\u00e9plique Manga Cin\u00e9\",\"url\":\"https:\\\/\\\/repliquemangacine.fr\\\/\",\"logo\":{\"@type\":\"ImageObject\",\"inLanguage\":\"de\",\"@id\":\"https:\\\/\\\/repliquemangacine.fr\\\/#\\\/schema\\\/logo\\\/image\\\/\",\"url\":\"https:\\\/\\\/repliquemangacine.fr\\\/wp-content\\\/uploads\\\/2023\\\/10\\\/RMC-500250.png\",\"contentUrl\":\"https:\\\/\\\/repliquemangacine.fr\\\/wp-content\\\/uploads\\\/2023\\\/10\\\/RMC-500250.png\",\"width\":500,\"height\":250,\"caption\":\"R\u00e9plique Manga Cin\u00e9\"},\"image\":{\"@id\":\"https:\\\/\\\/repliquemangacine.fr\\\/#\\\/schema\\\/logo\\\/image\\\/\"},\"sameAs\":[\"https:\\\/\\\/www.facebook.com\\\/RepliqueMangaCine\",\"https:\\\/\\\/www.instagram.com\\\/repliquemangacine.fr\\\/\"]}]}<\/script>\n<!-- \/ Yoast SEO plugin. -->","yoast_head_json":{"title":"Bajonett M1 Garand mit Scheide M3 - R\u00e9plique Manga Cin\u00e9","description":"Bestellen Sie schnell! Diese pr\u00e4chtige Reproduktion des Bajonetts M1 Garand mod.1942 und seiner ber\u00fchmten Scheide M3 zum unglaublichen Preis von 49.90\u20ac!","robots":{"index":"index","follow":"follow","max-snippet":"max-snippet:-1","max-image-preview":"max-image-preview:large","max-video-preview":"max-video-preview:-1"},"canonical":"https:\/\/repliquemangacine.fr\/de\/dolche-und-zubehor-zweiter-weltkrieg-militarisches-material\/bajonett-m1-garand-und-seine-scheide-m3\/","og_locale":"de_DE","og_type":"article","og_title":"Ba\u00efonnette M1 Garand avec fourreau M3 - R\u00e9plique Manga Cin\u00e9","og_description":"Commandez vite! Cette Splendide reproduction de la Ba\u00efonnette M1 Garand mod.1942 et son fameux fourreau M3 au prix incroyable de 49.90\u20ac !","og_url":"https:\/\/repliquemangacine.fr\/de\/dolche-und-zubehor-zweiter-weltkrieg-militarisches-material\/bajonett-m1-garand-und-seine-scheide-m3\/","og_site_name":"R\u00e9plique Manga Cin\u00e9","article_publisher":"https:\/\/www.facebook.com\/RepliqueMangaCine","article_modified_time":"2025-09-23T16:01:46+00:00","og_image":[{"width":800,"height":800,"url":"https:\/\/repliquemangacine.fr\/wp-content\/uploads\/2023\/10\/1122-Baionnette-Garand-M1-st-son-fourreau-M3.jpg","type":"image\/jpeg"}],"twitter_card":"summary_large_image","twitter_misc":{"Gesch\u00e4tzte Lesezeit":"2\u00a0Minuten"},"schema":{"@context":"https:\/\/schema.org","@graph":[{"@type":"WebPage","@id":"https:\/\/repliquemangacine.fr\/dagues-et-accessoires-seconde-guerre-mondiale-materiels-militaria\/baionnette-m1-garand-et-son-fourreau-m3\/","url":"https:\/\/repliquemangacine.fr\/dagues-et-accessoires-seconde-guerre-mondiale-materiels-militaria\/baionnette-m1-garand-et-son-fourreau-m3\/","name":"Bajonett M1 Garand mit Scheide M3 - R\u00e9plique Manga Cin\u00e9","isPartOf":{"@id":"https:\/\/repliquemangacine.fr\/#website"},"primaryImageOfPage":{"@id":"https:\/\/repliquemangacine.fr\/dagues-et-accessoires-seconde-guerre-mondiale-materiels-militaria\/baionnette-m1-garand-et-son-fourreau-m3\/#primaryimage"},"image":{"@id":"https:\/\/repliquemangacine.fr\/dagues-et-accessoires-seconde-guerre-mondiale-materiels-militaria\/baionnette-m1-garand-et-son-fourreau-m3\/#primaryimage"},"thumbnailUrl":"https:\/\/repliquemangacine.fr\/wp-content\/uploads\/2023\/10\/1122-Baionnette-Garand-M1-st-son-fourreau-M3.jpg","datePublished":"2016-11-24T15:14:52+00:00","dateModified":"2025-09-23T16:01:46+00:00","description":"Bestellen Sie schnell! Diese pr\u00e4chtige Reproduktion des Bajonetts M1 Garand mod.1942 und seiner ber\u00fchmten Scheide M3 zum unglaublichen Preis von 49.90\u20ac!","breadcrumb":{"@id":"https:\/\/repliquemangacine.fr\/dagues-et-accessoires-seconde-guerre-mondiale-materiels-militaria\/baionnette-m1-garand-et-son-fourreau-m3\/#breadcrumb"},"inLanguage":"de","potentialAction":[{"@type":"ReadAction","target":["https:\/\/repliquemangacine.fr\/dagues-et-accessoires-seconde-guerre-mondiale-materiels-militaria\/baionnette-m1-garand-et-son-fourreau-m3\/"]}]},{"@type":"ImageObject","inLanguage":"de","@id":"https:\/\/repliquemangacine.fr\/dagues-et-accessoires-seconde-guerre-mondiale-materiels-militaria\/baionnette-m1-garand-et-son-fourreau-m3\/#primaryimage","url":"https:\/\/repliquemangacine.fr\/wp-content\/uploads\/2023\/10\/1122-Baionnette-Garand-M1-st-son-fourreau-M3.jpg","contentUrl":"https:\/\/repliquemangacine.fr\/wp-content\/uploads\/2023\/10\/1122-Baionnette-Garand-M1-st-son-fourreau-M3.jpg","width":800,"height":800,"caption":"Ba\u00efonnette Garand M1 st son fourreau M3"},{"@type":"BreadcrumbList","@id":"https:\/\/repliquemangacine.fr\/dagues-et-accessoires-seconde-guerre-mondiale-materiels-militaria\/baionnette-m1-garand-et-son-fourreau-m3\/#breadcrumb","itemListElement":[{"@type":"ListItem","position":1,"name":"Accueil","item":"https:\/\/repliquemangacine.fr\/"},{"@type":"ListItem","position":2,"name":"Produits","item":"https:\/\/repliquemangacine.fr\/boutique\/"},{"@type":"ListItem","position":3,"name":"Ba\u00efonnette M1 Garand"}]},{"@type":"WebSite","@id":"https:\/\/repliquemangacine.fr\/#website","url":"https:\/\/repliquemangacine.fr\/","name":"R\u00e9plique Manga Cin\u00e9","description":"","publisher":{"@id":"https:\/\/repliquemangacine.fr\/#organization"},"potentialAction":[{"@type":"SearchAction","target":{"@type":"EntryPoint","urlTemplate":"https:\/\/repliquemangacine.fr\/?s={search_term_string}"},"query-input":{"@type":"PropertyValueSpecification","valueRequired":true,"valueName":"search_term_string"}}],"inLanguage":"de"},{"@type":"Organization","@id":"https:\/\/repliquemangacine.fr\/#organization","name":"R\u00e9plique Manga Cin\u00e9","url":"https:\/\/repliquemangacine.fr\/","logo":{"@type":"ImageObject","inLanguage":"de","@id":"https:\/\/repliquemangacine.fr\/#\/schema\/logo\/image\/","url":"https:\/\/repliquemangacine.fr\/wp-content\/uploads\/2023\/10\/RMC-500250.png","contentUrl":"https:\/\/repliquemangacine.fr\/wp-content\/uploads\/2023\/10\/RMC-500250.png","width":500,"height":250,"caption":"R\u00e9plique Manga Cin\u00e9"},"image":{"@id":"https:\/\/repliquemangacine.fr\/#\/schema\/logo\/image\/"},"sameAs":["https:\/\/www.facebook.com\/RepliqueMangaCine","https:\/\/www.instagram.com\/repliquemangacine.fr\/"]}]}},"_links":{"self":[{"href":"https:\/\/repliquemangacine.fr\/de\/wp-json\/wp\/v2\/product\/26454","targetHints":{"allow":["GET"]}}],"collection":[{"href":"https:\/\/repliquemangacine.fr\/de\/wp-json\/wp\/v2\/product"}],"about":[{"href":"https:\/\/repliquemangacine.fr\/de\/wp-json\/wp\/v2\/types\/product"}],"wp:featuredmedia":[{"embeddable":true,"href":"https:\/\/repliquemangacine.fr\/de\/wp-json\/wp\/v2\/media\/26455"}],"wp:attachment":[{"href":"https:\/\/repliquemangacine.fr\/de\/wp-json\/wp\/v2\/media?parent=26454"}],"wp:term":[{"taxonomy":"product_brand","embeddable":true,"href":"https:\/\/repliquemangacine.fr\/de\/wp-json\/wp\/v2\/product_brand?post=26454"},{"taxonomy":"product_cat","embeddable":true,"href":"https:\/\/repliquemangacine.fr\/de\/wp-json\/wp\/v2\/product_cat?post=26454"},{"taxonomy":"product_tag","embeddable":true,"href":"https:\/\/repliquemangacine.fr\/de\/wp-json\/wp\/v2\/product_tag?post=26454"}],"curies":[{"name":"wp","href":"https:\/\/api.w.org\/{rel}","templated":true}]}}