





{"id":26447,"date":"2016-11-23T14:39:31","date_gmt":"2016-11-23T13:39:31","guid":{"rendered":"https:\/\/repliquemangacine.fr\/?post_type=product&#038;p=26447"},"modified":"2026-01-21T11:48:03","modified_gmt":"2026-01-21T10:48:03","slug":"mittelalterliches-schild-der-templer","status":"publish","type":"product","link":"https:\/\/repliquemangacine.fr\/de\/boucliers-et-armures\/bouclier-medievale-des-templiers\/","title":{"rendered":"Schild der Templer"},"content":{"rendered":"<h2>Mittelalterlicher Schild der Tempelritter aus Metall.<\/h2>\n<p>Zu Beginn wird der <strong>Mittelalterlicher Schild der Templer<\/strong>Der Schild war im Laufe der Geschichte untrennbar mit der Ausr\u00fcstung eines K\u00e4mpfers verbunden. Der Schild ist die \u00e4lteste Verteidigungswaffe und soll einen Angriff abwehren. Im Mittelalter trugen die Schilde, die sogenannten Schilde, das Wappen des Herrschers, dem die Ritter angeh\u00f6rten.<\/p>\n<p>Ein Templer ist sowohl M\u00f6nch als auch Soldat. Seine Aufgabe ist es, Pilger und heilige St\u00e4tten wie das Heilige Grab (das Grab Jesu Christi) zu besch\u00fctzen.<\/p>\n<p>Das rote Tatzenkreuz, das deutlichste Zeichen der Templer. Es zeigt an, dass diese Ritter Christen sind. Die rote Farbe des Kreuzes erinnert an das von Christus vergossene Blut.<\/p>\n<h2>Ihr mittelalterlicher Schild der Tempelritter zum besten Preis.<\/h2>\n<p>Wir bieten Ihnen eine gro\u00dfe Auswahl an Repliken aus dem Mittelalter.<\/p>\n<p>Zun\u00e4chst einmal,<\/p>\n<ul>\n<li>Die tolle <a href=\"https:\/\/repliquemangacine.fr\/de\/mittelalterliches-schwert\/schwert-der-templer-2\/\">Schwert der Tempelritter<\/a> mit seinem Patentkreuz auf dem Knauf.<\/li>\n<li>Es gibt auch die<a href=\"https:\/\/repliquemangacine.fr\/de\/mittelalterliche-reproduktionen\/epee-richard-coeur-de-lion\/\">Schwert von Richard L\u00f6wenherz<\/a> unterzeichnet <a href=\"https:\/\/www.denix.fr\/\" target=\"_blank\" rel=\"noopener noreferrer\">Denix<\/a>.<\/li>\n<li>Sowie die <a href=\"https:\/\/repliquemangacine.fr\/de\/mittelalterlicher-dolch\/dolch-der-templer-zur-dekoration\/\">Dolch der Tempelritter<\/a> mit seinem helmartigen Knauf.<\/li>\n<li>Und viele andere, die es in unserem Online-Shop zu entdecken gibt!<\/li>\n<\/ul>\n<p>Deshalb sind hier tolle Geschenkideen f\u00fcr Geschichtsliebhaber.<\/p>\n<p>Abschlie\u00dfend k\u00f6nnen Sie auch den <strong>Mittelalterlicher Schild der Templer<\/strong> f\u00fcr Ihre historischen Darstellungen oder Ihre Innendekoration. Vor allem aber ist dieser Schild ein Sammler- und Dekorationsst\u00fcck.<\/p>\n<h2>Wie werden Ihre Sammelobjekte hergestellt?<\/h2>\n<p>Zun\u00e4chst einmal sind alle unsere Produkte von hoher Qualit\u00e4t und werden mit besonderer Sorgfalt hergestellt. Die Herstellung erfolgt zum Teil von Hand, um jedes noch so kleine Detail zu reproduzieren. Gr\u00f6\u00dfere Teile werden von pr\u00e4zisen Maschinen bearbeitet. Die Gravuren werden in der Regel mit einer Diamantspitze oder einem Laser ausgef\u00fchrt.<\/p>\n<p>Ihre <strong>Mittelalterlicher Schild der Templer<\/strong> hergestellt, um jedes Detail genau zu reproduzieren. Um dem Erbe der originalen Meisterwerke gerecht zu werden. Der Schwerpunkt liegt darauf, qualitativ hochwertige Repliken herzustellen, die so historisch genau wie m\u00f6glich sind.<\/p>\n<p>Abschlie\u00dfend sei gesagt, dass unsere Repliken, die aus China, Spanien oder Indien importiert wurden, Sie in Erstaunen versetzen werden!<\/p>\n<p>R\u00e9plique Manga Cin\u00e9 ist ein franz\u00f6sisches Familienunternehmen.<\/p>","protected":false},"excerpt":{"rendered":"<p>Perfekte Nachbildung des Templerschilds.<\/p>\n<ul>\n<li>Ganz aus Stahl mit goldenem Knopf als Verzierung.<\/li>\n<li>Vernietetes Templerkreuz mit dem Siegel in der Mitte.<\/li>\n<li>Verzierungen aus vergoldetem Metall mit Lilienbl\u00fcten sowie dem L\u00f6wen.<\/li>\n<li>Kette f\u00fcr die Wandausstellung.<\/li>\n<li>Griff aus Metall.<\/li>\n<li>H\u00f6he: 60 cm - Breite: 45 cm<\/li>\n<\/ul>","protected":false},"featured_media":26448,"template":"","meta":[],"product_brand":[896],"product_cat":[25,75,43],"product_tag":[],"class_list":{"0":"post-26447","1":"product","2":"type-product","3":"status-publish","4":"has-post-thumbnail","6":"product_brand-replique-manga-cine","7":"product_cat-armes-historiques","8":"product_cat-boucliers-et-armures","9":"product_cat-reproductions-d-armes-et-accessoires-medievales","11":"first","12":"instock","13":"taxable","14":"shipping-taxable","15":"purchasable","16":"product-type-simple"},"yoast_head":"<!-- This site is optimized with the Yoast SEO plugin v27.5 - https:\/\/yoast.com\/product\/yoast-seo-wordpress\/ -->\n<title>Bouclier M\u00e9di\u00e9vale des Templiers - Accessoire M\u00e9di\u00e9val | RMC<\/title>\n<meta name=\"description\" content=\"D\u00e9couvrez ce Bouclier M\u00e9di\u00e9vale des Templiers au meilleur prix - Tout en acier - Croix et sceau des templiers - Poign\u00e9e de porter - 60 X 45 cm\" \/>\n<meta name=\"robots\" content=\"index, follow, max-snippet:-1, max-image-preview:large, max-video-preview:-1\" \/>\n<link rel=\"canonical\" href=\"https:\/\/repliquemangacine.fr\/de\/schilde-und-rustungen\/mittelalterliches-schild-der-templer\/\" \/>\n<meta property=\"og:locale\" content=\"de_DE\" \/>\n<meta property=\"og:type\" content=\"article\" \/>\n<meta property=\"og:title\" content=\"Bouclier M\u00e9di\u00e9vale des Templiers - Accessoire M\u00e9di\u00e9val | RMC\" \/>\n<meta property=\"og:description\" content=\"D\u00e9couvrez ce Bouclier M\u00e9di\u00e9vale des Templiers au meilleur prix - Tout en acier - Croix et sceau des templiers - Poign\u00e9e de porter - 60 X 45 cm\" \/>\n<meta property=\"og:url\" content=\"https:\/\/repliquemangacine.fr\/de\/schilde-und-rustungen\/mittelalterliches-schild-der-templer\/\" \/>\n<meta property=\"og:site_name\" content=\"R\u00e9plique Manga Cin\u00e9\" \/>\n<meta property=\"article:publisher\" content=\"https:\/\/www.facebook.com\/RepliqueMangaCine\" \/>\n<meta property=\"article:modified_time\" content=\"2026-01-21T10:48:03+00:00\" \/>\n<meta property=\"og:image\" content=\"https:\/\/repliquemangacine.fr\/wp-content\/uploads\/2023\/10\/1630-Bouclier-des-Templiers.jpg\" \/>\n\t<meta property=\"og:image:width\" content=\"600\" \/>\n\t<meta property=\"og:image:height\" content=\"600\" \/>\n\t<meta property=\"og:image:type\" content=\"image\/jpeg\" \/>\n<meta name=\"twitter:card\" content=\"summary_large_image\" \/>\n<meta name=\"twitter:label1\" content=\"Gesch\u00e4tzte Lesezeit\" \/>\n\t<meta name=\"twitter:data1\" content=\"2\u00a0Minuten\" \/>\n<script type=\"application\/ld+json\" class=\"yoast-schema-graph\">{\"@context\":\"https:\\\/\\\/schema.org\",\"@graph\":[{\"@type\":\"WebPage\",\"@id\":\"https:\\\/\\\/repliquemangacine.fr\\\/boucliers-et-armures\\\/bouclier-medievale-des-templiers\\\/\",\"url\":\"https:\\\/\\\/repliquemangacine.fr\\\/boucliers-et-armures\\\/bouclier-medievale-des-templiers\\\/\",\"name\":\"Bouclier M\u00e9di\u00e9vale des Templiers - Accessoire M\u00e9di\u00e9val | RMC\",\"isPartOf\":{\"@id\":\"https:\\\/\\\/repliquemangacine.fr\\\/#website\"},\"primaryImageOfPage\":{\"@id\":\"https:\\\/\\\/repliquemangacine.fr\\\/boucliers-et-armures\\\/bouclier-medievale-des-templiers\\\/#primaryimage\"},\"image\":{\"@id\":\"https:\\\/\\\/repliquemangacine.fr\\\/boucliers-et-armures\\\/bouclier-medievale-des-templiers\\\/#primaryimage\"},\"thumbnailUrl\":\"https:\\\/\\\/repliquemangacine.fr\\\/wp-content\\\/uploads\\\/2023\\\/10\\\/1630-Bouclier-des-Templiers.jpg\",\"datePublished\":\"2016-11-23T13:39:31+00:00\",\"dateModified\":\"2026-01-21T10:48:03+00:00\",\"description\":\"D\u00e9couvrez ce Bouclier M\u00e9di\u00e9vale des Templiers au meilleur prix - Tout en acier - Croix et sceau des templiers - Poign\u00e9e de porter - 60 X 45 cm\",\"breadcrumb\":{\"@id\":\"https:\\\/\\\/repliquemangacine.fr\\\/boucliers-et-armures\\\/bouclier-medievale-des-templiers\\\/#breadcrumb\"},\"inLanguage\":\"de\",\"potentialAction\":[{\"@type\":\"ReadAction\",\"target\":[\"https:\\\/\\\/repliquemangacine.fr\\\/boucliers-et-armures\\\/bouclier-medievale-des-templiers\\\/\"]}]},{\"@type\":\"ImageObject\",\"inLanguage\":\"de\",\"@id\":\"https:\\\/\\\/repliquemangacine.fr\\\/boucliers-et-armures\\\/bouclier-medievale-des-templiers\\\/#primaryimage\",\"url\":\"https:\\\/\\\/repliquemangacine.fr\\\/wp-content\\\/uploads\\\/2023\\\/10\\\/1630-Bouclier-des-Templiers.jpg\",\"contentUrl\":\"https:\\\/\\\/repliquemangacine.fr\\\/wp-content\\\/uploads\\\/2023\\\/10\\\/1630-Bouclier-des-Templiers.jpg\",\"width\":600,\"height\":600,\"caption\":\"Bouclier des Templiers\"},{\"@type\":\"BreadcrumbList\",\"@id\":\"https:\\\/\\\/repliquemangacine.fr\\\/boucliers-et-armures\\\/bouclier-medievale-des-templiers\\\/#breadcrumb\",\"itemListElement\":[{\"@type\":\"ListItem\",\"position\":1,\"name\":\"Accueil\",\"item\":\"https:\\\/\\\/repliquemangacine.fr\\\/\"},{\"@type\":\"ListItem\",\"position\":2,\"name\":\"Produits\",\"item\":\"https:\\\/\\\/repliquemangacine.fr\\\/boutique\\\/\"},{\"@type\":\"ListItem\",\"position\":3,\"name\":\"Bouclier des Templiers\"}]},{\"@type\":\"WebSite\",\"@id\":\"https:\\\/\\\/repliquemangacine.fr\\\/#website\",\"url\":\"https:\\\/\\\/repliquemangacine.fr\\\/\",\"name\":\"R\u00e9plique Manga Cin\u00e9\",\"description\":\"\",\"publisher\":{\"@id\":\"https:\\\/\\\/repliquemangacine.fr\\\/#organization\"},\"potentialAction\":[{\"@type\":\"SearchAction\",\"target\":{\"@type\":\"EntryPoint\",\"urlTemplate\":\"https:\\\/\\\/repliquemangacine.fr\\\/?s={search_term_string}\"},\"query-input\":{\"@type\":\"PropertyValueSpecification\",\"valueRequired\":true,\"valueName\":\"search_term_string\"}}],\"inLanguage\":\"de\"},{\"@type\":\"Organization\",\"@id\":\"https:\\\/\\\/repliquemangacine.fr\\\/#organization\",\"name\":\"R\u00e9plique Manga Cin\u00e9\",\"url\":\"https:\\\/\\\/repliquemangacine.fr\\\/\",\"logo\":{\"@type\":\"ImageObject\",\"inLanguage\":\"de\",\"@id\":\"https:\\\/\\\/repliquemangacine.fr\\\/#\\\/schema\\\/logo\\\/image\\\/\",\"url\":\"https:\\\/\\\/repliquemangacine.fr\\\/wp-content\\\/uploads\\\/2023\\\/10\\\/RMC-500250.png\",\"contentUrl\":\"https:\\\/\\\/repliquemangacine.fr\\\/wp-content\\\/uploads\\\/2023\\\/10\\\/RMC-500250.png\",\"width\":500,\"height\":250,\"caption\":\"R\u00e9plique Manga Cin\u00e9\"},\"image\":{\"@id\":\"https:\\\/\\\/repliquemangacine.fr\\\/#\\\/schema\\\/logo\\\/image\\\/\"},\"sameAs\":[\"https:\\\/\\\/www.facebook.com\\\/RepliqueMangaCine\",\"https:\\\/\\\/www.instagram.com\\\/repliquemangacine.fr\\\/\"]}]}<\/script>\n<!-- \/ Yoast SEO plugin. -->","yoast_head_json":{"title":"Mittelalterlicher Schild der Templer - Mittelalterliches Zubeh\u00f6r | RMC","description":"Entdecken Sie diesen mittelalterlichen Schild der Templer zum besten Preis - Ganz aus Stahl - Kreuz und Siegel der Templer - Tragegriff - 60 X 45 cm","robots":{"index":"index","follow":"follow","max-snippet":"max-snippet:-1","max-image-preview":"max-image-preview:large","max-video-preview":"max-video-preview:-1"},"canonical":"https:\/\/repliquemangacine.fr\/de\/schilde-und-rustungen\/mittelalterliches-schild-der-templer\/","og_locale":"de_DE","og_type":"article","og_title":"Bouclier M\u00e9di\u00e9vale des Templiers - Accessoire M\u00e9di\u00e9val | RMC","og_description":"D\u00e9couvrez ce Bouclier M\u00e9di\u00e9vale des Templiers au meilleur prix - Tout en acier - Croix et sceau des templiers - Poign\u00e9e de porter - 60 X 45 cm","og_url":"https:\/\/repliquemangacine.fr\/de\/schilde-und-rustungen\/mittelalterliches-schild-der-templer\/","og_site_name":"R\u00e9plique Manga Cin\u00e9","article_publisher":"https:\/\/www.facebook.com\/RepliqueMangaCine","article_modified_time":"2026-01-21T10:48:03+00:00","og_image":[{"width":600,"height":600,"url":"https:\/\/repliquemangacine.fr\/wp-content\/uploads\/2023\/10\/1630-Bouclier-des-Templiers.jpg","type":"image\/jpeg"}],"twitter_card":"summary_large_image","twitter_misc":{"Gesch\u00e4tzte Lesezeit":"2\u00a0Minuten"},"schema":{"@context":"https:\/\/schema.org","@graph":[{"@type":"WebPage","@id":"https:\/\/repliquemangacine.fr\/boucliers-et-armures\/bouclier-medievale-des-templiers\/","url":"https:\/\/repliquemangacine.fr\/boucliers-et-armures\/bouclier-medievale-des-templiers\/","name":"Mittelalterlicher Schild der Templer - Mittelalterliches Zubeh\u00f6r | RMC","isPartOf":{"@id":"https:\/\/repliquemangacine.fr\/#website"},"primaryImageOfPage":{"@id":"https:\/\/repliquemangacine.fr\/boucliers-et-armures\/bouclier-medievale-des-templiers\/#primaryimage"},"image":{"@id":"https:\/\/repliquemangacine.fr\/boucliers-et-armures\/bouclier-medievale-des-templiers\/#primaryimage"},"thumbnailUrl":"https:\/\/repliquemangacine.fr\/wp-content\/uploads\/2023\/10\/1630-Bouclier-des-Templiers.jpg","datePublished":"2016-11-23T13:39:31+00:00","dateModified":"2026-01-21T10:48:03+00:00","description":"Entdecken Sie diesen mittelalterlichen Schild der Templer zum besten Preis - Ganz aus Stahl - Kreuz und Siegel der Templer - Tragegriff - 60 X 45 cm","breadcrumb":{"@id":"https:\/\/repliquemangacine.fr\/boucliers-et-armures\/bouclier-medievale-des-templiers\/#breadcrumb"},"inLanguage":"de","potentialAction":[{"@type":"ReadAction","target":["https:\/\/repliquemangacine.fr\/boucliers-et-armures\/bouclier-medievale-des-templiers\/"]}]},{"@type":"ImageObject","inLanguage":"de","@id":"https:\/\/repliquemangacine.fr\/boucliers-et-armures\/bouclier-medievale-des-templiers\/#primaryimage","url":"https:\/\/repliquemangacine.fr\/wp-content\/uploads\/2023\/10\/1630-Bouclier-des-Templiers.jpg","contentUrl":"https:\/\/repliquemangacine.fr\/wp-content\/uploads\/2023\/10\/1630-Bouclier-des-Templiers.jpg","width":600,"height":600,"caption":"Bouclier des Templiers"},{"@type":"BreadcrumbList","@id":"https:\/\/repliquemangacine.fr\/boucliers-et-armures\/bouclier-medievale-des-templiers\/#breadcrumb","itemListElement":[{"@type":"ListItem","position":1,"name":"Accueil","item":"https:\/\/repliquemangacine.fr\/"},{"@type":"ListItem","position":2,"name":"Produits","item":"https:\/\/repliquemangacine.fr\/boutique\/"},{"@type":"ListItem","position":3,"name":"Bouclier des Templiers"}]},{"@type":"WebSite","@id":"https:\/\/repliquemangacine.fr\/#website","url":"https:\/\/repliquemangacine.fr\/","name":"R\u00e9plique Manga Cin\u00e9","description":"","publisher":{"@id":"https:\/\/repliquemangacine.fr\/#organization"},"potentialAction":[{"@type":"SearchAction","target":{"@type":"EntryPoint","urlTemplate":"https:\/\/repliquemangacine.fr\/?s={search_term_string}"},"query-input":{"@type":"PropertyValueSpecification","valueRequired":true,"valueName":"search_term_string"}}],"inLanguage":"de"},{"@type":"Organization","@id":"https:\/\/repliquemangacine.fr\/#organization","name":"R\u00e9plique Manga Cin\u00e9","url":"https:\/\/repliquemangacine.fr\/","logo":{"@type":"ImageObject","inLanguage":"de","@id":"https:\/\/repliquemangacine.fr\/#\/schema\/logo\/image\/","url":"https:\/\/repliquemangacine.fr\/wp-content\/uploads\/2023\/10\/RMC-500250.png","contentUrl":"https:\/\/repliquemangacine.fr\/wp-content\/uploads\/2023\/10\/RMC-500250.png","width":500,"height":250,"caption":"R\u00e9plique Manga Cin\u00e9"},"image":{"@id":"https:\/\/repliquemangacine.fr\/#\/schema\/logo\/image\/"},"sameAs":["https:\/\/www.facebook.com\/RepliqueMangaCine","https:\/\/www.instagram.com\/repliquemangacine.fr\/"]}]}},"_links":{"self":[{"href":"https:\/\/repliquemangacine.fr\/de\/wp-json\/wp\/v2\/product\/26447","targetHints":{"allow":["GET"]}}],"collection":[{"href":"https:\/\/repliquemangacine.fr\/de\/wp-json\/wp\/v2\/product"}],"about":[{"href":"https:\/\/repliquemangacine.fr\/de\/wp-json\/wp\/v2\/types\/product"}],"wp:featuredmedia":[{"embeddable":true,"href":"https:\/\/repliquemangacine.fr\/de\/wp-json\/wp\/v2\/media\/26448"}],"wp:attachment":[{"href":"https:\/\/repliquemangacine.fr\/de\/wp-json\/wp\/v2\/media?parent=26447"}],"wp:term":[{"taxonomy":"product_brand","embeddable":true,"href":"https:\/\/repliquemangacine.fr\/de\/wp-json\/wp\/v2\/product_brand?post=26447"},{"taxonomy":"product_cat","embeddable":true,"href":"https:\/\/repliquemangacine.fr\/de\/wp-json\/wp\/v2\/product_cat?post=26447"},{"taxonomy":"product_tag","embeddable":true,"href":"https:\/\/repliquemangacine.fr\/de\/wp-json\/wp\/v2\/product_tag?post=26447"}],"curies":[{"name":"wp","href":"https:\/\/api.w.org\/{rel}","templated":true}]}}