





{"id":26421,"date":"2016-11-22T16:57:11","date_gmt":"2016-11-22T15:57:11","guid":{"rendered":"https:\/\/repliquemangacine.fr\/?post_type=product&#038;p=26421"},"modified":"2025-09-23T18:01:45","modified_gmt":"2025-09-23T16:01:45","slug":"deutscher-helm-fallschirmjager","status":"publish","type":"product","link":"https:\/\/repliquemangacine.fr\/de\/dagues-et-accessoires-seconde-guerre-mondiale-materiels-militaria\/casque-allemand-parachutiste\/","title":{"rendered":"Deutscher Fallschirmj\u00e4gerhelm"},"content":{"rendered":"<p>Fallschirmj\u00e4ger waren die ersten, die w\u00e4hrend des Zweiten Weltkriegs f\u00fcr gro\u00df angelegte Luftlandeoperationen eingesetzt wurden. Bei den alliierten Streitkr\u00e4ften sind sie auch als \"gr\u00fcne Teufel\" bekannt. <br \/>Der Hauptunterschied zu Kampfhelmen besteht darin, dass Fallschirmj\u00e4gerhelme ein anderes Geschirr und Futter haben, um dem Aufprall beim Springen aus Flugzeugen standzuhalten. W\u00e4hrend des Zweiten Weltkriegs bildete die deutsche Luftwaffe (Luftwaffe) Eliteeinheiten der Luftlandeinfanterie (Fallschirmj\u00e4ger) aus.<\/p>","protected":false},"excerpt":{"rendered":"<p>Reproduktion des deutschen Fallschirmj\u00e4gerhelms, der exklusiv f\u00fcr Fallschirmspringer und Luftstreitkr\u00e4fte verwendet wird. Helmschale aus Stahl. Innenausstattung aus Leder. Riemen von hinten, die sich mit dem Kinnriemen verbinden und mit einem selbstblockierenden Mechanismus festgezogen werden. Voll funktionsf\u00e4hig f\u00fcr Ihre Reenactments.<\/p>","protected":false},"featured_media":26422,"template":"","meta":[],"product_brand":[896],"product_cat":[25,54,85],"product_tag":[],"class_list":{"0":"post-26421","1":"product","2":"type-product","3":"status-publish","4":"has-post-thumbnail","6":"product_brand-replique-manga-cine","7":"product_cat-armes-historiques","8":"product_cat-armes-accessoires-guerre-mondiale","9":"product_cat-dagues-et-accessoires-seconde-guerre-mondiale-materiels-militaria","11":"first","12":"instock","13":"taxable","14":"shipping-taxable","15":"purchasable","16":"product-type-simple"},"yoast_head":"<!-- This site is optimized with the Yoast SEO plugin v27.5 - https:\/\/yoast.com\/product\/yoast-seo-wordpress\/ -->\n<title>Reproduction du casque parachutiste Allemand - Replique Manga Cine<\/title>\n<meta name=\"description\" content=\"R\u00e9plique du casque des Diables Verts. Casque para Allemand tout en acier. Coiffe en cuir. Enti\u00e8rement fonctionnel. Id\u00e9al pour vos reconstitutions historiques.\" \/>\n<meta name=\"robots\" content=\"index, follow, max-snippet:-1, max-image-preview:large, max-video-preview:-1\" \/>\n<link rel=\"canonical\" href=\"https:\/\/repliquemangacine.fr\/de\/dolche-und-zubehor-zweiter-weltkrieg-militarisches-material\/deutscher-helm-fallschirmjager\/\" \/>\n<meta property=\"og:locale\" content=\"de_DE\" \/>\n<meta property=\"og:type\" content=\"article\" \/>\n<meta property=\"og:title\" content=\"Reproduction du casque parachutiste Allemand - Replique Manga Cine\" \/>\n<meta property=\"og:description\" content=\"R\u00e9plique du casque des Diables Verts. Casque para Allemand tout en acier. Coiffe en cuir. Enti\u00e8rement fonctionnel. Id\u00e9al pour vos reconstitutions historiques.\" \/>\n<meta property=\"og:url\" content=\"https:\/\/repliquemangacine.fr\/de\/dolche-und-zubehor-zweiter-weltkrieg-militarisches-material\/deutscher-helm-fallschirmjager\/\" \/>\n<meta property=\"og:site_name\" content=\"R\u00e9plique Manga Cin\u00e9\" \/>\n<meta property=\"article:publisher\" content=\"https:\/\/www.facebook.com\/RepliqueMangaCine\" \/>\n<meta property=\"article:modified_time\" content=\"2025-09-23T16:01:45+00:00\" \/>\n<meta property=\"og:image\" content=\"https:\/\/repliquemangacine.fr\/wp-content\/uploads\/2023\/10\/1094-Casque-Allemand-Parachutiste.jpg\" \/>\n\t<meta property=\"og:image:width\" content=\"692\" \/>\n\t<meta property=\"og:image:height\" content=\"809\" \/>\n\t<meta property=\"og:image:type\" content=\"image\/jpeg\" \/>\n<meta name=\"twitter:card\" content=\"summary_large_image\" \/>\n<script type=\"application\/ld+json\" class=\"yoast-schema-graph\">{\"@context\":\"https:\\\/\\\/schema.org\",\"@graph\":[{\"@type\":\"WebPage\",\"@id\":\"https:\\\/\\\/repliquemangacine.fr\\\/dagues-et-accessoires-seconde-guerre-mondiale-materiels-militaria\\\/casque-allemand-parachutiste\\\/\",\"url\":\"https:\\\/\\\/repliquemangacine.fr\\\/dagues-et-accessoires-seconde-guerre-mondiale-materiels-militaria\\\/casque-allemand-parachutiste\\\/\",\"name\":\"Reproduction du casque parachutiste Allemand - Replique Manga Cine\",\"isPartOf\":{\"@id\":\"https:\\\/\\\/repliquemangacine.fr\\\/#website\"},\"primaryImageOfPage\":{\"@id\":\"https:\\\/\\\/repliquemangacine.fr\\\/dagues-et-accessoires-seconde-guerre-mondiale-materiels-militaria\\\/casque-allemand-parachutiste\\\/#primaryimage\"},\"image\":{\"@id\":\"https:\\\/\\\/repliquemangacine.fr\\\/dagues-et-accessoires-seconde-guerre-mondiale-materiels-militaria\\\/casque-allemand-parachutiste\\\/#primaryimage\"},\"thumbnailUrl\":\"https:\\\/\\\/repliquemangacine.fr\\\/wp-content\\\/uploads\\\/2023\\\/10\\\/1094-Casque-Allemand-Parachutiste.jpg\",\"datePublished\":\"2016-11-22T15:57:11+00:00\",\"dateModified\":\"2025-09-23T16:01:45+00:00\",\"description\":\"R\u00e9plique du casque des Diables Verts. Casque para Allemand tout en acier. Coiffe en cuir. Enti\u00e8rement fonctionnel. Id\u00e9al pour vos reconstitutions historiques.\",\"breadcrumb\":{\"@id\":\"https:\\\/\\\/repliquemangacine.fr\\\/dagues-et-accessoires-seconde-guerre-mondiale-materiels-militaria\\\/casque-allemand-parachutiste\\\/#breadcrumb\"},\"inLanguage\":\"de\",\"potentialAction\":[{\"@type\":\"ReadAction\",\"target\":[\"https:\\\/\\\/repliquemangacine.fr\\\/dagues-et-accessoires-seconde-guerre-mondiale-materiels-militaria\\\/casque-allemand-parachutiste\\\/\"]}]},{\"@type\":\"ImageObject\",\"inLanguage\":\"de\",\"@id\":\"https:\\\/\\\/repliquemangacine.fr\\\/dagues-et-accessoires-seconde-guerre-mondiale-materiels-militaria\\\/casque-allemand-parachutiste\\\/#primaryimage\",\"url\":\"https:\\\/\\\/repliquemangacine.fr\\\/wp-content\\\/uploads\\\/2023\\\/10\\\/1094-Casque-Allemand-Parachutiste.jpg\",\"contentUrl\":\"https:\\\/\\\/repliquemangacine.fr\\\/wp-content\\\/uploads\\\/2023\\\/10\\\/1094-Casque-Allemand-Parachutiste.jpg\",\"width\":692,\"height\":809,\"caption\":\"Casque Allemand Parachutiste\"},{\"@type\":\"BreadcrumbList\",\"@id\":\"https:\\\/\\\/repliquemangacine.fr\\\/dagues-et-accessoires-seconde-guerre-mondiale-materiels-militaria\\\/casque-allemand-parachutiste\\\/#breadcrumb\",\"itemListElement\":[{\"@type\":\"ListItem\",\"position\":1,\"name\":\"Accueil\",\"item\":\"https:\\\/\\\/repliquemangacine.fr\\\/\"},{\"@type\":\"ListItem\",\"position\":2,\"name\":\"Produits\",\"item\":\"https:\\\/\\\/repliquemangacine.fr\\\/boutique\\\/\"},{\"@type\":\"ListItem\",\"position\":3,\"name\":\"Casque Allemand Parachutiste\"}]},{\"@type\":\"WebSite\",\"@id\":\"https:\\\/\\\/repliquemangacine.fr\\\/#website\",\"url\":\"https:\\\/\\\/repliquemangacine.fr\\\/\",\"name\":\"R\u00e9plique Manga Cin\u00e9\",\"description\":\"\",\"publisher\":{\"@id\":\"https:\\\/\\\/repliquemangacine.fr\\\/#organization\"},\"potentialAction\":[{\"@type\":\"SearchAction\",\"target\":{\"@type\":\"EntryPoint\",\"urlTemplate\":\"https:\\\/\\\/repliquemangacine.fr\\\/?s={search_term_string}\"},\"query-input\":{\"@type\":\"PropertyValueSpecification\",\"valueRequired\":true,\"valueName\":\"search_term_string\"}}],\"inLanguage\":\"de\"},{\"@type\":\"Organization\",\"@id\":\"https:\\\/\\\/repliquemangacine.fr\\\/#organization\",\"name\":\"R\u00e9plique Manga Cin\u00e9\",\"url\":\"https:\\\/\\\/repliquemangacine.fr\\\/\",\"logo\":{\"@type\":\"ImageObject\",\"inLanguage\":\"de\",\"@id\":\"https:\\\/\\\/repliquemangacine.fr\\\/#\\\/schema\\\/logo\\\/image\\\/\",\"url\":\"https:\\\/\\\/repliquemangacine.fr\\\/wp-content\\\/uploads\\\/2023\\\/10\\\/RMC-500250.png\",\"contentUrl\":\"https:\\\/\\\/repliquemangacine.fr\\\/wp-content\\\/uploads\\\/2023\\\/10\\\/RMC-500250.png\",\"width\":500,\"height\":250,\"caption\":\"R\u00e9plique Manga Cin\u00e9\"},\"image\":{\"@id\":\"https:\\\/\\\/repliquemangacine.fr\\\/#\\\/schema\\\/logo\\\/image\\\/\"},\"sameAs\":[\"https:\\\/\\\/www.facebook.com\\\/RepliqueMangaCine\",\"https:\\\/\\\/www.instagram.com\\\/repliquemangacine.fr\\\/\"]}]}<\/script>\n<!-- \/ Yoast SEO plugin. -->","yoast_head_json":{"title":"Reproduktion des deutschen Fallschirmj\u00e4gerhelms - Replica Manga Cine","description":"Replik des Helms der Gr\u00fcnen Teufel. Deutscher Para-Helm ganz aus Stahl. Kopfbedeckung aus Leder. Vollst\u00e4ndig funktionst\u00fcchtig. Ideal f\u00fcr Ihre historischen Reenactments.","robots":{"index":"index","follow":"follow","max-snippet":"max-snippet:-1","max-image-preview":"max-image-preview:large","max-video-preview":"max-video-preview:-1"},"canonical":"https:\/\/repliquemangacine.fr\/de\/dolche-und-zubehor-zweiter-weltkrieg-militarisches-material\/deutscher-helm-fallschirmjager\/","og_locale":"de_DE","og_type":"article","og_title":"Reproduction du casque parachutiste Allemand - Replique Manga Cine","og_description":"R\u00e9plique du casque des Diables Verts. Casque para Allemand tout en acier. Coiffe en cuir. Enti\u00e8rement fonctionnel. Id\u00e9al pour vos reconstitutions historiques.","og_url":"https:\/\/repliquemangacine.fr\/de\/dolche-und-zubehor-zweiter-weltkrieg-militarisches-material\/deutscher-helm-fallschirmjager\/","og_site_name":"R\u00e9plique Manga Cin\u00e9","article_publisher":"https:\/\/www.facebook.com\/RepliqueMangaCine","article_modified_time":"2025-09-23T16:01:45+00:00","og_image":[{"width":692,"height":809,"url":"https:\/\/repliquemangacine.fr\/wp-content\/uploads\/2023\/10\/1094-Casque-Allemand-Parachutiste.jpg","type":"image\/jpeg"}],"twitter_card":"summary_large_image","schema":{"@context":"https:\/\/schema.org","@graph":[{"@type":"WebPage","@id":"https:\/\/repliquemangacine.fr\/dagues-et-accessoires-seconde-guerre-mondiale-materiels-militaria\/casque-allemand-parachutiste\/","url":"https:\/\/repliquemangacine.fr\/dagues-et-accessoires-seconde-guerre-mondiale-materiels-militaria\/casque-allemand-parachutiste\/","name":"Reproduktion des deutschen Fallschirmj\u00e4gerhelms - Replica Manga Cine","isPartOf":{"@id":"https:\/\/repliquemangacine.fr\/#website"},"primaryImageOfPage":{"@id":"https:\/\/repliquemangacine.fr\/dagues-et-accessoires-seconde-guerre-mondiale-materiels-militaria\/casque-allemand-parachutiste\/#primaryimage"},"image":{"@id":"https:\/\/repliquemangacine.fr\/dagues-et-accessoires-seconde-guerre-mondiale-materiels-militaria\/casque-allemand-parachutiste\/#primaryimage"},"thumbnailUrl":"https:\/\/repliquemangacine.fr\/wp-content\/uploads\/2023\/10\/1094-Casque-Allemand-Parachutiste.jpg","datePublished":"2016-11-22T15:57:11+00:00","dateModified":"2025-09-23T16:01:45+00:00","description":"Replik des Helms der Gr\u00fcnen Teufel. Deutscher Para-Helm ganz aus Stahl. Kopfbedeckung aus Leder. Vollst\u00e4ndig funktionst\u00fcchtig. Ideal f\u00fcr Ihre historischen Reenactments.","breadcrumb":{"@id":"https:\/\/repliquemangacine.fr\/dagues-et-accessoires-seconde-guerre-mondiale-materiels-militaria\/casque-allemand-parachutiste\/#breadcrumb"},"inLanguage":"de","potentialAction":[{"@type":"ReadAction","target":["https:\/\/repliquemangacine.fr\/dagues-et-accessoires-seconde-guerre-mondiale-materiels-militaria\/casque-allemand-parachutiste\/"]}]},{"@type":"ImageObject","inLanguage":"de","@id":"https:\/\/repliquemangacine.fr\/dagues-et-accessoires-seconde-guerre-mondiale-materiels-militaria\/casque-allemand-parachutiste\/#primaryimage","url":"https:\/\/repliquemangacine.fr\/wp-content\/uploads\/2023\/10\/1094-Casque-Allemand-Parachutiste.jpg","contentUrl":"https:\/\/repliquemangacine.fr\/wp-content\/uploads\/2023\/10\/1094-Casque-Allemand-Parachutiste.jpg","width":692,"height":809,"caption":"Casque Allemand Parachutiste"},{"@type":"BreadcrumbList","@id":"https:\/\/repliquemangacine.fr\/dagues-et-accessoires-seconde-guerre-mondiale-materiels-militaria\/casque-allemand-parachutiste\/#breadcrumb","itemListElement":[{"@type":"ListItem","position":1,"name":"Accueil","item":"https:\/\/repliquemangacine.fr\/"},{"@type":"ListItem","position":2,"name":"Produits","item":"https:\/\/repliquemangacine.fr\/boutique\/"},{"@type":"ListItem","position":3,"name":"Casque Allemand Parachutiste"}]},{"@type":"WebSite","@id":"https:\/\/repliquemangacine.fr\/#website","url":"https:\/\/repliquemangacine.fr\/","name":"R\u00e9plique Manga Cin\u00e9","description":"","publisher":{"@id":"https:\/\/repliquemangacine.fr\/#organization"},"potentialAction":[{"@type":"SearchAction","target":{"@type":"EntryPoint","urlTemplate":"https:\/\/repliquemangacine.fr\/?s={search_term_string}"},"query-input":{"@type":"PropertyValueSpecification","valueRequired":true,"valueName":"search_term_string"}}],"inLanguage":"de"},{"@type":"Organization","@id":"https:\/\/repliquemangacine.fr\/#organization","name":"R\u00e9plique Manga Cin\u00e9","url":"https:\/\/repliquemangacine.fr\/","logo":{"@type":"ImageObject","inLanguage":"de","@id":"https:\/\/repliquemangacine.fr\/#\/schema\/logo\/image\/","url":"https:\/\/repliquemangacine.fr\/wp-content\/uploads\/2023\/10\/RMC-500250.png","contentUrl":"https:\/\/repliquemangacine.fr\/wp-content\/uploads\/2023\/10\/RMC-500250.png","width":500,"height":250,"caption":"R\u00e9plique Manga Cin\u00e9"},"image":{"@id":"https:\/\/repliquemangacine.fr\/#\/schema\/logo\/image\/"},"sameAs":["https:\/\/www.facebook.com\/RepliqueMangaCine","https:\/\/www.instagram.com\/repliquemangacine.fr\/"]}]}},"_links":{"self":[{"href":"https:\/\/repliquemangacine.fr\/de\/wp-json\/wp\/v2\/product\/26421","targetHints":{"allow":["GET"]}}],"collection":[{"href":"https:\/\/repliquemangacine.fr\/de\/wp-json\/wp\/v2\/product"}],"about":[{"href":"https:\/\/repliquemangacine.fr\/de\/wp-json\/wp\/v2\/types\/product"}],"wp:featuredmedia":[{"embeddable":true,"href":"https:\/\/repliquemangacine.fr\/de\/wp-json\/wp\/v2\/media\/26422"}],"wp:attachment":[{"href":"https:\/\/repliquemangacine.fr\/de\/wp-json\/wp\/v2\/media?parent=26421"}],"wp:term":[{"taxonomy":"product_brand","embeddable":true,"href":"https:\/\/repliquemangacine.fr\/de\/wp-json\/wp\/v2\/product_brand?post=26421"},{"taxonomy":"product_cat","embeddable":true,"href":"https:\/\/repliquemangacine.fr\/de\/wp-json\/wp\/v2\/product_cat?post=26421"},{"taxonomy":"product_tag","embeddable":true,"href":"https:\/\/repliquemangacine.fr\/de\/wp-json\/wp\/v2\/product_tag?post=26421"}],"curies":[{"name":"wp","href":"https:\/\/api.w.org\/{rel}","templated":true}]}}