





{"id":26397,"date":"2016-11-20T18:05:00","date_gmt":"2016-11-20T17:05:00","guid":{"rendered":"https:\/\/repliquemangacine.fr\/?post_type=product&#038;p=26397"},"modified":"2026-04-18T13:25:48","modified_gmt":"2026-04-18T11:25:48","slug":"colt-python-magnum2","status":"publish","type":"product","link":"https:\/\/repliquemangacine.fr\/de\/pistolet-moderne\/colt-python-magnum2\/","title":{"rendered":"Colt Python Magnum \"2"},"content":{"rendered":"<h2>Colt Python Magnum \"2 - Denix<\/h2>\n<p>Zun\u00e4chst die Colt Python Magnum \"2, diese 2-Zoll-Version ist mit ihrem sehr kurzen Lauf weniger beliebt als die 6-Zoll-Version.<\/p>\n<p>Der Colt Python ist ein doppelt wirkender Platinrevolver, der mit der Munition .357 Magnum best\u00fcckt ist. Der Python wird seinem Titel \"Bester jemals hergestellter Revolver\" am besten gerecht, wenn er schnell und mit Doppelwirkung geschossen wird.<\/p>\n<p>1961 stellte Colt eine Python mit einem 10 cm (4 Zoll) langen Lauf in Dienst. 1963 folgte eine Version der Python mit einem noch k\u00fcrzeren Lauf von 6,2 cm.<\/p>\n<p>Die Film-, Fernsehserien- und Videospielindustrie hat sich diese Waffe zu eigen gemacht. Sie ist Ricks Hauptwaffe in \"The Walking Dead\" mit einem 6-Zoll-Lauf.<\/p>\n<h2>Ihr Colt Python Magnum \"2 zum besten Preis.<\/h2>\n<p>Wir bieten Ihnen eine gro\u00dfe Auswahl an Denix-Waffenreproduktionen.<\/p>\n<p>Zun\u00e4chst einmal,<\/p>\n<ul>\n<li>Die Replik des <a href=\"https:\/\/repliquemangacine.fr\/de\/the-walking-dead\/colt-python-rick-grimes\/\">Rick Grimes' Python-Revolver<\/a> in der Fernsehserie \"The Walking Dead\".<\/li>\n<li>Es gibt auch die Reproduktion des <a href=\"https:\/\/repliquemangacine.fr\/de\/moderne-pistole\/revolver-colt-python-357-magnum-4\/\">Revolver Colt Python 357 Magnum 4<\/a>\"barrel, USA 1955.<\/li>\n<li>Sowie die Pistole <a href=\"https:\/\/repliquemangacine.fr\/de\/moderne-pistole\/pistole-beretta-92f-parabellum-italy-1975\/\">Beretta 92F<\/a> Parabellum, das von John Mc Lane (Bruce Willis) in \"Crystal Trap\" verwendet wird.<\/li>\n<li>Und viele andere, die es in unserem Online-Shop zu entdecken gibt!<\/li>\n<\/ul>\n<p>Deshalb ist dies eine tolle Geschenkidee f\u00fcr Sammler und Liebhaber moderner Waffen.<\/p>\n<p>Abschlie\u00dfend k\u00f6nnen Sie den <strong>Colt Python Magnum \"2<\/strong> f\u00fcr Ihre Cosplay-Parade oder Ihre Themenabende. Vor allem aber ist es ein Sammler- und Dekorationsobjekt.<\/p>\n<p>R\u00e9plique Manga Cin\u00e9 ist ein franz\u00f6sisches Familienunternehmen und offizieller Vertriebspartner der Marke <a href=\"https:\/\/www.denix.fr\/fr\/catalogue\/armes-modernes-1945-1982\/\" target=\"_blank\" rel=\"noopener noreferrer\">Denix<\/a>.<\/p>\n<h2>Wie werden Denix-Waffenrepliken hergestellt?<\/h2>\n<p>Werden in historischen Rekonstruktionen, Filmen und Serien sowie von Sammlern verwendet. Denix-Waffenreproduktionen, die aus hochwertigen Materialien hergestellt werden. Sorgf\u00e4ltig bearbeitet und zusammengesetzt, um realistische Sammlerwaffen zu schaffen.<\/p>\n<ul>\n<li>Die Metalle sind in einer Metalllegierung, die als Zamac bekannt ist und deren Grundzusammensetzung Zink in 95% ist.<\/li>\n<li>Die Kunststoffteile der Repliken aus geformtem ABS, das eine hohe Widerstandsf\u00e4higkeit bietet.<\/li>\n<li>Holz, das aufgrund seiner Sch\u00f6nheit und Haltbarkeit ausgew\u00e4hlt wird, wie z. B. Mahagoni, Olivenholz oder Walnuss, verleiht Ihren Sch\u00e4ften und F\u00e4ssern ein elegantes und authentisches Aussehen.<\/li>\n<\/ul>\n<p>Es ist zu betonen, dass alle Nachbildungen von Denix-Waffen mit den Originalen identisch sind, wie Ihr <strong>Colt Python Magnum \"2<\/strong>.<\/p>","protected":false},"excerpt":{"rendered":"<p>Reproduktion des Revolvers Colt Python 357 Magnum 2\u2033 barrel, USA 1955.<\/p>\n<ul>\n<li>Geh\u00e4use aus Zamak.<\/li>\n<li>Schaftkappen aus ABS.<\/li>\n<li>Kippbarer Lauf.<\/li>\n<li>Bewaffnet sich und rammt.<\/li>\n<li>Ungeeignet zum Schie\u00dfen.<\/li>\n<li>Unterliegt keiner Genehmigungspflicht. Verkauf und Besitz frei.<\/li>\n<li>Ma\u00dfe: 21 cm - Gewicht: 870 Gramm<\/li>\n<\/ul>","protected":false},"featured_media":26398,"template":"","meta":[],"product_brand":[896],"product_cat":[102,40,28],"product_tag":[],"class_list":{"0":"post-26397","1":"product","2":"type-product","3":"status-publish","4":"has-post-thumbnail","6":"product_brand-replique-manga-cine","7":"product_cat-denix","8":"product_cat-pistolet-moderne","9":"product_cat-repliques-darmes","11":"first","12":"outofstock","13":"sale","14":"taxable","15":"shipping-taxable","16":"purchasable","17":"product-type-simple"},"yoast_head":"<!-- This site is optimized with the Yoast SEO plugin v27.5 - https:\/\/yoast.com\/product\/yoast-seo-wordpress\/ -->\n<title>Colt Python Magnum&quot;2 - Vente Python 357 Magnum Denix | RMC<\/title>\n<meta name=\"description\" content=\"Offrez-lui ! Ce Colt Python Magnum&quot;2 au meilleur prix - Tout en m\u00e9tal - Barillet basculant - M\u00e9canisme fonctionnel - Crosse ABS - Longueur : 21 cm\" \/>\n<meta name=\"robots\" content=\"index, follow, max-snippet:-1, max-image-preview:large, max-video-preview:-1\" \/>\n<link rel=\"canonical\" href=\"https:\/\/repliquemangacine.fr\/de\/moderne-pistole\/colt-python-magnum2\/\" \/>\n<meta property=\"og:locale\" content=\"de_DE\" \/>\n<meta property=\"og:type\" content=\"article\" \/>\n<meta property=\"og:title\" content=\"Colt Python Magnum&quot;2 - Vente Python 357 Magnum Denix | RMC\" \/>\n<meta property=\"og:description\" content=\"Offrez-lui ! Ce Colt Python Magnum&quot;2 au meilleur prix - Tout en m\u00e9tal - Barillet basculant - M\u00e9canisme fonctionnel - Crosse ABS - Longueur : 21 cm\" \/>\n<meta property=\"og:url\" content=\"https:\/\/repliquemangacine.fr\/de\/moderne-pistole\/colt-python-magnum2\/\" \/>\n<meta property=\"og:site_name\" content=\"R\u00e9plique Manga Cin\u00e9\" \/>\n<meta property=\"article:publisher\" content=\"https:\/\/www.facebook.com\/RepliqueMangaCine\" \/>\n<meta property=\"article:modified_time\" content=\"2026-04-18T11:25:48+00:00\" \/>\n<meta property=\"og:image\" content=\"https:\/\/repliquemangacine.fr\/wp-content\/uploads\/2023\/10\/1073-Replique-Revolver-Colt-Python-357-Magnum-2.jpg\" \/>\n\t<meta property=\"og:image:width\" content=\"800\" \/>\n\t<meta property=\"og:image:height\" content=\"800\" \/>\n\t<meta property=\"og:image:type\" content=\"image\/jpeg\" \/>\n<meta name=\"twitter:card\" content=\"summary_large_image\" \/>\n<meta name=\"twitter:label1\" content=\"Gesch\u00e4tzte Lesezeit\" \/>\n\t<meta name=\"twitter:data1\" content=\"2\u00a0Minuten\" \/>\n<script type=\"application\/ld+json\" class=\"yoast-schema-graph\">{\"@context\":\"https:\\\/\\\/schema.org\",\"@graph\":[{\"@type\":\"WebPage\",\"@id\":\"https:\\\/\\\/repliquemangacine.fr\\\/pistolet-moderne\\\/colt-python-magnum2\\\/\",\"url\":\"https:\\\/\\\/repliquemangacine.fr\\\/pistolet-moderne\\\/colt-python-magnum2\\\/\",\"name\":\"Colt Python Magnum\\\"2 - Vente Python 357 Magnum Denix | RMC\",\"isPartOf\":{\"@id\":\"https:\\\/\\\/repliquemangacine.fr\\\/#website\"},\"primaryImageOfPage\":{\"@id\":\"https:\\\/\\\/repliquemangacine.fr\\\/pistolet-moderne\\\/colt-python-magnum2\\\/#primaryimage\"},\"image\":{\"@id\":\"https:\\\/\\\/repliquemangacine.fr\\\/pistolet-moderne\\\/colt-python-magnum2\\\/#primaryimage\"},\"thumbnailUrl\":\"https:\\\/\\\/repliquemangacine.fr\\\/wp-content\\\/uploads\\\/2023\\\/10\\\/1073-Replique-Revolver-Colt-Python-357-Magnum-2.jpg\",\"datePublished\":\"2016-11-20T17:05:00+00:00\",\"dateModified\":\"2026-04-18T11:25:48+00:00\",\"description\":\"Offrez-lui ! Ce Colt Python Magnum\\\"2 au meilleur prix - Tout en m\u00e9tal - Barillet basculant - M\u00e9canisme fonctionnel - Crosse ABS - Longueur : 21 cm\",\"breadcrumb\":{\"@id\":\"https:\\\/\\\/repliquemangacine.fr\\\/pistolet-moderne\\\/colt-python-magnum2\\\/#breadcrumb\"},\"inLanguage\":\"de\",\"potentialAction\":[{\"@type\":\"ReadAction\",\"target\":[\"https:\\\/\\\/repliquemangacine.fr\\\/pistolet-moderne\\\/colt-python-magnum2\\\/\"]}]},{\"@type\":\"ImageObject\",\"inLanguage\":\"de\",\"@id\":\"https:\\\/\\\/repliquemangacine.fr\\\/pistolet-moderne\\\/colt-python-magnum2\\\/#primaryimage\",\"url\":\"https:\\\/\\\/repliquemangacine.fr\\\/wp-content\\\/uploads\\\/2023\\\/10\\\/1073-Replique-Revolver-Colt-Python-357-Magnum-2.jpg\",\"contentUrl\":\"https:\\\/\\\/repliquemangacine.fr\\\/wp-content\\\/uploads\\\/2023\\\/10\\\/1073-Replique-Revolver-Colt-Python-357-Magnum-2.jpg\",\"width\":800,\"height\":800,\"caption\":\"Replique Revolver Colt Python 357 Magnum \\\"2\"},{\"@type\":\"BreadcrumbList\",\"@id\":\"https:\\\/\\\/repliquemangacine.fr\\\/pistolet-moderne\\\/colt-python-magnum2\\\/#breadcrumb\",\"itemListElement\":[{\"@type\":\"ListItem\",\"position\":1,\"name\":\"Accueil\",\"item\":\"https:\\\/\\\/repliquemangacine.fr\\\/\"},{\"@type\":\"ListItem\",\"position\":2,\"name\":\"Produits\",\"item\":\"https:\\\/\\\/repliquemangacine.fr\\\/boutique\\\/\"},{\"@type\":\"ListItem\",\"position\":3,\"name\":\"Colt Python Magnum &#8220;2\"}]},{\"@type\":\"WebSite\",\"@id\":\"https:\\\/\\\/repliquemangacine.fr\\\/#website\",\"url\":\"https:\\\/\\\/repliquemangacine.fr\\\/\",\"name\":\"R\u00e9plique Manga Cin\u00e9\",\"description\":\"\",\"publisher\":{\"@id\":\"https:\\\/\\\/repliquemangacine.fr\\\/#organization\"},\"potentialAction\":[{\"@type\":\"SearchAction\",\"target\":{\"@type\":\"EntryPoint\",\"urlTemplate\":\"https:\\\/\\\/repliquemangacine.fr\\\/?s={search_term_string}\"},\"query-input\":{\"@type\":\"PropertyValueSpecification\",\"valueRequired\":true,\"valueName\":\"search_term_string\"}}],\"inLanguage\":\"de\"},{\"@type\":\"Organization\",\"@id\":\"https:\\\/\\\/repliquemangacine.fr\\\/#organization\",\"name\":\"R\u00e9plique Manga Cin\u00e9\",\"url\":\"https:\\\/\\\/repliquemangacine.fr\\\/\",\"logo\":{\"@type\":\"ImageObject\",\"inLanguage\":\"de\",\"@id\":\"https:\\\/\\\/repliquemangacine.fr\\\/#\\\/schema\\\/logo\\\/image\\\/\",\"url\":\"https:\\\/\\\/repliquemangacine.fr\\\/wp-content\\\/uploads\\\/2023\\\/10\\\/RMC-500250.png\",\"contentUrl\":\"https:\\\/\\\/repliquemangacine.fr\\\/wp-content\\\/uploads\\\/2023\\\/10\\\/RMC-500250.png\",\"width\":500,\"height\":250,\"caption\":\"R\u00e9plique Manga Cin\u00e9\"},\"image\":{\"@id\":\"https:\\\/\\\/repliquemangacine.fr\\\/#\\\/schema\\\/logo\\\/image\\\/\"},\"sameAs\":[\"https:\\\/\\\/www.facebook.com\\\/RepliqueMangaCine\",\"https:\\\/\\\/www.instagram.com\\\/repliquemangacine.fr\\\/\"]}]}<\/script>\n<!-- \/ Yoast SEO plugin. -->","yoast_head_json":{"title":"Colt Python Magnum \"2 - Python 357 Magnum Denix Verkauf | RMC","description":"Schenken Sie es ihm! Dieser Colt Python Magnum \"2 zum besten Preis - Ganz aus Metall - Kipplauf - Funktioneller Mechanismus - ABS-Schaft - L\u00e4nge: 21 cm","robots":{"index":"index","follow":"follow","max-snippet":"max-snippet:-1","max-image-preview":"max-image-preview:large","max-video-preview":"max-video-preview:-1"},"canonical":"https:\/\/repliquemangacine.fr\/de\/moderne-pistole\/colt-python-magnum2\/","og_locale":"de_DE","og_type":"article","og_title":"Colt Python Magnum\"2 - Vente Python 357 Magnum Denix | RMC","og_description":"Offrez-lui ! Ce Colt Python Magnum\"2 au meilleur prix - Tout en m\u00e9tal - Barillet basculant - M\u00e9canisme fonctionnel - Crosse ABS - Longueur : 21 cm","og_url":"https:\/\/repliquemangacine.fr\/de\/moderne-pistole\/colt-python-magnum2\/","og_site_name":"R\u00e9plique Manga Cin\u00e9","article_publisher":"https:\/\/www.facebook.com\/RepliqueMangaCine","article_modified_time":"2026-04-18T11:25:48+00:00","og_image":[{"width":800,"height":800,"url":"https:\/\/repliquemangacine.fr\/wp-content\/uploads\/2023\/10\/1073-Replique-Revolver-Colt-Python-357-Magnum-2.jpg","type":"image\/jpeg"}],"twitter_card":"summary_large_image","twitter_misc":{"Gesch\u00e4tzte Lesezeit":"2\u00a0Minuten"},"schema":{"@context":"https:\/\/schema.org","@graph":[{"@type":"WebPage","@id":"https:\/\/repliquemangacine.fr\/pistolet-moderne\/colt-python-magnum2\/","url":"https:\/\/repliquemangacine.fr\/pistolet-moderne\/colt-python-magnum2\/","name":"Colt Python Magnum \"2 - Python 357 Magnum Denix Verkauf | RMC","isPartOf":{"@id":"https:\/\/repliquemangacine.fr\/#website"},"primaryImageOfPage":{"@id":"https:\/\/repliquemangacine.fr\/pistolet-moderne\/colt-python-magnum2\/#primaryimage"},"image":{"@id":"https:\/\/repliquemangacine.fr\/pistolet-moderne\/colt-python-magnum2\/#primaryimage"},"thumbnailUrl":"https:\/\/repliquemangacine.fr\/wp-content\/uploads\/2023\/10\/1073-Replique-Revolver-Colt-Python-357-Magnum-2.jpg","datePublished":"2016-11-20T17:05:00+00:00","dateModified":"2026-04-18T11:25:48+00:00","description":"Schenken Sie es ihm! Dieser Colt Python Magnum \"2 zum besten Preis - Ganz aus Metall - Kipplauf - Funktioneller Mechanismus - ABS-Schaft - L\u00e4nge: 21 cm","breadcrumb":{"@id":"https:\/\/repliquemangacine.fr\/pistolet-moderne\/colt-python-magnum2\/#breadcrumb"},"inLanguage":"de","potentialAction":[{"@type":"ReadAction","target":["https:\/\/repliquemangacine.fr\/pistolet-moderne\/colt-python-magnum2\/"]}]},{"@type":"ImageObject","inLanguage":"de","@id":"https:\/\/repliquemangacine.fr\/pistolet-moderne\/colt-python-magnum2\/#primaryimage","url":"https:\/\/repliquemangacine.fr\/wp-content\/uploads\/2023\/10\/1073-Replique-Revolver-Colt-Python-357-Magnum-2.jpg","contentUrl":"https:\/\/repliquemangacine.fr\/wp-content\/uploads\/2023\/10\/1073-Replique-Revolver-Colt-Python-357-Magnum-2.jpg","width":800,"height":800,"caption":"Replique Revolver Colt Python 357 Magnum \"2"},{"@type":"BreadcrumbList","@id":"https:\/\/repliquemangacine.fr\/pistolet-moderne\/colt-python-magnum2\/#breadcrumb","itemListElement":[{"@type":"ListItem","position":1,"name":"Accueil","item":"https:\/\/repliquemangacine.fr\/"},{"@type":"ListItem","position":2,"name":"Produits","item":"https:\/\/repliquemangacine.fr\/boutique\/"},{"@type":"ListItem","position":3,"name":"Colt Python Magnum &#8220;2"}]},{"@type":"WebSite","@id":"https:\/\/repliquemangacine.fr\/#website","url":"https:\/\/repliquemangacine.fr\/","name":"R\u00e9plique Manga Cin\u00e9","description":"","publisher":{"@id":"https:\/\/repliquemangacine.fr\/#organization"},"potentialAction":[{"@type":"SearchAction","target":{"@type":"EntryPoint","urlTemplate":"https:\/\/repliquemangacine.fr\/?s={search_term_string}"},"query-input":{"@type":"PropertyValueSpecification","valueRequired":true,"valueName":"search_term_string"}}],"inLanguage":"de"},{"@type":"Organization","@id":"https:\/\/repliquemangacine.fr\/#organization","name":"R\u00e9plique Manga Cin\u00e9","url":"https:\/\/repliquemangacine.fr\/","logo":{"@type":"ImageObject","inLanguage":"de","@id":"https:\/\/repliquemangacine.fr\/#\/schema\/logo\/image\/","url":"https:\/\/repliquemangacine.fr\/wp-content\/uploads\/2023\/10\/RMC-500250.png","contentUrl":"https:\/\/repliquemangacine.fr\/wp-content\/uploads\/2023\/10\/RMC-500250.png","width":500,"height":250,"caption":"R\u00e9plique Manga Cin\u00e9"},"image":{"@id":"https:\/\/repliquemangacine.fr\/#\/schema\/logo\/image\/"},"sameAs":["https:\/\/www.facebook.com\/RepliqueMangaCine","https:\/\/www.instagram.com\/repliquemangacine.fr\/"]}]}},"_links":{"self":[{"href":"https:\/\/repliquemangacine.fr\/de\/wp-json\/wp\/v2\/product\/26397","targetHints":{"allow":["GET"]}}],"collection":[{"href":"https:\/\/repliquemangacine.fr\/de\/wp-json\/wp\/v2\/product"}],"about":[{"href":"https:\/\/repliquemangacine.fr\/de\/wp-json\/wp\/v2\/types\/product"}],"wp:featuredmedia":[{"embeddable":true,"href":"https:\/\/repliquemangacine.fr\/de\/wp-json\/wp\/v2\/media\/26398"}],"wp:attachment":[{"href":"https:\/\/repliquemangacine.fr\/de\/wp-json\/wp\/v2\/media?parent=26397"}],"wp:term":[{"taxonomy":"product_brand","embeddable":true,"href":"https:\/\/repliquemangacine.fr\/de\/wp-json\/wp\/v2\/product_brand?post=26397"},{"taxonomy":"product_cat","embeddable":true,"href":"https:\/\/repliquemangacine.fr\/de\/wp-json\/wp\/v2\/product_cat?post=26397"},{"taxonomy":"product_tag","embeddable":true,"href":"https:\/\/repliquemangacine.fr\/de\/wp-json\/wp\/v2\/product_tag?post=26397"}],"curies":[{"name":"wp","href":"https:\/\/api.w.org\/{rel}","templated":true}]}}