





{"id":26373,"date":"2016-11-18T19:54:15","date_gmt":"2016-11-18T18:54:15","guid":{"rendered":"https:\/\/repliquemangacine.fr\/?post_type=product&#038;p=26373"},"modified":"2026-03-05T20:31:26","modified_gmt":"2026-03-05T19:31:26","slug":"parabellum-luger-p08-schaft-holz","status":"publish","type":"product","link":"https:\/\/repliquemangacine.fr\/de\/reproductions-armes-seconde-guerre-mondiale-denix\/parabellum-luger-p08-crosse-bois\/","title":{"rendered":"Parabellum Luger P08"},"content":{"rendered":"<h2>Parabellum-Pistole Luger P08 - Denix<\/h2>\n<p>Zu Beginn die Pistole <strong>Parabellum Luger P08<\/strong> die w\u00e4hrend des Ersten und Zweiten Weltkriegs verwendet wurde. Signierte Reproduktion <a href=\"https:\/\/www.denix.fr\/fr\/accueil-fr\/\" target=\"_blank\" rel=\"noopener noreferrer\">Denix<\/a>.<\/p>\n<p>Parabellum bietet f\u00fcr eine Kriegswaffe unbestreitbare Vorteile:<\/p>\n<ul>\n<li>Magazinkapazit\u00e4t von 8 Patronen.<\/li>\n<li>Schnellfeuer sowie Nachladen.<\/li>\n<li>7,65 mm Kaliber ebenfalls schneller.<\/li>\n<li>Die l\u00e4ngere Sichtlinie.<\/li>\n<\/ul>\n<p>George Luger stellt seine Waffe in allen Hauptst\u00e4dten der westlichen Welt vor. Die Parabellum 1900 wird in den USA, Bulgarien, Schweden, \u00d6sterreich, Spanien ... ausprobiert. Sie wird in mehreren L\u00e4ndern als gesetzlich vorgeschriebene Waffe eingesetzt, darunter nat\u00fcrlich Deutschland, die Schweiz ... In Frankreich werden zwischen 1945 und 1955 die Gendarmen, das Heer und die Polizeipr\u00e4fektur von Paris damit ausgestattet.<\/p>\n<p>Wurde ab den 1950er Jahren zu einem Sammlerst\u00fcck.<\/p>\n<h2>Ihre Parabellum Luger P08 zum besten Preis.<\/h2>\n<p>Wir bieten Ihnen alle Reproduktionen von Denix-Waffen aus dem Zweiten Weltkrieg an.<\/p>\n<p>Zun\u00e4chst einmal,<\/p>\n<ul>\n<li>Die <a href=\"https:\/\/repliquemangacine.fr\/de\/weltkrieg\/pistolet-m1911-colt-1911-crosse-bois\/\">Colt M1911A1 von 1911,<\/a> Ordonnanzpistole der US-Streitkr\u00e4fte.<\/li>\n<li>Anschlie\u00dfend wird der <a href=\"https:\/\/repliquemangacine.fr\/de\/darmsreproduktionen\/pistolet-mitrailleur-m3-grease-gun-usa-1942\/\">M3-Maschinengewehr<\/a> so genannte Grease Gun, die in den Stunden vor der Landung in der Normandie am 6. Juni 44 eingesetzt wurde.<\/li>\n<li>Es gibt auch Le<a href=\"https:\/\/repliquemangacine.fr\/de\/darmsreproduktionen\/pistolet-walther-ppk-dore-calibre-765\/\"> goldene PPK-Pistole<\/a> der w\u00e4hrend des Zweiten Weltkriegs vom Milit\u00e4r verwendet wurde. Von James Bond unsterblich gemacht.<\/li>\n<li>Sowie alle Gewehre...<\/li>\n<\/ul>\n<p>Deshalb gibt es hier etwas, womit Sie Ihre Sammlung von Kriegswaffen erweitern k\u00f6nnen.<\/p>\n<p>Abschlie\u00dfend k\u00f6nnen Sie die Pistole <strong>Parabellum Luger P08<\/strong> f\u00fcr Ihre historischen Nachstellungen. Vor allem aber ist sie eine Sammler- und Dekorationswaffe.<\/p>\n<h2>Wie werden Denix-Waffenrepliken hergestellt?<\/h2>\n<p>Werden in historischen Rekonstruktionen, Filmen und Serien sowie von Sammlern verwendet. Denix-Waffenreproduktionen, die aus hochwertigen Materialien hergestellt werden. Sorgf\u00e4ltig bearbeitet und zusammengesetzt, um realistische Sammlerwaffen zu schaffen.<\/p>\n<ul>\n<li>Die Metalle sind in einer Metalllegierung, die als Zamac bekannt ist und deren Grundzusammensetzung Zink in 95% ist.<\/li>\n<li>Die Kunststoffteile der Repliken aus geformtem ABS, das eine hohe Widerstandsf\u00e4higkeit bietet.<\/li>\n<li>Holz, das aufgrund seiner Sch\u00f6nheit und Haltbarkeit ausgew\u00e4hlt wird, wie z. B. Mahagoni, Olivenholz oder Walnuss, verleiht Ihren Sch\u00e4ften und F\u00e4ssern ein elegantes und authentisches Aussehen.<\/li>\n<\/ul>\n<p>Es ist zu betonen, dass alle Nachbildungen von Denix-Waffen mit den Originalen identisch sind, wie Ihr <strong>Parabellum Luger P08<\/strong>.<\/p>","protected":false},"excerpt":{"rendered":"<p>Identisch mit dem Original ist diese Reproduktion der Luger P08 Parabellum Pistole von 1898.<\/p>\n<ul>\n<li>Geh\u00e4use ist aus Zamac.<\/li>\n<li>Geriffelte Schaftkappen aus Holz.<\/li>\n<li>Abnehmbares Ladeger\u00e4t.<\/li>\n<li>Bewaffnet sich und rammt, ist aber <strong>v\u00f6llig untauglich f\u00fcr das Schie\u00dfen<\/strong>.<\/li>\n<li>Unterliegt keiner Genehmigungspflicht. Verkauf und Besitz frei.<\/li>\n<li>Ma\u00dfe: 25.5 cm - Gewicht: 980 Gramm<\/li>\n<\/ul>\n<p><iframe src=\"https:\/\/www.youtube.com\/embed\/UMa3I4D7Qpc\" width=\"370\" height=\"208\" frameborder=\"0\"><\/iframe><\/p>","protected":false},"featured_media":26374,"template":"","meta":[],"product_brand":[896],"product_cat":[25,102,54,40,28,76],"product_tag":[],"class_list":{"0":"post-26373","1":"product","2":"type-product","3":"status-publish","4":"has-post-thumbnail","6":"product_brand-replique-manga-cine","7":"product_cat-armes-historiques","8":"product_cat-denix","9":"product_cat-armes-accessoires-guerre-mondiale","10":"product_cat-pistolet-moderne","11":"product_cat-repliques-darmes","12":"product_cat-reproductions-armes-seconde-guerre-mondiale-denix","14":"first","15":"instock","16":"sale","17":"taxable","18":"shipping-taxable","19":"purchasable","20":"product-type-simple"},"yoast_head":"<!-- This site is optimized with the Yoast SEO plugin v27.5 - https:\/\/yoast.com\/product\/yoast-seo-wordpress\/ -->\n<title>Parabellum Luger P08 - Boutique en ligne - R\u00e9plique Manga Cin\u00e9<\/title>\n<meta name=\"description\" content=\"Offrez-lui ! Le Pistolet Parabellum Luger P08 Denix au meilleur prix - Tout en m\u00e9tal - M\u00e9canisme fonctionnel - Inapte au tir - Chargeur amovible - 25.5 cm\" \/>\n<meta name=\"robots\" content=\"index, follow, max-snippet:-1, max-image-preview:large, max-video-preview:-1\" \/>\n<link rel=\"canonical\" href=\"https:\/\/repliquemangacine.fr\/de\/denix\/parabellum-luger-p08-schaft-holz\/\" \/>\n<meta property=\"og:locale\" content=\"de_DE\" \/>\n<meta property=\"og:type\" content=\"article\" \/>\n<meta property=\"og:title\" content=\"Parabellum Luger P08 - Boutique en ligne - R\u00e9plique Manga Cin\u00e9\" \/>\n<meta property=\"og:description\" content=\"Offrez-lui ! Le Pistolet Parabellum Luger P08 Denix au meilleur prix - Tout en m\u00e9tal - M\u00e9canisme fonctionnel - Inapte au tir - Chargeur amovible - 25.5 cm\" \/>\n<meta property=\"og:url\" content=\"https:\/\/repliquemangacine.fr\/de\/denix\/parabellum-luger-p08-schaft-holz\/\" \/>\n<meta property=\"og:site_name\" content=\"R\u00e9plique Manga Cin\u00e9\" \/>\n<meta property=\"article:publisher\" content=\"https:\/\/www.facebook.com\/RepliqueMangaCine\" \/>\n<meta property=\"article:modified_time\" content=\"2026-03-05T19:31:26+00:00\" \/>\n<meta property=\"og:image\" content=\"https:\/\/repliquemangacine.fr\/wp-content\/uploads\/2023\/10\/1052-Replique-Pistolet-Luger-P08-Parabellum-Crosse-bois.jpg\" \/>\n\t<meta property=\"og:image:width\" content=\"800\" \/>\n\t<meta property=\"og:image:height\" content=\"800\" \/>\n\t<meta property=\"og:image:type\" content=\"image\/jpeg\" \/>\n<meta name=\"twitter:card\" content=\"summary_large_image\" \/>\n<meta name=\"twitter:label1\" content=\"Gesch\u00e4tzte Lesezeit\" \/>\n\t<meta name=\"twitter:data1\" content=\"1\u00a0Minute\" \/>\n<script type=\"application\/ld+json\" class=\"yoast-schema-graph\">{\"@context\":\"https:\\\/\\\/schema.org\",\"@graph\":[{\"@type\":\"WebPage\",\"@id\":\"https:\\\/\\\/repliquemangacine.fr\\\/denix\\\/parabellum-luger-p08-crosse-bois\\\/\",\"url\":\"https:\\\/\\\/repliquemangacine.fr\\\/denix\\\/parabellum-luger-p08-crosse-bois\\\/\",\"name\":\"Parabellum Luger P08 - Boutique en ligne - R\u00e9plique Manga Cin\u00e9\",\"isPartOf\":{\"@id\":\"https:\\\/\\\/repliquemangacine.fr\\\/#website\"},\"primaryImageOfPage\":{\"@id\":\"https:\\\/\\\/repliquemangacine.fr\\\/denix\\\/parabellum-luger-p08-crosse-bois\\\/#primaryimage\"},\"image\":{\"@id\":\"https:\\\/\\\/repliquemangacine.fr\\\/denix\\\/parabellum-luger-p08-crosse-bois\\\/#primaryimage\"},\"thumbnailUrl\":\"https:\\\/\\\/repliquemangacine.fr\\\/wp-content\\\/uploads\\\/2023\\\/10\\\/1052-Replique-Pistolet-Luger-P08-Parabellum-Crosse-bois.jpg\",\"datePublished\":\"2016-11-18T18:54:15+00:00\",\"dateModified\":\"2026-03-05T19:31:26+00:00\",\"description\":\"Offrez-lui ! Le Pistolet Parabellum Luger P08 Denix au meilleur prix - Tout en m\u00e9tal - M\u00e9canisme fonctionnel - Inapte au tir - Chargeur amovible - 25.5 cm\",\"breadcrumb\":{\"@id\":\"https:\\\/\\\/repliquemangacine.fr\\\/denix\\\/parabellum-luger-p08-crosse-bois\\\/#breadcrumb\"},\"inLanguage\":\"de\",\"potentialAction\":[{\"@type\":\"ReadAction\",\"target\":[\"https:\\\/\\\/repliquemangacine.fr\\\/denix\\\/parabellum-luger-p08-crosse-bois\\\/\"]}]},{\"@type\":\"ImageObject\",\"inLanguage\":\"de\",\"@id\":\"https:\\\/\\\/repliquemangacine.fr\\\/denix\\\/parabellum-luger-p08-crosse-bois\\\/#primaryimage\",\"url\":\"https:\\\/\\\/repliquemangacine.fr\\\/wp-content\\\/uploads\\\/2023\\\/10\\\/1052-Replique-Pistolet-Luger-P08-Parabellum-Crosse-bois.jpg\",\"contentUrl\":\"https:\\\/\\\/repliquemangacine.fr\\\/wp-content\\\/uploads\\\/2023\\\/10\\\/1052-Replique-Pistolet-Luger-P08-Parabellum-Crosse-bois.jpg\",\"width\":800,\"height\":800,\"caption\":\"R\u00e9plique Pistolet Luger P08 Parabellum - Crosse bois\"},{\"@type\":\"BreadcrumbList\",\"@id\":\"https:\\\/\\\/repliquemangacine.fr\\\/denix\\\/parabellum-luger-p08-crosse-bois\\\/#breadcrumb\",\"itemListElement\":[{\"@type\":\"ListItem\",\"position\":1,\"name\":\"Accueil\",\"item\":\"https:\\\/\\\/repliquemangacine.fr\\\/\"},{\"@type\":\"ListItem\",\"position\":2,\"name\":\"Produits\",\"item\":\"https:\\\/\\\/repliquemangacine.fr\\\/boutique\\\/\"},{\"@type\":\"ListItem\",\"position\":3,\"name\":\"Parabellum Luger P08\"}]},{\"@type\":\"WebSite\",\"@id\":\"https:\\\/\\\/repliquemangacine.fr\\\/#website\",\"url\":\"https:\\\/\\\/repliquemangacine.fr\\\/\",\"name\":\"R\u00e9plique Manga Cin\u00e9\",\"description\":\"\",\"publisher\":{\"@id\":\"https:\\\/\\\/repliquemangacine.fr\\\/#organization\"},\"potentialAction\":[{\"@type\":\"SearchAction\",\"target\":{\"@type\":\"EntryPoint\",\"urlTemplate\":\"https:\\\/\\\/repliquemangacine.fr\\\/?s={search_term_string}\"},\"query-input\":{\"@type\":\"PropertyValueSpecification\",\"valueRequired\":true,\"valueName\":\"search_term_string\"}}],\"inLanguage\":\"de\"},{\"@type\":\"Organization\",\"@id\":\"https:\\\/\\\/repliquemangacine.fr\\\/#organization\",\"name\":\"R\u00e9plique Manga Cin\u00e9\",\"url\":\"https:\\\/\\\/repliquemangacine.fr\\\/\",\"logo\":{\"@type\":\"ImageObject\",\"inLanguage\":\"de\",\"@id\":\"https:\\\/\\\/repliquemangacine.fr\\\/#\\\/schema\\\/logo\\\/image\\\/\",\"url\":\"https:\\\/\\\/repliquemangacine.fr\\\/wp-content\\\/uploads\\\/2023\\\/10\\\/RMC-500250.png\",\"contentUrl\":\"https:\\\/\\\/repliquemangacine.fr\\\/wp-content\\\/uploads\\\/2023\\\/10\\\/RMC-500250.png\",\"width\":500,\"height\":250,\"caption\":\"R\u00e9plique Manga Cin\u00e9\"},\"image\":{\"@id\":\"https:\\\/\\\/repliquemangacine.fr\\\/#\\\/schema\\\/logo\\\/image\\\/\"},\"sameAs\":[\"https:\\\/\\\/www.facebook.com\\\/RepliqueMangaCine\",\"https:\\\/\\\/www.instagram.com\\\/repliquemangacine.fr\\\/\"]}]}<\/script>\n<!-- \/ Yoast SEO plugin. -->","yoast_head_json":{"title":"Parabellum Luger P08 - Online-Shop - R\u00e9plique Manga Cin\u00e9","description":"Schenken Sie es ihm! Die Parabellum Luger P08 Denix Pistole zum besten Preis - Ganz aus Metall - Funktionaler Mechanismus - Nicht schussbereit - Abnehmbares Magazin - 25.5 cm","robots":{"index":"index","follow":"follow","max-snippet":"max-snippet:-1","max-image-preview":"max-image-preview:large","max-video-preview":"max-video-preview:-1"},"canonical":"https:\/\/repliquemangacine.fr\/de\/denix\/parabellum-luger-p08-schaft-holz\/","og_locale":"de_DE","og_type":"article","og_title":"Parabellum Luger P08 - Boutique en ligne - R\u00e9plique Manga Cin\u00e9","og_description":"Offrez-lui ! Le Pistolet Parabellum Luger P08 Denix au meilleur prix - Tout en m\u00e9tal - M\u00e9canisme fonctionnel - Inapte au tir - Chargeur amovible - 25.5 cm","og_url":"https:\/\/repliquemangacine.fr\/de\/denix\/parabellum-luger-p08-schaft-holz\/","og_site_name":"R\u00e9plique Manga Cin\u00e9","article_publisher":"https:\/\/www.facebook.com\/RepliqueMangaCine","article_modified_time":"2026-03-05T19:31:26+00:00","og_image":[{"width":800,"height":800,"url":"https:\/\/repliquemangacine.fr\/wp-content\/uploads\/2023\/10\/1052-Replique-Pistolet-Luger-P08-Parabellum-Crosse-bois.jpg","type":"image\/jpeg"}],"twitter_card":"summary_large_image","twitter_misc":{"Gesch\u00e4tzte Lesezeit":"1\u00a0Minute"},"schema":{"@context":"https:\/\/schema.org","@graph":[{"@type":"WebPage","@id":"https:\/\/repliquemangacine.fr\/denix\/parabellum-luger-p08-crosse-bois\/","url":"https:\/\/repliquemangacine.fr\/denix\/parabellum-luger-p08-crosse-bois\/","name":"Parabellum Luger P08 - Online-Shop - R\u00e9plique Manga Cin\u00e9","isPartOf":{"@id":"https:\/\/repliquemangacine.fr\/#website"},"primaryImageOfPage":{"@id":"https:\/\/repliquemangacine.fr\/denix\/parabellum-luger-p08-crosse-bois\/#primaryimage"},"image":{"@id":"https:\/\/repliquemangacine.fr\/denix\/parabellum-luger-p08-crosse-bois\/#primaryimage"},"thumbnailUrl":"https:\/\/repliquemangacine.fr\/wp-content\/uploads\/2023\/10\/1052-Replique-Pistolet-Luger-P08-Parabellum-Crosse-bois.jpg","datePublished":"2016-11-18T18:54:15+00:00","dateModified":"2026-03-05T19:31:26+00:00","description":"Schenken Sie es ihm! Die Parabellum Luger P08 Denix Pistole zum besten Preis - Ganz aus Metall - Funktionaler Mechanismus - Nicht schussbereit - Abnehmbares Magazin - 25.5 cm","breadcrumb":{"@id":"https:\/\/repliquemangacine.fr\/denix\/parabellum-luger-p08-crosse-bois\/#breadcrumb"},"inLanguage":"de","potentialAction":[{"@type":"ReadAction","target":["https:\/\/repliquemangacine.fr\/denix\/parabellum-luger-p08-crosse-bois\/"]}]},{"@type":"ImageObject","inLanguage":"de","@id":"https:\/\/repliquemangacine.fr\/denix\/parabellum-luger-p08-crosse-bois\/#primaryimage","url":"https:\/\/repliquemangacine.fr\/wp-content\/uploads\/2023\/10\/1052-Replique-Pistolet-Luger-P08-Parabellum-Crosse-bois.jpg","contentUrl":"https:\/\/repliquemangacine.fr\/wp-content\/uploads\/2023\/10\/1052-Replique-Pistolet-Luger-P08-Parabellum-Crosse-bois.jpg","width":800,"height":800,"caption":"R\u00e9plique Pistolet Luger P08 Parabellum - Crosse bois"},{"@type":"BreadcrumbList","@id":"https:\/\/repliquemangacine.fr\/denix\/parabellum-luger-p08-crosse-bois\/#breadcrumb","itemListElement":[{"@type":"ListItem","position":1,"name":"Accueil","item":"https:\/\/repliquemangacine.fr\/"},{"@type":"ListItem","position":2,"name":"Produits","item":"https:\/\/repliquemangacine.fr\/boutique\/"},{"@type":"ListItem","position":3,"name":"Parabellum Luger P08"}]},{"@type":"WebSite","@id":"https:\/\/repliquemangacine.fr\/#website","url":"https:\/\/repliquemangacine.fr\/","name":"R\u00e9plique Manga Cin\u00e9","description":"","publisher":{"@id":"https:\/\/repliquemangacine.fr\/#organization"},"potentialAction":[{"@type":"SearchAction","target":{"@type":"EntryPoint","urlTemplate":"https:\/\/repliquemangacine.fr\/?s={search_term_string}"},"query-input":{"@type":"PropertyValueSpecification","valueRequired":true,"valueName":"search_term_string"}}],"inLanguage":"de"},{"@type":"Organization","@id":"https:\/\/repliquemangacine.fr\/#organization","name":"R\u00e9plique Manga Cin\u00e9","url":"https:\/\/repliquemangacine.fr\/","logo":{"@type":"ImageObject","inLanguage":"de","@id":"https:\/\/repliquemangacine.fr\/#\/schema\/logo\/image\/","url":"https:\/\/repliquemangacine.fr\/wp-content\/uploads\/2023\/10\/RMC-500250.png","contentUrl":"https:\/\/repliquemangacine.fr\/wp-content\/uploads\/2023\/10\/RMC-500250.png","width":500,"height":250,"caption":"R\u00e9plique Manga Cin\u00e9"},"image":{"@id":"https:\/\/repliquemangacine.fr\/#\/schema\/logo\/image\/"},"sameAs":["https:\/\/www.facebook.com\/RepliqueMangaCine","https:\/\/www.instagram.com\/repliquemangacine.fr\/"]}]}},"_links":{"self":[{"href":"https:\/\/repliquemangacine.fr\/de\/wp-json\/wp\/v2\/product\/26373","targetHints":{"allow":["GET"]}}],"collection":[{"href":"https:\/\/repliquemangacine.fr\/de\/wp-json\/wp\/v2\/product"}],"about":[{"href":"https:\/\/repliquemangacine.fr\/de\/wp-json\/wp\/v2\/types\/product"}],"wp:featuredmedia":[{"embeddable":true,"href":"https:\/\/repliquemangacine.fr\/de\/wp-json\/wp\/v2\/media\/26374"}],"wp:attachment":[{"href":"https:\/\/repliquemangacine.fr\/de\/wp-json\/wp\/v2\/media?parent=26373"}],"wp:term":[{"taxonomy":"product_brand","embeddable":true,"href":"https:\/\/repliquemangacine.fr\/de\/wp-json\/wp\/v2\/product_brand?post=26373"},{"taxonomy":"product_cat","embeddable":true,"href":"https:\/\/repliquemangacine.fr\/de\/wp-json\/wp\/v2\/product_cat?post=26373"},{"taxonomy":"product_tag","embeddable":true,"href":"https:\/\/repliquemangacine.fr\/de\/wp-json\/wp\/v2\/product_tag?post=26373"}],"curies":[{"name":"wp","href":"https:\/\/api.w.org\/{rel}","templated":true}]}}