





{"id":26364,"date":"2016-11-18T19:28:06","date_gmt":"2016-11-18T18:28:06","guid":{"rendered":"https:\/\/repliquemangacine.fr\/?post_type=product&#038;p=26364"},"modified":"2025-12-18T15:57:49","modified_gmt":"2025-12-18T14:57:49","slug":"luger-p08-parabellum","status":"publish","type":"product","link":"https:\/\/repliquemangacine.fr\/de\/reproductions-armes-seconde-guerre-mondiale-denix\/luger-p08-parabellum\/","title":{"rendered":"Luger P08 Parabellum"},"content":{"rendered":"<h2>Luger P08 Parabellum Pistole - Denix<\/h2>\n<p>Zu Beginn die Pistole <strong>Luger P08 Parabellum<\/strong> die w\u00e4hrend des Ersten und Zweiten Weltkriegs verwendet wurde. Signierte Reproduktion <a href=\"https:\/\/www.denix.fr\/fr\/accueil-fr\/\" target=\"_blank\" rel=\"noopener noreferrer\">Denix<\/a>.<\/p>\n<p>Parabellum bietet f\u00fcr eine Kriegswaffe unbestreitbare Vorteile:<\/p>\n<ul>\n<li>Magazinkapazit\u00e4t von 8 Patronen.<\/li>\n<li>Schnellfeuer sowie Nachladen.<\/li>\n<li>7,65 mm Kaliber ebenfalls schneller.<\/li>\n<li>Die l\u00e4ngere Sichtlinie.<\/li>\n<\/ul>\n<p>George Luger stellt seine Waffe in allen Hauptst\u00e4dten der westlichen Welt vor. Die Parabellum 1900 wird in den USA, Bulgarien, Schweden, \u00d6sterreich, Spanien ... ausprobiert. Sie wird in mehreren L\u00e4ndern als gesetzlich vorgeschriebene Waffe eingesetzt, darunter nat\u00fcrlich Deutschland, die Schweiz ... In Frankreich werden zwischen 1945 und 1955 die Gendarmen, das Heer und die Polizeipr\u00e4fektur von Paris damit ausgestattet.<\/p>\n<p>Wurde ab den 1950er Jahren zu einem Sammlerst\u00fcck.<\/p>\n<h2>Ihre Luger P08 Parabellum zum besten Preis.<\/h2>\n<p>Wir bieten Ihnen alle Reproduktionen von Denix-Waffen aus dem Zweiten Weltkrieg an.<\/p>\n<p>Zun\u00e4chst einmal,<\/p>\n<ul>\n<li>Die <a href=\"https:\/\/repliquemangacine.fr\/de\/darmsreproduktionen\/pistolet-browning-hi-power-gp35-belgique-1935\/\">Browning Hi-Power GP35<\/a> ist eine der am h\u00e4ufigsten verwendeten Milit\u00e4rpistolen in der Geschichte.<\/li>\n<li>Dann die Mauser C96 mit dem Spitznamen <a href=\"https:\/\/repliquemangacine.fr\/de\/darmsreproduktionen\/pistolet-mauser-c96-germany-1896\/\">Broomhandle<\/a> von amerikanischen Sammlern wegen des besonderen Profils des Schafts.<\/li>\n<li>Es gibt auch Le <a href=\"https:\/\/repliquemangacine.fr\/de\/darmsreproduktionen\/pistolet-walther-ppk-calibre-765-2\/\">PPK-Pistole<\/a> Wurde w\u00e4hrend des Zweiten Weltkriegs vom Milit\u00e4r eingesetzt. Von James Bond unsterblich gemacht.<\/li>\n<li>Sowie alle Gewehre...<\/li>\n<\/ul>\n<p>Deshalb gibt es hier etwas, womit Sie Ihre Sammlung von Kriegswaffen erweitern k\u00f6nnen.<\/p>\n<p>Abschlie\u00dfend k\u00f6nnen Sie die Pistole <strong>Luger P08 Parabellum<\/strong> f\u00fcr Ihre historischen Nachstellungen. Vor allem aber ist sie eine Sammler- und Dekorationswaffe.<\/p>\n<h2>Wie werden Denix-Waffenrepliken hergestellt?<\/h2>\n<p>Werden in historischen Rekonstruktionen, Filmen und Serien sowie von Sammlern verwendet. Denix-Waffenreproduktionen, die aus hochwertigen Materialien hergestellt werden. Sorgf\u00e4ltig bearbeitet und zusammengesetzt, um realistische Sammlerwaffen zu schaffen.<\/p>\n<ul>\n<li>Die Metalle sind in einer Metalllegierung, die als Zamac bekannt ist und deren Grundzusammensetzung Zink in 95% ist.<\/li>\n<li>Die Kunststoffteile der Repliken aus geformtem ABS, das eine hohe Widerstandsf\u00e4higkeit bietet.<\/li>\n<li>Holz, das aufgrund seiner Sch\u00f6nheit und Haltbarkeit ausgew\u00e4hlt wird, wie z. B. Mahagoni, Olivenholz oder Walnuss, verleiht Ihren Sch\u00e4ften und F\u00e4ssern ein elegantes und authentisches Aussehen.<\/li>\n<\/ul>\n<p>Es ist zu betonen, dass alle Nachbildungen von Denix-Waffen mit den Originalen identisch sind, wie Ihr <strong>Luger P08 Parabellum<\/strong>.<\/p>","protected":false},"excerpt":{"rendered":"<p>Identisch mit dem Original ist diese Reproduktion der Luger P08 parabellum aus dem Jahr 1898.<\/p>\n<ul>\n<li>Geh\u00e4use aus Zamak.<\/li>\n<li>Schaftkappen aus ABS.<\/li>\n<li>Abnehmbares Ladeger\u00e4t.<\/li>\n<li>Bewaffnet sich und rammt, aber <strong>v\u00f6llig untauglich f\u00fcr das Schie\u00dfen.<\/strong><\/li>\n<li>Unterliegt keiner Genehmigungspflicht. Verkauf und Besitz frei.<\/li>\n<li>Ma\u00dfe: 25.5 cm -Gewicht: 980 Gramm<\/li>\n<\/ul>\n<p><iframe src=\"https:\/\/www.youtube.com\/embed\/vbRZAgxjpgA\" width=\"370\" height=\"208\" frameborder=\"0\"><\/iframe><\/p>","protected":false},"featured_media":26365,"template":"","meta":[],"product_brand":[896],"product_cat":[25,102,54,40,28,76],"product_tag":[],"class_list":{"0":"post-26364","1":"product","2":"type-product","3":"status-publish","4":"has-post-thumbnail","6":"product_brand-replique-manga-cine","7":"product_cat-armes-historiques","8":"product_cat-denix","9":"product_cat-armes-accessoires-guerre-mondiale","10":"product_cat-pistolet-moderne","11":"product_cat-repliques-darmes","12":"product_cat-reproductions-armes-seconde-guerre-mondiale-denix","14":"first","15":"instock","16":"sale","17":"taxable","18":"shipping-taxable","19":"purchasable","20":"product-type-simple"},"yoast_head":"<!-- This site is optimized with the Yoast SEO plugin v27.5 - https:\/\/yoast.com\/product\/yoast-seo-wordpress\/ -->\n<title>Luger P08 Parabellum - Boutique en ligne | R\u00e9plique Manga Cin\u00e9<\/title>\n<meta name=\"description\" content=\"Offre-lui ! Le pistolet Luger P08 Parabellum au meilleur prix - Tout en Zamac - M\u00e9canisme fonctionnel - Inapte au tir - Chargeur amovible - 25.5 cm\" \/>\n<meta name=\"robots\" content=\"index, follow, max-snippet:-1, max-image-preview:large, max-video-preview:-1\" \/>\n<link rel=\"canonical\" href=\"https:\/\/repliquemangacine.fr\/de\/denix\/luger-p08-parabellum\/\" \/>\n<meta property=\"og:locale\" content=\"de_DE\" \/>\n<meta property=\"og:type\" content=\"article\" \/>\n<meta property=\"og:title\" content=\"Luger P08 Parabellum - Boutique en ligne | R\u00e9plique Manga Cin\u00e9\" \/>\n<meta property=\"og:description\" content=\"Offre-lui ! Le pistolet Luger P08 Parabellum au meilleur prix - Tout en Zamac - M\u00e9canisme fonctionnel - Inapte au tir - Chargeur amovible - 25.5 cm\" \/>\n<meta property=\"og:url\" content=\"https:\/\/repliquemangacine.fr\/de\/denix\/luger-p08-parabellum\/\" \/>\n<meta property=\"og:site_name\" content=\"R\u00e9plique Manga Cin\u00e9\" \/>\n<meta property=\"article:publisher\" content=\"https:\/\/www.facebook.com\/RepliqueMangaCine\" \/>\n<meta property=\"article:modified_time\" content=\"2025-12-18T14:57:49+00:00\" \/>\n<meta property=\"og:image\" content=\"https:\/\/repliquemangacine.fr\/wp-content\/uploads\/2023\/10\/1044-Replique-Pistolet-Luger-P08-Parabellum.jpg\" \/>\n\t<meta property=\"og:image:width\" content=\"800\" \/>\n\t<meta property=\"og:image:height\" content=\"800\" \/>\n\t<meta property=\"og:image:type\" content=\"image\/jpeg\" \/>\n<meta name=\"twitter:card\" content=\"summary_large_image\" \/>\n<meta name=\"twitter:label1\" content=\"Gesch\u00e4tzte Lesezeit\" \/>\n\t<meta name=\"twitter:data1\" content=\"1\u00a0Minute\" \/>\n<script type=\"application\/ld+json\" class=\"yoast-schema-graph\">{\"@context\":\"https:\\\/\\\/schema.org\",\"@graph\":[{\"@type\":\"WebPage\",\"@id\":\"https:\\\/\\\/repliquemangacine.fr\\\/denix\\\/luger-p08-parabellum\\\/\",\"url\":\"https:\\\/\\\/repliquemangacine.fr\\\/denix\\\/luger-p08-parabellum\\\/\",\"name\":\"Luger P08 Parabellum - Boutique en ligne | R\u00e9plique Manga Cin\u00e9\",\"isPartOf\":{\"@id\":\"https:\\\/\\\/repliquemangacine.fr\\\/#website\"},\"primaryImageOfPage\":{\"@id\":\"https:\\\/\\\/repliquemangacine.fr\\\/denix\\\/luger-p08-parabellum\\\/#primaryimage\"},\"image\":{\"@id\":\"https:\\\/\\\/repliquemangacine.fr\\\/denix\\\/luger-p08-parabellum\\\/#primaryimage\"},\"thumbnailUrl\":\"https:\\\/\\\/repliquemangacine.fr\\\/wp-content\\\/uploads\\\/2023\\\/10\\\/1044-Replique-Pistolet-Luger-P08-Parabellum.jpg\",\"datePublished\":\"2016-11-18T18:28:06+00:00\",\"dateModified\":\"2025-12-18T14:57:49+00:00\",\"description\":\"Offre-lui ! Le pistolet Luger P08 Parabellum au meilleur prix - Tout en Zamac - M\u00e9canisme fonctionnel - Inapte au tir - Chargeur amovible - 25.5 cm\",\"breadcrumb\":{\"@id\":\"https:\\\/\\\/repliquemangacine.fr\\\/denix\\\/luger-p08-parabellum\\\/#breadcrumb\"},\"inLanguage\":\"de\",\"potentialAction\":[{\"@type\":\"ReadAction\",\"target\":[\"https:\\\/\\\/repliquemangacine.fr\\\/denix\\\/luger-p08-parabellum\\\/\"]}]},{\"@type\":\"ImageObject\",\"inLanguage\":\"de\",\"@id\":\"https:\\\/\\\/repliquemangacine.fr\\\/denix\\\/luger-p08-parabellum\\\/#primaryimage\",\"url\":\"https:\\\/\\\/repliquemangacine.fr\\\/wp-content\\\/uploads\\\/2023\\\/10\\\/1044-Replique-Pistolet-Luger-P08-Parabellum.jpg\",\"contentUrl\":\"https:\\\/\\\/repliquemangacine.fr\\\/wp-content\\\/uploads\\\/2023\\\/10\\\/1044-Replique-Pistolet-Luger-P08-Parabellum.jpg\",\"width\":800,\"height\":800,\"caption\":\"R\u00e9plique Pistolet Luger P08 Parabellum\"},{\"@type\":\"BreadcrumbList\",\"@id\":\"https:\\\/\\\/repliquemangacine.fr\\\/denix\\\/luger-p08-parabellum\\\/#breadcrumb\",\"itemListElement\":[{\"@type\":\"ListItem\",\"position\":1,\"name\":\"Accueil\",\"item\":\"https:\\\/\\\/repliquemangacine.fr\\\/\"},{\"@type\":\"ListItem\",\"position\":2,\"name\":\"Produits\",\"item\":\"https:\\\/\\\/repliquemangacine.fr\\\/boutique\\\/\"},{\"@type\":\"ListItem\",\"position\":3,\"name\":\"Luger P08 Parabellum\"}]},{\"@type\":\"WebSite\",\"@id\":\"https:\\\/\\\/repliquemangacine.fr\\\/#website\",\"url\":\"https:\\\/\\\/repliquemangacine.fr\\\/\",\"name\":\"R\u00e9plique Manga Cin\u00e9\",\"description\":\"\",\"publisher\":{\"@id\":\"https:\\\/\\\/repliquemangacine.fr\\\/#organization\"},\"potentialAction\":[{\"@type\":\"SearchAction\",\"target\":{\"@type\":\"EntryPoint\",\"urlTemplate\":\"https:\\\/\\\/repliquemangacine.fr\\\/?s={search_term_string}\"},\"query-input\":{\"@type\":\"PropertyValueSpecification\",\"valueRequired\":true,\"valueName\":\"search_term_string\"}}],\"inLanguage\":\"de\"},{\"@type\":\"Organization\",\"@id\":\"https:\\\/\\\/repliquemangacine.fr\\\/#organization\",\"name\":\"R\u00e9plique Manga Cin\u00e9\",\"url\":\"https:\\\/\\\/repliquemangacine.fr\\\/\",\"logo\":{\"@type\":\"ImageObject\",\"inLanguage\":\"de\",\"@id\":\"https:\\\/\\\/repliquemangacine.fr\\\/#\\\/schema\\\/logo\\\/image\\\/\",\"url\":\"https:\\\/\\\/repliquemangacine.fr\\\/wp-content\\\/uploads\\\/2023\\\/10\\\/RMC-500250.png\",\"contentUrl\":\"https:\\\/\\\/repliquemangacine.fr\\\/wp-content\\\/uploads\\\/2023\\\/10\\\/RMC-500250.png\",\"width\":500,\"height\":250,\"caption\":\"R\u00e9plique Manga Cin\u00e9\"},\"image\":{\"@id\":\"https:\\\/\\\/repliquemangacine.fr\\\/#\\\/schema\\\/logo\\\/image\\\/\"},\"sameAs\":[\"https:\\\/\\\/www.facebook.com\\\/RepliqueMangaCine\",\"https:\\\/\\\/www.instagram.com\\\/repliquemangacine.fr\\\/\"]}]}<\/script>\n<!-- \/ Yoast SEO plugin. -->","yoast_head_json":{"title":"Luger P08 Parabellum - Online-Shop | R\u00e9plique Manga Cin\u00e9","description":"Biete sie ihm an! Die Luger P08 Parabellum Pistole zum besten Preis - Komplett aus Zamak - Funktionaler Mechanismus - Nicht schussf\u00e4hig - Abnehmbares Magazin - 25.5 cm","robots":{"index":"index","follow":"follow","max-snippet":"max-snippet:-1","max-image-preview":"max-image-preview:large","max-video-preview":"max-video-preview:-1"},"canonical":"https:\/\/repliquemangacine.fr\/de\/denix\/luger-p08-parabellum\/","og_locale":"de_DE","og_type":"article","og_title":"Luger P08 Parabellum - Boutique en ligne | R\u00e9plique Manga Cin\u00e9","og_description":"Offre-lui ! Le pistolet Luger P08 Parabellum au meilleur prix - Tout en Zamac - M\u00e9canisme fonctionnel - Inapte au tir - Chargeur amovible - 25.5 cm","og_url":"https:\/\/repliquemangacine.fr\/de\/denix\/luger-p08-parabellum\/","og_site_name":"R\u00e9plique Manga Cin\u00e9","article_publisher":"https:\/\/www.facebook.com\/RepliqueMangaCine","article_modified_time":"2025-12-18T14:57:49+00:00","og_image":[{"width":800,"height":800,"url":"https:\/\/repliquemangacine.fr\/wp-content\/uploads\/2023\/10\/1044-Replique-Pistolet-Luger-P08-Parabellum.jpg","type":"image\/jpeg"}],"twitter_card":"summary_large_image","twitter_misc":{"Gesch\u00e4tzte Lesezeit":"1\u00a0Minute"},"schema":{"@context":"https:\/\/schema.org","@graph":[{"@type":"WebPage","@id":"https:\/\/repliquemangacine.fr\/denix\/luger-p08-parabellum\/","url":"https:\/\/repliquemangacine.fr\/denix\/luger-p08-parabellum\/","name":"Luger P08 Parabellum - Online-Shop | R\u00e9plique Manga Cin\u00e9","isPartOf":{"@id":"https:\/\/repliquemangacine.fr\/#website"},"primaryImageOfPage":{"@id":"https:\/\/repliquemangacine.fr\/denix\/luger-p08-parabellum\/#primaryimage"},"image":{"@id":"https:\/\/repliquemangacine.fr\/denix\/luger-p08-parabellum\/#primaryimage"},"thumbnailUrl":"https:\/\/repliquemangacine.fr\/wp-content\/uploads\/2023\/10\/1044-Replique-Pistolet-Luger-P08-Parabellum.jpg","datePublished":"2016-11-18T18:28:06+00:00","dateModified":"2025-12-18T14:57:49+00:00","description":"Biete sie ihm an! Die Luger P08 Parabellum Pistole zum besten Preis - Komplett aus Zamak - Funktionaler Mechanismus - Nicht schussf\u00e4hig - Abnehmbares Magazin - 25.5 cm","breadcrumb":{"@id":"https:\/\/repliquemangacine.fr\/denix\/luger-p08-parabellum\/#breadcrumb"},"inLanguage":"de","potentialAction":[{"@type":"ReadAction","target":["https:\/\/repliquemangacine.fr\/denix\/luger-p08-parabellum\/"]}]},{"@type":"ImageObject","inLanguage":"de","@id":"https:\/\/repliquemangacine.fr\/denix\/luger-p08-parabellum\/#primaryimage","url":"https:\/\/repliquemangacine.fr\/wp-content\/uploads\/2023\/10\/1044-Replique-Pistolet-Luger-P08-Parabellum.jpg","contentUrl":"https:\/\/repliquemangacine.fr\/wp-content\/uploads\/2023\/10\/1044-Replique-Pistolet-Luger-P08-Parabellum.jpg","width":800,"height":800,"caption":"R\u00e9plique Pistolet Luger P08 Parabellum"},{"@type":"BreadcrumbList","@id":"https:\/\/repliquemangacine.fr\/denix\/luger-p08-parabellum\/#breadcrumb","itemListElement":[{"@type":"ListItem","position":1,"name":"Accueil","item":"https:\/\/repliquemangacine.fr\/"},{"@type":"ListItem","position":2,"name":"Produits","item":"https:\/\/repliquemangacine.fr\/boutique\/"},{"@type":"ListItem","position":3,"name":"Luger P08 Parabellum"}]},{"@type":"WebSite","@id":"https:\/\/repliquemangacine.fr\/#website","url":"https:\/\/repliquemangacine.fr\/","name":"R\u00e9plique Manga Cin\u00e9","description":"","publisher":{"@id":"https:\/\/repliquemangacine.fr\/#organization"},"potentialAction":[{"@type":"SearchAction","target":{"@type":"EntryPoint","urlTemplate":"https:\/\/repliquemangacine.fr\/?s={search_term_string}"},"query-input":{"@type":"PropertyValueSpecification","valueRequired":true,"valueName":"search_term_string"}}],"inLanguage":"de"},{"@type":"Organization","@id":"https:\/\/repliquemangacine.fr\/#organization","name":"R\u00e9plique Manga Cin\u00e9","url":"https:\/\/repliquemangacine.fr\/","logo":{"@type":"ImageObject","inLanguage":"de","@id":"https:\/\/repliquemangacine.fr\/#\/schema\/logo\/image\/","url":"https:\/\/repliquemangacine.fr\/wp-content\/uploads\/2023\/10\/RMC-500250.png","contentUrl":"https:\/\/repliquemangacine.fr\/wp-content\/uploads\/2023\/10\/RMC-500250.png","width":500,"height":250,"caption":"R\u00e9plique Manga Cin\u00e9"},"image":{"@id":"https:\/\/repliquemangacine.fr\/#\/schema\/logo\/image\/"},"sameAs":["https:\/\/www.facebook.com\/RepliqueMangaCine","https:\/\/www.instagram.com\/repliquemangacine.fr\/"]}]}},"_links":{"self":[{"href":"https:\/\/repliquemangacine.fr\/de\/wp-json\/wp\/v2\/product\/26364","targetHints":{"allow":["GET"]}}],"collection":[{"href":"https:\/\/repliquemangacine.fr\/de\/wp-json\/wp\/v2\/product"}],"about":[{"href":"https:\/\/repliquemangacine.fr\/de\/wp-json\/wp\/v2\/types\/product"}],"wp:featuredmedia":[{"embeddable":true,"href":"https:\/\/repliquemangacine.fr\/de\/wp-json\/wp\/v2\/media\/26365"}],"wp:attachment":[{"href":"https:\/\/repliquemangacine.fr\/de\/wp-json\/wp\/v2\/media?parent=26364"}],"wp:term":[{"taxonomy":"product_brand","embeddable":true,"href":"https:\/\/repliquemangacine.fr\/de\/wp-json\/wp\/v2\/product_brand?post=26364"},{"taxonomy":"product_cat","embeddable":true,"href":"https:\/\/repliquemangacine.fr\/de\/wp-json\/wp\/v2\/product_cat?post=26364"},{"taxonomy":"product_tag","embeddable":true,"href":"https:\/\/repliquemangacine.fr\/de\/wp-json\/wp\/v2\/product_tag?post=26364"}],"curies":[{"name":"wp","href":"https:\/\/api.w.org\/{rel}","templated":true}]}}