





{"id":26340,"date":"2016-11-17T18:06:13","date_gmt":"2016-11-17T17:06:13","guid":{"rendered":"https:\/\/repliquemangacine.fr\/?post_type=product&#038;p=26340"},"modified":"2025-09-23T18:01:45","modified_gmt":"2025-09-23T16:01:45","slug":"luger-p08-artillerie-1898","status":"publish","type":"product","link":"https:\/\/repliquemangacine.fr\/de\/reproductions-armes-seconde-guerre-mondiale-denix\/luger-p08-artillerie-1898\/","title":{"rendered":"Luger P08 Artillerie 1898"},"content":{"rendered":"<h2>Luger P08 Artillerie-Pistole 1898 - Denix<\/h2>\n<p>Zu Beginn die Pistole <strong>Luger P08 Artillerie 1898<\/strong>\u00a0 die w\u00e4hrend des Ersten und Zweiten Weltkriegs verwendet wurde. Signierte Reproduktion <a href=\"https:\/\/www.denix.fr\/\" target=\"_blank\" rel=\"noopener noreferrer\">Denix<\/a>.<\/p>\n<p>Parabellum bietet f\u00fcr eine Kriegswaffe unbestreitbare Vorteile:<\/p>\n<ul>\n<li>Magazinkapazit\u00e4t von 8 Patronen.<\/li>\n<li>Schnellfeuer sowie Nachladen.<\/li>\n<li>Die Kugel vom Kaliber 7,65 mm schneller ebenfalls.<\/li>\n<li>Die l\u00e4ngere Sichtlinie.<\/li>\n<\/ul>\n<p>1904 gelang der D.W.M. ein gro\u00dfer Coup: Die deutsche Marine f\u00fchrte eine Version der Parabellum im Kaliber 9 mm mit einem 15 cm langen Lauf ein.<\/p>\n<p>Angenommen unter der Bezeichnung P08, entsprechend dem Modell von 1908 mit einer Kammer f\u00fcr 9 mm Parabellum und einem 10,2 cm langen Lauf (1914 vereinfacht, wurde zum P08\/14).\u00a0 Das f\u00fcr die Marine hergestellte Modell (von 1904 bis 1918) hat einen 15,2 cm langen Lauf. Das f\u00fcr Artilleristen bestimmte Modell hat einen 20,3 cm langen Lauf (bekannt unter den Bezeichnungen LP08 \u2013 Lange Pistole 08 \u2013 oder Luger \u201cArtillerie\u201d).<\/p>\n<h2>Ihre Luger P08 Artillerie 1898 zum besten Preis.<\/h2>\n<p>Wir bieten Ihnen alle Reproduktionen von Denix-Waffen aus dem Zweiten Weltkrieg an.<\/p>\n<p>Zun\u00e4chst einmal,<\/p>\n<ul>\n<li>Die <a href=\"https:\/\/repliquemangacine.fr\/de\/darmsreproduktionen\/pistolet-colt-m1911a1-de-1911\/\">colt M1911A1<\/a>\u00a0 die Ordonnanzpistole der amerikanischen Streitkr\u00e4fte und der Soldaten der alliierten Streitkr\u00e4fte.<\/li>\n<li>Anschlie\u00dfend wird der <a href=\"https:\/\/repliquemangacine.fr\/de\/darmsreproduktionen\/pistolet-mauser-c96-germany-1896\/\">Mauser C96<\/a> von amerikanischen Sammlern wegen des besonderen Profils des Schafts Broomhandle genannt.<\/li>\n<li>Es gibt auch den Webley-Revolver MK4 Kaliber .38, der ab 1942 von der Britischen Armee verwendet und an die FFI und FFL verteilt wurde.<\/li>\n<li>Sowie alle Gewehre...<\/li>\n<\/ul>\n<p>Deshalb gibt es hier etwas, womit Sie Ihre Sammlung von Kriegswaffen erweitern k\u00f6nnen.<\/p>\n<p>Abschlie\u00dfend k\u00f6nnen Sie die Pistole <strong>Luger P08 Artillerie 1898<\/strong>\u00a0 f\u00fcr Ihre historischen Nachstellungen. Vor allem aber ist sie eine Sammler- und Dekorationswaffe.<\/p>\n<h2>Wie werden Denix-Waffenrepliken hergestellt?<\/h2>\n<p>Werden in historischen Rekonstruktionen, Filmen und Serien sowie von Sammlern verwendet. Denix-Waffenreproduktionen, die aus hochwertigen Materialien hergestellt werden. Sorgf\u00e4ltig bearbeitet und zusammengesetzt, um realistische Sammlerwaffen zu schaffen.<\/p>\n<ul>\n<li>Die Metalle sind in einer Metalllegierung, die als Zamac bekannt ist und deren Grundzusammensetzung Zink in 95% ist.<\/li>\n<li>Die Kunststoffteile der Repliken aus geformtem ABS, das eine hohe Widerstandsf\u00e4higkeit bietet.<\/li>\n<li>Holz, das aufgrund seiner Sch\u00f6nheit und Haltbarkeit ausgew\u00e4hlt wird, wie z. B. Mahagoni, Olivenholz oder Walnuss, verleiht Ihren Sch\u00e4ften und F\u00e4ssern ein elegantes und authentisches Aussehen.<\/li>\n<\/ul>\n<p>Es ist zu betonen, dass alle Nachbildungen von Denix-Waffen mit den Originalen identisch sind, wie Ihr <strong>Luger P08 Artillerie 1898<\/strong>.<\/p>","protected":false},"excerpt":{"rendered":"<p>Pistole le Luger P08 parabellum, Modell f\u00fcr die deutsche Artillerie.<\/p>\n<ul>\n<li>Geh\u00e4use aus Zamak.<\/li>\n<li>Schaftkappen aus ABS.<\/li>\n<li>Abnehmbares Ladeger\u00e4t.<\/li>\n<li>Bewaffnet sich und rammt, aber <strong>v\u00f6llig untauglich f\u00fcr das Schie\u00dfen<\/strong>.<\/li>\n<li>Unterliegt keiner Genehmigungspflicht. Verkauf und Besitz frei<\/li>\n<li>Ma\u00dfe: 34.5 cm - Gewicht: 1040 Gramm<\/li>\n<\/ul>","protected":false},"featured_media":26341,"template":"","meta":[],"product_brand":[896],"product_cat":[25,102,54,40,28,76],"product_tag":[],"class_list":{"0":"post-26340","1":"product","2":"type-product","3":"status-publish","4":"has-post-thumbnail","6":"product_brand-replique-manga-cine","7":"product_cat-armes-historiques","8":"product_cat-denix","9":"product_cat-armes-accessoires-guerre-mondiale","10":"product_cat-pistolet-moderne","11":"product_cat-repliques-darmes","12":"product_cat-reproductions-armes-seconde-guerre-mondiale-denix","14":"first","15":"instock","16":"sale","17":"taxable","18":"shipping-taxable","19":"purchasable","20":"product-type-simple"},"yoast_head":"<!-- This site is optimized with the Yoast SEO plugin v27.5 - https:\/\/yoast.com\/product\/yoast-seo-wordpress\/ -->\n<title>Luger P08 Artillerie 1898 - Vente en ligne | R\u00e9plique Manga Cin\u00e9<\/title>\n<meta name=\"description\" content=\"Offrez-vous ! Le pistolet Luger P08 Artillerie 1898 au meilleur prix - En m\u00e9tal - S&#039;arme et percute - Inapte au tir - Canon\u00a0: 20 cm - Longueur : 34.5 cm\" \/>\n<meta name=\"robots\" content=\"index, follow, max-snippet:-1, max-image-preview:large, max-video-preview:-1\" \/>\n<link rel=\"canonical\" href=\"https:\/\/repliquemangacine.fr\/de\/denix\/luger-p08-artillerie-1898\/\" \/>\n<meta property=\"og:locale\" content=\"de_DE\" \/>\n<meta property=\"og:type\" content=\"article\" \/>\n<meta property=\"og:title\" content=\"Luger P08 Artillerie 1898 - Vente en ligne | R\u00e9plique Manga Cin\u00e9\" \/>\n<meta property=\"og:description\" content=\"Offrez-vous ! Le pistolet Luger P08 Artillerie 1898 au meilleur prix - En m\u00e9tal - S&#039;arme et percute - Inapte au tir - Canon\u00a0: 20 cm - Longueur : 34.5 cm\" \/>\n<meta property=\"og:url\" content=\"https:\/\/repliquemangacine.fr\/de\/denix\/luger-p08-artillerie-1898\/\" \/>\n<meta property=\"og:site_name\" content=\"R\u00e9plique Manga Cin\u00e9\" \/>\n<meta property=\"article:publisher\" content=\"https:\/\/www.facebook.com\/RepliqueMangaCine\" \/>\n<meta property=\"article:modified_time\" content=\"2025-09-23T16:01:45+00:00\" \/>\n<meta property=\"og:image\" content=\"https:\/\/repliquemangacine.fr\/wp-content\/uploads\/2023\/10\/1022-Replique-Pistolet-Luger-P08-artillerie-1917.jpg\" \/>\n\t<meta property=\"og:image:width\" content=\"800\" \/>\n\t<meta property=\"og:image:height\" content=\"800\" \/>\n\t<meta property=\"og:image:type\" content=\"image\/jpeg\" \/>\n<meta name=\"twitter:card\" content=\"summary_large_image\" \/>\n<meta name=\"twitter:label1\" content=\"Gesch\u00e4tzte Lesezeit\" \/>\n\t<meta name=\"twitter:data1\" content=\"1\u00a0Minute\" \/>\n<script type=\"application\/ld+json\" class=\"yoast-schema-graph\">{\"@context\":\"https:\\\/\\\/schema.org\",\"@graph\":[{\"@type\":\"WebPage\",\"@id\":\"https:\\\/\\\/repliquemangacine.fr\\\/denix\\\/luger-p08-artillerie-1898\\\/\",\"url\":\"https:\\\/\\\/repliquemangacine.fr\\\/denix\\\/luger-p08-artillerie-1898\\\/\",\"name\":\"Luger P08 Artillerie 1898 - Vente en ligne | R\u00e9plique Manga Cin\u00e9\",\"isPartOf\":{\"@id\":\"https:\\\/\\\/repliquemangacine.fr\\\/#website\"},\"primaryImageOfPage\":{\"@id\":\"https:\\\/\\\/repliquemangacine.fr\\\/denix\\\/luger-p08-artillerie-1898\\\/#primaryimage\"},\"image\":{\"@id\":\"https:\\\/\\\/repliquemangacine.fr\\\/denix\\\/luger-p08-artillerie-1898\\\/#primaryimage\"},\"thumbnailUrl\":\"https:\\\/\\\/repliquemangacine.fr\\\/wp-content\\\/uploads\\\/2023\\\/10\\\/1022-Replique-Pistolet-Luger-P08-artillerie-1917.jpg\",\"datePublished\":\"2016-11-17T17:06:13+00:00\",\"dateModified\":\"2025-09-23T16:01:45+00:00\",\"description\":\"Offrez-vous ! Le pistolet Luger P08 Artillerie 1898 au meilleur prix - En m\u00e9tal - S'arme et percute - Inapte au tir - Canon\u00a0: 20 cm - Longueur : 34.5 cm\",\"breadcrumb\":{\"@id\":\"https:\\\/\\\/repliquemangacine.fr\\\/denix\\\/luger-p08-artillerie-1898\\\/#breadcrumb\"},\"inLanguage\":\"de\",\"potentialAction\":[{\"@type\":\"ReadAction\",\"target\":[\"https:\\\/\\\/repliquemangacine.fr\\\/denix\\\/luger-p08-artillerie-1898\\\/\"]}]},{\"@type\":\"ImageObject\",\"inLanguage\":\"de\",\"@id\":\"https:\\\/\\\/repliquemangacine.fr\\\/denix\\\/luger-p08-artillerie-1898\\\/#primaryimage\",\"url\":\"https:\\\/\\\/repliquemangacine.fr\\\/wp-content\\\/uploads\\\/2023\\\/10\\\/1022-Replique-Pistolet-Luger-P08-artillerie-1917.jpg\",\"contentUrl\":\"https:\\\/\\\/repliquemangacine.fr\\\/wp-content\\\/uploads\\\/2023\\\/10\\\/1022-Replique-Pistolet-Luger-P08-artillerie-1917.jpg\",\"width\":800,\"height\":800,\"caption\":\"Pistolet Luger P08 artillerie\"},{\"@type\":\"BreadcrumbList\",\"@id\":\"https:\\\/\\\/repliquemangacine.fr\\\/denix\\\/luger-p08-artillerie-1898\\\/#breadcrumb\",\"itemListElement\":[{\"@type\":\"ListItem\",\"position\":1,\"name\":\"Accueil\",\"item\":\"https:\\\/\\\/repliquemangacine.fr\\\/\"},{\"@type\":\"ListItem\",\"position\":2,\"name\":\"Produits\",\"item\":\"https:\\\/\\\/repliquemangacine.fr\\\/boutique\\\/\"},{\"@type\":\"ListItem\",\"position\":3,\"name\":\"Luger P08 Artillerie 1898\"}]},{\"@type\":\"WebSite\",\"@id\":\"https:\\\/\\\/repliquemangacine.fr\\\/#website\",\"url\":\"https:\\\/\\\/repliquemangacine.fr\\\/\",\"name\":\"R\u00e9plique Manga Cin\u00e9\",\"description\":\"\",\"publisher\":{\"@id\":\"https:\\\/\\\/repliquemangacine.fr\\\/#organization\"},\"potentialAction\":[{\"@type\":\"SearchAction\",\"target\":{\"@type\":\"EntryPoint\",\"urlTemplate\":\"https:\\\/\\\/repliquemangacine.fr\\\/?s={search_term_string}\"},\"query-input\":{\"@type\":\"PropertyValueSpecification\",\"valueRequired\":true,\"valueName\":\"search_term_string\"}}],\"inLanguage\":\"de\"},{\"@type\":\"Organization\",\"@id\":\"https:\\\/\\\/repliquemangacine.fr\\\/#organization\",\"name\":\"R\u00e9plique Manga Cin\u00e9\",\"url\":\"https:\\\/\\\/repliquemangacine.fr\\\/\",\"logo\":{\"@type\":\"ImageObject\",\"inLanguage\":\"de\",\"@id\":\"https:\\\/\\\/repliquemangacine.fr\\\/#\\\/schema\\\/logo\\\/image\\\/\",\"url\":\"https:\\\/\\\/repliquemangacine.fr\\\/wp-content\\\/uploads\\\/2023\\\/10\\\/RMC-500250.png\",\"contentUrl\":\"https:\\\/\\\/repliquemangacine.fr\\\/wp-content\\\/uploads\\\/2023\\\/10\\\/RMC-500250.png\",\"width\":500,\"height\":250,\"caption\":\"R\u00e9plique Manga Cin\u00e9\"},\"image\":{\"@id\":\"https:\\\/\\\/repliquemangacine.fr\\\/#\\\/schema\\\/logo\\\/image\\\/\"},\"sameAs\":[\"https:\\\/\\\/www.facebook.com\\\/RepliqueMangaCine\",\"https:\\\/\\\/www.instagram.com\\\/repliquemangacine.fr\\\/\"]}]}<\/script>\n<!-- \/ Yoast SEO plugin. -->","yoast_head_json":{"title":"Luger P08 Artillerie 1898 - Online-Verkauf | R\u00e9plique Manga Cin\u00e9","description":"Bieten Sie sich an! Die Pistole Luger P08 Artillerie 1898 zum besten Preis - Aus Metall - Spannen und Schlagen - Untauglich f\u00fcr den Schie\u00dfstand - Lauf: 20 cm - L\u00e4nge: 34.5 cm","robots":{"index":"index","follow":"follow","max-snippet":"max-snippet:-1","max-image-preview":"max-image-preview:large","max-video-preview":"max-video-preview:-1"},"canonical":"https:\/\/repliquemangacine.fr\/de\/denix\/luger-p08-artillerie-1898\/","og_locale":"de_DE","og_type":"article","og_title":"Luger P08 Artillerie 1898 - Vente en ligne | R\u00e9plique Manga Cin\u00e9","og_description":"Offrez-vous ! Le pistolet Luger P08 Artillerie 1898 au meilleur prix - En m\u00e9tal - S'arme et percute - Inapte au tir - Canon\u00a0: 20 cm - Longueur : 34.5 cm","og_url":"https:\/\/repliquemangacine.fr\/de\/denix\/luger-p08-artillerie-1898\/","og_site_name":"R\u00e9plique Manga Cin\u00e9","article_publisher":"https:\/\/www.facebook.com\/RepliqueMangaCine","article_modified_time":"2025-09-23T16:01:45+00:00","og_image":[{"width":800,"height":800,"url":"https:\/\/repliquemangacine.fr\/wp-content\/uploads\/2023\/10\/1022-Replique-Pistolet-Luger-P08-artillerie-1917.jpg","type":"image\/jpeg"}],"twitter_card":"summary_large_image","twitter_misc":{"Gesch\u00e4tzte Lesezeit":"1\u00a0Minute"},"schema":{"@context":"https:\/\/schema.org","@graph":[{"@type":"WebPage","@id":"https:\/\/repliquemangacine.fr\/denix\/luger-p08-artillerie-1898\/","url":"https:\/\/repliquemangacine.fr\/denix\/luger-p08-artillerie-1898\/","name":"Luger P08 Artillerie 1898 - Online-Verkauf | R\u00e9plique Manga Cin\u00e9","isPartOf":{"@id":"https:\/\/repliquemangacine.fr\/#website"},"primaryImageOfPage":{"@id":"https:\/\/repliquemangacine.fr\/denix\/luger-p08-artillerie-1898\/#primaryimage"},"image":{"@id":"https:\/\/repliquemangacine.fr\/denix\/luger-p08-artillerie-1898\/#primaryimage"},"thumbnailUrl":"https:\/\/repliquemangacine.fr\/wp-content\/uploads\/2023\/10\/1022-Replique-Pistolet-Luger-P08-artillerie-1917.jpg","datePublished":"2016-11-17T17:06:13+00:00","dateModified":"2025-09-23T16:01:45+00:00","description":"Bieten Sie sich an! Die Pistole Luger P08 Artillerie 1898 zum besten Preis - Aus Metall - Spannen und Schlagen - Untauglich f\u00fcr den Schie\u00dfstand - Lauf: 20 cm - L\u00e4nge: 34.5 cm","breadcrumb":{"@id":"https:\/\/repliquemangacine.fr\/denix\/luger-p08-artillerie-1898\/#breadcrumb"},"inLanguage":"de","potentialAction":[{"@type":"ReadAction","target":["https:\/\/repliquemangacine.fr\/denix\/luger-p08-artillerie-1898\/"]}]},{"@type":"ImageObject","inLanguage":"de","@id":"https:\/\/repliquemangacine.fr\/denix\/luger-p08-artillerie-1898\/#primaryimage","url":"https:\/\/repliquemangacine.fr\/wp-content\/uploads\/2023\/10\/1022-Replique-Pistolet-Luger-P08-artillerie-1917.jpg","contentUrl":"https:\/\/repliquemangacine.fr\/wp-content\/uploads\/2023\/10\/1022-Replique-Pistolet-Luger-P08-artillerie-1917.jpg","width":800,"height":800,"caption":"Pistolet Luger P08 artillerie"},{"@type":"BreadcrumbList","@id":"https:\/\/repliquemangacine.fr\/denix\/luger-p08-artillerie-1898\/#breadcrumb","itemListElement":[{"@type":"ListItem","position":1,"name":"Accueil","item":"https:\/\/repliquemangacine.fr\/"},{"@type":"ListItem","position":2,"name":"Produits","item":"https:\/\/repliquemangacine.fr\/boutique\/"},{"@type":"ListItem","position":3,"name":"Luger P08 Artillerie 1898"}]},{"@type":"WebSite","@id":"https:\/\/repliquemangacine.fr\/#website","url":"https:\/\/repliquemangacine.fr\/","name":"R\u00e9plique Manga Cin\u00e9","description":"","publisher":{"@id":"https:\/\/repliquemangacine.fr\/#organization"},"potentialAction":[{"@type":"SearchAction","target":{"@type":"EntryPoint","urlTemplate":"https:\/\/repliquemangacine.fr\/?s={search_term_string}"},"query-input":{"@type":"PropertyValueSpecification","valueRequired":true,"valueName":"search_term_string"}}],"inLanguage":"de"},{"@type":"Organization","@id":"https:\/\/repliquemangacine.fr\/#organization","name":"R\u00e9plique Manga Cin\u00e9","url":"https:\/\/repliquemangacine.fr\/","logo":{"@type":"ImageObject","inLanguage":"de","@id":"https:\/\/repliquemangacine.fr\/#\/schema\/logo\/image\/","url":"https:\/\/repliquemangacine.fr\/wp-content\/uploads\/2023\/10\/RMC-500250.png","contentUrl":"https:\/\/repliquemangacine.fr\/wp-content\/uploads\/2023\/10\/RMC-500250.png","width":500,"height":250,"caption":"R\u00e9plique Manga Cin\u00e9"},"image":{"@id":"https:\/\/repliquemangacine.fr\/#\/schema\/logo\/image\/"},"sameAs":["https:\/\/www.facebook.com\/RepliqueMangaCine","https:\/\/www.instagram.com\/repliquemangacine.fr\/"]}]}},"_links":{"self":[{"href":"https:\/\/repliquemangacine.fr\/de\/wp-json\/wp\/v2\/product\/26340","targetHints":{"allow":["GET"]}}],"collection":[{"href":"https:\/\/repliquemangacine.fr\/de\/wp-json\/wp\/v2\/product"}],"about":[{"href":"https:\/\/repliquemangacine.fr\/de\/wp-json\/wp\/v2\/types\/product"}],"wp:featuredmedia":[{"embeddable":true,"href":"https:\/\/repliquemangacine.fr\/de\/wp-json\/wp\/v2\/media\/26341"}],"wp:attachment":[{"href":"https:\/\/repliquemangacine.fr\/de\/wp-json\/wp\/v2\/media?parent=26340"}],"wp:term":[{"taxonomy":"product_brand","embeddable":true,"href":"https:\/\/repliquemangacine.fr\/de\/wp-json\/wp\/v2\/product_brand?post=26340"},{"taxonomy":"product_cat","embeddable":true,"href":"https:\/\/repliquemangacine.fr\/de\/wp-json\/wp\/v2\/product_cat?post=26340"},{"taxonomy":"product_tag","embeddable":true,"href":"https:\/\/repliquemangacine.fr\/de\/wp-json\/wp\/v2\/product_tag?post=26340"}],"curies":[{"name":"wp","href":"https:\/\/api.w.org\/{rel}","templated":true}]}}