





{"id":26331,"date":"2016-11-17T16:53:37","date_gmt":"2016-11-17T15:53:37","guid":{"rendered":"https:\/\/repliquemangacine.fr\/?post_type=product&#038;p=26331"},"modified":"2026-03-03T13:52:29","modified_gmt":"2026-03-03T12:52:29","slug":"luger-p08-parabellum-artillerie","status":"publish","type":"product","link":"https:\/\/repliquemangacine.fr\/de\/reproductions-armes-seconde-guerre-mondiale-denix\/luger-p08-parabellum-artillerie\/","title":{"rendered":"Luger P08 Parabellum Artillerie"},"content":{"rendered":"<h2>Luger P08 Parabellum Artillerie Pistole - Denix<\/h2>\n<p>Zun\u00e4chst die Pistole Luger P08 Parabellum Artillerie, die im Ersten und Zweiten Weltkrieg eingesetzt wurde. Diese Reproduktion ist signiert <a href=\"https:\/\/www.denix.fr\/\" target=\"_blank\" rel=\"noopener noreferrer\">Denix<\/a>.<\/p>\n<p>Parabellum bietet f\u00fcr eine Kriegswaffe unbestreitbare Vorteile:<\/p>\n<ul>\n<li>Magazinkapazit\u00e4t von 8 Patronen.<\/li>\n<li>Schnellfeuer sowie Nachladen.<\/li>\n<li>Die Kugel vom Kaliber 7,65 mm schneller ebenfalls.<\/li>\n<li>Die l\u00e4ngere Sichtlinie.<\/li>\n<\/ul>\n<p>1904 gelang der D.W.M. ein gro\u00dfer Coup: Die deutsche Marine f\u00fchrte eine Version der Parabellum im Kaliber 9 mm mit einem 15 cm langen Lauf ein.<\/p>\n<p>Angenommen unter der Bezeichnung P08, entsprechend dem Modell von 1908 mit einer Kammer f\u00fcr 9 mm Parabellum und einem 10,2 cm langen Lauf (1914 vereinfacht, wurde zum P08\/14). Das f\u00fcr die Marine hergestellte Modell (von 1904 bis 1918) hat einen 15,2 cm langen Lauf. Das f\u00fcr Artilleristen bestimmte Modell hat einen 20,3 cm langen Lauf.<\/p>\n<h2>Ihre Luger P08 Parabellum Artillerie Pistole zum besten Preis.<\/h2>\n<p>Wir bieten Ihnen alle Reproduktionen von Denix-Waffen aus dem Zweiten Weltkrieg an.<\/p>\n<p>Zun\u00e4chst einmal,<\/p>\n<ul>\n<li>Die <a href=\"https:\/\/repliquemangacine.fr\/de\/darmsreproduktionen\/pistolet-browning-hi-power-gp35-belgique-1935\/\">Browning Hi-Power<\/a> GP35 ist eine der am h\u00e4ufigsten verwendeten Milit\u00e4rpistolen in der Geschichte.<\/li>\n<li>Anschlie\u00dfend wird der <a href=\"https:\/\/repliquemangacine.fr\/de\/darmsreproduktionen\/pistolet-mauser-c96-germany-1896\/\">Mauser C96<\/a> von amerikanischen Sammlern als Broomhandle bezeichnet.<\/li>\n<li>Es gibt auch Le <a href=\"https:\/\/repliquemangacine.fr\/de\/darmsreproduktionen\/pistolet-walther-p38-germany-1938\/\">Walther P38<\/a> die von der deutschen Armee w\u00e4hrend des Zweiten Weltkriegs verwendet wurde.<\/li>\n<li>Und noch viel mehr gibt es in unserem Online-Shop zu entdecken!<\/li>\n<\/ul>\n<p>Deshalb gibt es hier etwas, womit Sie Ihre Sammlung von Kriegswaffen erweitern k\u00f6nnen.<\/p>\n<p>Abschlie\u00dfend k\u00f6nnen Sie den <strong>Luger P08 Parabellum Artillerie-Pistole<\/strong> f\u00fcr Ihre historischen Nachstellungen. Vor allem aber ist sie eine Sammler- und Dekorationswaffe.<\/p>\n<h2>Wie werden Denix-Waffenrepliken hergestellt?<\/h2>\n<p>Werden in historischen Rekonstruktionen, Filmen und Serien sowie von Sammlern verwendet. Denix-Waffenreproduktionen, die aus hochwertigen Materialien hergestellt werden. Sorgf\u00e4ltig bearbeitet und zusammengesetzt, um realistische Sammlerwaffen zu schaffen.<\/p>\n<ul>\n<li>Die Metalle sind in einer Metalllegierung, die als Zamac bekannt ist und deren Grundzusammensetzung Zink in 95% ist.<\/li>\n<li>Die Kunststoffteile der Repliken aus geformtem ABS, das eine hohe Widerstandsf\u00e4higkeit bietet.<\/li>\n<li>Holz, das aufgrund seiner Sch\u00f6nheit und Haltbarkeit ausgew\u00e4hlt wird, wie z. B. Mahagoni, Olivenholz oder Walnuss, verleiht Ihren Sch\u00e4ften und F\u00e4ssern ein elegantes und authentisches Aussehen.<\/li>\n<\/ul>\n<p>Es ist zu betonen, dass alle Nachbildungen von Denix-Waffen mit den Originalen identisch sind, wie Ihr <strong>Luger P08 Parabellum Artillerie-Pistole<\/strong>.<\/p>","protected":false},"excerpt":{"rendered":"<p>Reproduktion der Luger P08 parabellum Modell, das f\u00fcr die deutsche Artillerie bestimmt war.<\/p>\n<ul>\n<li>Geh\u00e4use aus Zamak.<\/li>\n<li>Geriffelte Schaftkappen aus Holz.<\/li>\n<li>Abnehmbares Ladeger\u00e4t.<\/li>\n<li>Bewaffnet sich und rammt.<\/li>\n<li>Ungeeignet zum Schie\u00dfen.<\/li>\n<li>Unterliegt keiner Genehmigungspflicht. Verkauf und Besitz frei<\/li>\n<li>Ma\u00dfe: 34.5 cm - Gewicht: 1040 Gramm<\/li>\n<\/ul>","protected":false},"featured_media":26332,"template":"","meta":[],"product_brand":[896],"product_cat":[25,102,54,40,28,76],"product_tag":[],"class_list":{"0":"post-26331","1":"product","2":"type-product","3":"status-publish","4":"has-post-thumbnail","6":"product_brand-replique-manga-cine","7":"product_cat-armes-historiques","8":"product_cat-denix","9":"product_cat-armes-accessoires-guerre-mondiale","10":"product_cat-pistolet-moderne","11":"product_cat-repliques-darmes","12":"product_cat-reproductions-armes-seconde-guerre-mondiale-denix","14":"first","15":"instock","16":"sale","17":"taxable","18":"shipping-taxable","19":"purchasable","20":"product-type-simple"},"yoast_head":"<!-- This site is optimized with the Yoast SEO plugin v27.5 - https:\/\/yoast.com\/product\/yoast-seo-wordpress\/ -->\n<title>Luger P08 Parabellum Artillerie - Vente armes Denix | RMC<\/title>\n<meta name=\"description\" content=\"D\u00e9couvrez le Pistolet Luger P08 Parabellum Artillerie au meilleur prix - Canon long - Carcasse en m\u00e9tal - Crosse en bois - Simulation de tir - 34.5 cm\" \/>\n<meta name=\"robots\" content=\"index, follow, max-snippet:-1, max-image-preview:large, max-video-preview:-1\" \/>\n<link rel=\"canonical\" href=\"https:\/\/repliquemangacine.fr\/de\/denix\/luger-p08-parabellum-artillerie\/\" \/>\n<meta property=\"og:locale\" content=\"de_DE\" \/>\n<meta property=\"og:type\" content=\"article\" \/>\n<meta property=\"og:title\" content=\"Luger P08 Parabellum Artillerie - Vente armes Denix | RMC\" \/>\n<meta property=\"og:description\" content=\"D\u00e9couvrez le Pistolet Luger P08 Parabellum Artillerie au meilleur prix - Canon long - Carcasse en m\u00e9tal - Crosse en bois - Simulation de tir - 34.5 cm\" \/>\n<meta property=\"og:url\" content=\"https:\/\/repliquemangacine.fr\/de\/denix\/luger-p08-parabellum-artillerie\/\" \/>\n<meta property=\"og:site_name\" content=\"R\u00e9plique Manga Cin\u00e9\" \/>\n<meta property=\"article:publisher\" content=\"https:\/\/www.facebook.com\/RepliqueMangaCine\" \/>\n<meta property=\"article:modified_time\" content=\"2026-03-03T12:52:29+00:00\" \/>\n<meta property=\"og:image\" content=\"https:\/\/repliquemangacine.fr\/wp-content\/uploads\/2023\/10\/1014-Replique-Pistolet-P08-Luger-Modele-Artillerie-1917.jpg\" \/>\n\t<meta property=\"og:image:width\" content=\"800\" \/>\n\t<meta property=\"og:image:height\" content=\"800\" \/>\n\t<meta property=\"og:image:type\" content=\"image\/jpeg\" \/>\n<meta name=\"twitter:card\" content=\"summary_large_image\" \/>\n<meta name=\"twitter:label1\" content=\"Gesch\u00e4tzte Lesezeit\" \/>\n\t<meta name=\"twitter:data1\" content=\"1\u00a0Minute\" \/>\n<script type=\"application\/ld+json\" class=\"yoast-schema-graph\">{\"@context\":\"https:\\\/\\\/schema.org\",\"@graph\":[{\"@type\":\"WebPage\",\"@id\":\"https:\\\/\\\/repliquemangacine.fr\\\/denix\\\/luger-p08-parabellum-artillerie\\\/\",\"url\":\"https:\\\/\\\/repliquemangacine.fr\\\/denix\\\/luger-p08-parabellum-artillerie\\\/\",\"name\":\"Luger P08 Parabellum Artillerie - Vente armes Denix | RMC\",\"isPartOf\":{\"@id\":\"https:\\\/\\\/repliquemangacine.fr\\\/#website\"},\"primaryImageOfPage\":{\"@id\":\"https:\\\/\\\/repliquemangacine.fr\\\/denix\\\/luger-p08-parabellum-artillerie\\\/#primaryimage\"},\"image\":{\"@id\":\"https:\\\/\\\/repliquemangacine.fr\\\/denix\\\/luger-p08-parabellum-artillerie\\\/#primaryimage\"},\"thumbnailUrl\":\"https:\\\/\\\/repliquemangacine.fr\\\/wp-content\\\/uploads\\\/2023\\\/10\\\/1014-Replique-Pistolet-P08-Luger-Modele-Artillerie-1917.jpg\",\"datePublished\":\"2016-11-17T15:53:37+00:00\",\"dateModified\":\"2026-03-03T12:52:29+00:00\",\"description\":\"D\u00e9couvrez le Pistolet Luger P08 Parabellum Artillerie au meilleur prix - Canon long - Carcasse en m\u00e9tal - Crosse en bois - Simulation de tir - 34.5 cm\",\"breadcrumb\":{\"@id\":\"https:\\\/\\\/repliquemangacine.fr\\\/denix\\\/luger-p08-parabellum-artillerie\\\/#breadcrumb\"},\"inLanguage\":\"de\",\"potentialAction\":[{\"@type\":\"ReadAction\",\"target\":[\"https:\\\/\\\/repliquemangacine.fr\\\/denix\\\/luger-p08-parabellum-artillerie\\\/\"]}]},{\"@type\":\"ImageObject\",\"inLanguage\":\"de\",\"@id\":\"https:\\\/\\\/repliquemangacine.fr\\\/denix\\\/luger-p08-parabellum-artillerie\\\/#primaryimage\",\"url\":\"https:\\\/\\\/repliquemangacine.fr\\\/wp-content\\\/uploads\\\/2023\\\/10\\\/1014-Replique-Pistolet-P08-Luger-Modele-Artillerie-1917.jpg\",\"contentUrl\":\"https:\\\/\\\/repliquemangacine.fr\\\/wp-content\\\/uploads\\\/2023\\\/10\\\/1014-Replique-Pistolet-P08-Luger-Modele-Artillerie-1917.jpg\",\"width\":800,\"height\":800,\"caption\":\"R\u00e9plique Pistolet P08 Luger - Mod\u00e8le Artillerie 1917\"},{\"@type\":\"BreadcrumbList\",\"@id\":\"https:\\\/\\\/repliquemangacine.fr\\\/denix\\\/luger-p08-parabellum-artillerie\\\/#breadcrumb\",\"itemListElement\":[{\"@type\":\"ListItem\",\"position\":1,\"name\":\"Accueil\",\"item\":\"https:\\\/\\\/repliquemangacine.fr\\\/\"},{\"@type\":\"ListItem\",\"position\":2,\"name\":\"Produits\",\"item\":\"https:\\\/\\\/repliquemangacine.fr\\\/boutique\\\/\"},{\"@type\":\"ListItem\",\"position\":3,\"name\":\"Luger P08 Parabellum Artillerie\"}]},{\"@type\":\"WebSite\",\"@id\":\"https:\\\/\\\/repliquemangacine.fr\\\/#website\",\"url\":\"https:\\\/\\\/repliquemangacine.fr\\\/\",\"name\":\"R\u00e9plique Manga Cin\u00e9\",\"description\":\"\",\"publisher\":{\"@id\":\"https:\\\/\\\/repliquemangacine.fr\\\/#organization\"},\"potentialAction\":[{\"@type\":\"SearchAction\",\"target\":{\"@type\":\"EntryPoint\",\"urlTemplate\":\"https:\\\/\\\/repliquemangacine.fr\\\/?s={search_term_string}\"},\"query-input\":{\"@type\":\"PropertyValueSpecification\",\"valueRequired\":true,\"valueName\":\"search_term_string\"}}],\"inLanguage\":\"de\"},{\"@type\":\"Organization\",\"@id\":\"https:\\\/\\\/repliquemangacine.fr\\\/#organization\",\"name\":\"R\u00e9plique Manga Cin\u00e9\",\"url\":\"https:\\\/\\\/repliquemangacine.fr\\\/\",\"logo\":{\"@type\":\"ImageObject\",\"inLanguage\":\"de\",\"@id\":\"https:\\\/\\\/repliquemangacine.fr\\\/#\\\/schema\\\/logo\\\/image\\\/\",\"url\":\"https:\\\/\\\/repliquemangacine.fr\\\/wp-content\\\/uploads\\\/2023\\\/10\\\/RMC-500250.png\",\"contentUrl\":\"https:\\\/\\\/repliquemangacine.fr\\\/wp-content\\\/uploads\\\/2023\\\/10\\\/RMC-500250.png\",\"width\":500,\"height\":250,\"caption\":\"R\u00e9plique Manga Cin\u00e9\"},\"image\":{\"@id\":\"https:\\\/\\\/repliquemangacine.fr\\\/#\\\/schema\\\/logo\\\/image\\\/\"},\"sameAs\":[\"https:\\\/\\\/www.facebook.com\\\/RepliqueMangaCine\",\"https:\\\/\\\/www.instagram.com\\\/repliquemangacine.fr\\\/\"]}]}<\/script>\n<!-- \/ Yoast SEO plugin. -->","yoast_head_json":{"title":"Luger P08 Parabellum Artillerie - Denix Waffen Verkauf | RMC","description":"Entdecken Sie die Luger P08 Parabellum Artillerie Pistole zum besten Preis - Langer Lauf - Metallgeh\u00e4use - Holzschaft - Schie\u00dfsimulation - 34.5 cm","robots":{"index":"index","follow":"follow","max-snippet":"max-snippet:-1","max-image-preview":"max-image-preview:large","max-video-preview":"max-video-preview:-1"},"canonical":"https:\/\/repliquemangacine.fr\/de\/denix\/luger-p08-parabellum-artillerie\/","og_locale":"de_DE","og_type":"article","og_title":"Luger P08 Parabellum Artillerie - Vente armes Denix | RMC","og_description":"D\u00e9couvrez le Pistolet Luger P08 Parabellum Artillerie au meilleur prix - Canon long - Carcasse en m\u00e9tal - Crosse en bois - Simulation de tir - 34.5 cm","og_url":"https:\/\/repliquemangacine.fr\/de\/denix\/luger-p08-parabellum-artillerie\/","og_site_name":"R\u00e9plique Manga Cin\u00e9","article_publisher":"https:\/\/www.facebook.com\/RepliqueMangaCine","article_modified_time":"2026-03-03T12:52:29+00:00","og_image":[{"width":800,"height":800,"url":"https:\/\/repliquemangacine.fr\/wp-content\/uploads\/2023\/10\/1014-Replique-Pistolet-P08-Luger-Modele-Artillerie-1917.jpg","type":"image\/jpeg"}],"twitter_card":"summary_large_image","twitter_misc":{"Gesch\u00e4tzte Lesezeit":"1\u00a0Minute"},"schema":{"@context":"https:\/\/schema.org","@graph":[{"@type":"WebPage","@id":"https:\/\/repliquemangacine.fr\/denix\/luger-p08-parabellum-artillerie\/","url":"https:\/\/repliquemangacine.fr\/denix\/luger-p08-parabellum-artillerie\/","name":"Luger P08 Parabellum Artillerie - Denix Waffen Verkauf | RMC","isPartOf":{"@id":"https:\/\/repliquemangacine.fr\/#website"},"primaryImageOfPage":{"@id":"https:\/\/repliquemangacine.fr\/denix\/luger-p08-parabellum-artillerie\/#primaryimage"},"image":{"@id":"https:\/\/repliquemangacine.fr\/denix\/luger-p08-parabellum-artillerie\/#primaryimage"},"thumbnailUrl":"https:\/\/repliquemangacine.fr\/wp-content\/uploads\/2023\/10\/1014-Replique-Pistolet-P08-Luger-Modele-Artillerie-1917.jpg","datePublished":"2016-11-17T15:53:37+00:00","dateModified":"2026-03-03T12:52:29+00:00","description":"Entdecken Sie die Luger P08 Parabellum Artillerie Pistole zum besten Preis - Langer Lauf - Metallgeh\u00e4use - Holzschaft - Schie\u00dfsimulation - 34.5 cm","breadcrumb":{"@id":"https:\/\/repliquemangacine.fr\/denix\/luger-p08-parabellum-artillerie\/#breadcrumb"},"inLanguage":"de","potentialAction":[{"@type":"ReadAction","target":["https:\/\/repliquemangacine.fr\/denix\/luger-p08-parabellum-artillerie\/"]}]},{"@type":"ImageObject","inLanguage":"de","@id":"https:\/\/repliquemangacine.fr\/denix\/luger-p08-parabellum-artillerie\/#primaryimage","url":"https:\/\/repliquemangacine.fr\/wp-content\/uploads\/2023\/10\/1014-Replique-Pistolet-P08-Luger-Modele-Artillerie-1917.jpg","contentUrl":"https:\/\/repliquemangacine.fr\/wp-content\/uploads\/2023\/10\/1014-Replique-Pistolet-P08-Luger-Modele-Artillerie-1917.jpg","width":800,"height":800,"caption":"R\u00e9plique Pistolet P08 Luger - Mod\u00e8le Artillerie 1917"},{"@type":"BreadcrumbList","@id":"https:\/\/repliquemangacine.fr\/denix\/luger-p08-parabellum-artillerie\/#breadcrumb","itemListElement":[{"@type":"ListItem","position":1,"name":"Accueil","item":"https:\/\/repliquemangacine.fr\/"},{"@type":"ListItem","position":2,"name":"Produits","item":"https:\/\/repliquemangacine.fr\/boutique\/"},{"@type":"ListItem","position":3,"name":"Luger P08 Parabellum Artillerie"}]},{"@type":"WebSite","@id":"https:\/\/repliquemangacine.fr\/#website","url":"https:\/\/repliquemangacine.fr\/","name":"R\u00e9plique Manga Cin\u00e9","description":"","publisher":{"@id":"https:\/\/repliquemangacine.fr\/#organization"},"potentialAction":[{"@type":"SearchAction","target":{"@type":"EntryPoint","urlTemplate":"https:\/\/repliquemangacine.fr\/?s={search_term_string}"},"query-input":{"@type":"PropertyValueSpecification","valueRequired":true,"valueName":"search_term_string"}}],"inLanguage":"de"},{"@type":"Organization","@id":"https:\/\/repliquemangacine.fr\/#organization","name":"R\u00e9plique Manga Cin\u00e9","url":"https:\/\/repliquemangacine.fr\/","logo":{"@type":"ImageObject","inLanguage":"de","@id":"https:\/\/repliquemangacine.fr\/#\/schema\/logo\/image\/","url":"https:\/\/repliquemangacine.fr\/wp-content\/uploads\/2023\/10\/RMC-500250.png","contentUrl":"https:\/\/repliquemangacine.fr\/wp-content\/uploads\/2023\/10\/RMC-500250.png","width":500,"height":250,"caption":"R\u00e9plique Manga Cin\u00e9"},"image":{"@id":"https:\/\/repliquemangacine.fr\/#\/schema\/logo\/image\/"},"sameAs":["https:\/\/www.facebook.com\/RepliqueMangaCine","https:\/\/www.instagram.com\/repliquemangacine.fr\/"]}]}},"_links":{"self":[{"href":"https:\/\/repliquemangacine.fr\/de\/wp-json\/wp\/v2\/product\/26331","targetHints":{"allow":["GET"]}}],"collection":[{"href":"https:\/\/repliquemangacine.fr\/de\/wp-json\/wp\/v2\/product"}],"about":[{"href":"https:\/\/repliquemangacine.fr\/de\/wp-json\/wp\/v2\/types\/product"}],"wp:featuredmedia":[{"embeddable":true,"href":"https:\/\/repliquemangacine.fr\/de\/wp-json\/wp\/v2\/media\/26332"}],"wp:attachment":[{"href":"https:\/\/repliquemangacine.fr\/de\/wp-json\/wp\/v2\/media?parent=26331"}],"wp:term":[{"taxonomy":"product_brand","embeddable":true,"href":"https:\/\/repliquemangacine.fr\/de\/wp-json\/wp\/v2\/product_brand?post=26331"},{"taxonomy":"product_cat","embeddable":true,"href":"https:\/\/repliquemangacine.fr\/de\/wp-json\/wp\/v2\/product_cat?post=26331"},{"taxonomy":"product_tag","embeddable":true,"href":"https:\/\/repliquemangacine.fr\/de\/wp-json\/wp\/v2\/product_tag?post=26331"}],"curies":[{"name":"wp","href":"https:\/\/api.w.org\/{rel}","templated":true}]}}