





{"id":26324,"date":"2016-11-17T12:40:37","date_gmt":"2016-11-17T11:40:37","guid":{"rendered":"https:\/\/repliquemangacine.fr\/?post_type=product&#038;p=26324"},"modified":"2026-04-01T05:58:00","modified_gmt":"2026-04-01T03:58:00","slug":"pistole-beretta-92f-parabellum-italy-1975","status":"publish","type":"product","link":"https:\/\/repliquemangacine.fr\/de\/pistolet-moderne\/pistolet-beretta-92f-parabellum-italy-1975\/","title":{"rendered":"Beretta-Pistole 92F"},"content":{"rendered":"<h2>Beretta 92F 9 mm Pistole 1975 - Denix<\/h2>\n<p>Zu Beginn wird der <strong>Beretta-Pistole 92F<\/strong> 9 mm Parabellum, eine halbautomatische Waffe, die von Beretta in Italien hergestellt wird. Sie wurde 1975 entworfen, die Produktion begann 1976.  Die US-Armee ersetzte 1985 die Pistole .45 ACP M1911A1 durch die Beretta 92FS, die als \"M9\" bezeichnet wird.<\/p>\n<p>Es wurde von den Armeen der USA, Italiens und Frankreichs \u00fcbernommen und war ein gro\u00dfer kommerzieller Erfolg.<\/p>\n<p>Denn sie ist eine Waffe mit bew\u00e4hrtem Design, die sich durch ihr 15-Schuss-Magazin in 9 mm Parabellum und ihre Zuverl\u00e4ssigkeit auszeichnet.<\/p>\n<p>Dar\u00fcber hinaus ist diese Waffe eine der am h\u00e4ufigsten verwendeten Waffen in vielen amerikanischen und europ\u00e4ischen Filmen. Man denke nur an die Waffe von Martin Riggs (Mel Gibson) in Lethal Weapon und John Mc Lane (Bruce Willis) in Crystal Trap und viele andere.<\/p>\n<h2>Ihre Beretta 92F-Pistole zum besten Preis.<\/h2>\n<p>Wir bieten Ihnen eine gro\u00dfe Auswahl an Denix-Waffenreproduktionen.<\/p>\n<p>Zun\u00e4chst einmal,<\/p>\n<ul>\n<li>Die Replik des <a href=\"https:\/\/repliquemangacine.fr\/de\/the-walking-dead\/colt-python-rick-grimes\/\">Revolver Python Rick<\/a> in The Walking Dead.<\/li>\n<li>Es gibt auch eine Reproduktion des Revolvers <a href=\"https:\/\/repliquemangacine.fr\/de\/moderne-pistole\/colt-python-magnum6\/\">Colt Python 357 Magnum 6\u2033<\/a> barrel, USA 1955.<\/li>\n<li>Sowie das <a href=\"https:\/\/repliquemangacine.fr\/de\/moderne-pistole\/pistole-desert-eagle-black-1982-denix\/\">Desert Eagle Pistole<\/a> Black-Version in den Matrix-Filmen verwendet.<\/li>\n<li>Und viele andere, die es in unserem Online-Shop zu entdecken gibt!<\/li>\n<\/ul>\n<p>Deshalb ist dies eine tolle Geschenkidee f\u00fcr Sammler und Enthusiasten.<\/p>\n<p>Abschlie\u00dfend k\u00f6nnen Sie den <strong>Beretta-Pistole 92F<\/strong> f\u00fcr Ihre Cosplay-Paraden oder Themenabende.<\/p>\n<p>Vor allem ist es ein Sammler- und Dekorationsobjekt.<\/p>\n<p>R\u00e9plique Manga Cin\u00e9 ist ein franz\u00f6sisches Familienunternehmen und offizieller Vertriebspartner der Marke <a href=\"https:\/\/www.denix.fr\/fr\/catalogue\/armes-modernes-1945-1982\/pistolets\/1254\/\" target=\"_blank\" rel=\"noopener noreferrer\">Denix<\/a>.<\/p>\n<h2>Wie werden Denix-Waffenrepliken hergestellt?<\/h2>\n<p>Werden in historischen Rekonstruktionen, Filmen und Serien sowie von Sammlern verwendet. Denix-Waffenreproduktionen, die aus hochwertigen Materialien hergestellt werden. Sorgf\u00e4ltig bearbeitet und zusammengesetzt, um realistische Sammlerwaffen zu schaffen.<\/p>\n<ul>\n<li>Die Metalle sind in einer Metalllegierung, die als Zamac bekannt ist und deren Grundzusammensetzung Zink in 95% ist.<\/li>\n<li>Die Kunststoffteile der Repliken aus geformtem ABS, das eine hohe Widerstandsf\u00e4higkeit bietet.<\/li>\n<li>Holz, das aufgrund seiner Sch\u00f6nheit und Haltbarkeit ausgew\u00e4hlt wird, wie z. B. Mahagoni, Olivenholz oder Walnuss, verleiht Ihren Sch\u00e4ften und F\u00e4ssern ein elegantes und authentisches Aussehen.<\/li>\n<\/ul>\n<p>Es ist zu betonen, dass alle Nachbildungen von Denix-Waffen mit den Originalen identisch sind, wie Ihr <strong>Beretta-Pistole 92F<\/strong>.<\/p>","protected":false},"excerpt":{"rendered":"<p>Beretta 92F Parabellum-Pistole von 1975 .<\/p>\n<ul>\n<li>Geh\u00e4use aus Zamak.<\/li>\n<li>Schaftkappen aus geformtem ABS.<\/li>\n<li>Abnehmbares Ladeger\u00e4t.<\/li>\n<li>Bewaffnet sich und rammt.<\/li>\n<li>Ungeeignet zum Schie\u00dfen.<\/li>\n<li>Unterliegt keiner Genehmigungspflicht. Verkauf und Besitz frei.<\/li>\n<li>Ma\u00dfe: 25 cm - Gewicht: 1290 Gramm<\/li>\n<\/ul>","protected":false},"featured_media":26325,"template":"","meta":[],"product_brand":[896],"product_cat":[102,40,28],"product_tag":[],"class_list":{"0":"post-26324","1":"product","2":"type-product","3":"status-publish","4":"has-post-thumbnail","6":"product_brand-replique-manga-cine","7":"product_cat-denix","8":"product_cat-pistolet-moderne","9":"product_cat-repliques-darmes","11":"first","12":"instock","13":"sale","14":"taxable","15":"shipping-taxable","16":"purchasable","17":"product-type-simple"},"yoast_head":"<!-- This site is optimized with the Yoast SEO plugin v27.4 - https:\/\/yoast.com\/product\/yoast-seo-wordpress\/ -->\n<title>Pistolet Beretta 92F - Boutique en ligne - Vente armes Denix | RMC<\/title>\n<meta name=\"description\" content=\"D\u00e9couvrez le Pistolet Beretta 92F parabellum au meilleur prix - Tout en m\u00e9tal - Chargeur amovible - M\u00e9canisme fonctionnel avec simulation de tir - 25 cm\" \/>\n<meta name=\"robots\" content=\"index, follow, max-snippet:-1, max-image-preview:large, max-video-preview:-1\" \/>\n<link rel=\"canonical\" href=\"https:\/\/repliquemangacine.fr\/de\/denix\/pistole-beretta-92f-parabellum-italy-1975\/\" \/>\n<meta property=\"og:locale\" content=\"de_DE\" \/>\n<meta property=\"og:type\" content=\"article\" \/>\n<meta property=\"og:title\" content=\"Pistolet Beretta 92F - Boutique en ligne - Vente armes Denix | RMC\" \/>\n<meta property=\"og:description\" content=\"D\u00e9couvrez le Pistolet Beretta 92F parabellum au meilleur prix - Tout en m\u00e9tal - Chargeur amovible - M\u00e9canisme fonctionnel avec simulation de tir - 25 cm\" \/>\n<meta property=\"og:url\" content=\"https:\/\/repliquemangacine.fr\/de\/denix\/pistole-beretta-92f-parabellum-italy-1975\/\" \/>\n<meta property=\"og:site_name\" content=\"R\u00e9plique Manga Cin\u00e9\" \/>\n<meta property=\"article:publisher\" content=\"https:\/\/www.facebook.com\/RepliqueMangaCine\" \/>\n<meta property=\"article:modified_time\" content=\"2026-04-01T03:58:00+00:00\" \/>\n<meta property=\"og:image\" content=\"https:\/\/repliquemangacine.fr\/wp-content\/uploads\/2023\/10\/1008-Replique-Pistolet-Beretta-92F-Parabellum-Italy-1975.jpg\" \/>\n\t<meta property=\"og:image:width\" content=\"800\" \/>\n\t<meta property=\"og:image:height\" content=\"800\" \/>\n\t<meta property=\"og:image:type\" content=\"image\/jpeg\" \/>\n<meta name=\"twitter:card\" content=\"summary_large_image\" \/>\n<meta name=\"twitter:label1\" content=\"Gesch\u00e4tzte Lesezeit\" \/>\n\t<meta name=\"twitter:data1\" content=\"2\u00a0Minuten\" \/>\n<script type=\"application\/ld+json\" class=\"yoast-schema-graph\">{\"@context\":\"https:\\\/\\\/schema.org\",\"@graph\":[{\"@type\":\"WebPage\",\"@id\":\"https:\\\/\\\/repliquemangacine.fr\\\/denix\\\/pistolet-beretta-92f-parabellum-italy-1975\\\/\",\"url\":\"https:\\\/\\\/repliquemangacine.fr\\\/denix\\\/pistolet-beretta-92f-parabellum-italy-1975\\\/\",\"name\":\"Pistolet Beretta 92F - Boutique en ligne - Vente armes Denix | RMC\",\"isPartOf\":{\"@id\":\"https:\\\/\\\/repliquemangacine.fr\\\/#website\"},\"primaryImageOfPage\":{\"@id\":\"https:\\\/\\\/repliquemangacine.fr\\\/denix\\\/pistolet-beretta-92f-parabellum-italy-1975\\\/#primaryimage\"},\"image\":{\"@id\":\"https:\\\/\\\/repliquemangacine.fr\\\/denix\\\/pistolet-beretta-92f-parabellum-italy-1975\\\/#primaryimage\"},\"thumbnailUrl\":\"https:\\\/\\\/repliquemangacine.fr\\\/wp-content\\\/uploads\\\/2023\\\/10\\\/1008-Replique-Pistolet-Beretta-92F-Parabellum-Italy-1975.jpg\",\"datePublished\":\"2016-11-17T11:40:37+00:00\",\"dateModified\":\"2026-04-01T03:58:00+00:00\",\"description\":\"D\u00e9couvrez le Pistolet Beretta 92F parabellum au meilleur prix - Tout en m\u00e9tal - Chargeur amovible - M\u00e9canisme fonctionnel avec simulation de tir - 25 cm\",\"breadcrumb\":{\"@id\":\"https:\\\/\\\/repliquemangacine.fr\\\/denix\\\/pistolet-beretta-92f-parabellum-italy-1975\\\/#breadcrumb\"},\"inLanguage\":\"de\",\"potentialAction\":[{\"@type\":\"ReadAction\",\"target\":[\"https:\\\/\\\/repliquemangacine.fr\\\/denix\\\/pistolet-beretta-92f-parabellum-italy-1975\\\/\"]}]},{\"@type\":\"ImageObject\",\"inLanguage\":\"de\",\"@id\":\"https:\\\/\\\/repliquemangacine.fr\\\/denix\\\/pistolet-beretta-92f-parabellum-italy-1975\\\/#primaryimage\",\"url\":\"https:\\\/\\\/repliquemangacine.fr\\\/wp-content\\\/uploads\\\/2023\\\/10\\\/1008-Replique-Pistolet-Beretta-92F-Parabellum-Italy-1975.jpg\",\"contentUrl\":\"https:\\\/\\\/repliquemangacine.fr\\\/wp-content\\\/uploads\\\/2023\\\/10\\\/1008-Replique-Pistolet-Beretta-92F-Parabellum-Italy-1975.jpg\",\"width\":800,\"height\":800,\"caption\":\"R\u00e9plique Pistolet Beretta 92F Parabellum - Italy 1975\"},{\"@type\":\"BreadcrumbList\",\"@id\":\"https:\\\/\\\/repliquemangacine.fr\\\/denix\\\/pistolet-beretta-92f-parabellum-italy-1975\\\/#breadcrumb\",\"itemListElement\":[{\"@type\":\"ListItem\",\"position\":1,\"name\":\"Accueil\",\"item\":\"https:\\\/\\\/repliquemangacine.fr\\\/\"},{\"@type\":\"ListItem\",\"position\":2,\"name\":\"Produits\",\"item\":\"https:\\\/\\\/repliquemangacine.fr\\\/boutique\\\/\"},{\"@type\":\"ListItem\",\"position\":3,\"name\":\"Pistolet Beretta 92F\"}]},{\"@type\":\"WebSite\",\"@id\":\"https:\\\/\\\/repliquemangacine.fr\\\/#website\",\"url\":\"https:\\\/\\\/repliquemangacine.fr\\\/\",\"name\":\"R\u00e9plique Manga Cin\u00e9\",\"description\":\"\",\"publisher\":{\"@id\":\"https:\\\/\\\/repliquemangacine.fr\\\/#organization\"},\"potentialAction\":[{\"@type\":\"SearchAction\",\"target\":{\"@type\":\"EntryPoint\",\"urlTemplate\":\"https:\\\/\\\/repliquemangacine.fr\\\/?s={search_term_string}\"},\"query-input\":{\"@type\":\"PropertyValueSpecification\",\"valueRequired\":true,\"valueName\":\"search_term_string\"}}],\"inLanguage\":\"de\"},{\"@type\":\"Organization\",\"@id\":\"https:\\\/\\\/repliquemangacine.fr\\\/#organization\",\"name\":\"R\u00e9plique Manga Cin\u00e9\",\"url\":\"https:\\\/\\\/repliquemangacine.fr\\\/\",\"logo\":{\"@type\":\"ImageObject\",\"inLanguage\":\"de\",\"@id\":\"https:\\\/\\\/repliquemangacine.fr\\\/#\\\/schema\\\/logo\\\/image\\\/\",\"url\":\"https:\\\/\\\/repliquemangacine.fr\\\/wp-content\\\/uploads\\\/2023\\\/10\\\/RMC-500250.png\",\"contentUrl\":\"https:\\\/\\\/repliquemangacine.fr\\\/wp-content\\\/uploads\\\/2023\\\/10\\\/RMC-500250.png\",\"width\":500,\"height\":250,\"caption\":\"R\u00e9plique Manga Cin\u00e9\"},\"image\":{\"@id\":\"https:\\\/\\\/repliquemangacine.fr\\\/#\\\/schema\\\/logo\\\/image\\\/\"},\"sameAs\":[\"https:\\\/\\\/www.facebook.com\\\/RepliqueMangaCine\",\"https:\\\/\\\/www.instagram.com\\\/repliquemangacine.fr\\\/\"]}]}<\/script>\n<!-- \/ Yoast SEO plugin. -->","yoast_head_json":{"title":"Pistole Beretta 92F - Online-Shop - Verkauf von Waffen Denix | RMC","description":"Entdecken Sie die Beretta 92F Parabellum Pistole zum besten Preis - Ganz aus Metall - Abnehmbares Magazin - Funktionaler Mechanismus mit Schusssimulation - 25 cm","robots":{"index":"index","follow":"follow","max-snippet":"max-snippet:-1","max-image-preview":"max-image-preview:large","max-video-preview":"max-video-preview:-1"},"canonical":"https:\/\/repliquemangacine.fr\/de\/denix\/pistole-beretta-92f-parabellum-italy-1975\/","og_locale":"de_DE","og_type":"article","og_title":"Pistolet Beretta 92F - Boutique en ligne - Vente armes Denix | RMC","og_description":"D\u00e9couvrez le Pistolet Beretta 92F parabellum au meilleur prix - Tout en m\u00e9tal - Chargeur amovible - M\u00e9canisme fonctionnel avec simulation de tir - 25 cm","og_url":"https:\/\/repliquemangacine.fr\/de\/denix\/pistole-beretta-92f-parabellum-italy-1975\/","og_site_name":"R\u00e9plique Manga Cin\u00e9","article_publisher":"https:\/\/www.facebook.com\/RepliqueMangaCine","article_modified_time":"2026-04-01T03:58:00+00:00","og_image":[{"width":800,"height":800,"url":"https:\/\/repliquemangacine.fr\/wp-content\/uploads\/2023\/10\/1008-Replique-Pistolet-Beretta-92F-Parabellum-Italy-1975.jpg","type":"image\/jpeg"}],"twitter_card":"summary_large_image","twitter_misc":{"Gesch\u00e4tzte Lesezeit":"2\u00a0Minuten"},"schema":{"@context":"https:\/\/schema.org","@graph":[{"@type":"WebPage","@id":"https:\/\/repliquemangacine.fr\/denix\/pistolet-beretta-92f-parabellum-italy-1975\/","url":"https:\/\/repliquemangacine.fr\/denix\/pistolet-beretta-92f-parabellum-italy-1975\/","name":"Pistole Beretta 92F - Online-Shop - Verkauf von Waffen Denix | RMC","isPartOf":{"@id":"https:\/\/repliquemangacine.fr\/#website"},"primaryImageOfPage":{"@id":"https:\/\/repliquemangacine.fr\/denix\/pistolet-beretta-92f-parabellum-italy-1975\/#primaryimage"},"image":{"@id":"https:\/\/repliquemangacine.fr\/denix\/pistolet-beretta-92f-parabellum-italy-1975\/#primaryimage"},"thumbnailUrl":"https:\/\/repliquemangacine.fr\/wp-content\/uploads\/2023\/10\/1008-Replique-Pistolet-Beretta-92F-Parabellum-Italy-1975.jpg","datePublished":"2016-11-17T11:40:37+00:00","dateModified":"2026-04-01T03:58:00+00:00","description":"Entdecken Sie die Beretta 92F Parabellum Pistole zum besten Preis - Ganz aus Metall - Abnehmbares Magazin - Funktionaler Mechanismus mit Schusssimulation - 25 cm","breadcrumb":{"@id":"https:\/\/repliquemangacine.fr\/denix\/pistolet-beretta-92f-parabellum-italy-1975\/#breadcrumb"},"inLanguage":"de","potentialAction":[{"@type":"ReadAction","target":["https:\/\/repliquemangacine.fr\/denix\/pistolet-beretta-92f-parabellum-italy-1975\/"]}]},{"@type":"ImageObject","inLanguage":"de","@id":"https:\/\/repliquemangacine.fr\/denix\/pistolet-beretta-92f-parabellum-italy-1975\/#primaryimage","url":"https:\/\/repliquemangacine.fr\/wp-content\/uploads\/2023\/10\/1008-Replique-Pistolet-Beretta-92F-Parabellum-Italy-1975.jpg","contentUrl":"https:\/\/repliquemangacine.fr\/wp-content\/uploads\/2023\/10\/1008-Replique-Pistolet-Beretta-92F-Parabellum-Italy-1975.jpg","width":800,"height":800,"caption":"R\u00e9plique Pistolet Beretta 92F Parabellum - Italy 1975"},{"@type":"BreadcrumbList","@id":"https:\/\/repliquemangacine.fr\/denix\/pistolet-beretta-92f-parabellum-italy-1975\/#breadcrumb","itemListElement":[{"@type":"ListItem","position":1,"name":"Accueil","item":"https:\/\/repliquemangacine.fr\/"},{"@type":"ListItem","position":2,"name":"Produits","item":"https:\/\/repliquemangacine.fr\/boutique\/"},{"@type":"ListItem","position":3,"name":"Pistolet Beretta 92F"}]},{"@type":"WebSite","@id":"https:\/\/repliquemangacine.fr\/#website","url":"https:\/\/repliquemangacine.fr\/","name":"R\u00e9plique Manga Cin\u00e9","description":"","publisher":{"@id":"https:\/\/repliquemangacine.fr\/#organization"},"potentialAction":[{"@type":"SearchAction","target":{"@type":"EntryPoint","urlTemplate":"https:\/\/repliquemangacine.fr\/?s={search_term_string}"},"query-input":{"@type":"PropertyValueSpecification","valueRequired":true,"valueName":"search_term_string"}}],"inLanguage":"de"},{"@type":"Organization","@id":"https:\/\/repliquemangacine.fr\/#organization","name":"R\u00e9plique Manga Cin\u00e9","url":"https:\/\/repliquemangacine.fr\/","logo":{"@type":"ImageObject","inLanguage":"de","@id":"https:\/\/repliquemangacine.fr\/#\/schema\/logo\/image\/","url":"https:\/\/repliquemangacine.fr\/wp-content\/uploads\/2023\/10\/RMC-500250.png","contentUrl":"https:\/\/repliquemangacine.fr\/wp-content\/uploads\/2023\/10\/RMC-500250.png","width":500,"height":250,"caption":"R\u00e9plique Manga Cin\u00e9"},"image":{"@id":"https:\/\/repliquemangacine.fr\/#\/schema\/logo\/image\/"},"sameAs":["https:\/\/www.facebook.com\/RepliqueMangaCine","https:\/\/www.instagram.com\/repliquemangacine.fr\/"]}]}},"_links":{"self":[{"href":"https:\/\/repliquemangacine.fr\/de\/wp-json\/wp\/v2\/product\/26324","targetHints":{"allow":["GET"]}}],"collection":[{"href":"https:\/\/repliquemangacine.fr\/de\/wp-json\/wp\/v2\/product"}],"about":[{"href":"https:\/\/repliquemangacine.fr\/de\/wp-json\/wp\/v2\/types\/product"}],"wp:featuredmedia":[{"embeddable":true,"href":"https:\/\/repliquemangacine.fr\/de\/wp-json\/wp\/v2\/media\/26325"}],"wp:attachment":[{"href":"https:\/\/repliquemangacine.fr\/de\/wp-json\/wp\/v2\/media?parent=26324"}],"wp:term":[{"taxonomy":"product_brand","embeddable":true,"href":"https:\/\/repliquemangacine.fr\/de\/wp-json\/wp\/v2\/product_brand?post=26324"},{"taxonomy":"product_cat","embeddable":true,"href":"https:\/\/repliquemangacine.fr\/de\/wp-json\/wp\/v2\/product_cat?post=26324"},{"taxonomy":"product_tag","embeddable":true,"href":"https:\/\/repliquemangacine.fr\/de\/wp-json\/wp\/v2\/product_tag?post=26324"}],"curies":[{"name":"wp","href":"https:\/\/api.w.org\/{rel}","templated":true}]}}