





{"id":26293,"date":"2016-11-16T15:29:43","date_gmt":"2016-11-16T14:29:43","guid":{"rendered":"https:\/\/repliquemangacine.fr\/?post_type=product&#038;p=26293"},"modified":"2026-05-01T15:48:20","modified_gmt":"2026-05-01T13:48:20","slug":"browning-high-power-p35","status":"publish","type":"product","link":"https:\/\/repliquemangacine.fr\/de\/reproductions-armes-seconde-guerre-mondiale-denix\/browning-high-power-p35\/","title":{"rendered":"Browning High Power P35"},"content":{"rendered":"<h2>Browning High Power P35 Pistole - Denix<\/h2>\n<p>Zu Beginn die Pistole <strong>Browning High Power P35<\/strong>ist eines der besten Pistolenmodelle, die von der Fabrique Nationale (FN) in Herstal hergestellt wurden.<\/p>\n<p>Die Hi-Power ist das Ergebnis der Verbesserung eines Patents von John Moses Browning, das 1924 angemeldet wurde. John Browning konnte jedoch nicht mehr miterleben, wie seine Waffe in Produktion ging. Er starb am 26. November 1926 in L\u00fcttich.<\/p>\n<p>W\u00e4hrend des Zweiten Weltkriegs wird die Browning Hi-Power wahrscheinlich die einzige Waffe sein, die von beiden Seiten hergestellt wird. Die deutsche Armee verwendet sie n\u00e4mlich unter dem Namen P35(b). Au\u00dferdem scheinen die belgischen Arbeiter absichtlich schlecht gearbeitet zu haben, sodass die w\u00e4hrend der Besatzung produzierten P35(b) unzuverl\u00e4ssig waren.<\/p>\n<h2>Ihre Browning High Power P35 zum besten Preis.<\/h2>\n<p>Wir bieten Ihnen eine gro\u00dfe Auswahl an Reproduktionen historischer Waffen der Marke Denix.<\/p>\n<p>Zun\u00e4chst einmal,<\/p>\n<ul>\n<li>Die Nachbildung des legend\u00e4ren <a href=\"https:\/\/repliquemangacine.fr\/de\/darmsreproduktionen\/colt-m1911a1-von-1911\/\">Colt M1911A1<\/a> der US-Armee.<\/li>\n<li>Es gibt auch die Reproduktion des <a href=\"https:\/\/repliquemangacine.fr\/de\/darmsreproduktionen\/luger-p08-parabellum\/\">Luger P08 Parabellum<\/a> deutsche Seite.<\/li>\n<li>Sowie das <a href=\"https:\/\/repliquemangacine.fr\/de\/darmsreproduktionen\/revolver-webley-mk4-1923\/\">Revolver Webley MK4<\/a> von 1923 auf englischer Seite.<\/li>\n<li>Und viele andere, die es in unserem Online-Shop zu entdecken gibt!<\/li>\n<\/ul>\n<p>Deshalb ist dies eine tolle Geschenkidee f\u00fcr Sammler und Enthusiasten.<\/p>\n<p>Abschlie\u00dfend k\u00f6nnen Sie den <strong>Browning High Power P35<\/strong> f\u00fcr Ihre historischen Nachstellungen. Vor allem aber ist es ein Sammler- und Dekorationsobjekt.<\/p>\n<p>R\u00e9plique Manga Cin\u00e9 ist ein franz\u00f6sisches Familienunternehmen und offizieller Vertriebspartner der Marke <a href=\"https:\/\/www.denix.fr\/fr\/catalogue\/guerres-mondiales-1914-1945\/pistolets\/1235\/\" target=\"_blank\" rel=\"noopener noreferrer\">Denix<\/a>.<\/p>\n<h2>Wie werden Denix-Waffenrepliken hergestellt?<\/h2>\n<p>Werden in historischen Rekonstruktionen, Filmen und Serien sowie von Sammlern verwendet. Denix-Waffenreproduktionen, die aus hochwertigen Materialien hergestellt werden. Sorgf\u00e4ltig bearbeitet und zusammengesetzt, um realistische Sammlerwaffen zu schaffen.<\/p>\n<ul>\n<li>Die Metalle sind in einer Metalllegierung, die als Zamac bekannt ist und deren Grundzusammensetzung Zink in 95% ist.<\/li>\n<li>Die Kunststoffteile der Repliken aus geformtem ABS, das eine hohe Widerstandsf\u00e4higkeit bietet.<\/li>\n<li>Holz, das aufgrund seiner Sch\u00f6nheit und Haltbarkeit ausgew\u00e4hlt wird, wie z. B. Mahagoni, Olivenholz oder Walnuss, verleiht Ihren Sch\u00e4ften und F\u00e4ssern ein elegantes und authentisches Aussehen.<\/li>\n<\/ul>\n<p>Es ist zu betonen, dass alle Nachbildungen von Denix-Waffen mit den Originalen identisch sind, wie Ihr <strong>Browning High Power P35<\/strong>.<\/p>","protected":false},"excerpt":{"rendered":"<p>Nachbildung der Browning Hi-Power-Pistole von 1935.<\/p>\n<ul>\n<li>Geh\u00e4use ist aus Zamac.<\/li>\n<li>Schaftkappen aus ABS.<\/li>\n<li>Abnehmbares Ladeger\u00e4t.<\/li>\n<li>Kaliber 9 mm.<\/li>\n<li>Bewaffnet sich und rammt, aber <strong>v\u00f6llig untauglich f\u00fcr das Schie\u00dfen<\/strong>.<\/li>\n<li>Unterliegt keiner Genehmigungspflicht. Verkauf und Besitz frei<\/li>\n<li>Ma\u00dfe: 23 cm - Gewicht: 830 Gramm<\/li>\n<\/ul>","protected":false},"featured_media":26294,"template":"","meta":[],"product_brand":[896],"product_cat":[25,102,54,40,28,76],"product_tag":[],"class_list":{"0":"post-26293","1":"product","2":"type-product","3":"status-publish","4":"has-post-thumbnail","6":"product_brand-replique-manga-cine","7":"product_cat-armes-historiques","8":"product_cat-denix","9":"product_cat-armes-accessoires-guerre-mondiale","10":"product_cat-pistolet-moderne","11":"product_cat-repliques-darmes","12":"product_cat-reproductions-armes-seconde-guerre-mondiale-denix","14":"first","15":"instock","16":"sale","17":"taxable","18":"shipping-taxable","19":"purchasable","20":"product-type-simple"},"yoast_head":"<!-- This site is optimized with the Yoast SEO plugin v27.5 - https:\/\/yoast.com\/product\/yoast-seo-wordpress\/ -->\n<title>Browning High Power P35 - Denix | R\u00e9plique Manga Cin\u00e9<\/title>\n<meta name=\"description\" content=\"Commandez vite\u202f! Ce Browning High Power P35 au meilleur prix - Tout en m\u00e9tal - M\u00e9canisme fonctionnel - Inapte au tir - Chargeur amovible - Longueur : 23 cm\" \/>\n<meta name=\"robots\" content=\"index, follow, max-snippet:-1, max-image-preview:large, max-video-preview:-1\" \/>\n<link rel=\"canonical\" href=\"https:\/\/repliquemangacine.fr\/de\/waffenreproduktionen-zweiter-weltkrieg-denix\/browning-high-power-p35\/\" \/>\n<meta property=\"og:locale\" content=\"de_DE\" \/>\n<meta property=\"og:type\" content=\"article\" \/>\n<meta property=\"og:title\" content=\"Browning High Power P35 - Denix | R\u00e9plique Manga Cin\u00e9\" \/>\n<meta property=\"og:description\" content=\"Commandez vite\u202f! Ce Browning High Power P35 au meilleur prix - Tout en m\u00e9tal - M\u00e9canisme fonctionnel - Inapte au tir - Chargeur amovible - Longueur : 23 cm\" \/>\n<meta property=\"og:url\" content=\"https:\/\/repliquemangacine.fr\/de\/waffenreproduktionen-zweiter-weltkrieg-denix\/browning-high-power-p35\/\" \/>\n<meta property=\"og:site_name\" content=\"R\u00e9plique Manga Cin\u00e9\" \/>\n<meta property=\"article:publisher\" content=\"https:\/\/www.facebook.com\/RepliqueMangaCine\" \/>\n<meta property=\"article:modified_time\" content=\"2026-05-01T13:48:20+00:00\" \/>\n<meta property=\"og:image\" content=\"https:\/\/repliquemangacine.fr\/wp-content\/uploads\/2023\/10\/981-Replique-Pistolet-Browning-Hi-Power-GP35-Belgique-1935.jpg\" \/>\n\t<meta property=\"og:image:width\" content=\"800\" \/>\n\t<meta property=\"og:image:height\" content=\"800\" \/>\n\t<meta property=\"og:image:type\" content=\"image\/jpeg\" \/>\n<meta name=\"twitter:card\" content=\"summary_large_image\" \/>\n<meta name=\"twitter:label1\" content=\"Gesch\u00e4tzte Lesezeit\" \/>\n\t<meta name=\"twitter:data1\" content=\"3\u00a0Minuten\" \/>\n<script type=\"application\/ld+json\" class=\"yoast-schema-graph\">{\"@context\":\"https:\\\/\\\/schema.org\",\"@graph\":[{\"@type\":\"WebPage\",\"@id\":\"https:\\\/\\\/repliquemangacine.fr\\\/reproductions-armes-seconde-guerre-mondiale-denix\\\/browning-high-power-p35\\\/\",\"url\":\"https:\\\/\\\/repliquemangacine.fr\\\/reproductions-armes-seconde-guerre-mondiale-denix\\\/browning-high-power-p35\\\/\",\"name\":\"Browning High Power P35 - Denix | R\u00e9plique Manga Cin\u00e9\",\"isPartOf\":{\"@id\":\"https:\\\/\\\/repliquemangacine.fr\\\/#website\"},\"primaryImageOfPage\":{\"@id\":\"https:\\\/\\\/repliquemangacine.fr\\\/reproductions-armes-seconde-guerre-mondiale-denix\\\/browning-high-power-p35\\\/#primaryimage\"},\"image\":{\"@id\":\"https:\\\/\\\/repliquemangacine.fr\\\/reproductions-armes-seconde-guerre-mondiale-denix\\\/browning-high-power-p35\\\/#primaryimage\"},\"thumbnailUrl\":\"https:\\\/\\\/repliquemangacine.fr\\\/wp-content\\\/uploads\\\/2023\\\/10\\\/981-Replique-Pistolet-Browning-Hi-Power-GP35-Belgique-1935.jpg\",\"datePublished\":\"2016-11-16T14:29:43+00:00\",\"dateModified\":\"2026-05-01T13:48:20+00:00\",\"description\":\"Commandez vite\u202f! Ce Browning High Power P35 au meilleur prix - Tout en m\u00e9tal - M\u00e9canisme fonctionnel - Inapte au tir - Chargeur amovible - Longueur : 23 cm\",\"breadcrumb\":{\"@id\":\"https:\\\/\\\/repliquemangacine.fr\\\/reproductions-armes-seconde-guerre-mondiale-denix\\\/browning-high-power-p35\\\/#breadcrumb\"},\"inLanguage\":\"de\",\"potentialAction\":[{\"@type\":\"ReadAction\",\"target\":[\"https:\\\/\\\/repliquemangacine.fr\\\/reproductions-armes-seconde-guerre-mondiale-denix\\\/browning-high-power-p35\\\/\"]}]},{\"@type\":\"ImageObject\",\"inLanguage\":\"de\",\"@id\":\"https:\\\/\\\/repliquemangacine.fr\\\/reproductions-armes-seconde-guerre-mondiale-denix\\\/browning-high-power-p35\\\/#primaryimage\",\"url\":\"https:\\\/\\\/repliquemangacine.fr\\\/wp-content\\\/uploads\\\/2023\\\/10\\\/981-Replique-Pistolet-Browning-Hi-Power-GP35-Belgique-1935.jpg\",\"contentUrl\":\"https:\\\/\\\/repliquemangacine.fr\\\/wp-content\\\/uploads\\\/2023\\\/10\\\/981-Replique-Pistolet-Browning-Hi-Power-GP35-Belgique-1935.jpg\",\"width\":800,\"height\":800,\"caption\":\"R\u00e9plique Pistolet Browning Hi-Power GP35 - Belgique 1935\"},{\"@type\":\"BreadcrumbList\",\"@id\":\"https:\\\/\\\/repliquemangacine.fr\\\/reproductions-armes-seconde-guerre-mondiale-denix\\\/browning-high-power-p35\\\/#breadcrumb\",\"itemListElement\":[{\"@type\":\"ListItem\",\"position\":1,\"name\":\"Accueil\",\"item\":\"https:\\\/\\\/repliquemangacine.fr\\\/\"},{\"@type\":\"ListItem\",\"position\":2,\"name\":\"Produits\",\"item\":\"https:\\\/\\\/repliquemangacine.fr\\\/boutique\\\/\"},{\"@type\":\"ListItem\",\"position\":3,\"name\":\"Browning High Power P35\"}]},{\"@type\":\"WebSite\",\"@id\":\"https:\\\/\\\/repliquemangacine.fr\\\/#website\",\"url\":\"https:\\\/\\\/repliquemangacine.fr\\\/\",\"name\":\"R\u00e9plique Manga Cin\u00e9\",\"description\":\"\",\"publisher\":{\"@id\":\"https:\\\/\\\/repliquemangacine.fr\\\/#organization\"},\"potentialAction\":[{\"@type\":\"SearchAction\",\"target\":{\"@type\":\"EntryPoint\",\"urlTemplate\":\"https:\\\/\\\/repliquemangacine.fr\\\/?s={search_term_string}\"},\"query-input\":{\"@type\":\"PropertyValueSpecification\",\"valueRequired\":true,\"valueName\":\"search_term_string\"}}],\"inLanguage\":\"de\"},{\"@type\":\"Organization\",\"@id\":\"https:\\\/\\\/repliquemangacine.fr\\\/#organization\",\"name\":\"R\u00e9plique Manga Cin\u00e9\",\"url\":\"https:\\\/\\\/repliquemangacine.fr\\\/\",\"logo\":{\"@type\":\"ImageObject\",\"inLanguage\":\"de\",\"@id\":\"https:\\\/\\\/repliquemangacine.fr\\\/#\\\/schema\\\/logo\\\/image\\\/\",\"url\":\"https:\\\/\\\/repliquemangacine.fr\\\/wp-content\\\/uploads\\\/2023\\\/10\\\/RMC-500250.png\",\"contentUrl\":\"https:\\\/\\\/repliquemangacine.fr\\\/wp-content\\\/uploads\\\/2023\\\/10\\\/RMC-500250.png\",\"width\":500,\"height\":250,\"caption\":\"R\u00e9plique Manga Cin\u00e9\"},\"image\":{\"@id\":\"https:\\\/\\\/repliquemangacine.fr\\\/#\\\/schema\\\/logo\\\/image\\\/\"},\"sameAs\":[\"https:\\\/\\\/www.facebook.com\\\/RepliqueMangaCine\",\"https:\\\/\\\/www.instagram.com\\\/repliquemangacine.fr\\\/\"]}]}<\/script>\n<!-- \/ Yoast SEO plugin. -->","yoast_head_json":{"title":"Browning High Power P35 - Denix | R\u00e9plique Manga Cin\u00e9","description":"Bestellen Sie schnell! Diese Browning High Power P35 zum besten Preis - Ganz aus Metall - Funktioneller Mechanismus - Nicht schussbereit - Abnehmbares Magazin - L\u00e4nge: 23 cm","robots":{"index":"index","follow":"follow","max-snippet":"max-snippet:-1","max-image-preview":"max-image-preview:large","max-video-preview":"max-video-preview:-1"},"canonical":"https:\/\/repliquemangacine.fr\/de\/waffenreproduktionen-zweiter-weltkrieg-denix\/browning-high-power-p35\/","og_locale":"de_DE","og_type":"article","og_title":"Browning High Power P35 - Denix | R\u00e9plique Manga Cin\u00e9","og_description":"Commandez vite\u202f! Ce Browning High Power P35 au meilleur prix - Tout en m\u00e9tal - M\u00e9canisme fonctionnel - Inapte au tir - Chargeur amovible - Longueur : 23 cm","og_url":"https:\/\/repliquemangacine.fr\/de\/waffenreproduktionen-zweiter-weltkrieg-denix\/browning-high-power-p35\/","og_site_name":"R\u00e9plique Manga Cin\u00e9","article_publisher":"https:\/\/www.facebook.com\/RepliqueMangaCine","article_modified_time":"2026-05-01T13:48:20+00:00","og_image":[{"width":800,"height":800,"url":"https:\/\/repliquemangacine.fr\/wp-content\/uploads\/2023\/10\/981-Replique-Pistolet-Browning-Hi-Power-GP35-Belgique-1935.jpg","type":"image\/jpeg"}],"twitter_card":"summary_large_image","twitter_misc":{"Gesch\u00e4tzte Lesezeit":"3\u00a0Minuten"},"schema":{"@context":"https:\/\/schema.org","@graph":[{"@type":"WebPage","@id":"https:\/\/repliquemangacine.fr\/reproductions-armes-seconde-guerre-mondiale-denix\/browning-high-power-p35\/","url":"https:\/\/repliquemangacine.fr\/reproductions-armes-seconde-guerre-mondiale-denix\/browning-high-power-p35\/","name":"Browning High Power P35 - Denix | R\u00e9plique Manga Cin\u00e9","isPartOf":{"@id":"https:\/\/repliquemangacine.fr\/#website"},"primaryImageOfPage":{"@id":"https:\/\/repliquemangacine.fr\/reproductions-armes-seconde-guerre-mondiale-denix\/browning-high-power-p35\/#primaryimage"},"image":{"@id":"https:\/\/repliquemangacine.fr\/reproductions-armes-seconde-guerre-mondiale-denix\/browning-high-power-p35\/#primaryimage"},"thumbnailUrl":"https:\/\/repliquemangacine.fr\/wp-content\/uploads\/2023\/10\/981-Replique-Pistolet-Browning-Hi-Power-GP35-Belgique-1935.jpg","datePublished":"2016-11-16T14:29:43+00:00","dateModified":"2026-05-01T13:48:20+00:00","description":"Bestellen Sie schnell! Diese Browning High Power P35 zum besten Preis - Ganz aus Metall - Funktioneller Mechanismus - Nicht schussbereit - Abnehmbares Magazin - L\u00e4nge: 23 cm","breadcrumb":{"@id":"https:\/\/repliquemangacine.fr\/reproductions-armes-seconde-guerre-mondiale-denix\/browning-high-power-p35\/#breadcrumb"},"inLanguage":"de","potentialAction":[{"@type":"ReadAction","target":["https:\/\/repliquemangacine.fr\/reproductions-armes-seconde-guerre-mondiale-denix\/browning-high-power-p35\/"]}]},{"@type":"ImageObject","inLanguage":"de","@id":"https:\/\/repliquemangacine.fr\/reproductions-armes-seconde-guerre-mondiale-denix\/browning-high-power-p35\/#primaryimage","url":"https:\/\/repliquemangacine.fr\/wp-content\/uploads\/2023\/10\/981-Replique-Pistolet-Browning-Hi-Power-GP35-Belgique-1935.jpg","contentUrl":"https:\/\/repliquemangacine.fr\/wp-content\/uploads\/2023\/10\/981-Replique-Pistolet-Browning-Hi-Power-GP35-Belgique-1935.jpg","width":800,"height":800,"caption":"R\u00e9plique Pistolet Browning Hi-Power GP35 - Belgique 1935"},{"@type":"BreadcrumbList","@id":"https:\/\/repliquemangacine.fr\/reproductions-armes-seconde-guerre-mondiale-denix\/browning-high-power-p35\/#breadcrumb","itemListElement":[{"@type":"ListItem","position":1,"name":"Accueil","item":"https:\/\/repliquemangacine.fr\/"},{"@type":"ListItem","position":2,"name":"Produits","item":"https:\/\/repliquemangacine.fr\/boutique\/"},{"@type":"ListItem","position":3,"name":"Browning High Power P35"}]},{"@type":"WebSite","@id":"https:\/\/repliquemangacine.fr\/#website","url":"https:\/\/repliquemangacine.fr\/","name":"R\u00e9plique Manga Cin\u00e9","description":"","publisher":{"@id":"https:\/\/repliquemangacine.fr\/#organization"},"potentialAction":[{"@type":"SearchAction","target":{"@type":"EntryPoint","urlTemplate":"https:\/\/repliquemangacine.fr\/?s={search_term_string}"},"query-input":{"@type":"PropertyValueSpecification","valueRequired":true,"valueName":"search_term_string"}}],"inLanguage":"de"},{"@type":"Organization","@id":"https:\/\/repliquemangacine.fr\/#organization","name":"R\u00e9plique Manga Cin\u00e9","url":"https:\/\/repliquemangacine.fr\/","logo":{"@type":"ImageObject","inLanguage":"de","@id":"https:\/\/repliquemangacine.fr\/#\/schema\/logo\/image\/","url":"https:\/\/repliquemangacine.fr\/wp-content\/uploads\/2023\/10\/RMC-500250.png","contentUrl":"https:\/\/repliquemangacine.fr\/wp-content\/uploads\/2023\/10\/RMC-500250.png","width":500,"height":250,"caption":"R\u00e9plique Manga Cin\u00e9"},"image":{"@id":"https:\/\/repliquemangacine.fr\/#\/schema\/logo\/image\/"},"sameAs":["https:\/\/www.facebook.com\/RepliqueMangaCine","https:\/\/www.instagram.com\/repliquemangacine.fr\/"]}]}},"_links":{"self":[{"href":"https:\/\/repliquemangacine.fr\/de\/wp-json\/wp\/v2\/product\/26293","targetHints":{"allow":["GET"]}}],"collection":[{"href":"https:\/\/repliquemangacine.fr\/de\/wp-json\/wp\/v2\/product"}],"about":[{"href":"https:\/\/repliquemangacine.fr\/de\/wp-json\/wp\/v2\/types\/product"}],"wp:featuredmedia":[{"embeddable":true,"href":"https:\/\/repliquemangacine.fr\/de\/wp-json\/wp\/v2\/media\/26294"}],"wp:attachment":[{"href":"https:\/\/repliquemangacine.fr\/de\/wp-json\/wp\/v2\/media?parent=26293"}],"wp:term":[{"taxonomy":"product_brand","embeddable":true,"href":"https:\/\/repliquemangacine.fr\/de\/wp-json\/wp\/v2\/product_brand?post=26293"},{"taxonomy":"product_cat","embeddable":true,"href":"https:\/\/repliquemangacine.fr\/de\/wp-json\/wp\/v2\/product_cat?post=26293"},{"taxonomy":"product_tag","embeddable":true,"href":"https:\/\/repliquemangacine.fr\/de\/wp-json\/wp\/v2\/product_tag?post=26293"}],"curies":[{"name":"wp","href":"https:\/\/api.w.org\/{rel}","templated":true}]}}