





{"id":26288,"date":"2016-11-16T13:45:54","date_gmt":"2016-11-16T12:45:54","guid":{"rendered":"https:\/\/repliquemangacine.fr\/?post_type=product&#038;p=26288"},"modified":"2026-02-06T15:12:12","modified_gmt":"2026-02-06T14:12:12","slug":"walther-ppk-7-65","status":"publish","type":"product","link":"https:\/\/repliquemangacine.fr\/de\/reproductions-armes-seconde-guerre-mondiale-denix\/walther-ppk-7-65\/","title":{"rendered":"Walther PPK 7.65"},"content":{"rendered":"<h2>Pistole Walther PPK 7.65 - Denix<\/h2>\n<p>Zu Beginn wird der <strong>Walther PPK 7.65<\/strong> von 1931 ist die bevorzugte Waffe der meisten deutschen Offiziere im 2\u1d49 Weltkrieg.<\/p>\n<p>Die Walther PP (Polizei Pistole) ist eine halbautomatische, r\u00fccksto\u00dfgeladene, doppelwirkende Schlo\u00dfpistole. Sie wurde 1929 von der Waffenfabrik Carl Walther GmbH in Produktion gegeben. Die meisten dieser Waffen waren mit 7,65 mm Browning gekammert.<\/p>\n<p>Adolf Hitler soll sich in seinem Berliner Bunker mit seiner PPK das Leben genommen haben.<\/p>\n<p>In seiner PPK-Version wurde er von der Figur des James Bond unsterblich gemacht. So taucht er in den Filmen James Bond 007 gegen Dr. No bis Morgen stirbt nie sowie in den meisten Filmen des 2.<\/p>\n<h2>Ihre Walther PPK 7.65 Pistole zum besten Preis.<\/h2>\n<p>Wir bieten Ihnen eine gro\u00dfe Auswahl an Reproduktionen historischer Waffen der Marke Denix.<\/p>\n<p>Zun\u00e4chst einmal,<\/p>\n<ul>\n<li>Die Replik des <a href=\"https:\/\/repliquemangacine.fr\/de\/darmsreproduktionen\/parabellum-luger-p08-schaft-holz\/\">Luger Parabellum P08<\/a> in verschiedenen Versionen.<\/li>\n<li>Es gibt auch den <a href=\"https:\/\/repliquemangacine.fr\/de\/darmsreproduktionen\/colt-m1911a1-von-1911\/\">Colt M1911A1<\/a> mit seinem geriffelten Holzgriff.<\/li>\n<li>Sowie die Wiedergabe des <a href=\"https:\/\/repliquemangacine.fr\/de\/darmsreproduktionen\/pistolet-mitrailleur-m3-grease-gun-usa-1942\/\">M3-Maschinengewehr, auch Grease Gun genannt<\/a>.<\/li>\n<li>Und viele andere, die es in unserem Online-Shop zu entdecken gibt!<\/li>\n<\/ul>\n<p>Deshalb gibt es hier tolle Geschenkideen f\u00fcr alle Geschichtsinteressierten und vor allem, um unsere Helden nicht zu vergessen.<\/p>\n<p>Abschlie\u00dfend k\u00f6nnen Sie den <strong>Walther PPK 7.65<\/strong> Denix f\u00fcr Ihre historischen Rekonstruktionen. Vor allem aber ist diese Reproduktion eine Sammlerwaffe.<\/p>\n<p>R\u00e9plique Manga Cin\u00e9 ist ein franz\u00f6sisches Familienunternehmen und offizieller Vertriebspartner der Marke <a href=\"https:\/\/www.denix.fr\/fr\/catalogue\/guerres-mondiales-1914-1945\/pistolets\/1277-nq\/\" target=\"_blank\" rel=\"noopener noreferrer\">Denix<\/a>.<\/p>\n<h2>Wie werden Denix-Waffenrepliken hergestellt?<\/h2>\n<p>Werden in historischen Rekonstruktionen, Filmen und Serien sowie von Sammlern verwendet. Denix-Waffenreproduktionen, die aus hochwertigen Materialien hergestellt werden. Sorgf\u00e4ltig bearbeitet und zusammengesetzt, um realistische Sammlerwaffen zu schaffen.<\/p>\n<ul>\n<li>Die Metalle sind in einer Metalllegierung, die als Zamac bekannt ist und deren Grundzusammensetzung Zink in 95% ist.<\/li>\n<li>Die Kunststoffteile der Repliken aus geformtem ABS, das eine hohe Widerstandsf\u00e4higkeit bietet.<\/li>\n<li>Holz, das aufgrund seiner Sch\u00f6nheit und Haltbarkeit ausgew\u00e4hlt wird, wie z. B. Mahagoni, Olivenholz oder Walnuss, verleiht Ihren Sch\u00e4ften und F\u00e4ssern ein elegantes und authentisches Aussehen.<\/li>\n<\/ul>\n<p>Es ist zu betonen, dass alle Nachbildungen von Denix-Waffen mit den Originalen identisch sind, wie Ihr <strong>Walther PPK 7.65<\/strong>.<\/p>","protected":false},"excerpt":{"rendered":"<p>Walther PPK-Pistole von 1931.<\/p>\n<ul>\n<li>Geh\u00e4use ist aus vernickeltem Zamak.<\/li>\n<li>Schaftkappe aus ABS.<\/li>\n<li>Abnehmbares Ladeger\u00e4t.<\/li>\n<li>Kaliber 7.65.<\/li>\n<li>Bewaffnet sich und schl\u00e4gt total ein<strong> untauglich f\u00fcr Schie\u00dfen<\/strong>.<\/li>\n<li>Unterliegt keiner Genehmigungspflicht. Verkauf und Besitz frei<\/li>\n<li>Ma\u00dfe: 18 cm - Gewicht: 590 Gramm<\/li>\n<\/ul>","protected":false},"featured_media":26289,"template":"","meta":[],"product_brand":[896],"product_cat":[25,102,54,40,28,76],"product_tag":[],"class_list":{"0":"post-26288","1":"product","2":"type-product","3":"status-publish","4":"has-post-thumbnail","6":"product_brand-replique-manga-cine","7":"product_cat-armes-historiques","8":"product_cat-denix","9":"product_cat-armes-accessoires-guerre-mondiale","10":"product_cat-pistolet-moderne","11":"product_cat-repliques-darmes","12":"product_cat-reproductions-armes-seconde-guerre-mondiale-denix","14":"first","15":"instock","16":"sale","17":"taxable","18":"shipping-taxable","19":"purchasable","20":"product-type-simple"},"yoast_head":"<!-- This site is optimized with the Yoast SEO plugin v27.5 - https:\/\/yoast.com\/product\/yoast-seo-wordpress\/ -->\n<title>Walther PPK 7.65 1931 - Boutique en ligne | R\u00e9plique Manga Cin\u00e9<\/title>\n<meta name=\"description\" content=\"Offre-lui ! Le pistolet Walther PPK 7.65 au meilleur prix - Tout en m\u00e9tal - M\u00e9canisme fonctionnel - Inapte au tir - Chargeur amovible - Longueur : 18 cm\" \/>\n<meta name=\"robots\" content=\"index, follow, max-snippet:-1, max-image-preview:large, max-video-preview:-1\" \/>\n<link rel=\"canonical\" href=\"https:\/\/repliquemangacine.fr\/de\/denix\/walther-ppk-7-65\/\" \/>\n<meta property=\"og:locale\" content=\"de_DE\" \/>\n<meta property=\"og:type\" content=\"article\" \/>\n<meta property=\"og:title\" content=\"Walther PPK 7.65 1931 - Boutique en ligne | R\u00e9plique Manga Cin\u00e9\" \/>\n<meta property=\"og:description\" content=\"Offre-lui ! Le pistolet Walther PPK 7.65 au meilleur prix - Tout en m\u00e9tal - M\u00e9canisme fonctionnel - Inapte au tir - Chargeur amovible - Longueur : 18 cm\" \/>\n<meta property=\"og:url\" content=\"https:\/\/repliquemangacine.fr\/de\/denix\/walther-ppk-7-65\/\" \/>\n<meta property=\"og:site_name\" content=\"R\u00e9plique Manga Cin\u00e9\" \/>\n<meta property=\"article:publisher\" content=\"https:\/\/www.facebook.com\/RepliqueMangaCine\" \/>\n<meta property=\"article:modified_time\" content=\"2026-02-06T14:12:12+00:00\" \/>\n<meta property=\"og:image\" content=\"https:\/\/repliquemangacine.fr\/wp-content\/uploads\/2023\/10\/977-Replique-Pistolet-Walther-PPK-Calibre-7.65-nickele.jpg\" \/>\n\t<meta property=\"og:image:width\" content=\"800\" \/>\n\t<meta property=\"og:image:height\" content=\"800\" \/>\n\t<meta property=\"og:image:type\" content=\"image\/jpeg\" \/>\n<meta name=\"twitter:card\" content=\"summary_large_image\" \/>\n<meta name=\"twitter:label1\" content=\"Gesch\u00e4tzte Lesezeit\" \/>\n\t<meta name=\"twitter:data1\" content=\"1\u00a0Minute\" \/>\n<script type=\"application\/ld+json\" class=\"yoast-schema-graph\">{\"@context\":\"https:\\\/\\\/schema.org\",\"@graph\":[{\"@type\":\"WebPage\",\"@id\":\"https:\\\/\\\/repliquemangacine.fr\\\/denix\\\/walther-ppk-7-65\\\/\",\"url\":\"https:\\\/\\\/repliquemangacine.fr\\\/denix\\\/walther-ppk-7-65\\\/\",\"name\":\"Walther PPK 7.65 1931 - Boutique en ligne | R\u00e9plique Manga Cin\u00e9\",\"isPartOf\":{\"@id\":\"https:\\\/\\\/repliquemangacine.fr\\\/#website\"},\"primaryImageOfPage\":{\"@id\":\"https:\\\/\\\/repliquemangacine.fr\\\/denix\\\/walther-ppk-7-65\\\/#primaryimage\"},\"image\":{\"@id\":\"https:\\\/\\\/repliquemangacine.fr\\\/denix\\\/walther-ppk-7-65\\\/#primaryimage\"},\"thumbnailUrl\":\"https:\\\/\\\/repliquemangacine.fr\\\/wp-content\\\/uploads\\\/2023\\\/10\\\/977-Replique-Pistolet-Walther-PPK-Calibre-7.65-nickele.jpg\",\"datePublished\":\"2016-11-16T12:45:54+00:00\",\"dateModified\":\"2026-02-06T14:12:12+00:00\",\"description\":\"Offre-lui ! Le pistolet Walther PPK 7.65 au meilleur prix - Tout en m\u00e9tal - M\u00e9canisme fonctionnel - Inapte au tir - Chargeur amovible - Longueur : 18 cm\",\"breadcrumb\":{\"@id\":\"https:\\\/\\\/repliquemangacine.fr\\\/denix\\\/walther-ppk-7-65\\\/#breadcrumb\"},\"inLanguage\":\"de\",\"potentialAction\":[{\"@type\":\"ReadAction\",\"target\":[\"https:\\\/\\\/repliquemangacine.fr\\\/denix\\\/walther-ppk-7-65\\\/\"]}]},{\"@type\":\"ImageObject\",\"inLanguage\":\"de\",\"@id\":\"https:\\\/\\\/repliquemangacine.fr\\\/denix\\\/walther-ppk-7-65\\\/#primaryimage\",\"url\":\"https:\\\/\\\/repliquemangacine.fr\\\/wp-content\\\/uploads\\\/2023\\\/10\\\/977-Replique-Pistolet-Walther-PPK-Calibre-7.65-nickele.jpg\",\"contentUrl\":\"https:\\\/\\\/repliquemangacine.fr\\\/wp-content\\\/uploads\\\/2023\\\/10\\\/977-Replique-Pistolet-Walther-PPK-Calibre-7.65-nickele.jpg\",\"width\":800,\"height\":800,\"caption\":\"R\u00e9plique Pistolet Walther PPK - Calibre 7.65 nickel\u00e9\"},{\"@type\":\"BreadcrumbList\",\"@id\":\"https:\\\/\\\/repliquemangacine.fr\\\/denix\\\/walther-ppk-7-65\\\/#breadcrumb\",\"itemListElement\":[{\"@type\":\"ListItem\",\"position\":1,\"name\":\"Accueil\",\"item\":\"https:\\\/\\\/repliquemangacine.fr\\\/\"},{\"@type\":\"ListItem\",\"position\":2,\"name\":\"Produits\",\"item\":\"https:\\\/\\\/repliquemangacine.fr\\\/boutique\\\/\"},{\"@type\":\"ListItem\",\"position\":3,\"name\":\"Walther PPK 7.65\"}]},{\"@type\":\"WebSite\",\"@id\":\"https:\\\/\\\/repliquemangacine.fr\\\/#website\",\"url\":\"https:\\\/\\\/repliquemangacine.fr\\\/\",\"name\":\"R\u00e9plique Manga Cin\u00e9\",\"description\":\"\",\"publisher\":{\"@id\":\"https:\\\/\\\/repliquemangacine.fr\\\/#organization\"},\"potentialAction\":[{\"@type\":\"SearchAction\",\"target\":{\"@type\":\"EntryPoint\",\"urlTemplate\":\"https:\\\/\\\/repliquemangacine.fr\\\/?s={search_term_string}\"},\"query-input\":{\"@type\":\"PropertyValueSpecification\",\"valueRequired\":true,\"valueName\":\"search_term_string\"}}],\"inLanguage\":\"de\"},{\"@type\":\"Organization\",\"@id\":\"https:\\\/\\\/repliquemangacine.fr\\\/#organization\",\"name\":\"R\u00e9plique Manga Cin\u00e9\",\"url\":\"https:\\\/\\\/repliquemangacine.fr\\\/\",\"logo\":{\"@type\":\"ImageObject\",\"inLanguage\":\"de\",\"@id\":\"https:\\\/\\\/repliquemangacine.fr\\\/#\\\/schema\\\/logo\\\/image\\\/\",\"url\":\"https:\\\/\\\/repliquemangacine.fr\\\/wp-content\\\/uploads\\\/2023\\\/10\\\/RMC-500250.png\",\"contentUrl\":\"https:\\\/\\\/repliquemangacine.fr\\\/wp-content\\\/uploads\\\/2023\\\/10\\\/RMC-500250.png\",\"width\":500,\"height\":250,\"caption\":\"R\u00e9plique Manga Cin\u00e9\"},\"image\":{\"@id\":\"https:\\\/\\\/repliquemangacine.fr\\\/#\\\/schema\\\/logo\\\/image\\\/\"},\"sameAs\":[\"https:\\\/\\\/www.facebook.com\\\/RepliqueMangaCine\",\"https:\\\/\\\/www.instagram.com\\\/repliquemangacine.fr\\\/\"]}]}<\/script>\n<!-- \/ Yoast SEO plugin. -->","yoast_head_json":{"title":"Walther PPK 7.65 1931 - Online-Shop | R\u00e9plique Manga Cin\u00e9","description":"Biete sie ihm an! Die Walther PPK 7.65 Pistole zum besten Preis - Ganz aus Metall - Funktionaler Mechanismus - Nicht schussf\u00e4hig - Abnehmbares Magazin - L\u00e4nge: 18 cm","robots":{"index":"index","follow":"follow","max-snippet":"max-snippet:-1","max-image-preview":"max-image-preview:large","max-video-preview":"max-video-preview:-1"},"canonical":"https:\/\/repliquemangacine.fr\/de\/denix\/walther-ppk-7-65\/","og_locale":"de_DE","og_type":"article","og_title":"Walther PPK 7.65 1931 - Boutique en ligne | R\u00e9plique Manga Cin\u00e9","og_description":"Offre-lui ! Le pistolet Walther PPK 7.65 au meilleur prix - Tout en m\u00e9tal - M\u00e9canisme fonctionnel - Inapte au tir - Chargeur amovible - Longueur : 18 cm","og_url":"https:\/\/repliquemangacine.fr\/de\/denix\/walther-ppk-7-65\/","og_site_name":"R\u00e9plique Manga Cin\u00e9","article_publisher":"https:\/\/www.facebook.com\/RepliqueMangaCine","article_modified_time":"2026-02-06T14:12:12+00:00","og_image":[{"width":800,"height":800,"url":"https:\/\/repliquemangacine.fr\/wp-content\/uploads\/2023\/10\/977-Replique-Pistolet-Walther-PPK-Calibre-7.65-nickele.jpg","type":"image\/jpeg"}],"twitter_card":"summary_large_image","twitter_misc":{"Gesch\u00e4tzte Lesezeit":"1\u00a0Minute"},"schema":{"@context":"https:\/\/schema.org","@graph":[{"@type":"WebPage","@id":"https:\/\/repliquemangacine.fr\/denix\/walther-ppk-7-65\/","url":"https:\/\/repliquemangacine.fr\/denix\/walther-ppk-7-65\/","name":"Walther PPK 7.65 1931 - Online-Shop | R\u00e9plique Manga Cin\u00e9","isPartOf":{"@id":"https:\/\/repliquemangacine.fr\/#website"},"primaryImageOfPage":{"@id":"https:\/\/repliquemangacine.fr\/denix\/walther-ppk-7-65\/#primaryimage"},"image":{"@id":"https:\/\/repliquemangacine.fr\/denix\/walther-ppk-7-65\/#primaryimage"},"thumbnailUrl":"https:\/\/repliquemangacine.fr\/wp-content\/uploads\/2023\/10\/977-Replique-Pistolet-Walther-PPK-Calibre-7.65-nickele.jpg","datePublished":"2016-11-16T12:45:54+00:00","dateModified":"2026-02-06T14:12:12+00:00","description":"Biete sie ihm an! Die Walther PPK 7.65 Pistole zum besten Preis - Ganz aus Metall - Funktionaler Mechanismus - Nicht schussf\u00e4hig - Abnehmbares Magazin - L\u00e4nge: 18 cm","breadcrumb":{"@id":"https:\/\/repliquemangacine.fr\/denix\/walther-ppk-7-65\/#breadcrumb"},"inLanguage":"de","potentialAction":[{"@type":"ReadAction","target":["https:\/\/repliquemangacine.fr\/denix\/walther-ppk-7-65\/"]}]},{"@type":"ImageObject","inLanguage":"de","@id":"https:\/\/repliquemangacine.fr\/denix\/walther-ppk-7-65\/#primaryimage","url":"https:\/\/repliquemangacine.fr\/wp-content\/uploads\/2023\/10\/977-Replique-Pistolet-Walther-PPK-Calibre-7.65-nickele.jpg","contentUrl":"https:\/\/repliquemangacine.fr\/wp-content\/uploads\/2023\/10\/977-Replique-Pistolet-Walther-PPK-Calibre-7.65-nickele.jpg","width":800,"height":800,"caption":"R\u00e9plique Pistolet Walther PPK - Calibre 7.65 nickel\u00e9"},{"@type":"BreadcrumbList","@id":"https:\/\/repliquemangacine.fr\/denix\/walther-ppk-7-65\/#breadcrumb","itemListElement":[{"@type":"ListItem","position":1,"name":"Accueil","item":"https:\/\/repliquemangacine.fr\/"},{"@type":"ListItem","position":2,"name":"Produits","item":"https:\/\/repliquemangacine.fr\/boutique\/"},{"@type":"ListItem","position":3,"name":"Walther PPK 7.65"}]},{"@type":"WebSite","@id":"https:\/\/repliquemangacine.fr\/#website","url":"https:\/\/repliquemangacine.fr\/","name":"R\u00e9plique Manga Cin\u00e9","description":"","publisher":{"@id":"https:\/\/repliquemangacine.fr\/#organization"},"potentialAction":[{"@type":"SearchAction","target":{"@type":"EntryPoint","urlTemplate":"https:\/\/repliquemangacine.fr\/?s={search_term_string}"},"query-input":{"@type":"PropertyValueSpecification","valueRequired":true,"valueName":"search_term_string"}}],"inLanguage":"de"},{"@type":"Organization","@id":"https:\/\/repliquemangacine.fr\/#organization","name":"R\u00e9plique Manga Cin\u00e9","url":"https:\/\/repliquemangacine.fr\/","logo":{"@type":"ImageObject","inLanguage":"de","@id":"https:\/\/repliquemangacine.fr\/#\/schema\/logo\/image\/","url":"https:\/\/repliquemangacine.fr\/wp-content\/uploads\/2023\/10\/RMC-500250.png","contentUrl":"https:\/\/repliquemangacine.fr\/wp-content\/uploads\/2023\/10\/RMC-500250.png","width":500,"height":250,"caption":"R\u00e9plique Manga Cin\u00e9"},"image":{"@id":"https:\/\/repliquemangacine.fr\/#\/schema\/logo\/image\/"},"sameAs":["https:\/\/www.facebook.com\/RepliqueMangaCine","https:\/\/www.instagram.com\/repliquemangacine.fr\/"]}]}},"_links":{"self":[{"href":"https:\/\/repliquemangacine.fr\/de\/wp-json\/wp\/v2\/product\/26288","targetHints":{"allow":["GET"]}}],"collection":[{"href":"https:\/\/repliquemangacine.fr\/de\/wp-json\/wp\/v2\/product"}],"about":[{"href":"https:\/\/repliquemangacine.fr\/de\/wp-json\/wp\/v2\/types\/product"}],"wp:featuredmedia":[{"embeddable":true,"href":"https:\/\/repliquemangacine.fr\/de\/wp-json\/wp\/v2\/media\/26289"}],"wp:attachment":[{"href":"https:\/\/repliquemangacine.fr\/de\/wp-json\/wp\/v2\/media?parent=26288"}],"wp:term":[{"taxonomy":"product_brand","embeddable":true,"href":"https:\/\/repliquemangacine.fr\/de\/wp-json\/wp\/v2\/product_brand?post=26288"},{"taxonomy":"product_cat","embeddable":true,"href":"https:\/\/repliquemangacine.fr\/de\/wp-json\/wp\/v2\/product_cat?post=26288"},{"taxonomy":"product_tag","embeddable":true,"href":"https:\/\/repliquemangacine.fr\/de\/wp-json\/wp\/v2\/product_tag?post=26288"}],"curies":[{"name":"wp","href":"https:\/\/api.w.org\/{rel}","templated":true}]}}