





{"id":26282,"date":"2016-11-16T11:38:51","date_gmt":"2016-11-16T10:38:51","guid":{"rendered":"https:\/\/repliquemangacine.fr\/?post_type=product&#038;p=26282"},"modified":"2026-04-20T17:53:55","modified_gmt":"2026-04-20T15:53:55","slug":"walther-ppk-7-65-denix","status":"publish","type":"product","link":"https:\/\/repliquemangacine.fr\/de\/reproductions-armes-seconde-guerre-mondiale-denix\/walther-ppk-7-65-denix\/","title":{"rendered":"Walther PPK 7.65 Denix"},"content":{"rendered":"<h2>Walther-Pistole PPK 7.65 Denix 1931.<\/h2>\n<p>Zu Beginn wird der <strong>Walther PPK 7.65<\/strong> <strong>Denix<\/strong> von 1931 ist die bevorzugte Waffe der meisten deutschen Offiziere im 2\u1d49 Weltkrieg.<\/p>\n<p>Die Walther PP (Polizei Pistole) ist eine halbautomatische, r\u00fccksto\u00dfgeladene, doppelwirkende Schlo\u00dfpistole. Sie wurde 1929 von der Waffenfabrik Carl Walther GmbH in Produktion gegeben. Die meisten dieser Waffen waren mit 7,65 mm Browning gekammert.<\/p>\n<p>Adolf Hitler soll sich mit seiner PPK in seinem F\u00fchrerbunker in Berlin selbst get\u00f6tet haben.<\/p>\n<p>In seiner PPK-Version wurde er von der Figur des James Bond unsterblich gemacht. So taucht er in den Filmen James Bond 007 gegen Dr. No bis Morgen stirbt nie sowie in den meisten Filmen des 2.<\/p>\n<h2>Ihre Walther PPK 7.65 Denix zum besten Preis.<\/h2>\n<p>Wir bieten Ihnen eine gro\u00dfe Auswahl an Reproduktionen historischer Waffen der Marke Denix.<\/p>\n<p>Zun\u00e4chst einmal,<\/p>\n<ul>\n<li>Die Nachbildung der Maschinenpistole <a href=\"https:\/\/repliquemangacine.fr\/de\/darmsreproduktionen\/pistolet-mitrailleur-sten-mark-ii\/\">Sten Mark 2<\/a>.<\/li>\n<li>Es gibt auch die halbautomatische Pistole, den <a href=\"https:\/\/repliquemangacine.fr\/de\/darmsreproduktionen\/pistolet-mauser-c96-germany-1896\/\">Mauser C96<\/a> von 1896.<\/li>\n<li>Sowie die Wiedergabe der <a href=\"https:\/\/repliquemangacine.fr\/de\/weltkrieg\/replika-maschinengewehr-mg34-mit-stativen-denix\/\">Maschinengewehr MG34<\/a> mit seinem Zweibein.<\/li>\n<li>Und viele andere, die es in unserem Online-Shop zu entdecken gibt!<\/li>\n<\/ul>\n<p>Deshalb gibt es hier tolle Geschenkideen f\u00fcr alle Geschichtsinteressierten und vor allem, um unsere Helden nicht zu vergessen.<\/p>\n<p>Abschlie\u00dfend k\u00f6nnen Sie den <strong>Walther PPK 7.65 Denix<\/strong> f\u00fcr Ihre historischen Rekonstruktionen. Vor allem aber ist diese Reproduktion eine Sammlerwaffe.<\/p>\n<p>R\u00e9plique Manga Cin\u00e9 ist ein franz\u00f6sisches Familienunternehmen und offizieller Vertriebspartner der Marke <a href=\"https:\/\/www.denix.fr\/fr\/catalogue\/guerres-mondiales-1914-1945\/pistolets\/1277\/\" target=\"_blank\" rel=\"noopener noreferrer\">Denix<\/a>.<\/p>\n<h2>Wie werden Denix-Waffenrepliken hergestellt?<\/h2>\n<p>Werden in historischen Rekonstruktionen, Filmen und Serien sowie von Sammlern verwendet. Denix-Waffenreproduktionen, die aus hochwertigen Materialien hergestellt werden. Sorgf\u00e4ltig bearbeitet und zusammengesetzt, um realistische Sammlerwaffen zu schaffen.<\/p>\n<ul>\n<li>Die Metalle sind in einer Metalllegierung, die als Zamac bekannt ist und deren Grundzusammensetzung Zink in 95% ist.<\/li>\n<li>Die Kunststoffteile der Repliken aus geformtem ABS, das eine hohe Widerstandsf\u00e4higkeit bietet.<\/li>\n<li>Holz, das aufgrund seiner Sch\u00f6nheit und Haltbarkeit ausgew\u00e4hlt wird, wie z. B. Mahagoni, Olivenholz oder Walnuss, verleiht Ihren Sch\u00e4ften und F\u00e4ssern ein elegantes und authentisches Aussehen.<\/li>\n<\/ul>\n<p>Es ist zu betonen, dass alle Nachbildungen von Denix-Waffen mit den Originalen identisch sind, wie Ihr <strong>Walther PPK 7.65 Denix<\/strong>.<\/p>","protected":false},"excerpt":{"rendered":"<p>Mit dem Original identisch. Diese Reproduktion der Walther PPK-Pistole von 1931.<\/p>\n<ul>\n<li>Geh\u00e4use ist aus Zamac.<\/li>\n<li>Schaftkappen aus ABS.<\/li>\n<li>Abnehmbares Ladeger\u00e4t.<\/li>\n<li>Kaliber 7.65.<\/li>\n<li>Bewaffnet sich und rammt, aber <strong>v\u00f6llig untauglich f\u00fcr das Schie\u00dfen<\/strong>.<\/li>\n<li>Unterliegt keiner Genehmigungspflicht. Verkauf und Besitz frei<\/li>\n<li>Ma\u00dfe: 18 cm - Gewicht: 590 Gramm<\/li>\n<\/ul>","protected":false},"featured_media":26283,"template":"","meta":[],"product_brand":[896],"product_cat":[25,102,54,40,28,76],"product_tag":[],"class_list":{"0":"post-26282","1":"product","2":"type-product","3":"status-publish","4":"has-post-thumbnail","6":"product_brand-replique-manga-cine","7":"product_cat-armes-historiques","8":"product_cat-denix","9":"product_cat-armes-accessoires-guerre-mondiale","10":"product_cat-pistolet-moderne","11":"product_cat-repliques-darmes","12":"product_cat-reproductions-armes-seconde-guerre-mondiale-denix","14":"first","15":"instock","16":"sale","17":"taxable","18":"shipping-taxable","19":"purchasable","20":"product-type-simple"},"yoast_head":"<!-- This site is optimized with the Yoast SEO plugin v27.5 - https:\/\/yoast.com\/product\/yoast-seo-wordpress\/ -->\n<title>Walther PPK 7.65 Denix - Boutique en ligne | R\u00e9plique Manga Cin\u00e9<\/title>\n<meta name=\"description\" content=\"D\u00e9couvrez le Walther PPK 7.65 Denix au meilleur prix - Tout en m\u00e9tal - M\u00e9canisme fonctionnel - Inapte au tir - Chargeur amovible - Longueur : 18 cm\" \/>\n<meta name=\"robots\" content=\"index, follow, max-snippet:-1, max-image-preview:large, max-video-preview:-1\" \/>\n<link rel=\"canonical\" href=\"https:\/\/repliquemangacine.fr\/de\/waffenreproduktionen-zweiter-weltkrieg-denix\/walther-ppk-7-65-denix\/\" \/>\n<meta property=\"og:locale\" content=\"de_DE\" \/>\n<meta property=\"og:type\" content=\"article\" \/>\n<meta property=\"og:title\" content=\"Walther PPK 7.65 Denix - Boutique en ligne | R\u00e9plique Manga Cin\u00e9\" \/>\n<meta property=\"og:description\" content=\"D\u00e9couvrez le Walther PPK 7.65 Denix au meilleur prix - Tout en m\u00e9tal - M\u00e9canisme fonctionnel - Inapte au tir - Chargeur amovible - Longueur : 18 cm\" \/>\n<meta property=\"og:url\" content=\"https:\/\/repliquemangacine.fr\/de\/waffenreproduktionen-zweiter-weltkrieg-denix\/walther-ppk-7-65-denix\/\" \/>\n<meta property=\"og:site_name\" content=\"R\u00e9plique Manga Cin\u00e9\" \/>\n<meta property=\"article:publisher\" content=\"https:\/\/www.facebook.com\/RepliqueMangaCine\" \/>\n<meta property=\"article:modified_time\" content=\"2026-04-20T15:53:55+00:00\" \/>\n<meta property=\"og:image\" content=\"https:\/\/repliquemangacine.fr\/wp-content\/uploads\/2023\/10\/972-Replique-Pistolet-Walther-PPK-Calibre-7.65.jpg\" \/>\n\t<meta property=\"og:image:width\" content=\"800\" \/>\n\t<meta property=\"og:image:height\" content=\"800\" \/>\n\t<meta property=\"og:image:type\" content=\"image\/jpeg\" \/>\n<meta name=\"twitter:card\" content=\"summary_large_image\" \/>\n<meta name=\"twitter:label1\" content=\"Gesch\u00e4tzte Lesezeit\" \/>\n\t<meta name=\"twitter:data1\" content=\"2\u00a0Minuten\" \/>\n<script type=\"application\/ld+json\" class=\"yoast-schema-graph\">{\"@context\":\"https:\\\/\\\/schema.org\",\"@graph\":[{\"@type\":\"WebPage\",\"@id\":\"https:\\\/\\\/repliquemangacine.fr\\\/reproductions-armes-seconde-guerre-mondiale-denix\\\/walther-ppk-7-65-denix\\\/\",\"url\":\"https:\\\/\\\/repliquemangacine.fr\\\/reproductions-armes-seconde-guerre-mondiale-denix\\\/walther-ppk-7-65-denix\\\/\",\"name\":\"Walther PPK 7.65 Denix - Boutique en ligne | R\u00e9plique Manga Cin\u00e9\",\"isPartOf\":{\"@id\":\"https:\\\/\\\/repliquemangacine.fr\\\/#website\"},\"primaryImageOfPage\":{\"@id\":\"https:\\\/\\\/repliquemangacine.fr\\\/reproductions-armes-seconde-guerre-mondiale-denix\\\/walther-ppk-7-65-denix\\\/#primaryimage\"},\"image\":{\"@id\":\"https:\\\/\\\/repliquemangacine.fr\\\/reproductions-armes-seconde-guerre-mondiale-denix\\\/walther-ppk-7-65-denix\\\/#primaryimage\"},\"thumbnailUrl\":\"https:\\\/\\\/repliquemangacine.fr\\\/wp-content\\\/uploads\\\/2023\\\/10\\\/972-Replique-Pistolet-Walther-PPK-Calibre-7.65.jpg\",\"datePublished\":\"2016-11-16T10:38:51+00:00\",\"dateModified\":\"2026-04-20T15:53:55+00:00\",\"description\":\"D\u00e9couvrez le Walther PPK 7.65 Denix au meilleur prix - Tout en m\u00e9tal - M\u00e9canisme fonctionnel - Inapte au tir - Chargeur amovible - Longueur : 18 cm\",\"breadcrumb\":{\"@id\":\"https:\\\/\\\/repliquemangacine.fr\\\/reproductions-armes-seconde-guerre-mondiale-denix\\\/walther-ppk-7-65-denix\\\/#breadcrumb\"},\"inLanguage\":\"de\",\"potentialAction\":[{\"@type\":\"ReadAction\",\"target\":[\"https:\\\/\\\/repliquemangacine.fr\\\/reproductions-armes-seconde-guerre-mondiale-denix\\\/walther-ppk-7-65-denix\\\/\"]}]},{\"@type\":\"ImageObject\",\"inLanguage\":\"de\",\"@id\":\"https:\\\/\\\/repliquemangacine.fr\\\/reproductions-armes-seconde-guerre-mondiale-denix\\\/walther-ppk-7-65-denix\\\/#primaryimage\",\"url\":\"https:\\\/\\\/repliquemangacine.fr\\\/wp-content\\\/uploads\\\/2023\\\/10\\\/972-Replique-Pistolet-Walther-PPK-Calibre-7.65.jpg\",\"contentUrl\":\"https:\\\/\\\/repliquemangacine.fr\\\/wp-content\\\/uploads\\\/2023\\\/10\\\/972-Replique-Pistolet-Walther-PPK-Calibre-7.65.jpg\",\"width\":800,\"height\":800,\"caption\":\"R\u00e9plique Pistolet Walther PPK - Calibre 7.65\"},{\"@type\":\"BreadcrumbList\",\"@id\":\"https:\\\/\\\/repliquemangacine.fr\\\/reproductions-armes-seconde-guerre-mondiale-denix\\\/walther-ppk-7-65-denix\\\/#breadcrumb\",\"itemListElement\":[{\"@type\":\"ListItem\",\"position\":1,\"name\":\"Accueil\",\"item\":\"https:\\\/\\\/repliquemangacine.fr\\\/\"},{\"@type\":\"ListItem\",\"position\":2,\"name\":\"Produits\",\"item\":\"https:\\\/\\\/repliquemangacine.fr\\\/boutique\\\/\"},{\"@type\":\"ListItem\",\"position\":3,\"name\":\"Walther PPK 7.65 Denix\"}]},{\"@type\":\"WebSite\",\"@id\":\"https:\\\/\\\/repliquemangacine.fr\\\/#website\",\"url\":\"https:\\\/\\\/repliquemangacine.fr\\\/\",\"name\":\"R\u00e9plique Manga Cin\u00e9\",\"description\":\"\",\"publisher\":{\"@id\":\"https:\\\/\\\/repliquemangacine.fr\\\/#organization\"},\"potentialAction\":[{\"@type\":\"SearchAction\",\"target\":{\"@type\":\"EntryPoint\",\"urlTemplate\":\"https:\\\/\\\/repliquemangacine.fr\\\/?s={search_term_string}\"},\"query-input\":{\"@type\":\"PropertyValueSpecification\",\"valueRequired\":true,\"valueName\":\"search_term_string\"}}],\"inLanguage\":\"de\"},{\"@type\":\"Organization\",\"@id\":\"https:\\\/\\\/repliquemangacine.fr\\\/#organization\",\"name\":\"R\u00e9plique Manga Cin\u00e9\",\"url\":\"https:\\\/\\\/repliquemangacine.fr\\\/\",\"logo\":{\"@type\":\"ImageObject\",\"inLanguage\":\"de\",\"@id\":\"https:\\\/\\\/repliquemangacine.fr\\\/#\\\/schema\\\/logo\\\/image\\\/\",\"url\":\"https:\\\/\\\/repliquemangacine.fr\\\/wp-content\\\/uploads\\\/2023\\\/10\\\/RMC-500250.png\",\"contentUrl\":\"https:\\\/\\\/repliquemangacine.fr\\\/wp-content\\\/uploads\\\/2023\\\/10\\\/RMC-500250.png\",\"width\":500,\"height\":250,\"caption\":\"R\u00e9plique Manga Cin\u00e9\"},\"image\":{\"@id\":\"https:\\\/\\\/repliquemangacine.fr\\\/#\\\/schema\\\/logo\\\/image\\\/\"},\"sameAs\":[\"https:\\\/\\\/www.facebook.com\\\/RepliqueMangaCine\",\"https:\\\/\\\/www.instagram.com\\\/repliquemangacine.fr\\\/\"]}]}<\/script>\n<!-- \/ Yoast SEO plugin. -->","yoast_head_json":{"title":"Walther PPK 7.65 Denix - Online-Shop | R\u00e9plique Manga Cin\u00e9","description":"Entdecken Sie die Walther PPK 7.65 Denix zum besten Preis - Ganz aus Metall - Funktioneller Mechanismus - Schie\u00dfuntauglich - Abnehmbares Magazin - L\u00e4nge: 18 cm","robots":{"index":"index","follow":"follow","max-snippet":"max-snippet:-1","max-image-preview":"max-image-preview:large","max-video-preview":"max-video-preview:-1"},"canonical":"https:\/\/repliquemangacine.fr\/de\/waffenreproduktionen-zweiter-weltkrieg-denix\/walther-ppk-7-65-denix\/","og_locale":"de_DE","og_type":"article","og_title":"Walther PPK 7.65 Denix - Boutique en ligne | R\u00e9plique Manga Cin\u00e9","og_description":"D\u00e9couvrez le Walther PPK 7.65 Denix au meilleur prix - Tout en m\u00e9tal - M\u00e9canisme fonctionnel - Inapte au tir - Chargeur amovible - Longueur : 18 cm","og_url":"https:\/\/repliquemangacine.fr\/de\/waffenreproduktionen-zweiter-weltkrieg-denix\/walther-ppk-7-65-denix\/","og_site_name":"R\u00e9plique Manga Cin\u00e9","article_publisher":"https:\/\/www.facebook.com\/RepliqueMangaCine","article_modified_time":"2026-04-20T15:53:55+00:00","og_image":[{"width":800,"height":800,"url":"https:\/\/repliquemangacine.fr\/wp-content\/uploads\/2023\/10\/972-Replique-Pistolet-Walther-PPK-Calibre-7.65.jpg","type":"image\/jpeg"}],"twitter_card":"summary_large_image","twitter_misc":{"Gesch\u00e4tzte Lesezeit":"2\u00a0Minuten"},"schema":{"@context":"https:\/\/schema.org","@graph":[{"@type":"WebPage","@id":"https:\/\/repliquemangacine.fr\/reproductions-armes-seconde-guerre-mondiale-denix\/walther-ppk-7-65-denix\/","url":"https:\/\/repliquemangacine.fr\/reproductions-armes-seconde-guerre-mondiale-denix\/walther-ppk-7-65-denix\/","name":"Walther PPK 7.65 Denix - Online-Shop | R\u00e9plique Manga Cin\u00e9","isPartOf":{"@id":"https:\/\/repliquemangacine.fr\/#website"},"primaryImageOfPage":{"@id":"https:\/\/repliquemangacine.fr\/reproductions-armes-seconde-guerre-mondiale-denix\/walther-ppk-7-65-denix\/#primaryimage"},"image":{"@id":"https:\/\/repliquemangacine.fr\/reproductions-armes-seconde-guerre-mondiale-denix\/walther-ppk-7-65-denix\/#primaryimage"},"thumbnailUrl":"https:\/\/repliquemangacine.fr\/wp-content\/uploads\/2023\/10\/972-Replique-Pistolet-Walther-PPK-Calibre-7.65.jpg","datePublished":"2016-11-16T10:38:51+00:00","dateModified":"2026-04-20T15:53:55+00:00","description":"Entdecken Sie die Walther PPK 7.65 Denix zum besten Preis - Ganz aus Metall - Funktioneller Mechanismus - Schie\u00dfuntauglich - Abnehmbares Magazin - L\u00e4nge: 18 cm","breadcrumb":{"@id":"https:\/\/repliquemangacine.fr\/reproductions-armes-seconde-guerre-mondiale-denix\/walther-ppk-7-65-denix\/#breadcrumb"},"inLanguage":"de","potentialAction":[{"@type":"ReadAction","target":["https:\/\/repliquemangacine.fr\/reproductions-armes-seconde-guerre-mondiale-denix\/walther-ppk-7-65-denix\/"]}]},{"@type":"ImageObject","inLanguage":"de","@id":"https:\/\/repliquemangacine.fr\/reproductions-armes-seconde-guerre-mondiale-denix\/walther-ppk-7-65-denix\/#primaryimage","url":"https:\/\/repliquemangacine.fr\/wp-content\/uploads\/2023\/10\/972-Replique-Pistolet-Walther-PPK-Calibre-7.65.jpg","contentUrl":"https:\/\/repliquemangacine.fr\/wp-content\/uploads\/2023\/10\/972-Replique-Pistolet-Walther-PPK-Calibre-7.65.jpg","width":800,"height":800,"caption":"R\u00e9plique Pistolet Walther PPK - Calibre 7.65"},{"@type":"BreadcrumbList","@id":"https:\/\/repliquemangacine.fr\/reproductions-armes-seconde-guerre-mondiale-denix\/walther-ppk-7-65-denix\/#breadcrumb","itemListElement":[{"@type":"ListItem","position":1,"name":"Accueil","item":"https:\/\/repliquemangacine.fr\/"},{"@type":"ListItem","position":2,"name":"Produits","item":"https:\/\/repliquemangacine.fr\/boutique\/"},{"@type":"ListItem","position":3,"name":"Walther PPK 7.65 Denix"}]},{"@type":"WebSite","@id":"https:\/\/repliquemangacine.fr\/#website","url":"https:\/\/repliquemangacine.fr\/","name":"R\u00e9plique Manga Cin\u00e9","description":"","publisher":{"@id":"https:\/\/repliquemangacine.fr\/#organization"},"potentialAction":[{"@type":"SearchAction","target":{"@type":"EntryPoint","urlTemplate":"https:\/\/repliquemangacine.fr\/?s={search_term_string}"},"query-input":{"@type":"PropertyValueSpecification","valueRequired":true,"valueName":"search_term_string"}}],"inLanguage":"de"},{"@type":"Organization","@id":"https:\/\/repliquemangacine.fr\/#organization","name":"R\u00e9plique Manga Cin\u00e9","url":"https:\/\/repliquemangacine.fr\/","logo":{"@type":"ImageObject","inLanguage":"de","@id":"https:\/\/repliquemangacine.fr\/#\/schema\/logo\/image\/","url":"https:\/\/repliquemangacine.fr\/wp-content\/uploads\/2023\/10\/RMC-500250.png","contentUrl":"https:\/\/repliquemangacine.fr\/wp-content\/uploads\/2023\/10\/RMC-500250.png","width":500,"height":250,"caption":"R\u00e9plique Manga Cin\u00e9"},"image":{"@id":"https:\/\/repliquemangacine.fr\/#\/schema\/logo\/image\/"},"sameAs":["https:\/\/www.facebook.com\/RepliqueMangaCine","https:\/\/www.instagram.com\/repliquemangacine.fr\/"]}]}},"_links":{"self":[{"href":"https:\/\/repliquemangacine.fr\/de\/wp-json\/wp\/v2\/product\/26282","targetHints":{"allow":["GET"]}}],"collection":[{"href":"https:\/\/repliquemangacine.fr\/de\/wp-json\/wp\/v2\/product"}],"about":[{"href":"https:\/\/repliquemangacine.fr\/de\/wp-json\/wp\/v2\/types\/product"}],"wp:featuredmedia":[{"embeddable":true,"href":"https:\/\/repliquemangacine.fr\/de\/wp-json\/wp\/v2\/media\/26283"}],"wp:attachment":[{"href":"https:\/\/repliquemangacine.fr\/de\/wp-json\/wp\/v2\/media?parent=26282"}],"wp:term":[{"taxonomy":"product_brand","embeddable":true,"href":"https:\/\/repliquemangacine.fr\/de\/wp-json\/wp\/v2\/product_brand?post=26282"},{"taxonomy":"product_cat","embeddable":true,"href":"https:\/\/repliquemangacine.fr\/de\/wp-json\/wp\/v2\/product_cat?post=26282"},{"taxonomy":"product_tag","embeddable":true,"href":"https:\/\/repliquemangacine.fr\/de\/wp-json\/wp\/v2\/product_tag?post=26282"}],"curies":[{"name":"wp","href":"https:\/\/api.w.org\/{rel}","templated":true}]}}