





{"id":26260,"date":"2016-11-14T14:44:54","date_gmt":"2016-11-14T13:44:54","guid":{"rendered":"https:\/\/repliquemangacine.fr\/?post_type=product&#038;p=26260"},"modified":"2026-04-19T00:43:22","modified_gmt":"2026-04-18T22:43:22","slug":"mauser-c96-denix-1896","status":"publish","type":"product","link":"https:\/\/repliquemangacine.fr\/de\/reproductions-armes-seconde-guerre-mondiale-denix\/mauser-c96-denix-1896\/","title":{"rendered":"Mauser C96 Denix 1896"},"content":{"rendered":"<h2>Mauser-Pistole C96 Denix 1896.<\/h2>\n<p>Zu Beginn wird der <strong>Mauser C96 Denix 1896<\/strong>Eine halbautomatische Pistole, die urspr\u00fcnglich von dem deutschen Waffenhersteller Mauser von 1896 bis 1937 hergestellt wurde. Von amerikanischen Sammlern wegen des besonderen Profils des Schafts auch Broomhandle genannt.<\/p>\n<p>Vor allem ist sie ein Wunderwerk der Bearbeitung. Aus einem Block hochfesten Stahls wird das Geh\u00e4use der Waffe aus einem einzigen St\u00fcck gefertigt. Was in der heutigen Zeit relativ einfach erscheinen mag, war Ende des 19.<\/p>\n<p>Die deutsche Armee erh\u00e4lt mehr als 100.000 Einheiten, w\u00e4hrend des Ersten Weltkriegs. In dem es reichlich Nahk\u00e4mpfe in Sch\u00fctzengr\u00e4ben gab.<\/p>\n<p>Als der Zweite Weltkrieg 1939 begann, war die C-96 noch aktiv.<\/p>\n<h2>Ihre Mauser C96 Denix 1896 zum besten Preis.<\/h2>\n<p>Wir bieten Ihnen eine gro\u00dfe Auswahl an Reproduktionen historischer Waffen der Marke Denix.<\/p>\n<p>Zun\u00e4chst einmal,<\/p>\n<ul>\n<li>Die Replik des <a href=\"https:\/\/repliquemangacine.fr\/de\/darmsreproduktionen\/luger-p08-parabellum\/\">Luger Parabellum P08<\/a> in verschiedenen Versionen.<\/li>\n<li>Es gibt auch den <a href=\"https:\/\/repliquemangacine.fr\/de\/darmsreproduktionen\/abnehmbare-automatische-pistole-m1911a1\/\">Colt M1911A1<\/a> vernickelt und sein Schaft aus Holz.<\/li>\n<li>Sowie die Nachbildung des Gewehrs <a href=\"https:\/\/repliquemangacine.fr\/de\/darmsreproduktionen\/fusil-d-assaut-sturmgewehr-stg44\/\">STG 44,<\/a> die Sturmgewehr.<\/li>\n<li>Und viele andere, die es in unserem Online-Shop zu entdecken gibt!<\/li>\n<\/ul>\n<p>Deshalb gibt es hier tolle Geschenkideen f\u00fcr alle Geschichtsinteressierten und vor allem, um unsere Helden nicht zu vergessen.<\/p>\n<p>Abschlie\u00dfend k\u00f6nnen Sie die Pistole <strong>Mauser C96 Denix 1896<\/strong> f\u00fcr Ihre historischen Rekonstruktionen. Vor allem aber ist diese Reproduktion eine Sammlerwaffe.<\/p>\n<p>R\u00e9plique Manga Cin\u00e9 ist ein franz\u00f6sisches Familienunternehmen und offizieller Vertriebspartner der Marke <a href=\"https:\/\/www.denix.fr\/fr\/catalogue\/guerres-mondiales-1914-1945\/pistolets\/m-1024\/\" target=\"_blank\" rel=\"noopener noreferrer\">Denix<\/a>.<\/p>\n<h2>Wie werden Denix-Waffenrepliken hergestellt?<\/h2>\n<p>Werden in historischen Rekonstruktionen, Filmen und Serien sowie von Sammlern verwendet. Denix-Waffenreproduktionen, die aus hochwertigen Materialien hergestellt werden. Sorgf\u00e4ltig bearbeitet und zusammengesetzt, um realistische Sammlerwaffen zu schaffen.<\/p>\n<ul>\n<li>Die Metalle sind in einer Metalllegierung, die als Zamac bekannt ist und deren Grundzusammensetzung Zink in 95% ist.<\/li>\n<li>Die Kunststoffteile der Repliken aus geformtem ABS, das eine hohe Widerstandsf\u00e4higkeit bietet.<\/li>\n<li>Holz, das aufgrund seiner Sch\u00f6nheit und Haltbarkeit ausgew\u00e4hlt wird, wie z. B. Mahagoni, Olivenholz oder Walnuss, verleiht Ihren Sch\u00e4ften und F\u00e4ssern ein elegantes und authentisches Aussehen.<\/li>\n<\/ul>\n<p>Es ist zu betonen, dass alle Nachbildungen von Denix-Waffen mit den Originalen identisch sind, wie Ihr <strong>Mauser C96 Denix 1896<\/strong>.<\/p>","protected":false},"excerpt":{"rendered":"<p>Identisch mit dem Original. Reproduktion der halbautomatischen Pistole die Mauser C96 von 1896.<\/p>\n<ul>\n<li>Geh\u00e4use ist aus Zamac.<\/li>\n<li>Schaftkappen aus Massivholz.<\/li>\n<li>Bewaffnet sich und rammt, ist aber <strong>v\u00f6llig untauglich f\u00fcr das Schie\u00dfen.<\/strong><\/li>\n<li>Unterliegt keiner Genehmigungspflicht. Verkauf und Besitz frei<\/li>\n<li>Ma\u00dfe: 32 cm - Gewicht: 1120 Gramm<\/li>\n<\/ul>\n<p><iframe title=\"YouTube-Videoplayer\" src=\"https:\/\/www.youtube.com\/embed\/IBBdwf84MIA\" width=\"560\" height=\"315\" frameborder=\"0\" allowfullscreen=\"allowfullscreen\"><\/iframe><\/p>","protected":false},"featured_media":26261,"template":"","meta":[],"product_brand":[896],"product_cat":[25,102,54,40,28,76],"product_tag":[],"class_list":{"0":"post-26260","1":"product","2":"type-product","3":"status-publish","4":"has-post-thumbnail","6":"product_brand-replique-manga-cine","7":"product_cat-armes-historiques","8":"product_cat-denix","9":"product_cat-armes-accessoires-guerre-mondiale","10":"product_cat-pistolet-moderne","11":"product_cat-repliques-darmes","12":"product_cat-reproductions-armes-seconde-guerre-mondiale-denix","14":"first","15":"instock","16":"sale","17":"taxable","18":"shipping-taxable","19":"purchasable","20":"product-type-simple"},"yoast_head":"<!-- This site is optimized with the Yoast SEO plugin v27.5 - https:\/\/yoast.com\/product\/yoast-seo-wordpress\/ -->\n<title>Mauser C96 Denix 1896 - Boutique en ligne | R\u00e9plique Manga Cin\u00e9<\/title>\n<meta name=\"description\" content=\"D\u00e9couvrez ! le Mauser C96 Denix 1896 au meilleur prix - En m\u00e9tal (Zamac) - Crosse bois - M\u00e9canisme fonctionnel - Inapte au tir - Longueur totale : 32 cm\" \/>\n<meta name=\"robots\" content=\"index, follow, max-snippet:-1, max-image-preview:large, max-video-preview:-1\" \/>\n<link rel=\"canonical\" href=\"https:\/\/repliquemangacine.fr\/de\/denix\/mauser-c96-denix-1896\/\" \/>\n<meta property=\"og:locale\" content=\"de_DE\" \/>\n<meta property=\"og:type\" content=\"article\" \/>\n<meta property=\"og:title\" content=\"Mauser C96 Denix 1896 - Boutique en ligne | R\u00e9plique Manga Cin\u00e9\" \/>\n<meta property=\"og:description\" content=\"D\u00e9couvrez ! le Mauser C96 Denix 1896 au meilleur prix - En m\u00e9tal (Zamac) - Crosse bois - M\u00e9canisme fonctionnel - Inapte au tir - Longueur totale : 32 cm\" \/>\n<meta property=\"og:url\" content=\"https:\/\/repliquemangacine.fr\/de\/denix\/mauser-c96-denix-1896\/\" \/>\n<meta property=\"og:site_name\" content=\"R\u00e9plique Manga Cin\u00e9\" \/>\n<meta property=\"article:publisher\" content=\"https:\/\/www.facebook.com\/RepliqueMangaCine\" \/>\n<meta property=\"article:modified_time\" content=\"2026-04-18T22:43:22+00:00\" \/>\n<meta property=\"og:image\" content=\"https:\/\/repliquemangacine.fr\/wp-content\/uploads\/2023\/10\/950-Replique-Pistolet-Mauser-C96-Germany-1896.jpg\" \/>\n\t<meta property=\"og:image:width\" content=\"800\" \/>\n\t<meta property=\"og:image:height\" content=\"800\" \/>\n\t<meta property=\"og:image:type\" content=\"image\/jpeg\" \/>\n<meta name=\"twitter:card\" content=\"summary_large_image\" \/>\n<meta name=\"twitter:label1\" content=\"Gesch\u00e4tzte Lesezeit\" \/>\n\t<meta name=\"twitter:data1\" content=\"1\u00a0Minute\" \/>\n<script type=\"application\/ld+json\" class=\"yoast-schema-graph\">{\"@context\":\"https:\\\/\\\/schema.org\",\"@graph\":[{\"@type\":\"WebPage\",\"@id\":\"https:\\\/\\\/repliquemangacine.fr\\\/denix\\\/mauser-c96-denix-1896\\\/\",\"url\":\"https:\\\/\\\/repliquemangacine.fr\\\/denix\\\/mauser-c96-denix-1896\\\/\",\"name\":\"Mauser C96 Denix 1896 - Boutique en ligne | R\u00e9plique Manga Cin\u00e9\",\"isPartOf\":{\"@id\":\"https:\\\/\\\/repliquemangacine.fr\\\/#website\"},\"primaryImageOfPage\":{\"@id\":\"https:\\\/\\\/repliquemangacine.fr\\\/denix\\\/mauser-c96-denix-1896\\\/#primaryimage\"},\"image\":{\"@id\":\"https:\\\/\\\/repliquemangacine.fr\\\/denix\\\/mauser-c96-denix-1896\\\/#primaryimage\"},\"thumbnailUrl\":\"https:\\\/\\\/repliquemangacine.fr\\\/wp-content\\\/uploads\\\/2023\\\/10\\\/950-Replique-Pistolet-Mauser-C96-Germany-1896.jpg\",\"datePublished\":\"2016-11-14T13:44:54+00:00\",\"dateModified\":\"2026-04-18T22:43:22+00:00\",\"description\":\"D\u00e9couvrez ! le Mauser C96 Denix 1896 au meilleur prix - En m\u00e9tal (Zamac) - Crosse bois - M\u00e9canisme fonctionnel - Inapte au tir - Longueur totale : 32 cm\",\"breadcrumb\":{\"@id\":\"https:\\\/\\\/repliquemangacine.fr\\\/denix\\\/mauser-c96-denix-1896\\\/#breadcrumb\"},\"inLanguage\":\"de\",\"potentialAction\":[{\"@type\":\"ReadAction\",\"target\":[\"https:\\\/\\\/repliquemangacine.fr\\\/denix\\\/mauser-c96-denix-1896\\\/\"]}]},{\"@type\":\"ImageObject\",\"inLanguage\":\"de\",\"@id\":\"https:\\\/\\\/repliquemangacine.fr\\\/denix\\\/mauser-c96-denix-1896\\\/#primaryimage\",\"url\":\"https:\\\/\\\/repliquemangacine.fr\\\/wp-content\\\/uploads\\\/2023\\\/10\\\/950-Replique-Pistolet-Mauser-C96-Germany-1896.jpg\",\"contentUrl\":\"https:\\\/\\\/repliquemangacine.fr\\\/wp-content\\\/uploads\\\/2023\\\/10\\\/950-Replique-Pistolet-Mauser-C96-Germany-1896.jpg\",\"width\":800,\"height\":800,\"caption\":\"R\u00e9plique Pistolet Mauser C96 - Germany 1896\"},{\"@type\":\"BreadcrumbList\",\"@id\":\"https:\\\/\\\/repliquemangacine.fr\\\/denix\\\/mauser-c96-denix-1896\\\/#breadcrumb\",\"itemListElement\":[{\"@type\":\"ListItem\",\"position\":1,\"name\":\"Accueil\",\"item\":\"https:\\\/\\\/repliquemangacine.fr\\\/\"},{\"@type\":\"ListItem\",\"position\":2,\"name\":\"Produits\",\"item\":\"https:\\\/\\\/repliquemangacine.fr\\\/boutique\\\/\"},{\"@type\":\"ListItem\",\"position\":3,\"name\":\"Mauser C96 Denix 1896\"}]},{\"@type\":\"WebSite\",\"@id\":\"https:\\\/\\\/repliquemangacine.fr\\\/#website\",\"url\":\"https:\\\/\\\/repliquemangacine.fr\\\/\",\"name\":\"R\u00e9plique Manga Cin\u00e9\",\"description\":\"\",\"publisher\":{\"@id\":\"https:\\\/\\\/repliquemangacine.fr\\\/#organization\"},\"potentialAction\":[{\"@type\":\"SearchAction\",\"target\":{\"@type\":\"EntryPoint\",\"urlTemplate\":\"https:\\\/\\\/repliquemangacine.fr\\\/?s={search_term_string}\"},\"query-input\":{\"@type\":\"PropertyValueSpecification\",\"valueRequired\":true,\"valueName\":\"search_term_string\"}}],\"inLanguage\":\"de\"},{\"@type\":\"Organization\",\"@id\":\"https:\\\/\\\/repliquemangacine.fr\\\/#organization\",\"name\":\"R\u00e9plique Manga Cin\u00e9\",\"url\":\"https:\\\/\\\/repliquemangacine.fr\\\/\",\"logo\":{\"@type\":\"ImageObject\",\"inLanguage\":\"de\",\"@id\":\"https:\\\/\\\/repliquemangacine.fr\\\/#\\\/schema\\\/logo\\\/image\\\/\",\"url\":\"https:\\\/\\\/repliquemangacine.fr\\\/wp-content\\\/uploads\\\/2023\\\/10\\\/RMC-500250.png\",\"contentUrl\":\"https:\\\/\\\/repliquemangacine.fr\\\/wp-content\\\/uploads\\\/2023\\\/10\\\/RMC-500250.png\",\"width\":500,\"height\":250,\"caption\":\"R\u00e9plique Manga Cin\u00e9\"},\"image\":{\"@id\":\"https:\\\/\\\/repliquemangacine.fr\\\/#\\\/schema\\\/logo\\\/image\\\/\"},\"sameAs\":[\"https:\\\/\\\/www.facebook.com\\\/RepliqueMangaCine\",\"https:\\\/\\\/www.instagram.com\\\/repliquemangacine.fr\\\/\"]}]}<\/script>\n<!-- \/ Yoast SEO plugin. -->","yoast_head_json":{"title":"Mauser C96 Denix 1896 - Online-Shop | R\u00e9plique Manga Cin\u00e9","description":"Entdecken Sie ! Mauser C96 Denix 1896 zum besten Preis - Aus Metall (Zamac) - Holzgriff - Funktioneller Mechanismus - Nicht schussbereit - Gesamtl\u00e4nge: 32 cm","robots":{"index":"index","follow":"follow","max-snippet":"max-snippet:-1","max-image-preview":"max-image-preview:large","max-video-preview":"max-video-preview:-1"},"canonical":"https:\/\/repliquemangacine.fr\/de\/denix\/mauser-c96-denix-1896\/","og_locale":"de_DE","og_type":"article","og_title":"Mauser C96 Denix 1896 - Boutique en ligne | R\u00e9plique Manga Cin\u00e9","og_description":"D\u00e9couvrez ! le Mauser C96 Denix 1896 au meilleur prix - En m\u00e9tal (Zamac) - Crosse bois - M\u00e9canisme fonctionnel - Inapte au tir - Longueur totale : 32 cm","og_url":"https:\/\/repliquemangacine.fr\/de\/denix\/mauser-c96-denix-1896\/","og_site_name":"R\u00e9plique Manga Cin\u00e9","article_publisher":"https:\/\/www.facebook.com\/RepliqueMangaCine","article_modified_time":"2026-04-18T22:43:22+00:00","og_image":[{"width":800,"height":800,"url":"https:\/\/repliquemangacine.fr\/wp-content\/uploads\/2023\/10\/950-Replique-Pistolet-Mauser-C96-Germany-1896.jpg","type":"image\/jpeg"}],"twitter_card":"summary_large_image","twitter_misc":{"Gesch\u00e4tzte Lesezeit":"1\u00a0Minute"},"schema":{"@context":"https:\/\/schema.org","@graph":[{"@type":"WebPage","@id":"https:\/\/repliquemangacine.fr\/denix\/mauser-c96-denix-1896\/","url":"https:\/\/repliquemangacine.fr\/denix\/mauser-c96-denix-1896\/","name":"Mauser C96 Denix 1896 - Online-Shop | R\u00e9plique Manga Cin\u00e9","isPartOf":{"@id":"https:\/\/repliquemangacine.fr\/#website"},"primaryImageOfPage":{"@id":"https:\/\/repliquemangacine.fr\/denix\/mauser-c96-denix-1896\/#primaryimage"},"image":{"@id":"https:\/\/repliquemangacine.fr\/denix\/mauser-c96-denix-1896\/#primaryimage"},"thumbnailUrl":"https:\/\/repliquemangacine.fr\/wp-content\/uploads\/2023\/10\/950-Replique-Pistolet-Mauser-C96-Germany-1896.jpg","datePublished":"2016-11-14T13:44:54+00:00","dateModified":"2026-04-18T22:43:22+00:00","description":"Entdecken Sie ! Mauser C96 Denix 1896 zum besten Preis - Aus Metall (Zamac) - Holzgriff - Funktioneller Mechanismus - Nicht schussbereit - Gesamtl\u00e4nge: 32 cm","breadcrumb":{"@id":"https:\/\/repliquemangacine.fr\/denix\/mauser-c96-denix-1896\/#breadcrumb"},"inLanguage":"de","potentialAction":[{"@type":"ReadAction","target":["https:\/\/repliquemangacine.fr\/denix\/mauser-c96-denix-1896\/"]}]},{"@type":"ImageObject","inLanguage":"de","@id":"https:\/\/repliquemangacine.fr\/denix\/mauser-c96-denix-1896\/#primaryimage","url":"https:\/\/repliquemangacine.fr\/wp-content\/uploads\/2023\/10\/950-Replique-Pistolet-Mauser-C96-Germany-1896.jpg","contentUrl":"https:\/\/repliquemangacine.fr\/wp-content\/uploads\/2023\/10\/950-Replique-Pistolet-Mauser-C96-Germany-1896.jpg","width":800,"height":800,"caption":"R\u00e9plique Pistolet Mauser C96 - Germany 1896"},{"@type":"BreadcrumbList","@id":"https:\/\/repliquemangacine.fr\/denix\/mauser-c96-denix-1896\/#breadcrumb","itemListElement":[{"@type":"ListItem","position":1,"name":"Accueil","item":"https:\/\/repliquemangacine.fr\/"},{"@type":"ListItem","position":2,"name":"Produits","item":"https:\/\/repliquemangacine.fr\/boutique\/"},{"@type":"ListItem","position":3,"name":"Mauser C96 Denix 1896"}]},{"@type":"WebSite","@id":"https:\/\/repliquemangacine.fr\/#website","url":"https:\/\/repliquemangacine.fr\/","name":"R\u00e9plique Manga Cin\u00e9","description":"","publisher":{"@id":"https:\/\/repliquemangacine.fr\/#organization"},"potentialAction":[{"@type":"SearchAction","target":{"@type":"EntryPoint","urlTemplate":"https:\/\/repliquemangacine.fr\/?s={search_term_string}"},"query-input":{"@type":"PropertyValueSpecification","valueRequired":true,"valueName":"search_term_string"}}],"inLanguage":"de"},{"@type":"Organization","@id":"https:\/\/repliquemangacine.fr\/#organization","name":"R\u00e9plique Manga Cin\u00e9","url":"https:\/\/repliquemangacine.fr\/","logo":{"@type":"ImageObject","inLanguage":"de","@id":"https:\/\/repliquemangacine.fr\/#\/schema\/logo\/image\/","url":"https:\/\/repliquemangacine.fr\/wp-content\/uploads\/2023\/10\/RMC-500250.png","contentUrl":"https:\/\/repliquemangacine.fr\/wp-content\/uploads\/2023\/10\/RMC-500250.png","width":500,"height":250,"caption":"R\u00e9plique Manga Cin\u00e9"},"image":{"@id":"https:\/\/repliquemangacine.fr\/#\/schema\/logo\/image\/"},"sameAs":["https:\/\/www.facebook.com\/RepliqueMangaCine","https:\/\/www.instagram.com\/repliquemangacine.fr\/"]}]}},"_links":{"self":[{"href":"https:\/\/repliquemangacine.fr\/de\/wp-json\/wp\/v2\/product\/26260","targetHints":{"allow":["GET"]}}],"collection":[{"href":"https:\/\/repliquemangacine.fr\/de\/wp-json\/wp\/v2\/product"}],"about":[{"href":"https:\/\/repliquemangacine.fr\/de\/wp-json\/wp\/v2\/types\/product"}],"wp:featuredmedia":[{"embeddable":true,"href":"https:\/\/repliquemangacine.fr\/de\/wp-json\/wp\/v2\/media\/26261"}],"wp:attachment":[{"href":"https:\/\/repliquemangacine.fr\/de\/wp-json\/wp\/v2\/media?parent=26260"}],"wp:term":[{"taxonomy":"product_brand","embeddable":true,"href":"https:\/\/repliquemangacine.fr\/de\/wp-json\/wp\/v2\/product_brand?post=26260"},{"taxonomy":"product_cat","embeddable":true,"href":"https:\/\/repliquemangacine.fr\/de\/wp-json\/wp\/v2\/product_cat?post=26260"},{"taxonomy":"product_tag","embeddable":true,"href":"https:\/\/repliquemangacine.fr\/de\/wp-json\/wp\/v2\/product_tag?post=26260"}],"curies":[{"name":"wp","href":"https:\/\/api.w.org\/{rel}","templated":true}]}}