





{"id":26247,"date":"2016-11-13T19:42:52","date_gmt":"2016-11-13T18:42:52","guid":{"rendered":"https:\/\/repliquemangacine.fr\/?post_type=product&#038;p=26247"},"modified":"2026-04-17T18:57:53","modified_gmt":"2026-04-17T16:57:53","slug":"gewehr-brown-bess-1722-land-pattern-denix","status":"publish","type":"product","link":"https:\/\/repliquemangacine.fr\/de\/replique-d-armes-1er-empire\/fusil-brown-bess-1722-land-pattern-denix\/","title":{"rendered":"Gewehr Brown Bess 1722"},"content":{"rendered":"<h2>Brown Bess Gewehr 1722 England.<\/h2>\n<p>Zu Beginn wird der <strong>Gewehr Brown Bess 1722<\/strong> ist der Spitzname f\u00fcr das Land Pattern-Gewehr der britischen Armee. Es wurde w\u00e4hrend der Expansionskriege des Britischen Empire eingesetzt und hat seitdem symbolische Bedeutung erlangt. Es wurde schrittweise weiterentwickelt, wie die Einf\u00fchrung der Modelle Long Land und Short Land zeigt.<\/p>\n<p>Das Long Land Pattern-Gewehr und seine Derivate haben alle gemeinsam, dass sie Steinschlossgewehre vom Kaliber .75 sind und von 1722 bis 1838 als Standardlangwaffen der Land- und Seestreitkr\u00e4fte des Britischen Empire dienten.<\/p>\n<p>Dieser lange, schwere Musketon mit gro\u00dfem Kaliber zeichnete sich durch seine robuste Konstruktion und die Zuverl\u00e4ssigkeit seines Z\u00fcndmechanismus aus.<\/p>\n<h2>Ihr Brown Bress 1722 Gewehr zum besten Preis.<\/h2>\n<p>Wir bieten Ihnen eine gro\u00dfe Auswahl an Reproduktionen historischer Waffen.<\/p>\n<p>Zun\u00e4chst einmal,<\/p>\n<ul>\n<li>Die <a href=\"https:\/\/repliquemangacine.fr\/de\/replik-von-waffen-1-empire\/fusil-a-etincelles-napoleon-1807\/\">Napoleon-Gewehr 1807<\/a> mit seinem Kronenemblem auf dem Schaft.<\/li>\n<li>Es gibt auch den langen <a href=\"https:\/\/repliquemangacine.fr\/de\/replik-von-waffen-1-empire\/fusil-francais-napoleonien-1806-avec-baionnette\/\">Fusil Fran\u00e7ais Charleville<\/a> mit seinem Bajonett.<\/li>\n<li>Sowie das <a href=\"https:\/\/repliquemangacine.fr\/de\/replik-von-waffen-1-empire\/fusil-francais-napoleonien-1806-avec-baionnette\/\">Fusil Pattern P61<\/a>Englische Enfield-Karabiner, kurze Version<\/li>\n<li>Und noch viel mehr gibt es in unserem Online-Shop zu entdecken!<\/li>\n<\/ul>\n<p>Deshalb ist dies eine gro\u00dfartige Geschenkidee f\u00fcr alle Liebhaber historischer Waffen.<\/p>\n<p>Abschlie\u00dfend k\u00f6nnen Sie diesen <strong>Gewehr Brown Bess 1722<\/strong> f\u00fcr Ihre historischen Nachstellungen. Vor allem aber ist diese Waffe ein Sammler- und Dekorationsst\u00fcck.<\/p>\n<p>R\u00e9plique Manga Cin\u00e9 ist ein franz\u00f6sisches Unternehmen und offizieller Vertriebspartner der Marke <a href=\"https:\/\/www.denix.fr\/fr\/catalogue\/armes-historiques-s-xvi-xix\/carabines-carabines-et-fusils\/1054\/\" target=\"_blank\" rel=\"noopener noreferrer\">Denix<\/a>.<\/p>\n<h2>Wie werden Denix-Waffenrepliken hergestellt?<\/h2>\n<p>Sie werden in historischen Rekonstruktionen, Filmen und Serien sowie von Sammlern verwendet. Denix-Waffenreproduktionen werden aus hochwertigen Materialien hergestellt. Sorgf\u00e4ltig bearbeitet und zusammengesetzt, um realistische Sammlerwaffen zu schaffen.<\/p>\n<ul>\n<li>Die Metalle sind in einer Metalllegierung, die als Zamac bekannt ist und deren Grundzusammensetzung Zink in 95% ist.<\/li>\n<li>Die Kunststoffteile der Repliken bestehen aus geformtem ABS und bieten eine hohe Widerstandsf\u00e4higkeit.<\/li>\n<li>Holz, das aufgrund seiner Sch\u00f6nheit und Haltbarkeit ausgew\u00e4hlt wird, wie z. B. Mahagoni, Olivenholz oder Walnuss, verleiht Ihren Sch\u00e4ften und F\u00e4ssern ein elegantes und authentisches Aussehen.<\/li>\n<\/ul>\n<p>Es ist zu betonen, dass alle Nachbildungen von Denix-Waffen mit den Originalen identisch sind, wie Ihr <strong>Gewehr Brown Bess 1722<\/strong>.<\/p>","protected":false},"excerpt":{"rendered":"<p>Reproduktion des Land Pattern Musket \"Brown Bess 1722\" Gewehrs.<\/p>\n<ul>\n<li>Schaft und Kolben aus Massivholz.<\/li>\n<li>Mechanismus und Lauf aus Zamak.<\/li>\n<li>Abnehmbares Bajonett aus Metall.<\/li>\n<li>Bewaffnet sich und rammt<\/li>\n<li>Ungeeignet zum Schie\u00dfen.<\/li>\n<li>Unterliegt keiner Genehmigungspflicht. Verkauf und Besitz frei<\/li>\n<li>Ma\u00dfe: 190 cm - Gewicht: 3470 Gramm<\/li>\n<\/ul>","protected":false},"featured_media":26248,"template":"","meta":[],"product_brand":[896],"product_cat":[25,102,55,37,83,28],"product_tag":[],"class_list":{"0":"post-26247","1":"product","2":"type-product","3":"status-publish","4":"has-post-thumbnail","6":"product_brand-replique-manga-cine","7":"product_cat-armes-historiques","8":"product_cat-denix","9":"product_cat-fusil-ancien","10":"product_cat-premier-empire","11":"product_cat-replique-d-armes-1er-empire","12":"product_cat-repliques-darmes","14":"first","15":"instock","16":"sale","17":"taxable","18":"shipping-taxable","19":"purchasable","20":"product-type-simple"},"yoast_head":"<!-- This site is optimized with the Yoast SEO plugin v27.5 - https:\/\/yoast.com\/product\/yoast-seo-wordpress\/ -->\n<title>Fusil Brown Bess 1722 - R\u00e9plique fusil Land Pattern Denix | RMC<\/title>\n<meta name=\"description\" content=\"D\u00e9couvrez le Fusil Brown Bess 1722 Denix au meilleur prix - Canon et f\u00fbt en bois massif - M\u00e9canisme, canon en zamac. Ba\u00efonnette. Longueur : 190 cm\" \/>\n<meta name=\"robots\" content=\"index, follow, max-snippet:-1, max-image-preview:large, max-video-preview:-1\" \/>\n<link rel=\"canonical\" href=\"https:\/\/repliquemangacine.fr\/de\/denix\/gewehr-brown-bess-1722-land-pattern-denix\/\" \/>\n<meta property=\"og:locale\" content=\"de_DE\" \/>\n<meta property=\"og:type\" content=\"article\" \/>\n<meta property=\"og:title\" content=\"Fusil Brown Bess 1722 - R\u00e9plique fusil Land Pattern Denix | RMC\" \/>\n<meta property=\"og:description\" content=\"D\u00e9couvrez le Fusil Brown Bess 1722 Denix au meilleur prix - Canon et f\u00fbt en bois massif - M\u00e9canisme, canon en zamac. Ba\u00efonnette. Longueur : 190 cm\" \/>\n<meta property=\"og:url\" content=\"https:\/\/repliquemangacine.fr\/de\/denix\/gewehr-brown-bess-1722-land-pattern-denix\/\" \/>\n<meta property=\"og:site_name\" content=\"R\u00e9plique Manga Cin\u00e9\" \/>\n<meta property=\"article:publisher\" content=\"https:\/\/www.facebook.com\/RepliqueMangaCine\" \/>\n<meta property=\"article:modified_time\" content=\"2026-04-17T16:57:53+00:00\" \/>\n<meta property=\"og:image\" content=\"https:\/\/repliquemangacine.fr\/wp-content\/uploads\/2023\/10\/939-Replique-Fusil-Mousqueton-a-baionnette-Brown-Bess-Anglais-1722.jpg\" \/>\n\t<meta property=\"og:image:width\" content=\"800\" \/>\n\t<meta property=\"og:image:height\" content=\"800\" \/>\n\t<meta property=\"og:image:type\" content=\"image\/jpeg\" \/>\n<meta name=\"twitter:card\" content=\"summary_large_image\" \/>\n<meta name=\"twitter:label1\" content=\"Gesch\u00e4tzte Lesezeit\" \/>\n\t<meta name=\"twitter:data1\" content=\"2\u00a0Minuten\" \/>\n<script type=\"application\/ld+json\" class=\"yoast-schema-graph\">{\"@context\":\"https:\\\/\\\/schema.org\",\"@graph\":[{\"@type\":\"WebPage\",\"@id\":\"https:\\\/\\\/repliquemangacine.fr\\\/denix\\\/fusil-brown-bess-1722-land-pattern-denix\\\/\",\"url\":\"https:\\\/\\\/repliquemangacine.fr\\\/denix\\\/fusil-brown-bess-1722-land-pattern-denix\\\/\",\"name\":\"Fusil Brown Bess 1722 - R\u00e9plique fusil Land Pattern Denix | RMC\",\"isPartOf\":{\"@id\":\"https:\\\/\\\/repliquemangacine.fr\\\/#website\"},\"primaryImageOfPage\":{\"@id\":\"https:\\\/\\\/repliquemangacine.fr\\\/denix\\\/fusil-brown-bess-1722-land-pattern-denix\\\/#primaryimage\"},\"image\":{\"@id\":\"https:\\\/\\\/repliquemangacine.fr\\\/denix\\\/fusil-brown-bess-1722-land-pattern-denix\\\/#primaryimage\"},\"thumbnailUrl\":\"https:\\\/\\\/repliquemangacine.fr\\\/wp-content\\\/uploads\\\/2023\\\/10\\\/939-Replique-Fusil-Mousqueton-a-baionnette-Brown-Bess-Anglais-1722.jpg\",\"datePublished\":\"2016-11-13T18:42:52+00:00\",\"dateModified\":\"2026-04-17T16:57:53+00:00\",\"description\":\"D\u00e9couvrez le Fusil Brown Bess 1722 Denix au meilleur prix - Canon et f\u00fbt en bois massif - M\u00e9canisme, canon en zamac. Ba\u00efonnette. Longueur : 190 cm\",\"breadcrumb\":{\"@id\":\"https:\\\/\\\/repliquemangacine.fr\\\/denix\\\/fusil-brown-bess-1722-land-pattern-denix\\\/#breadcrumb\"},\"inLanguage\":\"de\",\"potentialAction\":[{\"@type\":\"ReadAction\",\"target\":[\"https:\\\/\\\/repliquemangacine.fr\\\/denix\\\/fusil-brown-bess-1722-land-pattern-denix\\\/\"]}]},{\"@type\":\"ImageObject\",\"inLanguage\":\"de\",\"@id\":\"https:\\\/\\\/repliquemangacine.fr\\\/denix\\\/fusil-brown-bess-1722-land-pattern-denix\\\/#primaryimage\",\"url\":\"https:\\\/\\\/repliquemangacine.fr\\\/wp-content\\\/uploads\\\/2023\\\/10\\\/939-Replique-Fusil-Mousqueton-a-baionnette-Brown-Bess-Anglais-1722.jpg\",\"contentUrl\":\"https:\\\/\\\/repliquemangacine.fr\\\/wp-content\\\/uploads\\\/2023\\\/10\\\/939-Replique-Fusil-Mousqueton-a-baionnette-Brown-Bess-Anglais-1722.jpg\",\"width\":800,\"height\":800,\"caption\":\"R\u00e9plique Fusil Mousqueton \u00e0 ba\u00efonnette Brown Bess - Anglais 1722\"},{\"@type\":\"BreadcrumbList\",\"@id\":\"https:\\\/\\\/repliquemangacine.fr\\\/denix\\\/fusil-brown-bess-1722-land-pattern-denix\\\/#breadcrumb\",\"itemListElement\":[{\"@type\":\"ListItem\",\"position\":1,\"name\":\"Accueil\",\"item\":\"https:\\\/\\\/repliquemangacine.fr\\\/\"},{\"@type\":\"ListItem\",\"position\":2,\"name\":\"Produits\",\"item\":\"https:\\\/\\\/repliquemangacine.fr\\\/boutique\\\/\"},{\"@type\":\"ListItem\",\"position\":3,\"name\":\"Fusil Brown Bess 1722\"}]},{\"@type\":\"WebSite\",\"@id\":\"https:\\\/\\\/repliquemangacine.fr\\\/#website\",\"url\":\"https:\\\/\\\/repliquemangacine.fr\\\/\",\"name\":\"R\u00e9plique Manga Cin\u00e9\",\"description\":\"\",\"publisher\":{\"@id\":\"https:\\\/\\\/repliquemangacine.fr\\\/#organization\"},\"potentialAction\":[{\"@type\":\"SearchAction\",\"target\":{\"@type\":\"EntryPoint\",\"urlTemplate\":\"https:\\\/\\\/repliquemangacine.fr\\\/?s={search_term_string}\"},\"query-input\":{\"@type\":\"PropertyValueSpecification\",\"valueRequired\":true,\"valueName\":\"search_term_string\"}}],\"inLanguage\":\"de\"},{\"@type\":\"Organization\",\"@id\":\"https:\\\/\\\/repliquemangacine.fr\\\/#organization\",\"name\":\"R\u00e9plique Manga Cin\u00e9\",\"url\":\"https:\\\/\\\/repliquemangacine.fr\\\/\",\"logo\":{\"@type\":\"ImageObject\",\"inLanguage\":\"de\",\"@id\":\"https:\\\/\\\/repliquemangacine.fr\\\/#\\\/schema\\\/logo\\\/image\\\/\",\"url\":\"https:\\\/\\\/repliquemangacine.fr\\\/wp-content\\\/uploads\\\/2023\\\/10\\\/RMC-500250.png\",\"contentUrl\":\"https:\\\/\\\/repliquemangacine.fr\\\/wp-content\\\/uploads\\\/2023\\\/10\\\/RMC-500250.png\",\"width\":500,\"height\":250,\"caption\":\"R\u00e9plique Manga Cin\u00e9\"},\"image\":{\"@id\":\"https:\\\/\\\/repliquemangacine.fr\\\/#\\\/schema\\\/logo\\\/image\\\/\"},\"sameAs\":[\"https:\\\/\\\/www.facebook.com\\\/RepliqueMangaCine\",\"https:\\\/\\\/www.instagram.com\\\/repliquemangacine.fr\\\/\"]}]}<\/script>\n<!-- \/ Yoast SEO plugin. -->","yoast_head_json":{"title":"Brown Bess Gewehr 1722 - Replik Gewehr Land Pattern Denix | RMC","description":"Entdecken Sie das Brown Bess 1722 Denix-Gewehr zum besten Preis - Lauf und Schaft aus Massivholz - Mechanismus, Lauf aus Zamak. Bajonett. L\u00e4nge: 190 cm","robots":{"index":"index","follow":"follow","max-snippet":"max-snippet:-1","max-image-preview":"max-image-preview:large","max-video-preview":"max-video-preview:-1"},"canonical":"https:\/\/repliquemangacine.fr\/de\/denix\/gewehr-brown-bess-1722-land-pattern-denix\/","og_locale":"de_DE","og_type":"article","og_title":"Fusil Brown Bess 1722 - R\u00e9plique fusil Land Pattern Denix | RMC","og_description":"D\u00e9couvrez le Fusil Brown Bess 1722 Denix au meilleur prix - Canon et f\u00fbt en bois massif - M\u00e9canisme, canon en zamac. Ba\u00efonnette. Longueur : 190 cm","og_url":"https:\/\/repliquemangacine.fr\/de\/denix\/gewehr-brown-bess-1722-land-pattern-denix\/","og_site_name":"R\u00e9plique Manga Cin\u00e9","article_publisher":"https:\/\/www.facebook.com\/RepliqueMangaCine","article_modified_time":"2026-04-17T16:57:53+00:00","og_image":[{"width":800,"height":800,"url":"https:\/\/repliquemangacine.fr\/wp-content\/uploads\/2023\/10\/939-Replique-Fusil-Mousqueton-a-baionnette-Brown-Bess-Anglais-1722.jpg","type":"image\/jpeg"}],"twitter_card":"summary_large_image","twitter_misc":{"Gesch\u00e4tzte Lesezeit":"2\u00a0Minuten"},"schema":{"@context":"https:\/\/schema.org","@graph":[{"@type":"WebPage","@id":"https:\/\/repliquemangacine.fr\/denix\/fusil-brown-bess-1722-land-pattern-denix\/","url":"https:\/\/repliquemangacine.fr\/denix\/fusil-brown-bess-1722-land-pattern-denix\/","name":"Brown Bess Gewehr 1722 - Replik Gewehr Land Pattern Denix | RMC","isPartOf":{"@id":"https:\/\/repliquemangacine.fr\/#website"},"primaryImageOfPage":{"@id":"https:\/\/repliquemangacine.fr\/denix\/fusil-brown-bess-1722-land-pattern-denix\/#primaryimage"},"image":{"@id":"https:\/\/repliquemangacine.fr\/denix\/fusil-brown-bess-1722-land-pattern-denix\/#primaryimage"},"thumbnailUrl":"https:\/\/repliquemangacine.fr\/wp-content\/uploads\/2023\/10\/939-Replique-Fusil-Mousqueton-a-baionnette-Brown-Bess-Anglais-1722.jpg","datePublished":"2016-11-13T18:42:52+00:00","dateModified":"2026-04-17T16:57:53+00:00","description":"Entdecken Sie das Brown Bess 1722 Denix-Gewehr zum besten Preis - Lauf und Schaft aus Massivholz - Mechanismus, Lauf aus Zamak. Bajonett. L\u00e4nge: 190 cm","breadcrumb":{"@id":"https:\/\/repliquemangacine.fr\/denix\/fusil-brown-bess-1722-land-pattern-denix\/#breadcrumb"},"inLanguage":"de","potentialAction":[{"@type":"ReadAction","target":["https:\/\/repliquemangacine.fr\/denix\/fusil-brown-bess-1722-land-pattern-denix\/"]}]},{"@type":"ImageObject","inLanguage":"de","@id":"https:\/\/repliquemangacine.fr\/denix\/fusil-brown-bess-1722-land-pattern-denix\/#primaryimage","url":"https:\/\/repliquemangacine.fr\/wp-content\/uploads\/2023\/10\/939-Replique-Fusil-Mousqueton-a-baionnette-Brown-Bess-Anglais-1722.jpg","contentUrl":"https:\/\/repliquemangacine.fr\/wp-content\/uploads\/2023\/10\/939-Replique-Fusil-Mousqueton-a-baionnette-Brown-Bess-Anglais-1722.jpg","width":800,"height":800,"caption":"R\u00e9plique Fusil Mousqueton \u00e0 ba\u00efonnette Brown Bess - Anglais 1722"},{"@type":"BreadcrumbList","@id":"https:\/\/repliquemangacine.fr\/denix\/fusil-brown-bess-1722-land-pattern-denix\/#breadcrumb","itemListElement":[{"@type":"ListItem","position":1,"name":"Accueil","item":"https:\/\/repliquemangacine.fr\/"},{"@type":"ListItem","position":2,"name":"Produits","item":"https:\/\/repliquemangacine.fr\/boutique\/"},{"@type":"ListItem","position":3,"name":"Fusil Brown Bess 1722"}]},{"@type":"WebSite","@id":"https:\/\/repliquemangacine.fr\/#website","url":"https:\/\/repliquemangacine.fr\/","name":"R\u00e9plique Manga Cin\u00e9","description":"","publisher":{"@id":"https:\/\/repliquemangacine.fr\/#organization"},"potentialAction":[{"@type":"SearchAction","target":{"@type":"EntryPoint","urlTemplate":"https:\/\/repliquemangacine.fr\/?s={search_term_string}"},"query-input":{"@type":"PropertyValueSpecification","valueRequired":true,"valueName":"search_term_string"}}],"inLanguage":"de"},{"@type":"Organization","@id":"https:\/\/repliquemangacine.fr\/#organization","name":"R\u00e9plique Manga Cin\u00e9","url":"https:\/\/repliquemangacine.fr\/","logo":{"@type":"ImageObject","inLanguage":"de","@id":"https:\/\/repliquemangacine.fr\/#\/schema\/logo\/image\/","url":"https:\/\/repliquemangacine.fr\/wp-content\/uploads\/2023\/10\/RMC-500250.png","contentUrl":"https:\/\/repliquemangacine.fr\/wp-content\/uploads\/2023\/10\/RMC-500250.png","width":500,"height":250,"caption":"R\u00e9plique Manga Cin\u00e9"},"image":{"@id":"https:\/\/repliquemangacine.fr\/#\/schema\/logo\/image\/"},"sameAs":["https:\/\/www.facebook.com\/RepliqueMangaCine","https:\/\/www.instagram.com\/repliquemangacine.fr\/"]}]}},"_links":{"self":[{"href":"https:\/\/repliquemangacine.fr\/de\/wp-json\/wp\/v2\/product\/26247","targetHints":{"allow":["GET"]}}],"collection":[{"href":"https:\/\/repliquemangacine.fr\/de\/wp-json\/wp\/v2\/product"}],"about":[{"href":"https:\/\/repliquemangacine.fr\/de\/wp-json\/wp\/v2\/types\/product"}],"wp:featuredmedia":[{"embeddable":true,"href":"https:\/\/repliquemangacine.fr\/de\/wp-json\/wp\/v2\/media\/26248"}],"wp:attachment":[{"href":"https:\/\/repliquemangacine.fr\/de\/wp-json\/wp\/v2\/media?parent=26247"}],"wp:term":[{"taxonomy":"product_brand","embeddable":true,"href":"https:\/\/repliquemangacine.fr\/de\/wp-json\/wp\/v2\/product_brand?post=26247"},{"taxonomy":"product_cat","embeddable":true,"href":"https:\/\/repliquemangacine.fr\/de\/wp-json\/wp\/v2\/product_cat?post=26247"},{"taxonomy":"product_tag","embeddable":true,"href":"https:\/\/repliquemangacine.fr\/de\/wp-json\/wp\/v2\/product_tag?post=26247"}],"curies":[{"name":"wp","href":"https:\/\/api.w.org\/{rel}","templated":true}]}}