





{"id":26240,"date":"2016-11-13T19:25:19","date_gmt":"2016-11-13T18:25:19","guid":{"rendered":"https:\/\/repliquemangacine.fr\/?post_type=product&#038;p=26240"},"modified":"2026-04-27T19:00:44","modified_gmt":"2026-04-27T17:00:44","slug":"charleville-gewehr-modell-1806-mit-bajonett","status":"publish","type":"product","link":"https:\/\/repliquemangacine.fr\/de\/replique-d-armes-1er-empire\/fusil-charleville-modele-1806-avec-baionnette\/","title":{"rendered":"Charleville-Gewehr Modell 1806"},"content":{"rendered":"<h2>Charleville-Gewehr Modell 1806 mit Bajonett.<\/h2>\n<p>Zu Beginn wird der <strong>Charleville-Gewehr Modell 1806<\/strong> ist eine Waffe, die w\u00e4hrend der Herrschaft von Ludwig XVI. von dem Ingenieur Gribeauval entwickelt wurde. Sie ist bekannt f\u00fcr ihren massiven Einsatz auf den europ\u00e4ischen Kriegsschaupl\u00e4tzen (Franz\u00f6sische Revolution, Napoleonische Kriege). Die Langlebigkeit dieser Waffe sagt viel \u00fcber ihre Qualit\u00e4ten aus.<\/p>\n<p>Sie wurde in einer Auflage von 2 Millionen Exemplaren produziert und r\u00fcstete alle Infanteristen des Ersten Kaiserreichs aus, die auf allen Schlachtfeldern in Europa und \u00dcbersee k\u00e4mpften.<\/p>\n<p>Das Gewehr Modell 1777 wurde so rationell wie m\u00f6glich entworfen, um eine weitere Standardisierung zu erreichen, und 1801 modifiziert.<\/p>\n<p>\u00dcbrigens wird diese Version in mehreren Filmen in Szenen von Infanterieschlachten verwendet.<\/p>\n<h2>Ihr Charleville-Gewehr Modell 1806 zum besten Preis.<\/h2>\n<p>Wir bieten Ihnen eine gro\u00dfe Auswahl an Reproduktionen historischer Waffen.<\/p>\n<p>Zun\u00e4chst einmal,<\/p>\n<ul>\n<li>Die Reproduktion in Originalgr\u00f6\u00dfe des <a href=\"https:\/\/repliquemangacine.fr\/de\/replik-von-waffen-1-empire\/gewehr-brown-bess-1722-land-pattern-denix\/\">Gewehr Land Pattern Musket<\/a> \"Brown Bess 1722\" mit Bajonett.<\/li>\n<li>Sowie die Reproduktion in Originalgr\u00f6\u00dfe der<a href=\"https:\/\/repliquemangacine.fr\/de\/replik-von-waffen-1-empire\/carabine-francaise-a-silex-napoleon-1806\/\"> franz\u00f6sisches Gewehr<\/a> Napoleonische Periode 1806.<\/li>\n<li>Und noch viel mehr gibt es in unserem Online-Shop zu entdecken!<\/li>\n<\/ul>\n<p>Deshalb ist dies eine gro\u00dfartige Geschenkidee f\u00fcr alle Liebhaber historischer Waffen.<\/p>\n<p>Abschlie\u00dfend k\u00f6nnen Sie diesen <strong>Charleville-Gewehr Modell 1806<\/strong> f\u00fcr Ihre historischen Nachstellungen. Vor allem aber ist diese Waffe ein Sammler- und Dekorationsst\u00fcck.<\/p>\n<p>R\u00e9plique Manga Cin\u00e9 ist ein franz\u00f6sisches Unternehmen und offizieller Vertriebspartner der Marke <a href=\"https:\/\/www.denix.fr\/fr\/catalogue\/armes-historiques-s-xvi-xix\/carabines-carabines-et-fusils\/1036\/\" target=\"_blank\" rel=\"noopener noreferrer\">Denix<\/a>.<\/p>\n<h2>Wie werden Denix-Waffenrepliken hergestellt?<\/h2>\n<p>Werden in historischen Rekonstruktionen, Filmen und Serien sowie von Sammlern verwendet. Denix-Waffenreproduktionen, die aus hochwertigen Materialien hergestellt werden. Sorgf\u00e4ltig bearbeitet und zusammengesetzt, um realistische Sammlerwaffen zu schaffen.<\/p>\n<ul>\n<li>Die Metalle sind in einer Metalllegierung, die als Zamac bekannt ist und deren Grundzusammensetzung Zink in 95% ist.<\/li>\n<li>Die Kunststoffteile der Repliken aus geformtem ABS, das eine hohe Widerstandsf\u00e4higkeit bietet.<\/li>\n<li>Holz, das aufgrund seiner Sch\u00f6nheit und Haltbarkeit ausgew\u00e4hlt wird, wie z. B. Mahagoni, Olivenholz oder Walnuss, verleiht Ihren Sch\u00e4ften und F\u00e4ssern ein elegantes und authentisches Aussehen.<\/li>\n<\/ul>\n<p>Es ist zu betonen, dass alle Nachbildungen von Denix-Waffen mit den Originalen identisch sind, wie Ihr <strong>Charleville-Gewehr Modell 1806<\/strong>.<\/p>","protected":false},"excerpt":{"rendered":"<p>Reproduktion des franz\u00f6sischen Gewehrs Charleville 1806.<\/p>\n<ul>\n<li>Schaft und Kolben aus Massivholz.<\/li>\n<li>Mechanismus und Lauf aus Zamak.<\/li>\n<li>Abnehmbares Bajonett aus Metall.<\/li>\n<li>Bewaffnet sich und rammt.<\/li>\n<li>Ungeeignet zum Schie\u00dfen.<\/li>\n<li>L\u00e4nge des Laufs: 100 cm - Gesamtl\u00e4nge: 139 cm, mit Bajonett: 183 cm<\/li>\n<li>L\u00e4nge Bajonett: 43 cm - Gewicht: 2.800 Kg<\/li>\n<li><strong>Unterliegt keiner Genehmigungspflicht. Verkauf und Besitz frei<\/strong><\/li>\n<\/ul>","protected":false},"featured_media":26241,"template":"","meta":[],"product_brand":[896],"product_cat":[25,102,55,37,83,28,833],"product_tag":[],"class_list":{"0":"post-26240","1":"product","2":"type-product","3":"status-publish","4":"has-post-thumbnail","6":"product_brand-replique-manga-cine","7":"product_cat-armes-historiques","8":"product_cat-denix","9":"product_cat-fusil-ancien","10":"product_cat-premier-empire","11":"product_cat-replique-d-armes-1er-empire","12":"product_cat-repliques-darmes","13":"product_cat-repliques-darmes-napoleon","15":"first","16":"outofstock","17":"sale","18":"taxable","19":"shipping-taxable","20":"purchasable","21":"product-type-simple"},"yoast_head":"<!-- This site is optimized with the Yoast SEO plugin v27.5 - https:\/\/yoast.com\/product\/yoast-seo-wordpress\/ -->\n<title>Fusil Charleville mod\u00e8le 1806 - R\u00e9pliques armes Denix | RMC<\/title>\n<meta name=\"description\" content=\"D\u00e9couvrez en taille r\u00e9elle du Fusil Charleville mod\u00e8le 1806 au meilleur prix - Tout en bois massif et zamac - Avec Ba\u00efonnette - Longueur : 183 cm\" \/>\n<meta name=\"robots\" content=\"index, follow, max-snippet:-1, max-image-preview:large, max-video-preview:-1\" \/>\n<link rel=\"canonical\" href=\"https:\/\/repliquemangacine.fr\/de\/replik-von-waffen-1-empire\/charleville-gewehr-modell-1806-mit-bajonett\/\" \/>\n<meta property=\"og:locale\" content=\"de_DE\" \/>\n<meta property=\"og:type\" content=\"article\" \/>\n<meta property=\"og:title\" content=\"Fusil Charleville mod\u00e8le 1806 - R\u00e9pliques armes Denix | RMC\" \/>\n<meta property=\"og:description\" content=\"D\u00e9couvrez en taille r\u00e9elle du Fusil Charleville mod\u00e8le 1806 au meilleur prix - Tout en bois massif et zamac - Avec Ba\u00efonnette - Longueur : 183 cm\" \/>\n<meta property=\"og:url\" content=\"https:\/\/repliquemangacine.fr\/de\/replik-von-waffen-1-empire\/charleville-gewehr-modell-1806-mit-bajonett\/\" \/>\n<meta property=\"og:site_name\" content=\"R\u00e9plique Manga Cin\u00e9\" \/>\n<meta property=\"article:publisher\" content=\"https:\/\/www.facebook.com\/RepliqueMangaCine\" \/>\n<meta property=\"article:modified_time\" content=\"2026-04-27T17:00:44+00:00\" \/>\n<meta property=\"og:image\" content=\"https:\/\/repliquemangacine.fr\/wp-content\/uploads\/2023\/10\/933-Replique-Fusil-francais-Napoleonien-1806-avec-baionnette.jpg\" \/>\n\t<meta property=\"og:image:width\" content=\"800\" \/>\n\t<meta property=\"og:image:height\" content=\"800\" \/>\n\t<meta property=\"og:image:type\" content=\"image\/jpeg\" \/>\n<meta name=\"twitter:card\" content=\"summary_large_image\" \/>\n<meta name=\"twitter:label1\" content=\"Gesch\u00e4tzte Lesezeit\" \/>\n\t<meta name=\"twitter:data1\" content=\"2\u00a0Minuten\" \/>\n<script type=\"application\/ld+json\" class=\"yoast-schema-graph\">{\"@context\":\"https:\\\/\\\/schema.org\",\"@graph\":[{\"@type\":\"WebPage\",\"@id\":\"https:\\\/\\\/repliquemangacine.fr\\\/replique-d-armes-1er-empire\\\/fusil-charleville-modele-1806-avec-baionnette\\\/\",\"url\":\"https:\\\/\\\/repliquemangacine.fr\\\/replique-d-armes-1er-empire\\\/fusil-charleville-modele-1806-avec-baionnette\\\/\",\"name\":\"Fusil Charleville mod\u00e8le 1806 - R\u00e9pliques armes Denix | RMC\",\"isPartOf\":{\"@id\":\"https:\\\/\\\/repliquemangacine.fr\\\/#website\"},\"primaryImageOfPage\":{\"@id\":\"https:\\\/\\\/repliquemangacine.fr\\\/replique-d-armes-1er-empire\\\/fusil-charleville-modele-1806-avec-baionnette\\\/#primaryimage\"},\"image\":{\"@id\":\"https:\\\/\\\/repliquemangacine.fr\\\/replique-d-armes-1er-empire\\\/fusil-charleville-modele-1806-avec-baionnette\\\/#primaryimage\"},\"thumbnailUrl\":\"https:\\\/\\\/repliquemangacine.fr\\\/wp-content\\\/uploads\\\/2023\\\/10\\\/933-Replique-Fusil-francais-Napoleonien-1806-avec-baionnette.jpg\",\"datePublished\":\"2016-11-13T18:25:19+00:00\",\"dateModified\":\"2026-04-27T17:00:44+00:00\",\"description\":\"D\u00e9couvrez en taille r\u00e9elle du Fusil Charleville mod\u00e8le 1806 au meilleur prix - Tout en bois massif et zamac - Avec Ba\u00efonnette - Longueur : 183 cm\",\"breadcrumb\":{\"@id\":\"https:\\\/\\\/repliquemangacine.fr\\\/replique-d-armes-1er-empire\\\/fusil-charleville-modele-1806-avec-baionnette\\\/#breadcrumb\"},\"inLanguage\":\"de\",\"potentialAction\":[{\"@type\":\"ReadAction\",\"target\":[\"https:\\\/\\\/repliquemangacine.fr\\\/replique-d-armes-1er-empire\\\/fusil-charleville-modele-1806-avec-baionnette\\\/\"]}]},{\"@type\":\"ImageObject\",\"inLanguage\":\"de\",\"@id\":\"https:\\\/\\\/repliquemangacine.fr\\\/replique-d-armes-1er-empire\\\/fusil-charleville-modele-1806-avec-baionnette\\\/#primaryimage\",\"url\":\"https:\\\/\\\/repliquemangacine.fr\\\/wp-content\\\/uploads\\\/2023\\\/10\\\/933-Replique-Fusil-francais-Napoleonien-1806-avec-baionnette.jpg\",\"contentUrl\":\"https:\\\/\\\/repliquemangacine.fr\\\/wp-content\\\/uploads\\\/2023\\\/10\\\/933-Replique-Fusil-francais-Napoleonien-1806-avec-baionnette.jpg\",\"width\":800,\"height\":800,\"caption\":\"R\u00e9plique Fusil fran\u00e7ais Napol\u00e9onien 1806 avec ba\u00efonnette\"},{\"@type\":\"BreadcrumbList\",\"@id\":\"https:\\\/\\\/repliquemangacine.fr\\\/replique-d-armes-1er-empire\\\/fusil-charleville-modele-1806-avec-baionnette\\\/#breadcrumb\",\"itemListElement\":[{\"@type\":\"ListItem\",\"position\":1,\"name\":\"Accueil\",\"item\":\"https:\\\/\\\/repliquemangacine.fr\\\/\"},{\"@type\":\"ListItem\",\"position\":2,\"name\":\"Produits\",\"item\":\"https:\\\/\\\/repliquemangacine.fr\\\/boutique\\\/\"},{\"@type\":\"ListItem\",\"position\":3,\"name\":\"Fusil Charleville mod\u00e8le 1806\"}]},{\"@type\":\"WebSite\",\"@id\":\"https:\\\/\\\/repliquemangacine.fr\\\/#website\",\"url\":\"https:\\\/\\\/repliquemangacine.fr\\\/\",\"name\":\"R\u00e9plique Manga Cin\u00e9\",\"description\":\"\",\"publisher\":{\"@id\":\"https:\\\/\\\/repliquemangacine.fr\\\/#organization\"},\"potentialAction\":[{\"@type\":\"SearchAction\",\"target\":{\"@type\":\"EntryPoint\",\"urlTemplate\":\"https:\\\/\\\/repliquemangacine.fr\\\/?s={search_term_string}\"},\"query-input\":{\"@type\":\"PropertyValueSpecification\",\"valueRequired\":true,\"valueName\":\"search_term_string\"}}],\"inLanguage\":\"de\"},{\"@type\":\"Organization\",\"@id\":\"https:\\\/\\\/repliquemangacine.fr\\\/#organization\",\"name\":\"R\u00e9plique Manga Cin\u00e9\",\"url\":\"https:\\\/\\\/repliquemangacine.fr\\\/\",\"logo\":{\"@type\":\"ImageObject\",\"inLanguage\":\"de\",\"@id\":\"https:\\\/\\\/repliquemangacine.fr\\\/#\\\/schema\\\/logo\\\/image\\\/\",\"url\":\"https:\\\/\\\/repliquemangacine.fr\\\/wp-content\\\/uploads\\\/2023\\\/10\\\/RMC-500250.png\",\"contentUrl\":\"https:\\\/\\\/repliquemangacine.fr\\\/wp-content\\\/uploads\\\/2023\\\/10\\\/RMC-500250.png\",\"width\":500,\"height\":250,\"caption\":\"R\u00e9plique Manga Cin\u00e9\"},\"image\":{\"@id\":\"https:\\\/\\\/repliquemangacine.fr\\\/#\\\/schema\\\/logo\\\/image\\\/\"},\"sameAs\":[\"https:\\\/\\\/www.facebook.com\\\/RepliqueMangaCine\",\"https:\\\/\\\/www.instagram.com\\\/repliquemangacine.fr\\\/\"]}]}<\/script>\n<!-- \/ Yoast SEO plugin. -->","yoast_head_json":{"title":"Charleville-Gewehr Modell 1806 - Replica Denix Waffen | RMC","description":"Entdecken Sie in Originalgr\u00f6\u00dfe das Charleville-Gewehr Modell 1806 zum besten Preis - Alles aus Massivholz und Zamak - Mit Bajonett - L\u00e4nge: 183 cm","robots":{"index":"index","follow":"follow","max-snippet":"max-snippet:-1","max-image-preview":"max-image-preview:large","max-video-preview":"max-video-preview:-1"},"canonical":"https:\/\/repliquemangacine.fr\/de\/replik-von-waffen-1-empire\/charleville-gewehr-modell-1806-mit-bajonett\/","og_locale":"de_DE","og_type":"article","og_title":"Fusil Charleville mod\u00e8le 1806 - R\u00e9pliques armes Denix | RMC","og_description":"D\u00e9couvrez en taille r\u00e9elle du Fusil Charleville mod\u00e8le 1806 au meilleur prix - Tout en bois massif et zamac - Avec Ba\u00efonnette - Longueur : 183 cm","og_url":"https:\/\/repliquemangacine.fr\/de\/replik-von-waffen-1-empire\/charleville-gewehr-modell-1806-mit-bajonett\/","og_site_name":"R\u00e9plique Manga Cin\u00e9","article_publisher":"https:\/\/www.facebook.com\/RepliqueMangaCine","article_modified_time":"2026-04-27T17:00:44+00:00","og_image":[{"width":800,"height":800,"url":"https:\/\/repliquemangacine.fr\/wp-content\/uploads\/2023\/10\/933-Replique-Fusil-francais-Napoleonien-1806-avec-baionnette.jpg","type":"image\/jpeg"}],"twitter_card":"summary_large_image","twitter_misc":{"Gesch\u00e4tzte Lesezeit":"2\u00a0Minuten"},"schema":{"@context":"https:\/\/schema.org","@graph":[{"@type":"WebPage","@id":"https:\/\/repliquemangacine.fr\/replique-d-armes-1er-empire\/fusil-charleville-modele-1806-avec-baionnette\/","url":"https:\/\/repliquemangacine.fr\/replique-d-armes-1er-empire\/fusil-charleville-modele-1806-avec-baionnette\/","name":"Charleville-Gewehr Modell 1806 - Replica Denix Waffen | RMC","isPartOf":{"@id":"https:\/\/repliquemangacine.fr\/#website"},"primaryImageOfPage":{"@id":"https:\/\/repliquemangacine.fr\/replique-d-armes-1er-empire\/fusil-charleville-modele-1806-avec-baionnette\/#primaryimage"},"image":{"@id":"https:\/\/repliquemangacine.fr\/replique-d-armes-1er-empire\/fusil-charleville-modele-1806-avec-baionnette\/#primaryimage"},"thumbnailUrl":"https:\/\/repliquemangacine.fr\/wp-content\/uploads\/2023\/10\/933-Replique-Fusil-francais-Napoleonien-1806-avec-baionnette.jpg","datePublished":"2016-11-13T18:25:19+00:00","dateModified":"2026-04-27T17:00:44+00:00","description":"Entdecken Sie in Originalgr\u00f6\u00dfe das Charleville-Gewehr Modell 1806 zum besten Preis - Alles aus Massivholz und Zamak - Mit Bajonett - L\u00e4nge: 183 cm","breadcrumb":{"@id":"https:\/\/repliquemangacine.fr\/replique-d-armes-1er-empire\/fusil-charleville-modele-1806-avec-baionnette\/#breadcrumb"},"inLanguage":"de","potentialAction":[{"@type":"ReadAction","target":["https:\/\/repliquemangacine.fr\/replique-d-armes-1er-empire\/fusil-charleville-modele-1806-avec-baionnette\/"]}]},{"@type":"ImageObject","inLanguage":"de","@id":"https:\/\/repliquemangacine.fr\/replique-d-armes-1er-empire\/fusil-charleville-modele-1806-avec-baionnette\/#primaryimage","url":"https:\/\/repliquemangacine.fr\/wp-content\/uploads\/2023\/10\/933-Replique-Fusil-francais-Napoleonien-1806-avec-baionnette.jpg","contentUrl":"https:\/\/repliquemangacine.fr\/wp-content\/uploads\/2023\/10\/933-Replique-Fusil-francais-Napoleonien-1806-avec-baionnette.jpg","width":800,"height":800,"caption":"R\u00e9plique Fusil fran\u00e7ais Napol\u00e9onien 1806 avec ba\u00efonnette"},{"@type":"BreadcrumbList","@id":"https:\/\/repliquemangacine.fr\/replique-d-armes-1er-empire\/fusil-charleville-modele-1806-avec-baionnette\/#breadcrumb","itemListElement":[{"@type":"ListItem","position":1,"name":"Accueil","item":"https:\/\/repliquemangacine.fr\/"},{"@type":"ListItem","position":2,"name":"Produits","item":"https:\/\/repliquemangacine.fr\/boutique\/"},{"@type":"ListItem","position":3,"name":"Fusil Charleville mod\u00e8le 1806"}]},{"@type":"WebSite","@id":"https:\/\/repliquemangacine.fr\/#website","url":"https:\/\/repliquemangacine.fr\/","name":"R\u00e9plique Manga Cin\u00e9","description":"","publisher":{"@id":"https:\/\/repliquemangacine.fr\/#organization"},"potentialAction":[{"@type":"SearchAction","target":{"@type":"EntryPoint","urlTemplate":"https:\/\/repliquemangacine.fr\/?s={search_term_string}"},"query-input":{"@type":"PropertyValueSpecification","valueRequired":true,"valueName":"search_term_string"}}],"inLanguage":"de"},{"@type":"Organization","@id":"https:\/\/repliquemangacine.fr\/#organization","name":"R\u00e9plique Manga Cin\u00e9","url":"https:\/\/repliquemangacine.fr\/","logo":{"@type":"ImageObject","inLanguage":"de","@id":"https:\/\/repliquemangacine.fr\/#\/schema\/logo\/image\/","url":"https:\/\/repliquemangacine.fr\/wp-content\/uploads\/2023\/10\/RMC-500250.png","contentUrl":"https:\/\/repliquemangacine.fr\/wp-content\/uploads\/2023\/10\/RMC-500250.png","width":500,"height":250,"caption":"R\u00e9plique Manga Cin\u00e9"},"image":{"@id":"https:\/\/repliquemangacine.fr\/#\/schema\/logo\/image\/"},"sameAs":["https:\/\/www.facebook.com\/RepliqueMangaCine","https:\/\/www.instagram.com\/repliquemangacine.fr\/"]}]}},"_links":{"self":[{"href":"https:\/\/repliquemangacine.fr\/de\/wp-json\/wp\/v2\/product\/26240","targetHints":{"allow":["GET"]}}],"collection":[{"href":"https:\/\/repliquemangacine.fr\/de\/wp-json\/wp\/v2\/product"}],"about":[{"href":"https:\/\/repliquemangacine.fr\/de\/wp-json\/wp\/v2\/types\/product"}],"wp:featuredmedia":[{"embeddable":true,"href":"https:\/\/repliquemangacine.fr\/de\/wp-json\/wp\/v2\/media\/26241"}],"wp:attachment":[{"href":"https:\/\/repliquemangacine.fr\/de\/wp-json\/wp\/v2\/media?parent=26240"}],"wp:term":[{"taxonomy":"product_brand","embeddable":true,"href":"https:\/\/repliquemangacine.fr\/de\/wp-json\/wp\/v2\/product_brand?post=26240"},{"taxonomy":"product_cat","embeddable":true,"href":"https:\/\/repliquemangacine.fr\/de\/wp-json\/wp\/v2\/product_cat?post=26240"},{"taxonomy":"product_tag","embeddable":true,"href":"https:\/\/repliquemangacine.fr\/de\/wp-json\/wp\/v2\/product_tag?post=26240"}],"curies":[{"name":"wp","href":"https:\/\/api.w.org\/{rel}","templated":true}]}}