





{"id":26208,"date":"2016-11-12T13:00:23","date_gmt":"2016-11-12T12:00:23","guid":{"rendered":"https:\/\/repliquemangacine.fr\/?post_type=product&#038;p=26208"},"modified":"2026-02-05T00:52:26","modified_gmt":"2026-02-04T23:52:26","slug":"englische-duellpistole-18-jahrhundert","status":"publish","type":"product","link":"https:\/\/repliquemangacine.fr\/de\/replique-d-armes-1er-empire\/pistolet-duel-anglais-18eme\/","title":{"rendered":"Duellpistole Steinschlosspistole Englisch 18."},"content":{"rendered":"<h2>Englische Duellpistole 18\u1d49 - Denix.<\/h2>\n<p>Zu Beginn wird der <strong>Pistole Duell Englisch<\/strong> 18\u1d49 Jahrhundert, H\u00f6hepunkt der mechanischen Entwicklung des Flintlocks war wohl die britische Duellpistole.<\/p>\n<p>Funkenpistolen hatten einen Feuerstein oder Feuerstein, der durch den Hammer ausgel\u00f6st wurde und den Funken erzeugte, der das Schie\u00dfpulver entz\u00fcndete. Bei all diesen Waffen musste die Munition nach jedem Schuss von Hand nachgeladen werden.<\/p>\n<p>Meist f\u00fcr einen einzelnen Schuss verwendet, da die Nachlademethode sehr langsam war und es in der Regel keine Zeit zum Nachladen gab. Daher waren die K\u00e4mpfer nach dem Schuss gezwungen, ihre S\u00e4bel oder Schwerter zu ziehen.<\/p>\n<p>Die Steinschlosspistole blieb \u00fcber 200 Jahre lang die in ganz Europa und dar\u00fcber hinaus am h\u00e4ufigsten verwendete Waffe. Daher war sie bei historischen Nachstellungen dieser Zeit und bei allen Schlachten des 18. Jahrhunderts sehr gefragt.<\/p>\n<h2>Ihre Englische Duellpistole zum besten Preis.<\/h2>\n<p>Wir bieten Ihnen eine gro\u00dfe Auswahl an Repliken antiker Denix-Waffen.<\/p>\n<p>Zun\u00e4chst einmal,<\/p>\n<ul>\n<li>Die <a href=\"https:\/\/repliquemangacine.fr\/de\/antike-pistole\/derringer-pistole-1866\/\">Derringer-Pistole USA 1866<\/a>Die meisten von ihnen haben einen kleinen Flintlock im Taschenformat.<\/li>\n<li>Die Steinschlosspistole Napoleon <a href=\"https:\/\/repliquemangacine.fr\/de\/replik-von-waffen-1-empire\/pistole-napoleon-2-kanonen-denix\/\">Doppell\u00e4ufige Flintlock<\/a>.<\/li>\n<li>Und noch viel mehr gibt es in unserem Online-Shop zu entdecken!<\/li>\n<\/ul>\n<p>Deshalb sind hier tolle Geschenkideen f\u00fcr alle Liebhaber alter Waffen.<\/p>\n<p>Abschlie\u00dfend k\u00f6nnen Sie den <strong>Pistole Duell Englisch<\/strong> 18\u1d49 Si\u00e8cle f\u00fcr Ihre historischen Nachstellungen.<\/p>\n<p>In erster Linie ist es ein Sammler- und Dekorationsst\u00fcck.<\/p>\n<p>R\u00e9plique Manga Cin\u00e9 ist ein franz\u00f6sisches Familienunternehmen, offizieller Vertriebspartner <a href=\"https:\/\/www.denix.fr\/fr\/catalogue\/armes-historiques-s-xvi-xix\/pistolets\/1196-g\/\" target=\"_blank\" rel=\"noopener noreferrer\">Denix<\/a>.<\/p>\n<h2>Wie werden Denix-Waffenrepliken hergestellt?<\/h2>\n<p>Werden in historischen Rekonstruktionen, Filmen und Serien sowie von Sammlern verwendet. Denix-Waffenreproduktionen, die aus hochwertigen Materialien hergestellt werden. Sorgf\u00e4ltig bearbeitet und zusammengesetzt, um realistische Sammlerwaffen zu schaffen.<\/p>\n<ul>\n<li>Die Metalle sind in einer Metalllegierung, die als Zamac bekannt ist und deren Grundzusammensetzung Zink in 95% ist.<\/li>\n<li>Die Kunststoffteile der Repliken aus geformtem ABS, das eine hohe Widerstandsf\u00e4higkeit bietet.<\/li>\n<li>Holz, das aufgrund seiner Sch\u00f6nheit und Haltbarkeit ausgew\u00e4hlt wird, wie z. B. Mahagoni, Olivenholz oder Walnuss, verleiht Ihren Sch\u00e4ften und F\u00e4ssern ein elegantes und authentisches Aussehen.<\/li>\n<\/ul>\n<p>Es ist zu betonen, dass alle Nachbildungen von Denix-Waffen mit den Originalen identisch sind, wie Ihr <strong>Pistole Duell Englisch<\/strong>.<\/p>","protected":false},"excerpt":{"rendered":"<p>Reproduktion der englischen Duellpistole Flintlock aus dem Jahr 18\u1d49.<\/p>\n<ul>\n<li>Schaft und Kolben aus Massivholz.<\/li>\n<li>Mechanismus und Lauf aus Zamak mit Gravuren.<\/li>\n<li>Bewaffnet sich und rammt.<\/li>\n<li>Ungeeignet zum Schie\u00dfen.<\/li>\n<li>Unterliegt keiner Genehmigungspflicht. Verkauf und Besitz frei.<\/li>\n<li>L\u00e4nge: 37 cm - Gewicht: 2570g<\/li>\n<\/ul>","protected":false},"featured_media":26209,"template":"","meta":[],"product_brand":[896],"product_cat":[25,52,37,83,28],"product_tag":[],"class_list":{"0":"post-26208","1":"product","2":"type-product","3":"status-publish","4":"has-post-thumbnail","6":"product_brand-replique-manga-cine","7":"product_cat-armes-historiques","8":"product_cat-pistolet-ancien","9":"product_cat-premier-empire","10":"product_cat-replique-d-armes-1er-empire","11":"product_cat-repliques-darmes","13":"first","14":"instock","15":"taxable","16":"shipping-taxable","17":"purchasable","18":"product-type-simple"},"yoast_head":"<!-- This site is optimized with the Yoast SEO plugin v27.5 - https:\/\/yoast.com\/product\/yoast-seo-wordpress\/ -->\n<title>Pistolet Duel Anglais - Vente d&#039;armes anciennes Denix | RMC<\/title>\n<meta name=\"description\" content=\"Offrez-vous ! Ce Pistolet Duel Anglais du 18\u1d49 au meilleur prix - En Bois massif - M\u00e9canisme fonctionnel en m\u00e9tal avec gravures - Simulation de tir - 37 cm\" \/>\n<meta name=\"robots\" content=\"index, follow, max-snippet:-1, max-image-preview:large, max-video-preview:-1\" \/>\n<link rel=\"canonical\" href=\"https:\/\/repliquemangacine.fr\/de\/replik-von-waffen-1-empire\/englische-duellpistole-18-jahrhundert\/\" \/>\n<meta property=\"og:locale\" content=\"de_DE\" \/>\n<meta property=\"og:type\" content=\"article\" \/>\n<meta property=\"og:title\" content=\"Pistolet Duel Anglais - Vente d&#039;armes anciennes Denix | RMC\" \/>\n<meta property=\"og:description\" content=\"Offrez-vous ! Ce Pistolet Duel Anglais du 18\u1d49 au meilleur prix - En Bois massif - M\u00e9canisme fonctionnel en m\u00e9tal avec gravures - Simulation de tir - 37 cm\" \/>\n<meta property=\"og:url\" content=\"https:\/\/repliquemangacine.fr\/de\/replik-von-waffen-1-empire\/englische-duellpistole-18-jahrhundert\/\" \/>\n<meta property=\"og:site_name\" content=\"R\u00e9plique Manga Cin\u00e9\" \/>\n<meta property=\"article:publisher\" content=\"https:\/\/www.facebook.com\/RepliqueMangaCine\" \/>\n<meta property=\"article:modified_time\" content=\"2026-02-04T23:52:26+00:00\" \/>\n<meta property=\"og:image\" content=\"https:\/\/repliquemangacine.fr\/wp-content\/uploads\/2023\/10\/905-replique-Pistolet-Duel-a-silex-Anglais-18eme.jpg\" \/>\n\t<meta property=\"og:image:width\" content=\"800\" \/>\n\t<meta property=\"og:image:height\" content=\"800\" \/>\n\t<meta property=\"og:image:type\" content=\"image\/jpeg\" \/>\n<meta name=\"twitter:card\" content=\"summary_large_image\" \/>\n<meta name=\"twitter:label1\" content=\"Gesch\u00e4tzte Lesezeit\" \/>\n\t<meta name=\"twitter:data1\" content=\"2\u00a0Minuten\" \/>\n<script type=\"application\/ld+json\" class=\"yoast-schema-graph\">{\"@context\":\"https:\\\/\\\/schema.org\",\"@graph\":[{\"@type\":\"WebPage\",\"@id\":\"https:\\\/\\\/repliquemangacine.fr\\\/replique-d-armes-1er-empire\\\/pistolet-duel-anglais-18eme\\\/\",\"url\":\"https:\\\/\\\/repliquemangacine.fr\\\/replique-d-armes-1er-empire\\\/pistolet-duel-anglais-18eme\\\/\",\"name\":\"Pistolet Duel Anglais - Vente d'armes anciennes Denix | RMC\",\"isPartOf\":{\"@id\":\"https:\\\/\\\/repliquemangacine.fr\\\/#website\"},\"primaryImageOfPage\":{\"@id\":\"https:\\\/\\\/repliquemangacine.fr\\\/replique-d-armes-1er-empire\\\/pistolet-duel-anglais-18eme\\\/#primaryimage\"},\"image\":{\"@id\":\"https:\\\/\\\/repliquemangacine.fr\\\/replique-d-armes-1er-empire\\\/pistolet-duel-anglais-18eme\\\/#primaryimage\"},\"thumbnailUrl\":\"https:\\\/\\\/repliquemangacine.fr\\\/wp-content\\\/uploads\\\/2023\\\/10\\\/905-replique-Pistolet-Duel-a-silex-Anglais-18eme.jpg\",\"datePublished\":\"2016-11-12T12:00:23+00:00\",\"dateModified\":\"2026-02-04T23:52:26+00:00\",\"description\":\"Offrez-vous ! Ce Pistolet Duel Anglais du 18\u1d49 au meilleur prix - En Bois massif - M\u00e9canisme fonctionnel en m\u00e9tal avec gravures - Simulation de tir - 37 cm\",\"breadcrumb\":{\"@id\":\"https:\\\/\\\/repliquemangacine.fr\\\/replique-d-armes-1er-empire\\\/pistolet-duel-anglais-18eme\\\/#breadcrumb\"},\"inLanguage\":\"de\",\"potentialAction\":[{\"@type\":\"ReadAction\",\"target\":[\"https:\\\/\\\/repliquemangacine.fr\\\/replique-d-armes-1er-empire\\\/pistolet-duel-anglais-18eme\\\/\"]}]},{\"@type\":\"ImageObject\",\"inLanguage\":\"de\",\"@id\":\"https:\\\/\\\/repliquemangacine.fr\\\/replique-d-armes-1er-empire\\\/pistolet-duel-anglais-18eme\\\/#primaryimage\",\"url\":\"https:\\\/\\\/repliquemangacine.fr\\\/wp-content\\\/uploads\\\/2023\\\/10\\\/905-replique-Pistolet-Duel-a-silex-Anglais-18eme.jpg\",\"contentUrl\":\"https:\\\/\\\/repliquemangacine.fr\\\/wp-content\\\/uploads\\\/2023\\\/10\\\/905-replique-Pistolet-Duel-a-silex-Anglais-18eme.jpg\",\"width\":800,\"height\":800,\"caption\":\"r\u00e9plique Pistolet Duel \u00e0 silex Anglais 18\u00e8me\"},{\"@type\":\"BreadcrumbList\",\"@id\":\"https:\\\/\\\/repliquemangacine.fr\\\/replique-d-armes-1er-empire\\\/pistolet-duel-anglais-18eme\\\/#breadcrumb\",\"itemListElement\":[{\"@type\":\"ListItem\",\"position\":1,\"name\":\"Accueil\",\"item\":\"https:\\\/\\\/repliquemangacine.fr\\\/\"},{\"@type\":\"ListItem\",\"position\":2,\"name\":\"Produits\",\"item\":\"https:\\\/\\\/repliquemangacine.fr\\\/boutique\\\/\"},{\"@type\":\"ListItem\",\"position\":3,\"name\":\"Pistolet Duel \u00e0 silex Anglais 18\u00e8me\"}]},{\"@type\":\"WebSite\",\"@id\":\"https:\\\/\\\/repliquemangacine.fr\\\/#website\",\"url\":\"https:\\\/\\\/repliquemangacine.fr\\\/\",\"name\":\"R\u00e9plique Manga Cin\u00e9\",\"description\":\"\",\"publisher\":{\"@id\":\"https:\\\/\\\/repliquemangacine.fr\\\/#organization\"},\"potentialAction\":[{\"@type\":\"SearchAction\",\"target\":{\"@type\":\"EntryPoint\",\"urlTemplate\":\"https:\\\/\\\/repliquemangacine.fr\\\/?s={search_term_string}\"},\"query-input\":{\"@type\":\"PropertyValueSpecification\",\"valueRequired\":true,\"valueName\":\"search_term_string\"}}],\"inLanguage\":\"de\"},{\"@type\":\"Organization\",\"@id\":\"https:\\\/\\\/repliquemangacine.fr\\\/#organization\",\"name\":\"R\u00e9plique Manga Cin\u00e9\",\"url\":\"https:\\\/\\\/repliquemangacine.fr\\\/\",\"logo\":{\"@type\":\"ImageObject\",\"inLanguage\":\"de\",\"@id\":\"https:\\\/\\\/repliquemangacine.fr\\\/#\\\/schema\\\/logo\\\/image\\\/\",\"url\":\"https:\\\/\\\/repliquemangacine.fr\\\/wp-content\\\/uploads\\\/2023\\\/10\\\/RMC-500250.png\",\"contentUrl\":\"https:\\\/\\\/repliquemangacine.fr\\\/wp-content\\\/uploads\\\/2023\\\/10\\\/RMC-500250.png\",\"width\":500,\"height\":250,\"caption\":\"R\u00e9plique Manga Cin\u00e9\"},\"image\":{\"@id\":\"https:\\\/\\\/repliquemangacine.fr\\\/#\\\/schema\\\/logo\\\/image\\\/\"},\"sameAs\":[\"https:\\\/\\\/www.facebook.com\\\/RepliqueMangaCine\",\"https:\\\/\\\/www.instagram.com\\\/repliquemangacine.fr\\\/\"]}]}<\/script>\n<!-- \/ Yoast SEO plugin. -->","yoast_head_json":{"title":"Englische Duellpistole - Verkauf von antiken Denix Waffen | RMC","description":"Bieten Sie sich selbst an! Diese Englische Duellpistole aus 18\u1d49 zum besten Preis - Aus Massivholz - Funktioneller Metallmechanismus mit Gravuren - Schie\u00dfsimulation - 37 cm","robots":{"index":"index","follow":"follow","max-snippet":"max-snippet:-1","max-image-preview":"max-image-preview:large","max-video-preview":"max-video-preview:-1"},"canonical":"https:\/\/repliquemangacine.fr\/de\/replik-von-waffen-1-empire\/englische-duellpistole-18-jahrhundert\/","og_locale":"de_DE","og_type":"article","og_title":"Pistolet Duel Anglais - Vente d'armes anciennes Denix | RMC","og_description":"Offrez-vous ! Ce Pistolet Duel Anglais du 18\u1d49 au meilleur prix - En Bois massif - M\u00e9canisme fonctionnel en m\u00e9tal avec gravures - Simulation de tir - 37 cm","og_url":"https:\/\/repliquemangacine.fr\/de\/replik-von-waffen-1-empire\/englische-duellpistole-18-jahrhundert\/","og_site_name":"R\u00e9plique Manga Cin\u00e9","article_publisher":"https:\/\/www.facebook.com\/RepliqueMangaCine","article_modified_time":"2026-02-04T23:52:26+00:00","og_image":[{"width":800,"height":800,"url":"https:\/\/repliquemangacine.fr\/wp-content\/uploads\/2023\/10\/905-replique-Pistolet-Duel-a-silex-Anglais-18eme.jpg","type":"image\/jpeg"}],"twitter_card":"summary_large_image","twitter_misc":{"Gesch\u00e4tzte Lesezeit":"2\u00a0Minuten"},"schema":{"@context":"https:\/\/schema.org","@graph":[{"@type":"WebPage","@id":"https:\/\/repliquemangacine.fr\/replique-d-armes-1er-empire\/pistolet-duel-anglais-18eme\/","url":"https:\/\/repliquemangacine.fr\/replique-d-armes-1er-empire\/pistolet-duel-anglais-18eme\/","name":"Englische Duellpistole - Verkauf von antiken Denix Waffen | RMC","isPartOf":{"@id":"https:\/\/repliquemangacine.fr\/#website"},"primaryImageOfPage":{"@id":"https:\/\/repliquemangacine.fr\/replique-d-armes-1er-empire\/pistolet-duel-anglais-18eme\/#primaryimage"},"image":{"@id":"https:\/\/repliquemangacine.fr\/replique-d-armes-1er-empire\/pistolet-duel-anglais-18eme\/#primaryimage"},"thumbnailUrl":"https:\/\/repliquemangacine.fr\/wp-content\/uploads\/2023\/10\/905-replique-Pistolet-Duel-a-silex-Anglais-18eme.jpg","datePublished":"2016-11-12T12:00:23+00:00","dateModified":"2026-02-04T23:52:26+00:00","description":"Bieten Sie sich selbst an! Diese Englische Duellpistole aus 18\u1d49 zum besten Preis - Aus Massivholz - Funktioneller Metallmechanismus mit Gravuren - Schie\u00dfsimulation - 37 cm","breadcrumb":{"@id":"https:\/\/repliquemangacine.fr\/replique-d-armes-1er-empire\/pistolet-duel-anglais-18eme\/#breadcrumb"},"inLanguage":"de","potentialAction":[{"@type":"ReadAction","target":["https:\/\/repliquemangacine.fr\/replique-d-armes-1er-empire\/pistolet-duel-anglais-18eme\/"]}]},{"@type":"ImageObject","inLanguage":"de","@id":"https:\/\/repliquemangacine.fr\/replique-d-armes-1er-empire\/pistolet-duel-anglais-18eme\/#primaryimage","url":"https:\/\/repliquemangacine.fr\/wp-content\/uploads\/2023\/10\/905-replique-Pistolet-Duel-a-silex-Anglais-18eme.jpg","contentUrl":"https:\/\/repliquemangacine.fr\/wp-content\/uploads\/2023\/10\/905-replique-Pistolet-Duel-a-silex-Anglais-18eme.jpg","width":800,"height":800,"caption":"r\u00e9plique Pistolet Duel \u00e0 silex Anglais 18\u00e8me"},{"@type":"BreadcrumbList","@id":"https:\/\/repliquemangacine.fr\/replique-d-armes-1er-empire\/pistolet-duel-anglais-18eme\/#breadcrumb","itemListElement":[{"@type":"ListItem","position":1,"name":"Accueil","item":"https:\/\/repliquemangacine.fr\/"},{"@type":"ListItem","position":2,"name":"Produits","item":"https:\/\/repliquemangacine.fr\/boutique\/"},{"@type":"ListItem","position":3,"name":"Pistolet Duel \u00e0 silex Anglais 18\u00e8me"}]},{"@type":"WebSite","@id":"https:\/\/repliquemangacine.fr\/#website","url":"https:\/\/repliquemangacine.fr\/","name":"R\u00e9plique Manga Cin\u00e9","description":"","publisher":{"@id":"https:\/\/repliquemangacine.fr\/#organization"},"potentialAction":[{"@type":"SearchAction","target":{"@type":"EntryPoint","urlTemplate":"https:\/\/repliquemangacine.fr\/?s={search_term_string}"},"query-input":{"@type":"PropertyValueSpecification","valueRequired":true,"valueName":"search_term_string"}}],"inLanguage":"de"},{"@type":"Organization","@id":"https:\/\/repliquemangacine.fr\/#organization","name":"R\u00e9plique Manga Cin\u00e9","url":"https:\/\/repliquemangacine.fr\/","logo":{"@type":"ImageObject","inLanguage":"de","@id":"https:\/\/repliquemangacine.fr\/#\/schema\/logo\/image\/","url":"https:\/\/repliquemangacine.fr\/wp-content\/uploads\/2023\/10\/RMC-500250.png","contentUrl":"https:\/\/repliquemangacine.fr\/wp-content\/uploads\/2023\/10\/RMC-500250.png","width":500,"height":250,"caption":"R\u00e9plique Manga Cin\u00e9"},"image":{"@id":"https:\/\/repliquemangacine.fr\/#\/schema\/logo\/image\/"},"sameAs":["https:\/\/www.facebook.com\/RepliqueMangaCine","https:\/\/www.instagram.com\/repliquemangacine.fr\/"]}]}},"_links":{"self":[{"href":"https:\/\/repliquemangacine.fr\/de\/wp-json\/wp\/v2\/product\/26208","targetHints":{"allow":["GET"]}}],"collection":[{"href":"https:\/\/repliquemangacine.fr\/de\/wp-json\/wp\/v2\/product"}],"about":[{"href":"https:\/\/repliquemangacine.fr\/de\/wp-json\/wp\/v2\/types\/product"}],"wp:featuredmedia":[{"embeddable":true,"href":"https:\/\/repliquemangacine.fr\/de\/wp-json\/wp\/v2\/media\/26209"}],"wp:attachment":[{"href":"https:\/\/repliquemangacine.fr\/de\/wp-json\/wp\/v2\/media?parent=26208"}],"wp:term":[{"taxonomy":"product_brand","embeddable":true,"href":"https:\/\/repliquemangacine.fr\/de\/wp-json\/wp\/v2\/product_brand?post=26208"},{"taxonomy":"product_cat","embeddable":true,"href":"https:\/\/repliquemangacine.fr\/de\/wp-json\/wp\/v2\/product_cat?post=26208"},{"taxonomy":"product_tag","embeddable":true,"href":"https:\/\/repliquemangacine.fr\/de\/wp-json\/wp\/v2\/product_tag?post=26208"}],"curies":[{"name":"wp","href":"https:\/\/api.w.org\/{rel}","templated":true}]}}