





{"id":26186,"date":"2016-11-11T16:48:53","date_gmt":"2016-11-11T15:48:53","guid":{"rendered":"https:\/\/repliquemangacine.fr\/?post_type=product&#038;p=26186"},"modified":"2026-04-13T23:45:06","modified_gmt":"2026-04-13T21:45:06","slug":"italienische-perkussionspistole-1826","status":"publish","type":"product","link":"https:\/\/repliquemangacine.fr\/de\/pistolet-ancien\/pistolet-a-percussion-italien-1825\/","title":{"rendered":"Italienische Perkussionspistole 1825"},"content":{"rendered":"<h2>Italienische Perkussionspistole 1825 - Denix<\/h2>\n<p>Zun\u00e4chst einmal die italienische Perkussionspistole von 1825, deren Original sich in Brescia, Italien, befindet. Italien scheint die wichtigste Quelle f\u00fcr die Beschaffung von Waffen gewesen zu sein. Diese Version der Brescia 1825 ist wundersch\u00f6n detailliert und zeigt sehr gut die typische italienische Handwerkskunst.<\/p>\n<p>Die erheblichen Vorteile des Perkussionssystems werden schnell genutzt, um Mehrschusswaffen zu entwickeln.<\/p>\n<p>Dieses neue Prinzip scheint sich um 1820 unter dem Einfluss von Joseph-Marin G\u00e9velot, der das Verfahren industrialisiert, allgemein durchzusetzen und verdr\u00e4ngt um 1840 in Europa endg\u00fcltig den Feuerstein.<\/p>\n<p>Dieses System war wesentlich zuverl\u00e4ssiger und weniger wetterabh\u00e4ngig als die fr\u00fcheren Plattenspieler, die f\u00fcr dieses neue System umger\u00fcstet wurden, das bis etwa 1865 in Gebrauch war.<\/p>\n<h2>Ihre italienische Perkussionspistole zum besten Preis.<\/h2>\n<p>Wir bieten Ihnen eine gro\u00dfe Auswahl an Repliken antiker Denix-Waffen.<\/p>\n<p>Zun\u00e4chst einmal,<\/p>\n<ul>\n<li>Die Pistole aus dem 18\u1d49 Jahrhundert von <a href=\"https:\/\/repliquemangacine.fr\/de\/historische-waffen\/pistole-georges-washington-18-jahrhundert\/\">George Washington<\/a>Erster Pr\u00e4sident der Vereinigten Staaten von Amerika<\/li>\n<li>Es gibt auch den <a href=\"https:\/\/repliquemangacine.fr\/de\/antike-pistole\/kentucky-pistole-19-usa\/\">Kentucky Funkenpistole,<\/a> die klassische Waffe der fr\u00fchen Entdecker des amerikanischen Westens.<\/li>\n<li>Sowie das <a href=\"https:\/\/repliquemangacine.fr\/de\/antike-pistole\/osterreichischer-flintlock-tromblon-18-jahrhundert\/\">Flintlock Tromblon<\/a> \u00f6sterreichisch aus dem 18\u1d49 Jahrhundert<\/li>\n<li>Und noch viel mehr gibt es in unserem Online-Shop zu entdecken!<\/li>\n<\/ul>\n<p>Deshalb sind hier tolle Geschenkideen f\u00fcr alle Liebhaber alter Waffen.<\/p>\n<p>Abschlie\u00dfend k\u00f6nnen Sie den <strong>Italienische Perkussionspistole<\/strong> 1825 f\u00fcr Ihre historischen Nachstellungen. Vor allem aber ist es ein Sammler- und Dekorationsst\u00fcck.<\/p>\n<p>R\u00e9plique Manga Cin\u00e9 ist ein franz\u00f6sisches Familienunternehmen, offizieller Vertriebspartner <a href=\"https:\/\/www.denix.fr\/fr\/catalogue\/armes-historiques-s-xvi-xix\/pistolets\/1013-l\/\" target=\"_blank\" rel=\"noopener noreferrer\">Denix<\/a>.<\/p>\n<h2>Wie werden Denix-Waffenrepliken hergestellt?<\/h2>\n<p>Werden in historischen Rekonstruktionen, Filmen und Serien sowie von Sammlern verwendet. Denix-Waffenreproduktionen, die aus hochwertigen Materialien hergestellt werden. Sorgf\u00e4ltig bearbeitet und zusammengesetzt, um realistische Sammlerwaffen zu schaffen.<\/p>\n<ul>\n<li>Die Metalle sind in einer Metalllegierung, die als Zamac bekannt ist und deren Grundzusammensetzung Zink in 95% ist.<\/li>\n<li>Die Kunststoffteile der Repliken aus geformtem ABS, das eine hohe Widerstandsf\u00e4higkeit bietet.<\/li>\n<li>Holz, das aufgrund seiner Sch\u00f6nheit und Haltbarkeit ausgew\u00e4hlt wird, wie z. B. Mahagoni, Olivenholz oder Walnuss, verleiht Ihren Sch\u00e4ften und F\u00e4ssern ein elegantes und authentisches Aussehen.<\/li>\n<\/ul>\n<p>Es ist zu betonen, dass alle Nachbildungen von Denix-Waffen mit den Originalen identisch sind, wie Ihr <strong>Italienische Perkussionspistole<\/strong>.<\/p>","protected":false},"excerpt":{"rendered":"<p>Italienische Perkussionspistole aus dem Jahr 1825.<\/p>\n<ul>\n<li>Schaft und Kolben aus Massivholz.<\/li>\n<li>Kalotte aus graviertem Metall.<\/li>\n<li>Mechanismus und Lauf aus Zamak mit Gravur.<\/li>\n<li>Bewaffnet sich und rammt.<\/li>\n<li>Ungeeignet zum Schie\u00dfen.<\/li>\n<li>Unterliegt keiner Genehmigungspflicht. Verkauf und Besitz frei<\/li>\n<li>L\u00e4nge: 38 cm - Gewicht: 555g<\/li>\n<\/ul>\n<p><iframe title=\"YouTube-Videoplayer\" src=\"https:\/\/www.youtube.com\/embed\/6BwHa0YfY2g\" width=\"560\" height=\"315\" frameborder=\"0\" allowfullscreen=\"allowfullscreen\"><\/iframe><\/p>","protected":false},"featured_media":26187,"template":"","meta":[],"product_brand":[896],"product_cat":[52,28],"product_tag":[],"class_list":{"0":"post-26186","1":"product","2":"type-product","3":"status-publish","4":"has-post-thumbnail","6":"product_brand-replique-manga-cine","7":"product_cat-pistolet-ancien","8":"product_cat-repliques-darmes","10":"first","11":"outofstock","12":"taxable","13":"shipping-taxable","14":"purchasable","15":"product-type-simple"},"yoast_head":"<!-- This site is optimized with the Yoast SEO plugin v27.4 - https:\/\/yoast.com\/product\/yoast-seo-wordpress\/ -->\n<title>Pistolet \u00e0 percussion italien - Vente armes anciennes Denix | RMC<\/title>\n<meta name=\"description\" content=\"Offrez-vous ! Ce Pistolet \u00e0 percussion italien de 1825 au meilleur prix - Crosse et f\u00fbt en bois - M\u00e9canisme fonctionnel en m\u00e9tal - S&#039;arme et percute - 38 cm\" \/>\n<meta name=\"robots\" content=\"index, follow, max-snippet:-1, max-image-preview:large, max-video-preview:-1\" \/>\n<link rel=\"canonical\" href=\"https:\/\/repliquemangacine.fr\/de\/antike-pistole\/italienische-perkussionspistole-1826\/\" \/>\n<meta property=\"og:locale\" content=\"de_DE\" \/>\n<meta property=\"og:type\" content=\"article\" \/>\n<meta property=\"og:title\" content=\"Pistolet \u00e0 percussion italien - Vente armes anciennes Denix | RMC\" \/>\n<meta property=\"og:description\" content=\"Offrez-vous ! Ce Pistolet \u00e0 percussion italien de 1825 au meilleur prix - Crosse et f\u00fbt en bois - M\u00e9canisme fonctionnel en m\u00e9tal - S&#039;arme et percute - 38 cm\" \/>\n<meta property=\"og:url\" content=\"https:\/\/repliquemangacine.fr\/de\/antike-pistole\/italienische-perkussionspistole-1826\/\" \/>\n<meta property=\"og:site_name\" content=\"R\u00e9plique Manga Cin\u00e9\" \/>\n<meta property=\"article:publisher\" content=\"https:\/\/www.facebook.com\/RepliqueMangaCine\" \/>\n<meta property=\"article:modified_time\" content=\"2026-04-13T21:45:06+00:00\" \/>\n<meta property=\"og:image\" content=\"https:\/\/repliquemangacine.fr\/wp-content\/uploads\/2023\/10\/888-Replique-Denix-Pistolet-Italien-a-percussion-1825.jpg\" \/>\n\t<meta property=\"og:image:width\" content=\"800\" \/>\n\t<meta property=\"og:image:height\" content=\"800\" \/>\n\t<meta property=\"og:image:type\" content=\"image\/jpeg\" \/>\n<meta name=\"twitter:card\" content=\"summary_large_image\" \/>\n<meta name=\"twitter:label1\" content=\"Gesch\u00e4tzte Lesezeit\" \/>\n\t<meta name=\"twitter:data1\" content=\"2\u00a0Minuten\" \/>\n<script type=\"application\/ld+json\" class=\"yoast-schema-graph\">{\"@context\":\"https:\\\/\\\/schema.org\",\"@graph\":[{\"@type\":\"WebPage\",\"@id\":\"https:\\\/\\\/repliquemangacine.fr\\\/pistolet-ancien\\\/pistolet-a-percussion-italien-1825\\\/\",\"url\":\"https:\\\/\\\/repliquemangacine.fr\\\/pistolet-ancien\\\/pistolet-a-percussion-italien-1825\\\/\",\"name\":\"Pistolet \u00e0 percussion italien - Vente armes anciennes Denix | RMC\",\"isPartOf\":{\"@id\":\"https:\\\/\\\/repliquemangacine.fr\\\/#website\"},\"primaryImageOfPage\":{\"@id\":\"https:\\\/\\\/repliquemangacine.fr\\\/pistolet-ancien\\\/pistolet-a-percussion-italien-1825\\\/#primaryimage\"},\"image\":{\"@id\":\"https:\\\/\\\/repliquemangacine.fr\\\/pistolet-ancien\\\/pistolet-a-percussion-italien-1825\\\/#primaryimage\"},\"thumbnailUrl\":\"https:\\\/\\\/repliquemangacine.fr\\\/wp-content\\\/uploads\\\/2023\\\/10\\\/888-Replique-Denix-Pistolet-Italien-a-percussion-1825.jpg\",\"datePublished\":\"2016-11-11T15:48:53+00:00\",\"dateModified\":\"2026-04-13T21:45:06+00:00\",\"description\":\"Offrez-vous ! Ce Pistolet \u00e0 percussion italien de 1825 au meilleur prix - Crosse et f\u00fbt en bois - M\u00e9canisme fonctionnel en m\u00e9tal - S'arme et percute - 38 cm\",\"breadcrumb\":{\"@id\":\"https:\\\/\\\/repliquemangacine.fr\\\/pistolet-ancien\\\/pistolet-a-percussion-italien-1825\\\/#breadcrumb\"},\"inLanguage\":\"de\",\"potentialAction\":[{\"@type\":\"ReadAction\",\"target\":[\"https:\\\/\\\/repliquemangacine.fr\\\/pistolet-ancien\\\/pistolet-a-percussion-italien-1825\\\/\"]}]},{\"@type\":\"ImageObject\",\"inLanguage\":\"de\",\"@id\":\"https:\\\/\\\/repliquemangacine.fr\\\/pistolet-ancien\\\/pistolet-a-percussion-italien-1825\\\/#primaryimage\",\"url\":\"https:\\\/\\\/repliquemangacine.fr\\\/wp-content\\\/uploads\\\/2023\\\/10\\\/888-Replique-Denix-Pistolet-Italien-a-percussion-1825.jpg\",\"contentUrl\":\"https:\\\/\\\/repliquemangacine.fr\\\/wp-content\\\/uploads\\\/2023\\\/10\\\/888-Replique-Denix-Pistolet-Italien-a-percussion-1825.jpg\",\"width\":800,\"height\":800,\"caption\":\"R\u00e9plique Denix -Pistolet Italien \u00e0 percussion 1825\"},{\"@type\":\"BreadcrumbList\",\"@id\":\"https:\\\/\\\/repliquemangacine.fr\\\/pistolet-ancien\\\/pistolet-a-percussion-italien-1825\\\/#breadcrumb\",\"itemListElement\":[{\"@type\":\"ListItem\",\"position\":1,\"name\":\"Accueil\",\"item\":\"https:\\\/\\\/repliquemangacine.fr\\\/\"},{\"@type\":\"ListItem\",\"position\":2,\"name\":\"Produits\",\"item\":\"https:\\\/\\\/repliquemangacine.fr\\\/boutique\\\/\"},{\"@type\":\"ListItem\",\"position\":3,\"name\":\"Pistolet italien \u00e0 percussion 1825\"}]},{\"@type\":\"WebSite\",\"@id\":\"https:\\\/\\\/repliquemangacine.fr\\\/#website\",\"url\":\"https:\\\/\\\/repliquemangacine.fr\\\/\",\"name\":\"R\u00e9plique Manga Cin\u00e9\",\"description\":\"\",\"publisher\":{\"@id\":\"https:\\\/\\\/repliquemangacine.fr\\\/#organization\"},\"potentialAction\":[{\"@type\":\"SearchAction\",\"target\":{\"@type\":\"EntryPoint\",\"urlTemplate\":\"https:\\\/\\\/repliquemangacine.fr\\\/?s={search_term_string}\"},\"query-input\":{\"@type\":\"PropertyValueSpecification\",\"valueRequired\":true,\"valueName\":\"search_term_string\"}}],\"inLanguage\":\"de\"},{\"@type\":\"Organization\",\"@id\":\"https:\\\/\\\/repliquemangacine.fr\\\/#organization\",\"name\":\"R\u00e9plique Manga Cin\u00e9\",\"url\":\"https:\\\/\\\/repliquemangacine.fr\\\/\",\"logo\":{\"@type\":\"ImageObject\",\"inLanguage\":\"de\",\"@id\":\"https:\\\/\\\/repliquemangacine.fr\\\/#\\\/schema\\\/logo\\\/image\\\/\",\"url\":\"https:\\\/\\\/repliquemangacine.fr\\\/wp-content\\\/uploads\\\/2023\\\/10\\\/RMC-500250.png\",\"contentUrl\":\"https:\\\/\\\/repliquemangacine.fr\\\/wp-content\\\/uploads\\\/2023\\\/10\\\/RMC-500250.png\",\"width\":500,\"height\":250,\"caption\":\"R\u00e9plique Manga Cin\u00e9\"},\"image\":{\"@id\":\"https:\\\/\\\/repliquemangacine.fr\\\/#\\\/schema\\\/logo\\\/image\\\/\"},\"sameAs\":[\"https:\\\/\\\/www.facebook.com\\\/RepliqueMangaCine\",\"https:\\\/\\\/www.instagram.com\\\/repliquemangacine.fr\\\/\"]}]}<\/script>\n<!-- \/ Yoast SEO plugin. -->","yoast_head_json":{"title":"Italienische Perkussionspistole - Verkauf antike Waffen Denix | RMC","description":"Bieten Sie sich an! Diese italienische Perkussionspistole von 1825 zum besten Preis - Holzgriff und -schaft - Funktionsmechanismus aus Metall - Spannen und Schlagen - 38 cm","robots":{"index":"index","follow":"follow","max-snippet":"max-snippet:-1","max-image-preview":"max-image-preview:large","max-video-preview":"max-video-preview:-1"},"canonical":"https:\/\/repliquemangacine.fr\/de\/antike-pistole\/italienische-perkussionspistole-1826\/","og_locale":"de_DE","og_type":"article","og_title":"Pistolet \u00e0 percussion italien - Vente armes anciennes Denix | RMC","og_description":"Offrez-vous ! Ce Pistolet \u00e0 percussion italien de 1825 au meilleur prix - Crosse et f\u00fbt en bois - M\u00e9canisme fonctionnel en m\u00e9tal - S'arme et percute - 38 cm","og_url":"https:\/\/repliquemangacine.fr\/de\/antike-pistole\/italienische-perkussionspistole-1826\/","og_site_name":"R\u00e9plique Manga Cin\u00e9","article_publisher":"https:\/\/www.facebook.com\/RepliqueMangaCine","article_modified_time":"2026-04-13T21:45:06+00:00","og_image":[{"width":800,"height":800,"url":"https:\/\/repliquemangacine.fr\/wp-content\/uploads\/2023\/10\/888-Replique-Denix-Pistolet-Italien-a-percussion-1825.jpg","type":"image\/jpeg"}],"twitter_card":"summary_large_image","twitter_misc":{"Gesch\u00e4tzte Lesezeit":"2\u00a0Minuten"},"schema":{"@context":"https:\/\/schema.org","@graph":[{"@type":"WebPage","@id":"https:\/\/repliquemangacine.fr\/pistolet-ancien\/pistolet-a-percussion-italien-1825\/","url":"https:\/\/repliquemangacine.fr\/pistolet-ancien\/pistolet-a-percussion-italien-1825\/","name":"Italienische Perkussionspistole - Verkauf antike Waffen Denix | RMC","isPartOf":{"@id":"https:\/\/repliquemangacine.fr\/#website"},"primaryImageOfPage":{"@id":"https:\/\/repliquemangacine.fr\/pistolet-ancien\/pistolet-a-percussion-italien-1825\/#primaryimage"},"image":{"@id":"https:\/\/repliquemangacine.fr\/pistolet-ancien\/pistolet-a-percussion-italien-1825\/#primaryimage"},"thumbnailUrl":"https:\/\/repliquemangacine.fr\/wp-content\/uploads\/2023\/10\/888-Replique-Denix-Pistolet-Italien-a-percussion-1825.jpg","datePublished":"2016-11-11T15:48:53+00:00","dateModified":"2026-04-13T21:45:06+00:00","description":"Bieten Sie sich an! Diese italienische Perkussionspistole von 1825 zum besten Preis - Holzgriff und -schaft - Funktionsmechanismus aus Metall - Spannen und Schlagen - 38 cm","breadcrumb":{"@id":"https:\/\/repliquemangacine.fr\/pistolet-ancien\/pistolet-a-percussion-italien-1825\/#breadcrumb"},"inLanguage":"de","potentialAction":[{"@type":"ReadAction","target":["https:\/\/repliquemangacine.fr\/pistolet-ancien\/pistolet-a-percussion-italien-1825\/"]}]},{"@type":"ImageObject","inLanguage":"de","@id":"https:\/\/repliquemangacine.fr\/pistolet-ancien\/pistolet-a-percussion-italien-1825\/#primaryimage","url":"https:\/\/repliquemangacine.fr\/wp-content\/uploads\/2023\/10\/888-Replique-Denix-Pistolet-Italien-a-percussion-1825.jpg","contentUrl":"https:\/\/repliquemangacine.fr\/wp-content\/uploads\/2023\/10\/888-Replique-Denix-Pistolet-Italien-a-percussion-1825.jpg","width":800,"height":800,"caption":"R\u00e9plique Denix -Pistolet Italien \u00e0 percussion 1825"},{"@type":"BreadcrumbList","@id":"https:\/\/repliquemangacine.fr\/pistolet-ancien\/pistolet-a-percussion-italien-1825\/#breadcrumb","itemListElement":[{"@type":"ListItem","position":1,"name":"Accueil","item":"https:\/\/repliquemangacine.fr\/"},{"@type":"ListItem","position":2,"name":"Produits","item":"https:\/\/repliquemangacine.fr\/boutique\/"},{"@type":"ListItem","position":3,"name":"Pistolet italien \u00e0 percussion 1825"}]},{"@type":"WebSite","@id":"https:\/\/repliquemangacine.fr\/#website","url":"https:\/\/repliquemangacine.fr\/","name":"R\u00e9plique Manga Cin\u00e9","description":"","publisher":{"@id":"https:\/\/repliquemangacine.fr\/#organization"},"potentialAction":[{"@type":"SearchAction","target":{"@type":"EntryPoint","urlTemplate":"https:\/\/repliquemangacine.fr\/?s={search_term_string}"},"query-input":{"@type":"PropertyValueSpecification","valueRequired":true,"valueName":"search_term_string"}}],"inLanguage":"de"},{"@type":"Organization","@id":"https:\/\/repliquemangacine.fr\/#organization","name":"R\u00e9plique Manga Cin\u00e9","url":"https:\/\/repliquemangacine.fr\/","logo":{"@type":"ImageObject","inLanguage":"de","@id":"https:\/\/repliquemangacine.fr\/#\/schema\/logo\/image\/","url":"https:\/\/repliquemangacine.fr\/wp-content\/uploads\/2023\/10\/RMC-500250.png","contentUrl":"https:\/\/repliquemangacine.fr\/wp-content\/uploads\/2023\/10\/RMC-500250.png","width":500,"height":250,"caption":"R\u00e9plique Manga Cin\u00e9"},"image":{"@id":"https:\/\/repliquemangacine.fr\/#\/schema\/logo\/image\/"},"sameAs":["https:\/\/www.facebook.com\/RepliqueMangaCine","https:\/\/www.instagram.com\/repliquemangacine.fr\/"]}]}},"_links":{"self":[{"href":"https:\/\/repliquemangacine.fr\/de\/wp-json\/wp\/v2\/product\/26186","targetHints":{"allow":["GET"]}}],"collection":[{"href":"https:\/\/repliquemangacine.fr\/de\/wp-json\/wp\/v2\/product"}],"about":[{"href":"https:\/\/repliquemangacine.fr\/de\/wp-json\/wp\/v2\/types\/product"}],"wp:featuredmedia":[{"embeddable":true,"href":"https:\/\/repliquemangacine.fr\/de\/wp-json\/wp\/v2\/media\/26187"}],"wp:attachment":[{"href":"https:\/\/repliquemangacine.fr\/de\/wp-json\/wp\/v2\/media?parent=26186"}],"wp:term":[{"taxonomy":"product_brand","embeddable":true,"href":"https:\/\/repliquemangacine.fr\/de\/wp-json\/wp\/v2\/product_brand?post=26186"},{"taxonomy":"product_cat","embeddable":true,"href":"https:\/\/repliquemangacine.fr\/de\/wp-json\/wp\/v2\/product_cat?post=26186"},{"taxonomy":"product_tag","embeddable":true,"href":"https:\/\/repliquemangacine.fr\/de\/wp-json\/wp\/v2\/product_tag?post=26186"}],"curies":[{"name":"wp","href":"https:\/\/api.w.org\/{rel}","templated":true}]}}