





{"id":26150,"date":"2016-11-09T19:23:56","date_gmt":"2016-11-09T18:23:56","guid":{"rendered":"https:\/\/repliquemangacine.fr\/?post_type=product&#038;p=26150"},"modified":"2026-02-06T15:12:34","modified_gmt":"2026-02-06T14:12:34","slug":"italienische-pistole-3-laufe-lorenzoni-1680-2","status":"publish","type":"product","link":"https:\/\/repliquemangacine.fr\/de\/replique-d-armes-1er-empire\/pistolet-italien-3-canons-lorenzoni-1680-2\/","title":{"rendered":"Italienische Pistole 3 L\u00e4ufe - Lorenzoni 1680"},"content":{"rendered":"<h2>Italienische Pistole 3 L\u00e4ufe Lorenzoni 1680 - Denix<\/h2>\n<p>Zu Beginn wird der <strong>Italienische Pistole 3 L\u00e4ufe<\/strong>, Das Original dieser besonderen Steinschlosspistole wurde 1680 von Lorenzoni in Italien hergestellt. Das auf der Waffe eingravierte Wappen ist das der ber\u00fchmten Familie Medici.<\/p>\n<p>Lorenzoni, ein Waffenschmied und Designer, der im 17. Jahrhundert in Italien lebte. Seine Arbeit zielte darauf ab, Waffen zu entwickeln, die eine h\u00f6here Feuerrate hatten. Das Hauptziel des Konstrukteurs war es, die Abmessungen und das Gewicht der Waffe beizubehalten und gleichzeitig eine Feuerrate von 15 bis 20 Schuss pro Minute zu erreichen.<\/p>\n<p>Abschlie\u00dfend sei gesagt, dass Flintlock der allgemeine Begriff f\u00fcr jede Feuerwaffe ist, die auf dem Feuersteinmechanismus basiert.<\/p>\n<h2>Ihre italienische Pistole mit 3 L\u00e4ufen zum besten Preis.<\/h2>\n<p>Wir bieten Ihnen eine gro\u00dfe Auswahl an Repliken antiker Denix-Waffen.<\/p>\n<p>Zun\u00e4chst einmal,<\/p>\n<ul>\n<li>Die <a href=\"https:\/\/repliquemangacine.fr\/de\/replik-von-waffen-1-empire\/pistolet-cavalerie-francaise-1er-empire\/\">Kavalleriepistole<\/a> Franz\u00f6sisch, Napoleonische Periode.<\/li>\n<li>Die <a href=\"https:\/\/repliquemangacine.fr\/de\/replik-von-waffen-1-empire\/pistole-napoleon-2-kanonen-denix\/\">Steinschlosspistole Napoleon<\/a> zwei Kanonen.<\/li>\n<li>Es gibt auch all die alten Gewehre, wie das <a href=\"https:\/\/repliquemangacine.fr\/de\/replik-von-waffen-1-empire\/charleville-gewehr-modell-1806-mit-bajonett\/\">Gewehr Charleville<\/a> 1806.<\/li>\n<li>Und noch viel mehr gibt es in unserem Online-Shop zu entdecken!<\/li>\n<\/ul>\n<p>Deshalb sind hier tolle Geschenkideen f\u00fcr alle Liebhaber alter Waffen.<\/p>\n<p>Abschlie\u00dfend k\u00f6nnen Sie den <strong>Italienische Pistole 3 L\u00e4ufe<\/strong> f\u00fcr Ihre historischen Nachstellungen. Vor allem aber ist es ein Sammler- und Dekorationsst\u00fcck.<\/p>\n<p>R\u00e9plique Manga Cin\u00e9 ist ein franz\u00f6sisches Familienunternehmen, offizieller Vertriebspartner <a href=\"https:\/\/www.denix.fr\/fr\/catalogue\/armes-historiques-s-xvi-xix\/pistolets\/1016-l\/\" target=\"_blank\" rel=\"noopener noreferrer\">Denix<\/a>.<\/p>\n<h2>Wie werden Denix-Waffenrepliken hergestellt?<\/h2>\n<p>Werden in historischen Rekonstruktionen, Filmen und Serien sowie von Sammlern verwendet. Denix-Waffenreproduktionen, die aus hochwertigen Materialien hergestellt werden. Sorgf\u00e4ltig bearbeitet und zusammengesetzt, um realistische Sammlerwaffen zu schaffen.<\/p>\n<ul>\n<li>Die Metalle sind in einer Metalllegierung, die als Zamac bekannt ist und deren Grundzusammensetzung Zink in 95% ist.<\/li>\n<li>Die Kunststoffteile der Repliken aus geformtem ABS, das eine hohe Widerstandsf\u00e4higkeit bietet.<\/li>\n<li>Holz, das aufgrund seiner Sch\u00f6nheit und Haltbarkeit ausgew\u00e4hlt wird, wie z. B. Mahagoni, Olivenholz oder Walnuss, verleiht Ihren Sch\u00e4ften und F\u00e4ssern ein elegantes und authentisches Aussehen.<\/li>\n<\/ul>\n<p>Es ist zu betonen, dass alle Nachbildungen von Denix-Waffen mit den Originalen identisch sind, wie Ihr <strong>Italienische Pistole 3 L\u00e4ufe<\/strong>.<\/p>","protected":false},"excerpt":{"rendered":"<p>Steinschlosspistole, hergestellt von Lorenzoni im Jahr 1680.<\/p>\n<ul>\n<li>Schaftkappen aus graviertem Elfenbeinimitat.<\/li>\n<li>Mechanismus und die drei L\u00e4ufe sind aus Zamak.<\/li>\n<li>Kalotte aus graviertem Metall.<\/li>\n<li>Bewaffnet sich und rammt.<\/li>\n<li>Ungeeignet zum Schie\u00dfen.<\/li>\n<li>Unterliegt keiner Genehmigungspflicht. Verkauf und Besitz frei.<\/li>\n<li>L\u00e4nge: 29 cm - Gewicht: 880 g<\/li>\n<\/ul>","protected":false},"featured_media":26151,"template":"","meta":[],"product_brand":[896],"product_cat":[25,52,37,83,28],"product_tag":[],"class_list":{"0":"post-26150","1":"product","2":"type-product","3":"status-publish","4":"has-post-thumbnail","6":"product_brand-replique-manga-cine","7":"product_cat-armes-historiques","8":"product_cat-pistolet-ancien","9":"product_cat-premier-empire","10":"product_cat-replique-d-armes-1er-empire","11":"product_cat-repliques-darmes","13":"first","14":"instock","15":"taxable","16":"shipping-taxable","17":"purchasable","18":"product-type-simple"},"yoast_head":"<!-- This site is optimized with the Yoast SEO plugin v27.5 - https:\/\/yoast.com\/product\/yoast-seo-wordpress\/ -->\n<title>Pistolet Italien 3 canons - Vente d&#039;armes anciennes Denix | RMC<\/title>\n<meta name=\"description\" content=\"Commandez vite ! Ce Pistolet Italien 3 canons au meilleur prix - Tout en m\u00e9tal avec blason de la famille Medicis - Crosse ABS imitation ivoire - 29 cm\" \/>\n<meta name=\"robots\" content=\"index, follow, max-snippet:-1, max-image-preview:large, max-video-preview:-1\" \/>\n<link rel=\"canonical\" href=\"https:\/\/repliquemangacine.fr\/de\/replik-von-waffen-1-empire\/italienische-pistole-3-laufe-lorenzoni-1680-2\/\" \/>\n<meta property=\"og:locale\" content=\"de_DE\" \/>\n<meta property=\"og:type\" content=\"article\" \/>\n<meta property=\"og:title\" content=\"Pistolet Italien 3 canons - Vente d&#039;armes anciennes Denix | RMC\" \/>\n<meta property=\"og:description\" content=\"Commandez vite ! Ce Pistolet Italien 3 canons au meilleur prix - Tout en m\u00e9tal avec blason de la famille Medicis - Crosse ABS imitation ivoire - 29 cm\" \/>\n<meta property=\"og:url\" content=\"https:\/\/repliquemangacine.fr\/de\/replik-von-waffen-1-empire\/italienische-pistole-3-laufe-lorenzoni-1680-2\/\" \/>\n<meta property=\"og:site_name\" content=\"R\u00e9plique Manga Cin\u00e9\" \/>\n<meta property=\"article:publisher\" content=\"https:\/\/www.facebook.com\/RepliqueMangaCine\" \/>\n<meta property=\"article:modified_time\" content=\"2026-02-06T14:12:34+00:00\" \/>\n<meta property=\"og:image\" content=\"https:\/\/repliquemangacine.fr\/wp-content\/uploads\/2023\/10\/856-Replique-Pistolet-italien-3-canons-Lorenzoni-1680-2-tons.jpg\" \/>\n\t<meta property=\"og:image:width\" content=\"800\" \/>\n\t<meta property=\"og:image:height\" content=\"800\" \/>\n\t<meta property=\"og:image:type\" content=\"image\/jpeg\" \/>\n<meta name=\"twitter:card\" content=\"summary_large_image\" \/>\n<meta name=\"twitter:label1\" content=\"Gesch\u00e4tzte Lesezeit\" \/>\n\t<meta name=\"twitter:data1\" content=\"2\u00a0Minuten\" \/>\n<script type=\"application\/ld+json\" class=\"yoast-schema-graph\">{\"@context\":\"https:\\\/\\\/schema.org\",\"@graph\":[{\"@type\":\"WebPage\",\"@id\":\"https:\\\/\\\/repliquemangacine.fr\\\/replique-d-armes-1er-empire\\\/pistolet-italien-3-canons-lorenzoni-1680-2\\\/\",\"url\":\"https:\\\/\\\/repliquemangacine.fr\\\/replique-d-armes-1er-empire\\\/pistolet-italien-3-canons-lorenzoni-1680-2\\\/\",\"name\":\"Pistolet Italien 3 canons - Vente d'armes anciennes Denix | RMC\",\"isPartOf\":{\"@id\":\"https:\\\/\\\/repliquemangacine.fr\\\/#website\"},\"primaryImageOfPage\":{\"@id\":\"https:\\\/\\\/repliquemangacine.fr\\\/replique-d-armes-1er-empire\\\/pistolet-italien-3-canons-lorenzoni-1680-2\\\/#primaryimage\"},\"image\":{\"@id\":\"https:\\\/\\\/repliquemangacine.fr\\\/replique-d-armes-1er-empire\\\/pistolet-italien-3-canons-lorenzoni-1680-2\\\/#primaryimage\"},\"thumbnailUrl\":\"https:\\\/\\\/repliquemangacine.fr\\\/wp-content\\\/uploads\\\/2023\\\/10\\\/856-Replique-Pistolet-italien-3-canons-Lorenzoni-1680-2-tons.jpg\",\"datePublished\":\"2016-11-09T18:23:56+00:00\",\"dateModified\":\"2026-02-06T14:12:34+00:00\",\"description\":\"Commandez vite ! Ce Pistolet Italien 3 canons au meilleur prix - Tout en m\u00e9tal avec blason de la famille Medicis - Crosse ABS imitation ivoire - 29 cm\",\"breadcrumb\":{\"@id\":\"https:\\\/\\\/repliquemangacine.fr\\\/replique-d-armes-1er-empire\\\/pistolet-italien-3-canons-lorenzoni-1680-2\\\/#breadcrumb\"},\"inLanguage\":\"de\",\"potentialAction\":[{\"@type\":\"ReadAction\",\"target\":[\"https:\\\/\\\/repliquemangacine.fr\\\/replique-d-armes-1er-empire\\\/pistolet-italien-3-canons-lorenzoni-1680-2\\\/\"]}]},{\"@type\":\"ImageObject\",\"inLanguage\":\"de\",\"@id\":\"https:\\\/\\\/repliquemangacine.fr\\\/replique-d-armes-1er-empire\\\/pistolet-italien-3-canons-lorenzoni-1680-2\\\/#primaryimage\",\"url\":\"https:\\\/\\\/repliquemangacine.fr\\\/wp-content\\\/uploads\\\/2023\\\/10\\\/856-Replique-Pistolet-italien-3-canons-Lorenzoni-1680-2-tons.jpg\",\"contentUrl\":\"https:\\\/\\\/repliquemangacine.fr\\\/wp-content\\\/uploads\\\/2023\\\/10\\\/856-Replique-Pistolet-italien-3-canons-Lorenzoni-1680-2-tons.jpg\",\"width\":800,\"height\":800,\"caption\":\"R\u00e9plique Pistolet italien 3 canons - Lorenzoni 1680 2 tons\"},{\"@type\":\"BreadcrumbList\",\"@id\":\"https:\\\/\\\/repliquemangacine.fr\\\/replique-d-armes-1er-empire\\\/pistolet-italien-3-canons-lorenzoni-1680-2\\\/#breadcrumb\",\"itemListElement\":[{\"@type\":\"ListItem\",\"position\":1,\"name\":\"Accueil\",\"item\":\"https:\\\/\\\/repliquemangacine.fr\\\/\"},{\"@type\":\"ListItem\",\"position\":2,\"name\":\"Produits\",\"item\":\"https:\\\/\\\/repliquemangacine.fr\\\/boutique\\\/\"},{\"@type\":\"ListItem\",\"position\":3,\"name\":\"Pistolet italien 3 canons &#8211; Lorenzoni 1680\"}]},{\"@type\":\"WebSite\",\"@id\":\"https:\\\/\\\/repliquemangacine.fr\\\/#website\",\"url\":\"https:\\\/\\\/repliquemangacine.fr\\\/\",\"name\":\"R\u00e9plique Manga Cin\u00e9\",\"description\":\"\",\"publisher\":{\"@id\":\"https:\\\/\\\/repliquemangacine.fr\\\/#organization\"},\"potentialAction\":[{\"@type\":\"SearchAction\",\"target\":{\"@type\":\"EntryPoint\",\"urlTemplate\":\"https:\\\/\\\/repliquemangacine.fr\\\/?s={search_term_string}\"},\"query-input\":{\"@type\":\"PropertyValueSpecification\",\"valueRequired\":true,\"valueName\":\"search_term_string\"}}],\"inLanguage\":\"de\"},{\"@type\":\"Organization\",\"@id\":\"https:\\\/\\\/repliquemangacine.fr\\\/#organization\",\"name\":\"R\u00e9plique Manga Cin\u00e9\",\"url\":\"https:\\\/\\\/repliquemangacine.fr\\\/\",\"logo\":{\"@type\":\"ImageObject\",\"inLanguage\":\"de\",\"@id\":\"https:\\\/\\\/repliquemangacine.fr\\\/#\\\/schema\\\/logo\\\/image\\\/\",\"url\":\"https:\\\/\\\/repliquemangacine.fr\\\/wp-content\\\/uploads\\\/2023\\\/10\\\/RMC-500250.png\",\"contentUrl\":\"https:\\\/\\\/repliquemangacine.fr\\\/wp-content\\\/uploads\\\/2023\\\/10\\\/RMC-500250.png\",\"width\":500,\"height\":250,\"caption\":\"R\u00e9plique Manga Cin\u00e9\"},\"image\":{\"@id\":\"https:\\\/\\\/repliquemangacine.fr\\\/#\\\/schema\\\/logo\\\/image\\\/\"},\"sameAs\":[\"https:\\\/\\\/www.facebook.com\\\/RepliqueMangaCine\",\"https:\\\/\\\/www.instagram.com\\\/repliquemangacine.fr\\\/\"]}]}<\/script>\n<!-- \/ Yoast SEO plugin. -->","yoast_head_json":{"title":"Italienische Pistole 3 L\u00e4ufe - Verkauf von antiken Waffen Denix | RMC","description":"Bestellen Sie schnell! Diese Italienische Pistole mit 3 L\u00e4ufen zum besten Preis - Ganz aus Metall mit dem Wappen der Familie Medici - ABS-Schaft mit Elfenbeinimitat - 29 cm","robots":{"index":"index","follow":"follow","max-snippet":"max-snippet:-1","max-image-preview":"max-image-preview:large","max-video-preview":"max-video-preview:-1"},"canonical":"https:\/\/repliquemangacine.fr\/de\/replik-von-waffen-1-empire\/italienische-pistole-3-laufe-lorenzoni-1680-2\/","og_locale":"de_DE","og_type":"article","og_title":"Pistolet Italien 3 canons - Vente d'armes anciennes Denix | RMC","og_description":"Commandez vite ! Ce Pistolet Italien 3 canons au meilleur prix - Tout en m\u00e9tal avec blason de la famille Medicis - Crosse ABS imitation ivoire - 29 cm","og_url":"https:\/\/repliquemangacine.fr\/de\/replik-von-waffen-1-empire\/italienische-pistole-3-laufe-lorenzoni-1680-2\/","og_site_name":"R\u00e9plique Manga Cin\u00e9","article_publisher":"https:\/\/www.facebook.com\/RepliqueMangaCine","article_modified_time":"2026-02-06T14:12:34+00:00","og_image":[{"width":800,"height":800,"url":"https:\/\/repliquemangacine.fr\/wp-content\/uploads\/2023\/10\/856-Replique-Pistolet-italien-3-canons-Lorenzoni-1680-2-tons.jpg","type":"image\/jpeg"}],"twitter_card":"summary_large_image","twitter_misc":{"Gesch\u00e4tzte Lesezeit":"2\u00a0Minuten"},"schema":{"@context":"https:\/\/schema.org","@graph":[{"@type":"WebPage","@id":"https:\/\/repliquemangacine.fr\/replique-d-armes-1er-empire\/pistolet-italien-3-canons-lorenzoni-1680-2\/","url":"https:\/\/repliquemangacine.fr\/replique-d-armes-1er-empire\/pistolet-italien-3-canons-lorenzoni-1680-2\/","name":"Italienische Pistole 3 L\u00e4ufe - Verkauf von antiken Waffen Denix | RMC","isPartOf":{"@id":"https:\/\/repliquemangacine.fr\/#website"},"primaryImageOfPage":{"@id":"https:\/\/repliquemangacine.fr\/replique-d-armes-1er-empire\/pistolet-italien-3-canons-lorenzoni-1680-2\/#primaryimage"},"image":{"@id":"https:\/\/repliquemangacine.fr\/replique-d-armes-1er-empire\/pistolet-italien-3-canons-lorenzoni-1680-2\/#primaryimage"},"thumbnailUrl":"https:\/\/repliquemangacine.fr\/wp-content\/uploads\/2023\/10\/856-Replique-Pistolet-italien-3-canons-Lorenzoni-1680-2-tons.jpg","datePublished":"2016-11-09T18:23:56+00:00","dateModified":"2026-02-06T14:12:34+00:00","description":"Bestellen Sie schnell! Diese Italienische Pistole mit 3 L\u00e4ufen zum besten Preis - Ganz aus Metall mit dem Wappen der Familie Medici - ABS-Schaft mit Elfenbeinimitat - 29 cm","breadcrumb":{"@id":"https:\/\/repliquemangacine.fr\/replique-d-armes-1er-empire\/pistolet-italien-3-canons-lorenzoni-1680-2\/#breadcrumb"},"inLanguage":"de","potentialAction":[{"@type":"ReadAction","target":["https:\/\/repliquemangacine.fr\/replique-d-armes-1er-empire\/pistolet-italien-3-canons-lorenzoni-1680-2\/"]}]},{"@type":"ImageObject","inLanguage":"de","@id":"https:\/\/repliquemangacine.fr\/replique-d-armes-1er-empire\/pistolet-italien-3-canons-lorenzoni-1680-2\/#primaryimage","url":"https:\/\/repliquemangacine.fr\/wp-content\/uploads\/2023\/10\/856-Replique-Pistolet-italien-3-canons-Lorenzoni-1680-2-tons.jpg","contentUrl":"https:\/\/repliquemangacine.fr\/wp-content\/uploads\/2023\/10\/856-Replique-Pistolet-italien-3-canons-Lorenzoni-1680-2-tons.jpg","width":800,"height":800,"caption":"R\u00e9plique Pistolet italien 3 canons - Lorenzoni 1680 2 tons"},{"@type":"BreadcrumbList","@id":"https:\/\/repliquemangacine.fr\/replique-d-armes-1er-empire\/pistolet-italien-3-canons-lorenzoni-1680-2\/#breadcrumb","itemListElement":[{"@type":"ListItem","position":1,"name":"Accueil","item":"https:\/\/repliquemangacine.fr\/"},{"@type":"ListItem","position":2,"name":"Produits","item":"https:\/\/repliquemangacine.fr\/boutique\/"},{"@type":"ListItem","position":3,"name":"Pistolet italien 3 canons &#8211; Lorenzoni 1680"}]},{"@type":"WebSite","@id":"https:\/\/repliquemangacine.fr\/#website","url":"https:\/\/repliquemangacine.fr\/","name":"R\u00e9plique Manga Cin\u00e9","description":"","publisher":{"@id":"https:\/\/repliquemangacine.fr\/#organization"},"potentialAction":[{"@type":"SearchAction","target":{"@type":"EntryPoint","urlTemplate":"https:\/\/repliquemangacine.fr\/?s={search_term_string}"},"query-input":{"@type":"PropertyValueSpecification","valueRequired":true,"valueName":"search_term_string"}}],"inLanguage":"de"},{"@type":"Organization","@id":"https:\/\/repliquemangacine.fr\/#organization","name":"R\u00e9plique Manga Cin\u00e9","url":"https:\/\/repliquemangacine.fr\/","logo":{"@type":"ImageObject","inLanguage":"de","@id":"https:\/\/repliquemangacine.fr\/#\/schema\/logo\/image\/","url":"https:\/\/repliquemangacine.fr\/wp-content\/uploads\/2023\/10\/RMC-500250.png","contentUrl":"https:\/\/repliquemangacine.fr\/wp-content\/uploads\/2023\/10\/RMC-500250.png","width":500,"height":250,"caption":"R\u00e9plique Manga Cin\u00e9"},"image":{"@id":"https:\/\/repliquemangacine.fr\/#\/schema\/logo\/image\/"},"sameAs":["https:\/\/www.facebook.com\/RepliqueMangaCine","https:\/\/www.instagram.com\/repliquemangacine.fr\/"]}]}},"_links":{"self":[{"href":"https:\/\/repliquemangacine.fr\/de\/wp-json\/wp\/v2\/product\/26150","targetHints":{"allow":["GET"]}}],"collection":[{"href":"https:\/\/repliquemangacine.fr\/de\/wp-json\/wp\/v2\/product"}],"about":[{"href":"https:\/\/repliquemangacine.fr\/de\/wp-json\/wp\/v2\/types\/product"}],"wp:featuredmedia":[{"embeddable":true,"href":"https:\/\/repliquemangacine.fr\/de\/wp-json\/wp\/v2\/media\/26151"}],"wp:attachment":[{"href":"https:\/\/repliquemangacine.fr\/de\/wp-json\/wp\/v2\/media?parent=26150"}],"wp:term":[{"taxonomy":"product_brand","embeddable":true,"href":"https:\/\/repliquemangacine.fr\/de\/wp-json\/wp\/v2\/product_brand?post=26150"},{"taxonomy":"product_cat","embeddable":true,"href":"https:\/\/repliquemangacine.fr\/de\/wp-json\/wp\/v2\/product_cat?post=26150"},{"taxonomy":"product_tag","embeddable":true,"href":"https:\/\/repliquemangacine.fr\/de\/wp-json\/wp\/v2\/product_tag?post=26150"}],"curies":[{"name":"wp","href":"https:\/\/api.w.org\/{rel}","templated":true}]}}