





{"id":26133,"date":"2016-11-09T15:41:08","date_gmt":"2016-11-09T14:41:08","guid":{"rendered":"https:\/\/repliquemangacine.fr\/?post_type=product&#038;p=26133"},"modified":"2025-12-17T23:25:48","modified_gmt":"2025-12-17T22:25:48","slug":"pistole-franzosische-kavallerie-1806","status":"publish","type":"product","link":"https:\/\/repliquemangacine.fr\/de\/repliques-darmes-napoleon\/pistolet-cavalerie-francaise-1806\/","title":{"rendered":"Franz\u00f6sische Kavallerie-Pistole 1806"},"content":{"rendered":"<h2>Franz\u00f6sische Kavalleriepistole 1806 Denix.<\/h2>\n<p>Zu Beginn wird der <strong>Franz\u00f6sische Kavallerie-Pistole<\/strong> 1806, ist w\u00e4hrend der Kriege des Kaiserreichs pr\u00e4sent, 33.000 St\u00fcck werden hergestellt.<\/p>\n<p>Funkenpistolen hatten einen Feuerstein oder Feuerstein, der durch den Hammer ausgel\u00f6st wurde und den Funken erzeugte, der das Schie\u00dfpulver entz\u00fcndete. Bei all diesen Waffen musste die Munition nach jedem Schuss von Hand nachgeladen werden.<\/p>\n<p>Die Steinschlosspistole blieb \u00fcber 200 Jahre lang die in ganz Europa und dar\u00fcber hinaus am h\u00e4ufigsten verwendete Waffe. Sie wurde von Armeen und vor allem w\u00e4hrend der napoleonischen \u00c4ra h\u00e4ufig verwendet. Daher war sie bei historischen Rekonstruktionen dieser Epoche und bei allen Schlachten des 18.<\/p>\n<h2>Ihre Pistole Franz\u00f6sische Kavallerie zum besten Preis.<\/h2>\n<p>Wir bieten Ihnen eine gro\u00dfe Auswahl an Repliken antiker Waffen an <a href=\"https:\/\/www.denix.fr\/\" target=\"_blank\" rel=\"noopener noreferrer\">Denix<\/a>.<\/p>\n<p>Zun\u00e4chst einmal,<\/p>\n<ul>\n<li>Diese Wiedergabe des <a href=\"https:\/\/repliquemangacine.fr\/de\/antike-pistole\/italienische-pistole-3-laufe-lorenzoni-1680-2\/\">Steinschlosspistole 3 L\u00e4ufe<\/a> hergestellt von Lorenzoni im Jahr 1680<\/li>\n<li>Es gibt auch den <a href=\"https:\/\/repliquemangacine.fr\/de\/replik-von-waffen-1-empire\/pistole-napoleon-2-kanonen-denix\/\">Steinschlosspistole Napoleon<\/a> mit seinen zwei Kanonen.<\/li>\n<li>Und noch viel mehr gibt es in unserem Online-Shop zu entdecken!<\/li>\n<\/ul>\n<p>Deshalb sind hier tolle Geschenkideen f\u00fcr alle Liebhaber alter Waffen.<\/p>\n<p>Abschlie\u00dfend k\u00f6nnen Sie den <strong>Franz\u00f6sische Kavallerie-Pistole<\/strong> 1806 f\u00fcr Ihre historischen Nachstellungen. Vor allem aber ist es ein Sammler- und Dekorationsst\u00fcck.<\/p>\n<p>R\u00e9plique Manga Cin\u00e9 ist ein franz\u00f6sisches Familienunternehmen und offizieller Denix-Vertreiber.<\/p>\n<h2>Wie werden Denix-Waffenrepliken hergestellt?<\/h2>\n<p>Werden in historischen Rekonstruktionen, Filmen und Serien sowie von Sammlern verwendet. Denix-Waffenreproduktionen, die aus hochwertigen Materialien hergestellt werden. Sorgf\u00e4ltig bearbeitet und zusammengesetzt, um realistische Sammlerwaffen zu schaffen.<\/p>\n<ul>\n<li>Die Metalle sind in einer Metalllegierung, die als Zamac bekannt ist und deren Grundzusammensetzung Zink in 95% ist.<\/li>\n<li>Die Kunststoffteile der Repliken aus geformtem ABS, das eine hohe Widerstandsf\u00e4higkeit bietet.<\/li>\n<li>Holz, das aufgrund seiner Sch\u00f6nheit und Haltbarkeit ausgew\u00e4hlt wird, wie z. B. Mahagoni, Olivenholz oder Walnuss, verleiht Ihren Sch\u00e4ften und F\u00e4ssern ein elegantes und authentisches Aussehen.<\/li>\n<\/ul>\n<p>Es ist zu betonen, dass alle Nachbildungen von Denix-Waffen mit den Originalen identisch sind, wie Ihr <strong>Franz\u00f6sische Kavallerie-Pistole<\/strong>.<\/p>","protected":false},"excerpt":{"rendered":"<p>Nachbildung der Pistole der franz\u00f6sischen Kavallerie.<\/p>\n<ul>\n<li>Schaft aus Massivholz.<\/li>\n<li>Mechanismus und Lauf aus Zamak.<\/li>\n<li>Bewaffnet sich und rammt.<\/li>\n<li>Ungeeignet zum Schie\u00dfen.<\/li>\n<li>Unterliegt keiner Genehmigungspflicht. Verkauf und Besitz frei.<\/li>\n<li>L\u00e4nge: 35 cm - Gewicht: 800 grs<\/li>\n<\/ul>","protected":false},"featured_media":26134,"template":"","meta":[],"product_brand":[896],"product_cat":[25,52,37,28,833],"product_tag":[],"class_list":{"0":"post-26133","1":"product","2":"type-product","3":"status-publish","4":"has-post-thumbnail","6":"product_brand-replique-manga-cine","7":"product_cat-armes-historiques","8":"product_cat-pistolet-ancien","9":"product_cat-premier-empire","10":"product_cat-repliques-darmes","11":"product_cat-repliques-darmes-napoleon","13":"first","14":"instock","15":"taxable","16":"shipping-taxable","17":"purchasable","18":"product-type-simple"},"yoast_head":"<!-- This site is optimized with the Yoast SEO plugin v27.5 - https:\/\/yoast.com\/product\/yoast-seo-wordpress\/ -->\n<title>Pistolet cavalerie fran\u00e7aise - Vente r\u00e9pliques d&#039;Armes Denix | RMC<\/title>\n<meta name=\"description\" content=\"D\u00e9couvrez cette reproduction du Pistolet Cavalerie Fran\u00e7aise au meilleur prix - Crosse en bois massif - M\u00e9canisme fonctionnel - Gravures - Longueur : 35 cm\" \/>\n<meta name=\"robots\" content=\"index, follow, max-snippet:-1, max-image-preview:large, max-video-preview:-1\" \/>\n<link rel=\"canonical\" href=\"https:\/\/repliquemangacine.fr\/de\/repliken-darmen-napoleon\/pistole-franzosische-kavallerie-1806\/\" \/>\n<meta property=\"og:locale\" content=\"de_DE\" \/>\n<meta property=\"og:type\" content=\"article\" \/>\n<meta property=\"og:title\" content=\"Pistolet cavalerie fran\u00e7aise - Vente r\u00e9pliques d&#039;Armes Denix | RMC\" \/>\n<meta property=\"og:description\" content=\"D\u00e9couvrez cette reproduction du Pistolet Cavalerie Fran\u00e7aise au meilleur prix - Crosse en bois massif - M\u00e9canisme fonctionnel - Gravures - Longueur : 35 cm\" \/>\n<meta property=\"og:url\" content=\"https:\/\/repliquemangacine.fr\/de\/repliken-darmen-napoleon\/pistole-franzosische-kavallerie-1806\/\" \/>\n<meta property=\"og:site_name\" content=\"R\u00e9plique Manga Cin\u00e9\" \/>\n<meta property=\"article:publisher\" content=\"https:\/\/www.facebook.com\/RepliqueMangaCine\" \/>\n<meta property=\"article:modified_time\" content=\"2025-12-17T22:25:48+00:00\" \/>\n<meta property=\"og:image\" content=\"https:\/\/repliquemangacine.fr\/wp-content\/uploads\/2023\/10\/845-Pistolet-Cavalerie-Francaise-1er-Empire.jpg\" \/>\n\t<meta property=\"og:image:width\" content=\"800\" \/>\n\t<meta property=\"og:image:height\" content=\"800\" \/>\n\t<meta property=\"og:image:type\" content=\"image\/jpeg\" \/>\n<meta name=\"twitter:card\" content=\"summary_large_image\" \/>\n<meta name=\"twitter:label1\" content=\"Gesch\u00e4tzte Lesezeit\" \/>\n\t<meta name=\"twitter:data1\" content=\"2\u00a0Minuten\" \/>\n<script type=\"application\/ld+json\" class=\"yoast-schema-graph\">{\"@context\":\"https:\\\/\\\/schema.org\",\"@graph\":[{\"@type\":\"WebPage\",\"@id\":\"https:\\\/\\\/repliquemangacine.fr\\\/repliques-darmes-napoleon\\\/pistolet-cavalerie-francaise-1806\\\/\",\"url\":\"https:\\\/\\\/repliquemangacine.fr\\\/repliques-darmes-napoleon\\\/pistolet-cavalerie-francaise-1806\\\/\",\"name\":\"Pistolet cavalerie fran\u00e7aise - Vente r\u00e9pliques d'Armes Denix | RMC\",\"isPartOf\":{\"@id\":\"https:\\\/\\\/repliquemangacine.fr\\\/#website\"},\"primaryImageOfPage\":{\"@id\":\"https:\\\/\\\/repliquemangacine.fr\\\/repliques-darmes-napoleon\\\/pistolet-cavalerie-francaise-1806\\\/#primaryimage\"},\"image\":{\"@id\":\"https:\\\/\\\/repliquemangacine.fr\\\/repliques-darmes-napoleon\\\/pistolet-cavalerie-francaise-1806\\\/#primaryimage\"},\"thumbnailUrl\":\"https:\\\/\\\/repliquemangacine.fr\\\/wp-content\\\/uploads\\\/2023\\\/10\\\/845-Pistolet-Cavalerie-Francaise-1er-Empire.jpg\",\"datePublished\":\"2016-11-09T14:41:08+00:00\",\"dateModified\":\"2025-12-17T22:25:48+00:00\",\"description\":\"D\u00e9couvrez cette reproduction du Pistolet Cavalerie Fran\u00e7aise au meilleur prix - Crosse en bois massif - M\u00e9canisme fonctionnel - Gravures - Longueur : 35 cm\",\"breadcrumb\":{\"@id\":\"https:\\\/\\\/repliquemangacine.fr\\\/repliques-darmes-napoleon\\\/pistolet-cavalerie-francaise-1806\\\/#breadcrumb\"},\"inLanguage\":\"de\",\"potentialAction\":[{\"@type\":\"ReadAction\",\"target\":[\"https:\\\/\\\/repliquemangacine.fr\\\/repliques-darmes-napoleon\\\/pistolet-cavalerie-francaise-1806\\\/\"]}]},{\"@type\":\"ImageObject\",\"inLanguage\":\"de\",\"@id\":\"https:\\\/\\\/repliquemangacine.fr\\\/repliques-darmes-napoleon\\\/pistolet-cavalerie-francaise-1806\\\/#primaryimage\",\"url\":\"https:\\\/\\\/repliquemangacine.fr\\\/wp-content\\\/uploads\\\/2023\\\/10\\\/845-Pistolet-Cavalerie-Francaise-1er-Empire.jpg\",\"contentUrl\":\"https:\\\/\\\/repliquemangacine.fr\\\/wp-content\\\/uploads\\\/2023\\\/10\\\/845-Pistolet-Cavalerie-Francaise-1er-Empire.jpg\",\"width\":800,\"height\":800,\"caption\":\"Pistolet Cavalerie Fran\u00e7aise - 1er Empire\"},{\"@type\":\"BreadcrumbList\",\"@id\":\"https:\\\/\\\/repliquemangacine.fr\\\/repliques-darmes-napoleon\\\/pistolet-cavalerie-francaise-1806\\\/#breadcrumb\",\"itemListElement\":[{\"@type\":\"ListItem\",\"position\":1,\"name\":\"Accueil\",\"item\":\"https:\\\/\\\/repliquemangacine.fr\\\/\"},{\"@type\":\"ListItem\",\"position\":2,\"name\":\"Produits\",\"item\":\"https:\\\/\\\/repliquemangacine.fr\\\/boutique\\\/\"},{\"@type\":\"ListItem\",\"position\":3,\"name\":\"Pistolet Cavalerie Fran\u00e7aise 1806\"}]},{\"@type\":\"WebSite\",\"@id\":\"https:\\\/\\\/repliquemangacine.fr\\\/#website\",\"url\":\"https:\\\/\\\/repliquemangacine.fr\\\/\",\"name\":\"R\u00e9plique Manga Cin\u00e9\",\"description\":\"\",\"publisher\":{\"@id\":\"https:\\\/\\\/repliquemangacine.fr\\\/#organization\"},\"potentialAction\":[{\"@type\":\"SearchAction\",\"target\":{\"@type\":\"EntryPoint\",\"urlTemplate\":\"https:\\\/\\\/repliquemangacine.fr\\\/?s={search_term_string}\"},\"query-input\":{\"@type\":\"PropertyValueSpecification\",\"valueRequired\":true,\"valueName\":\"search_term_string\"}}],\"inLanguage\":\"de\"},{\"@type\":\"Organization\",\"@id\":\"https:\\\/\\\/repliquemangacine.fr\\\/#organization\",\"name\":\"R\u00e9plique Manga Cin\u00e9\",\"url\":\"https:\\\/\\\/repliquemangacine.fr\\\/\",\"logo\":{\"@type\":\"ImageObject\",\"inLanguage\":\"de\",\"@id\":\"https:\\\/\\\/repliquemangacine.fr\\\/#\\\/schema\\\/logo\\\/image\\\/\",\"url\":\"https:\\\/\\\/repliquemangacine.fr\\\/wp-content\\\/uploads\\\/2023\\\/10\\\/RMC-500250.png\",\"contentUrl\":\"https:\\\/\\\/repliquemangacine.fr\\\/wp-content\\\/uploads\\\/2023\\\/10\\\/RMC-500250.png\",\"width\":500,\"height\":250,\"caption\":\"R\u00e9plique Manga Cin\u00e9\"},\"image\":{\"@id\":\"https:\\\/\\\/repliquemangacine.fr\\\/#\\\/schema\\\/logo\\\/image\\\/\"},\"sameAs\":[\"https:\\\/\\\/www.facebook.com\\\/RepliqueMangaCine\",\"https:\\\/\\\/www.instagram.com\\\/repliquemangacine.fr\\\/\"]}]}<\/script>\n<!-- \/ Yoast SEO plugin. -->","yoast_head_json":{"title":"Franz\u00f6sische Kavallerie Pistole - Verkauf von Denix Waffen Replikas | RMC","description":"Entdecken Sie diese Reproduktion der Pistole Franz\u00f6sische Kavallerie zum besten Preis - Massivholzgriff - Funktioneller Mechanismus - Gravuren - L\u00e4nge: 35 cm","robots":{"index":"index","follow":"follow","max-snippet":"max-snippet:-1","max-image-preview":"max-image-preview:large","max-video-preview":"max-video-preview:-1"},"canonical":"https:\/\/repliquemangacine.fr\/de\/repliken-darmen-napoleon\/pistole-franzosische-kavallerie-1806\/","og_locale":"de_DE","og_type":"article","og_title":"Pistolet cavalerie fran\u00e7aise - Vente r\u00e9pliques d'Armes Denix | RMC","og_description":"D\u00e9couvrez cette reproduction du Pistolet Cavalerie Fran\u00e7aise au meilleur prix - Crosse en bois massif - M\u00e9canisme fonctionnel - Gravures - Longueur : 35 cm","og_url":"https:\/\/repliquemangacine.fr\/de\/repliken-darmen-napoleon\/pistole-franzosische-kavallerie-1806\/","og_site_name":"R\u00e9plique Manga Cin\u00e9","article_publisher":"https:\/\/www.facebook.com\/RepliqueMangaCine","article_modified_time":"2025-12-17T22:25:48+00:00","og_image":[{"width":800,"height":800,"url":"https:\/\/repliquemangacine.fr\/wp-content\/uploads\/2023\/10\/845-Pistolet-Cavalerie-Francaise-1er-Empire.jpg","type":"image\/jpeg"}],"twitter_card":"summary_large_image","twitter_misc":{"Gesch\u00e4tzte Lesezeit":"2\u00a0Minuten"},"schema":{"@context":"https:\/\/schema.org","@graph":[{"@type":"WebPage","@id":"https:\/\/repliquemangacine.fr\/repliques-darmes-napoleon\/pistolet-cavalerie-francaise-1806\/","url":"https:\/\/repliquemangacine.fr\/repliques-darmes-napoleon\/pistolet-cavalerie-francaise-1806\/","name":"Franz\u00f6sische Kavallerie Pistole - Verkauf von Denix Waffen Replikas | RMC","isPartOf":{"@id":"https:\/\/repliquemangacine.fr\/#website"},"primaryImageOfPage":{"@id":"https:\/\/repliquemangacine.fr\/repliques-darmes-napoleon\/pistolet-cavalerie-francaise-1806\/#primaryimage"},"image":{"@id":"https:\/\/repliquemangacine.fr\/repliques-darmes-napoleon\/pistolet-cavalerie-francaise-1806\/#primaryimage"},"thumbnailUrl":"https:\/\/repliquemangacine.fr\/wp-content\/uploads\/2023\/10\/845-Pistolet-Cavalerie-Francaise-1er-Empire.jpg","datePublished":"2016-11-09T14:41:08+00:00","dateModified":"2025-12-17T22:25:48+00:00","description":"Entdecken Sie diese Reproduktion der Pistole Franz\u00f6sische Kavallerie zum besten Preis - Massivholzgriff - Funktioneller Mechanismus - Gravuren - L\u00e4nge: 35 cm","breadcrumb":{"@id":"https:\/\/repliquemangacine.fr\/repliques-darmes-napoleon\/pistolet-cavalerie-francaise-1806\/#breadcrumb"},"inLanguage":"de","potentialAction":[{"@type":"ReadAction","target":["https:\/\/repliquemangacine.fr\/repliques-darmes-napoleon\/pistolet-cavalerie-francaise-1806\/"]}]},{"@type":"ImageObject","inLanguage":"de","@id":"https:\/\/repliquemangacine.fr\/repliques-darmes-napoleon\/pistolet-cavalerie-francaise-1806\/#primaryimage","url":"https:\/\/repliquemangacine.fr\/wp-content\/uploads\/2023\/10\/845-Pistolet-Cavalerie-Francaise-1er-Empire.jpg","contentUrl":"https:\/\/repliquemangacine.fr\/wp-content\/uploads\/2023\/10\/845-Pistolet-Cavalerie-Francaise-1er-Empire.jpg","width":800,"height":800,"caption":"Pistolet Cavalerie Fran\u00e7aise - 1er Empire"},{"@type":"BreadcrumbList","@id":"https:\/\/repliquemangacine.fr\/repliques-darmes-napoleon\/pistolet-cavalerie-francaise-1806\/#breadcrumb","itemListElement":[{"@type":"ListItem","position":1,"name":"Accueil","item":"https:\/\/repliquemangacine.fr\/"},{"@type":"ListItem","position":2,"name":"Produits","item":"https:\/\/repliquemangacine.fr\/boutique\/"},{"@type":"ListItem","position":3,"name":"Pistolet Cavalerie Fran\u00e7aise 1806"}]},{"@type":"WebSite","@id":"https:\/\/repliquemangacine.fr\/#website","url":"https:\/\/repliquemangacine.fr\/","name":"R\u00e9plique Manga Cin\u00e9","description":"","publisher":{"@id":"https:\/\/repliquemangacine.fr\/#organization"},"potentialAction":[{"@type":"SearchAction","target":{"@type":"EntryPoint","urlTemplate":"https:\/\/repliquemangacine.fr\/?s={search_term_string}"},"query-input":{"@type":"PropertyValueSpecification","valueRequired":true,"valueName":"search_term_string"}}],"inLanguage":"de"},{"@type":"Organization","@id":"https:\/\/repliquemangacine.fr\/#organization","name":"R\u00e9plique Manga Cin\u00e9","url":"https:\/\/repliquemangacine.fr\/","logo":{"@type":"ImageObject","inLanguage":"de","@id":"https:\/\/repliquemangacine.fr\/#\/schema\/logo\/image\/","url":"https:\/\/repliquemangacine.fr\/wp-content\/uploads\/2023\/10\/RMC-500250.png","contentUrl":"https:\/\/repliquemangacine.fr\/wp-content\/uploads\/2023\/10\/RMC-500250.png","width":500,"height":250,"caption":"R\u00e9plique Manga Cin\u00e9"},"image":{"@id":"https:\/\/repliquemangacine.fr\/#\/schema\/logo\/image\/"},"sameAs":["https:\/\/www.facebook.com\/RepliqueMangaCine","https:\/\/www.instagram.com\/repliquemangacine.fr\/"]}]}},"_links":{"self":[{"href":"https:\/\/repliquemangacine.fr\/de\/wp-json\/wp\/v2\/product\/26133","targetHints":{"allow":["GET"]}}],"collection":[{"href":"https:\/\/repliquemangacine.fr\/de\/wp-json\/wp\/v2\/product"}],"about":[{"href":"https:\/\/repliquemangacine.fr\/de\/wp-json\/wp\/v2\/types\/product"}],"wp:featuredmedia":[{"embeddable":true,"href":"https:\/\/repliquemangacine.fr\/de\/wp-json\/wp\/v2\/media\/26134"}],"wp:attachment":[{"href":"https:\/\/repliquemangacine.fr\/de\/wp-json\/wp\/v2\/media?parent=26133"}],"wp:term":[{"taxonomy":"product_brand","embeddable":true,"href":"https:\/\/repliquemangacine.fr\/de\/wp-json\/wp\/v2\/product_brand?post=26133"},{"taxonomy":"product_cat","embeddable":true,"href":"https:\/\/repliquemangacine.fr\/de\/wp-json\/wp\/v2\/product_cat?post=26133"},{"taxonomy":"product_tag","embeddable":true,"href":"https:\/\/repliquemangacine.fr\/de\/wp-json\/wp\/v2\/product_tag?post=26133"}],"curies":[{"name":"wp","href":"https:\/\/api.w.org\/{rel}","templated":true}]}}