





{"id":26124,"date":"2016-11-09T14:47:52","date_gmt":"2016-11-09T13:47:52","guid":{"rendered":"https:\/\/repliquemangacine.fr\/?post_type=product&#038;p=26124"},"modified":"2026-04-28T22:03:52","modified_gmt":"2026-04-28T20:03:52","slug":"pistole-napoleon-gribeauval-1806","status":"publish","type":"product","link":"https:\/\/repliquemangacine.fr\/de\/pistolet-ancien\/pistolet-napoleon-gribeauval-1806\/","title":{"rendered":"Napoleon-Pistole Gribeauval 1806"},"content":{"rendered":"<h2>Napoleon-Pistole Gribeauval 1806 - Denix.<\/h2>\n<p>Zu Beginn wird der <strong>Napoleon-Pistole Gribeauval 1806<\/strong>In Saint-Etienne von Jean-Baptiste Gribeauval hergestellt. Offizier und Ingenieur, reformiert die franz\u00f6sische Feldartillerie. Gribeauvals Reorganisation erkl\u00e4rt zum Teil die Erfolge der Revolutions- und Napoleonischen Armeen.<\/p>\n<p>Napoleon Bonaparte wurde sehr schnell durch sein milit\u00e4risches Genie und seine F\u00e4higkeiten als General popul\u00e4r. In der Schlacht brachte ihm sein Mut \u00fcbrigens die Verehrung der Grognards ein. Da er immer an vorderster Front stand und sich bereitwillig dem Feuer des Feindes aussetzte, riskierte er mehrmals sein Leben.<\/p>\n<p>Zusammenfassend l\u00e4sst sich sagen, dass die Steinschlosspistole \u00fcber 200 Jahre lang in ganz Europa und dar\u00fcber hinaus die am h\u00e4ufigsten verwendete Waffe blieb. Sie wurde von Armeen und vor allem w\u00e4hrend der napoleonischen \u00c4ra h\u00e4ufig verwendet. Daher war sie bei historischen Rekonstruktionen dieser Epoche und bei allen Schlachten des 18.<\/p>\n<h2>Ihre Napoleon Gribeauval 1806 Pistole zum besten Preis.<\/h2>\n<p>Wir bieten Ihnen eine gro\u00dfe Auswahl an Repliken antiker Denix-Waffen.<\/p>\n<p>Zun\u00e4chst einmal,<\/p>\n<ul>\n<li>Die <a href=\"https:\/\/repliquemangacine.fr\/de\/replik-von-waffen-1-empire\/napoleonpistole-linkshandig\/\">Napoleon-Pistole<\/a> speziell f\u00fcr Linksh\u00e4nder, mit Emblem auf dem Schaft.<\/li>\n<li>Es gibt auch den sehr zuverl\u00e4ssigen und pr\u00e4zisen <a href=\"https:\/\/repliquemangacine.fr\/de\/antike-pistole\/englische-duellpistole-18-jahrhundert\/\">englische Duellpistole<\/a><\/li>\n<li>Und noch viel mehr gibt es in unserem Online-Shop zu entdecken!<\/li>\n<\/ul>\n<p>Deshalb sind hier tolle Geschenkideen f\u00fcr alle Liebhaber alter Waffen.<\/p>\n<p>Abschlie\u00dfend k\u00f6nnen Sie den <strong>Napoleon-Pistole Gribeauval 1806<\/strong> f\u00fcr Ihre historischen Nachstellungen. Vor allem aber ist es ein Sammler- und Dekorationsst\u00fcck.<\/p>\n<p>R\u00e9plique Manga Cin\u00e9 ist ein franz\u00f6sisches Familienunternehmen, offizieller Vertriebspartner <a href=\"https:\/\/www.denix.fr\/fr\/catalogue\/armes-historiques-s-xvi-xix\/pistolets\/1063\/\" target=\"_blank\" rel=\"noopener noreferrer\">Denix<\/a>.<\/p>\n<h2>Wie werden Denix-Waffenrepliken hergestellt?<\/h2>\n<p>Werden in historischen Rekonstruktionen, Filmen und Serien sowie von Sammlern verwendet. Denix-Waffenreproduktionen, die aus hochwertigen Materialien hergestellt werden. Sorgf\u00e4ltig bearbeitet und zusammengesetzt, um realistische Sammlerwaffen zu schaffen.<\/p>\n<p>Die Metalle sind in einer Metalllegierung, die als Zamac bekannt ist und deren Grundzusammensetzung Zink in 95% ist.<br \/>\nDie Kunststoffteile der Repliken aus geformtem ABS, das eine hohe Widerstandsf\u00e4higkeit bietet.<br \/>\nHolz, das aufgrund seiner Sch\u00f6nheit und Haltbarkeit ausgew\u00e4hlt wird, wie z. B. Mahagoni, Olivenholz oder Walnuss, verleiht Ihren Sch\u00e4ften und F\u00e4ssern ein elegantes und authentisches Aussehen.<\/p>\n<p>Es ist zu betonen, dass alle Nachbildungen von Denix-Waffen mit den Originalen identisch sind, wie Ihr <strong>Napoleon-Pistole Gribeauval 1806<\/strong>.<\/p>","protected":false},"excerpt":{"rendered":"<p>Nachbildung der Pistole Napoleon 1806.<\/p>\n<ul>\n<li>Massivholzschaft mit Emblem des N.<\/li>\n<li>Mechanismus und Lauf aus Zamak.<\/li>\n<li>Kalotte mit dem Adler-Emblem.<\/li>\n<li>Abzugsb\u00fcgel mit Wippe.<\/li>\n<li>Bewaffnet sich und rammt<strong>.<\/strong><\/li>\n<li>Ungeeignet zum Schie\u00dfen.<\/li>\n<li>Unterliegt keiner Genehmigungspflicht. Verkauf und Besitz frei.<\/li>\n<li>L\u00e4nge: 35 cm - Gewicht 749 grs<\/li>\n<\/ul>","protected":false},"featured_media":26125,"template":"","meta":[],"product_brand":[896],"product_cat":[25,52,37,28],"product_tag":[],"class_list":{"0":"post-26124","1":"product","2":"type-product","3":"status-publish","4":"has-post-thumbnail","6":"product_brand-replique-manga-cine","7":"product_cat-armes-historiques","8":"product_cat-pistolet-ancien","9":"product_cat-premier-empire","10":"product_cat-repliques-darmes","12":"first","13":"instock","14":"sale","15":"taxable","16":"shipping-taxable","17":"purchasable","18":"product-type-simple"},"yoast_head":"<!-- This site is optimized with the Yoast SEO plugin v27.5 - https:\/\/yoast.com\/product\/yoast-seo-wordpress\/ -->\n<title>Pistolet Napol\u00e9on Gribeauval 1806 - Vente r\u00e9plique Denix | RMC<\/title>\n<meta name=\"description\" content=\"Offrez-vous le Pistolet Napol\u00e9on Gribeauval 1806 au meilleur prix - Crosse en bois massif et embl\u00e8mes - M\u00e9canisme fonctionnel - Longueur totale : 35 cm\" \/>\n<meta name=\"robots\" content=\"index, follow, max-snippet:-1, max-image-preview:large, max-video-preview:-1\" \/>\n<link rel=\"canonical\" href=\"https:\/\/repliquemangacine.fr\/de\/antike-pistole\/pistole-napoleon-gribeauval-1806\/\" \/>\n<meta property=\"og:locale\" content=\"de_DE\" \/>\n<meta property=\"og:type\" content=\"article\" \/>\n<meta property=\"og:title\" content=\"Pistolet Napol\u00e9on Gribeauval 1806 - Vente r\u00e9plique Denix | RMC\" \/>\n<meta property=\"og:description\" content=\"Offrez-vous le Pistolet Napol\u00e9on Gribeauval 1806 au meilleur prix - Crosse en bois massif et embl\u00e8mes - M\u00e9canisme fonctionnel - Longueur totale : 35 cm\" \/>\n<meta property=\"og:url\" content=\"https:\/\/repliquemangacine.fr\/de\/antike-pistole\/pistole-napoleon-gribeauval-1806\/\" \/>\n<meta property=\"og:site_name\" content=\"R\u00e9plique Manga Cin\u00e9\" \/>\n<meta property=\"article:publisher\" content=\"https:\/\/www.facebook.com\/RepliqueMangaCine\" \/>\n<meta property=\"article:modified_time\" content=\"2026-04-28T20:03:52+00:00\" \/>\n<meta property=\"og:image\" content=\"https:\/\/repliquemangacine.fr\/wp-content\/uploads\/2023\/10\/832-Pistolet-Napoleon-Gribeauval-1806.jpg\" \/>\n\t<meta property=\"og:image:width\" content=\"800\" \/>\n\t<meta property=\"og:image:height\" content=\"800\" \/>\n\t<meta property=\"og:image:type\" content=\"image\/jpeg\" \/>\n<meta name=\"twitter:card\" content=\"summary_large_image\" \/>\n<meta name=\"twitter:label1\" content=\"Gesch\u00e4tzte Lesezeit\" \/>\n\t<meta name=\"twitter:data1\" content=\"2\u00a0Minuten\" \/>\n<script type=\"application\/ld+json\" class=\"yoast-schema-graph\">{\"@context\":\"https:\\\/\\\/schema.org\",\"@graph\":[{\"@type\":\"WebPage\",\"@id\":\"https:\\\/\\\/repliquemangacine.fr\\\/pistolet-ancien\\\/pistolet-napoleon-gribeauval-1806\\\/\",\"url\":\"https:\\\/\\\/repliquemangacine.fr\\\/pistolet-ancien\\\/pistolet-napoleon-gribeauval-1806\\\/\",\"name\":\"Pistolet Napol\u00e9on Gribeauval 1806 - Vente r\u00e9plique Denix | RMC\",\"isPartOf\":{\"@id\":\"https:\\\/\\\/repliquemangacine.fr\\\/#website\"},\"primaryImageOfPage\":{\"@id\":\"https:\\\/\\\/repliquemangacine.fr\\\/pistolet-ancien\\\/pistolet-napoleon-gribeauval-1806\\\/#primaryimage\"},\"image\":{\"@id\":\"https:\\\/\\\/repliquemangacine.fr\\\/pistolet-ancien\\\/pistolet-napoleon-gribeauval-1806\\\/#primaryimage\"},\"thumbnailUrl\":\"https:\\\/\\\/repliquemangacine.fr\\\/wp-content\\\/uploads\\\/2023\\\/10\\\/832-Pistolet-Napoleon-Gribeauval-1806.jpg\",\"datePublished\":\"2016-11-09T13:47:52+00:00\",\"dateModified\":\"2026-04-28T20:03:52+00:00\",\"description\":\"Offrez-vous le Pistolet Napol\u00e9on Gribeauval 1806 au meilleur prix - Crosse en bois massif et embl\u00e8mes - M\u00e9canisme fonctionnel - Longueur totale : 35 cm\",\"breadcrumb\":{\"@id\":\"https:\\\/\\\/repliquemangacine.fr\\\/pistolet-ancien\\\/pistolet-napoleon-gribeauval-1806\\\/#breadcrumb\"},\"inLanguage\":\"de\",\"potentialAction\":[{\"@type\":\"ReadAction\",\"target\":[\"https:\\\/\\\/repliquemangacine.fr\\\/pistolet-ancien\\\/pistolet-napoleon-gribeauval-1806\\\/\"]}]},{\"@type\":\"ImageObject\",\"inLanguage\":\"de\",\"@id\":\"https:\\\/\\\/repliquemangacine.fr\\\/pistolet-ancien\\\/pistolet-napoleon-gribeauval-1806\\\/#primaryimage\",\"url\":\"https:\\\/\\\/repliquemangacine.fr\\\/wp-content\\\/uploads\\\/2023\\\/10\\\/832-Pistolet-Napoleon-Gribeauval-1806.jpg\",\"contentUrl\":\"https:\\\/\\\/repliquemangacine.fr\\\/wp-content\\\/uploads\\\/2023\\\/10\\\/832-Pistolet-Napoleon-Gribeauval-1806.jpg\",\"width\":800,\"height\":800,\"caption\":\"Pistolet Napol\u00e9on - Gribeauval 1806\"},{\"@type\":\"BreadcrumbList\",\"@id\":\"https:\\\/\\\/repliquemangacine.fr\\\/pistolet-ancien\\\/pistolet-napoleon-gribeauval-1806\\\/#breadcrumb\",\"itemListElement\":[{\"@type\":\"ListItem\",\"position\":1,\"name\":\"Accueil\",\"item\":\"https:\\\/\\\/repliquemangacine.fr\\\/\"},{\"@type\":\"ListItem\",\"position\":2,\"name\":\"Produits\",\"item\":\"https:\\\/\\\/repliquemangacine.fr\\\/boutique\\\/\"},{\"@type\":\"ListItem\",\"position\":3,\"name\":\"Pistolet Napol\u00e9on Gribeauval 1806\"}]},{\"@type\":\"WebSite\",\"@id\":\"https:\\\/\\\/repliquemangacine.fr\\\/#website\",\"url\":\"https:\\\/\\\/repliquemangacine.fr\\\/\",\"name\":\"R\u00e9plique Manga Cin\u00e9\",\"description\":\"\",\"publisher\":{\"@id\":\"https:\\\/\\\/repliquemangacine.fr\\\/#organization\"},\"potentialAction\":[{\"@type\":\"SearchAction\",\"target\":{\"@type\":\"EntryPoint\",\"urlTemplate\":\"https:\\\/\\\/repliquemangacine.fr\\\/?s={search_term_string}\"},\"query-input\":{\"@type\":\"PropertyValueSpecification\",\"valueRequired\":true,\"valueName\":\"search_term_string\"}}],\"inLanguage\":\"de\"},{\"@type\":\"Organization\",\"@id\":\"https:\\\/\\\/repliquemangacine.fr\\\/#organization\",\"name\":\"R\u00e9plique Manga Cin\u00e9\",\"url\":\"https:\\\/\\\/repliquemangacine.fr\\\/\",\"logo\":{\"@type\":\"ImageObject\",\"inLanguage\":\"de\",\"@id\":\"https:\\\/\\\/repliquemangacine.fr\\\/#\\\/schema\\\/logo\\\/image\\\/\",\"url\":\"https:\\\/\\\/repliquemangacine.fr\\\/wp-content\\\/uploads\\\/2023\\\/10\\\/RMC-500250.png\",\"contentUrl\":\"https:\\\/\\\/repliquemangacine.fr\\\/wp-content\\\/uploads\\\/2023\\\/10\\\/RMC-500250.png\",\"width\":500,\"height\":250,\"caption\":\"R\u00e9plique Manga Cin\u00e9\"},\"image\":{\"@id\":\"https:\\\/\\\/repliquemangacine.fr\\\/#\\\/schema\\\/logo\\\/image\\\/\"},\"sameAs\":[\"https:\\\/\\\/www.facebook.com\\\/RepliqueMangaCine\",\"https:\\\/\\\/www.instagram.com\\\/repliquemangacine.fr\\\/\"]}]}<\/script>\n<!-- \/ Yoast SEO plugin. -->","yoast_head_json":{"title":"Napoleon Gribeauval Pistole 1806 - Denix Replik Verkauf | RMC","description":"Bieten Sie die Napoleon Gribeauval Pistole 1806 zum besten Preis an - Massiver Holzschaft mit Emblemen - Funktionaler Mechanismus - Gesamtl\u00e4nge: 35 cm","robots":{"index":"index","follow":"follow","max-snippet":"max-snippet:-1","max-image-preview":"max-image-preview:large","max-video-preview":"max-video-preview:-1"},"canonical":"https:\/\/repliquemangacine.fr\/de\/antike-pistole\/pistole-napoleon-gribeauval-1806\/","og_locale":"de_DE","og_type":"article","og_title":"Pistolet Napol\u00e9on Gribeauval 1806 - Vente r\u00e9plique Denix | RMC","og_description":"Offrez-vous le Pistolet Napol\u00e9on Gribeauval 1806 au meilleur prix - Crosse en bois massif et embl\u00e8mes - M\u00e9canisme fonctionnel - Longueur totale : 35 cm","og_url":"https:\/\/repliquemangacine.fr\/de\/antike-pistole\/pistole-napoleon-gribeauval-1806\/","og_site_name":"R\u00e9plique Manga Cin\u00e9","article_publisher":"https:\/\/www.facebook.com\/RepliqueMangaCine","article_modified_time":"2026-04-28T20:03:52+00:00","og_image":[{"width":800,"height":800,"url":"https:\/\/repliquemangacine.fr\/wp-content\/uploads\/2023\/10\/832-Pistolet-Napoleon-Gribeauval-1806.jpg","type":"image\/jpeg"}],"twitter_card":"summary_large_image","twitter_misc":{"Gesch\u00e4tzte Lesezeit":"2\u00a0Minuten"},"schema":{"@context":"https:\/\/schema.org","@graph":[{"@type":"WebPage","@id":"https:\/\/repliquemangacine.fr\/pistolet-ancien\/pistolet-napoleon-gribeauval-1806\/","url":"https:\/\/repliquemangacine.fr\/pistolet-ancien\/pistolet-napoleon-gribeauval-1806\/","name":"Napoleon Gribeauval Pistole 1806 - Denix Replik Verkauf | RMC","isPartOf":{"@id":"https:\/\/repliquemangacine.fr\/#website"},"primaryImageOfPage":{"@id":"https:\/\/repliquemangacine.fr\/pistolet-ancien\/pistolet-napoleon-gribeauval-1806\/#primaryimage"},"image":{"@id":"https:\/\/repliquemangacine.fr\/pistolet-ancien\/pistolet-napoleon-gribeauval-1806\/#primaryimage"},"thumbnailUrl":"https:\/\/repliquemangacine.fr\/wp-content\/uploads\/2023\/10\/832-Pistolet-Napoleon-Gribeauval-1806.jpg","datePublished":"2016-11-09T13:47:52+00:00","dateModified":"2026-04-28T20:03:52+00:00","description":"Bieten Sie die Napoleon Gribeauval Pistole 1806 zum besten Preis an - Massiver Holzschaft mit Emblemen - Funktionaler Mechanismus - Gesamtl\u00e4nge: 35 cm","breadcrumb":{"@id":"https:\/\/repliquemangacine.fr\/pistolet-ancien\/pistolet-napoleon-gribeauval-1806\/#breadcrumb"},"inLanguage":"de","potentialAction":[{"@type":"ReadAction","target":["https:\/\/repliquemangacine.fr\/pistolet-ancien\/pistolet-napoleon-gribeauval-1806\/"]}]},{"@type":"ImageObject","inLanguage":"de","@id":"https:\/\/repliquemangacine.fr\/pistolet-ancien\/pistolet-napoleon-gribeauval-1806\/#primaryimage","url":"https:\/\/repliquemangacine.fr\/wp-content\/uploads\/2023\/10\/832-Pistolet-Napoleon-Gribeauval-1806.jpg","contentUrl":"https:\/\/repliquemangacine.fr\/wp-content\/uploads\/2023\/10\/832-Pistolet-Napoleon-Gribeauval-1806.jpg","width":800,"height":800,"caption":"Pistolet Napol\u00e9on - Gribeauval 1806"},{"@type":"BreadcrumbList","@id":"https:\/\/repliquemangacine.fr\/pistolet-ancien\/pistolet-napoleon-gribeauval-1806\/#breadcrumb","itemListElement":[{"@type":"ListItem","position":1,"name":"Accueil","item":"https:\/\/repliquemangacine.fr\/"},{"@type":"ListItem","position":2,"name":"Produits","item":"https:\/\/repliquemangacine.fr\/boutique\/"},{"@type":"ListItem","position":3,"name":"Pistolet Napol\u00e9on Gribeauval 1806"}]},{"@type":"WebSite","@id":"https:\/\/repliquemangacine.fr\/#website","url":"https:\/\/repliquemangacine.fr\/","name":"R\u00e9plique Manga Cin\u00e9","description":"","publisher":{"@id":"https:\/\/repliquemangacine.fr\/#organization"},"potentialAction":[{"@type":"SearchAction","target":{"@type":"EntryPoint","urlTemplate":"https:\/\/repliquemangacine.fr\/?s={search_term_string}"},"query-input":{"@type":"PropertyValueSpecification","valueRequired":true,"valueName":"search_term_string"}}],"inLanguage":"de"},{"@type":"Organization","@id":"https:\/\/repliquemangacine.fr\/#organization","name":"R\u00e9plique Manga Cin\u00e9","url":"https:\/\/repliquemangacine.fr\/","logo":{"@type":"ImageObject","inLanguage":"de","@id":"https:\/\/repliquemangacine.fr\/#\/schema\/logo\/image\/","url":"https:\/\/repliquemangacine.fr\/wp-content\/uploads\/2023\/10\/RMC-500250.png","contentUrl":"https:\/\/repliquemangacine.fr\/wp-content\/uploads\/2023\/10\/RMC-500250.png","width":500,"height":250,"caption":"R\u00e9plique Manga Cin\u00e9"},"image":{"@id":"https:\/\/repliquemangacine.fr\/#\/schema\/logo\/image\/"},"sameAs":["https:\/\/www.facebook.com\/RepliqueMangaCine","https:\/\/www.instagram.com\/repliquemangacine.fr\/"]}]}},"_links":{"self":[{"href":"https:\/\/repliquemangacine.fr\/de\/wp-json\/wp\/v2\/product\/26124","targetHints":{"allow":["GET"]}}],"collection":[{"href":"https:\/\/repliquemangacine.fr\/de\/wp-json\/wp\/v2\/product"}],"about":[{"href":"https:\/\/repliquemangacine.fr\/de\/wp-json\/wp\/v2\/types\/product"}],"wp:featuredmedia":[{"embeddable":true,"href":"https:\/\/repliquemangacine.fr\/de\/wp-json\/wp\/v2\/media\/26125"}],"wp:attachment":[{"href":"https:\/\/repliquemangacine.fr\/de\/wp-json\/wp\/v2\/media?parent=26124"}],"wp:term":[{"taxonomy":"product_brand","embeddable":true,"href":"https:\/\/repliquemangacine.fr\/de\/wp-json\/wp\/v2\/product_brand?post=26124"},{"taxonomy":"product_cat","embeddable":true,"href":"https:\/\/repliquemangacine.fr\/de\/wp-json\/wp\/v2\/product_cat?post=26124"},{"taxonomy":"product_tag","embeddable":true,"href":"https:\/\/repliquemangacine.fr\/de\/wp-json\/wp\/v2\/product_tag?post=26124"}],"curies":[{"name":"wp","href":"https:\/\/api.w.org\/{rel}","templated":true}]}}