





{"id":26005,"date":"2016-11-01T19:16:52","date_gmt":"2016-11-01T18:16:52","guid":{"rendered":"https:\/\/repliquemangacine.fr\/?post_type=product&#038;p=26005"},"modified":"2025-09-23T18:01:39","modified_gmt":"2025-09-23T16:01:39","slug":"colt-le-frontier-saa-1873-peacemaker-kaliber-45","status":"publish","type":"product","link":"https:\/\/repliquemangacine.fr\/de\/colt-revolver-western\/colt-le-frontier-saa-1873-peacemaker-calibre-45\/","title":{"rendered":"Peacemaker 1873 Kaliber 45"},"content":{"rendered":"<h2>Colt Le Frontier SAA 1873 - Denix<\/h2>\n<p>Zu Beginn wird der <strong>Colt Le Frontier SAA<\/strong> 1873, ist eine mit dem Original identische Reproduktion.<\/p>\n<p>Wenn es eine Waffe gibt, deren Prestige nie nachgelassen hat, sondern im Gegenteil immer weiter gewachsen ist, dann ist es der Colt Single Action. Dieser Revolver mit seiner charakteristischen, perfekt harmonischen Form wurde zur Legende.<\/p>\n<p>Es ist wichtig zu erw\u00e4hnen, dass die Single Action erst 1875 den Beinamen Frontier erhielt, als die 44-40 Winchester-Patrone angepasst wurde. So erzwangen die beiden legend\u00e4rsten Waffen des Wilden Westens das gleiche Gesetz des Feuers.<\/p>\n<p>Nach der Eroberung des Westens beginnt f\u00fcr diese Waffe die Eroberung der Erinnerung. Dies wird ihr leicht fallen, da ihre Linien und Heldentaten die Vorstellungskraft der Menschen gepr\u00e4gt haben.<\/p>\n<h2>Ihr Colt Le Frontier SAA zum besten Preis.<\/h2>\n<p>Wir bieten Ihnen eine gro\u00dfe Auswahl an Denix-Waffenreproduktionen zum niedrigsten Preis auf dem Markt.<\/p>\n<p>Zun\u00e4chst einmal,<\/p>\n<ul>\n<li>Die <a href=\"https:\/\/repliquemangacine.fr\/de\/colts-revolver\/colt-dragoon-revolver-1848\/\">Colt Dragoon<\/a> Revolver 1848 Kaliber 44 der Marke Denix.<\/li>\n<li>Sowie alle Colt-Sets mit Attrappenkugeln der Marke <a href=\"https:\/\/repliquemangacine.fr\/de\/kolser-waffe\/\">Kolser<\/a>.<\/li>\n<li>Und viele andere, die es in unserem Online-Shop zu entdecken gibt!<\/li>\n<\/ul>\n<p>Deshalb ist dies eine tolle Geschenkidee f\u00fcr Sammler oder Westernfans.<\/p>\n<p>Abschlie\u00dfend k\u00f6nnen Sie den <strong>Colt Le Frontier SAA<\/strong> 1873 Denix f\u00fcr Ihre Westernvorf\u00fchrungen oder Themenabende.<\/p>\n<p>Wir m\u00f6chten Sie daran erinnern, dass es sich dabei nur um ungef\u00e4hrliche Scheinwaffen handelt.<\/p>\n<p>R\u00e9plique Manga Cin\u00e9 ist ein franz\u00f6sisches Unternehmen und offizieller Vertriebspartner der Marke <a href=\"https:\/\/www.denix.fr\/fr\/catalogue\/guerre-civile-occidentale-et-americaine-1861-1899\/revolvers\/1109-n\/\" target=\"_blank\" rel=\"noopener noreferrer\">Denix<\/a>.<\/p>\n<h2>Wie werden Denix-Waffenrepliken hergestellt?<\/h2>\n<p>Werden in historischen Rekonstruktionen, Filmen und Serien sowie von Sammlern verwendet. Denix-Waffenreproduktionen, die aus hochwertigen Materialien hergestellt werden. Sorgf\u00e4ltig bearbeitet und zusammengesetzt, um realistische Sammlerwaffen zu schaffen.<\/p>\n<ul>\n<li>Die Metalle sind in einer Metalllegierung, die als Zamac bekannt ist und deren Grundzusammensetzung Zink in 95% ist.<\/li>\n<li>Die Kunststoffteile der Repliken aus geformtem ABS, das eine hohe Widerstandsf\u00e4higkeit bietet.<\/li>\n<li>Holz, das aufgrund seiner Sch\u00f6nheit und Haltbarkeit ausgew\u00e4hlt wird, wie z. B. Mahagoni, Olivenholz oder Walnuss, verleiht Ihren Sch\u00e4ften und F\u00e4ssern ein elegantes und authentisches Aussehen.<\/li>\n<\/ul>\n<p>Es ist zu betonen, dass alle Nachbildungen von Denix-Waffen mit den Originalen identisch sind, wie Ihr <strong>Colt Le Frontier SAA<\/strong>.<\/p>","protected":false},"excerpt":{"rendered":"<p>Peacemaker SAA 1873 Kaliber 45.<\/p>\n<ul>\n<li>Langer Lauf 7 1\/2 Zoll (17.80 cm) identisch mit dem Original.<\/li>\n<li>Schaftpl\u00e4ttchen aus geformtem ABS.<\/li>\n<li>Geh\u00e4use aus Zamak.<\/li>\n<li>Bewaffnet sich und rammt.<\/li>\n<li>Ungeeignet zum Schie\u00dfen.<\/li>\n<li>Unterliegt keiner Genehmigungspflicht. Verkauf und Besitz frei<\/li>\n<li>Ma\u00dfe: 35 cm - Gewicht: 1.020 grs<\/li>\n<\/ul>","protected":false},"featured_media":26006,"template":"","meta":[],"product_brand":[896],"product_cat":[34,33,77,102,28,27],"product_tag":[],"class_list":{"0":"post-26005","1":"product","2":"type-product","3":"status-publish","4":"has-post-thumbnail","6":"product_brand-replique-manga-cine","7":"product_cat-armes-westerns","8":"product_cat-colt-pistolet","9":"product_cat-colt-revolver-western","10":"product_cat-denix","11":"product_cat-repliques-darmes","12":"product_cat-armes-et-accessoires-western","14":"first","15":"instock","16":"sale","17":"taxable","18":"shipping-taxable","19":"purchasable","20":"product-type-simple"},"yoast_head":"<!-- This site is optimized with the Yoast SEO plugin v27.5 - https:\/\/yoast.com\/product\/yoast-seo-wordpress\/ -->\n<title>Colt Le Frontier SAA 1873 - R\u00e9plique Denix | R\u00e9plique Manga Cin\u00e9<\/title>\n<meta name=\"description\" content=\"D\u00e9couvrez le Colt Le Frontier SAA 1873 au meilleur prix - En m\u00e9tal - Crosse ABS - M\u00e9canisme fonctionnel - Barillet rotatif - Longueur totale : 35 cm\" \/>\n<meta name=\"robots\" content=\"index, follow, max-snippet:-1, max-image-preview:large, max-video-preview:-1\" \/>\n<link rel=\"canonical\" href=\"https:\/\/repliquemangacine.fr\/de\/denix\/colt-le-frontier-saa-1873-peacemaker-kaliber-45\/\" \/>\n<meta property=\"og:locale\" content=\"de_DE\" \/>\n<meta property=\"og:type\" content=\"article\" \/>\n<meta property=\"og:title\" content=\"Colt Le Frontier SAA 1873 - R\u00e9plique Denix | R\u00e9plique Manga Cin\u00e9\" \/>\n<meta property=\"og:description\" content=\"D\u00e9couvrez le Colt Le Frontier SAA 1873 au meilleur prix - En m\u00e9tal - Crosse ABS - M\u00e9canisme fonctionnel - Barillet rotatif - Longueur totale : 35 cm\" \/>\n<meta property=\"og:url\" content=\"https:\/\/repliquemangacine.fr\/de\/denix\/colt-le-frontier-saa-1873-peacemaker-kaliber-45\/\" \/>\n<meta property=\"og:site_name\" content=\"R\u00e9plique Manga Cin\u00e9\" \/>\n<meta property=\"article:publisher\" content=\"https:\/\/www.facebook.com\/RepliqueMangaCine\" \/>\n<meta property=\"article:modified_time\" content=\"2025-09-23T16:01:39+00:00\" \/>\n<meta property=\"og:image\" content=\"https:\/\/repliquemangacine.fr\/wp-content\/uploads\/2023\/10\/727-Revolver-colt-Peacemaker-1873-Calibre-45.jpg\" \/>\n\t<meta property=\"og:image:width\" content=\"800\" \/>\n\t<meta property=\"og:image:height\" content=\"800\" \/>\n\t<meta property=\"og:image:type\" content=\"image\/jpeg\" \/>\n<meta name=\"twitter:card\" content=\"summary_large_image\" \/>\n<meta name=\"twitter:label1\" content=\"Gesch\u00e4tzte Lesezeit\" \/>\n\t<meta name=\"twitter:data1\" content=\"2\u00a0Minuten\" \/>\n<script type=\"application\/ld+json\" class=\"yoast-schema-graph\">{\"@context\":\"https:\\\/\\\/schema.org\",\"@graph\":[{\"@type\":\"WebPage\",\"@id\":\"https:\\\/\\\/repliquemangacine.fr\\\/denix\\\/colt-le-frontier-saa-1873-peacemaker-calibre-45\\\/\",\"url\":\"https:\\\/\\\/repliquemangacine.fr\\\/denix\\\/colt-le-frontier-saa-1873-peacemaker-calibre-45\\\/\",\"name\":\"Colt Le Frontier SAA 1873 - R\u00e9plique Denix | R\u00e9plique Manga Cin\u00e9\",\"isPartOf\":{\"@id\":\"https:\\\/\\\/repliquemangacine.fr\\\/#website\"},\"primaryImageOfPage\":{\"@id\":\"https:\\\/\\\/repliquemangacine.fr\\\/denix\\\/colt-le-frontier-saa-1873-peacemaker-calibre-45\\\/#primaryimage\"},\"image\":{\"@id\":\"https:\\\/\\\/repliquemangacine.fr\\\/denix\\\/colt-le-frontier-saa-1873-peacemaker-calibre-45\\\/#primaryimage\"},\"thumbnailUrl\":\"https:\\\/\\\/repliquemangacine.fr\\\/wp-content\\\/uploads\\\/2023\\\/10\\\/727-Revolver-colt-Peacemaker-1873-Calibre-45.jpg\",\"datePublished\":\"2016-11-01T18:16:52+00:00\",\"dateModified\":\"2025-09-23T16:01:39+00:00\",\"description\":\"D\u00e9couvrez le Colt Le Frontier SAA 1873 au meilleur prix - En m\u00e9tal - Crosse ABS - M\u00e9canisme fonctionnel - Barillet rotatif - Longueur totale : 35 cm\",\"breadcrumb\":{\"@id\":\"https:\\\/\\\/repliquemangacine.fr\\\/denix\\\/colt-le-frontier-saa-1873-peacemaker-calibre-45\\\/#breadcrumb\"},\"inLanguage\":\"de\",\"potentialAction\":[{\"@type\":\"ReadAction\",\"target\":[\"https:\\\/\\\/repliquemangacine.fr\\\/denix\\\/colt-le-frontier-saa-1873-peacemaker-calibre-45\\\/\"]}]},{\"@type\":\"ImageObject\",\"inLanguage\":\"de\",\"@id\":\"https:\\\/\\\/repliquemangacine.fr\\\/denix\\\/colt-le-frontier-saa-1873-peacemaker-calibre-45\\\/#primaryimage\",\"url\":\"https:\\\/\\\/repliquemangacine.fr\\\/wp-content\\\/uploads\\\/2023\\\/10\\\/727-Revolver-colt-Peacemaker-1873-Calibre-45.jpg\",\"contentUrl\":\"https:\\\/\\\/repliquemangacine.fr\\\/wp-content\\\/uploads\\\/2023\\\/10\\\/727-Revolver-colt-Peacemaker-1873-Calibre-45.jpg\",\"width\":800,\"height\":800,\"caption\":\"Colt Le Frontier SAA- Calibre 45\"},{\"@type\":\"BreadcrumbList\",\"@id\":\"https:\\\/\\\/repliquemangacine.fr\\\/denix\\\/colt-le-frontier-saa-1873-peacemaker-calibre-45\\\/#breadcrumb\",\"itemListElement\":[{\"@type\":\"ListItem\",\"position\":1,\"name\":\"Accueil\",\"item\":\"https:\\\/\\\/repliquemangacine.fr\\\/\"},{\"@type\":\"ListItem\",\"position\":2,\"name\":\"Produits\",\"item\":\"https:\\\/\\\/repliquemangacine.fr\\\/boutique\\\/\"},{\"@type\":\"ListItem\",\"position\":3,\"name\":\"Peacemaker 1873 Calibre 45\"}]},{\"@type\":\"WebSite\",\"@id\":\"https:\\\/\\\/repliquemangacine.fr\\\/#website\",\"url\":\"https:\\\/\\\/repliquemangacine.fr\\\/\",\"name\":\"R\u00e9plique Manga Cin\u00e9\",\"description\":\"\",\"publisher\":{\"@id\":\"https:\\\/\\\/repliquemangacine.fr\\\/#organization\"},\"potentialAction\":[{\"@type\":\"SearchAction\",\"target\":{\"@type\":\"EntryPoint\",\"urlTemplate\":\"https:\\\/\\\/repliquemangacine.fr\\\/?s={search_term_string}\"},\"query-input\":{\"@type\":\"PropertyValueSpecification\",\"valueRequired\":true,\"valueName\":\"search_term_string\"}}],\"inLanguage\":\"de\"},{\"@type\":\"Organization\",\"@id\":\"https:\\\/\\\/repliquemangacine.fr\\\/#organization\",\"name\":\"R\u00e9plique Manga Cin\u00e9\",\"url\":\"https:\\\/\\\/repliquemangacine.fr\\\/\",\"logo\":{\"@type\":\"ImageObject\",\"inLanguage\":\"de\",\"@id\":\"https:\\\/\\\/repliquemangacine.fr\\\/#\\\/schema\\\/logo\\\/image\\\/\",\"url\":\"https:\\\/\\\/repliquemangacine.fr\\\/wp-content\\\/uploads\\\/2023\\\/10\\\/RMC-500250.png\",\"contentUrl\":\"https:\\\/\\\/repliquemangacine.fr\\\/wp-content\\\/uploads\\\/2023\\\/10\\\/RMC-500250.png\",\"width\":500,\"height\":250,\"caption\":\"R\u00e9plique Manga Cin\u00e9\"},\"image\":{\"@id\":\"https:\\\/\\\/repliquemangacine.fr\\\/#\\\/schema\\\/logo\\\/image\\\/\"},\"sameAs\":[\"https:\\\/\\\/www.facebook.com\\\/RepliqueMangaCine\",\"https:\\\/\\\/www.instagram.com\\\/repliquemangacine.fr\\\/\"]}]}<\/script>\n<!-- \/ Yoast SEO plugin. -->","yoast_head_json":{"title":"Colt Le Frontier SAA 1873 - Denix Replik | R\u00e9plique Manga Cin\u00e9","description":"Entdecken Sie den Colt Le Frontier SAA 1873 zum besten Preis - Aus Metall - ABS-Griff - Funktioneller Mechanismus - Drehbarer Lauf - Gesamtl\u00e4nge: 35 cm","robots":{"index":"index","follow":"follow","max-snippet":"max-snippet:-1","max-image-preview":"max-image-preview:large","max-video-preview":"max-video-preview:-1"},"canonical":"https:\/\/repliquemangacine.fr\/de\/denix\/colt-le-frontier-saa-1873-peacemaker-kaliber-45\/","og_locale":"de_DE","og_type":"article","og_title":"Colt Le Frontier SAA 1873 - R\u00e9plique Denix | R\u00e9plique Manga Cin\u00e9","og_description":"D\u00e9couvrez le Colt Le Frontier SAA 1873 au meilleur prix - En m\u00e9tal - Crosse ABS - M\u00e9canisme fonctionnel - Barillet rotatif - Longueur totale : 35 cm","og_url":"https:\/\/repliquemangacine.fr\/de\/denix\/colt-le-frontier-saa-1873-peacemaker-kaliber-45\/","og_site_name":"R\u00e9plique Manga Cin\u00e9","article_publisher":"https:\/\/www.facebook.com\/RepliqueMangaCine","article_modified_time":"2025-09-23T16:01:39+00:00","og_image":[{"width":800,"height":800,"url":"https:\/\/repliquemangacine.fr\/wp-content\/uploads\/2023\/10\/727-Revolver-colt-Peacemaker-1873-Calibre-45.jpg","type":"image\/jpeg"}],"twitter_card":"summary_large_image","twitter_misc":{"Gesch\u00e4tzte Lesezeit":"2\u00a0Minuten"},"schema":{"@context":"https:\/\/schema.org","@graph":[{"@type":"WebPage","@id":"https:\/\/repliquemangacine.fr\/denix\/colt-le-frontier-saa-1873-peacemaker-calibre-45\/","url":"https:\/\/repliquemangacine.fr\/denix\/colt-le-frontier-saa-1873-peacemaker-calibre-45\/","name":"Colt Le Frontier SAA 1873 - Denix Replik | R\u00e9plique Manga Cin\u00e9","isPartOf":{"@id":"https:\/\/repliquemangacine.fr\/#website"},"primaryImageOfPage":{"@id":"https:\/\/repliquemangacine.fr\/denix\/colt-le-frontier-saa-1873-peacemaker-calibre-45\/#primaryimage"},"image":{"@id":"https:\/\/repliquemangacine.fr\/denix\/colt-le-frontier-saa-1873-peacemaker-calibre-45\/#primaryimage"},"thumbnailUrl":"https:\/\/repliquemangacine.fr\/wp-content\/uploads\/2023\/10\/727-Revolver-colt-Peacemaker-1873-Calibre-45.jpg","datePublished":"2016-11-01T18:16:52+00:00","dateModified":"2025-09-23T16:01:39+00:00","description":"Entdecken Sie den Colt Le Frontier SAA 1873 zum besten Preis - Aus Metall - ABS-Griff - Funktioneller Mechanismus - Drehbarer Lauf - Gesamtl\u00e4nge: 35 cm","breadcrumb":{"@id":"https:\/\/repliquemangacine.fr\/denix\/colt-le-frontier-saa-1873-peacemaker-calibre-45\/#breadcrumb"},"inLanguage":"de","potentialAction":[{"@type":"ReadAction","target":["https:\/\/repliquemangacine.fr\/denix\/colt-le-frontier-saa-1873-peacemaker-calibre-45\/"]}]},{"@type":"ImageObject","inLanguage":"de","@id":"https:\/\/repliquemangacine.fr\/denix\/colt-le-frontier-saa-1873-peacemaker-calibre-45\/#primaryimage","url":"https:\/\/repliquemangacine.fr\/wp-content\/uploads\/2023\/10\/727-Revolver-colt-Peacemaker-1873-Calibre-45.jpg","contentUrl":"https:\/\/repliquemangacine.fr\/wp-content\/uploads\/2023\/10\/727-Revolver-colt-Peacemaker-1873-Calibre-45.jpg","width":800,"height":800,"caption":"Colt Le Frontier SAA- Calibre 45"},{"@type":"BreadcrumbList","@id":"https:\/\/repliquemangacine.fr\/denix\/colt-le-frontier-saa-1873-peacemaker-calibre-45\/#breadcrumb","itemListElement":[{"@type":"ListItem","position":1,"name":"Accueil","item":"https:\/\/repliquemangacine.fr\/"},{"@type":"ListItem","position":2,"name":"Produits","item":"https:\/\/repliquemangacine.fr\/boutique\/"},{"@type":"ListItem","position":3,"name":"Peacemaker 1873 Calibre 45"}]},{"@type":"WebSite","@id":"https:\/\/repliquemangacine.fr\/#website","url":"https:\/\/repliquemangacine.fr\/","name":"R\u00e9plique Manga Cin\u00e9","description":"","publisher":{"@id":"https:\/\/repliquemangacine.fr\/#organization"},"potentialAction":[{"@type":"SearchAction","target":{"@type":"EntryPoint","urlTemplate":"https:\/\/repliquemangacine.fr\/?s={search_term_string}"},"query-input":{"@type":"PropertyValueSpecification","valueRequired":true,"valueName":"search_term_string"}}],"inLanguage":"de"},{"@type":"Organization","@id":"https:\/\/repliquemangacine.fr\/#organization","name":"R\u00e9plique Manga Cin\u00e9","url":"https:\/\/repliquemangacine.fr\/","logo":{"@type":"ImageObject","inLanguage":"de","@id":"https:\/\/repliquemangacine.fr\/#\/schema\/logo\/image\/","url":"https:\/\/repliquemangacine.fr\/wp-content\/uploads\/2023\/10\/RMC-500250.png","contentUrl":"https:\/\/repliquemangacine.fr\/wp-content\/uploads\/2023\/10\/RMC-500250.png","width":500,"height":250,"caption":"R\u00e9plique Manga Cin\u00e9"},"image":{"@id":"https:\/\/repliquemangacine.fr\/#\/schema\/logo\/image\/"},"sameAs":["https:\/\/www.facebook.com\/RepliqueMangaCine","https:\/\/www.instagram.com\/repliquemangacine.fr\/"]}]}},"_links":{"self":[{"href":"https:\/\/repliquemangacine.fr\/de\/wp-json\/wp\/v2\/product\/26005","targetHints":{"allow":["GET"]}}],"collection":[{"href":"https:\/\/repliquemangacine.fr\/de\/wp-json\/wp\/v2\/product"}],"about":[{"href":"https:\/\/repliquemangacine.fr\/de\/wp-json\/wp\/v2\/types\/product"}],"wp:featuredmedia":[{"embeddable":true,"href":"https:\/\/repliquemangacine.fr\/de\/wp-json\/wp\/v2\/media\/26006"}],"wp:attachment":[{"href":"https:\/\/repliquemangacine.fr\/de\/wp-json\/wp\/v2\/media?parent=26005"}],"wp:term":[{"taxonomy":"product_brand","embeddable":true,"href":"https:\/\/repliquemangacine.fr\/de\/wp-json\/wp\/v2\/product_brand?post=26005"},{"taxonomy":"product_cat","embeddable":true,"href":"https:\/\/repliquemangacine.fr\/de\/wp-json\/wp\/v2\/product_cat?post=26005"},{"taxonomy":"product_tag","embeddable":true,"href":"https:\/\/repliquemangacine.fr\/de\/wp-json\/wp\/v2\/product_tag?post=26005"}],"curies":[{"name":"wp","href":"https:\/\/api.w.org\/{rel}","templated":true}]}}