





{"id":25967,"date":"2016-11-01T14:52:18","date_gmt":"2016-11-01T13:52:18","guid":{"rendered":"https:\/\/repliquemangacine.fr\/?post_type=product&#038;p=25967"},"modified":"2026-02-06T16:01:23","modified_gmt":"2026-02-06T15:01:23","slug":"colt-buntline-special-wyatt-earp-1873-nickele","status":"publish","type":"product","link":"https:\/\/repliquemangacine.fr\/de\/colt-revolver-western\/colt-buntline-special-wyatt-earp-1873-nickele\/","title":{"rendered":"Colt Buntline Spezial Wyatt Earp 1873 Nickele"},"content":{"rendered":"<h2>Colt Buntline Spezial Wyatt Earp - Denix<\/h2>\n<p>Zu Beginn wird der <strong>Buntline Spezial Wyatt Earp<\/strong>die bekannteste Variante der Single Action Army. Das entscheidende Merkmal des Revolvers ist ein au\u00dfergew\u00f6hnlich langer Lauf, der zwischen zehn und sechzehn Zoll variiert.<\/p>\n<p>Der Autor Stuart N. Lake schuf die Buntline, als er 1931 die Biografie von Wyatt Earp schrieb. \u00dcbrigens beschreibt Lake sie als extralange Colt Single Action Army-Revolver mit einer L\u00e4nge von 12 Zoll (300 mm). Buntline soll sie den Gesetzesh\u00fctern als Dank f\u00fcr ihre Hilfe, seinen westlichen S\u00f6hnen \"Lokalkolorit\" zu verleihen, vorgelegt haben.<\/p>\n<p>Nach der Ver\u00f6ffentlichung von Lakes Buch werden verschiedene Colt-Revolver mit langem Lauf (10\u2033 oder 16\u2033) als \"Colt Buntlines\" bezeichnet.<\/p>\n<p>Es sei darauf hingewiesen, dass in den sp\u00e4ten 1970er Jahren auch einige Buntlines der dritten Generation hergestellt wurden.<\/p>\n<h2>Ihre Buntline Spezial Wyatt Earp zum besten Preis.<\/h2>\n<p>Wir bieten Ihnen eine gro\u00dfe Auswahl an Denix-Waffenreproduktionen zum niedrigsten Preis auf dem Markt.<\/p>\n<p>Zun\u00e4chst einmal,<\/p>\n<ul>\n<li>Der Revolver der Konf\u00f6derierten <a href=\"https:\/\/repliquemangacine.fr\/de\/colts-revolver\/revolver-griswold-gunnison-usa-1860\/\">Griswold Gunnison 1860<\/a> der Marke Denix.<\/li>\n<li>Sowie die Box <a href=\"https:\/\/repliquemangacine.fr\/de\/kolser-waffe\/replique-colt-45-laiton-4-75-pouces-1873-kolser\/\">colt Peacemaker 4.75<\/a> mit Attrappenkugeln der Marke Kolser.<\/li>\n<li>Und viele andere, die es in unserem Online-Shop zu entdecken gibt!<\/li>\n<\/ul>\n<p>Deshalb ist dies eine tolle Geschenkidee f\u00fcr Sammler oder Westernfans.<\/p>\n<p>Abschlie\u00dfend k\u00f6nnen Sie den Colt <strong>Buntline Spezial Wyatt Earp<\/strong> f\u00fcr Ihre Westernvorf\u00fchrungen oder Themenabende.<\/p>\n<p>Abschlie\u00dfend m\u00f6chten wir Sie daran erinnern, dass es sich hierbei nur um ungef\u00e4hrliche Scheinwaffen handelt.<\/p>\n<p>R\u00e9plique Manga Cin\u00e9 ist ein franz\u00f6sisches Unternehmen und offizieller Vertriebspartner der Marke <a href=\"https:\/\/www.denix.fr\/\" target=\"_blank\" rel=\"noopener noreferrer\">Denix<\/a>.<\/p>\n<h2>Wie werden Denix-Waffenrepliken hergestellt?<\/h2>\n<p>Werden in historischen Rekonstruktionen, Filmen und Serien sowie von Sammlern verwendet. Denix-Waffenreproduktionen, die aus hochwertigen Materialien hergestellt werden. Sorgf\u00e4ltig bearbeitet und zusammengesetzt, um realistische Sammlerwaffen zu schaffen.<\/p>\n<ul>\n<li>Die Metalle sind in einer Metalllegierung, die als Zamac bekannt ist und deren Grundzusammensetzung Zink in 95% ist.<\/li>\n<li>Die Kunststoffteile der Repliken aus geformtem ABS, das eine hohe Widerstandsf\u00e4higkeit bietet.<\/li>\n<li>Holz, das aufgrund seiner Sch\u00f6nheit und Haltbarkeit ausgew\u00e4hlt wird, wie z. B. Mahagoni, Olivenholz oder Walnuss, verleiht Ihren Sch\u00e4ften und F\u00e4ssern ein elegantes und authentisches Aussehen.<\/li>\n<\/ul>\n<p>Es ist zu betonen, dass alle Nachbildungen von Denix-Waffen mit den Originalen identisch sind, wie Ihr <strong>Buntline Spezial Wyatt Earp<\/strong>.<\/p>","protected":false},"excerpt":{"rendered":"<p>Buntline Spezial des legend\u00e4ren Wyatt Earp.<\/p>\n<ul>\n<li>Langer Lauf 12 Zoll (30.5cm)<\/li>\n<li>Kaliber 45.<\/li>\n<li>Schaft aus Massivholz.<\/li>\n<li>Aus vernickeltem Zamak.<\/li>\n<li>Bewaffnet sich und rammt.<\/li>\n<li>Ungeeignet zum Schie\u00dfen.<\/li>\n<li>Unterliegt keiner Genehmigungspflicht. Verkauf und Besitz frei.<\/li>\n<li>Gesamtl\u00e4nge: 46 cm - Gewicht: 1100 g<\/li>\n<\/ul>","protected":false},"featured_media":25968,"template":"","meta":[],"product_brand":[896],"product_cat":[34,33,77,102,28,101,27],"product_tag":[],"class_list":{"0":"post-25967","1":"product","2":"type-product","3":"status-publish","4":"has-post-thumbnail","6":"product_brand-replique-manga-cine","7":"product_cat-armes-westerns","8":"product_cat-colt-pistolet","9":"product_cat-colt-revolver-western","10":"product_cat-denix","11":"product_cat-repliques-darmes","12":"product_cat-soldes","13":"product_cat-armes-et-accessoires-western","15":"first","16":"instock","17":"sale","18":"taxable","19":"shipping-taxable","20":"purchasable","21":"product-type-simple"},"yoast_head":"<!-- This site is optimized with the Yoast SEO plugin v27.5 - https:\/\/yoast.com\/product\/yoast-seo-wordpress\/ -->\n<title>Buntline Sp\u00e9cial Wyatt Earp - Armes Denix | R\u00e9plique Manga Cin\u00e9<\/title>\n<meta name=\"description\" content=\"Colt Buntline Sp\u00e9cial Wyatt Earp au meilleur prix - En m\u00e9tal - Crosse ABS - M\u00e9canisme fonctionnel - Barillet rotatif - Longueur totale : 35 cm - Canon 30cm\" \/>\n<meta name=\"robots\" content=\"index, follow, max-snippet:-1, max-image-preview:large, max-video-preview:-1\" \/>\n<link rel=\"canonical\" href=\"https:\/\/repliquemangacine.fr\/de\/denix\/colt-buntline-special-wyatt-earp-1873-nickele\/\" \/>\n<meta property=\"og:locale\" content=\"de_DE\" \/>\n<meta property=\"og:type\" content=\"article\" \/>\n<meta property=\"og:title\" content=\"Buntline Sp\u00e9cial Wyatt Earp - Armes Denix | R\u00e9plique Manga Cin\u00e9\" \/>\n<meta property=\"og:description\" content=\"Colt Buntline Sp\u00e9cial Wyatt Earp au meilleur prix - En m\u00e9tal - Crosse ABS - M\u00e9canisme fonctionnel - Barillet rotatif - Longueur totale : 35 cm - Canon 30cm\" \/>\n<meta property=\"og:url\" content=\"https:\/\/repliquemangacine.fr\/de\/denix\/colt-buntline-special-wyatt-earp-1873-nickele\/\" \/>\n<meta property=\"og:site_name\" content=\"R\u00e9plique Manga Cin\u00e9\" \/>\n<meta property=\"article:publisher\" content=\"https:\/\/www.facebook.com\/RepliqueMangaCine\" \/>\n<meta property=\"article:modified_time\" content=\"2026-02-06T15:01:23+00:00\" \/>\n<meta property=\"og:image\" content=\"https:\/\/repliquemangacine.fr\/wp-content\/uploads\/2023\/10\/690-Colt-Buntline-Special-Wyatt-Earp-1873-Nickele.jpg\" \/>\n\t<meta property=\"og:image:width\" content=\"800\" \/>\n\t<meta property=\"og:image:height\" content=\"800\" \/>\n\t<meta property=\"og:image:type\" content=\"image\/jpeg\" \/>\n<meta name=\"twitter:card\" content=\"summary_large_image\" \/>\n<meta name=\"twitter:label1\" content=\"Gesch\u00e4tzte Lesezeit\" \/>\n\t<meta name=\"twitter:data1\" content=\"2\u00a0Minuten\" \/>\n<script type=\"application\/ld+json\" class=\"yoast-schema-graph\">{\"@context\":\"https:\\\/\\\/schema.org\",\"@graph\":[{\"@type\":\"WebPage\",\"@id\":\"https:\\\/\\\/repliquemangacine.fr\\\/denix\\\/colt-buntline-special-wyatt-earp-1873-nickele\\\/\",\"url\":\"https:\\\/\\\/repliquemangacine.fr\\\/denix\\\/colt-buntline-special-wyatt-earp-1873-nickele\\\/\",\"name\":\"Buntline Sp\u00e9cial Wyatt Earp - Armes Denix | R\u00e9plique Manga Cin\u00e9\",\"isPartOf\":{\"@id\":\"https:\\\/\\\/repliquemangacine.fr\\\/#website\"},\"primaryImageOfPage\":{\"@id\":\"https:\\\/\\\/repliquemangacine.fr\\\/denix\\\/colt-buntline-special-wyatt-earp-1873-nickele\\\/#primaryimage\"},\"image\":{\"@id\":\"https:\\\/\\\/repliquemangacine.fr\\\/denix\\\/colt-buntline-special-wyatt-earp-1873-nickele\\\/#primaryimage\"},\"thumbnailUrl\":\"https:\\\/\\\/repliquemangacine.fr\\\/wp-content\\\/uploads\\\/2023\\\/10\\\/690-Colt-Buntline-Special-Wyatt-Earp-1873-Nickele.jpg\",\"datePublished\":\"2016-11-01T13:52:18+00:00\",\"dateModified\":\"2026-02-06T15:01:23+00:00\",\"description\":\"Colt Buntline Sp\u00e9cial Wyatt Earp au meilleur prix - En m\u00e9tal - Crosse ABS - M\u00e9canisme fonctionnel - Barillet rotatif - Longueur totale : 35 cm - Canon 30cm\",\"breadcrumb\":{\"@id\":\"https:\\\/\\\/repliquemangacine.fr\\\/denix\\\/colt-buntline-special-wyatt-earp-1873-nickele\\\/#breadcrumb\"},\"inLanguage\":\"de\",\"potentialAction\":[{\"@type\":\"ReadAction\",\"target\":[\"https:\\\/\\\/repliquemangacine.fr\\\/denix\\\/colt-buntline-special-wyatt-earp-1873-nickele\\\/\"]}]},{\"@type\":\"ImageObject\",\"inLanguage\":\"de\",\"@id\":\"https:\\\/\\\/repliquemangacine.fr\\\/denix\\\/colt-buntline-special-wyatt-earp-1873-nickele\\\/#primaryimage\",\"url\":\"https:\\\/\\\/repliquemangacine.fr\\\/wp-content\\\/uploads\\\/2023\\\/10\\\/690-Colt-Buntline-Special-Wyatt-Earp-1873-Nickele.jpg\",\"contentUrl\":\"https:\\\/\\\/repliquemangacine.fr\\\/wp-content\\\/uploads\\\/2023\\\/10\\\/690-Colt-Buntline-Special-Wyatt-Earp-1873-Nickele.jpg\",\"width\":800,\"height\":800,\"caption\":\"Colt Buntline Sp\u00e9cial Wyatt Earp 1873 Nickele\"},{\"@type\":\"BreadcrumbList\",\"@id\":\"https:\\\/\\\/repliquemangacine.fr\\\/denix\\\/colt-buntline-special-wyatt-earp-1873-nickele\\\/#breadcrumb\",\"itemListElement\":[{\"@type\":\"ListItem\",\"position\":1,\"name\":\"Accueil\",\"item\":\"https:\\\/\\\/repliquemangacine.fr\\\/\"},{\"@type\":\"ListItem\",\"position\":2,\"name\":\"Produits\",\"item\":\"https:\\\/\\\/repliquemangacine.fr\\\/boutique\\\/\"},{\"@type\":\"ListItem\",\"position\":3,\"name\":\"Colt Buntline Sp\u00e9cial Wyatt Earp 1873 Nickele\"}]},{\"@type\":\"WebSite\",\"@id\":\"https:\\\/\\\/repliquemangacine.fr\\\/#website\",\"url\":\"https:\\\/\\\/repliquemangacine.fr\\\/\",\"name\":\"R\u00e9plique Manga Cin\u00e9\",\"description\":\"\",\"publisher\":{\"@id\":\"https:\\\/\\\/repliquemangacine.fr\\\/#organization\"},\"potentialAction\":[{\"@type\":\"SearchAction\",\"target\":{\"@type\":\"EntryPoint\",\"urlTemplate\":\"https:\\\/\\\/repliquemangacine.fr\\\/?s={search_term_string}\"},\"query-input\":{\"@type\":\"PropertyValueSpecification\",\"valueRequired\":true,\"valueName\":\"search_term_string\"}}],\"inLanguage\":\"de\"},{\"@type\":\"Organization\",\"@id\":\"https:\\\/\\\/repliquemangacine.fr\\\/#organization\",\"name\":\"R\u00e9plique Manga Cin\u00e9\",\"url\":\"https:\\\/\\\/repliquemangacine.fr\\\/\",\"logo\":{\"@type\":\"ImageObject\",\"inLanguage\":\"de\",\"@id\":\"https:\\\/\\\/repliquemangacine.fr\\\/#\\\/schema\\\/logo\\\/image\\\/\",\"url\":\"https:\\\/\\\/repliquemangacine.fr\\\/wp-content\\\/uploads\\\/2023\\\/10\\\/RMC-500250.png\",\"contentUrl\":\"https:\\\/\\\/repliquemangacine.fr\\\/wp-content\\\/uploads\\\/2023\\\/10\\\/RMC-500250.png\",\"width\":500,\"height\":250,\"caption\":\"R\u00e9plique Manga Cin\u00e9\"},\"image\":{\"@id\":\"https:\\\/\\\/repliquemangacine.fr\\\/#\\\/schema\\\/logo\\\/image\\\/\"},\"sameAs\":[\"https:\\\/\\\/www.facebook.com\\\/RepliqueMangaCine\",\"https:\\\/\\\/www.instagram.com\\\/repliquemangacine.fr\\\/\"]}]}<\/script>\n<!-- \/ Yoast SEO plugin. -->","yoast_head_json":{"title":"Buntline Spezial Wyatt Earp - Denix Waffen | R\u00e9plique Manga Cin\u00e9","description":"Colt Buntline Special Wyatt Earp zum besten Preis - Aus Metall - ABS-Griff - Funktionaler Mechanismus - Drehbarer Lauf - Gesamtl\u00e4nge: 35 cm - Lauf 30cm","robots":{"index":"index","follow":"follow","max-snippet":"max-snippet:-1","max-image-preview":"max-image-preview:large","max-video-preview":"max-video-preview:-1"},"canonical":"https:\/\/repliquemangacine.fr\/de\/denix\/colt-buntline-special-wyatt-earp-1873-nickele\/","og_locale":"de_DE","og_type":"article","og_title":"Buntline Sp\u00e9cial Wyatt Earp - Armes Denix | R\u00e9plique Manga Cin\u00e9","og_description":"Colt Buntline Sp\u00e9cial Wyatt Earp au meilleur prix - En m\u00e9tal - Crosse ABS - M\u00e9canisme fonctionnel - Barillet rotatif - Longueur totale : 35 cm - Canon 30cm","og_url":"https:\/\/repliquemangacine.fr\/de\/denix\/colt-buntline-special-wyatt-earp-1873-nickele\/","og_site_name":"R\u00e9plique Manga Cin\u00e9","article_publisher":"https:\/\/www.facebook.com\/RepliqueMangaCine","article_modified_time":"2026-02-06T15:01:23+00:00","og_image":[{"width":800,"height":800,"url":"https:\/\/repliquemangacine.fr\/wp-content\/uploads\/2023\/10\/690-Colt-Buntline-Special-Wyatt-Earp-1873-Nickele.jpg","type":"image\/jpeg"}],"twitter_card":"summary_large_image","twitter_misc":{"Gesch\u00e4tzte Lesezeit":"2\u00a0Minuten"},"schema":{"@context":"https:\/\/schema.org","@graph":[{"@type":"WebPage","@id":"https:\/\/repliquemangacine.fr\/denix\/colt-buntline-special-wyatt-earp-1873-nickele\/","url":"https:\/\/repliquemangacine.fr\/denix\/colt-buntline-special-wyatt-earp-1873-nickele\/","name":"Buntline Spezial Wyatt Earp - Denix Waffen | R\u00e9plique Manga Cin\u00e9","isPartOf":{"@id":"https:\/\/repliquemangacine.fr\/#website"},"primaryImageOfPage":{"@id":"https:\/\/repliquemangacine.fr\/denix\/colt-buntline-special-wyatt-earp-1873-nickele\/#primaryimage"},"image":{"@id":"https:\/\/repliquemangacine.fr\/denix\/colt-buntline-special-wyatt-earp-1873-nickele\/#primaryimage"},"thumbnailUrl":"https:\/\/repliquemangacine.fr\/wp-content\/uploads\/2023\/10\/690-Colt-Buntline-Special-Wyatt-Earp-1873-Nickele.jpg","datePublished":"2016-11-01T13:52:18+00:00","dateModified":"2026-02-06T15:01:23+00:00","description":"Colt Buntline Special Wyatt Earp zum besten Preis - Aus Metall - ABS-Griff - Funktionaler Mechanismus - Drehbarer Lauf - Gesamtl\u00e4nge: 35 cm - Lauf 30cm","breadcrumb":{"@id":"https:\/\/repliquemangacine.fr\/denix\/colt-buntline-special-wyatt-earp-1873-nickele\/#breadcrumb"},"inLanguage":"de","potentialAction":[{"@type":"ReadAction","target":["https:\/\/repliquemangacine.fr\/denix\/colt-buntline-special-wyatt-earp-1873-nickele\/"]}]},{"@type":"ImageObject","inLanguage":"de","@id":"https:\/\/repliquemangacine.fr\/denix\/colt-buntline-special-wyatt-earp-1873-nickele\/#primaryimage","url":"https:\/\/repliquemangacine.fr\/wp-content\/uploads\/2023\/10\/690-Colt-Buntline-Special-Wyatt-Earp-1873-Nickele.jpg","contentUrl":"https:\/\/repliquemangacine.fr\/wp-content\/uploads\/2023\/10\/690-Colt-Buntline-Special-Wyatt-Earp-1873-Nickele.jpg","width":800,"height":800,"caption":"Colt Buntline Sp\u00e9cial Wyatt Earp 1873 Nickele"},{"@type":"BreadcrumbList","@id":"https:\/\/repliquemangacine.fr\/denix\/colt-buntline-special-wyatt-earp-1873-nickele\/#breadcrumb","itemListElement":[{"@type":"ListItem","position":1,"name":"Accueil","item":"https:\/\/repliquemangacine.fr\/"},{"@type":"ListItem","position":2,"name":"Produits","item":"https:\/\/repliquemangacine.fr\/boutique\/"},{"@type":"ListItem","position":3,"name":"Colt Buntline Sp\u00e9cial Wyatt Earp 1873 Nickele"}]},{"@type":"WebSite","@id":"https:\/\/repliquemangacine.fr\/#website","url":"https:\/\/repliquemangacine.fr\/","name":"R\u00e9plique Manga Cin\u00e9","description":"","publisher":{"@id":"https:\/\/repliquemangacine.fr\/#organization"},"potentialAction":[{"@type":"SearchAction","target":{"@type":"EntryPoint","urlTemplate":"https:\/\/repliquemangacine.fr\/?s={search_term_string}"},"query-input":{"@type":"PropertyValueSpecification","valueRequired":true,"valueName":"search_term_string"}}],"inLanguage":"de"},{"@type":"Organization","@id":"https:\/\/repliquemangacine.fr\/#organization","name":"R\u00e9plique Manga Cin\u00e9","url":"https:\/\/repliquemangacine.fr\/","logo":{"@type":"ImageObject","inLanguage":"de","@id":"https:\/\/repliquemangacine.fr\/#\/schema\/logo\/image\/","url":"https:\/\/repliquemangacine.fr\/wp-content\/uploads\/2023\/10\/RMC-500250.png","contentUrl":"https:\/\/repliquemangacine.fr\/wp-content\/uploads\/2023\/10\/RMC-500250.png","width":500,"height":250,"caption":"R\u00e9plique Manga Cin\u00e9"},"image":{"@id":"https:\/\/repliquemangacine.fr\/#\/schema\/logo\/image\/"},"sameAs":["https:\/\/www.facebook.com\/RepliqueMangaCine","https:\/\/www.instagram.com\/repliquemangacine.fr\/"]}]}},"_links":{"self":[{"href":"https:\/\/repliquemangacine.fr\/de\/wp-json\/wp\/v2\/product\/25967","targetHints":{"allow":["GET"]}}],"collection":[{"href":"https:\/\/repliquemangacine.fr\/de\/wp-json\/wp\/v2\/product"}],"about":[{"href":"https:\/\/repliquemangacine.fr\/de\/wp-json\/wp\/v2\/types\/product"}],"wp:featuredmedia":[{"embeddable":true,"href":"https:\/\/repliquemangacine.fr\/de\/wp-json\/wp\/v2\/media\/25968"}],"wp:attachment":[{"href":"https:\/\/repliquemangacine.fr\/de\/wp-json\/wp\/v2\/media?parent=25967"}],"wp:term":[{"taxonomy":"product_brand","embeddable":true,"href":"https:\/\/repliquemangacine.fr\/de\/wp-json\/wp\/v2\/product_brand?post=25967"},{"taxonomy":"product_cat","embeddable":true,"href":"https:\/\/repliquemangacine.fr\/de\/wp-json\/wp\/v2\/product_cat?post=25967"},{"taxonomy":"product_tag","embeddable":true,"href":"https:\/\/repliquemangacine.fr\/de\/wp-json\/wp\/v2\/product_tag?post=25967"}],"curies":[{"name":"wp","href":"https:\/\/api.w.org\/{rel}","templated":true}]}}