





{"id":25930,"date":"2016-10-27T19:10:09","date_gmt":"2016-10-27T17:10:09","guid":{"rendered":"https:\/\/repliquemangacine.fr\/?post_type=product&#038;p=25930"},"modified":"2026-04-26T14:45:31","modified_gmt":"2026-04-26T12:45:31","slug":"sheriff-gurtel-einfaches-holster-aus-denix-leder","status":"publish","type":"product","link":"https:\/\/repliquemangacine.fr\/de\/holster-accessoires-western\/ceinturon-sheriff-holster-simple-cuir-denix\/","title":{"rendered":"Sheriff-Holster"},"content":{"rendered":"<h2>Sheriffg\u00fcrtel - Denix<\/h2>\n<p>Zu Beginn wird der <strong>G\u00fcrtel des Sheriffs<\/strong>, Halbstarres Lederetui, das an einem G\u00fcrtel befestigt ist und am Oberschenkel h\u00e4ngt, um eine Pistole aufzunehmen.<\/p>\n<p>Wurde im 18. und fr\u00fchen 19. Jahrhundert in den Vereinigten Staaten verwendet. Er erm\u00f6glicht es seinem Besitzer, seine Waffe immer griffbereit zu haben und sie schnell zu ziehen. Durch Westernfilme und ber\u00fchmte Duellszenen bekannt geworden.<\/p>\n<p>Es muss betont werden, dass das Herausziehen der Pistole in einigen Filmen ziemlich spektakul\u00e4r ist und man technische Meisterleistungen erlebt, um sie wieder hineinzustecken.<\/p>\n<p>Hergestellt in Spanien in den Werkst\u00e4tten von Denix, vollst\u00e4ndig handgefertigt und handgen\u00e4ht.<\/p>\n<h2>Ihr Sheriffg\u00fcrtel zum besten Preis.<\/h2>\n<p>R\u00e9plique Manga Cin\u00e9 bietet Ihnen dieses halbsteife Lederholster an. Es passt perfekt zu Ihren Colts und Revolvern, wie :<\/p>\n<ul>\n<li>Dieses Lederholster f\u00fcr Revolver passt perfekt zu unserem <a href=\"https:\/\/repliquemangacine.fr\/de\/colts-revolver\/colt-peacemaker-le-frontier-saa-1873\/\">Colt Peacemaker- der Grenzg\u00e4nger-S.A.A 1873<\/a>.<\/li>\n<li>Sowie das <a href=\"https:\/\/repliquemangacine.fr\/de\/colt-pistole\/colt-peacemaker-aspect-nickelee-le-frontier-saa-1873\/\">colt Peacemaker in Nickeloptik.<\/a><\/li>\n<li>Und noch viel mehr gibt es in unserem Online-Shop zu entdecken!<\/li>\n<\/ul>\n<p>Deshalb ist dies eine tolle Geschenkidee f\u00fcr alle Westernliebhaber.<\/p>\n<p>Abschlie\u00dfend k\u00f6nnen Sie diesen <strong>G\u00fcrtel des Sheriffs<\/strong> um Ihre Outfits zu erg\u00e4nzen und Ihre Kollektion zu vervollst\u00e4ndigen.<\/p>\n<p>R\u00e9plique Manga Cin\u00e9 ist ein franz\u00f6sisches Familienunternehmen, das die Marke vertreibt. <a href=\"https:\/\/www.denix.fr\/fr\/catalogue\/guerre-civile-occidentale-et-americaine-1861-1899\/cartouches-et-etuis-en-cuir\/721\/\" target=\"_blank\" rel=\"noopener noreferrer\">Denix<\/a>.<\/p>\n<h2>Wie werden Ihre Sammelobjekte hergestellt?<\/h2>\n<p>Zun\u00e4chst einmal sind alle unsere Produkte von hoher Qualit\u00e4t und werden mit besonderer Sorgfalt hergestellt. Die Herstellung erfolgt zum Teil von Hand, um jedes noch so kleine Detail zu reproduzieren. Gr\u00f6\u00dfere Teile werden von pr\u00e4zisen Maschinen bearbeitet. Die Gravuren werden in der Regel mit einer Diamantspitze oder einem Laser ausgef\u00fchrt.<\/p>\n<p>\u00dcbrigens, Ihr <strong>G\u00fcrtel des Sheriffs<\/strong>Die Kunstwerke werden so hergestellt, dass sie jedes Detail genau wiedergeben. Um dem Erbe der originalen Meisterwerke gerecht zu werden. Der Schwerpunkt liegt auf der Herstellung von hochwertigen Repliken, die so historisch genau wie m\u00f6glich sind.<\/p>\n<p>Abschlie\u00dfend sei gesagt, dass unsere Repliken, die aus China, Spanien oder Indien importiert wurden, Sie in Erstaunen versetzen werden!<\/p>","protected":false},"excerpt":{"rendered":"<p>Hochwertiger Westerng\u00fcrtel aus dickem, geformtem Leder.<\/p>\n<ul>\n<li>Hergestellt und handgen\u00e4ht.<\/li>\n<li>Verziert mit Motiven sowie einem eingravierten Adler.<\/li>\n<li>Echtes Leder.<\/li>\n<li>G\u00fcrtelschnalle aus Metall.<\/li>\n<li>Riemen zum Halten der Beine.<\/li>\n<li>Patronengurt.<\/li>\n<li>Lieferung mit 24 Attrappenkugeln und einem Sheriffstern<\/li>\n<li>L\u00e4nge: 130 cm<\/li>\n<\/ul>","protected":false},"featured_media":25931,"template":"","meta":[],"product_brand":[896],"product_cat":[34,102,45,90,28,27],"product_tag":[],"class_list":{"0":"post-25930","1":"product","2":"type-product","3":"status-publish","4":"has-post-thumbnail","6":"product_brand-replique-manga-cine","7":"product_cat-armes-westerns","8":"product_cat-denix","9":"product_cat-holster-western-ceinturon","10":"product_cat-holster-accessoires-western","11":"product_cat-repliques-darmes","12":"product_cat-armes-et-accessoires-western","14":"first","15":"instock","16":"taxable","17":"shipping-taxable","18":"purchasable","19":"product-type-simple"},"yoast_head":"<!-- This site is optimized with the Yoast SEO plugin v27.5 - https:\/\/yoast.com\/product\/yoast-seo-wordpress\/ -->\n<title>Ceinturon de Sh\u00e9riff - Denix - Vente d&#039;accessoires westerns | RMC<\/title>\n<meta name=\"description\" content=\"Offrez-vous ce Ceinturon de Sh\u00e9riff au meilleur prix - Enti\u00e8rement fabriqu\u00e9 \u00e0 la main - Cuir semi-rigide. \u00c9toile de sh\u00e9riff en acier - Longueur : 130 cm\" \/>\n<meta name=\"robots\" content=\"index, follow, max-snippet:-1, max-image-preview:large, max-video-preview:-1\" \/>\n<link rel=\"canonical\" href=\"https:\/\/repliquemangacine.fr\/de\/holster-westernzubehor\/sheriff-gurtel-einfaches-holster-aus-denix-leder\/\" \/>\n<meta property=\"og:locale\" content=\"de_DE\" \/>\n<meta property=\"og:type\" content=\"article\" \/>\n<meta property=\"og:title\" content=\"Ceinturon de Sh\u00e9riff - Denix - Vente d&#039;accessoires westerns | RMC\" \/>\n<meta property=\"og:description\" content=\"Offrez-vous ce Ceinturon de Sh\u00e9riff au meilleur prix - Enti\u00e8rement fabriqu\u00e9 \u00e0 la main - Cuir semi-rigide. \u00c9toile de sh\u00e9riff en acier - Longueur : 130 cm\" \/>\n<meta property=\"og:url\" content=\"https:\/\/repliquemangacine.fr\/de\/holster-westernzubehor\/sheriff-gurtel-einfaches-holster-aus-denix-leder\/\" \/>\n<meta property=\"og:site_name\" content=\"R\u00e9plique Manga Cin\u00e9\" \/>\n<meta property=\"article:publisher\" content=\"https:\/\/www.facebook.com\/RepliqueMangaCine\" \/>\n<meta property=\"article:modified_time\" content=\"2026-04-26T12:45:31+00:00\" \/>\n<meta property=\"og:image\" content=\"https:\/\/repliquemangacine.fr\/wp-content\/uploads\/2023\/10\/662-Ceinturon-Sheriff-avec-insigne-Holster-simple.jpg\" \/>\n\t<meta property=\"og:image:width\" content=\"800\" \/>\n\t<meta property=\"og:image:height\" content=\"800\" \/>\n\t<meta property=\"og:image:type\" content=\"image\/jpeg\" \/>\n<meta name=\"twitter:card\" content=\"summary_large_image\" \/>\n<meta name=\"twitter:label1\" content=\"Gesch\u00e4tzte Lesezeit\" \/>\n\t<meta name=\"twitter:data1\" content=\"2\u00a0Minuten\" \/>\n<script type=\"application\/ld+json\" class=\"yoast-schema-graph\">{\"@context\":\"https:\\\/\\\/schema.org\",\"@graph\":[{\"@type\":\"WebPage\",\"@id\":\"https:\\\/\\\/repliquemangacine.fr\\\/holster-accessoires-western\\\/ceinturon-sheriff-holster-simple-cuir-denix\\\/\",\"url\":\"https:\\\/\\\/repliquemangacine.fr\\\/holster-accessoires-western\\\/ceinturon-sheriff-holster-simple-cuir-denix\\\/\",\"name\":\"Ceinturon de Sh\u00e9riff - Denix - Vente d'accessoires westerns | RMC\",\"isPartOf\":{\"@id\":\"https:\\\/\\\/repliquemangacine.fr\\\/#website\"},\"primaryImageOfPage\":{\"@id\":\"https:\\\/\\\/repliquemangacine.fr\\\/holster-accessoires-western\\\/ceinturon-sheriff-holster-simple-cuir-denix\\\/#primaryimage\"},\"image\":{\"@id\":\"https:\\\/\\\/repliquemangacine.fr\\\/holster-accessoires-western\\\/ceinturon-sheriff-holster-simple-cuir-denix\\\/#primaryimage\"},\"thumbnailUrl\":\"https:\\\/\\\/repliquemangacine.fr\\\/wp-content\\\/uploads\\\/2023\\\/10\\\/662-Ceinturon-Sheriff-avec-insigne-Holster-simple.jpg\",\"datePublished\":\"2016-10-27T17:10:09+00:00\",\"dateModified\":\"2026-04-26T12:45:31+00:00\",\"description\":\"Offrez-vous ce Ceinturon de Sh\u00e9riff au meilleur prix - Enti\u00e8rement fabriqu\u00e9 \u00e0 la main - Cuir semi-rigide. \u00c9toile de sh\u00e9riff en acier - Longueur : 130 cm\",\"breadcrumb\":{\"@id\":\"https:\\\/\\\/repliquemangacine.fr\\\/holster-accessoires-western\\\/ceinturon-sheriff-holster-simple-cuir-denix\\\/#breadcrumb\"},\"inLanguage\":\"de\",\"potentialAction\":[{\"@type\":\"ReadAction\",\"target\":[\"https:\\\/\\\/repliquemangacine.fr\\\/holster-accessoires-western\\\/ceinturon-sheriff-holster-simple-cuir-denix\\\/\"]}]},{\"@type\":\"ImageObject\",\"inLanguage\":\"de\",\"@id\":\"https:\\\/\\\/repliquemangacine.fr\\\/holster-accessoires-western\\\/ceinturon-sheriff-holster-simple-cuir-denix\\\/#primaryimage\",\"url\":\"https:\\\/\\\/repliquemangacine.fr\\\/wp-content\\\/uploads\\\/2023\\\/10\\\/662-Ceinturon-Sheriff-avec-insigne-Holster-simple.jpg\",\"contentUrl\":\"https:\\\/\\\/repliquemangacine.fr\\\/wp-content\\\/uploads\\\/2023\\\/10\\\/662-Ceinturon-Sheriff-avec-insigne-Holster-simple.jpg\",\"width\":800,\"height\":800,\"caption\":\"Ceinturon Sheriff avec insigne - Holster simple\"},{\"@type\":\"BreadcrumbList\",\"@id\":\"https:\\\/\\\/repliquemangacine.fr\\\/holster-accessoires-western\\\/ceinturon-sheriff-holster-simple-cuir-denix\\\/#breadcrumb\",\"itemListElement\":[{\"@type\":\"ListItem\",\"position\":1,\"name\":\"Accueil\",\"item\":\"https:\\\/\\\/repliquemangacine.fr\\\/\"},{\"@type\":\"ListItem\",\"position\":2,\"name\":\"Produits\",\"item\":\"https:\\\/\\\/repliquemangacine.fr\\\/boutique\\\/\"},{\"@type\":\"ListItem\",\"position\":3,\"name\":\"Holster Sheriff\"}]},{\"@type\":\"WebSite\",\"@id\":\"https:\\\/\\\/repliquemangacine.fr\\\/#website\",\"url\":\"https:\\\/\\\/repliquemangacine.fr\\\/\",\"name\":\"R\u00e9plique Manga Cin\u00e9\",\"description\":\"\",\"publisher\":{\"@id\":\"https:\\\/\\\/repliquemangacine.fr\\\/#organization\"},\"potentialAction\":[{\"@type\":\"SearchAction\",\"target\":{\"@type\":\"EntryPoint\",\"urlTemplate\":\"https:\\\/\\\/repliquemangacine.fr\\\/?s={search_term_string}\"},\"query-input\":{\"@type\":\"PropertyValueSpecification\",\"valueRequired\":true,\"valueName\":\"search_term_string\"}}],\"inLanguage\":\"de\"},{\"@type\":\"Organization\",\"@id\":\"https:\\\/\\\/repliquemangacine.fr\\\/#organization\",\"name\":\"R\u00e9plique Manga Cin\u00e9\",\"url\":\"https:\\\/\\\/repliquemangacine.fr\\\/\",\"logo\":{\"@type\":\"ImageObject\",\"inLanguage\":\"de\",\"@id\":\"https:\\\/\\\/repliquemangacine.fr\\\/#\\\/schema\\\/logo\\\/image\\\/\",\"url\":\"https:\\\/\\\/repliquemangacine.fr\\\/wp-content\\\/uploads\\\/2023\\\/10\\\/RMC-500250.png\",\"contentUrl\":\"https:\\\/\\\/repliquemangacine.fr\\\/wp-content\\\/uploads\\\/2023\\\/10\\\/RMC-500250.png\",\"width\":500,\"height\":250,\"caption\":\"R\u00e9plique Manga Cin\u00e9\"},\"image\":{\"@id\":\"https:\\\/\\\/repliquemangacine.fr\\\/#\\\/schema\\\/logo\\\/image\\\/\"},\"sameAs\":[\"https:\\\/\\\/www.facebook.com\\\/RepliqueMangaCine\",\"https:\\\/\\\/www.instagram.com\\\/repliquemangacine.fr\\\/\"]}]}<\/script>\n<!-- \/ Yoast SEO plugin. -->","yoast_head_json":{"title":"Sheriffg\u00fcrtel - Denix - Verkauf von Westernzubeh\u00f6r | RMC","description":"G\u00f6nnen Sie sich diesen Sheriffg\u00fcrtel zum besten Preis - Vollst\u00e4ndig handgefertigt - Halbsteifes Leder. Sheriffstern aus Stahl - L\u00e4nge: 130 cm","robots":{"index":"index","follow":"follow","max-snippet":"max-snippet:-1","max-image-preview":"max-image-preview:large","max-video-preview":"max-video-preview:-1"},"canonical":"https:\/\/repliquemangacine.fr\/de\/holster-westernzubehor\/sheriff-gurtel-einfaches-holster-aus-denix-leder\/","og_locale":"de_DE","og_type":"article","og_title":"Ceinturon de Sh\u00e9riff - Denix - Vente d'accessoires westerns | RMC","og_description":"Offrez-vous ce Ceinturon de Sh\u00e9riff au meilleur prix - Enti\u00e8rement fabriqu\u00e9 \u00e0 la main - Cuir semi-rigide. \u00c9toile de sh\u00e9riff en acier - Longueur : 130 cm","og_url":"https:\/\/repliquemangacine.fr\/de\/holster-westernzubehor\/sheriff-gurtel-einfaches-holster-aus-denix-leder\/","og_site_name":"R\u00e9plique Manga Cin\u00e9","article_publisher":"https:\/\/www.facebook.com\/RepliqueMangaCine","article_modified_time":"2026-04-26T12:45:31+00:00","og_image":[{"width":800,"height":800,"url":"https:\/\/repliquemangacine.fr\/wp-content\/uploads\/2023\/10\/662-Ceinturon-Sheriff-avec-insigne-Holster-simple.jpg","type":"image\/jpeg"}],"twitter_card":"summary_large_image","twitter_misc":{"Gesch\u00e4tzte Lesezeit":"2\u00a0Minuten"},"schema":{"@context":"https:\/\/schema.org","@graph":[{"@type":"WebPage","@id":"https:\/\/repliquemangacine.fr\/holster-accessoires-western\/ceinturon-sheriff-holster-simple-cuir-denix\/","url":"https:\/\/repliquemangacine.fr\/holster-accessoires-western\/ceinturon-sheriff-holster-simple-cuir-denix\/","name":"Sheriffg\u00fcrtel - Denix - Verkauf von Westernzubeh\u00f6r | RMC","isPartOf":{"@id":"https:\/\/repliquemangacine.fr\/#website"},"primaryImageOfPage":{"@id":"https:\/\/repliquemangacine.fr\/holster-accessoires-western\/ceinturon-sheriff-holster-simple-cuir-denix\/#primaryimage"},"image":{"@id":"https:\/\/repliquemangacine.fr\/holster-accessoires-western\/ceinturon-sheriff-holster-simple-cuir-denix\/#primaryimage"},"thumbnailUrl":"https:\/\/repliquemangacine.fr\/wp-content\/uploads\/2023\/10\/662-Ceinturon-Sheriff-avec-insigne-Holster-simple.jpg","datePublished":"2016-10-27T17:10:09+00:00","dateModified":"2026-04-26T12:45:31+00:00","description":"G\u00f6nnen Sie sich diesen Sheriffg\u00fcrtel zum besten Preis - Vollst\u00e4ndig handgefertigt - Halbsteifes Leder. Sheriffstern aus Stahl - L\u00e4nge: 130 cm","breadcrumb":{"@id":"https:\/\/repliquemangacine.fr\/holster-accessoires-western\/ceinturon-sheriff-holster-simple-cuir-denix\/#breadcrumb"},"inLanguage":"de","potentialAction":[{"@type":"ReadAction","target":["https:\/\/repliquemangacine.fr\/holster-accessoires-western\/ceinturon-sheriff-holster-simple-cuir-denix\/"]}]},{"@type":"ImageObject","inLanguage":"de","@id":"https:\/\/repliquemangacine.fr\/holster-accessoires-western\/ceinturon-sheriff-holster-simple-cuir-denix\/#primaryimage","url":"https:\/\/repliquemangacine.fr\/wp-content\/uploads\/2023\/10\/662-Ceinturon-Sheriff-avec-insigne-Holster-simple.jpg","contentUrl":"https:\/\/repliquemangacine.fr\/wp-content\/uploads\/2023\/10\/662-Ceinturon-Sheriff-avec-insigne-Holster-simple.jpg","width":800,"height":800,"caption":"Ceinturon Sheriff avec insigne - Holster simple"},{"@type":"BreadcrumbList","@id":"https:\/\/repliquemangacine.fr\/holster-accessoires-western\/ceinturon-sheriff-holster-simple-cuir-denix\/#breadcrumb","itemListElement":[{"@type":"ListItem","position":1,"name":"Accueil","item":"https:\/\/repliquemangacine.fr\/"},{"@type":"ListItem","position":2,"name":"Produits","item":"https:\/\/repliquemangacine.fr\/boutique\/"},{"@type":"ListItem","position":3,"name":"Holster Sheriff"}]},{"@type":"WebSite","@id":"https:\/\/repliquemangacine.fr\/#website","url":"https:\/\/repliquemangacine.fr\/","name":"R\u00e9plique Manga Cin\u00e9","description":"","publisher":{"@id":"https:\/\/repliquemangacine.fr\/#organization"},"potentialAction":[{"@type":"SearchAction","target":{"@type":"EntryPoint","urlTemplate":"https:\/\/repliquemangacine.fr\/?s={search_term_string}"},"query-input":{"@type":"PropertyValueSpecification","valueRequired":true,"valueName":"search_term_string"}}],"inLanguage":"de"},{"@type":"Organization","@id":"https:\/\/repliquemangacine.fr\/#organization","name":"R\u00e9plique Manga Cin\u00e9","url":"https:\/\/repliquemangacine.fr\/","logo":{"@type":"ImageObject","inLanguage":"de","@id":"https:\/\/repliquemangacine.fr\/#\/schema\/logo\/image\/","url":"https:\/\/repliquemangacine.fr\/wp-content\/uploads\/2023\/10\/RMC-500250.png","contentUrl":"https:\/\/repliquemangacine.fr\/wp-content\/uploads\/2023\/10\/RMC-500250.png","width":500,"height":250,"caption":"R\u00e9plique Manga Cin\u00e9"},"image":{"@id":"https:\/\/repliquemangacine.fr\/#\/schema\/logo\/image\/"},"sameAs":["https:\/\/www.facebook.com\/RepliqueMangaCine","https:\/\/www.instagram.com\/repliquemangacine.fr\/"]}]}},"_links":{"self":[{"href":"https:\/\/repliquemangacine.fr\/de\/wp-json\/wp\/v2\/product\/25930","targetHints":{"allow":["GET"]}}],"collection":[{"href":"https:\/\/repliquemangacine.fr\/de\/wp-json\/wp\/v2\/product"}],"about":[{"href":"https:\/\/repliquemangacine.fr\/de\/wp-json\/wp\/v2\/types\/product"}],"wp:featuredmedia":[{"embeddable":true,"href":"https:\/\/repliquemangacine.fr\/de\/wp-json\/wp\/v2\/media\/25931"}],"wp:attachment":[{"href":"https:\/\/repliquemangacine.fr\/de\/wp-json\/wp\/v2\/media?parent=25930"}],"wp:term":[{"taxonomy":"product_brand","embeddable":true,"href":"https:\/\/repliquemangacine.fr\/de\/wp-json\/wp\/v2\/product_brand?post=25930"},{"taxonomy":"product_cat","embeddable":true,"href":"https:\/\/repliquemangacine.fr\/de\/wp-json\/wp\/v2\/product_cat?post=25930"},{"taxonomy":"product_tag","embeddable":true,"href":"https:\/\/repliquemangacine.fr\/de\/wp-json\/wp\/v2\/product_tag?post=25930"}],"curies":[{"name":"wp","href":"https:\/\/api.w.org\/{rel}","templated":true}]}}