





{"id":25918,"date":"2016-10-27T18:14:40","date_gmt":"2016-10-27T16:14:40","guid":{"rendered":"https:\/\/repliquemangacine.fr\/?post_type=product&#038;p=25918"},"modified":"2026-04-02T15:13:53","modified_gmt":"2026-04-02T13:13:53","slug":"scheide-fur-winchester-gewehr","status":"publish","type":"product","link":"https:\/\/repliquemangacine.fr\/de\/repliques-carabine-winchester-western\/etui-fourreau-carabine-winchester\/","title":{"rendered":"winchester scheide"},"content":{"rendered":"<h2>Scheide Winchester-Gewehr - Denix<\/h2>\n<p>Zu Beginn wird der <strong>Scheide Winchester-Gewehr<\/strong> ist speziell f\u00fcr Reittiere auf Pferden gemacht.<\/p>\n<p>Das Holster (ein Begriff aus dem angels\u00e4chsischen Sprachraum) ist zum Schutz der Handfeuerwaffe, zur Aufbewahrung und f\u00fcr einen leichten Zugriff gedacht.<\/p>\n<p>In der Regel f\u00fcr die einh\u00e4ndige Bedienung konzipiert. Dadurch kann die Handfeuerwaffe mit derselben Hand abgenommen und \/ oder ersetzt werden.<\/p>\n<p>Popul\u00e4r geworden in Westernfilmen und in ber\u00fchmten Duellszenen. Das Herausziehen der Pistole in manchen Filmen ist ziemlich spektakul\u00e4r und man erlebt technische Meisterleistungen, um sie wieder hineinzubekommen.  Abschlie\u00dfend sei gesagt, dass die amerikanische Einstellung traditionell verwendet wird, um die Figuren auf halber H\u00f6he des Oberschenkels zu filmen, d. h. auf H\u00f6he des Holsters.<\/p>\n<h2>Ihre Winchester Karabinerscheide zum besten Preis.<\/h2>\n<p>Wir bieten Ihnen eine gro\u00dfe Auswahl an Repliken aus der Welt des Films und der Western-TV-Serien.<\/p>\n<p>Zun\u00e4chst einmal,<\/p>\n<ul>\n<li>Die <a href=\"https:\/\/repliquemangacine.fr\/de\/winchester-gewehr-western-country\/winchester-karabiner-john-wayne-modell-1892\/\">Winchester-Gewehr John Wayne<\/a> mit seinen Initialen auf dem Schaft.<\/li>\n<li>Es gibt auch das ber\u00fchmte <a href=\"https:\/\/repliquemangacine.fr\/de\/winchester-gewehr\/gewehr-henry-burgerkrieg-usa-1860\/\">Gewehr Henry 1860<\/a> B\u00fcrgerkrieg USA<\/li>\n<li>Sowie die <a href=\"https:\/\/repliquemangacine.fr\/de\/holster-zubehor\/balles-factice-winchester-denix\/\">Attrappenkugeln<\/a> f\u00fcr winchester Denix.<\/li>\n<li>Und noch viel mehr gibt es in unserem Online-Shop zu entdecken!<\/li>\n<\/ul>\n<p>Deshalb sind hier tolle Geschenkideen f\u00fcr alle Westernfans.<\/p>\n<p>Abschlie\u00dfend k\u00f6nnen Sie den <strong>Scheide Winchester-Gewehr<\/strong> f\u00fcr Ihre Westernauff\u00fchrungen. Vor allem ist dieses Etui ein Sammler- und Dekorationsst\u00fcck.<\/p>\n<p>R\u00e9plique Manga Cin\u00e9 ist ein franz\u00f6sisches Familienunternehmen. Offizieller Vertriebspartner <a href=\"https:\/\/www.denix.fr\/fr\/catalogue\/guerre-civile-occidentale-et-americaine-1861-1899\/\" target=\"_blank\" rel=\"noopener noreferrer\">Denix<\/a><\/p>\n<h2>Wie wird Ihr Waffenzubeh\u00f6r hergestellt?<\/h2>\n<p>Zun\u00e4chst einmal sind alle unsere Produkte von hoher Qualit\u00e4t und werden mit besonderer Sorgfalt hergestellt. Die Herstellung erfolgt zum Teil von Hand, um jedes noch so kleine Detail zu reproduzieren. Gr\u00f6\u00dfere Teile werden von pr\u00e4zisen Maschinen bearbeitet. Die Gravuren werden in der Regel mit einer Diamantspitze oder einem Laser ausgef\u00fchrt.<\/p>\n<p>Ihre <strong>Scheide Winchester-Gewehr<\/strong> hergestellt, um jedes Detail genau zu reproduzieren. Um dem Erbe der originalen Meisterwerke gerecht zu werden. Der Schwerpunkt liegt darauf, qualitativ hochwertige Repliken herzustellen, die so historisch genau wie m\u00f6glich sind.<\/p>\n<p>Abschlie\u00dfend sei gesagt, dass unsere Repliken, die aus China, Spanien oder Indien importiert wurden, Sie in Erstaunen versetzen werden!<\/p>","protected":false},"excerpt":{"rendered":"<p>Lederholster zum Transportieren einer Winchester und zum Tragen des Gewehrs am Sattel eines Pferdes.<\/p>\n<ul>\n<li>Zwei verstellbare Riemen zur Anpassung an Ihr Gewehr.<\/li>\n<li>Der dritte Riemen wird um den Schaft gelegt und h\u00e4lt das Winchester-Gewehr oder die Schrotflinte sicher in Position.<\/li>\n<li>Gr\u00f6\u00dfe: 26 cm - Gesamtl\u00e4nge mit Riemen: 54 cm<\/li>\n<\/ul>","protected":false},"featured_media":25919,"template":"","meta":[],"product_brand":[896],"product_cat":[34,86,39,102,45,90,28,27],"product_tag":[],"class_list":{"0":"post-25918","1":"product","2":"type-product","3":"status-publish","4":"has-post-thumbnail","6":"product_brand-replique-manga-cine","7":"product_cat-armes-westerns","8":"product_cat-repliques-carabine-winchester-western","9":"product_cat-carabine-winchester","10":"product_cat-denix","11":"product_cat-holster-western-ceinturon","12":"product_cat-holster-accessoires-western","13":"product_cat-repliques-darmes","14":"product_cat-armes-et-accessoires-western","16":"first","17":"instock","18":"taxable","19":"shipping-taxable","20":"purchasable","21":"product-type-simple"},"yoast_head":"<!-- This site is optimized with the Yoast SEO plugin v27.5 - https:\/\/yoast.com\/product\/yoast-seo-wordpress\/ -->\n<title>Fourreau Carabine Winchester - Vente d&#039;accessoire Western | RMC<\/title>\n<meta name=\"description\" content=\"Offrez-vous ! Le Fourreau Carabine Winchester au meilleur prix - Superbe fourreau court pour monture \u00e0 cheval. Etui en cuir avec sangles r\u00e9glables - 54 cm\" \/>\n<meta name=\"robots\" content=\"index, follow, max-snippet:-1, max-image-preview:large, max-video-preview:-1\" \/>\n<link rel=\"canonical\" href=\"https:\/\/repliquemangacine.fr\/de\/denix\/scheide-fur-winchester-gewehr\/\" \/>\n<meta property=\"og:locale\" content=\"de_DE\" \/>\n<meta property=\"og:type\" content=\"article\" \/>\n<meta property=\"og:title\" content=\"Fourreau Carabine Winchester - Vente d&#039;accessoire Western | RMC\" \/>\n<meta property=\"og:description\" content=\"Offrez-vous ! Le Fourreau Carabine Winchester au meilleur prix - Superbe fourreau court pour monture \u00e0 cheval. Etui en cuir avec sangles r\u00e9glables - 54 cm\" \/>\n<meta property=\"og:url\" content=\"https:\/\/repliquemangacine.fr\/de\/denix\/scheide-fur-winchester-gewehr\/\" \/>\n<meta property=\"og:site_name\" content=\"R\u00e9plique Manga Cin\u00e9\" \/>\n<meta property=\"article:publisher\" content=\"https:\/\/www.facebook.com\/RepliqueMangaCine\" \/>\n<meta property=\"article:modified_time\" content=\"2026-04-02T13:13:53+00:00\" \/>\n<meta property=\"og:image\" content=\"https:\/\/repliquemangacine.fr\/wp-content\/uploads\/2023\/10\/649-Grand-Fourreau-pour-carabine-winchester.jpg\" \/>\n\t<meta property=\"og:image:width\" content=\"700\" \/>\n\t<meta property=\"og:image:height\" content=\"700\" \/>\n\t<meta property=\"og:image:type\" content=\"image\/jpeg\" \/>\n<meta name=\"twitter:card\" content=\"summary_large_image\" \/>\n<meta name=\"twitter:label1\" content=\"Gesch\u00e4tzte Lesezeit\" \/>\n\t<meta name=\"twitter:data1\" content=\"2\u00a0Minuten\" \/>\n<script type=\"application\/ld+json\" class=\"yoast-schema-graph\">{\"@context\":\"https:\\\/\\\/schema.org\",\"@graph\":[{\"@type\":\"WebPage\",\"@id\":\"https:\\\/\\\/repliquemangacine.fr\\\/denix\\\/etui-fourreau-carabine-winchester\\\/\",\"url\":\"https:\\\/\\\/repliquemangacine.fr\\\/denix\\\/etui-fourreau-carabine-winchester\\\/\",\"name\":\"Fourreau Carabine Winchester - Vente d'accessoire Western | RMC\",\"isPartOf\":{\"@id\":\"https:\\\/\\\/repliquemangacine.fr\\\/#website\"},\"primaryImageOfPage\":{\"@id\":\"https:\\\/\\\/repliquemangacine.fr\\\/denix\\\/etui-fourreau-carabine-winchester\\\/#primaryimage\"},\"image\":{\"@id\":\"https:\\\/\\\/repliquemangacine.fr\\\/denix\\\/etui-fourreau-carabine-winchester\\\/#primaryimage\"},\"thumbnailUrl\":\"https:\\\/\\\/repliquemangacine.fr\\\/wp-content\\\/uploads\\\/2023\\\/10\\\/649-Grand-Fourreau-pour-carabine-winchester.jpg\",\"datePublished\":\"2016-10-27T16:14:40+00:00\",\"dateModified\":\"2026-04-02T13:13:53+00:00\",\"description\":\"Offrez-vous ! Le Fourreau Carabine Winchester au meilleur prix - Superbe fourreau court pour monture \u00e0 cheval. Etui en cuir avec sangles r\u00e9glables - 54 cm\",\"breadcrumb\":{\"@id\":\"https:\\\/\\\/repliquemangacine.fr\\\/denix\\\/etui-fourreau-carabine-winchester\\\/#breadcrumb\"},\"inLanguage\":\"de\",\"potentialAction\":[{\"@type\":\"ReadAction\",\"target\":[\"https:\\\/\\\/repliquemangacine.fr\\\/denix\\\/etui-fourreau-carabine-winchester\\\/\"]}]},{\"@type\":\"ImageObject\",\"inLanguage\":\"de\",\"@id\":\"https:\\\/\\\/repliquemangacine.fr\\\/denix\\\/etui-fourreau-carabine-winchester\\\/#primaryimage\",\"url\":\"https:\\\/\\\/repliquemangacine.fr\\\/wp-content\\\/uploads\\\/2023\\\/10\\\/649-Grand-Fourreau-pour-carabine-winchester.jpg\",\"contentUrl\":\"https:\\\/\\\/repliquemangacine.fr\\\/wp-content\\\/uploads\\\/2023\\\/10\\\/649-Grand-Fourreau-pour-carabine-winchester.jpg\",\"width\":700,\"height\":700,\"caption\":\"Grand Fourreau pour carabine winchester\"},{\"@type\":\"BreadcrumbList\",\"@id\":\"https:\\\/\\\/repliquemangacine.fr\\\/denix\\\/etui-fourreau-carabine-winchester\\\/#breadcrumb\",\"itemListElement\":[{\"@type\":\"ListItem\",\"position\":1,\"name\":\"Accueil\",\"item\":\"https:\\\/\\\/repliquemangacine.fr\\\/\"},{\"@type\":\"ListItem\",\"position\":2,\"name\":\"Produits\",\"item\":\"https:\\\/\\\/repliquemangacine.fr\\\/boutique\\\/\"},{\"@type\":\"ListItem\",\"position\":3,\"name\":\"Fourreau winchester\"}]},{\"@type\":\"WebSite\",\"@id\":\"https:\\\/\\\/repliquemangacine.fr\\\/#website\",\"url\":\"https:\\\/\\\/repliquemangacine.fr\\\/\",\"name\":\"R\u00e9plique Manga Cin\u00e9\",\"description\":\"\",\"publisher\":{\"@id\":\"https:\\\/\\\/repliquemangacine.fr\\\/#organization\"},\"potentialAction\":[{\"@type\":\"SearchAction\",\"target\":{\"@type\":\"EntryPoint\",\"urlTemplate\":\"https:\\\/\\\/repliquemangacine.fr\\\/?s={search_term_string}\"},\"query-input\":{\"@type\":\"PropertyValueSpecification\",\"valueRequired\":true,\"valueName\":\"search_term_string\"}}],\"inLanguage\":\"de\"},{\"@type\":\"Organization\",\"@id\":\"https:\\\/\\\/repliquemangacine.fr\\\/#organization\",\"name\":\"R\u00e9plique Manga Cin\u00e9\",\"url\":\"https:\\\/\\\/repliquemangacine.fr\\\/\",\"logo\":{\"@type\":\"ImageObject\",\"inLanguage\":\"de\",\"@id\":\"https:\\\/\\\/repliquemangacine.fr\\\/#\\\/schema\\\/logo\\\/image\\\/\",\"url\":\"https:\\\/\\\/repliquemangacine.fr\\\/wp-content\\\/uploads\\\/2023\\\/10\\\/RMC-500250.png\",\"contentUrl\":\"https:\\\/\\\/repliquemangacine.fr\\\/wp-content\\\/uploads\\\/2023\\\/10\\\/RMC-500250.png\",\"width\":500,\"height\":250,\"caption\":\"R\u00e9plique Manga Cin\u00e9\"},\"image\":{\"@id\":\"https:\\\/\\\/repliquemangacine.fr\\\/#\\\/schema\\\/logo\\\/image\\\/\"},\"sameAs\":[\"https:\\\/\\\/www.facebook.com\\\/RepliqueMangaCine\",\"https:\\\/\\\/www.instagram.com\\\/repliquemangacine.fr\\\/\"]}]}<\/script>\n<!-- \/ Yoast SEO plugin. -->","yoast_head_json":{"title":"Winchester Karabinerscheide - Verkauf von Westernzubeh\u00f6r | RMC","description":"Bieten Sie sich an! Die Winchester-Gewehrscheide zum besten Preis - Wundersch\u00f6ne kurze Scheide f\u00fcr Reittiere zu Pferd. Lederholster mit verstellbaren Riemen - 54 cm","robots":{"index":"index","follow":"follow","max-snippet":"max-snippet:-1","max-image-preview":"max-image-preview:large","max-video-preview":"max-video-preview:-1"},"canonical":"https:\/\/repliquemangacine.fr\/de\/denix\/scheide-fur-winchester-gewehr\/","og_locale":"de_DE","og_type":"article","og_title":"Fourreau Carabine Winchester - Vente d'accessoire Western | RMC","og_description":"Offrez-vous ! Le Fourreau Carabine Winchester au meilleur prix - Superbe fourreau court pour monture \u00e0 cheval. Etui en cuir avec sangles r\u00e9glables - 54 cm","og_url":"https:\/\/repliquemangacine.fr\/de\/denix\/scheide-fur-winchester-gewehr\/","og_site_name":"R\u00e9plique Manga Cin\u00e9","article_publisher":"https:\/\/www.facebook.com\/RepliqueMangaCine","article_modified_time":"2026-04-02T13:13:53+00:00","og_image":[{"width":700,"height":700,"url":"https:\/\/repliquemangacine.fr\/wp-content\/uploads\/2023\/10\/649-Grand-Fourreau-pour-carabine-winchester.jpg","type":"image\/jpeg"}],"twitter_card":"summary_large_image","twitter_misc":{"Gesch\u00e4tzte Lesezeit":"2\u00a0Minuten"},"schema":{"@context":"https:\/\/schema.org","@graph":[{"@type":"WebPage","@id":"https:\/\/repliquemangacine.fr\/denix\/etui-fourreau-carabine-winchester\/","url":"https:\/\/repliquemangacine.fr\/denix\/etui-fourreau-carabine-winchester\/","name":"Winchester Karabinerscheide - Verkauf von Westernzubeh\u00f6r | RMC","isPartOf":{"@id":"https:\/\/repliquemangacine.fr\/#website"},"primaryImageOfPage":{"@id":"https:\/\/repliquemangacine.fr\/denix\/etui-fourreau-carabine-winchester\/#primaryimage"},"image":{"@id":"https:\/\/repliquemangacine.fr\/denix\/etui-fourreau-carabine-winchester\/#primaryimage"},"thumbnailUrl":"https:\/\/repliquemangacine.fr\/wp-content\/uploads\/2023\/10\/649-Grand-Fourreau-pour-carabine-winchester.jpg","datePublished":"2016-10-27T16:14:40+00:00","dateModified":"2026-04-02T13:13:53+00:00","description":"Bieten Sie sich an! Die Winchester-Gewehrscheide zum besten Preis - Wundersch\u00f6ne kurze Scheide f\u00fcr Reittiere zu Pferd. Lederholster mit verstellbaren Riemen - 54 cm","breadcrumb":{"@id":"https:\/\/repliquemangacine.fr\/denix\/etui-fourreau-carabine-winchester\/#breadcrumb"},"inLanguage":"de","potentialAction":[{"@type":"ReadAction","target":["https:\/\/repliquemangacine.fr\/denix\/etui-fourreau-carabine-winchester\/"]}]},{"@type":"ImageObject","inLanguage":"de","@id":"https:\/\/repliquemangacine.fr\/denix\/etui-fourreau-carabine-winchester\/#primaryimage","url":"https:\/\/repliquemangacine.fr\/wp-content\/uploads\/2023\/10\/649-Grand-Fourreau-pour-carabine-winchester.jpg","contentUrl":"https:\/\/repliquemangacine.fr\/wp-content\/uploads\/2023\/10\/649-Grand-Fourreau-pour-carabine-winchester.jpg","width":700,"height":700,"caption":"Grand Fourreau pour carabine winchester"},{"@type":"BreadcrumbList","@id":"https:\/\/repliquemangacine.fr\/denix\/etui-fourreau-carabine-winchester\/#breadcrumb","itemListElement":[{"@type":"ListItem","position":1,"name":"Accueil","item":"https:\/\/repliquemangacine.fr\/"},{"@type":"ListItem","position":2,"name":"Produits","item":"https:\/\/repliquemangacine.fr\/boutique\/"},{"@type":"ListItem","position":3,"name":"Fourreau winchester"}]},{"@type":"WebSite","@id":"https:\/\/repliquemangacine.fr\/#website","url":"https:\/\/repliquemangacine.fr\/","name":"R\u00e9plique Manga Cin\u00e9","description":"","publisher":{"@id":"https:\/\/repliquemangacine.fr\/#organization"},"potentialAction":[{"@type":"SearchAction","target":{"@type":"EntryPoint","urlTemplate":"https:\/\/repliquemangacine.fr\/?s={search_term_string}"},"query-input":{"@type":"PropertyValueSpecification","valueRequired":true,"valueName":"search_term_string"}}],"inLanguage":"de"},{"@type":"Organization","@id":"https:\/\/repliquemangacine.fr\/#organization","name":"R\u00e9plique Manga Cin\u00e9","url":"https:\/\/repliquemangacine.fr\/","logo":{"@type":"ImageObject","inLanguage":"de","@id":"https:\/\/repliquemangacine.fr\/#\/schema\/logo\/image\/","url":"https:\/\/repliquemangacine.fr\/wp-content\/uploads\/2023\/10\/RMC-500250.png","contentUrl":"https:\/\/repliquemangacine.fr\/wp-content\/uploads\/2023\/10\/RMC-500250.png","width":500,"height":250,"caption":"R\u00e9plique Manga Cin\u00e9"},"image":{"@id":"https:\/\/repliquemangacine.fr\/#\/schema\/logo\/image\/"},"sameAs":["https:\/\/www.facebook.com\/RepliqueMangaCine","https:\/\/www.instagram.com\/repliquemangacine.fr\/"]}]}},"_links":{"self":[{"href":"https:\/\/repliquemangacine.fr\/de\/wp-json\/wp\/v2\/product\/25918","targetHints":{"allow":["GET"]}}],"collection":[{"href":"https:\/\/repliquemangacine.fr\/de\/wp-json\/wp\/v2\/product"}],"about":[{"href":"https:\/\/repliquemangacine.fr\/de\/wp-json\/wp\/v2\/types\/product"}],"wp:featuredmedia":[{"embeddable":true,"href":"https:\/\/repliquemangacine.fr\/de\/wp-json\/wp\/v2\/media\/25919"}],"wp:attachment":[{"href":"https:\/\/repliquemangacine.fr\/de\/wp-json\/wp\/v2\/media?parent=25918"}],"wp:term":[{"taxonomy":"product_brand","embeddable":true,"href":"https:\/\/repliquemangacine.fr\/de\/wp-json\/wp\/v2\/product_brand?post=25918"},{"taxonomy":"product_cat","embeddable":true,"href":"https:\/\/repliquemangacine.fr\/de\/wp-json\/wp\/v2\/product_cat?post=25918"},{"taxonomy":"product_tag","embeddable":true,"href":"https:\/\/repliquemangacine.fr\/de\/wp-json\/wp\/v2\/product_tag?post=25918"}],"curies":[{"name":"wp","href":"https:\/\/api.w.org\/{rel}","templated":true}]}}