





{"id":25912,"date":"2016-10-27T16:56:48","date_gmt":"2016-10-27T14:56:48","guid":{"rendered":"https:\/\/repliquemangacine.fr\/?post_type=product&#038;p=25912"},"modified":"2026-04-10T08:02:15","modified_gmt":"2026-04-10T06:02:15","slug":"holster-mares-leg-gurtel-joss-randall","status":"publish","type":"product","link":"https:\/\/repliquemangacine.fr\/de\/repliques-carabine-winchester-western\/holster-mares-leg-ceinturon-joss-randall\/","title":{"rendered":"Holster Mare's Leg"},"content":{"rendered":"<h2>Mare's Leg Holster aus Leder.<\/h2>\n<p>Zu Beginn dieses <strong>Holster Mare's Leg<\/strong> ist der G\u00fcrtel von Josh Randall, der speziell f\u00fcr dieses Winchester-Gewehr mit abges\u00e4gtem Lauf und den Schaft entwickelt wurde.<\/p>\n<p>Holster (Begriff angels\u00e4chsischen Ursprungs), zum Schutz der Handfeuerwaffe, zur sicheren Aufbewahrung und zum schnellen Zugriff.<\/p>\n<p>In der Regel f\u00fcr die Einhandbedienung konzipiert, sodass die Handfeuerwaffe mit derselben Hand entnommen und\/oder wieder eingesetzt werden kann.<\/p>\n<p>Bekannt geworden durch Westernfilme und ber\u00fchmte Duell-Szenen. Das Ziehen der Pistole ist in manchen Filmen ziemlich spektakul\u00e4r, und das Zur\u00fcckstecken erfordert technische Meisterleistungen. Die amerikanische Einstellung wird traditionell verwendet, um die Figuren bis zur Mitte des Oberschenkels zu filmen, also auf H\u00f6he des Holsters.<\/p>\n<h2>Ihr Mare's Leg Holster zum besten Preis.<\/h2>\n<p>Wir bieten Ihnen eine gro\u00dfe Auswahl an Western-Zubeh\u00f6r.<\/p>\n<p>Zun\u00e4chst einmal,<\/p>\n<ul>\n<li>F\u00fcr Ihr Holster ben\u00f6tigen Sie die Winchester <a href=\"https:\/\/repliquemangacine.fr\/de\/winchester-gewehr-western-country\/teiche-leg-denix\/\">Mare's Leg<\/a> von Josh Randall aus dem Denix Verlag.<\/li>\n<li>Es gibt auch die <a href=\"https:\/\/repliquemangacine.fr\/de\/holster-zubehor\/balles-factice-winchester-denix\/\">Attrappenkugeln f\u00fcr Winchester<\/a> um Ihren Patronengurt zu f\u00fcllen.<\/li>\n<li>Und noch viel mehr gibt es in unserem Online-Shop zu entdecken!<\/li>\n<\/ul>\n<p>Deshalb ist dies eine gro\u00dfartige Geschenkidee f\u00fcr alle Liebhaber historischer Waffen.<\/p>\n<p>Zusammenfassend l\u00e4sst sich sagen, dass Sie dieses <strong>Holster Mare's Leg<\/strong> f\u00fcr Ihre Nachstellungen und Auff\u00fchrungen von Westernfilmen.<\/p>\n<p>Vor allem ist diese Waffe ein Sammler- und Dekorationsst\u00fcck.<\/p>\n<p>R\u00e9plique Manga Cin\u00e9 ist ein franz\u00f6sisches Unternehmen und offizieller Vertriebspartner der Marke <a href=\"https:\/\/www.denix.fr\/fr\/catalogue\/guerre-civile-occidentale-et-americaine-1861-1899\/cartouches-et-etuis-en-cuir\/701\/\" target=\"_blank\" rel=\"noopener noreferrer\">Denix<\/a>.<\/p>\n<h2>Wie werden Ihre Western-Accessoires hergestellt?<\/h2>\n<p>Zun\u00e4chst einmal sind alle unsere Produkte von hoher Qualit\u00e4t und werden mit besonderer Sorgfalt hergestellt. Die Herstellung erfolgt zum Teil von Hand, um jedes noch so kleine Detail zu reproduzieren. Gr\u00f6\u00dfere Teile werden von pr\u00e4zisen Maschinen bearbeitet. Die Gravuren werden in der Regel mit einer Diamantspitze oder einem Laser ausgef\u00fchrt.<\/p>\n<p>Ihre <strong>Holster Mare's Leg<\/strong> hergestellt, um alle Details exakt nachzubilden. Um dem Erbe der Original-Meisterwerke gerecht zu werden. \u00dcbrigens \u00fcbernimmt Denix genau dasselbe Modell aus der Serie \u201cIm Namen des Gesetzes\u201d mit Steve McQueen.<\/p>\n<p>Abschlie\u00dfend sei gesagt, dass unsere Repliken, die aus China, Spanien oder Indien importiert wurden, Sie in Erstaunen versetzen werden!<\/p>","protected":false},"excerpt":{"rendered":"<p>Speziell f\u00fcr das Mare's Leg entwickelt.<\/p>\n<ul>\n<li>Aus geformtem Leder.<\/li>\n<li>G\u00fcrtelschnalle aus Metall.<\/li>\n<li>Halteb\u00e4nder an den Beinen.<\/li>\n<li>Patronengurt. Wird mit 15 Attrappenkugeln geliefert.<\/li>\n<li>F\u00fcr einen Taillenumfang von 95 bis 109 cm<\/li>\n<li>L\u00e4nge des G\u00fcrtels: 117 cm<\/li>\n<\/ul>\n<p><strong>Wird ohne Gewehr verkauft<\/strong><\/p>\n<p><iframe title=\"YouTube-Videoplayer\" src=\"https:\/\/www.youtube.com\/embed\/0QgiUUgXa28\" width=\"560\" height=\"315\" frameborder=\"0\" allowfullscreen=\"allowfullscreen\"><\/iframe><\/p>","protected":false},"featured_media":25913,"template":"","meta":[],"product_brand":[896],"product_cat":[34,86,39,102,45,90,28,27],"product_tag":[],"class_list":{"0":"post-25912","1":"product","2":"type-product","3":"status-publish","4":"has-post-thumbnail","6":"product_brand-replique-manga-cine","7":"product_cat-armes-westerns","8":"product_cat-repliques-carabine-winchester-western","9":"product_cat-carabine-winchester","10":"product_cat-denix","11":"product_cat-holster-western-ceinturon","12":"product_cat-holster-accessoires-western","13":"product_cat-repliques-darmes","14":"product_cat-armes-et-accessoires-western","16":"first","17":"instock","18":"sale","19":"taxable","20":"shipping-taxable","21":"purchasable","22":"product-type-simple"},"yoast_head":"<!-- This site is optimized with the Yoast SEO plugin v27.5 - https:\/\/yoast.com\/product\/yoast-seo-wordpress\/ -->\n<title>Holster Mare&#039;s Leg - Vente d&#039;Accessoires westerns Denix | RMC<\/title>\n<meta name=\"description\" content=\"Offrez-vous ! Cet Holster Mare&#039;s Leg de Joss Randall au meilleur prix - Tout en cuir - Fabrication artisanale - Longueur du ceinturon : 117 cm\" \/>\n<meta name=\"robots\" content=\"index, follow, max-snippet:-1, max-image-preview:large, max-video-preview:-1\" \/>\n<link rel=\"canonical\" href=\"https:\/\/repliquemangacine.fr\/de\/denix\/holster-mares-leg-gurtel-joss-randall\/\" \/>\n<meta property=\"og:locale\" content=\"de_DE\" \/>\n<meta property=\"og:type\" content=\"article\" \/>\n<meta property=\"og:title\" content=\"Holster Mare&#039;s Leg - Vente d&#039;Accessoires westerns Denix | RMC\" \/>\n<meta property=\"og:description\" content=\"Offrez-vous ! Cet Holster Mare&#039;s Leg de Joss Randall au meilleur prix - Tout en cuir - Fabrication artisanale - Longueur du ceinturon : 117 cm\" \/>\n<meta property=\"og:url\" content=\"https:\/\/repliquemangacine.fr\/de\/denix\/holster-mares-leg-gurtel-joss-randall\/\" \/>\n<meta property=\"og:site_name\" content=\"R\u00e9plique Manga Cin\u00e9\" \/>\n<meta property=\"article:publisher\" content=\"https:\/\/www.facebook.com\/RepliqueMangaCine\" \/>\n<meta property=\"article:modified_time\" content=\"2026-04-10T06:02:15+00:00\" \/>\n<meta property=\"og:image\" content=\"https:\/\/repliquemangacine.fr\/wp-content\/uploads\/2023\/10\/643-Ceinturon-Joss-Randall-steve-mc-queen.jpg\" \/>\n\t<meta property=\"og:image:width\" content=\"800\" \/>\n\t<meta property=\"og:image:height\" content=\"800\" \/>\n\t<meta property=\"og:image:type\" content=\"image\/jpeg\" \/>\n<meta name=\"twitter:card\" content=\"summary_large_image\" \/>\n<meta name=\"twitter:label1\" content=\"Gesch\u00e4tzte Lesezeit\" \/>\n\t<meta name=\"twitter:data1\" content=\"2\u00a0Minuten\" \/>\n<script type=\"application\/ld+json\" class=\"yoast-schema-graph\">{\"@context\":\"https:\\\/\\\/schema.org\",\"@graph\":[{\"@type\":\"WebPage\",\"@id\":\"https:\\\/\\\/repliquemangacine.fr\\\/denix\\\/holster-mares-leg-ceinturon-joss-randall\\\/\",\"url\":\"https:\\\/\\\/repliquemangacine.fr\\\/denix\\\/holster-mares-leg-ceinturon-joss-randall\\\/\",\"name\":\"Holster Mare's Leg - Vente d'Accessoires westerns Denix | RMC\",\"isPartOf\":{\"@id\":\"https:\\\/\\\/repliquemangacine.fr\\\/#website\"},\"primaryImageOfPage\":{\"@id\":\"https:\\\/\\\/repliquemangacine.fr\\\/denix\\\/holster-mares-leg-ceinturon-joss-randall\\\/#primaryimage\"},\"image\":{\"@id\":\"https:\\\/\\\/repliquemangacine.fr\\\/denix\\\/holster-mares-leg-ceinturon-joss-randall\\\/#primaryimage\"},\"thumbnailUrl\":\"https:\\\/\\\/repliquemangacine.fr\\\/wp-content\\\/uploads\\\/2023\\\/10\\\/643-Ceinturon-Joss-Randall-steve-mc-queen.jpg\",\"datePublished\":\"2016-10-27T14:56:48+00:00\",\"dateModified\":\"2026-04-10T06:02:15+00:00\",\"description\":\"Offrez-vous ! Cet Holster Mare's Leg de Joss Randall au meilleur prix - Tout en cuir - Fabrication artisanale - Longueur du ceinturon : 117 cm\",\"breadcrumb\":{\"@id\":\"https:\\\/\\\/repliquemangacine.fr\\\/denix\\\/holster-mares-leg-ceinturon-joss-randall\\\/#breadcrumb\"},\"inLanguage\":\"de\",\"potentialAction\":[{\"@type\":\"ReadAction\",\"target\":[\"https:\\\/\\\/repliquemangacine.fr\\\/denix\\\/holster-mares-leg-ceinturon-joss-randall\\\/\"]}]},{\"@type\":\"ImageObject\",\"inLanguage\":\"de\",\"@id\":\"https:\\\/\\\/repliquemangacine.fr\\\/denix\\\/holster-mares-leg-ceinturon-joss-randall\\\/#primaryimage\",\"url\":\"https:\\\/\\\/repliquemangacine.fr\\\/wp-content\\\/uploads\\\/2023\\\/10\\\/643-Ceinturon-Joss-Randall-steve-mc-queen.jpg\",\"contentUrl\":\"https:\\\/\\\/repliquemangacine.fr\\\/wp-content\\\/uploads\\\/2023\\\/10\\\/643-Ceinturon-Joss-Randall-steve-mc-queen.jpg\",\"width\":800,\"height\":800,\"caption\":\"Holster Mare's Leg\"},{\"@type\":\"BreadcrumbList\",\"@id\":\"https:\\\/\\\/repliquemangacine.fr\\\/denix\\\/holster-mares-leg-ceinturon-joss-randall\\\/#breadcrumb\",\"itemListElement\":[{\"@type\":\"ListItem\",\"position\":1,\"name\":\"Accueil\",\"item\":\"https:\\\/\\\/repliquemangacine.fr\\\/\"},{\"@type\":\"ListItem\",\"position\":2,\"name\":\"Produits\",\"item\":\"https:\\\/\\\/repliquemangacine.fr\\\/boutique\\\/\"},{\"@type\":\"ListItem\",\"position\":3,\"name\":\"Holster Mare&#8217;s Leg\"}]},{\"@type\":\"WebSite\",\"@id\":\"https:\\\/\\\/repliquemangacine.fr\\\/#website\",\"url\":\"https:\\\/\\\/repliquemangacine.fr\\\/\",\"name\":\"R\u00e9plique Manga Cin\u00e9\",\"description\":\"\",\"publisher\":{\"@id\":\"https:\\\/\\\/repliquemangacine.fr\\\/#organization\"},\"potentialAction\":[{\"@type\":\"SearchAction\",\"target\":{\"@type\":\"EntryPoint\",\"urlTemplate\":\"https:\\\/\\\/repliquemangacine.fr\\\/?s={search_term_string}\"},\"query-input\":{\"@type\":\"PropertyValueSpecification\",\"valueRequired\":true,\"valueName\":\"search_term_string\"}}],\"inLanguage\":\"de\"},{\"@type\":\"Organization\",\"@id\":\"https:\\\/\\\/repliquemangacine.fr\\\/#organization\",\"name\":\"R\u00e9plique Manga Cin\u00e9\",\"url\":\"https:\\\/\\\/repliquemangacine.fr\\\/\",\"logo\":{\"@type\":\"ImageObject\",\"inLanguage\":\"de\",\"@id\":\"https:\\\/\\\/repliquemangacine.fr\\\/#\\\/schema\\\/logo\\\/image\\\/\",\"url\":\"https:\\\/\\\/repliquemangacine.fr\\\/wp-content\\\/uploads\\\/2023\\\/10\\\/RMC-500250.png\",\"contentUrl\":\"https:\\\/\\\/repliquemangacine.fr\\\/wp-content\\\/uploads\\\/2023\\\/10\\\/RMC-500250.png\",\"width\":500,\"height\":250,\"caption\":\"R\u00e9plique Manga Cin\u00e9\"},\"image\":{\"@id\":\"https:\\\/\\\/repliquemangacine.fr\\\/#\\\/schema\\\/logo\\\/image\\\/\"},\"sameAs\":[\"https:\\\/\\\/www.facebook.com\\\/RepliqueMangaCine\",\"https:\\\/\\\/www.instagram.com\\\/repliquemangacine.fr\\\/\"]}]}<\/script>\n<!-- \/ Yoast SEO plugin. -->","yoast_head_json":{"title":"Mare's Leg Holster - Denix Western Zubeh\u00f6r Verkauf | RMC","description":"Bieten Sie sich selbst an! Dieses Holster Mare's Leg von Joss Randall zum besten Preis - Komplett aus Leder - Handgefertigt - L\u00e4nge des G\u00fcrtels: 117 cm","robots":{"index":"index","follow":"follow","max-snippet":"max-snippet:-1","max-image-preview":"max-image-preview:large","max-video-preview":"max-video-preview:-1"},"canonical":"https:\/\/repliquemangacine.fr\/de\/denix\/holster-mares-leg-gurtel-joss-randall\/","og_locale":"de_DE","og_type":"article","og_title":"Holster Mare's Leg - Vente d'Accessoires westerns Denix | RMC","og_description":"Offrez-vous ! Cet Holster Mare's Leg de Joss Randall au meilleur prix - Tout en cuir - Fabrication artisanale - Longueur du ceinturon : 117 cm","og_url":"https:\/\/repliquemangacine.fr\/de\/denix\/holster-mares-leg-gurtel-joss-randall\/","og_site_name":"R\u00e9plique Manga Cin\u00e9","article_publisher":"https:\/\/www.facebook.com\/RepliqueMangaCine","article_modified_time":"2026-04-10T06:02:15+00:00","og_image":[{"width":800,"height":800,"url":"https:\/\/repliquemangacine.fr\/wp-content\/uploads\/2023\/10\/643-Ceinturon-Joss-Randall-steve-mc-queen.jpg","type":"image\/jpeg"}],"twitter_card":"summary_large_image","twitter_misc":{"Gesch\u00e4tzte Lesezeit":"2\u00a0Minuten"},"schema":{"@context":"https:\/\/schema.org","@graph":[{"@type":"WebPage","@id":"https:\/\/repliquemangacine.fr\/denix\/holster-mares-leg-ceinturon-joss-randall\/","url":"https:\/\/repliquemangacine.fr\/denix\/holster-mares-leg-ceinturon-joss-randall\/","name":"Mare's Leg Holster - Denix Western Zubeh\u00f6r Verkauf | RMC","isPartOf":{"@id":"https:\/\/repliquemangacine.fr\/#website"},"primaryImageOfPage":{"@id":"https:\/\/repliquemangacine.fr\/denix\/holster-mares-leg-ceinturon-joss-randall\/#primaryimage"},"image":{"@id":"https:\/\/repliquemangacine.fr\/denix\/holster-mares-leg-ceinturon-joss-randall\/#primaryimage"},"thumbnailUrl":"https:\/\/repliquemangacine.fr\/wp-content\/uploads\/2023\/10\/643-Ceinturon-Joss-Randall-steve-mc-queen.jpg","datePublished":"2016-10-27T14:56:48+00:00","dateModified":"2026-04-10T06:02:15+00:00","description":"Bieten Sie sich selbst an! Dieses Holster Mare's Leg von Joss Randall zum besten Preis - Komplett aus Leder - Handgefertigt - L\u00e4nge des G\u00fcrtels: 117 cm","breadcrumb":{"@id":"https:\/\/repliquemangacine.fr\/denix\/holster-mares-leg-ceinturon-joss-randall\/#breadcrumb"},"inLanguage":"de","potentialAction":[{"@type":"ReadAction","target":["https:\/\/repliquemangacine.fr\/denix\/holster-mares-leg-ceinturon-joss-randall\/"]}]},{"@type":"ImageObject","inLanguage":"de","@id":"https:\/\/repliquemangacine.fr\/denix\/holster-mares-leg-ceinturon-joss-randall\/#primaryimage","url":"https:\/\/repliquemangacine.fr\/wp-content\/uploads\/2023\/10\/643-Ceinturon-Joss-Randall-steve-mc-queen.jpg","contentUrl":"https:\/\/repliquemangacine.fr\/wp-content\/uploads\/2023\/10\/643-Ceinturon-Joss-Randall-steve-mc-queen.jpg","width":800,"height":800,"caption":"Holster Mare's Leg"},{"@type":"BreadcrumbList","@id":"https:\/\/repliquemangacine.fr\/denix\/holster-mares-leg-ceinturon-joss-randall\/#breadcrumb","itemListElement":[{"@type":"ListItem","position":1,"name":"Accueil","item":"https:\/\/repliquemangacine.fr\/"},{"@type":"ListItem","position":2,"name":"Produits","item":"https:\/\/repliquemangacine.fr\/boutique\/"},{"@type":"ListItem","position":3,"name":"Holster Mare&#8217;s Leg"}]},{"@type":"WebSite","@id":"https:\/\/repliquemangacine.fr\/#website","url":"https:\/\/repliquemangacine.fr\/","name":"R\u00e9plique Manga Cin\u00e9","description":"","publisher":{"@id":"https:\/\/repliquemangacine.fr\/#organization"},"potentialAction":[{"@type":"SearchAction","target":{"@type":"EntryPoint","urlTemplate":"https:\/\/repliquemangacine.fr\/?s={search_term_string}"},"query-input":{"@type":"PropertyValueSpecification","valueRequired":true,"valueName":"search_term_string"}}],"inLanguage":"de"},{"@type":"Organization","@id":"https:\/\/repliquemangacine.fr\/#organization","name":"R\u00e9plique Manga Cin\u00e9","url":"https:\/\/repliquemangacine.fr\/","logo":{"@type":"ImageObject","inLanguage":"de","@id":"https:\/\/repliquemangacine.fr\/#\/schema\/logo\/image\/","url":"https:\/\/repliquemangacine.fr\/wp-content\/uploads\/2023\/10\/RMC-500250.png","contentUrl":"https:\/\/repliquemangacine.fr\/wp-content\/uploads\/2023\/10\/RMC-500250.png","width":500,"height":250,"caption":"R\u00e9plique Manga Cin\u00e9"},"image":{"@id":"https:\/\/repliquemangacine.fr\/#\/schema\/logo\/image\/"},"sameAs":["https:\/\/www.facebook.com\/RepliqueMangaCine","https:\/\/www.instagram.com\/repliquemangacine.fr\/"]}]}},"_links":{"self":[{"href":"https:\/\/repliquemangacine.fr\/de\/wp-json\/wp\/v2\/product\/25912","targetHints":{"allow":["GET"]}}],"collection":[{"href":"https:\/\/repliquemangacine.fr\/de\/wp-json\/wp\/v2\/product"}],"about":[{"href":"https:\/\/repliquemangacine.fr\/de\/wp-json\/wp\/v2\/types\/product"}],"wp:featuredmedia":[{"embeddable":true,"href":"https:\/\/repliquemangacine.fr\/de\/wp-json\/wp\/v2\/media\/25913"}],"wp:attachment":[{"href":"https:\/\/repliquemangacine.fr\/de\/wp-json\/wp\/v2\/media?parent=25912"}],"wp:term":[{"taxonomy":"product_brand","embeddable":true,"href":"https:\/\/repliquemangacine.fr\/de\/wp-json\/wp\/v2\/product_brand?post=25912"},{"taxonomy":"product_cat","embeddable":true,"href":"https:\/\/repliquemangacine.fr\/de\/wp-json\/wp\/v2\/product_cat?post=25912"},{"taxonomy":"product_tag","embeddable":true,"href":"https:\/\/repliquemangacine.fr\/de\/wp-json\/wp\/v2\/product_tag?post=25912"}],"curies":[{"name":"wp","href":"https:\/\/api.w.org\/{rel}","templated":true}]}}