





{"id":25906,"date":"2016-10-27T16:06:38","date_gmt":"2016-10-27T14:06:38","guid":{"rendered":"https:\/\/repliquemangacine.fr\/?post_type=product&#038;p=25906"},"modified":"2025-11-10T14:50:25","modified_gmt":"2025-11-10T13:50:25","slug":"holster-2-colts-schwarz-doppelgurtel-mit-patronengurt","status":"publish","type":"product","link":"https:\/\/repliquemangacine.fr\/de\/holster-accessoires-western\/holster-2-colts-noir-ceinturon-double-avec-cartouchiere\/","title":{"rendered":"Holster 2 Colts schwarz"},"content":{"rendered":"<h2>Holster 2 Colts schwarz<\/h2>\n<p>Zu Beginn dieses <strong>Holster 2 Colts schwarz<\/strong>Dieser G\u00fcrtel ist speziell f\u00fcr zwei Revolver konzipiert. Dieser G\u00fcrtel hat einen Patroneng\u00fcrtel mit 24 Patronenattrappen.<\/p>\n<p>In der Regel f\u00fcr die einh\u00e4ndige Bedienung konzipiert. Dadurch kann die Handfeuerwaffe mit derselben Hand herausgenommen und \/ oder ersetzt werden. Um die Handfeuerwaffe mit nur einer Hand wieder in das Holster zu stecken, ist ein halbsteifes Material erforderlich.<\/p>\n<p>Damit das Holster seine Form beh\u00e4lt, damit es nicht zusammenf\u00e4llt, wenn der Colt nicht mehr darin liegt, um ihn zu st\u00fctzen. Traditionell \u00fcber einen Klettergurt am G\u00fcrtel befestigt.<\/p>\n<p>Popul\u00e4r geworden in Westernfilmen und in ber\u00fchmten Duellszenen. Das Herausziehen der Pistole in einigen Filmen ist ziemlich spektakul\u00e4r und man erlebt technische Meisterleistungen, um sie wieder hineinzubekommen.<\/p>\n<h2>Ihr Holster 2 Colts schwarz zum besten Preis.<\/h2>\n<p>Wir bieten Ihnen eine gro\u00dfe Auswahl an Western-Zubeh\u00f6r.<\/p>\n<p>Zun\u00e4chst einmal,<\/p>\n<ul>\n<li>F\u00fcr Ihr Holster ben\u00f6tigen Sie Colt 45, den <a href=\"https:\/\/repliquemangacine.fr\/de\/colts-revolver\/colt-model-1873-denix-55-inch-kaliber-45\/\">Peacemaker-Revolver<\/a> Modell 1873.<\/li>\n<li>Es gibt auch die <a href=\"https:\/\/repliquemangacine.fr\/de\/westernzubehor\/6-attrappenkugeln-mit-denix-zundhutchen\/\">Attrappenkugeln mit Z\u00fcndh\u00fctchen<\/a> f\u00fcr Colt Kaliber 45, um Ihren Patronengurt zu f\u00fcllen.<\/li>\n<li>Sowie die <a href=\"https:\/\/repliquemangacine.fr\/de\/westernzubehor\/blister-de-96-amorces-pour-pistolet-kolser\/\">Blisterpackungen mit Primern<\/a> Ersatzteile, die Sie brauchen, um es krachen zu lassen!<\/li>\n<li>Und noch viel mehr gibt es in unserem Online-Shop zu entdecken!<\/li>\n<\/ul>\n<p>Deshalb ist dies eine gro\u00dfartige Geschenkidee f\u00fcr alle Liebhaber historischer Waffen.<\/p>\n<p>Zusammenfassend l\u00e4sst sich sagen, dass Sie dieses <strong>Holster 2 Colts schwarz<\/strong> f\u00fcr Ihre Nachstellungen und Auff\u00fchrungen von Westernfilmen.<\/p>\n<p>Vor allem ist diese Waffe ein Sammler- und Dekorationsst\u00fcck.<\/p>\n<p>R\u00e9plique Manga Cin\u00e9 ist ein franz\u00f6sisches Unternehmen und offizieller Vertriebspartner der Marke <a href=\"https:\/\/www.denix.fr\/\" target=\"_blank\" rel=\"noopener noreferrer\">Denix<\/a>.<\/p>\n<h2>Wie werden Ihre Western-Accessoires hergestellt?<\/h2>\n<p>Zun\u00e4chst einmal sind alle unsere Produkte von hoher Qualit\u00e4t und werden mit besonderer Sorgfalt hergestellt. Die Herstellung erfolgt zum Teil von Hand, um jedes noch so kleine Detail zu reproduzieren. Gr\u00f6\u00dfere Teile werden von pr\u00e4zisen Maschinen bearbeitet. Die Gravuren werden in der Regel mit einer Diamantspitze oder einem Laser ausgef\u00fchrt.<\/p>\n<p>Ihre <strong>Holster 2 Colts schwarz<\/strong> hergestellt, um jedes Detail genau zu reproduzieren. Um dem Erbe der originalen Meisterwerke gerecht zu werden. Der Schwerpunkt liegt darauf, qualitativ hochwertige Repliken herzustellen, die so historisch genau wie m\u00f6glich sind.<\/p>\n<p>Abschlie\u00dfend sei gesagt, dass unsere Repliken, die aus China, Spanien oder Indien importiert wurden, Sie in Erstaunen versetzen werden!<\/p>","protected":false},"excerpt":{"rendered":"<p>Westerng\u00fcrtel von sehr hoher Qualit\u00e4t und aus dickem, geformtem Leder.<\/p>\n<ul>\n<li>Hergestellt und handgen\u00e4ht.<\/li>\n<li>In echtes Leder eingepr\u00e4gte Pferdemotive.<\/li>\n<li>G\u00fcrtelschnalle aus Metall.<\/li>\n<li>Halteriemen.<\/li>\n<li>Patronengurt.<\/li>\n<li>Wird ohne Attrappenkugeln geliefert<\/li>\n<\/ul>","protected":false},"featured_media":25907,"template":"","meta":[],"product_brand":[896],"product_cat":[34,102,45,90,28,27],"product_tag":[],"class_list":{"0":"post-25906","1":"product","2":"type-product","3":"status-publish","4":"has-post-thumbnail","6":"product_brand-replique-manga-cine","7":"product_cat-armes-westerns","8":"product_cat-denix","9":"product_cat-holster-western-ceinturon","10":"product_cat-holster-accessoires-western","11":"product_cat-repliques-darmes","12":"product_cat-armes-et-accessoires-western","14":"first","15":"instock","16":"taxable","17":"shipping-taxable","18":"purchasable","19":"product-type-simple"},"yoast_head":"<!-- This site is optimized with the Yoast SEO plugin v27.5 - https:\/\/yoast.com\/product\/yoast-seo-wordpress\/ -->\n<title>Holster 2 Colts noir - Ceinturon pour colt 45 | R\u00e9plique Manga Cin\u00e9<\/title>\n<meta name=\"description\" content=\"D\u00e9couvrez cet Holster 2 Colts noir de western au meilleur prix - De tr\u00e8s haute qualit\u00e9 - Cuir \u00e9pais moul\u00e9. Boucle m\u00e9tal. Cartouchi\u00e8re.\" \/>\n<meta name=\"robots\" content=\"index, follow, max-snippet:-1, max-image-preview:large, max-video-preview:-1\" \/>\n<link rel=\"canonical\" href=\"https:\/\/repliquemangacine.fr\/de\/denix\/holster-2-colts-schwarz-doppelgurtel-mit-patronengurt\/\" \/>\n<meta property=\"og:locale\" content=\"de_DE\" \/>\n<meta property=\"og:type\" content=\"article\" \/>\n<meta property=\"og:title\" content=\"Holster 2 Colts noir - Ceinturon pour colt 45 | R\u00e9plique Manga Cin\u00e9\" \/>\n<meta property=\"og:description\" content=\"D\u00e9couvrez cet Holster 2 Colts noir de western au meilleur prix - De tr\u00e8s haute qualit\u00e9 - Cuir \u00e9pais moul\u00e9. Boucle m\u00e9tal. Cartouchi\u00e8re.\" \/>\n<meta property=\"og:url\" content=\"https:\/\/repliquemangacine.fr\/de\/denix\/holster-2-colts-schwarz-doppelgurtel-mit-patronengurt\/\" \/>\n<meta property=\"og:site_name\" content=\"R\u00e9plique Manga Cin\u00e9\" \/>\n<meta property=\"article:publisher\" content=\"https:\/\/www.facebook.com\/RepliqueMangaCine\" \/>\n<meta property=\"article:modified_time\" content=\"2025-11-10T13:50:25+00:00\" \/>\n<meta property=\"og:image\" content=\"https:\/\/repliquemangacine.fr\/wp-content\/uploads\/2023\/10\/637-Ceinturon-noir-pour-colt-Holster-double.jpg\" \/>\n\t<meta property=\"og:image:width\" content=\"700\" \/>\n\t<meta property=\"og:image:height\" content=\"700\" \/>\n\t<meta property=\"og:image:type\" content=\"image\/jpeg\" \/>\n<meta name=\"twitter:card\" content=\"summary_large_image\" \/>\n<meta name=\"twitter:label1\" content=\"Gesch\u00e4tzte Lesezeit\" \/>\n\t<meta name=\"twitter:data1\" content=\"2\u00a0Minuten\" \/>\n<script type=\"application\/ld+json\" class=\"yoast-schema-graph\">{\"@context\":\"https:\\\/\\\/schema.org\",\"@graph\":[{\"@type\":\"WebPage\",\"@id\":\"https:\\\/\\\/repliquemangacine.fr\\\/de\\\/denix\\\/holster-2-colts-schwarz-doppelgurtel-mit-patronengurt\\\/\",\"url\":\"https:\\\/\\\/repliquemangacine.fr\\\/de\\\/denix\\\/holster-2-colts-schwarz-doppelgurtel-mit-patronengurt\\\/\",\"name\":\"Holster 2 Colts noir - Ceinturon pour colt 45 | R\u00e9plique Manga Cin\u00e9\",\"isPartOf\":{\"@id\":\"https:\\\/\\\/repliquemangacine.fr\\\/#website\"},\"primaryImageOfPage\":{\"@id\":\"https:\\\/\\\/repliquemangacine.fr\\\/de\\\/denix\\\/holster-2-colts-schwarz-doppelgurtel-mit-patronengurt\\\/#primaryimage\"},\"image\":{\"@id\":\"https:\\\/\\\/repliquemangacine.fr\\\/de\\\/denix\\\/holster-2-colts-schwarz-doppelgurtel-mit-patronengurt\\\/#primaryimage\"},\"thumbnailUrl\":\"https:\\\/\\\/repliquemangacine.fr\\\/wp-content\\\/uploads\\\/2023\\\/10\\\/637-Ceinturon-noir-pour-colt-Holster-double.jpg\",\"datePublished\":\"2016-10-27T14:06:38+00:00\",\"dateModified\":\"2025-11-10T13:50:25+00:00\",\"description\":\"D\u00e9couvrez cet Holster 2 Colts noir de western au meilleur prix - De tr\u00e8s haute qualit\u00e9 - Cuir \u00e9pais moul\u00e9. Boucle m\u00e9tal. Cartouchi\u00e8re.\",\"breadcrumb\":{\"@id\":\"https:\\\/\\\/repliquemangacine.fr\\\/de\\\/denix\\\/holster-2-colts-schwarz-doppelgurtel-mit-patronengurt\\\/#breadcrumb\"},\"inLanguage\":\"de\",\"potentialAction\":[{\"@type\":\"ReadAction\",\"target\":[\"https:\\\/\\\/repliquemangacine.fr\\\/de\\\/denix\\\/holster-2-colts-schwarz-doppelgurtel-mit-patronengurt\\\/\"]}]},{\"@type\":\"ImageObject\",\"inLanguage\":\"de\",\"@id\":\"https:\\\/\\\/repliquemangacine.fr\\\/de\\\/denix\\\/holster-2-colts-schwarz-doppelgurtel-mit-patronengurt\\\/#primaryimage\",\"url\":\"https:\\\/\\\/repliquemangacine.fr\\\/wp-content\\\/uploads\\\/2023\\\/10\\\/637-Ceinturon-noir-pour-colt-Holster-double.jpg\",\"contentUrl\":\"https:\\\/\\\/repliquemangacine.fr\\\/wp-content\\\/uploads\\\/2023\\\/10\\\/637-Ceinturon-noir-pour-colt-Holster-double.jpg\",\"width\":700,\"height\":700,\"caption\":\"Ceinturon noir pour colt - Holster double...\"},{\"@type\":\"BreadcrumbList\",\"@id\":\"https:\\\/\\\/repliquemangacine.fr\\\/de\\\/denix\\\/holster-2-colts-schwarz-doppelgurtel-mit-patronengurt\\\/#breadcrumb\",\"itemListElement\":[{\"@type\":\"ListItem\",\"position\":1,\"name\":\"Accueil\",\"item\":\"https:\\\/\\\/repliquemangacine.fr\\\/\"},{\"@type\":\"ListItem\",\"position\":2,\"name\":\"Produits\",\"item\":\"https:\\\/\\\/repliquemangacine.fr\\\/boutique\\\/\"},{\"@type\":\"ListItem\",\"position\":3,\"name\":\"Holster 2 Colts noir\"}]},{\"@type\":\"WebSite\",\"@id\":\"https:\\\/\\\/repliquemangacine.fr\\\/#website\",\"url\":\"https:\\\/\\\/repliquemangacine.fr\\\/\",\"name\":\"R\u00e9plique Manga Cin\u00e9\",\"description\":\"\",\"publisher\":{\"@id\":\"https:\\\/\\\/repliquemangacine.fr\\\/#organization\"},\"potentialAction\":[{\"@type\":\"SearchAction\",\"target\":{\"@type\":\"EntryPoint\",\"urlTemplate\":\"https:\\\/\\\/repliquemangacine.fr\\\/?s={search_term_string}\"},\"query-input\":{\"@type\":\"PropertyValueSpecification\",\"valueRequired\":true,\"valueName\":\"search_term_string\"}}],\"inLanguage\":\"de\"},{\"@type\":\"Organization\",\"@id\":\"https:\\\/\\\/repliquemangacine.fr\\\/#organization\",\"name\":\"R\u00e9plique Manga Cin\u00e9\",\"url\":\"https:\\\/\\\/repliquemangacine.fr\\\/\",\"logo\":{\"@type\":\"ImageObject\",\"inLanguage\":\"de\",\"@id\":\"https:\\\/\\\/repliquemangacine.fr\\\/#\\\/schema\\\/logo\\\/image\\\/\",\"url\":\"https:\\\/\\\/repliquemangacine.fr\\\/wp-content\\\/uploads\\\/2023\\\/10\\\/RMC-500250.png\",\"contentUrl\":\"https:\\\/\\\/repliquemangacine.fr\\\/wp-content\\\/uploads\\\/2023\\\/10\\\/RMC-500250.png\",\"width\":500,\"height\":250,\"caption\":\"R\u00e9plique Manga Cin\u00e9\"},\"image\":{\"@id\":\"https:\\\/\\\/repliquemangacine.fr\\\/#\\\/schema\\\/logo\\\/image\\\/\"},\"sameAs\":[\"https:\\\/\\\/www.facebook.com\\\/RepliqueMangaCine\",\"https:\\\/\\\/www.instagram.com\\\/repliquemangacine.fr\\\/\"]}]}<\/script>\n<!-- \/ Yoast SEO plugin. -->","yoast_head_json":{"title":"Holster 2 Colts schwarz - G\u00fcrtel f\u00fcr Colt 45 | R\u00e9plique Manga Cin\u00e9","description":"Entdecken Sie dieses schwarze Western Holster 2 Colts zum besten Preis - Sehr hohe Qualit\u00e4t - Dickes, geformtes Leder. Schnalle aus Metall. Patronengurt.","robots":{"index":"index","follow":"follow","max-snippet":"max-snippet:-1","max-image-preview":"max-image-preview:large","max-video-preview":"max-video-preview:-1"},"canonical":"https:\/\/repliquemangacine.fr\/de\/denix\/holster-2-colts-schwarz-doppelgurtel-mit-patronengurt\/","og_locale":"de_DE","og_type":"article","og_title":"Holster 2 Colts noir - Ceinturon pour colt 45 | R\u00e9plique Manga Cin\u00e9","og_description":"D\u00e9couvrez cet Holster 2 Colts noir de western au meilleur prix - De tr\u00e8s haute qualit\u00e9 - Cuir \u00e9pais moul\u00e9. Boucle m\u00e9tal. Cartouchi\u00e8re.","og_url":"https:\/\/repliquemangacine.fr\/de\/denix\/holster-2-colts-schwarz-doppelgurtel-mit-patronengurt\/","og_site_name":"R\u00e9plique Manga Cin\u00e9","article_publisher":"https:\/\/www.facebook.com\/RepliqueMangaCine","article_modified_time":"2025-11-10T13:50:25+00:00","og_image":[{"width":700,"height":700,"url":"https:\/\/repliquemangacine.fr\/wp-content\/uploads\/2023\/10\/637-Ceinturon-noir-pour-colt-Holster-double.jpg","type":"image\/jpeg"}],"twitter_card":"summary_large_image","twitter_misc":{"Gesch\u00e4tzte Lesezeit":"2\u00a0Minuten"},"schema":{"@context":"https:\/\/schema.org","@graph":[{"@type":"WebPage","@id":"https:\/\/repliquemangacine.fr\/de\/denix\/holster-2-colts-schwarz-doppelgurtel-mit-patronengurt\/","url":"https:\/\/repliquemangacine.fr\/de\/denix\/holster-2-colts-schwarz-doppelgurtel-mit-patronengurt\/","name":"Holster 2 Colts schwarz - G\u00fcrtel f\u00fcr Colt 45 | R\u00e9plique Manga Cin\u00e9","isPartOf":{"@id":"https:\/\/repliquemangacine.fr\/#website"},"primaryImageOfPage":{"@id":"https:\/\/repliquemangacine.fr\/de\/denix\/holster-2-colts-schwarz-doppelgurtel-mit-patronengurt\/#primaryimage"},"image":{"@id":"https:\/\/repliquemangacine.fr\/de\/denix\/holster-2-colts-schwarz-doppelgurtel-mit-patronengurt\/#primaryimage"},"thumbnailUrl":"https:\/\/repliquemangacine.fr\/wp-content\/uploads\/2023\/10\/637-Ceinturon-noir-pour-colt-Holster-double.jpg","datePublished":"2016-10-27T14:06:38+00:00","dateModified":"2025-11-10T13:50:25+00:00","description":"Entdecken Sie dieses schwarze Western Holster 2 Colts zum besten Preis - Sehr hohe Qualit\u00e4t - Dickes, geformtes Leder. Schnalle aus Metall. Patronengurt.","breadcrumb":{"@id":"https:\/\/repliquemangacine.fr\/de\/denix\/holster-2-colts-schwarz-doppelgurtel-mit-patronengurt\/#breadcrumb"},"inLanguage":"de","potentialAction":[{"@type":"ReadAction","target":["https:\/\/repliquemangacine.fr\/de\/denix\/holster-2-colts-schwarz-doppelgurtel-mit-patronengurt\/"]}]},{"@type":"ImageObject","inLanguage":"de","@id":"https:\/\/repliquemangacine.fr\/de\/denix\/holster-2-colts-schwarz-doppelgurtel-mit-patronengurt\/#primaryimage","url":"https:\/\/repliquemangacine.fr\/wp-content\/uploads\/2023\/10\/637-Ceinturon-noir-pour-colt-Holster-double.jpg","contentUrl":"https:\/\/repliquemangacine.fr\/wp-content\/uploads\/2023\/10\/637-Ceinturon-noir-pour-colt-Holster-double.jpg","width":700,"height":700,"caption":"Ceinturon noir pour colt - Holster double..."},{"@type":"BreadcrumbList","@id":"https:\/\/repliquemangacine.fr\/de\/denix\/holster-2-colts-schwarz-doppelgurtel-mit-patronengurt\/#breadcrumb","itemListElement":[{"@type":"ListItem","position":1,"name":"Accueil","item":"https:\/\/repliquemangacine.fr\/"},{"@type":"ListItem","position":2,"name":"Produits","item":"https:\/\/repliquemangacine.fr\/boutique\/"},{"@type":"ListItem","position":3,"name":"Holster 2 Colts noir"}]},{"@type":"WebSite","@id":"https:\/\/repliquemangacine.fr\/#website","url":"https:\/\/repliquemangacine.fr\/","name":"R\u00e9plique Manga Cin\u00e9","description":"","publisher":{"@id":"https:\/\/repliquemangacine.fr\/#organization"},"potentialAction":[{"@type":"SearchAction","target":{"@type":"EntryPoint","urlTemplate":"https:\/\/repliquemangacine.fr\/?s={search_term_string}"},"query-input":{"@type":"PropertyValueSpecification","valueRequired":true,"valueName":"search_term_string"}}],"inLanguage":"de"},{"@type":"Organization","@id":"https:\/\/repliquemangacine.fr\/#organization","name":"R\u00e9plique Manga Cin\u00e9","url":"https:\/\/repliquemangacine.fr\/","logo":{"@type":"ImageObject","inLanguage":"de","@id":"https:\/\/repliquemangacine.fr\/#\/schema\/logo\/image\/","url":"https:\/\/repliquemangacine.fr\/wp-content\/uploads\/2023\/10\/RMC-500250.png","contentUrl":"https:\/\/repliquemangacine.fr\/wp-content\/uploads\/2023\/10\/RMC-500250.png","width":500,"height":250,"caption":"R\u00e9plique Manga Cin\u00e9"},"image":{"@id":"https:\/\/repliquemangacine.fr\/#\/schema\/logo\/image\/"},"sameAs":["https:\/\/www.facebook.com\/RepliqueMangaCine","https:\/\/www.instagram.com\/repliquemangacine.fr\/"]}]}},"_links":{"self":[{"href":"https:\/\/repliquemangacine.fr\/de\/wp-json\/wp\/v2\/product\/25906","targetHints":{"allow":["GET"]}}],"collection":[{"href":"https:\/\/repliquemangacine.fr\/de\/wp-json\/wp\/v2\/product"}],"about":[{"href":"https:\/\/repliquemangacine.fr\/de\/wp-json\/wp\/v2\/types\/product"}],"wp:featuredmedia":[{"embeddable":true,"href":"https:\/\/repliquemangacine.fr\/de\/wp-json\/wp\/v2\/media\/25907"}],"wp:attachment":[{"href":"https:\/\/repliquemangacine.fr\/de\/wp-json\/wp\/v2\/media?parent=25906"}],"wp:term":[{"taxonomy":"product_brand","embeddable":true,"href":"https:\/\/repliquemangacine.fr\/de\/wp-json\/wp\/v2\/product_brand?post=25906"},{"taxonomy":"product_cat","embeddable":true,"href":"https:\/\/repliquemangacine.fr\/de\/wp-json\/wp\/v2\/product_cat?post=25906"},{"taxonomy":"product_tag","embeddable":true,"href":"https:\/\/repliquemangacine.fr\/de\/wp-json\/wp\/v2\/product_tag?post=25906"}],"curies":[{"name":"wp","href":"https:\/\/api.w.org\/{rel}","templated":true}]}}