





{"id":25871,"date":"2016-10-25T18:55:29","date_gmt":"2016-10-25T16:55:29","guid":{"rendered":"https:\/\/repliquemangacine.fr\/?post_type=product&#038;p=25871"},"modified":"2026-02-06T15:45:09","modified_gmt":"2026-02-06T14:45:09","slug":"gewehr-kentucky-148-cm-denix","status":"publish","type":"product","link":"https:\/\/repliquemangacine.fr\/de\/repliques-carabine-winchester-western\/fusil-kentucky-148-cm-denix\/","title":{"rendered":"Wetzstahl Kentucky 148 cm"},"content":{"rendered":"<h2>Replik Kentucky-Gewehr 148 cm - Denix<\/h2>\n<p>Zu Beginn wird der <strong>Wetzstahl Kentucky 148 cm<\/strong>Die Funkenwaffe hatte einen Feuerstein oder Flintstein, der, wenn er durch den Hammer ausgel\u00f6st wurde, den Funken erzeugte, der das Schie\u00dfpulver entz\u00fcndete.<\/p>\n<p>Daniel Boones Einsatz der Pennsylvania Long Rifle in Kentucky war so ber\u00fchmt, dass die Waffe allgemein als Kentucky Rifle bekannt wurde. Urspr\u00fcnglich handelte es sich jedoch tats\u00e4chlich um eine Pennsylvania Long Rifle.<\/p>\n<p>Wurde w\u00e4hrend des Unabh\u00e4ngigkeitskrieges (1775-1783) h\u00e4ufig verwendet. Diese Gewehre begleiteten die ersten amerikanischen Entdecker bei der Eroberung des Westens.<\/p>\n<p>Sie ist das eigentliche Symbol der amerikanischen Waffe. Wenn die Winchester den Westen erobert hat, dann hat diese Waffe die ersten Gebiete und die Freiheit Amerikas erobert.<\/p>\n<p>In der Vorstellung verankert ist sie die Waffe des Patriot im gleichnamigen Film.<\/p>\n<h2>Ihr Kentuck-Gewehr 148 cm zum besten Preis.<\/h2>\n<p>Wir bieten Ihnen eine gro\u00dfe Auswahl an Reproduktionen von Westernwaffen.<\/p>\n<p>Zun\u00e4chst einmal,<\/p>\n<ul>\n<li>Der legend\u00e4re Military <a href=\"https:\/\/repliquemangacine.fr\/de\/winchester-gewehr-western-country\/fusil-sharp-usa-1859\/\">Sharps carbine<\/a>, USA, 1859.<\/li>\n<li>Es gibt auch die <a href=\"https:\/\/repliquemangacine.fr\/de\/kolser-waffe\/winchester-108cm-grey-kolser\/\">Winchester-Gewehr 108cm<\/a> Kolser mit Ballenauswurf.<\/li>\n<li>Sowie das <a href=\"https:\/\/repliquemangacine.fr\/de\/winchester-gewehr-western-country\/coach-gun-double-canons-coupe-usa-1868\/\">Gewehr Coach Gun<\/a> mit seinem abgeschnittenen Lauf<\/li>\n<li>Und noch viel mehr gibt es in unserem Online-Shop zu entdecken!<\/li>\n<\/ul>\n<p>Deshalb gibt es hier tolle Geschenkideen f\u00fcr alle Westernfans.<\/p>\n<p>Abschlie\u00dfend k\u00f6nnen Sie den <strong>Wetzstahl Kentucky 148 cm<\/strong> f\u00fcr Ihre Westernauff\u00fchrungen. Vor allem aber ist diese Reproduktion eine Sammler- und Dekorationswaffe.<\/p>\n<p>R\u00e9plique Manga Cin\u00e9 ist ein franz\u00f6sisches Familienunternehmen offizieller Vertriebspartner <a href=\"https:\/\/www.denix.fr\/fr\/catalogue\/guerre-civile-occidentale-et-americaine-1861-1899\/carabines-carabines-et-fusils\/1137\/\" target=\"_blank\" rel=\"noopener noreferrer\">Denix<\/a>.<\/p>\n<h2>Wie werden Denix-Waffenrepliken hergestellt?<\/h2>\n<p>Werden in historischen Rekonstruktionen, Filmen und Serien sowie von Sammlern verwendet. Denix-Waffenreproduktionen, die aus hochwertigen Materialien hergestellt werden. Sorgf\u00e4ltig bearbeitet und zusammengesetzt, um realistische Sammlerwaffen zu schaffen.<\/p>\n<ul>\n<li>Die Metalle sind in einer Metalllegierung, die als Zamac bekannt ist und deren Grundzusammensetzung Zink in 95% ist.<\/li>\n<li>Die Kunststoffteile der Repliken aus geformtem ABS, das eine hohe Widerstandsf\u00e4higkeit bietet.<\/li>\n<li>Holz, das aufgrund seiner Sch\u00f6nheit und Haltbarkeit ausgew\u00e4hlt wird, wie z. B. Mahagoni, Olivenholz oder Walnuss, verleiht Ihren Sch\u00e4ften und F\u00e4ssern ein elegantes und authentisches Aussehen.<\/li>\n<\/ul>\n<p>Es ist zu betonen, dass alle Nachbildungen von Denix-Waffen mit den Originalen identisch sind, wie Ihr <strong>Wetzstahl Kentucky 148 cm<\/strong>.<\/p>","protected":false},"excerpt":{"rendered":"<p>Das Kentucky-Gewehr ist die typische Waffe eines Trappers.<\/p>\n<ul>\n<li>Vollst\u00e4ndig aus Massivholz, Stock und Schaft.<\/li>\n<li>Lauf und Mechanismus aus Metall.<\/li>\n<li>Der Abzug und der Hund sind beweglich.<\/li>\n<li>Bewaffnet sich und rammt.<\/li>\n<li>Ungeeignet zum Schie\u00dfen.<\/li>\n<li>Unterliegt keiner Genehmigungspflicht. Verkauf und Besitz frei.<\/li>\n<li>L\u00e4nge: 148.5 cm - Gewicht: 2.160 g<\/li>\n<\/ul>","protected":false},"featured_media":25872,"template":"","meta":[],"product_brand":[896],"product_cat":[34,86,39,102,28,101,27],"product_tag":[],"class_list":{"0":"post-25871","1":"product","2":"type-product","3":"status-publish","4":"has-post-thumbnail","6":"product_brand-replique-manga-cine","7":"product_cat-armes-westerns","8":"product_cat-repliques-carabine-winchester-western","9":"product_cat-carabine-winchester","10":"product_cat-denix","11":"product_cat-repliques-darmes","12":"product_cat-soldes","13":"product_cat-armes-et-accessoires-western","15":"first","16":"instock","17":"sale","18":"taxable","19":"shipping-taxable","20":"purchasable","21":"product-type-simple"},"yoast_head":"<!-- This site is optimized with the Yoast SEO plugin v27.5 - https:\/\/yoast.com\/product\/yoast-seo-wordpress\/ -->\n<title>Fusil Kentucky 148 cm - R\u00e9plique Denix | R\u00e9plique Manga Cin\u00e9<\/title>\n<meta name=\"description\" content=\"Offrez-vous ! Le Fusil Kentucky 148 cm au meilleur prix - Crosse et f\u00fbt en bois massif - Canon et m\u00e9canisme m\u00e9tal. M\u00e9canisme fonctionnel - 148.5 cm\" \/>\n<meta name=\"robots\" content=\"index, follow, max-snippet:-1, max-image-preview:large, max-video-preview:-1\" \/>\n<link rel=\"canonical\" href=\"https:\/\/repliquemangacine.fr\/de\/denix\/gewehr-kentucky-148-cm-denix\/\" \/>\n<meta property=\"og:locale\" content=\"de_DE\" \/>\n<meta property=\"og:type\" content=\"article\" \/>\n<meta property=\"og:title\" content=\"Fusil Kentucky 148 cm - R\u00e9plique Denix | R\u00e9plique Manga Cin\u00e9\" \/>\n<meta property=\"og:description\" content=\"Offrez-vous ! Le Fusil Kentucky 148 cm au meilleur prix - Crosse et f\u00fbt en bois massif - Canon et m\u00e9canisme m\u00e9tal. M\u00e9canisme fonctionnel - 148.5 cm\" \/>\n<meta property=\"og:url\" content=\"https:\/\/repliquemangacine.fr\/de\/denix\/gewehr-kentucky-148-cm-denix\/\" \/>\n<meta property=\"og:site_name\" content=\"R\u00e9plique Manga Cin\u00e9\" \/>\n<meta property=\"article:publisher\" content=\"https:\/\/www.facebook.com\/RepliqueMangaCine\" \/>\n<meta property=\"article:modified_time\" content=\"2026-02-06T14:45:09+00:00\" \/>\n<meta property=\"og:image\" content=\"https:\/\/repliquemangacine.fr\/wp-content\/uploads\/2023\/10\/608-replique-Fusil-Kentucky-148cm-denix.jpg\" \/>\n\t<meta property=\"og:image:width\" content=\"700\" \/>\n\t<meta property=\"og:image:height\" content=\"700\" \/>\n\t<meta property=\"og:image:type\" content=\"image\/jpeg\" \/>\n<meta name=\"twitter:card\" content=\"summary_large_image\" \/>\n<meta name=\"twitter:label1\" content=\"Gesch\u00e4tzte Lesezeit\" \/>\n\t<meta name=\"twitter:data1\" content=\"2\u00a0Minuten\" \/>\n<script type=\"application\/ld+json\" class=\"yoast-schema-graph\">{\"@context\":\"https:\\\/\\\/schema.org\",\"@graph\":[{\"@type\":\"WebPage\",\"@id\":\"https:\\\/\\\/repliquemangacine.fr\\\/denix\\\/fusil-kentucky-148-cm-denix\\\/\",\"url\":\"https:\\\/\\\/repliquemangacine.fr\\\/denix\\\/fusil-kentucky-148-cm-denix\\\/\",\"name\":\"Fusil Kentucky 148 cm - R\u00e9plique Denix | R\u00e9plique Manga Cin\u00e9\",\"isPartOf\":{\"@id\":\"https:\\\/\\\/repliquemangacine.fr\\\/#website\"},\"primaryImageOfPage\":{\"@id\":\"https:\\\/\\\/repliquemangacine.fr\\\/denix\\\/fusil-kentucky-148-cm-denix\\\/#primaryimage\"},\"image\":{\"@id\":\"https:\\\/\\\/repliquemangacine.fr\\\/denix\\\/fusil-kentucky-148-cm-denix\\\/#primaryimage\"},\"thumbnailUrl\":\"https:\\\/\\\/repliquemangacine.fr\\\/wp-content\\\/uploads\\\/2023\\\/10\\\/608-replique-Fusil-Kentucky-148cm-denix.jpg\",\"datePublished\":\"2016-10-25T16:55:29+00:00\",\"dateModified\":\"2026-02-06T14:45:09+00:00\",\"description\":\"Offrez-vous ! Le Fusil Kentucky 148 cm au meilleur prix - Crosse et f\u00fbt en bois massif - Canon et m\u00e9canisme m\u00e9tal. M\u00e9canisme fonctionnel - 148.5 cm\",\"breadcrumb\":{\"@id\":\"https:\\\/\\\/repliquemangacine.fr\\\/denix\\\/fusil-kentucky-148-cm-denix\\\/#breadcrumb\"},\"inLanguage\":\"de\",\"potentialAction\":[{\"@type\":\"ReadAction\",\"target\":[\"https:\\\/\\\/repliquemangacine.fr\\\/denix\\\/fusil-kentucky-148-cm-denix\\\/\"]}]},{\"@type\":\"ImageObject\",\"inLanguage\":\"de\",\"@id\":\"https:\\\/\\\/repliquemangacine.fr\\\/denix\\\/fusil-kentucky-148-cm-denix\\\/#primaryimage\",\"url\":\"https:\\\/\\\/repliquemangacine.fr\\\/wp-content\\\/uploads\\\/2023\\\/10\\\/608-replique-Fusil-Kentucky-148cm-denix.jpg\",\"contentUrl\":\"https:\\\/\\\/repliquemangacine.fr\\\/wp-content\\\/uploads\\\/2023\\\/10\\\/608-replique-Fusil-Kentucky-148cm-denix.jpg\",\"width\":700,\"height\":700,\"caption\":\"r\u00e9plique Fusil Kentucky 148cm - denix\"},{\"@type\":\"BreadcrumbList\",\"@id\":\"https:\\\/\\\/repliquemangacine.fr\\\/denix\\\/fusil-kentucky-148-cm-denix\\\/#breadcrumb\",\"itemListElement\":[{\"@type\":\"ListItem\",\"position\":1,\"name\":\"Accueil\",\"item\":\"https:\\\/\\\/repliquemangacine.fr\\\/\"},{\"@type\":\"ListItem\",\"position\":2,\"name\":\"Produits\",\"item\":\"https:\\\/\\\/repliquemangacine.fr\\\/boutique\\\/\"},{\"@type\":\"ListItem\",\"position\":3,\"name\":\"Fusil Kentucky 148 cm\"}]},{\"@type\":\"WebSite\",\"@id\":\"https:\\\/\\\/repliquemangacine.fr\\\/#website\",\"url\":\"https:\\\/\\\/repliquemangacine.fr\\\/\",\"name\":\"R\u00e9plique Manga Cin\u00e9\",\"description\":\"\",\"publisher\":{\"@id\":\"https:\\\/\\\/repliquemangacine.fr\\\/#organization\"},\"potentialAction\":[{\"@type\":\"SearchAction\",\"target\":{\"@type\":\"EntryPoint\",\"urlTemplate\":\"https:\\\/\\\/repliquemangacine.fr\\\/?s={search_term_string}\"},\"query-input\":{\"@type\":\"PropertyValueSpecification\",\"valueRequired\":true,\"valueName\":\"search_term_string\"}}],\"inLanguage\":\"de\"},{\"@type\":\"Organization\",\"@id\":\"https:\\\/\\\/repliquemangacine.fr\\\/#organization\",\"name\":\"R\u00e9plique Manga Cin\u00e9\",\"url\":\"https:\\\/\\\/repliquemangacine.fr\\\/\",\"logo\":{\"@type\":\"ImageObject\",\"inLanguage\":\"de\",\"@id\":\"https:\\\/\\\/repliquemangacine.fr\\\/#\\\/schema\\\/logo\\\/image\\\/\",\"url\":\"https:\\\/\\\/repliquemangacine.fr\\\/wp-content\\\/uploads\\\/2023\\\/10\\\/RMC-500250.png\",\"contentUrl\":\"https:\\\/\\\/repliquemangacine.fr\\\/wp-content\\\/uploads\\\/2023\\\/10\\\/RMC-500250.png\",\"width\":500,\"height\":250,\"caption\":\"R\u00e9plique Manga Cin\u00e9\"},\"image\":{\"@id\":\"https:\\\/\\\/repliquemangacine.fr\\\/#\\\/schema\\\/logo\\\/image\\\/\"},\"sameAs\":[\"https:\\\/\\\/www.facebook.com\\\/RepliqueMangaCine\",\"https:\\\/\\\/www.instagram.com\\\/repliquemangacine.fr\\\/\"]}]}<\/script>\n<!-- \/ Yoast SEO plugin. -->","yoast_head_json":{"title":"Kentucky-Gewehr 148 cm - Denix Replik | R\u00e9plique Manga Cin\u00e9","description":"Bieten Sie sich an! Das Kentucky-Gewehr 148 cm zum besten Preis - Schaft und Kolben aus Massivholz - Lauf und Mechanismus aus Metall. Funktioneller Mechanismus - 148.5 cm","robots":{"index":"index","follow":"follow","max-snippet":"max-snippet:-1","max-image-preview":"max-image-preview:large","max-video-preview":"max-video-preview:-1"},"canonical":"https:\/\/repliquemangacine.fr\/de\/denix\/gewehr-kentucky-148-cm-denix\/","og_locale":"de_DE","og_type":"article","og_title":"Fusil Kentucky 148 cm - R\u00e9plique Denix | R\u00e9plique Manga Cin\u00e9","og_description":"Offrez-vous ! Le Fusil Kentucky 148 cm au meilleur prix - Crosse et f\u00fbt en bois massif - Canon et m\u00e9canisme m\u00e9tal. M\u00e9canisme fonctionnel - 148.5 cm","og_url":"https:\/\/repliquemangacine.fr\/de\/denix\/gewehr-kentucky-148-cm-denix\/","og_site_name":"R\u00e9plique Manga Cin\u00e9","article_publisher":"https:\/\/www.facebook.com\/RepliqueMangaCine","article_modified_time":"2026-02-06T14:45:09+00:00","og_image":[{"width":700,"height":700,"url":"https:\/\/repliquemangacine.fr\/wp-content\/uploads\/2023\/10\/608-replique-Fusil-Kentucky-148cm-denix.jpg","type":"image\/jpeg"}],"twitter_card":"summary_large_image","twitter_misc":{"Gesch\u00e4tzte Lesezeit":"2\u00a0Minuten"},"schema":{"@context":"https:\/\/schema.org","@graph":[{"@type":"WebPage","@id":"https:\/\/repliquemangacine.fr\/denix\/fusil-kentucky-148-cm-denix\/","url":"https:\/\/repliquemangacine.fr\/denix\/fusil-kentucky-148-cm-denix\/","name":"Kentucky-Gewehr 148 cm - Denix Replik | R\u00e9plique Manga Cin\u00e9","isPartOf":{"@id":"https:\/\/repliquemangacine.fr\/#website"},"primaryImageOfPage":{"@id":"https:\/\/repliquemangacine.fr\/denix\/fusil-kentucky-148-cm-denix\/#primaryimage"},"image":{"@id":"https:\/\/repliquemangacine.fr\/denix\/fusil-kentucky-148-cm-denix\/#primaryimage"},"thumbnailUrl":"https:\/\/repliquemangacine.fr\/wp-content\/uploads\/2023\/10\/608-replique-Fusil-Kentucky-148cm-denix.jpg","datePublished":"2016-10-25T16:55:29+00:00","dateModified":"2026-02-06T14:45:09+00:00","description":"Bieten Sie sich an! Das Kentucky-Gewehr 148 cm zum besten Preis - Schaft und Kolben aus Massivholz - Lauf und Mechanismus aus Metall. Funktioneller Mechanismus - 148.5 cm","breadcrumb":{"@id":"https:\/\/repliquemangacine.fr\/denix\/fusil-kentucky-148-cm-denix\/#breadcrumb"},"inLanguage":"de","potentialAction":[{"@type":"ReadAction","target":["https:\/\/repliquemangacine.fr\/denix\/fusil-kentucky-148-cm-denix\/"]}]},{"@type":"ImageObject","inLanguage":"de","@id":"https:\/\/repliquemangacine.fr\/denix\/fusil-kentucky-148-cm-denix\/#primaryimage","url":"https:\/\/repliquemangacine.fr\/wp-content\/uploads\/2023\/10\/608-replique-Fusil-Kentucky-148cm-denix.jpg","contentUrl":"https:\/\/repliquemangacine.fr\/wp-content\/uploads\/2023\/10\/608-replique-Fusil-Kentucky-148cm-denix.jpg","width":700,"height":700,"caption":"r\u00e9plique Fusil Kentucky 148cm - denix"},{"@type":"BreadcrumbList","@id":"https:\/\/repliquemangacine.fr\/denix\/fusil-kentucky-148-cm-denix\/#breadcrumb","itemListElement":[{"@type":"ListItem","position":1,"name":"Accueil","item":"https:\/\/repliquemangacine.fr\/"},{"@type":"ListItem","position":2,"name":"Produits","item":"https:\/\/repliquemangacine.fr\/boutique\/"},{"@type":"ListItem","position":3,"name":"Fusil Kentucky 148 cm"}]},{"@type":"WebSite","@id":"https:\/\/repliquemangacine.fr\/#website","url":"https:\/\/repliquemangacine.fr\/","name":"R\u00e9plique Manga Cin\u00e9","description":"","publisher":{"@id":"https:\/\/repliquemangacine.fr\/#organization"},"potentialAction":[{"@type":"SearchAction","target":{"@type":"EntryPoint","urlTemplate":"https:\/\/repliquemangacine.fr\/?s={search_term_string}"},"query-input":{"@type":"PropertyValueSpecification","valueRequired":true,"valueName":"search_term_string"}}],"inLanguage":"de"},{"@type":"Organization","@id":"https:\/\/repliquemangacine.fr\/#organization","name":"R\u00e9plique Manga Cin\u00e9","url":"https:\/\/repliquemangacine.fr\/","logo":{"@type":"ImageObject","inLanguage":"de","@id":"https:\/\/repliquemangacine.fr\/#\/schema\/logo\/image\/","url":"https:\/\/repliquemangacine.fr\/wp-content\/uploads\/2023\/10\/RMC-500250.png","contentUrl":"https:\/\/repliquemangacine.fr\/wp-content\/uploads\/2023\/10\/RMC-500250.png","width":500,"height":250,"caption":"R\u00e9plique Manga Cin\u00e9"},"image":{"@id":"https:\/\/repliquemangacine.fr\/#\/schema\/logo\/image\/"},"sameAs":["https:\/\/www.facebook.com\/RepliqueMangaCine","https:\/\/www.instagram.com\/repliquemangacine.fr\/"]}]}},"_links":{"self":[{"href":"https:\/\/repliquemangacine.fr\/de\/wp-json\/wp\/v2\/product\/25871","targetHints":{"allow":["GET"]}}],"collection":[{"href":"https:\/\/repliquemangacine.fr\/de\/wp-json\/wp\/v2\/product"}],"about":[{"href":"https:\/\/repliquemangacine.fr\/de\/wp-json\/wp\/v2\/types\/product"}],"wp:featuredmedia":[{"embeddable":true,"href":"https:\/\/repliquemangacine.fr\/de\/wp-json\/wp\/v2\/media\/25872"}],"wp:attachment":[{"href":"https:\/\/repliquemangacine.fr\/de\/wp-json\/wp\/v2\/media?parent=25871"}],"wp:term":[{"taxonomy":"product_brand","embeddable":true,"href":"https:\/\/repliquemangacine.fr\/de\/wp-json\/wp\/v2\/product_brand?post=25871"},{"taxonomy":"product_cat","embeddable":true,"href":"https:\/\/repliquemangacine.fr\/de\/wp-json\/wp\/v2\/product_cat?post=25871"},{"taxonomy":"product_tag","embeddable":true,"href":"https:\/\/repliquemangacine.fr\/de\/wp-json\/wp\/v2\/product_tag?post=25871"}],"curies":[{"name":"wp","href":"https:\/\/api.w.org\/{rel}","templated":true}]}}