





{"id":25858,"date":"2016-10-25T11:57:29","date_gmt":"2016-10-25T09:57:29","guid":{"rendered":"https:\/\/repliquemangacine.fr\/?post_type=product&#038;p=25858"},"modified":"2026-03-06T16:58:24","modified_gmt":"2026-03-06T15:58:24","slug":"doppellaufiges-gewehr-wyatt-earp-usa-1881","status":"publish","type":"product","link":"https:\/\/repliquemangacine.fr\/de\/repliques-carabine-winchester-western\/fusil-double-canon-wyatt-earp-usa-1881\/","title":{"rendered":"Doppell\u00e4ufiges Gewehr USA 1881"},"content":{"rendered":"<h2>Doppell\u00e4ufiges Gewehr 1881 Wyatt Earp -Denix<\/h2>\n<p>Zu Beginn wird der <strong>Doppell\u00e4ufiges Gewehr<\/strong> von Wyatt Earp benutzt, um Frank Stilwell zu t\u00f6ten. Einer der M\u00f6rder seines Bruders Morgan.<\/p>\n<p>Coach Gun bezeichnet doppell\u00e4ufige Gewehre, die in den USA die bevorzugten Waffen der Postkutschenfahrer waren. Mit relativ kurzen L\u00e4ufen (\u00b1 50 cm) ausgestattet und f\u00fcr die Kaliber 10 und 12 gekammert.<\/p>\n<p>Marshal Wyatt Earp, im amerikanischen Westen ber\u00fchmt f\u00fcr seine extreme Hartn\u00e4ckigkeit im Umgang mit Gesetzesbrechern. Teilnehmer an der Schie\u00dferei mit seinem doppell\u00e4ufigen Gewehr am O.K Corral in Tombstone mit Doc Holliday und seinen Br\u00fcdern.<\/p>\n<p>Schlie\u00dflich wurde die Version mit abgeschnittenem Lauf von dem ber\u00fchmten Hilfssheriff Doc Holliday verwendet. Er verwendete ein Modell mit abges\u00e4gten L\u00e4ufen bei einer L\u00e4nge von 25 cm, bis um 1900 Schrotflinten aufkamen.<\/p>\n<h2>Ihr doppell\u00e4ufiges Gewehr 1881 zum besten Preis.<\/h2>\n<p>Wir bieten Ihnen eine gro\u00dfe Auswahl an Reproduktionen von Westernwaffen.<\/p>\n<p>Zun\u00e4chst einmal,<\/p>\n<ul>\n<li>Die <a href=\"https:\/\/repliquemangacine.fr\/de\/winchester-gewehr-western-country\/gewehr-kentuky-111cm\/\">Gewehr Kentucky 111cm<\/a> ist die typische Waffe von Trappern.<\/li>\n<li>Es gibt auch die <a href=\"https:\/\/repliquemangacine.fr\/de\/winchester-gewehr-western-country\/winchester-karabiner-john-wayne-modell-1892\/\">John Waynes Karabiner<\/a> mit seinen Initialen auf dem Schaft.<\/li>\n<li>Und noch viel mehr gibt es in unserem Online-Shop zu entdecken!<\/li>\n<\/ul>\n<p>Deshalb gibt es hier tolle Geschenkideen f\u00fcr alle Westernfans.<\/p>\n<p>Abschlie\u00dfend k\u00f6nnen Sie den <strong>Doppell\u00e4ufiges Gewehr <\/strong>f\u00fcr Ihre Westernauff\u00fchrungen. Vor allem aber ist diese Reproduktion eine Sammler- und Dekorationswaffe.<\/p>\n<p>R\u00e9plique Manga Cin\u00e9 ist ein franz\u00f6sisches Familienunternehmen offizieller Vertriebspartner <a href=\"https:\/\/www.denix.fr\/fr\/catalogue\/guerre-civile-occidentale-et-americaine-1861-1899\/carabines-carabines-et-fusils\/1115\/\" target=\"_blank\" rel=\"noopener noreferrer\">Denix<\/a>.<\/p>\n<h2>Wie werden Denix-Waffenrepliken hergestellt?<\/h2>\n<p>Werden in historischen Rekonstruktionen, Filmen und Serien sowie von Sammlern verwendet. Denix-Waffenreproduktionen, die aus hochwertigen Materialien hergestellt werden. Sorgf\u00e4ltig bearbeitet und zusammengesetzt, um realistische Sammlerwaffen zu schaffen.<\/p>\n<ul>\n<li>Die Metalle sind in einer Metalllegierung, die als Zamac bekannt ist und deren Grundzusammensetzung Zink in 95% ist.<\/li>\n<li>Die Kunststoffteile der Repliken aus geformtem ABS, das eine hohe Widerstandsf\u00e4higkeit bietet.<\/li>\n<li>Holz, das aufgrund seiner Sch\u00f6nheit und Haltbarkeit ausgew\u00e4hlt wird, wie z. B. Mahagoni, Olivenholz oder Walnuss, verleiht Ihren Sch\u00e4ften und F\u00e4ssern ein elegantes und authentisches Aussehen.<\/li>\n<\/ul>\n<p>Es ist zu betonen, dass alle Nachbildungen von Denix-Waffen mit den Originalen identisch sind, wie Ihr <strong>Doppell\u00e4ufiges Gewehr<\/strong>.<\/p>","protected":false},"excerpt":{"rendered":"<p>Doppelgewehr mit nebeneinander liegenden L\u00e4ufen.<\/p>\n<ul>\n<li>Schaft aus Holz.<\/li>\n<li>Nebeneinander liegender und kippbarer Lauf aus Metall.<\/li>\n<li>Entspannung und mobiler Hund.<\/li>\n<li>Doppelter Spannhebel.<\/li>\n<li>Doppelter Abzug.<\/li>\n<li>Bewaffnet sich und rammt.<\/li>\n<li>Ungeeignet zum Schie\u00dfen.<\/li>\n<li>L\u00e4nge des Laufs: 48 cm - Gesamtl\u00e4nge: 89 cm- Gewicht:2.650 g<\/li>\n<li>Unterliegt keiner Genehmigungspflicht. Verkauf und Besitz frei.<\/li>\n<\/ul>\n<p><iframe title=\"YouTube-Videoplayer\" src=\"https:\/\/www.youtube-nocookie.com\/embed\/CbQsBoa8u5o\" width=\"370\" height=\"208\" frameborder=\"0\" allowfullscreen=\"allowfullscreen\"><\/iframe><\/p>","protected":false},"featured_media":25859,"template":"","meta":[],"product_brand":[896],"product_cat":[34,39,86,102,28,101,27],"product_tag":[],"class_list":{"0":"post-25858","1":"product","2":"type-product","3":"status-publish","4":"has-post-thumbnail","6":"product_brand-replique-manga-cine","7":"product_cat-armes-westerns","8":"product_cat-carabine-winchester","9":"product_cat-repliques-carabine-winchester-western","10":"product_cat-denix","11":"product_cat-repliques-darmes","12":"product_cat-soldes","13":"product_cat-armes-et-accessoires-western","15":"first","16":"outofstock","17":"sale","18":"taxable","19":"shipping-taxable","20":"purchasable","21":"product-type-simple"},"yoast_head":"<!-- This site is optimized with the Yoast SEO plugin v27.4 - https:\/\/yoast.com\/product\/yoast-seo-wordpress\/ -->\n<title>Fusil double canon Wyatt Earp - Denix | R\u00e9plique Manga Cin\u00e9<\/title>\n<meta name=\"description\" content=\"Offrez-vous ! Le Fusil Double canon 1881 de Wyatt Earp au meilleur prix - Crosse bois - Canon juxtapos\u00e9 et basculant en m\u00e9tal - M\u00e9canisme fonctionnel - 89cm\" \/>\n<meta name=\"robots\" content=\"index, follow, max-snippet:-1, max-image-preview:large, max-video-preview:-1\" \/>\n<link rel=\"canonical\" href=\"https:\/\/repliquemangacine.fr\/de\/denix\/doppellaufiges-gewehr-wyatt-earp-usa-1881\/\" \/>\n<meta property=\"og:locale\" content=\"de_DE\" \/>\n<meta property=\"og:type\" content=\"article\" \/>\n<meta property=\"og:title\" content=\"Fusil double canon Wyatt Earp - Denix | R\u00e9plique Manga Cin\u00e9\" \/>\n<meta property=\"og:description\" content=\"Offrez-vous ! Le Fusil Double canon 1881 de Wyatt Earp au meilleur prix - Crosse bois - Canon juxtapos\u00e9 et basculant en m\u00e9tal - M\u00e9canisme fonctionnel - 89cm\" \/>\n<meta property=\"og:url\" content=\"https:\/\/repliquemangacine.fr\/de\/denix\/doppellaufiges-gewehr-wyatt-earp-usa-1881\/\" \/>\n<meta property=\"og:site_name\" content=\"R\u00e9plique Manga Cin\u00e9\" \/>\n<meta property=\"article:publisher\" content=\"https:\/\/www.facebook.com\/RepliqueMangaCine\" \/>\n<meta property=\"article:modified_time\" content=\"2026-03-06T15:58:24+00:00\" \/>\n<meta property=\"og:image\" content=\"https:\/\/repliquemangacine.fr\/wp-content\/uploads\/2023\/10\/597-replique-Fusil-Wyatt-Earp-double-canon-USA-1881.jpg\" \/>\n\t<meta property=\"og:image:width\" content=\"800\" \/>\n\t<meta property=\"og:image:height\" content=\"800\" \/>\n\t<meta property=\"og:image:type\" content=\"image\/jpeg\" \/>\n<meta name=\"twitter:card\" content=\"summary_large_image\" \/>\n<meta name=\"twitter:label1\" content=\"Gesch\u00e4tzte Lesezeit\" \/>\n\t<meta name=\"twitter:data1\" content=\"2\u00a0Minuten\" \/>\n<script type=\"application\/ld+json\" class=\"yoast-schema-graph\">{\"@context\":\"https:\\\/\\\/schema.org\",\"@graph\":[{\"@type\":\"WebPage\",\"@id\":\"https:\\\/\\\/repliquemangacine.fr\\\/denix\\\/fusil-double-canon-wyatt-earp-usa-1881\\\/\",\"url\":\"https:\\\/\\\/repliquemangacine.fr\\\/denix\\\/fusil-double-canon-wyatt-earp-usa-1881\\\/\",\"name\":\"Fusil double canon Wyatt Earp - Denix | R\u00e9plique Manga Cin\u00e9\",\"isPartOf\":{\"@id\":\"https:\\\/\\\/repliquemangacine.fr\\\/#website\"},\"primaryImageOfPage\":{\"@id\":\"https:\\\/\\\/repliquemangacine.fr\\\/denix\\\/fusil-double-canon-wyatt-earp-usa-1881\\\/#primaryimage\"},\"image\":{\"@id\":\"https:\\\/\\\/repliquemangacine.fr\\\/denix\\\/fusil-double-canon-wyatt-earp-usa-1881\\\/#primaryimage\"},\"thumbnailUrl\":\"https:\\\/\\\/repliquemangacine.fr\\\/wp-content\\\/uploads\\\/2023\\\/10\\\/597-replique-Fusil-Wyatt-Earp-double-canon-USA-1881.jpg\",\"datePublished\":\"2016-10-25T09:57:29+00:00\",\"dateModified\":\"2026-03-06T15:58:24+00:00\",\"description\":\"Offrez-vous ! Le Fusil Double canon 1881 de Wyatt Earp au meilleur prix - Crosse bois - Canon juxtapos\u00e9 et basculant en m\u00e9tal - M\u00e9canisme fonctionnel - 89cm\",\"breadcrumb\":{\"@id\":\"https:\\\/\\\/repliquemangacine.fr\\\/denix\\\/fusil-double-canon-wyatt-earp-usa-1881\\\/#breadcrumb\"},\"inLanguage\":\"de\",\"potentialAction\":[{\"@type\":\"ReadAction\",\"target\":[\"https:\\\/\\\/repliquemangacine.fr\\\/denix\\\/fusil-double-canon-wyatt-earp-usa-1881\\\/\"]}]},{\"@type\":\"ImageObject\",\"inLanguage\":\"de\",\"@id\":\"https:\\\/\\\/repliquemangacine.fr\\\/denix\\\/fusil-double-canon-wyatt-earp-usa-1881\\\/#primaryimage\",\"url\":\"https:\\\/\\\/repliquemangacine.fr\\\/wp-content\\\/uploads\\\/2023\\\/10\\\/597-replique-Fusil-Wyatt-Earp-double-canon-USA-1881.jpg\",\"contentUrl\":\"https:\\\/\\\/repliquemangacine.fr\\\/wp-content\\\/uploads\\\/2023\\\/10\\\/597-replique-Fusil-Wyatt-Earp-double-canon-USA-1881.jpg\",\"width\":800,\"height\":800,\"caption\":\"r\u00e9plique Fusil Wyatt Earp double canon - USA 1881.\"},{\"@type\":\"BreadcrumbList\",\"@id\":\"https:\\\/\\\/repliquemangacine.fr\\\/denix\\\/fusil-double-canon-wyatt-earp-usa-1881\\\/#breadcrumb\",\"itemListElement\":[{\"@type\":\"ListItem\",\"position\":1,\"name\":\"Accueil\",\"item\":\"https:\\\/\\\/repliquemangacine.fr\\\/\"},{\"@type\":\"ListItem\",\"position\":2,\"name\":\"Produits\",\"item\":\"https:\\\/\\\/repliquemangacine.fr\\\/boutique\\\/\"},{\"@type\":\"ListItem\",\"position\":3,\"name\":\"Fusil double canon USA 1881\"}]},{\"@type\":\"WebSite\",\"@id\":\"https:\\\/\\\/repliquemangacine.fr\\\/#website\",\"url\":\"https:\\\/\\\/repliquemangacine.fr\\\/\",\"name\":\"R\u00e9plique Manga Cin\u00e9\",\"description\":\"\",\"publisher\":{\"@id\":\"https:\\\/\\\/repliquemangacine.fr\\\/#organization\"},\"potentialAction\":[{\"@type\":\"SearchAction\",\"target\":{\"@type\":\"EntryPoint\",\"urlTemplate\":\"https:\\\/\\\/repliquemangacine.fr\\\/?s={search_term_string}\"},\"query-input\":{\"@type\":\"PropertyValueSpecification\",\"valueRequired\":true,\"valueName\":\"search_term_string\"}}],\"inLanguage\":\"de\"},{\"@type\":\"Organization\",\"@id\":\"https:\\\/\\\/repliquemangacine.fr\\\/#organization\",\"name\":\"R\u00e9plique Manga Cin\u00e9\",\"url\":\"https:\\\/\\\/repliquemangacine.fr\\\/\",\"logo\":{\"@type\":\"ImageObject\",\"inLanguage\":\"de\",\"@id\":\"https:\\\/\\\/repliquemangacine.fr\\\/#\\\/schema\\\/logo\\\/image\\\/\",\"url\":\"https:\\\/\\\/repliquemangacine.fr\\\/wp-content\\\/uploads\\\/2023\\\/10\\\/RMC-500250.png\",\"contentUrl\":\"https:\\\/\\\/repliquemangacine.fr\\\/wp-content\\\/uploads\\\/2023\\\/10\\\/RMC-500250.png\",\"width\":500,\"height\":250,\"caption\":\"R\u00e9plique Manga Cin\u00e9\"},\"image\":{\"@id\":\"https:\\\/\\\/repliquemangacine.fr\\\/#\\\/schema\\\/logo\\\/image\\\/\"},\"sameAs\":[\"https:\\\/\\\/www.facebook.com\\\/RepliqueMangaCine\",\"https:\\\/\\\/www.instagram.com\\\/repliquemangacine.fr\\\/\"]}]}<\/script>\n<!-- \/ Yoast SEO plugin. -->","yoast_head_json":{"title":"Wyatt Earp Doppelb\u00fcchse - Denix | R\u00e9plique Manga Cin\u00e9","description":"Bieten Sie sich an! Wyatt Earp Doppelflinte 1881 zum besten Preis - Holzschaft - Nebeneinander liegender und kippbarer Metall-Lauf - Funktioneller Mechanismus - 89cm","robots":{"index":"index","follow":"follow","max-snippet":"max-snippet:-1","max-image-preview":"max-image-preview:large","max-video-preview":"max-video-preview:-1"},"canonical":"https:\/\/repliquemangacine.fr\/de\/denix\/doppellaufiges-gewehr-wyatt-earp-usa-1881\/","og_locale":"de_DE","og_type":"article","og_title":"Fusil double canon Wyatt Earp - Denix | R\u00e9plique Manga Cin\u00e9","og_description":"Offrez-vous ! Le Fusil Double canon 1881 de Wyatt Earp au meilleur prix - Crosse bois - Canon juxtapos\u00e9 et basculant en m\u00e9tal - M\u00e9canisme fonctionnel - 89cm","og_url":"https:\/\/repliquemangacine.fr\/de\/denix\/doppellaufiges-gewehr-wyatt-earp-usa-1881\/","og_site_name":"R\u00e9plique Manga Cin\u00e9","article_publisher":"https:\/\/www.facebook.com\/RepliqueMangaCine","article_modified_time":"2026-03-06T15:58:24+00:00","og_image":[{"width":800,"height":800,"url":"https:\/\/repliquemangacine.fr\/wp-content\/uploads\/2023\/10\/597-replique-Fusil-Wyatt-Earp-double-canon-USA-1881.jpg","type":"image\/jpeg"}],"twitter_card":"summary_large_image","twitter_misc":{"Gesch\u00e4tzte Lesezeit":"2\u00a0Minuten"},"schema":{"@context":"https:\/\/schema.org","@graph":[{"@type":"WebPage","@id":"https:\/\/repliquemangacine.fr\/denix\/fusil-double-canon-wyatt-earp-usa-1881\/","url":"https:\/\/repliquemangacine.fr\/denix\/fusil-double-canon-wyatt-earp-usa-1881\/","name":"Wyatt Earp Doppelb\u00fcchse - Denix | R\u00e9plique Manga Cin\u00e9","isPartOf":{"@id":"https:\/\/repliquemangacine.fr\/#website"},"primaryImageOfPage":{"@id":"https:\/\/repliquemangacine.fr\/denix\/fusil-double-canon-wyatt-earp-usa-1881\/#primaryimage"},"image":{"@id":"https:\/\/repliquemangacine.fr\/denix\/fusil-double-canon-wyatt-earp-usa-1881\/#primaryimage"},"thumbnailUrl":"https:\/\/repliquemangacine.fr\/wp-content\/uploads\/2023\/10\/597-replique-Fusil-Wyatt-Earp-double-canon-USA-1881.jpg","datePublished":"2016-10-25T09:57:29+00:00","dateModified":"2026-03-06T15:58:24+00:00","description":"Bieten Sie sich an! Wyatt Earp Doppelflinte 1881 zum besten Preis - Holzschaft - Nebeneinander liegender und kippbarer Metall-Lauf - Funktioneller Mechanismus - 89cm","breadcrumb":{"@id":"https:\/\/repliquemangacine.fr\/denix\/fusil-double-canon-wyatt-earp-usa-1881\/#breadcrumb"},"inLanguage":"de","potentialAction":[{"@type":"ReadAction","target":["https:\/\/repliquemangacine.fr\/denix\/fusil-double-canon-wyatt-earp-usa-1881\/"]}]},{"@type":"ImageObject","inLanguage":"de","@id":"https:\/\/repliquemangacine.fr\/denix\/fusil-double-canon-wyatt-earp-usa-1881\/#primaryimage","url":"https:\/\/repliquemangacine.fr\/wp-content\/uploads\/2023\/10\/597-replique-Fusil-Wyatt-Earp-double-canon-USA-1881.jpg","contentUrl":"https:\/\/repliquemangacine.fr\/wp-content\/uploads\/2023\/10\/597-replique-Fusil-Wyatt-Earp-double-canon-USA-1881.jpg","width":800,"height":800,"caption":"r\u00e9plique Fusil Wyatt Earp double canon - USA 1881."},{"@type":"BreadcrumbList","@id":"https:\/\/repliquemangacine.fr\/denix\/fusil-double-canon-wyatt-earp-usa-1881\/#breadcrumb","itemListElement":[{"@type":"ListItem","position":1,"name":"Accueil","item":"https:\/\/repliquemangacine.fr\/"},{"@type":"ListItem","position":2,"name":"Produits","item":"https:\/\/repliquemangacine.fr\/boutique\/"},{"@type":"ListItem","position":3,"name":"Fusil double canon USA 1881"}]},{"@type":"WebSite","@id":"https:\/\/repliquemangacine.fr\/#website","url":"https:\/\/repliquemangacine.fr\/","name":"R\u00e9plique Manga Cin\u00e9","description":"","publisher":{"@id":"https:\/\/repliquemangacine.fr\/#organization"},"potentialAction":[{"@type":"SearchAction","target":{"@type":"EntryPoint","urlTemplate":"https:\/\/repliquemangacine.fr\/?s={search_term_string}"},"query-input":{"@type":"PropertyValueSpecification","valueRequired":true,"valueName":"search_term_string"}}],"inLanguage":"de"},{"@type":"Organization","@id":"https:\/\/repliquemangacine.fr\/#organization","name":"R\u00e9plique Manga Cin\u00e9","url":"https:\/\/repliquemangacine.fr\/","logo":{"@type":"ImageObject","inLanguage":"de","@id":"https:\/\/repliquemangacine.fr\/#\/schema\/logo\/image\/","url":"https:\/\/repliquemangacine.fr\/wp-content\/uploads\/2023\/10\/RMC-500250.png","contentUrl":"https:\/\/repliquemangacine.fr\/wp-content\/uploads\/2023\/10\/RMC-500250.png","width":500,"height":250,"caption":"R\u00e9plique Manga Cin\u00e9"},"image":{"@id":"https:\/\/repliquemangacine.fr\/#\/schema\/logo\/image\/"},"sameAs":["https:\/\/www.facebook.com\/RepliqueMangaCine","https:\/\/www.instagram.com\/repliquemangacine.fr\/"]}]}},"_links":{"self":[{"href":"https:\/\/repliquemangacine.fr\/de\/wp-json\/wp\/v2\/product\/25858","targetHints":{"allow":["GET"]}}],"collection":[{"href":"https:\/\/repliquemangacine.fr\/de\/wp-json\/wp\/v2\/product"}],"about":[{"href":"https:\/\/repliquemangacine.fr\/de\/wp-json\/wp\/v2\/types\/product"}],"wp:featuredmedia":[{"embeddable":true,"href":"https:\/\/repliquemangacine.fr\/de\/wp-json\/wp\/v2\/media\/25859"}],"wp:attachment":[{"href":"https:\/\/repliquemangacine.fr\/de\/wp-json\/wp\/v2\/media?parent=25858"}],"wp:term":[{"taxonomy":"product_brand","embeddable":true,"href":"https:\/\/repliquemangacine.fr\/de\/wp-json\/wp\/v2\/product_brand?post=25858"},{"taxonomy":"product_cat","embeddable":true,"href":"https:\/\/repliquemangacine.fr\/de\/wp-json\/wp\/v2\/product_cat?post=25858"},{"taxonomy":"product_tag","embeddable":true,"href":"https:\/\/repliquemangacine.fr\/de\/wp-json\/wp\/v2\/product_tag?post=25858"}],"curies":[{"name":"wp","href":"https:\/\/api.w.org\/{rel}","templated":true}]}}