





{"id":25841,"date":"2016-10-21T22:07:30","date_gmt":"2016-10-21T20:07:30","guid":{"rendered":"https:\/\/repliquemangacine.fr\/?post_type=product&#038;p=25841"},"modified":"2026-02-13T18:01:19","modified_gmt":"2026-02-13T17:01:19","slug":"winchester-gewehr-modell-1873","status":"publish","type":"product","link":"https:\/\/repliquemangacine.fr\/de\/repliques-carabine-winchester-western\/carabine-winchester-modele-1873\/","title":{"rendered":"Winchester 1873"},"content":{"rendered":"<h2>Winchester-Gewehr Modell 1873 Denix<\/h2>\n<p>Zum Einstieg das Gewehr <strong>Winchester Modell 1873<\/strong> ist eine der Waffen, die den amerikanischen Westen erobert haben. Hergestellt von der Winchester Repeating Arms Company, 50 Jahre lang (1873-1923) \u00fcber 720.000 Mal verkauft.<\/p>\n<p>Oliver Winchester entwickelte das Henry-Gewehr zum ersten Winchester-Gewehr weiter, dem ber\u00fchmten Modell Winchester 1866 mit dem Spitznamen Yellow Boy. Mit \u00fcber 118.000 verkauften Exemplaren zwischen 1866 und 1873 ein gro\u00dfer Erfolg.<\/p>\n<p>Die Winchester-Gewehre zeichnen sich durch ihren Unterhebelspanner aus, einen Mechanismus auf Abzugsh\u00f6he. Dadurch kann die leere H\u00fclse schnell ausgeworfen werden.<\/p>\n<p>Schlie\u00dflich kam 1873 ein weiteres sehr beliebtes Modell heraus, die Winchester Modell 1873. Die Winchester Modell 66 und 73 werden beide unter dem Begriff, das Gewehr, das den Westen erobert hat, bekannt.<\/p>\n<h2>Ihr Winchester-Gewehr Modell 1873 zum besten Preis.<\/h2>\n<p>Wir bieten Ihnen eine gro\u00dfe Auswahl an Reproduktionen von Westernwaffen.<\/p>\n<p>Zun\u00e4chst einmal,<\/p>\n<ul>\n<li>Der legend\u00e4re <a href=\"https:\/\/repliquemangacine.fr\/de\/winchester-gewehr-western-country\/fusil-sharp-usa-1859\/\">Scharfsch\u00fctzengewehr<\/a> 1859 Denix.<\/li>\n<li>Es gibt auch die <a href=\"https:\/\/repliquemangacine.fr\/de\/winchester-gewehr-western-country\/winchester-karabiner-john-wayne-modell-1892\/\">winchester von John Wayne<\/a> mit seinem gro\u00dfen Hebel unter Schutz.<\/li>\n<li>Der ber\u00fchmte<a href=\"https:\/\/repliquemangacine.fr\/de\/winchester-gewehr\/gewehr-henry-burgerkrieg-usa-1860\/\"> Henry-Gewehr<\/a> 1860.<\/li>\n<li>Und noch viel mehr gibt es in unserem Online-Shop zu entdecken!<\/li>\n<\/ul>\n<p>Deshalb gibt es hier tolle Geschenkideen f\u00fcr alle Westernfans.<\/p>\n<p>Abschlie\u00dfend k\u00f6nnen Sie die <strong>Winchester Modell 1873<\/strong> f\u00fcr Ihre Westernauff\u00fchrungen. Vor allem aber ist diese Reproduktion eine Sammler- und Dekorationswaffe.<\/p>\n<p>R\u00e9plique Manga Cin\u00e9 ist ein franz\u00f6sisches Familienunternehmen offizieller Vertriebspartner <a href=\"https:\/\/www.denix.fr\/fr\/catalogue\/guerre-civile-occidentale-et-americaine-1861-1899\/\" target=\"_blank\" rel=\"noopener noreferrer\">Denix<\/a>.<\/p>\n<h2>Wie werden Denix-Waffenrepliken hergestellt?<\/h2>\n<p>Werden in historischen Rekonstruktionen, Filmen und Serien sowie von Sammlern verwendet. Denix-Waffenreproduktionen, die aus hochwertigen Materialien hergestellt werden. Sorgf\u00e4ltig bearbeitet und zusammengesetzt, um realistische Sammlerwaffen zu schaffen.<\/p>\n<ul>\n<li>Die Metalle sind in einer Metalllegierung, die als Zamac bekannt ist und deren Grundzusammensetzung Zink in 95% ist.<\/li>\n<li>Die Kunststoffteile der Repliken aus geformtem ABS, das eine hohe Widerstandsf\u00e4higkeit bietet.<\/li>\n<li>Holz, das aufgrund seiner Sch\u00f6nheit und Haltbarkeit ausgew\u00e4hlt wird, wie z. B. Mahagoni, Olivenholz oder Walnuss, verleiht Ihren Sch\u00e4ften und F\u00e4ssern ein elegantes und authentisches Aussehen.<\/li>\n<\/ul>\n<p>Es ist zu betonen, dass alle Nachbildungen von Denix-Waffen mit den Originalen identisch sind, wie Ihr <strong>Winchester Modell 1873<\/strong>.<\/p>","protected":false},"excerpt":{"rendered":"<p>Winchester-Gewehr Modell 73 Kaliber 40\/44.<\/p>\n<ul>\n<li>Schaft und Vorderschaft aus Holz.<\/li>\n<li>Metallteile(Zamac).<\/li>\n<li>Verschlussgeh\u00e4use aus Messing ist graviert.<\/li>\n<li>Bewaffnet sich und rammt.<\/li>\n<li>Ungeeignet zum Schie\u00dfen.<\/li>\n<li>Unterliegt keiner Genehmigungspflicht. Verkauf und Besitz frei<\/li>\n<li>Ma\u00dfe: 99 cm - Gewicht: 2.650 g<\/li>\n<\/ul>","protected":false},"featured_media":25842,"template":"","meta":[],"product_brand":[896],"product_cat":[34,39,86,102,28,27],"product_tag":[],"class_list":{"0":"post-25841","1":"product","2":"type-product","3":"status-publish","4":"has-post-thumbnail","6":"product_brand-replique-manga-cine","7":"product_cat-armes-westerns","8":"product_cat-carabine-winchester","9":"product_cat-repliques-carabine-winchester-western","10":"product_cat-denix","11":"product_cat-repliques-darmes","12":"product_cat-armes-et-accessoires-western","14":"first","15":"outofstock","16":"sale","17":"taxable","18":"shipping-taxable","19":"purchasable","20":"product-type-simple"},"yoast_head":"<!-- This site is optimized with the Yoast SEO plugin v27.4 - https:\/\/yoast.com\/product\/yoast-seo-wordpress\/ -->\n<title>Winchester mod\u00e8le 1873 - Denix - R\u00e9plique Manga Cin\u00e9<\/title>\n<meta name=\"description\" content=\"D\u00e9couvrez la Winchester mod\u00e8le 1873 au meilleur prix - Crosse bois - Bo\u00eete culasse grav\u00e9e - M\u00e9canisme fonctionnel en m\u00e9tal - Longueur : 99 cm\" \/>\n<meta name=\"robots\" content=\"index, follow, max-snippet:-1, max-image-preview:large, max-video-preview:-1\" \/>\n<link rel=\"canonical\" href=\"https:\/\/repliquemangacine.fr\/de\/denix\/winchester-gewehr-modell-1873\/\" \/>\n<meta property=\"og:locale\" content=\"de_DE\" \/>\n<meta property=\"og:type\" content=\"article\" \/>\n<meta property=\"og:title\" content=\"Winchester mod\u00e8le 1873 - Denix - R\u00e9plique Manga Cin\u00e9\" \/>\n<meta property=\"og:description\" content=\"D\u00e9couvrez la Winchester mod\u00e8le 1873 au meilleur prix - Crosse bois - Bo\u00eete culasse grav\u00e9e - M\u00e9canisme fonctionnel en m\u00e9tal - Longueur : 99 cm\" \/>\n<meta property=\"og:url\" content=\"https:\/\/repliquemangacine.fr\/de\/denix\/winchester-gewehr-modell-1873\/\" \/>\n<meta property=\"og:site_name\" content=\"R\u00e9plique Manga Cin\u00e9\" \/>\n<meta property=\"article:publisher\" content=\"https:\/\/www.facebook.com\/RepliqueMangaCine\" \/>\n<meta property=\"article:modified_time\" content=\"2026-02-13T17:01:19+00:00\" \/>\n<meta property=\"og:image\" content=\"https:\/\/repliquemangacine.fr\/wp-content\/uploads\/2023\/10\/581-replique-Carabine-winchester-modele-1873.jpg\" \/>\n\t<meta property=\"og:image:width\" content=\"800\" \/>\n\t<meta property=\"og:image:height\" content=\"800\" \/>\n\t<meta property=\"og:image:type\" content=\"image\/jpeg\" \/>\n<meta name=\"twitter:card\" content=\"summary_large_image\" \/>\n<meta name=\"twitter:label1\" content=\"Gesch\u00e4tzte Lesezeit\" \/>\n\t<meta name=\"twitter:data1\" content=\"2\u00a0Minuten\" \/>\n<script type=\"application\/ld+json\" class=\"yoast-schema-graph\">{\"@context\":\"https:\\\/\\\/schema.org\",\"@graph\":[{\"@type\":\"WebPage\",\"@id\":\"https:\\\/\\\/repliquemangacine.fr\\\/denix\\\/carabine-winchester-modele-1873\\\/\",\"url\":\"https:\\\/\\\/repliquemangacine.fr\\\/denix\\\/carabine-winchester-modele-1873\\\/\",\"name\":\"Winchester mod\u00e8le 1873 - Denix - R\u00e9plique Manga Cin\u00e9\",\"isPartOf\":{\"@id\":\"https:\\\/\\\/repliquemangacine.fr\\\/#website\"},\"primaryImageOfPage\":{\"@id\":\"https:\\\/\\\/repliquemangacine.fr\\\/denix\\\/carabine-winchester-modele-1873\\\/#primaryimage\"},\"image\":{\"@id\":\"https:\\\/\\\/repliquemangacine.fr\\\/denix\\\/carabine-winchester-modele-1873\\\/#primaryimage\"},\"thumbnailUrl\":\"https:\\\/\\\/repliquemangacine.fr\\\/wp-content\\\/uploads\\\/2023\\\/10\\\/581-replique-Carabine-winchester-modele-1873.jpg\",\"datePublished\":\"2016-10-21T20:07:30+00:00\",\"dateModified\":\"2026-02-13T17:01:19+00:00\",\"description\":\"D\u00e9couvrez la Winchester mod\u00e8le 1873 au meilleur prix - Crosse bois - Bo\u00eete culasse grav\u00e9e - M\u00e9canisme fonctionnel en m\u00e9tal - Longueur : 99 cm\",\"breadcrumb\":{\"@id\":\"https:\\\/\\\/repliquemangacine.fr\\\/denix\\\/carabine-winchester-modele-1873\\\/#breadcrumb\"},\"inLanguage\":\"de\",\"potentialAction\":[{\"@type\":\"ReadAction\",\"target\":[\"https:\\\/\\\/repliquemangacine.fr\\\/denix\\\/carabine-winchester-modele-1873\\\/\"]}]},{\"@type\":\"ImageObject\",\"inLanguage\":\"de\",\"@id\":\"https:\\\/\\\/repliquemangacine.fr\\\/denix\\\/carabine-winchester-modele-1873\\\/#primaryimage\",\"url\":\"https:\\\/\\\/repliquemangacine.fr\\\/wp-content\\\/uploads\\\/2023\\\/10\\\/581-replique-Carabine-winchester-modele-1873.jpg\",\"contentUrl\":\"https:\\\/\\\/repliquemangacine.fr\\\/wp-content\\\/uploads\\\/2023\\\/10\\\/581-replique-Carabine-winchester-modele-1873.jpg\",\"width\":800,\"height\":800,\"caption\":\"r\u00e9plique Carabine winchester mod\u00e8le 1873\"},{\"@type\":\"BreadcrumbList\",\"@id\":\"https:\\\/\\\/repliquemangacine.fr\\\/denix\\\/carabine-winchester-modele-1873\\\/#breadcrumb\",\"itemListElement\":[{\"@type\":\"ListItem\",\"position\":1,\"name\":\"Accueil\",\"item\":\"https:\\\/\\\/repliquemangacine.fr\\\/\"},{\"@type\":\"ListItem\",\"position\":2,\"name\":\"Produits\",\"item\":\"https:\\\/\\\/repliquemangacine.fr\\\/boutique\\\/\"},{\"@type\":\"ListItem\",\"position\":3,\"name\":\"Winchester 1873\"}]},{\"@type\":\"WebSite\",\"@id\":\"https:\\\/\\\/repliquemangacine.fr\\\/#website\",\"url\":\"https:\\\/\\\/repliquemangacine.fr\\\/\",\"name\":\"R\u00e9plique Manga Cin\u00e9\",\"description\":\"\",\"publisher\":{\"@id\":\"https:\\\/\\\/repliquemangacine.fr\\\/#organization\"},\"potentialAction\":[{\"@type\":\"SearchAction\",\"target\":{\"@type\":\"EntryPoint\",\"urlTemplate\":\"https:\\\/\\\/repliquemangacine.fr\\\/?s={search_term_string}\"},\"query-input\":{\"@type\":\"PropertyValueSpecification\",\"valueRequired\":true,\"valueName\":\"search_term_string\"}}],\"inLanguage\":\"de\"},{\"@type\":\"Organization\",\"@id\":\"https:\\\/\\\/repliquemangacine.fr\\\/#organization\",\"name\":\"R\u00e9plique Manga Cin\u00e9\",\"url\":\"https:\\\/\\\/repliquemangacine.fr\\\/\",\"logo\":{\"@type\":\"ImageObject\",\"inLanguage\":\"de\",\"@id\":\"https:\\\/\\\/repliquemangacine.fr\\\/#\\\/schema\\\/logo\\\/image\\\/\",\"url\":\"https:\\\/\\\/repliquemangacine.fr\\\/wp-content\\\/uploads\\\/2023\\\/10\\\/RMC-500250.png\",\"contentUrl\":\"https:\\\/\\\/repliquemangacine.fr\\\/wp-content\\\/uploads\\\/2023\\\/10\\\/RMC-500250.png\",\"width\":500,\"height\":250,\"caption\":\"R\u00e9plique Manga Cin\u00e9\"},\"image\":{\"@id\":\"https:\\\/\\\/repliquemangacine.fr\\\/#\\\/schema\\\/logo\\\/image\\\/\"},\"sameAs\":[\"https:\\\/\\\/www.facebook.com\\\/RepliqueMangaCine\",\"https:\\\/\\\/www.instagram.com\\\/repliquemangacine.fr\\\/\"]}]}<\/script>\n<!-- \/ Yoast SEO plugin. -->","yoast_head_json":{"title":"Winchester Modell 1873 - Denix - R\u00e9plique Manga Cin\u00e9","description":"Entdecken Sie die Winchester Modell 1873 zum besten Preis - Holzschaft - Gravierte Verschlusskiste - Funktioneller Mechanismus aus Metall - L\u00e4nge: 99 cm","robots":{"index":"index","follow":"follow","max-snippet":"max-snippet:-1","max-image-preview":"max-image-preview:large","max-video-preview":"max-video-preview:-1"},"canonical":"https:\/\/repliquemangacine.fr\/de\/denix\/winchester-gewehr-modell-1873\/","og_locale":"de_DE","og_type":"article","og_title":"Winchester mod\u00e8le 1873 - Denix - R\u00e9plique Manga Cin\u00e9","og_description":"D\u00e9couvrez la Winchester mod\u00e8le 1873 au meilleur prix - Crosse bois - Bo\u00eete culasse grav\u00e9e - M\u00e9canisme fonctionnel en m\u00e9tal - Longueur : 99 cm","og_url":"https:\/\/repliquemangacine.fr\/de\/denix\/winchester-gewehr-modell-1873\/","og_site_name":"R\u00e9plique Manga Cin\u00e9","article_publisher":"https:\/\/www.facebook.com\/RepliqueMangaCine","article_modified_time":"2026-02-13T17:01:19+00:00","og_image":[{"width":800,"height":800,"url":"https:\/\/repliquemangacine.fr\/wp-content\/uploads\/2023\/10\/581-replique-Carabine-winchester-modele-1873.jpg","type":"image\/jpeg"}],"twitter_card":"summary_large_image","twitter_misc":{"Gesch\u00e4tzte Lesezeit":"2\u00a0Minuten"},"schema":{"@context":"https:\/\/schema.org","@graph":[{"@type":"WebPage","@id":"https:\/\/repliquemangacine.fr\/denix\/carabine-winchester-modele-1873\/","url":"https:\/\/repliquemangacine.fr\/denix\/carabine-winchester-modele-1873\/","name":"Winchester Modell 1873 - Denix - R\u00e9plique Manga Cin\u00e9","isPartOf":{"@id":"https:\/\/repliquemangacine.fr\/#website"},"primaryImageOfPage":{"@id":"https:\/\/repliquemangacine.fr\/denix\/carabine-winchester-modele-1873\/#primaryimage"},"image":{"@id":"https:\/\/repliquemangacine.fr\/denix\/carabine-winchester-modele-1873\/#primaryimage"},"thumbnailUrl":"https:\/\/repliquemangacine.fr\/wp-content\/uploads\/2023\/10\/581-replique-Carabine-winchester-modele-1873.jpg","datePublished":"2016-10-21T20:07:30+00:00","dateModified":"2026-02-13T17:01:19+00:00","description":"Entdecken Sie die Winchester Modell 1873 zum besten Preis - Holzschaft - Gravierte Verschlusskiste - Funktioneller Mechanismus aus Metall - L\u00e4nge: 99 cm","breadcrumb":{"@id":"https:\/\/repliquemangacine.fr\/denix\/carabine-winchester-modele-1873\/#breadcrumb"},"inLanguage":"de","potentialAction":[{"@type":"ReadAction","target":["https:\/\/repliquemangacine.fr\/denix\/carabine-winchester-modele-1873\/"]}]},{"@type":"ImageObject","inLanguage":"de","@id":"https:\/\/repliquemangacine.fr\/denix\/carabine-winchester-modele-1873\/#primaryimage","url":"https:\/\/repliquemangacine.fr\/wp-content\/uploads\/2023\/10\/581-replique-Carabine-winchester-modele-1873.jpg","contentUrl":"https:\/\/repliquemangacine.fr\/wp-content\/uploads\/2023\/10\/581-replique-Carabine-winchester-modele-1873.jpg","width":800,"height":800,"caption":"r\u00e9plique Carabine winchester mod\u00e8le 1873"},{"@type":"BreadcrumbList","@id":"https:\/\/repliquemangacine.fr\/denix\/carabine-winchester-modele-1873\/#breadcrumb","itemListElement":[{"@type":"ListItem","position":1,"name":"Accueil","item":"https:\/\/repliquemangacine.fr\/"},{"@type":"ListItem","position":2,"name":"Produits","item":"https:\/\/repliquemangacine.fr\/boutique\/"},{"@type":"ListItem","position":3,"name":"Winchester 1873"}]},{"@type":"WebSite","@id":"https:\/\/repliquemangacine.fr\/#website","url":"https:\/\/repliquemangacine.fr\/","name":"R\u00e9plique Manga Cin\u00e9","description":"","publisher":{"@id":"https:\/\/repliquemangacine.fr\/#organization"},"potentialAction":[{"@type":"SearchAction","target":{"@type":"EntryPoint","urlTemplate":"https:\/\/repliquemangacine.fr\/?s={search_term_string}"},"query-input":{"@type":"PropertyValueSpecification","valueRequired":true,"valueName":"search_term_string"}}],"inLanguage":"de"},{"@type":"Organization","@id":"https:\/\/repliquemangacine.fr\/#organization","name":"R\u00e9plique Manga Cin\u00e9","url":"https:\/\/repliquemangacine.fr\/","logo":{"@type":"ImageObject","inLanguage":"de","@id":"https:\/\/repliquemangacine.fr\/#\/schema\/logo\/image\/","url":"https:\/\/repliquemangacine.fr\/wp-content\/uploads\/2023\/10\/RMC-500250.png","contentUrl":"https:\/\/repliquemangacine.fr\/wp-content\/uploads\/2023\/10\/RMC-500250.png","width":500,"height":250,"caption":"R\u00e9plique Manga Cin\u00e9"},"image":{"@id":"https:\/\/repliquemangacine.fr\/#\/schema\/logo\/image\/"},"sameAs":["https:\/\/www.facebook.com\/RepliqueMangaCine","https:\/\/www.instagram.com\/repliquemangacine.fr\/"]}]}},"_links":{"self":[{"href":"https:\/\/repliquemangacine.fr\/de\/wp-json\/wp\/v2\/product\/25841","targetHints":{"allow":["GET"]}}],"collection":[{"href":"https:\/\/repliquemangacine.fr\/de\/wp-json\/wp\/v2\/product"}],"about":[{"href":"https:\/\/repliquemangacine.fr\/de\/wp-json\/wp\/v2\/types\/product"}],"wp:featuredmedia":[{"embeddable":true,"href":"https:\/\/repliquemangacine.fr\/de\/wp-json\/wp\/v2\/media\/25842"}],"wp:attachment":[{"href":"https:\/\/repliquemangacine.fr\/de\/wp-json\/wp\/v2\/media?parent=25841"}],"wp:term":[{"taxonomy":"product_brand","embeddable":true,"href":"https:\/\/repliquemangacine.fr\/de\/wp-json\/wp\/v2\/product_brand?post=25841"},{"taxonomy":"product_cat","embeddable":true,"href":"https:\/\/repliquemangacine.fr\/de\/wp-json\/wp\/v2\/product_cat?post=25841"},{"taxonomy":"product_tag","embeddable":true,"href":"https:\/\/repliquemangacine.fr\/de\/wp-json\/wp\/v2\/product_tag?post=25841"}],"curies":[{"name":"wp","href":"https:\/\/api.w.org\/{rel}","templated":true}]}}