





{"id":25802,"date":"2016-10-17T17:16:45","date_gmt":"2016-10-17T15:16:45","guid":{"rendered":"https:\/\/repliquemangacine.fr\/?post_type=product&#038;p=25802"},"modified":"2026-02-02T22:58:17","modified_gmt":"2026-02-02T21:58:17","slug":"m1-attrappenkugeln-garand-denix","status":"publish","type":"product","link":"https:\/\/repliquemangacine.fr\/de\/reproductions-armes-seconde-guerre-mondiale-denix\/balles-factices-m1-garand-denix\/","title":{"rendered":"M1 Dummy-B\u00e4lle Garand"},"content":{"rendered":"<h2>M1 Dummyb\u00e4lle Garand - Denix<\/h2>\n<p>Zu Beginn <strong>M1 Dummy-B\u00e4lle Garand<\/strong> oder Kugelimitat, ein Gegenstand, der manchmal sehr realistisch echte Munition imitiert. Die Waffen und Kugeln sind meist Spielzeug oder Repliken f\u00fcr Sammler.<\/p>\n<p>Das Garand M1, das einzige halbautomatische Gewehr, das von einer Gro\u00dfmacht als Milit\u00e4rwaffe eingef\u00fchrt wurde. Sein Konstrukteur, John Cantius Garand, gilt als Genie auf seinem Gebiet.<\/p>\n<p>Sehr robust, funktioniert mit Gasdruck. Wird durch einen auswerfbaren Magazinhalter aus Blech mit 8 Patronen des Kalibers 30 (7,62) geladen. Patton sagte \u00fcber dieses Gewehr, es sei das beste Kriegswerkzeug, das je hergestellt wurde. Das beste Begleitst\u00fcck des amerikanischen Soldaten ist nach wie vor dieses Gewehr.<\/p>\n<p>Zusammenfassend l\u00e4sst sich sagen, dass dieses Zubeh\u00f6r eine unverzichtbare Erg\u00e4nzung ist, um Ihrem Garand M1-Gewehr der Marke Denix mehr Realismus zu verleihen.<\/p>\n<h2>Ihre M1 Dummy-B\u00e4lle Garand zum besten Preis.<\/h2>\n<p>Wir bieten Ihnen eine gro\u00dfe Auswahl an Reproduktionen von Denix-Attrappen.<\/p>\n<p>Zun\u00e4chst einmal,<\/p>\n<ul>\n<li>Die Reproduktion des <a href=\"https:\/\/repliquemangacine.fr\/de\/historische-waffen\/fusil-garand-m1\/\">Gewehr M1 Garand<\/a> einziges halbautomatisches Gewehr, das von einer gro\u00dfen Milit\u00e4rmacht \u00fcbernommen wurde.<\/li>\n<li>Sowie die <a href=\"https:\/\/repliquemangacine.fr\/de\/militaria-material\/baionnette-garand-m1-st-son-fourreau-m3\/\">Bajonett Garand M1<\/a> Modell Pazifik 1942 und seine Scheide M3<\/li>\n<li>Und noch viel mehr gibt es in unserem Online-Shop zu entdecken!<\/li>\n<\/ul>\n<p>Deshalb ist dies eine gro\u00dfartige Geschenkidee f\u00fcr alle Liebhaber historischer Waffen.<\/p>\n<p>Abschlie\u00dfend k\u00f6nnen Sie diese <strong>M1 Dummy-B\u00e4lle Garand<\/strong> f\u00fcr Ihre historischen Rekonstruktionen und Kulissen. Vor allem aber ist diese Waffe ein Sammler- und Dekorationsst\u00fcck.<\/p>\n<p>R\u00e9plique Manga Cin\u00e9 ist ein franz\u00f6sisches Unternehmen und offizieller Vertriebspartner der Marke <a href=\"https:\/\/www.denix.fr\/fr\/catalogue\/guerres-mondiales-1914-1945\/balles\/56\/\" target=\"_blank\" rel=\"noopener noreferrer\">Denix<\/a>.<\/p>\n<h2>Wie werden Denix-Waffenrepliken hergestellt?<\/h2>\n<p>Werden in historischen Rekonstruktionen, Filmen und Serien sowie von Sammlern verwendet. Denix-Waffenreproduktionen, die aus hochwertigen Materialien hergestellt werden. Sorgf\u00e4ltig bearbeitet und zusammengesetzt, um realistische Sammlerwaffen zu schaffen.<\/p>\n<ul>\n<li>Die Metalle sind in einer Metalllegierung, die als Zamac bekannt ist und deren Grundzusammensetzung Zink in 95% ist.<\/li>\n<li>Die Kunststoffteile der Repliken aus geformtem ABS, das eine hohe Widerstandsf\u00e4higkeit bietet.<\/li>\n<li>Holz, das aufgrund seiner Sch\u00f6nheit und Haltbarkeit ausgew\u00e4hlt wird, wie z. B. Mahagoni, Olivenholz oder Walnuss, verleiht Ihren Sch\u00e4ften und F\u00e4ssern ein elegantes und authentisches Aussehen.<\/li>\n<\/ul>\n<p>Es ist zu betonen, dass alle Reproduktionen von Denix-Waffen mit den Originalen identisch sind, wie Ihre <strong>M1 Dummy-B\u00e4lle Garand<\/strong>.<\/p>","protected":false},"excerpt":{"rendered":"<p>Die Kugelattrappen sind eine wichtige Erg\u00e4nzung, um Ihrem Garand M1 Gewehr der Marke Denix mehr Realismus zu verleihen.<\/p>\n<ul>\n<li>Vollst\u00e4ndig aus vergoldetem Metall.<\/li>\n<li>Diese Kugeln enthalten keine Sprengladung.<\/li>\n<li>Verpackt in Beuteln mit 5 B\u00e4llen.<\/li>\n<li>H\u00f6he: 8 cm - Gewicht: 37 g<\/li>\n<\/ul>","protected":false},"featured_media":25803,"template":"","meta":[],"product_brand":[896],"product_cat":[25,102,46,54,85,28,76],"product_tag":[],"class_list":{"0":"post-25802","1":"product","2":"type-product","3":"status-publish","4":"has-post-thumbnail","6":"product_brand-replique-manga-cine","7":"product_cat-armes-historiques","8":"product_cat-denix","9":"product_cat-fusil-d-assaut-fusil-moderne","10":"product_cat-armes-accessoires-guerre-mondiale","11":"product_cat-dagues-et-accessoires-seconde-guerre-mondiale-materiels-militaria","12":"product_cat-repliques-darmes","13":"product_cat-reproductions-armes-seconde-guerre-mondiale-denix","15":"first","16":"instock","17":"taxable","18":"shipping-taxable","19":"purchasable","20":"product-type-simple"},"yoast_head":"<!-- This site is optimized with the Yoast SEO plugin v27.5 - https:\/\/yoast.com\/product\/yoast-seo-wordpress\/ -->\n<title>Balles factices M1 Garand - Denix | R\u00e9plique Manga Cin\u00e9<\/title>\n<meta name=\"description\" content=\"D\u00e9couvrez les Balles factices M1 Garand au meilleur prix - Tout en m\u00e9tal - Aucune charge explosive - Sachet de 5 balles - Hauteur : 8 cm - Poids : 37 g\" \/>\n<meta name=\"robots\" content=\"index, follow, max-snippet:-1, max-image-preview:large, max-video-preview:-1\" \/>\n<link rel=\"canonical\" href=\"https:\/\/repliquemangacine.fr\/de\/denix\/m1-attrappenkugeln-garand-denix\/\" \/>\n<meta property=\"og:locale\" content=\"de_DE\" \/>\n<meta property=\"og:type\" content=\"article\" \/>\n<meta property=\"og:title\" content=\"Balles factices M1 Garand - Denix | R\u00e9plique Manga Cin\u00e9\" \/>\n<meta property=\"og:description\" content=\"D\u00e9couvrez les Balles factices M1 Garand au meilleur prix - Tout en m\u00e9tal - Aucune charge explosive - Sachet de 5 balles - Hauteur : 8 cm - Poids : 37 g\" \/>\n<meta property=\"og:url\" content=\"https:\/\/repliquemangacine.fr\/de\/denix\/m1-attrappenkugeln-garand-denix\/\" \/>\n<meta property=\"og:site_name\" content=\"R\u00e9plique Manga Cin\u00e9\" \/>\n<meta property=\"article:publisher\" content=\"https:\/\/www.facebook.com\/RepliqueMangaCine\" \/>\n<meta property=\"article:modified_time\" content=\"2026-02-02T21:58:17+00:00\" \/>\n<meta property=\"og:image\" content=\"https:\/\/repliquemangacine.fr\/wp-content\/uploads\/2023\/10\/547-5-Balles-factices-pour-fusil-Garand.jpg\" \/>\n\t<meta property=\"og:image:width\" content=\"800\" \/>\n\t<meta property=\"og:image:height\" content=\"800\" \/>\n\t<meta property=\"og:image:type\" content=\"image\/jpeg\" \/>\n<meta name=\"twitter:card\" content=\"summary_large_image\" \/>\n<meta name=\"twitter:label1\" content=\"Gesch\u00e4tzte Lesezeit\" \/>\n\t<meta name=\"twitter:data1\" content=\"2\u00a0Minuten\" \/>\n<script type=\"application\/ld+json\" class=\"yoast-schema-graph\">{\"@context\":\"https:\\\/\\\/schema.org\",\"@graph\":[{\"@type\":\"WebPage\",\"@id\":\"https:\\\/\\\/repliquemangacine.fr\\\/denix\\\/balles-factices-m1-garand-denix\\\/\",\"url\":\"https:\\\/\\\/repliquemangacine.fr\\\/denix\\\/balles-factices-m1-garand-denix\\\/\",\"name\":\"Balles factices M1 Garand - Denix | R\u00e9plique Manga Cin\u00e9\",\"isPartOf\":{\"@id\":\"https:\\\/\\\/repliquemangacine.fr\\\/#website\"},\"primaryImageOfPage\":{\"@id\":\"https:\\\/\\\/repliquemangacine.fr\\\/denix\\\/balles-factices-m1-garand-denix\\\/#primaryimage\"},\"image\":{\"@id\":\"https:\\\/\\\/repliquemangacine.fr\\\/denix\\\/balles-factices-m1-garand-denix\\\/#primaryimage\"},\"thumbnailUrl\":\"https:\\\/\\\/repliquemangacine.fr\\\/wp-content\\\/uploads\\\/2023\\\/10\\\/547-5-Balles-factices-pour-fusil-Garand.jpg\",\"datePublished\":\"2016-10-17T15:16:45+00:00\",\"dateModified\":\"2026-02-02T21:58:17+00:00\",\"description\":\"D\u00e9couvrez les Balles factices M1 Garand au meilleur prix - Tout en m\u00e9tal - Aucune charge explosive - Sachet de 5 balles - Hauteur : 8 cm - Poids : 37 g\",\"breadcrumb\":{\"@id\":\"https:\\\/\\\/repliquemangacine.fr\\\/denix\\\/balles-factices-m1-garand-denix\\\/#breadcrumb\"},\"inLanguage\":\"de\",\"potentialAction\":[{\"@type\":\"ReadAction\",\"target\":[\"https:\\\/\\\/repliquemangacine.fr\\\/denix\\\/balles-factices-m1-garand-denix\\\/\"]}]},{\"@type\":\"ImageObject\",\"inLanguage\":\"de\",\"@id\":\"https:\\\/\\\/repliquemangacine.fr\\\/denix\\\/balles-factices-m1-garand-denix\\\/#primaryimage\",\"url\":\"https:\\\/\\\/repliquemangacine.fr\\\/wp-content\\\/uploads\\\/2023\\\/10\\\/547-5-Balles-factices-pour-fusil-Garand.jpg\",\"contentUrl\":\"https:\\\/\\\/repliquemangacine.fr\\\/wp-content\\\/uploads\\\/2023\\\/10\\\/547-5-Balles-factices-pour-fusil-Garand.jpg\",\"width\":800,\"height\":800,\"caption\":\"5 Balles factices pour fusil Garand\"},{\"@type\":\"BreadcrumbList\",\"@id\":\"https:\\\/\\\/repliquemangacine.fr\\\/denix\\\/balles-factices-m1-garand-denix\\\/#breadcrumb\",\"itemListElement\":[{\"@type\":\"ListItem\",\"position\":1,\"name\":\"Accueil\",\"item\":\"https:\\\/\\\/repliquemangacine.fr\\\/\"},{\"@type\":\"ListItem\",\"position\":2,\"name\":\"Produits\",\"item\":\"https:\\\/\\\/repliquemangacine.fr\\\/boutique\\\/\"},{\"@type\":\"ListItem\",\"position\":3,\"name\":\"Balles factices M1 Garand\"}]},{\"@type\":\"WebSite\",\"@id\":\"https:\\\/\\\/repliquemangacine.fr\\\/#website\",\"url\":\"https:\\\/\\\/repliquemangacine.fr\\\/\",\"name\":\"R\u00e9plique Manga Cin\u00e9\",\"description\":\"\",\"publisher\":{\"@id\":\"https:\\\/\\\/repliquemangacine.fr\\\/#organization\"},\"potentialAction\":[{\"@type\":\"SearchAction\",\"target\":{\"@type\":\"EntryPoint\",\"urlTemplate\":\"https:\\\/\\\/repliquemangacine.fr\\\/?s={search_term_string}\"},\"query-input\":{\"@type\":\"PropertyValueSpecification\",\"valueRequired\":true,\"valueName\":\"search_term_string\"}}],\"inLanguage\":\"de\"},{\"@type\":\"Organization\",\"@id\":\"https:\\\/\\\/repliquemangacine.fr\\\/#organization\",\"name\":\"R\u00e9plique Manga Cin\u00e9\",\"url\":\"https:\\\/\\\/repliquemangacine.fr\\\/\",\"logo\":{\"@type\":\"ImageObject\",\"inLanguage\":\"de\",\"@id\":\"https:\\\/\\\/repliquemangacine.fr\\\/#\\\/schema\\\/logo\\\/image\\\/\",\"url\":\"https:\\\/\\\/repliquemangacine.fr\\\/wp-content\\\/uploads\\\/2023\\\/10\\\/RMC-500250.png\",\"contentUrl\":\"https:\\\/\\\/repliquemangacine.fr\\\/wp-content\\\/uploads\\\/2023\\\/10\\\/RMC-500250.png\",\"width\":500,\"height\":250,\"caption\":\"R\u00e9plique Manga Cin\u00e9\"},\"image\":{\"@id\":\"https:\\\/\\\/repliquemangacine.fr\\\/#\\\/schema\\\/logo\\\/image\\\/\"},\"sameAs\":[\"https:\\\/\\\/www.facebook.com\\\/RepliqueMangaCine\",\"https:\\\/\\\/www.instagram.com\\\/repliquemangacine.fr\\\/\"]}]}<\/script>\n<!-- \/ Yoast SEO plugin. -->","yoast_head_json":{"title":"M1 Dummyb\u00e4lle Garand - Denix | R\u00e9plique Manga Cin\u00e9","description":"Entdecken Sie die Garand M1 Ballattrappen zum besten Preis - Ganz aus Metall - Keine Sprengladung - Beutel mit 5 B\u00e4llen - H\u00f6he: 8 cm - Gewicht: 37 g","robots":{"index":"index","follow":"follow","max-snippet":"max-snippet:-1","max-image-preview":"max-image-preview:large","max-video-preview":"max-video-preview:-1"},"canonical":"https:\/\/repliquemangacine.fr\/de\/denix\/m1-attrappenkugeln-garand-denix\/","og_locale":"de_DE","og_type":"article","og_title":"Balles factices M1 Garand - Denix | R\u00e9plique Manga Cin\u00e9","og_description":"D\u00e9couvrez les Balles factices M1 Garand au meilleur prix - Tout en m\u00e9tal - Aucune charge explosive - Sachet de 5 balles - Hauteur : 8 cm - Poids : 37 g","og_url":"https:\/\/repliquemangacine.fr\/de\/denix\/m1-attrappenkugeln-garand-denix\/","og_site_name":"R\u00e9plique Manga Cin\u00e9","article_publisher":"https:\/\/www.facebook.com\/RepliqueMangaCine","article_modified_time":"2026-02-02T21:58:17+00:00","og_image":[{"width":800,"height":800,"url":"https:\/\/repliquemangacine.fr\/wp-content\/uploads\/2023\/10\/547-5-Balles-factices-pour-fusil-Garand.jpg","type":"image\/jpeg"}],"twitter_card":"summary_large_image","twitter_misc":{"Gesch\u00e4tzte Lesezeit":"2\u00a0Minuten"},"schema":{"@context":"https:\/\/schema.org","@graph":[{"@type":"WebPage","@id":"https:\/\/repliquemangacine.fr\/denix\/balles-factices-m1-garand-denix\/","url":"https:\/\/repliquemangacine.fr\/denix\/balles-factices-m1-garand-denix\/","name":"M1 Dummyb\u00e4lle Garand - Denix | R\u00e9plique Manga Cin\u00e9","isPartOf":{"@id":"https:\/\/repliquemangacine.fr\/#website"},"primaryImageOfPage":{"@id":"https:\/\/repliquemangacine.fr\/denix\/balles-factices-m1-garand-denix\/#primaryimage"},"image":{"@id":"https:\/\/repliquemangacine.fr\/denix\/balles-factices-m1-garand-denix\/#primaryimage"},"thumbnailUrl":"https:\/\/repliquemangacine.fr\/wp-content\/uploads\/2023\/10\/547-5-Balles-factices-pour-fusil-Garand.jpg","datePublished":"2016-10-17T15:16:45+00:00","dateModified":"2026-02-02T21:58:17+00:00","description":"Entdecken Sie die Garand M1 Ballattrappen zum besten Preis - Ganz aus Metall - Keine Sprengladung - Beutel mit 5 B\u00e4llen - H\u00f6he: 8 cm - Gewicht: 37 g","breadcrumb":{"@id":"https:\/\/repliquemangacine.fr\/denix\/balles-factices-m1-garand-denix\/#breadcrumb"},"inLanguage":"de","potentialAction":[{"@type":"ReadAction","target":["https:\/\/repliquemangacine.fr\/denix\/balles-factices-m1-garand-denix\/"]}]},{"@type":"ImageObject","inLanguage":"de","@id":"https:\/\/repliquemangacine.fr\/denix\/balles-factices-m1-garand-denix\/#primaryimage","url":"https:\/\/repliquemangacine.fr\/wp-content\/uploads\/2023\/10\/547-5-Balles-factices-pour-fusil-Garand.jpg","contentUrl":"https:\/\/repliquemangacine.fr\/wp-content\/uploads\/2023\/10\/547-5-Balles-factices-pour-fusil-Garand.jpg","width":800,"height":800,"caption":"5 Balles factices pour fusil Garand"},{"@type":"BreadcrumbList","@id":"https:\/\/repliquemangacine.fr\/denix\/balles-factices-m1-garand-denix\/#breadcrumb","itemListElement":[{"@type":"ListItem","position":1,"name":"Accueil","item":"https:\/\/repliquemangacine.fr\/"},{"@type":"ListItem","position":2,"name":"Produits","item":"https:\/\/repliquemangacine.fr\/boutique\/"},{"@type":"ListItem","position":3,"name":"Balles factices M1 Garand"}]},{"@type":"WebSite","@id":"https:\/\/repliquemangacine.fr\/#website","url":"https:\/\/repliquemangacine.fr\/","name":"R\u00e9plique Manga Cin\u00e9","description":"","publisher":{"@id":"https:\/\/repliquemangacine.fr\/#organization"},"potentialAction":[{"@type":"SearchAction","target":{"@type":"EntryPoint","urlTemplate":"https:\/\/repliquemangacine.fr\/?s={search_term_string}"},"query-input":{"@type":"PropertyValueSpecification","valueRequired":true,"valueName":"search_term_string"}}],"inLanguage":"de"},{"@type":"Organization","@id":"https:\/\/repliquemangacine.fr\/#organization","name":"R\u00e9plique Manga Cin\u00e9","url":"https:\/\/repliquemangacine.fr\/","logo":{"@type":"ImageObject","inLanguage":"de","@id":"https:\/\/repliquemangacine.fr\/#\/schema\/logo\/image\/","url":"https:\/\/repliquemangacine.fr\/wp-content\/uploads\/2023\/10\/RMC-500250.png","contentUrl":"https:\/\/repliquemangacine.fr\/wp-content\/uploads\/2023\/10\/RMC-500250.png","width":500,"height":250,"caption":"R\u00e9plique Manga Cin\u00e9"},"image":{"@id":"https:\/\/repliquemangacine.fr\/#\/schema\/logo\/image\/"},"sameAs":["https:\/\/www.facebook.com\/RepliqueMangaCine","https:\/\/www.instagram.com\/repliquemangacine.fr\/"]}]}},"_links":{"self":[{"href":"https:\/\/repliquemangacine.fr\/de\/wp-json\/wp\/v2\/product\/25802","targetHints":{"allow":["GET"]}}],"collection":[{"href":"https:\/\/repliquemangacine.fr\/de\/wp-json\/wp\/v2\/product"}],"about":[{"href":"https:\/\/repliquemangacine.fr\/de\/wp-json\/wp\/v2\/types\/product"}],"wp:featuredmedia":[{"embeddable":true,"href":"https:\/\/repliquemangacine.fr\/de\/wp-json\/wp\/v2\/media\/25803"}],"wp:attachment":[{"href":"https:\/\/repliquemangacine.fr\/de\/wp-json\/wp\/v2\/media?parent=25802"}],"wp:term":[{"taxonomy":"product_brand","embeddable":true,"href":"https:\/\/repliquemangacine.fr\/de\/wp-json\/wp\/v2\/product_brand?post=25802"},{"taxonomy":"product_cat","embeddable":true,"href":"https:\/\/repliquemangacine.fr\/de\/wp-json\/wp\/v2\/product_cat?post=25802"},{"taxonomy":"product_tag","embeddable":true,"href":"https:\/\/repliquemangacine.fr\/de\/wp-json\/wp\/v2\/product_tag?post=25802"}],"curies":[{"name":"wp","href":"https:\/\/api.w.org\/{rel}","templated":true}]}}