





{"id":25794,"date":"2016-10-17T16:23:53","date_gmt":"2016-10-17T14:23:53","guid":{"rendered":"https:\/\/repliquemangacine.fr\/?post_type=product&#038;p=25794"},"modified":"2026-04-21T10:20:22","modified_gmt":"2026-04-21T08:20:22","slug":"6-attrappenkugeln-mit-denix-zundhutchen","status":"publish","type":"product","link":"https:\/\/repliquemangacine.fr\/de\/holster-accessoires-western\/6-balles-factices-avec-amorces-denix\/","title":{"rendered":"Attrappenb\u00e4lle mit Z\u00fcndh\u00fctchen - Denix"},"content":{"rendered":"<h2>Replik von Attrappenkugeln mit Denix-Z\u00fcndh\u00fctchen<\/h2>\n<p>Zu Beginn <strong>Attrappenb\u00e4lle mit Z\u00fcndh\u00fctchen<\/strong> Denix oder Imitationskugel, ein Gegenstand, der manchmal sehr realistisch eine echte Munition nachahmt. Bei Imitationswaffen und -geschossen handelt es sich meist um Spielzeug oder Nachbildungen, die f\u00fcr Sammler bestimmt sind.<\/p>\n<p>Die Revolver von Denix sind alle handgefertigt und von hoher Qualit\u00e4t. Mit Mechanismus, Lade- und Schie\u00dfsimulator.<\/p>\n<p>Die Kugeln sind aus goldfarbenem Vollstahl gefertigt. Keine Gefahr, keine Sprengladung in den Attrappen der Kugeln. F\u00fcgen Sie ein kleines Z\u00fcndh\u00fctchen auf dem Boden des Geschosses hinzu, f\u00fcllen Sie die Trommel Ihres Colts und schie\u00dfen Sie!  Das knallt auf Ihren Country-Partys!<\/p>\n<p>Abschlie\u00dfend sei gesagt, dass die Attrappen eine wichtige Erg\u00e4nzung sind, um Ihrem Denix Colt mehr Realismus zu verleihen.<\/p>\n<h2>Ihr Westernzubeh\u00f6r zum besten Preis.<\/h2>\n<p>Wir bieten Ihnen eine gro\u00dfe Auswahl an Reproduktionen von Denix-Attrappen.<\/p>\n<p>Zun\u00e4chst einmal,<\/p>\n<ul>\n<li>Die Reproduktion der <a href=\"https:\/\/repliquemangacine.fr\/de\/winchester-gewehr-western-country\/winchester-karabiner-john-wayne-modell-1892\/\">John Waynes Karabiner<\/a> mit seinen Initialen auf dem Schaft und seinem gro\u00dfen Hebel unter Schutz.<\/li>\n<li>Sowie das <a href=\"https:\/\/repliquemangacine.fr\/de\/colts-revolver\/colt-peacemaker-finish-jaspis-usa-1873\/\">Peacemaker-Revolver<\/a> 4,75-Zoll-Lauf (10,5 cm) mit Jaspis-Finish von Denix.<\/li>\n<li>Es gibt auch diesen <a href=\"https:\/\/repliquemangacine.fr\/de\/gurtelholster\/ledergurtelholster-fur-kolser-pistole\/\">Holster f\u00fcr einen Revolver<\/a> ganz aus weichem Leder, unglaublich realistisch von Kolser.<\/li>\n<li>Und noch viel mehr gibt es in unserem Online-Shop zu entdecken!<\/li>\n<\/ul>\n<p>Deshalb ist dies eine gro\u00dfartige Geschenkidee f\u00fcr alle Liebhaber historischer Waffen.<\/p>\n<p>Abschlie\u00dfend k\u00f6nnen Sie diese <strong>Attrappenb\u00e4lle mit Z\u00fcndh\u00fctchen<\/strong> f\u00fcr Ihre Western Country Auff\u00fchrungen.<\/p>\n<p>Vor allem ist dieser Ball ein Sammler- und Dekorationsst\u00fcck.<\/p>\n<p>R\u00e9plique Manga Cin\u00e9 ist ein franz\u00f6sisches Unternehmen und offizieller Vertriebspartner der Marke <a href=\"https:\/\/www.denix.fr\/\" target=\"_blank\" rel=\"noopener noreferrer\">Denix<\/a>.<\/p>","protected":false},"excerpt":{"rendered":"<p>Ideal f\u00fcr Ihre Westernauff\u00fchrungen.<\/p>\n<ul>\n<li>Aus Messing, mit Perkussionsz\u00fcnder auf der R\u00fcckseite.<\/li>\n<li>Diese Kugeln enthalten keine Sprengladung.<\/li>\n<li>Wiederverwendbar.<\/li>\n<li>Passt zu allen Replikaten von Colts mit Barrels<\/li>\n<li><strong>au\u00dfer f\u00fcr Schofield - Smith und Wesson Revolver sowie Python 357.<\/strong><\/li>\n<li>Set aus 6 B\u00e4llen und 24 Z\u00fcndh\u00fctchen.<\/li>\n<\/ul>","protected":false},"featured_media":25795,"template":"","meta":[],"product_brand":[896],"product_cat":[51,34,102,90,28,27],"product_tag":[],"class_list":{"0":"post-25794","1":"product","2":"type-product","3":"status-publish","4":"has-post-thumbnail","6":"product_brand-replique-manga-cine","7":"product_cat-accessoires-western","8":"product_cat-armes-westerns","9":"product_cat-denix","10":"product_cat-holster-accessoires-western","11":"product_cat-repliques-darmes","12":"product_cat-armes-et-accessoires-western","14":"first","15":"instock","16":"taxable","17":"shipping-taxable","18":"purchasable","19":"product-type-simple"},"yoast_head":"<!-- This site is optimized with the Yoast SEO plugin v27.5 - https:\/\/yoast.com\/product\/yoast-seo-wordpress\/ -->\n<title>Balles factices avec amorces - Accessoires western Denix | RMC<\/title>\n<meta name=\"description\" content=\"Tirer et faite du bruit avec votre colt sans aucun danger avec les Balles factices avec amorces au meilleur prix - Sign\u00e9 Denix - Blister 6 balles.\" \/>\n<meta name=\"robots\" content=\"index, follow, max-snippet:-1, max-image-preview:large, max-video-preview:-1\" \/>\n<link rel=\"canonical\" href=\"https:\/\/repliquemangacine.fr\/de\/holster-westernzubehor\/6-attrappenkugeln-mit-denix-zundhutchen\/\" \/>\n<meta property=\"og:locale\" content=\"de_DE\" \/>\n<meta property=\"og:type\" content=\"article\" \/>\n<meta property=\"og:title\" content=\"Balles factices avec amorces - Accessoires western Denix | RMC\" \/>\n<meta property=\"og:description\" content=\"Tirer et faite du bruit avec votre colt sans aucun danger avec les Balles factices avec amorces au meilleur prix - Sign\u00e9 Denix - Blister 6 balles.\" \/>\n<meta property=\"og:url\" content=\"https:\/\/repliquemangacine.fr\/de\/holster-westernzubehor\/6-attrappenkugeln-mit-denix-zundhutchen\/\" \/>\n<meta property=\"og:site_name\" content=\"R\u00e9plique Manga Cin\u00e9\" \/>\n<meta property=\"article:publisher\" content=\"https:\/\/www.facebook.com\/RepliqueMangaCine\" \/>\n<meta property=\"article:modified_time\" content=\"2026-04-21T08:20:22+00:00\" \/>\n<meta property=\"og:image\" content=\"https:\/\/repliquemangacine.fr\/wp-content\/uploads\/2023\/10\/542-sachet-de-6-Balles-factices-avec-amorces-Denix.jpg\" \/>\n\t<meta property=\"og:image:width\" content=\"800\" \/>\n\t<meta property=\"og:image:height\" content=\"800\" \/>\n\t<meta property=\"og:image:type\" content=\"image\/jpeg\" \/>\n<meta name=\"twitter:card\" content=\"summary_large_image\" \/>\n<meta name=\"twitter:label1\" content=\"Gesch\u00e4tzte Lesezeit\" \/>\n\t<meta name=\"twitter:data1\" content=\"2\u00a0Minuten\" \/>\n<script type=\"application\/ld+json\" class=\"yoast-schema-graph\">{\"@context\":\"https:\\\/\\\/schema.org\",\"@graph\":[{\"@type\":\"WebPage\",\"@id\":\"https:\\\/\\\/repliquemangacine.fr\\\/holster-accessoires-western\\\/6-balles-factices-avec-amorces-denix\\\/\",\"url\":\"https:\\\/\\\/repliquemangacine.fr\\\/holster-accessoires-western\\\/6-balles-factices-avec-amorces-denix\\\/\",\"name\":\"Balles factices avec amorces - Accessoires western Denix | RMC\",\"isPartOf\":{\"@id\":\"https:\\\/\\\/repliquemangacine.fr\\\/#website\"},\"primaryImageOfPage\":{\"@id\":\"https:\\\/\\\/repliquemangacine.fr\\\/holster-accessoires-western\\\/6-balles-factices-avec-amorces-denix\\\/#primaryimage\"},\"image\":{\"@id\":\"https:\\\/\\\/repliquemangacine.fr\\\/holster-accessoires-western\\\/6-balles-factices-avec-amorces-denix\\\/#primaryimage\"},\"thumbnailUrl\":\"https:\\\/\\\/repliquemangacine.fr\\\/wp-content\\\/uploads\\\/2023\\\/10\\\/542-sachet-de-6-Balles-factices-avec-amorces-Denix.jpg\",\"datePublished\":\"2016-10-17T14:23:53+00:00\",\"dateModified\":\"2026-04-21T08:20:22+00:00\",\"description\":\"Tirer et faite du bruit avec votre colt sans aucun danger avec les Balles factices avec amorces au meilleur prix - Sign\u00e9 Denix - Blister 6 balles.\",\"breadcrumb\":{\"@id\":\"https:\\\/\\\/repliquemangacine.fr\\\/holster-accessoires-western\\\/6-balles-factices-avec-amorces-denix\\\/#breadcrumb\"},\"inLanguage\":\"de\",\"potentialAction\":[{\"@type\":\"ReadAction\",\"target\":[\"https:\\\/\\\/repliquemangacine.fr\\\/holster-accessoires-western\\\/6-balles-factices-avec-amorces-denix\\\/\"]}]},{\"@type\":\"ImageObject\",\"inLanguage\":\"de\",\"@id\":\"https:\\\/\\\/repliquemangacine.fr\\\/holster-accessoires-western\\\/6-balles-factices-avec-amorces-denix\\\/#primaryimage\",\"url\":\"https:\\\/\\\/repliquemangacine.fr\\\/wp-content\\\/uploads\\\/2023\\\/10\\\/542-sachet-de-6-Balles-factices-avec-amorces-Denix.jpg\",\"contentUrl\":\"https:\\\/\\\/repliquemangacine.fr\\\/wp-content\\\/uploads\\\/2023\\\/10\\\/542-sachet-de-6-Balles-factices-avec-amorces-Denix.jpg\",\"width\":800,\"height\":800,\"caption\":\"sachet de 6 Balles factices avec amorces - Denix...\"},{\"@type\":\"BreadcrumbList\",\"@id\":\"https:\\\/\\\/repliquemangacine.fr\\\/holster-accessoires-western\\\/6-balles-factices-avec-amorces-denix\\\/#breadcrumb\",\"itemListElement\":[{\"@type\":\"ListItem\",\"position\":1,\"name\":\"Accueil\",\"item\":\"https:\\\/\\\/repliquemangacine.fr\\\/\"},{\"@type\":\"ListItem\",\"position\":2,\"name\":\"Produits\",\"item\":\"https:\\\/\\\/repliquemangacine.fr\\\/boutique\\\/\"},{\"@type\":\"ListItem\",\"position\":3,\"name\":\"Balles factices avec amorces &#8211; Denix\"}]},{\"@type\":\"WebSite\",\"@id\":\"https:\\\/\\\/repliquemangacine.fr\\\/#website\",\"url\":\"https:\\\/\\\/repliquemangacine.fr\\\/\",\"name\":\"R\u00e9plique Manga Cin\u00e9\",\"description\":\"\",\"publisher\":{\"@id\":\"https:\\\/\\\/repliquemangacine.fr\\\/#organization\"},\"potentialAction\":[{\"@type\":\"SearchAction\",\"target\":{\"@type\":\"EntryPoint\",\"urlTemplate\":\"https:\\\/\\\/repliquemangacine.fr\\\/?s={search_term_string}\"},\"query-input\":{\"@type\":\"PropertyValueSpecification\",\"valueRequired\":true,\"valueName\":\"search_term_string\"}}],\"inLanguage\":\"de\"},{\"@type\":\"Organization\",\"@id\":\"https:\\\/\\\/repliquemangacine.fr\\\/#organization\",\"name\":\"R\u00e9plique Manga Cin\u00e9\",\"url\":\"https:\\\/\\\/repliquemangacine.fr\\\/\",\"logo\":{\"@type\":\"ImageObject\",\"inLanguage\":\"de\",\"@id\":\"https:\\\/\\\/repliquemangacine.fr\\\/#\\\/schema\\\/logo\\\/image\\\/\",\"url\":\"https:\\\/\\\/repliquemangacine.fr\\\/wp-content\\\/uploads\\\/2023\\\/10\\\/RMC-500250.png\",\"contentUrl\":\"https:\\\/\\\/repliquemangacine.fr\\\/wp-content\\\/uploads\\\/2023\\\/10\\\/RMC-500250.png\",\"width\":500,\"height\":250,\"caption\":\"R\u00e9plique Manga Cin\u00e9\"},\"image\":{\"@id\":\"https:\\\/\\\/repliquemangacine.fr\\\/#\\\/schema\\\/logo\\\/image\\\/\"},\"sameAs\":[\"https:\\\/\\\/www.facebook.com\\\/RepliqueMangaCine\",\"https:\\\/\\\/www.instagram.com\\\/repliquemangacine.fr\\\/\"]}]}<\/script>\n<!-- \/ Yoast SEO plugin. -->","yoast_head_json":{"title":"Attrappenb\u00e4lle mit Z\u00fcndh\u00fctchen - Westernzubeh\u00f6r Denix | RMC","description":"Schie\u00dfen Sie mit Ihrem Colt und machen Sie L\u00e4rm, ohne dass es gef\u00e4hrlich ist, mit den Kugelattrappen mit Z\u00fcndh\u00fctchen zum besten Preis - Gezeichnet Denix - Blister 6 Kugeln.","robots":{"index":"index","follow":"follow","max-snippet":"max-snippet:-1","max-image-preview":"max-image-preview:large","max-video-preview":"max-video-preview:-1"},"canonical":"https:\/\/repliquemangacine.fr\/de\/holster-westernzubehor\/6-attrappenkugeln-mit-denix-zundhutchen\/","og_locale":"de_DE","og_type":"article","og_title":"Balles factices avec amorces - Accessoires western Denix | RMC","og_description":"Tirer et faite du bruit avec votre colt sans aucun danger avec les Balles factices avec amorces au meilleur prix - Sign\u00e9 Denix - Blister 6 balles.","og_url":"https:\/\/repliquemangacine.fr\/de\/holster-westernzubehor\/6-attrappenkugeln-mit-denix-zundhutchen\/","og_site_name":"R\u00e9plique Manga Cin\u00e9","article_publisher":"https:\/\/www.facebook.com\/RepliqueMangaCine","article_modified_time":"2026-04-21T08:20:22+00:00","og_image":[{"width":800,"height":800,"url":"https:\/\/repliquemangacine.fr\/wp-content\/uploads\/2023\/10\/542-sachet-de-6-Balles-factices-avec-amorces-Denix.jpg","type":"image\/jpeg"}],"twitter_card":"summary_large_image","twitter_misc":{"Gesch\u00e4tzte Lesezeit":"2\u00a0Minuten"},"schema":{"@context":"https:\/\/schema.org","@graph":[{"@type":"WebPage","@id":"https:\/\/repliquemangacine.fr\/holster-accessoires-western\/6-balles-factices-avec-amorces-denix\/","url":"https:\/\/repliquemangacine.fr\/holster-accessoires-western\/6-balles-factices-avec-amorces-denix\/","name":"Attrappenb\u00e4lle mit Z\u00fcndh\u00fctchen - Westernzubeh\u00f6r Denix | RMC","isPartOf":{"@id":"https:\/\/repliquemangacine.fr\/#website"},"primaryImageOfPage":{"@id":"https:\/\/repliquemangacine.fr\/holster-accessoires-western\/6-balles-factices-avec-amorces-denix\/#primaryimage"},"image":{"@id":"https:\/\/repliquemangacine.fr\/holster-accessoires-western\/6-balles-factices-avec-amorces-denix\/#primaryimage"},"thumbnailUrl":"https:\/\/repliquemangacine.fr\/wp-content\/uploads\/2023\/10\/542-sachet-de-6-Balles-factices-avec-amorces-Denix.jpg","datePublished":"2016-10-17T14:23:53+00:00","dateModified":"2026-04-21T08:20:22+00:00","description":"Schie\u00dfen Sie mit Ihrem Colt und machen Sie L\u00e4rm, ohne dass es gef\u00e4hrlich ist, mit den Kugelattrappen mit Z\u00fcndh\u00fctchen zum besten Preis - Gezeichnet Denix - Blister 6 Kugeln.","breadcrumb":{"@id":"https:\/\/repliquemangacine.fr\/holster-accessoires-western\/6-balles-factices-avec-amorces-denix\/#breadcrumb"},"inLanguage":"de","potentialAction":[{"@type":"ReadAction","target":["https:\/\/repliquemangacine.fr\/holster-accessoires-western\/6-balles-factices-avec-amorces-denix\/"]}]},{"@type":"ImageObject","inLanguage":"de","@id":"https:\/\/repliquemangacine.fr\/holster-accessoires-western\/6-balles-factices-avec-amorces-denix\/#primaryimage","url":"https:\/\/repliquemangacine.fr\/wp-content\/uploads\/2023\/10\/542-sachet-de-6-Balles-factices-avec-amorces-Denix.jpg","contentUrl":"https:\/\/repliquemangacine.fr\/wp-content\/uploads\/2023\/10\/542-sachet-de-6-Balles-factices-avec-amorces-Denix.jpg","width":800,"height":800,"caption":"sachet de 6 Balles factices avec amorces - Denix..."},{"@type":"BreadcrumbList","@id":"https:\/\/repliquemangacine.fr\/holster-accessoires-western\/6-balles-factices-avec-amorces-denix\/#breadcrumb","itemListElement":[{"@type":"ListItem","position":1,"name":"Accueil","item":"https:\/\/repliquemangacine.fr\/"},{"@type":"ListItem","position":2,"name":"Produits","item":"https:\/\/repliquemangacine.fr\/boutique\/"},{"@type":"ListItem","position":3,"name":"Balles factices avec amorces &#8211; Denix"}]},{"@type":"WebSite","@id":"https:\/\/repliquemangacine.fr\/#website","url":"https:\/\/repliquemangacine.fr\/","name":"R\u00e9plique Manga Cin\u00e9","description":"","publisher":{"@id":"https:\/\/repliquemangacine.fr\/#organization"},"potentialAction":[{"@type":"SearchAction","target":{"@type":"EntryPoint","urlTemplate":"https:\/\/repliquemangacine.fr\/?s={search_term_string}"},"query-input":{"@type":"PropertyValueSpecification","valueRequired":true,"valueName":"search_term_string"}}],"inLanguage":"de"},{"@type":"Organization","@id":"https:\/\/repliquemangacine.fr\/#organization","name":"R\u00e9plique Manga Cin\u00e9","url":"https:\/\/repliquemangacine.fr\/","logo":{"@type":"ImageObject","inLanguage":"de","@id":"https:\/\/repliquemangacine.fr\/#\/schema\/logo\/image\/","url":"https:\/\/repliquemangacine.fr\/wp-content\/uploads\/2023\/10\/RMC-500250.png","contentUrl":"https:\/\/repliquemangacine.fr\/wp-content\/uploads\/2023\/10\/RMC-500250.png","width":500,"height":250,"caption":"R\u00e9plique Manga Cin\u00e9"},"image":{"@id":"https:\/\/repliquemangacine.fr\/#\/schema\/logo\/image\/"},"sameAs":["https:\/\/www.facebook.com\/RepliqueMangaCine","https:\/\/www.instagram.com\/repliquemangacine.fr\/"]}]}},"_links":{"self":[{"href":"https:\/\/repliquemangacine.fr\/de\/wp-json\/wp\/v2\/product\/25794","targetHints":{"allow":["GET"]}}],"collection":[{"href":"https:\/\/repliquemangacine.fr\/de\/wp-json\/wp\/v2\/product"}],"about":[{"href":"https:\/\/repliquemangacine.fr\/de\/wp-json\/wp\/v2\/types\/product"}],"wp:featuredmedia":[{"embeddable":true,"href":"https:\/\/repliquemangacine.fr\/de\/wp-json\/wp\/v2\/media\/25795"}],"wp:attachment":[{"href":"https:\/\/repliquemangacine.fr\/de\/wp-json\/wp\/v2\/media?parent=25794"}],"wp:term":[{"taxonomy":"product_brand","embeddable":true,"href":"https:\/\/repliquemangacine.fr\/de\/wp-json\/wp\/v2\/product_brand?post=25794"},{"taxonomy":"product_cat","embeddable":true,"href":"https:\/\/repliquemangacine.fr\/de\/wp-json\/wp\/v2\/product_cat?post=25794"},{"taxonomy":"product_tag","embeddable":true,"href":"https:\/\/repliquemangacine.fr\/de\/wp-json\/wp\/v2\/product_tag?post=25794"}],"curies":[{"name":"wp","href":"https:\/\/api.w.org\/{rel}","templated":true}]}}