





{"id":25782,"date":"2016-10-12T20:00:38","date_gmt":"2016-10-12T18:00:38","guid":{"rendered":"https:\/\/repliquemangacine.fr\/?post_type=product&#038;p=25782"},"modified":"2026-03-14T18:41:24","modified_gmt":"2026-03-14T17:41:24","slug":"stern-grand-sheriff-county-insigne-broche-2","status":"publish","type":"product","link":"https:\/\/repliquemangacine.fr\/de\/holster-accessoires-western\/etoile-grand-sheriff-county-insigne-broche-2\/","title":{"rendered":"Stern Gro\u00df-Sheriff County"},"content":{"rendered":"<h2>Stern Gro\u00df-Sheriff County<\/h2>\n<p>Zu Beginn wird die<strong>Stern Gro\u00df-Sheriff County,<\/strong> aus verziertem Metall, das unverzichtbare Accessoire f\u00fcr Ihr Westernkost\u00fcm.<\/p>\n<p>\u00dcbrigens: Ein Abzeichen ist ein Erkennungszeichen f\u00fcr die Zugeh\u00f6rigkeit zu einer Gruppe, einem Rang, einer Position oder einer Funktion.<\/p>\n<p>Im Singular bezeichnet Abzeichen \u00fcblicherweise das Hauptelement, meist aus Metall oder Textil. Im Plural bezeichnen Abzeichen die Gesamtheit der Teile einer Auszeichnung oder die verschiedenen Elemente, die zu einem Rang, einem Dienstgrad oder einer W\u00fcrde geh\u00f6ren.<\/p>\n<p>In den USA ist ein Sheriff ein gew\u00e4hlter Beamter, der auf der Ebene eines Countys f\u00fcr die Justiz zust\u00e4ndig ist. Jeder Bundesstaat ist in Countys unterteilt (au\u00dfer Alaska und Louisiana), die wiederum eine Reihe von Gemeinden umfassen. Der Sheriff ist in gewisser Weise ein Minister f\u00fcr Recht und Ordnung in seinem Gebiet. Er ist f\u00fcr die Gef\u00e4ngnisse des Countys, die Zivilgerichte und die Ma\u00dfnahmen zur Durchsetzung von Gesetzen und Vorschriften zust\u00e4ndig.<\/p>\n<h2>Ihr Westernzubeh\u00f6r zum besten Preis.<\/h2>\n<p>Wir bieten Ihnen eine gro\u00dfe Auswahl an Reproduktionen von Westernzubeh\u00f6r.<\/p>\n<p>Zun\u00e4chst einmal,<\/p>\n<ul>\n<li>Diese <a href=\"https:\/\/repliquemangacine.fr\/de\/gurtelholster\/ledergurtelholster-fur-kolser-pistole\/\">Kolser G\u00fcrtelholster<\/a> f\u00fcr Ihre Sheriff-Halsb\u00e4nder, um Ihre Verkleidung zu vervollst\u00e4ndigen.<\/li>\n<li>Sowie die <a href=\"https:\/\/repliquemangacine.fr\/de\/holster-zubehor\/6-balles-factices-pour-colt-western-denix\/\">Attrappenkugeln<\/a> als Begleitung zu Ihrem Revolver.<\/li>\n<li>Es gibt auch Holzst\u00e4nder, in denen Sie Ihren Colt ausstellen k\u00f6nnen.<\/li>\n<li>Und noch viel mehr gibt es in unserem Online-Shop zu entdecken!<\/li>\n<\/ul>\n<p>Deshalb sind hier tolle Geschenkideen f\u00fcr Geschichtsinteressierte.<\/p>\n<p>Abschlie\u00dfend k\u00f6nnen Sie auch diesen <strong>Stern Grand Sheriff County<\/strong> f\u00fcr Ihre Country-Partys. Vor allem aber ist diese Brosche ein Sammler- und Dekorationsst\u00fcck.<\/p>\n<p>R\u00e9plique Manga Cin\u00e9 ist ein franz\u00f6sisches Familienunternehmen. Offizieller Vertriebspartner der Marke <a href=\"https:\/\/www.denix.fr\/fr\/catalogue\/guerre-civile-occidentale-et-americaine-1861-1899\/plaques\/113-l\/\" target=\"_blank\" rel=\"noopener noreferrer\">Denix<\/a>.<\/p>","protected":false},"excerpt":{"rendered":"<p>Der Grand Sheriff County Star ist ein unverzichtbares Accessoire f\u00fcr Ihr Westernkost\u00fcm.<\/p>\n<ul>\n<li>Dieses Ansteckabzeichen ist aus altmodischem Metall.<\/li>\n<li>Besonders ausgearbeitetes Design.<\/li>\n<li>Verzierungen auf jedem der sechs Arme.<\/li>\n<li>Gravur in der Mitte des Schriftzugs Grand Sheriff County.<\/li>\n<li>Abmessungen: 6.9 cm - Gewicht: 18 g<\/li>\n<\/ul>","protected":false},"featured_media":25783,"template":"","meta":[],"product_brand":[896],"product_cat":[51,102,90,28,27],"product_tag":[],"class_list":{"0":"post-25782","1":"product","2":"type-product","3":"status-publish","4":"has-post-thumbnail","6":"product_brand-replique-manga-cine","7":"product_cat-accessoires-western","8":"product_cat-denix","9":"product_cat-holster-accessoires-western","10":"product_cat-repliques-darmes","11":"product_cat-armes-et-accessoires-western","13":"first","14":"instock","15":"taxable","16":"shipping-taxable","17":"purchasable","18":"product-type-simple"},"yoast_head":"<!-- This site is optimized with the Yoast SEO plugin v27.4 - https:\/\/yoast.com\/product\/yoast-seo-wordpress\/ -->\n<title>\u00c9toile Grand Sh\u00e9riff County - Accessoires Western Country | RMC<\/title>\n<meta name=\"description\" content=\"Offrez-vous ! Cette \u00c9toile Grand Sh\u00e9riff County au meilleur prix - Insigne en m\u00e9tal - Broche grav\u00e9e aux superbes finitions - 6.9 cm\" \/>\n<meta name=\"robots\" content=\"index, follow, max-snippet:-1, max-image-preview:large, max-video-preview:-1\" \/>\n<link rel=\"canonical\" href=\"https:\/\/repliquemangacine.fr\/de\/holster-westernzubehor\/stern-grand-sheriff-county-insigne-broche-2\/\" \/>\n<meta property=\"og:locale\" content=\"de_DE\" \/>\n<meta property=\"og:type\" content=\"article\" \/>\n<meta property=\"og:title\" content=\"\u00c9toile Grand Sh\u00e9riff County - Accessoires Western Country | RMC\" \/>\n<meta property=\"og:description\" content=\"Offrez-vous ! Cette \u00c9toile Grand Sh\u00e9riff County au meilleur prix - Insigne en m\u00e9tal - Broche grav\u00e9e aux superbes finitions - 6.9 cm\" \/>\n<meta property=\"og:url\" content=\"https:\/\/repliquemangacine.fr\/de\/holster-westernzubehor\/stern-grand-sheriff-county-insigne-broche-2\/\" \/>\n<meta property=\"og:site_name\" content=\"R\u00e9plique Manga Cin\u00e9\" \/>\n<meta property=\"article:publisher\" content=\"https:\/\/www.facebook.com\/RepliqueMangaCine\" \/>\n<meta property=\"article:modified_time\" content=\"2026-03-14T17:41:24+00:00\" \/>\n<meta property=\"og:image\" content=\"https:\/\/repliquemangacine.fr\/wp-content\/uploads\/2023\/10\/534-Etoile-Grand-Sheriff-County-Insigne-Broche.jpg\" \/>\n\t<meta property=\"og:image:width\" content=\"800\" \/>\n\t<meta property=\"og:image:height\" content=\"800\" \/>\n\t<meta property=\"og:image:type\" content=\"image\/jpeg\" \/>\n<meta name=\"twitter:card\" content=\"summary_large_image\" \/>\n<meta name=\"twitter:label1\" content=\"Gesch\u00e4tzte Lesezeit\" \/>\n\t<meta name=\"twitter:data1\" content=\"2\u00a0Minuten\" \/>\n<script type=\"application\/ld+json\" class=\"yoast-schema-graph\">{\"@context\":\"https:\\\/\\\/schema.org\",\"@graph\":[{\"@type\":\"WebPage\",\"@id\":\"https:\\\/\\\/repliquemangacine.fr\\\/holster-accessoires-western\\\/etoile-grand-sheriff-county-insigne-broche-2\\\/\",\"url\":\"https:\\\/\\\/repliquemangacine.fr\\\/holster-accessoires-western\\\/etoile-grand-sheriff-county-insigne-broche-2\\\/\",\"name\":\"\u00c9toile Grand Sh\u00e9riff County - Accessoires Western Country | RMC\",\"isPartOf\":{\"@id\":\"https:\\\/\\\/repliquemangacine.fr\\\/#website\"},\"primaryImageOfPage\":{\"@id\":\"https:\\\/\\\/repliquemangacine.fr\\\/holster-accessoires-western\\\/etoile-grand-sheriff-county-insigne-broche-2\\\/#primaryimage\"},\"image\":{\"@id\":\"https:\\\/\\\/repliquemangacine.fr\\\/holster-accessoires-western\\\/etoile-grand-sheriff-county-insigne-broche-2\\\/#primaryimage\"},\"thumbnailUrl\":\"https:\\\/\\\/repliquemangacine.fr\\\/wp-content\\\/uploads\\\/2023\\\/10\\\/534-Etoile-Grand-Sheriff-County-Insigne-Broche.jpg\",\"datePublished\":\"2016-10-12T18:00:38+00:00\",\"dateModified\":\"2026-03-14T17:41:24+00:00\",\"description\":\"Offrez-vous ! Cette \u00c9toile Grand Sh\u00e9riff County au meilleur prix - Insigne en m\u00e9tal - Broche grav\u00e9e aux superbes finitions - 6.9 cm\",\"breadcrumb\":{\"@id\":\"https:\\\/\\\/repliquemangacine.fr\\\/holster-accessoires-western\\\/etoile-grand-sheriff-county-insigne-broche-2\\\/#breadcrumb\"},\"inLanguage\":\"de\",\"potentialAction\":[{\"@type\":\"ReadAction\",\"target\":[\"https:\\\/\\\/repliquemangacine.fr\\\/holster-accessoires-western\\\/etoile-grand-sheriff-county-insigne-broche-2\\\/\"]}]},{\"@type\":\"ImageObject\",\"inLanguage\":\"de\",\"@id\":\"https:\\\/\\\/repliquemangacine.fr\\\/holster-accessoires-western\\\/etoile-grand-sheriff-county-insigne-broche-2\\\/#primaryimage\",\"url\":\"https:\\\/\\\/repliquemangacine.fr\\\/wp-content\\\/uploads\\\/2023\\\/10\\\/534-Etoile-Grand-Sheriff-County-Insigne-Broche.jpg\",\"contentUrl\":\"https:\\\/\\\/repliquemangacine.fr\\\/wp-content\\\/uploads\\\/2023\\\/10\\\/534-Etoile-Grand-Sheriff-County-Insigne-Broche.jpg\",\"width\":800,\"height\":800,\"caption\":\"Etoile Grand Sheriff County - Insigne Broche\"},{\"@type\":\"BreadcrumbList\",\"@id\":\"https:\\\/\\\/repliquemangacine.fr\\\/holster-accessoires-western\\\/etoile-grand-sheriff-county-insigne-broche-2\\\/#breadcrumb\",\"itemListElement\":[{\"@type\":\"ListItem\",\"position\":1,\"name\":\"Accueil\",\"item\":\"https:\\\/\\\/repliquemangacine.fr\\\/\"},{\"@type\":\"ListItem\",\"position\":2,\"name\":\"Produits\",\"item\":\"https:\\\/\\\/repliquemangacine.fr\\\/boutique\\\/\"},{\"@type\":\"ListItem\",\"position\":3,\"name\":\"\u00c9toile Grand Sh\u00e9riff County\"}]},{\"@type\":\"WebSite\",\"@id\":\"https:\\\/\\\/repliquemangacine.fr\\\/#website\",\"url\":\"https:\\\/\\\/repliquemangacine.fr\\\/\",\"name\":\"R\u00e9plique Manga Cin\u00e9\",\"description\":\"\",\"publisher\":{\"@id\":\"https:\\\/\\\/repliquemangacine.fr\\\/#organization\"},\"potentialAction\":[{\"@type\":\"SearchAction\",\"target\":{\"@type\":\"EntryPoint\",\"urlTemplate\":\"https:\\\/\\\/repliquemangacine.fr\\\/?s={search_term_string}\"},\"query-input\":{\"@type\":\"PropertyValueSpecification\",\"valueRequired\":true,\"valueName\":\"search_term_string\"}}],\"inLanguage\":\"de\"},{\"@type\":\"Organization\",\"@id\":\"https:\\\/\\\/repliquemangacine.fr\\\/#organization\",\"name\":\"R\u00e9plique Manga Cin\u00e9\",\"url\":\"https:\\\/\\\/repliquemangacine.fr\\\/\",\"logo\":{\"@type\":\"ImageObject\",\"inLanguage\":\"de\",\"@id\":\"https:\\\/\\\/repliquemangacine.fr\\\/#\\\/schema\\\/logo\\\/image\\\/\",\"url\":\"https:\\\/\\\/repliquemangacine.fr\\\/wp-content\\\/uploads\\\/2023\\\/10\\\/RMC-500250.png\",\"contentUrl\":\"https:\\\/\\\/repliquemangacine.fr\\\/wp-content\\\/uploads\\\/2023\\\/10\\\/RMC-500250.png\",\"width\":500,\"height\":250,\"caption\":\"R\u00e9plique Manga Cin\u00e9\"},\"image\":{\"@id\":\"https:\\\/\\\/repliquemangacine.fr\\\/#\\\/schema\\\/logo\\\/image\\\/\"},\"sameAs\":[\"https:\\\/\\\/www.facebook.com\\\/RepliqueMangaCine\",\"https:\\\/\\\/www.instagram.com\\\/repliquemangacine.fr\\\/\"]}]}<\/script>\n<!-- \/ Yoast SEO plugin. -->","yoast_head_json":{"title":"Stern Gro\u00dfer Sheriff County - Western Country Zubeh\u00f6r | RMC","description":"Bieten Sie sich selbst an! Dieser Stern Grand Sheriff County zum besten Preis - Metallabzeichen - Gravierte Brosche mit wundersch\u00f6nen Verzierungen - 6.9 cm","robots":{"index":"index","follow":"follow","max-snippet":"max-snippet:-1","max-image-preview":"max-image-preview:large","max-video-preview":"max-video-preview:-1"},"canonical":"https:\/\/repliquemangacine.fr\/de\/holster-westernzubehor\/stern-grand-sheriff-county-insigne-broche-2\/","og_locale":"de_DE","og_type":"article","og_title":"\u00c9toile Grand Sh\u00e9riff County - Accessoires Western Country | RMC","og_description":"Offrez-vous ! Cette \u00c9toile Grand Sh\u00e9riff County au meilleur prix - Insigne en m\u00e9tal - Broche grav\u00e9e aux superbes finitions - 6.9 cm","og_url":"https:\/\/repliquemangacine.fr\/de\/holster-westernzubehor\/stern-grand-sheriff-county-insigne-broche-2\/","og_site_name":"R\u00e9plique Manga Cin\u00e9","article_publisher":"https:\/\/www.facebook.com\/RepliqueMangaCine","article_modified_time":"2026-03-14T17:41:24+00:00","og_image":[{"width":800,"height":800,"url":"https:\/\/repliquemangacine.fr\/wp-content\/uploads\/2023\/10\/534-Etoile-Grand-Sheriff-County-Insigne-Broche.jpg","type":"image\/jpeg"}],"twitter_card":"summary_large_image","twitter_misc":{"Gesch\u00e4tzte Lesezeit":"2\u00a0Minuten"},"schema":{"@context":"https:\/\/schema.org","@graph":[{"@type":"WebPage","@id":"https:\/\/repliquemangacine.fr\/holster-accessoires-western\/etoile-grand-sheriff-county-insigne-broche-2\/","url":"https:\/\/repliquemangacine.fr\/holster-accessoires-western\/etoile-grand-sheriff-county-insigne-broche-2\/","name":"Stern Gro\u00dfer Sheriff County - Western Country Zubeh\u00f6r | RMC","isPartOf":{"@id":"https:\/\/repliquemangacine.fr\/#website"},"primaryImageOfPage":{"@id":"https:\/\/repliquemangacine.fr\/holster-accessoires-western\/etoile-grand-sheriff-county-insigne-broche-2\/#primaryimage"},"image":{"@id":"https:\/\/repliquemangacine.fr\/holster-accessoires-western\/etoile-grand-sheriff-county-insigne-broche-2\/#primaryimage"},"thumbnailUrl":"https:\/\/repliquemangacine.fr\/wp-content\/uploads\/2023\/10\/534-Etoile-Grand-Sheriff-County-Insigne-Broche.jpg","datePublished":"2016-10-12T18:00:38+00:00","dateModified":"2026-03-14T17:41:24+00:00","description":"Bieten Sie sich selbst an! Dieser Stern Grand Sheriff County zum besten Preis - Metallabzeichen - Gravierte Brosche mit wundersch\u00f6nen Verzierungen - 6.9 cm","breadcrumb":{"@id":"https:\/\/repliquemangacine.fr\/holster-accessoires-western\/etoile-grand-sheriff-county-insigne-broche-2\/#breadcrumb"},"inLanguage":"de","potentialAction":[{"@type":"ReadAction","target":["https:\/\/repliquemangacine.fr\/holster-accessoires-western\/etoile-grand-sheriff-county-insigne-broche-2\/"]}]},{"@type":"ImageObject","inLanguage":"de","@id":"https:\/\/repliquemangacine.fr\/holster-accessoires-western\/etoile-grand-sheriff-county-insigne-broche-2\/#primaryimage","url":"https:\/\/repliquemangacine.fr\/wp-content\/uploads\/2023\/10\/534-Etoile-Grand-Sheriff-County-Insigne-Broche.jpg","contentUrl":"https:\/\/repliquemangacine.fr\/wp-content\/uploads\/2023\/10\/534-Etoile-Grand-Sheriff-County-Insigne-Broche.jpg","width":800,"height":800,"caption":"Etoile Grand Sheriff County - Insigne Broche"},{"@type":"BreadcrumbList","@id":"https:\/\/repliquemangacine.fr\/holster-accessoires-western\/etoile-grand-sheriff-county-insigne-broche-2\/#breadcrumb","itemListElement":[{"@type":"ListItem","position":1,"name":"Accueil","item":"https:\/\/repliquemangacine.fr\/"},{"@type":"ListItem","position":2,"name":"Produits","item":"https:\/\/repliquemangacine.fr\/boutique\/"},{"@type":"ListItem","position":3,"name":"\u00c9toile Grand Sh\u00e9riff County"}]},{"@type":"WebSite","@id":"https:\/\/repliquemangacine.fr\/#website","url":"https:\/\/repliquemangacine.fr\/","name":"R\u00e9plique Manga Cin\u00e9","description":"","publisher":{"@id":"https:\/\/repliquemangacine.fr\/#organization"},"potentialAction":[{"@type":"SearchAction","target":{"@type":"EntryPoint","urlTemplate":"https:\/\/repliquemangacine.fr\/?s={search_term_string}"},"query-input":{"@type":"PropertyValueSpecification","valueRequired":true,"valueName":"search_term_string"}}],"inLanguage":"de"},{"@type":"Organization","@id":"https:\/\/repliquemangacine.fr\/#organization","name":"R\u00e9plique Manga Cin\u00e9","url":"https:\/\/repliquemangacine.fr\/","logo":{"@type":"ImageObject","inLanguage":"de","@id":"https:\/\/repliquemangacine.fr\/#\/schema\/logo\/image\/","url":"https:\/\/repliquemangacine.fr\/wp-content\/uploads\/2023\/10\/RMC-500250.png","contentUrl":"https:\/\/repliquemangacine.fr\/wp-content\/uploads\/2023\/10\/RMC-500250.png","width":500,"height":250,"caption":"R\u00e9plique Manga Cin\u00e9"},"image":{"@id":"https:\/\/repliquemangacine.fr\/#\/schema\/logo\/image\/"},"sameAs":["https:\/\/www.facebook.com\/RepliqueMangaCine","https:\/\/www.instagram.com\/repliquemangacine.fr\/"]}]}},"_links":{"self":[{"href":"https:\/\/repliquemangacine.fr\/de\/wp-json\/wp\/v2\/product\/25782","targetHints":{"allow":["GET"]}}],"collection":[{"href":"https:\/\/repliquemangacine.fr\/de\/wp-json\/wp\/v2\/product"}],"about":[{"href":"https:\/\/repliquemangacine.fr\/de\/wp-json\/wp\/v2\/types\/product"}],"wp:featuredmedia":[{"embeddable":true,"href":"https:\/\/repliquemangacine.fr\/de\/wp-json\/wp\/v2\/media\/25783"}],"wp:attachment":[{"href":"https:\/\/repliquemangacine.fr\/de\/wp-json\/wp\/v2\/media?parent=25782"}],"wp:term":[{"taxonomy":"product_brand","embeddable":true,"href":"https:\/\/repliquemangacine.fr\/de\/wp-json\/wp\/v2\/product_brand?post=25782"},{"taxonomy":"product_cat","embeddable":true,"href":"https:\/\/repliquemangacine.fr\/de\/wp-json\/wp\/v2\/product_cat?post=25782"},{"taxonomy":"product_tag","embeddable":true,"href":"https:\/\/repliquemangacine.fr\/de\/wp-json\/wp\/v2\/product_tag?post=25782"}],"curies":[{"name":"wp","href":"https:\/\/api.w.org\/{rel}","templated":true}]}}