





{"id":25780,"date":"2016-10-12T19:54:15","date_gmt":"2016-10-12T17:54:15","guid":{"rendered":"https:\/\/repliquemangacine.fr\/?post_type=product&#038;p=25780"},"modified":"2026-04-15T13:08:00","modified_gmt":"2026-04-15T11:08:00","slug":"sheriff-county-brown-star","status":"publish","type":"product","link":"https:\/\/repliquemangacine.fr\/de\/holster-accessoires-western\/etoile-broche-sheriff-county\/","title":{"rendered":"Stiftungsstern Sheriff County"},"content":{"rendered":"<h2>Stiftungsstern Sheriff County<\/h2>\n<p>Zu Beginn wird die<strong>Anstecknadel Sheriff County<\/strong> aus verziertem Metall, das unverzichtbare Accessoire f\u00fcr Ihr Westernkost\u00fcm.<\/p>\n<p>\u00dcbrigens: Ein Abzeichen ist ein Erkennungszeichen f\u00fcr die Zugeh\u00f6rigkeit zu einer Gruppe, einem Rang, einer Position oder einer Funktion.<\/p>\n<p>Im Singular bezeichnet Abzeichen \u00fcblicherweise das Hauptelement, meist aus Metall oder Textil. Im Plural bezeichnen Abzeichen die Gesamtheit der Teile einer Auszeichnung oder die verschiedenen Elemente, die zu einem Rang, einem Dienstgrad oder einer W\u00fcrde geh\u00f6ren.<\/p>\n<p>In den USA ist ein Sheriff ein gew\u00e4hlter Beamter, der auf County-Ebene f\u00fcr die Justiz zust\u00e4ndig ist. Jeder Bundesstaat ist in Countys unterteilt (au\u00dfer Alaska und Louisiana), die wiederum eine Reihe von Gemeinden umfassen.<\/p>\n<p>Der Sheriff ist in gewisser Weise ein Minister f\u00fcr Recht und Ordnung in seinem Gebiet. Verantwortlich f\u00fcr die Bezirksgef\u00e4ngnisse, die Zivilgerichte und die Ma\u00dfnahmen zur Durchsetzung von Gesetzen und Vorschriften.<\/p>\n<h2>Ihr Westernzubeh\u00f6r zum besten Preis.<\/h2>\n<p>Wir bieten Ihnen eine gro\u00dfe Auswahl an Reproduktionen von Westernzubeh\u00f6r.<\/p>\n<p>Zun\u00e4chst einmal,<\/p>\n<ul>\n<li>Diese <a href=\"https:\/\/repliquemangacine.fr\/de\/holster-zubehor\/ceinturon-cuir-pour-colt-45-holster-simple\/\">G\u00fcrtelholster<\/a> f\u00fcr Sheriffkragen, um Ihre Verkleidung zu vervollst\u00e4ndigen.<\/li>\n<li>Sowie Dummy-Kugeln, die zu Ihrem Revolver passen.<\/li>\n<li>Es gibt auch Holzst\u00e4nder, in denen Sie Ihre Colts ausstellen k\u00f6nnen.<\/li>\n<li>Und viele andere, die es in unserem Online-Shop zu entdecken gibt!<\/li>\n<\/ul>\n<p>Deshalb sind hier tolle Geschenkideen f\u00fcr Geschichtsinteressierte.<\/p>\n<p>Abschlie\u00dfend k\u00f6nnen Sie auch diesen <strong>Stiftungsstern Sheriff County<\/strong> f\u00fcr Ihre Country-Partys. Vor allem aber ist diese Brosche ein Sammler- und Dekorationsst\u00fcck.<\/p>\n<p>R\u00e9plique Manga Cin\u00e9 ist ein franz\u00f6sisches Familienunternehmen. Offizieller Vertriebspartner der Marke <a href=\"https:\/\/www.denix.fr\/fr\/catalogue\/guerre-civile-occidentale-et-americaine-1861-1899\/plaques\/113-nq\/\" target=\"_blank\" rel=\"noopener noreferrer\">Denix<\/a>.<\/p>","protected":false},"excerpt":{"rendered":"<p>Der Sheriff County Broschenstern ist ein unverzichtbares Accessoire f\u00fcr Ihr Westernkost\u00fcm.<\/p>\n<ul>\n<li>Dieses Ansteckabzeichen ist aus altmodischem Metall.<\/li>\n<li>Besonders ausgearbeitetes Design.<\/li>\n<li>Verzierungen auf jedem der sechs Zweige.<\/li>\n<li>Gravur in der Mitte der Inschrift Grand Sheriff County.<\/li>\n<li>Nadel zur Fixierung.<\/li>\n<li>Abmessungen: 6.9 cm - Gewicht: 18 g<\/li>\n<\/ul>","protected":false},"featured_media":25781,"template":"","meta":[],"product_brand":[896],"product_cat":[51,34,102,90,28,27],"product_tag":[],"class_list":{"0":"post-25780","1":"product","2":"type-product","3":"status-publish","4":"has-post-thumbnail","6":"product_brand-replique-manga-cine","7":"product_cat-accessoires-western","8":"product_cat-armes-westerns","9":"product_cat-denix","10":"product_cat-holster-accessoires-western","11":"product_cat-repliques-darmes","12":"product_cat-armes-et-accessoires-western","14":"first","15":"instock","16":"taxable","17":"shipping-taxable","18":"purchasable","19":"product-type-simple"},"yoast_head":"<!-- This site is optimized with the Yoast SEO plugin v27.5 - https:\/\/yoast.com\/product\/yoast-seo-wordpress\/ -->\n<title>\u00c9toile broche Sh\u00e9riff County - Vente d&#039;Accessoires Western - RMC<\/title>\n<meta name=\"description\" content=\"Pour toutes vos soir\u00e9es country, d\u00e9couvrez cette \u00c9toile broche Sh\u00e9riff County au meilleur prix - 6 branches - Tout en m\u00e9tal grav\u00e9 - 6.9 cm\" \/>\n<meta name=\"robots\" content=\"index, follow, max-snippet:-1, max-image-preview:large, max-video-preview:-1\" \/>\n<link rel=\"canonical\" href=\"https:\/\/repliquemangacine.fr\/de\/holster-westernzubehor\/sheriff-county-brown-star\/\" \/>\n<meta property=\"og:locale\" content=\"de_DE\" \/>\n<meta property=\"og:type\" content=\"article\" \/>\n<meta property=\"og:title\" content=\"\u00c9toile broche Sh\u00e9riff County - Vente d&#039;Accessoires Western - RMC\" \/>\n<meta property=\"og:description\" content=\"Pour toutes vos soir\u00e9es country, d\u00e9couvrez cette \u00c9toile broche Sh\u00e9riff County au meilleur prix - 6 branches - Tout en m\u00e9tal grav\u00e9 - 6.9 cm\" \/>\n<meta property=\"og:url\" content=\"https:\/\/repliquemangacine.fr\/de\/holster-westernzubehor\/sheriff-county-brown-star\/\" \/>\n<meta property=\"og:site_name\" content=\"R\u00e9plique Manga Cin\u00e9\" \/>\n<meta property=\"article:publisher\" content=\"https:\/\/www.facebook.com\/RepliqueMangaCine\" \/>\n<meta property=\"article:modified_time\" content=\"2026-04-15T11:08:00+00:00\" \/>\n<meta property=\"og:image\" content=\"https:\/\/repliquemangacine.fr\/wp-content\/uploads\/2023\/10\/533-Etoile-grand-Sheriff-County-Insigne-broche.jpg\" \/>\n\t<meta property=\"og:image:width\" content=\"800\" \/>\n\t<meta property=\"og:image:height\" content=\"800\" \/>\n\t<meta property=\"og:image:type\" content=\"image\/jpeg\" \/>\n<meta name=\"twitter:card\" content=\"summary_large_image\" \/>\n<meta name=\"twitter:label1\" content=\"Gesch\u00e4tzte Lesezeit\" \/>\n\t<meta name=\"twitter:data1\" content=\"2\u00a0Minuten\" \/>\n<script type=\"application\/ld+json\" class=\"yoast-schema-graph\">{\"@context\":\"https:\\\/\\\/schema.org\",\"@graph\":[{\"@type\":\"WebPage\",\"@id\":\"https:\\\/\\\/repliquemangacine.fr\\\/holster-accessoires-western\\\/etoile-broche-sheriff-county\\\/\",\"url\":\"https:\\\/\\\/repliquemangacine.fr\\\/holster-accessoires-western\\\/etoile-broche-sheriff-county\\\/\",\"name\":\"\u00c9toile broche Sh\u00e9riff County - Vente d'Accessoires Western - RMC\",\"isPartOf\":{\"@id\":\"https:\\\/\\\/repliquemangacine.fr\\\/#website\"},\"primaryImageOfPage\":{\"@id\":\"https:\\\/\\\/repliquemangacine.fr\\\/holster-accessoires-western\\\/etoile-broche-sheriff-county\\\/#primaryimage\"},\"image\":{\"@id\":\"https:\\\/\\\/repliquemangacine.fr\\\/holster-accessoires-western\\\/etoile-broche-sheriff-county\\\/#primaryimage\"},\"thumbnailUrl\":\"https:\\\/\\\/repliquemangacine.fr\\\/wp-content\\\/uploads\\\/2023\\\/10\\\/533-Etoile-grand-Sheriff-County-Insigne-broche.jpg\",\"datePublished\":\"2016-10-12T17:54:15+00:00\",\"dateModified\":\"2026-04-15T11:08:00+00:00\",\"description\":\"Pour toutes vos soir\u00e9es country, d\u00e9couvrez cette \u00c9toile broche Sh\u00e9riff County au meilleur prix - 6 branches - Tout en m\u00e9tal grav\u00e9 - 6.9 cm\",\"breadcrumb\":{\"@id\":\"https:\\\/\\\/repliquemangacine.fr\\\/holster-accessoires-western\\\/etoile-broche-sheriff-county\\\/#breadcrumb\"},\"inLanguage\":\"de\",\"potentialAction\":[{\"@type\":\"ReadAction\",\"target\":[\"https:\\\/\\\/repliquemangacine.fr\\\/holster-accessoires-western\\\/etoile-broche-sheriff-county\\\/\"]}]},{\"@type\":\"ImageObject\",\"inLanguage\":\"de\",\"@id\":\"https:\\\/\\\/repliquemangacine.fr\\\/holster-accessoires-western\\\/etoile-broche-sheriff-county\\\/#primaryimage\",\"url\":\"https:\\\/\\\/repliquemangacine.fr\\\/wp-content\\\/uploads\\\/2023\\\/10\\\/533-Etoile-grand-Sheriff-County-Insigne-broche.jpg\",\"contentUrl\":\"https:\\\/\\\/repliquemangacine.fr\\\/wp-content\\\/uploads\\\/2023\\\/10\\\/533-Etoile-grand-Sheriff-County-Insigne-broche.jpg\",\"width\":800,\"height\":800,\"caption\":\"Etoile grand Sh\u00e9riff County - Insigne broche\"},{\"@type\":\"BreadcrumbList\",\"@id\":\"https:\\\/\\\/repliquemangacine.fr\\\/holster-accessoires-western\\\/etoile-broche-sheriff-county\\\/#breadcrumb\",\"itemListElement\":[{\"@type\":\"ListItem\",\"position\":1,\"name\":\"Accueil\",\"item\":\"https:\\\/\\\/repliquemangacine.fr\\\/\"},{\"@type\":\"ListItem\",\"position\":2,\"name\":\"Produits\",\"item\":\"https:\\\/\\\/repliquemangacine.fr\\\/boutique\\\/\"},{\"@type\":\"ListItem\",\"position\":3,\"name\":\"\u00c9toile broche Sh\u00e9riff County\"}]},{\"@type\":\"WebSite\",\"@id\":\"https:\\\/\\\/repliquemangacine.fr\\\/#website\",\"url\":\"https:\\\/\\\/repliquemangacine.fr\\\/\",\"name\":\"R\u00e9plique Manga Cin\u00e9\",\"description\":\"\",\"publisher\":{\"@id\":\"https:\\\/\\\/repliquemangacine.fr\\\/#organization\"},\"potentialAction\":[{\"@type\":\"SearchAction\",\"target\":{\"@type\":\"EntryPoint\",\"urlTemplate\":\"https:\\\/\\\/repliquemangacine.fr\\\/?s={search_term_string}\"},\"query-input\":{\"@type\":\"PropertyValueSpecification\",\"valueRequired\":true,\"valueName\":\"search_term_string\"}}],\"inLanguage\":\"de\"},{\"@type\":\"Organization\",\"@id\":\"https:\\\/\\\/repliquemangacine.fr\\\/#organization\",\"name\":\"R\u00e9plique Manga Cin\u00e9\",\"url\":\"https:\\\/\\\/repliquemangacine.fr\\\/\",\"logo\":{\"@type\":\"ImageObject\",\"inLanguage\":\"de\",\"@id\":\"https:\\\/\\\/repliquemangacine.fr\\\/#\\\/schema\\\/logo\\\/image\\\/\",\"url\":\"https:\\\/\\\/repliquemangacine.fr\\\/wp-content\\\/uploads\\\/2023\\\/10\\\/RMC-500250.png\",\"contentUrl\":\"https:\\\/\\\/repliquemangacine.fr\\\/wp-content\\\/uploads\\\/2023\\\/10\\\/RMC-500250.png\",\"width\":500,\"height\":250,\"caption\":\"R\u00e9plique Manga Cin\u00e9\"},\"image\":{\"@id\":\"https:\\\/\\\/repliquemangacine.fr\\\/#\\\/schema\\\/logo\\\/image\\\/\"},\"sameAs\":[\"https:\\\/\\\/www.facebook.com\\\/RepliqueMangaCine\",\"https:\\\/\\\/www.instagram.com\\\/repliquemangacine.fr\\\/\"]}]}<\/script>\n<!-- \/ Yoast SEO plugin. -->","yoast_head_json":{"title":"Broschenstern Sheriff County - Verkauf von Westernzubeh\u00f6r - RMC","description":"F\u00fcr alle Ihre Country-Partys, entdecken Sie diesen Stern Brosche Sheriff County zum besten Preis - 6 Arme - Alles aus Metall graviert - 6.9 cm","robots":{"index":"index","follow":"follow","max-snippet":"max-snippet:-1","max-image-preview":"max-image-preview:large","max-video-preview":"max-video-preview:-1"},"canonical":"https:\/\/repliquemangacine.fr\/de\/holster-westernzubehor\/sheriff-county-brown-star\/","og_locale":"de_DE","og_type":"article","og_title":"\u00c9toile broche Sh\u00e9riff County - Vente d'Accessoires Western - RMC","og_description":"Pour toutes vos soir\u00e9es country, d\u00e9couvrez cette \u00c9toile broche Sh\u00e9riff County au meilleur prix - 6 branches - Tout en m\u00e9tal grav\u00e9 - 6.9 cm","og_url":"https:\/\/repliquemangacine.fr\/de\/holster-westernzubehor\/sheriff-county-brown-star\/","og_site_name":"R\u00e9plique Manga Cin\u00e9","article_publisher":"https:\/\/www.facebook.com\/RepliqueMangaCine","article_modified_time":"2026-04-15T11:08:00+00:00","og_image":[{"width":800,"height":800,"url":"https:\/\/repliquemangacine.fr\/wp-content\/uploads\/2023\/10\/533-Etoile-grand-Sheriff-County-Insigne-broche.jpg","type":"image\/jpeg"}],"twitter_card":"summary_large_image","twitter_misc":{"Gesch\u00e4tzte Lesezeit":"2\u00a0Minuten"},"schema":{"@context":"https:\/\/schema.org","@graph":[{"@type":"WebPage","@id":"https:\/\/repliquemangacine.fr\/holster-accessoires-western\/etoile-broche-sheriff-county\/","url":"https:\/\/repliquemangacine.fr\/holster-accessoires-western\/etoile-broche-sheriff-county\/","name":"Broschenstern Sheriff County - Verkauf von Westernzubeh\u00f6r - RMC","isPartOf":{"@id":"https:\/\/repliquemangacine.fr\/#website"},"primaryImageOfPage":{"@id":"https:\/\/repliquemangacine.fr\/holster-accessoires-western\/etoile-broche-sheriff-county\/#primaryimage"},"image":{"@id":"https:\/\/repliquemangacine.fr\/holster-accessoires-western\/etoile-broche-sheriff-county\/#primaryimage"},"thumbnailUrl":"https:\/\/repliquemangacine.fr\/wp-content\/uploads\/2023\/10\/533-Etoile-grand-Sheriff-County-Insigne-broche.jpg","datePublished":"2016-10-12T17:54:15+00:00","dateModified":"2026-04-15T11:08:00+00:00","description":"F\u00fcr alle Ihre Country-Partys, entdecken Sie diesen Stern Brosche Sheriff County zum besten Preis - 6 Arme - Alles aus Metall graviert - 6.9 cm","breadcrumb":{"@id":"https:\/\/repliquemangacine.fr\/holster-accessoires-western\/etoile-broche-sheriff-county\/#breadcrumb"},"inLanguage":"de","potentialAction":[{"@type":"ReadAction","target":["https:\/\/repliquemangacine.fr\/holster-accessoires-western\/etoile-broche-sheriff-county\/"]}]},{"@type":"ImageObject","inLanguage":"de","@id":"https:\/\/repliquemangacine.fr\/holster-accessoires-western\/etoile-broche-sheriff-county\/#primaryimage","url":"https:\/\/repliquemangacine.fr\/wp-content\/uploads\/2023\/10\/533-Etoile-grand-Sheriff-County-Insigne-broche.jpg","contentUrl":"https:\/\/repliquemangacine.fr\/wp-content\/uploads\/2023\/10\/533-Etoile-grand-Sheriff-County-Insigne-broche.jpg","width":800,"height":800,"caption":"Etoile grand Sh\u00e9riff County - Insigne broche"},{"@type":"BreadcrumbList","@id":"https:\/\/repliquemangacine.fr\/holster-accessoires-western\/etoile-broche-sheriff-county\/#breadcrumb","itemListElement":[{"@type":"ListItem","position":1,"name":"Accueil","item":"https:\/\/repliquemangacine.fr\/"},{"@type":"ListItem","position":2,"name":"Produits","item":"https:\/\/repliquemangacine.fr\/boutique\/"},{"@type":"ListItem","position":3,"name":"\u00c9toile broche Sh\u00e9riff County"}]},{"@type":"WebSite","@id":"https:\/\/repliquemangacine.fr\/#website","url":"https:\/\/repliquemangacine.fr\/","name":"R\u00e9plique Manga Cin\u00e9","description":"","publisher":{"@id":"https:\/\/repliquemangacine.fr\/#organization"},"potentialAction":[{"@type":"SearchAction","target":{"@type":"EntryPoint","urlTemplate":"https:\/\/repliquemangacine.fr\/?s={search_term_string}"},"query-input":{"@type":"PropertyValueSpecification","valueRequired":true,"valueName":"search_term_string"}}],"inLanguage":"de"},{"@type":"Organization","@id":"https:\/\/repliquemangacine.fr\/#organization","name":"R\u00e9plique Manga Cin\u00e9","url":"https:\/\/repliquemangacine.fr\/","logo":{"@type":"ImageObject","inLanguage":"de","@id":"https:\/\/repliquemangacine.fr\/#\/schema\/logo\/image\/","url":"https:\/\/repliquemangacine.fr\/wp-content\/uploads\/2023\/10\/RMC-500250.png","contentUrl":"https:\/\/repliquemangacine.fr\/wp-content\/uploads\/2023\/10\/RMC-500250.png","width":500,"height":250,"caption":"R\u00e9plique Manga Cin\u00e9"},"image":{"@id":"https:\/\/repliquemangacine.fr\/#\/schema\/logo\/image\/"},"sameAs":["https:\/\/www.facebook.com\/RepliqueMangaCine","https:\/\/www.instagram.com\/repliquemangacine.fr\/"]}]}},"_links":{"self":[{"href":"https:\/\/repliquemangacine.fr\/de\/wp-json\/wp\/v2\/product\/25780","targetHints":{"allow":["GET"]}}],"collection":[{"href":"https:\/\/repliquemangacine.fr\/de\/wp-json\/wp\/v2\/product"}],"about":[{"href":"https:\/\/repliquemangacine.fr\/de\/wp-json\/wp\/v2\/types\/product"}],"wp:featuredmedia":[{"embeddable":true,"href":"https:\/\/repliquemangacine.fr\/de\/wp-json\/wp\/v2\/media\/25781"}],"wp:attachment":[{"href":"https:\/\/repliquemangacine.fr\/de\/wp-json\/wp\/v2\/media?parent=25780"}],"wp:term":[{"taxonomy":"product_brand","embeddable":true,"href":"https:\/\/repliquemangacine.fr\/de\/wp-json\/wp\/v2\/product_brand?post=25780"},{"taxonomy":"product_cat","embeddable":true,"href":"https:\/\/repliquemangacine.fr\/de\/wp-json\/wp\/v2\/product_cat?post=25780"},{"taxonomy":"product_tag","embeddable":true,"href":"https:\/\/repliquemangacine.fr\/de\/wp-json\/wp\/v2\/product_tag?post=25780"}],"curies":[{"name":"wp","href":"https:\/\/api.w.org\/{rel}","templated":true}]}}