





{"id":25769,"date":"2016-10-12T18:49:46","date_gmt":"2016-10-12T16:49:46","guid":{"rendered":"https:\/\/repliquemangacine.fr\/?post_type=product&#038;p=25769"},"modified":"2025-09-23T18:01:36","modified_gmt":"2025-09-23T16:01:36","slug":"indianisches-polizeiabzeichen","status":"publish","type":"product","link":"https:\/\/repliquemangacine.fr\/de\/holster-accessoires-western\/insigne-indian-police\/","title":{"rendered":"Indian Police Abzeichen"},"content":{"rendered":"<h2>Indian Police Abzeichen<\/h2>\n<p>Zu Beginn dieses <strong>Indian Police Abzeichen<\/strong> besteht aus verziertem Metall und ist ein unverzichtbares Accessoire f\u00fcr Ihr Westernkost\u00fcm.<\/p>\n<p>Ein Abzeichen ist ein unverwechselbares Zeichen der Zugeh\u00f6rigkeit zu einer Gruppe, einem Rang, einer Position oder einer Funktion.<\/p>\n<p>Im Singular bezeichnet Abzeichen \u00fcblicherweise das Hauptelement, meist aus Metall oder Textil. Im Plural bezeichnen Abzeichen die Gesamtheit der Teile einer Auszeichnung oder die verschiedenen Elemente, die zu einem Rang, einem Dienstgrad oder einer W\u00fcrde geh\u00f6ren.<\/p>\n<p>In den USA ist ein Sheriff ein gew\u00e4hlter Beamter, der auf der Ebene eines Countys f\u00fcr die Justiz zust\u00e4ndig ist. Jeder Bundesstaat ist in Countys unterteilt (au\u00dfer Alaska und Louisiana), die wiederum eine Reihe von Gemeinden umfassen. Der Sheriff ist in gewisser Weise ein Minister f\u00fcr Recht und Ordnung in seinem Gebiet. Er ist f\u00fcr die Gef\u00e4ngnisse des Countys, die Zivilgerichte und die Ma\u00dfnahmen zur Durchsetzung von Gesetzen und Vorschriften zust\u00e4ndig.<\/p>\n<h2>Ihr Westernzubeh\u00f6r zum besten Preis.<\/h2>\n<p>Wir bieten Ihnen eine gro\u00dfe Auswahl an Reproduktionen von Westernzubeh\u00f6r.<\/p>\n<p>Zun\u00e4chst einmal,<\/p>\n<ul>\n<li>Diese <a href=\"https:\/\/repliquemangacine.fr\/de\/holster-zubehor\/ceinturon-cuir-pour-colt-holster-simple\/\">G\u00fcrtelholster<\/a> f\u00fcr Sheriffkragen, um Ihre Verkleidung zu vervollst\u00e4ndigen.<\/li>\n<li>Sowie die <a href=\"https:\/\/repliquemangacine.fr\/de\/kolser-waffe\/6-attrappenkugeln-fur-colt-45-kolser\/\">Attrappenkugeln f\u00fcr Kolser Colt<\/a> als Begleitung zu Ihrem Revolver.<\/li>\n<li>Es gibt auch Holzst\u00e4nder f\u00fcr Ihren Colt Kaliber 45.<\/li>\n<li>Und viele andere, die es in unserem Online-Shop zu entdecken gibt!<\/li>\n<\/ul>\n<p>Dieses Abzeichen stammt von der indianischen Polizei Westlicher B\u00fcrgerkrieg und Amerikanischer B\u00fcrgerkrieg 1861\u20131899. Deshalb sind dies gro\u00dfartige Geschenkideen f\u00fcr Geschichtsinteressierte.<\/p>\n<p>Abschlie\u00dfend k\u00f6nnen Sie auch diesen<strong> Indian Police Abzeichen<\/strong> f\u00fcr Ihre Country-Partys. Vor allem aber ist diese Brosche ein Sammler- und Dekorationsst\u00fcck.<\/p>\n<p>R\u00e9plique Manga Cin\u00e9 ist ein franz\u00f6sisches Familienunternehmen. Offizieller Vertriebspartner der Marke <a href=\"https:\/\/www.denix.fr\/fr\/catalogue\/guerre-civile-occidentale-et-americaine-1861-1899\/\" target=\"_blank\" rel=\"noopener noreferrer\">Denix<\/a>.<\/p>","protected":false},"excerpt":{"rendered":"<p>Das Abzeichen Abzeichen Indian Police ist ein unverzichtbares Accessoire f\u00fcr Ihr Westernkost\u00fcm.<\/p>\n<ul>\n<li>Dieses Ansteckabzeichen besteht aus 5-fach vergoldetem Metall.<\/li>\n<li>Eingraviert mit der Inschrift Indian Police Tahleouah<\/li>\n<li>Verzierungen auf allen f\u00fcnf Armen.<\/li>\n<\/ul>","protected":false},"featured_media":25770,"template":"","meta":[],"product_brand":[896],"product_cat":[51,102,90,28,27],"product_tag":[],"class_list":{"0":"post-25769","1":"product","2":"type-product","3":"status-publish","4":"has-post-thumbnail","6":"product_brand-replique-manga-cine","7":"product_cat-accessoires-western","8":"product_cat-denix","9":"product_cat-holster-accessoires-western","10":"product_cat-repliques-darmes","11":"product_cat-armes-et-accessoires-western","13":"first","14":"instock","15":"taxable","16":"shipping-taxable","17":"purchasable","18":"product-type-simple"},"yoast_head":"<!-- This site is optimized with the Yoast SEO plugin v27.5 - https:\/\/yoast.com\/product\/yoast-seo-wordpress\/ -->\n<title>Insigne Indian Police - Accessoire Western - R\u00e9plique Manga Cin\u00e9<\/title>\n<meta name=\"description\" content=\"Venez d\u00e9couvrir ! Cette Insigne Indian Police au meilleur prix du march\u00e9 - Tout en m\u00e9tal grav\u00e9 - \u00c9pingle broche au dos - Dimension : 7.6 cm\" \/>\n<meta name=\"robots\" content=\"index, follow, max-snippet:-1, max-image-preview:large, max-video-preview:-1\" \/>\n<link rel=\"canonical\" href=\"https:\/\/repliquemangacine.fr\/de\/denix\/indianisches-polizeiabzeichen\/\" \/>\n<meta property=\"og:locale\" content=\"de_DE\" \/>\n<meta property=\"og:type\" content=\"article\" \/>\n<meta property=\"og:title\" content=\"Insigne Indian Police - Accessoire Western - R\u00e9plique Manga Cin\u00e9\" \/>\n<meta property=\"og:description\" content=\"Venez d\u00e9couvrir ! Cette Insigne Indian Police au meilleur prix du march\u00e9 - Tout en m\u00e9tal grav\u00e9 - \u00c9pingle broche au dos - Dimension : 7.6 cm\" \/>\n<meta property=\"og:url\" content=\"https:\/\/repliquemangacine.fr\/de\/denix\/indianisches-polizeiabzeichen\/\" \/>\n<meta property=\"og:site_name\" content=\"R\u00e9plique Manga Cin\u00e9\" \/>\n<meta property=\"article:publisher\" content=\"https:\/\/www.facebook.com\/RepliqueMangaCine\" \/>\n<meta property=\"article:modified_time\" content=\"2025-09-23T16:01:36+00:00\" \/>\n<meta property=\"og:image\" content=\"https:\/\/repliquemangacine.fr\/wp-content\/uploads\/2023\/10\/526-Insigne-Indian-Police-etoile-sherif-western.jpg\" \/>\n\t<meta property=\"og:image:width\" content=\"800\" \/>\n\t<meta property=\"og:image:height\" content=\"800\" \/>\n\t<meta property=\"og:image:type\" content=\"image\/jpeg\" \/>\n<meta name=\"twitter:card\" content=\"summary_large_image\" \/>\n<meta name=\"twitter:label1\" content=\"Gesch\u00e4tzte Lesezeit\" \/>\n\t<meta name=\"twitter:data1\" content=\"2\u00a0Minuten\" \/>\n<script type=\"application\/ld+json\" class=\"yoast-schema-graph\">{\"@context\":\"https:\\\/\\\/schema.org\",\"@graph\":[{\"@type\":\"WebPage\",\"@id\":\"https:\\\/\\\/repliquemangacine.fr\\\/denix\\\/insigne-indian-police\\\/\",\"url\":\"https:\\\/\\\/repliquemangacine.fr\\\/denix\\\/insigne-indian-police\\\/\",\"name\":\"Insigne Indian Police - Accessoire Western - R\u00e9plique Manga Cin\u00e9\",\"isPartOf\":{\"@id\":\"https:\\\/\\\/repliquemangacine.fr\\\/#website\"},\"primaryImageOfPage\":{\"@id\":\"https:\\\/\\\/repliquemangacine.fr\\\/denix\\\/insigne-indian-police\\\/#primaryimage\"},\"image\":{\"@id\":\"https:\\\/\\\/repliquemangacine.fr\\\/denix\\\/insigne-indian-police\\\/#primaryimage\"},\"thumbnailUrl\":\"https:\\\/\\\/repliquemangacine.fr\\\/wp-content\\\/uploads\\\/2023\\\/10\\\/526-Insigne-Indian-Police-etoile-sherif-western.jpg\",\"datePublished\":\"2016-10-12T16:49:46+00:00\",\"dateModified\":\"2025-09-23T16:01:36+00:00\",\"description\":\"Venez d\u00e9couvrir ! Cette Insigne Indian Police au meilleur prix du march\u00e9 - Tout en m\u00e9tal grav\u00e9 - \u00c9pingle broche au dos - Dimension : 7.6 cm\",\"breadcrumb\":{\"@id\":\"https:\\\/\\\/repliquemangacine.fr\\\/denix\\\/insigne-indian-police\\\/#breadcrumb\"},\"inLanguage\":\"de\",\"potentialAction\":[{\"@type\":\"ReadAction\",\"target\":[\"https:\\\/\\\/repliquemangacine.fr\\\/denix\\\/insigne-indian-police\\\/\"]}]},{\"@type\":\"ImageObject\",\"inLanguage\":\"de\",\"@id\":\"https:\\\/\\\/repliquemangacine.fr\\\/denix\\\/insigne-indian-police\\\/#primaryimage\",\"url\":\"https:\\\/\\\/repliquemangacine.fr\\\/wp-content\\\/uploads\\\/2023\\\/10\\\/526-Insigne-Indian-Police-etoile-sherif-western.jpg\",\"contentUrl\":\"https:\\\/\\\/repliquemangacine.fr\\\/wp-content\\\/uploads\\\/2023\\\/10\\\/526-Insigne-Indian-Police-etoile-sherif-western.jpg\",\"width\":800,\"height\":800,\"caption\":\"Insigne Indian Police - etoile sherif western\"},{\"@type\":\"BreadcrumbList\",\"@id\":\"https:\\\/\\\/repliquemangacine.fr\\\/denix\\\/insigne-indian-police\\\/#breadcrumb\",\"itemListElement\":[{\"@type\":\"ListItem\",\"position\":1,\"name\":\"Accueil\",\"item\":\"https:\\\/\\\/repliquemangacine.fr\\\/\"},{\"@type\":\"ListItem\",\"position\":2,\"name\":\"Produits\",\"item\":\"https:\\\/\\\/repliquemangacine.fr\\\/boutique\\\/\"},{\"@type\":\"ListItem\",\"position\":3,\"name\":\"Insigne Indian Police\"}]},{\"@type\":\"WebSite\",\"@id\":\"https:\\\/\\\/repliquemangacine.fr\\\/#website\",\"url\":\"https:\\\/\\\/repliquemangacine.fr\\\/\",\"name\":\"R\u00e9plique Manga Cin\u00e9\",\"description\":\"\",\"publisher\":{\"@id\":\"https:\\\/\\\/repliquemangacine.fr\\\/#organization\"},\"potentialAction\":[{\"@type\":\"SearchAction\",\"target\":{\"@type\":\"EntryPoint\",\"urlTemplate\":\"https:\\\/\\\/repliquemangacine.fr\\\/?s={search_term_string}\"},\"query-input\":{\"@type\":\"PropertyValueSpecification\",\"valueRequired\":true,\"valueName\":\"search_term_string\"}}],\"inLanguage\":\"de\"},{\"@type\":\"Organization\",\"@id\":\"https:\\\/\\\/repliquemangacine.fr\\\/#organization\",\"name\":\"R\u00e9plique Manga Cin\u00e9\",\"url\":\"https:\\\/\\\/repliquemangacine.fr\\\/\",\"logo\":{\"@type\":\"ImageObject\",\"inLanguage\":\"de\",\"@id\":\"https:\\\/\\\/repliquemangacine.fr\\\/#\\\/schema\\\/logo\\\/image\\\/\",\"url\":\"https:\\\/\\\/repliquemangacine.fr\\\/wp-content\\\/uploads\\\/2023\\\/10\\\/RMC-500250.png\",\"contentUrl\":\"https:\\\/\\\/repliquemangacine.fr\\\/wp-content\\\/uploads\\\/2023\\\/10\\\/RMC-500250.png\",\"width\":500,\"height\":250,\"caption\":\"R\u00e9plique Manga Cin\u00e9\"},\"image\":{\"@id\":\"https:\\\/\\\/repliquemangacine.fr\\\/#\\\/schema\\\/logo\\\/image\\\/\"},\"sameAs\":[\"https:\\\/\\\/www.facebook.com\\\/RepliqueMangaCine\",\"https:\\\/\\\/www.instagram.com\\\/repliquemangacine.fr\\\/\"]}]}<\/script>\n<!-- \/ Yoast SEO plugin. -->","yoast_head_json":{"title":"Indian Police Abzeichen - Western Accessoire - R\u00e9plique Manga Cin\u00e9","description":"Kommen Sie und entdecken Sie! Dieses Indian Police Abzeichen zum besten Preis auf dem Markt - Alles aus Metall mit Gravur - Anstecknadel auf der R\u00fcckseite - Gr\u00f6\u00dfe: 7.6 cm","robots":{"index":"index","follow":"follow","max-snippet":"max-snippet:-1","max-image-preview":"max-image-preview:large","max-video-preview":"max-video-preview:-1"},"canonical":"https:\/\/repliquemangacine.fr\/de\/denix\/indianisches-polizeiabzeichen\/","og_locale":"de_DE","og_type":"article","og_title":"Insigne Indian Police - Accessoire Western - R\u00e9plique Manga Cin\u00e9","og_description":"Venez d\u00e9couvrir ! Cette Insigne Indian Police au meilleur prix du march\u00e9 - Tout en m\u00e9tal grav\u00e9 - \u00c9pingle broche au dos - Dimension : 7.6 cm","og_url":"https:\/\/repliquemangacine.fr\/de\/denix\/indianisches-polizeiabzeichen\/","og_site_name":"R\u00e9plique Manga Cin\u00e9","article_publisher":"https:\/\/www.facebook.com\/RepliqueMangaCine","article_modified_time":"2025-09-23T16:01:36+00:00","og_image":[{"width":800,"height":800,"url":"https:\/\/repliquemangacine.fr\/wp-content\/uploads\/2023\/10\/526-Insigne-Indian-Police-etoile-sherif-western.jpg","type":"image\/jpeg"}],"twitter_card":"summary_large_image","twitter_misc":{"Gesch\u00e4tzte Lesezeit":"2\u00a0Minuten"},"schema":{"@context":"https:\/\/schema.org","@graph":[{"@type":"WebPage","@id":"https:\/\/repliquemangacine.fr\/denix\/insigne-indian-police\/","url":"https:\/\/repliquemangacine.fr\/denix\/insigne-indian-police\/","name":"Indian Police Abzeichen - Western Accessoire - R\u00e9plique Manga Cin\u00e9","isPartOf":{"@id":"https:\/\/repliquemangacine.fr\/#website"},"primaryImageOfPage":{"@id":"https:\/\/repliquemangacine.fr\/denix\/insigne-indian-police\/#primaryimage"},"image":{"@id":"https:\/\/repliquemangacine.fr\/denix\/insigne-indian-police\/#primaryimage"},"thumbnailUrl":"https:\/\/repliquemangacine.fr\/wp-content\/uploads\/2023\/10\/526-Insigne-Indian-Police-etoile-sherif-western.jpg","datePublished":"2016-10-12T16:49:46+00:00","dateModified":"2025-09-23T16:01:36+00:00","description":"Kommen Sie und entdecken Sie! Dieses Indian Police Abzeichen zum besten Preis auf dem Markt - Alles aus Metall mit Gravur - Anstecknadel auf der R\u00fcckseite - Gr\u00f6\u00dfe: 7.6 cm","breadcrumb":{"@id":"https:\/\/repliquemangacine.fr\/denix\/insigne-indian-police\/#breadcrumb"},"inLanguage":"de","potentialAction":[{"@type":"ReadAction","target":["https:\/\/repliquemangacine.fr\/denix\/insigne-indian-police\/"]}]},{"@type":"ImageObject","inLanguage":"de","@id":"https:\/\/repliquemangacine.fr\/denix\/insigne-indian-police\/#primaryimage","url":"https:\/\/repliquemangacine.fr\/wp-content\/uploads\/2023\/10\/526-Insigne-Indian-Police-etoile-sherif-western.jpg","contentUrl":"https:\/\/repliquemangacine.fr\/wp-content\/uploads\/2023\/10\/526-Insigne-Indian-Police-etoile-sherif-western.jpg","width":800,"height":800,"caption":"Insigne Indian Police - etoile sherif western"},{"@type":"BreadcrumbList","@id":"https:\/\/repliquemangacine.fr\/denix\/insigne-indian-police\/#breadcrumb","itemListElement":[{"@type":"ListItem","position":1,"name":"Accueil","item":"https:\/\/repliquemangacine.fr\/"},{"@type":"ListItem","position":2,"name":"Produits","item":"https:\/\/repliquemangacine.fr\/boutique\/"},{"@type":"ListItem","position":3,"name":"Insigne Indian Police"}]},{"@type":"WebSite","@id":"https:\/\/repliquemangacine.fr\/#website","url":"https:\/\/repliquemangacine.fr\/","name":"R\u00e9plique Manga Cin\u00e9","description":"","publisher":{"@id":"https:\/\/repliquemangacine.fr\/#organization"},"potentialAction":[{"@type":"SearchAction","target":{"@type":"EntryPoint","urlTemplate":"https:\/\/repliquemangacine.fr\/?s={search_term_string}"},"query-input":{"@type":"PropertyValueSpecification","valueRequired":true,"valueName":"search_term_string"}}],"inLanguage":"de"},{"@type":"Organization","@id":"https:\/\/repliquemangacine.fr\/#organization","name":"R\u00e9plique Manga Cin\u00e9","url":"https:\/\/repliquemangacine.fr\/","logo":{"@type":"ImageObject","inLanguage":"de","@id":"https:\/\/repliquemangacine.fr\/#\/schema\/logo\/image\/","url":"https:\/\/repliquemangacine.fr\/wp-content\/uploads\/2023\/10\/RMC-500250.png","contentUrl":"https:\/\/repliquemangacine.fr\/wp-content\/uploads\/2023\/10\/RMC-500250.png","width":500,"height":250,"caption":"R\u00e9plique Manga Cin\u00e9"},"image":{"@id":"https:\/\/repliquemangacine.fr\/#\/schema\/logo\/image\/"},"sameAs":["https:\/\/www.facebook.com\/RepliqueMangaCine","https:\/\/www.instagram.com\/repliquemangacine.fr\/"]}]}},"_links":{"self":[{"href":"https:\/\/repliquemangacine.fr\/de\/wp-json\/wp\/v2\/product\/25769","targetHints":{"allow":["GET"]}}],"collection":[{"href":"https:\/\/repliquemangacine.fr\/de\/wp-json\/wp\/v2\/product"}],"about":[{"href":"https:\/\/repliquemangacine.fr\/de\/wp-json\/wp\/v2\/types\/product"}],"wp:featuredmedia":[{"embeddable":true,"href":"https:\/\/repliquemangacine.fr\/de\/wp-json\/wp\/v2\/media\/25770"}],"wp:attachment":[{"href":"https:\/\/repliquemangacine.fr\/de\/wp-json\/wp\/v2\/media?parent=25769"}],"wp:term":[{"taxonomy":"product_brand","embeddable":true,"href":"https:\/\/repliquemangacine.fr\/de\/wp-json\/wp\/v2\/product_brand?post=25769"},{"taxonomy":"product_cat","embeddable":true,"href":"https:\/\/repliquemangacine.fr\/de\/wp-json\/wp\/v2\/product_cat?post=25769"},{"taxonomy":"product_tag","embeddable":true,"href":"https:\/\/repliquemangacine.fr\/de\/wp-json\/wp\/v2\/product_tag?post=25769"}],"curies":[{"name":"wp","href":"https:\/\/api.w.org\/{rel}","templated":true}]}}