





{"id":25759,"date":"2016-10-12T17:12:54","date_gmt":"2016-10-12T15:12:54","guid":{"rendered":"https:\/\/repliquemangacine.fr\/?post_type=product&#038;p=25759"},"modified":"2026-01-15T21:42:51","modified_gmt":"2026-01-15T20:42:51","slug":"sherif-stern-lincoln-county","status":"publish","type":"product","link":"https:\/\/repliquemangacine.fr\/de\/holster-accessoires-western\/etoile-sherif-lincoln-county\/","title":{"rendered":"Stern Sheriff Lincoln County"},"content":{"rendered":"<h2>Stern Sheriff Lincoln County<\/h2>\n<p>Zun\u00e4chst einmal ist dieser Lincoln County Sheriff-Stern aus verziertem Metall gefertigt und damit das unverzichtbare Accessoire f\u00fcr Ihr Westernkost\u00fcm.<\/p>\n<p>Ein Abzeichen ist ein unverwechselbares Zeichen der Zugeh\u00f6rigkeit zu einer Gruppe, einem Rang, einer Position oder einer Funktion.<\/p>\n<p>Im Singular bezeichnet Abzeichen \u00fcblicherweise das Hauptelement, meist aus Metall oder Textil. Im Plural bezeichnen Abzeichen die Gesamtheit der Teile einer Auszeichnung oder die verschiedenen Elemente, die zu einem Rang, einem Dienstgrad oder einer W\u00fcrde geh\u00f6ren.<\/p>\n<p>In den USA ist ein Sheriff ein gew\u00e4hlter Beamter, der auf der Ebene eines Countys f\u00fcr die Justiz zust\u00e4ndig ist. Jeder Bundesstaat ist in Countys unterteilt (au\u00dfer Alaska und Louisiana), die wiederum eine Reihe von Gemeinden umfassen. Der Sheriff ist in gewisser Weise ein Minister f\u00fcr Recht und Ordnung in seinem Gebiet. Er ist f\u00fcr die Gef\u00e4ngnisse des Countys, die Zivilgerichte und die Ma\u00dfnahmen zur Durchsetzung von Gesetzen und Vorschriften zust\u00e4ndig.<\/p>\n<h2>Ihr Westernzubeh\u00f6r zum besten Preis.<\/h2>\n<p>Wir bieten Ihnen eine gro\u00dfe Auswahl an Reproduktionen von Westernzubeh\u00f6r.<\/p>\n<p>Zun\u00e4chst einmal,<\/p>\n<ul>\n<li>Die <a href=\"https:\/\/repliquemangacine.fr\/de\/holster-zubehor\/fourreau-pour-carabine-winchester\/\">Scheide f\u00fcr Winchester<\/a> eines Sheriffs, um Ihre Verkleidung zu perfektionieren.<\/li>\n<li>Sowie das <a href=\"https:\/\/repliquemangacine.fr\/de\/winchester-gewehr-western-country\/doppellaufiges-gewehr-wyatt-earp-usa-1881\/\">Doppell\u00e4ufiges Gewehr<\/a> Wyatt Earp.<\/li>\n<li>Es gibt auch Cowboypeitschen, die ganz aus Leder sind.<\/li>\n<li>Und viele andere, die es in unserem Online-Shop zu entdecken gibt!<\/li>\n<\/ul>\n<p>Deshalb sind hier tolle Geschenkideen f\u00fcr Geschichtsinteressierte.<\/p>\n<p>Abschlie\u00dfend l\u00e4sst sich sagen, dass Sie diesen Lincoln County Sheriff-Stern auch f\u00fcr Ihre Country-Partys verwenden k\u00f6nnen. In erster Linie ist diese Brosche jedoch ein Sammler- und Dekorationsst\u00fcck.<\/p>\n<p>R\u00e9plique Manga Cin\u00e9 ist ein franz\u00f6sisches Familienunternehmen. Offizieller Vertriebspartner der Marke <a href=\"https:\/\/www.denix.fr\/fr\/catalogue\/guerre-civile-occidentale-et-americaine-1861-1899\/plaques\/104\/\" target=\"_blank\" rel=\"noopener noreferrer\">Denix<\/a>.<\/p>","protected":false},"excerpt":{"rendered":"<p>Der Sheriffstern Lincoln County ist ein unverzichtbares Accessoire f\u00fcr Ihr Westernkost\u00fcm.<\/p>\n<ul>\n<li>Dieses Ansteckabzeichen besteht aus 5-fach vergoldetem Metall.<\/li>\n<li>Eingraviert mit der Inschrift Sheriff und Lincoln County.<\/li>\n<li>Dekorationen auf dem gesamten Stern.<\/li>\n<li>Abmessungen: 6.5cm - Gewicht: 17 g<\/li>\n<\/ul>","protected":false},"featured_media":25760,"template":"","meta":[],"product_brand":[896],"product_cat":[51,102,90,28,27],"product_tag":[],"class_list":{"0":"post-25759","1":"product","2":"type-product","3":"status-publish","4":"has-post-thumbnail","6":"product_brand-replique-manga-cine","7":"product_cat-accessoires-western","8":"product_cat-denix","9":"product_cat-holster-accessoires-western","10":"product_cat-repliques-darmes","11":"product_cat-armes-et-accessoires-western","13":"first","14":"outofstock","15":"taxable","16":"shipping-taxable","17":"purchasable","18":"product-type-simple"},"yoast_head":"<!-- This site is optimized with the Yoast SEO plugin v27.5 - https:\/\/yoast.com\/product\/yoast-seo-wordpress\/ -->\n<title>Etoile Sh\u00e9rif Lincoln County - Vente d&#039;Accessoires western | RMC<\/title>\n<meta name=\"description\" content=\"Offrez-vous ! Cette Etoile Sh\u00e9rif Lincoln County au meilleur prix du march\u00e9 - Tout en m\u00e9tal grav\u00e9 et d\u00e9cor\u00e9 - \u00c9pingle broche au dos - 5 branches - 6.5 cm\" \/>\n<meta name=\"robots\" content=\"index, follow, max-snippet:-1, max-image-preview:large, max-video-preview:-1\" \/>\n<link rel=\"canonical\" href=\"https:\/\/repliquemangacine.fr\/de\/denix\/sherif-stern-lincoln-county\/\" \/>\n<meta property=\"og:locale\" content=\"de_DE\" \/>\n<meta property=\"og:type\" content=\"article\" \/>\n<meta property=\"og:title\" content=\"Etoile Sh\u00e9rif Lincoln County - Vente d&#039;Accessoires western | RMC\" \/>\n<meta property=\"og:description\" content=\"Offrez-vous ! Cette Etoile Sh\u00e9rif Lincoln County au meilleur prix du march\u00e9 - Tout en m\u00e9tal grav\u00e9 et d\u00e9cor\u00e9 - \u00c9pingle broche au dos - 5 branches - 6.5 cm\" \/>\n<meta property=\"og:url\" content=\"https:\/\/repliquemangacine.fr\/de\/denix\/sherif-stern-lincoln-county\/\" \/>\n<meta property=\"og:site_name\" content=\"R\u00e9plique Manga Cin\u00e9\" \/>\n<meta property=\"article:publisher\" content=\"https:\/\/www.facebook.com\/RepliqueMangaCine\" \/>\n<meta property=\"article:modified_time\" content=\"2026-01-15T20:42:51+00:00\" \/>\n<meta property=\"og:image\" content=\"https:\/\/repliquemangacine.fr\/wp-content\/uploads\/2023\/10\/520-Etoile-Sherif-Insigne-Broche-Lincoln.jpg\" \/>\n\t<meta property=\"og:image:width\" content=\"800\" \/>\n\t<meta property=\"og:image:height\" content=\"800\" \/>\n\t<meta property=\"og:image:type\" content=\"image\/jpeg\" \/>\n<meta name=\"twitter:card\" content=\"summary_large_image\" \/>\n<meta name=\"twitter:label1\" content=\"Gesch\u00e4tzte Lesezeit\" \/>\n\t<meta name=\"twitter:data1\" content=\"2\u00a0Minuten\" \/>\n<script type=\"application\/ld+json\" class=\"yoast-schema-graph\">{\"@context\":\"https:\\\/\\\/schema.org\",\"@graph\":[{\"@type\":\"WebPage\",\"@id\":\"https:\\\/\\\/repliquemangacine.fr\\\/denix\\\/etoile-sherif-lincoln-county\\\/\",\"url\":\"https:\\\/\\\/repliquemangacine.fr\\\/denix\\\/etoile-sherif-lincoln-county\\\/\",\"name\":\"Etoile Sh\u00e9rif Lincoln County - Vente d'Accessoires western | RMC\",\"isPartOf\":{\"@id\":\"https:\\\/\\\/repliquemangacine.fr\\\/#website\"},\"primaryImageOfPage\":{\"@id\":\"https:\\\/\\\/repliquemangacine.fr\\\/denix\\\/etoile-sherif-lincoln-county\\\/#primaryimage\"},\"image\":{\"@id\":\"https:\\\/\\\/repliquemangacine.fr\\\/denix\\\/etoile-sherif-lincoln-county\\\/#primaryimage\"},\"thumbnailUrl\":\"https:\\\/\\\/repliquemangacine.fr\\\/wp-content\\\/uploads\\\/2023\\\/10\\\/520-Etoile-Sherif-Insigne-Broche-Lincoln.jpg\",\"datePublished\":\"2016-10-12T15:12:54+00:00\",\"dateModified\":\"2026-01-15T20:42:51+00:00\",\"description\":\"Offrez-vous ! Cette Etoile Sh\u00e9rif Lincoln County au meilleur prix du march\u00e9 - Tout en m\u00e9tal grav\u00e9 et d\u00e9cor\u00e9 - \u00c9pingle broche au dos - 5 branches - 6.5 cm\",\"breadcrumb\":{\"@id\":\"https:\\\/\\\/repliquemangacine.fr\\\/denix\\\/etoile-sherif-lincoln-county\\\/#breadcrumb\"},\"inLanguage\":\"de\",\"potentialAction\":[{\"@type\":\"ReadAction\",\"target\":[\"https:\\\/\\\/repliquemangacine.fr\\\/denix\\\/etoile-sherif-lincoln-county\\\/\"]}]},{\"@type\":\"ImageObject\",\"inLanguage\":\"de\",\"@id\":\"https:\\\/\\\/repliquemangacine.fr\\\/denix\\\/etoile-sherif-lincoln-county\\\/#primaryimage\",\"url\":\"https:\\\/\\\/repliquemangacine.fr\\\/wp-content\\\/uploads\\\/2023\\\/10\\\/520-Etoile-Sherif-Insigne-Broche-Lincoln.jpg\",\"contentUrl\":\"https:\\\/\\\/repliquemangacine.fr\\\/wp-content\\\/uploads\\\/2023\\\/10\\\/520-Etoile-Sherif-Insigne-Broche-Lincoln.jpg\",\"width\":800,\"height\":800,\"caption\":\"Etoile Sh\u00e9rif - Insigne Broche Lincoln\"},{\"@type\":\"BreadcrumbList\",\"@id\":\"https:\\\/\\\/repliquemangacine.fr\\\/denix\\\/etoile-sherif-lincoln-county\\\/#breadcrumb\",\"itemListElement\":[{\"@type\":\"ListItem\",\"position\":1,\"name\":\"Accueil\",\"item\":\"https:\\\/\\\/repliquemangacine.fr\\\/\"},{\"@type\":\"ListItem\",\"position\":2,\"name\":\"Produits\",\"item\":\"https:\\\/\\\/repliquemangacine.fr\\\/boutique\\\/\"},{\"@type\":\"ListItem\",\"position\":3,\"name\":\"Etoile Sh\u00e9rif Lincoln County\"}]},{\"@type\":\"WebSite\",\"@id\":\"https:\\\/\\\/repliquemangacine.fr\\\/#website\",\"url\":\"https:\\\/\\\/repliquemangacine.fr\\\/\",\"name\":\"R\u00e9plique Manga Cin\u00e9\",\"description\":\"\",\"publisher\":{\"@id\":\"https:\\\/\\\/repliquemangacine.fr\\\/#organization\"},\"potentialAction\":[{\"@type\":\"SearchAction\",\"target\":{\"@type\":\"EntryPoint\",\"urlTemplate\":\"https:\\\/\\\/repliquemangacine.fr\\\/?s={search_term_string}\"},\"query-input\":{\"@type\":\"PropertyValueSpecification\",\"valueRequired\":true,\"valueName\":\"search_term_string\"}}],\"inLanguage\":\"de\"},{\"@type\":\"Organization\",\"@id\":\"https:\\\/\\\/repliquemangacine.fr\\\/#organization\",\"name\":\"R\u00e9plique Manga Cin\u00e9\",\"url\":\"https:\\\/\\\/repliquemangacine.fr\\\/\",\"logo\":{\"@type\":\"ImageObject\",\"inLanguage\":\"de\",\"@id\":\"https:\\\/\\\/repliquemangacine.fr\\\/#\\\/schema\\\/logo\\\/image\\\/\",\"url\":\"https:\\\/\\\/repliquemangacine.fr\\\/wp-content\\\/uploads\\\/2023\\\/10\\\/RMC-500250.png\",\"contentUrl\":\"https:\\\/\\\/repliquemangacine.fr\\\/wp-content\\\/uploads\\\/2023\\\/10\\\/RMC-500250.png\",\"width\":500,\"height\":250,\"caption\":\"R\u00e9plique Manga Cin\u00e9\"},\"image\":{\"@id\":\"https:\\\/\\\/repliquemangacine.fr\\\/#\\\/schema\\\/logo\\\/image\\\/\"},\"sameAs\":[\"https:\\\/\\\/www.facebook.com\\\/RepliqueMangaCine\",\"https:\\\/\\\/www.instagram.com\\\/repliquemangacine.fr\\\/\"]}]}<\/script>\n<!-- \/ Yoast SEO plugin. -->","yoast_head_json":{"title":"Stern Sheriff Lincoln County - Verkauf von Westernzubeh\u00f6r | RMC","description":"Bieten Sie sich selbst an! Dieser Sheriff Lincoln County Stern zum besten Preis auf dem Markt - Alles aus Metall, graviert und verziert - Anstecknadel auf der R\u00fcckseite - 5 Arme - 6.5 cm","robots":{"index":"index","follow":"follow","max-snippet":"max-snippet:-1","max-image-preview":"max-image-preview:large","max-video-preview":"max-video-preview:-1"},"canonical":"https:\/\/repliquemangacine.fr\/de\/denix\/sherif-stern-lincoln-county\/","og_locale":"de_DE","og_type":"article","og_title":"Etoile Sh\u00e9rif Lincoln County - Vente d'Accessoires western | RMC","og_description":"Offrez-vous ! Cette Etoile Sh\u00e9rif Lincoln County au meilleur prix du march\u00e9 - Tout en m\u00e9tal grav\u00e9 et d\u00e9cor\u00e9 - \u00c9pingle broche au dos - 5 branches - 6.5 cm","og_url":"https:\/\/repliquemangacine.fr\/de\/denix\/sherif-stern-lincoln-county\/","og_site_name":"R\u00e9plique Manga Cin\u00e9","article_publisher":"https:\/\/www.facebook.com\/RepliqueMangaCine","article_modified_time":"2026-01-15T20:42:51+00:00","og_image":[{"width":800,"height":800,"url":"https:\/\/repliquemangacine.fr\/wp-content\/uploads\/2023\/10\/520-Etoile-Sherif-Insigne-Broche-Lincoln.jpg","type":"image\/jpeg"}],"twitter_card":"summary_large_image","twitter_misc":{"Gesch\u00e4tzte Lesezeit":"2\u00a0Minuten"},"schema":{"@context":"https:\/\/schema.org","@graph":[{"@type":"WebPage","@id":"https:\/\/repliquemangacine.fr\/denix\/etoile-sherif-lincoln-county\/","url":"https:\/\/repliquemangacine.fr\/denix\/etoile-sherif-lincoln-county\/","name":"Stern Sheriff Lincoln County - Verkauf von Westernzubeh\u00f6r | RMC","isPartOf":{"@id":"https:\/\/repliquemangacine.fr\/#website"},"primaryImageOfPage":{"@id":"https:\/\/repliquemangacine.fr\/denix\/etoile-sherif-lincoln-county\/#primaryimage"},"image":{"@id":"https:\/\/repliquemangacine.fr\/denix\/etoile-sherif-lincoln-county\/#primaryimage"},"thumbnailUrl":"https:\/\/repliquemangacine.fr\/wp-content\/uploads\/2023\/10\/520-Etoile-Sherif-Insigne-Broche-Lincoln.jpg","datePublished":"2016-10-12T15:12:54+00:00","dateModified":"2026-01-15T20:42:51+00:00","description":"Bieten Sie sich selbst an! Dieser Sheriff Lincoln County Stern zum besten Preis auf dem Markt - Alles aus Metall, graviert und verziert - Anstecknadel auf der R\u00fcckseite - 5 Arme - 6.5 cm","breadcrumb":{"@id":"https:\/\/repliquemangacine.fr\/denix\/etoile-sherif-lincoln-county\/#breadcrumb"},"inLanguage":"de","potentialAction":[{"@type":"ReadAction","target":["https:\/\/repliquemangacine.fr\/denix\/etoile-sherif-lincoln-county\/"]}]},{"@type":"ImageObject","inLanguage":"de","@id":"https:\/\/repliquemangacine.fr\/denix\/etoile-sherif-lincoln-county\/#primaryimage","url":"https:\/\/repliquemangacine.fr\/wp-content\/uploads\/2023\/10\/520-Etoile-Sherif-Insigne-Broche-Lincoln.jpg","contentUrl":"https:\/\/repliquemangacine.fr\/wp-content\/uploads\/2023\/10\/520-Etoile-Sherif-Insigne-Broche-Lincoln.jpg","width":800,"height":800,"caption":"Etoile Sh\u00e9rif - Insigne Broche Lincoln"},{"@type":"BreadcrumbList","@id":"https:\/\/repliquemangacine.fr\/denix\/etoile-sherif-lincoln-county\/#breadcrumb","itemListElement":[{"@type":"ListItem","position":1,"name":"Accueil","item":"https:\/\/repliquemangacine.fr\/"},{"@type":"ListItem","position":2,"name":"Produits","item":"https:\/\/repliquemangacine.fr\/boutique\/"},{"@type":"ListItem","position":3,"name":"Etoile Sh\u00e9rif Lincoln County"}]},{"@type":"WebSite","@id":"https:\/\/repliquemangacine.fr\/#website","url":"https:\/\/repliquemangacine.fr\/","name":"R\u00e9plique Manga Cin\u00e9","description":"","publisher":{"@id":"https:\/\/repliquemangacine.fr\/#organization"},"potentialAction":[{"@type":"SearchAction","target":{"@type":"EntryPoint","urlTemplate":"https:\/\/repliquemangacine.fr\/?s={search_term_string}"},"query-input":{"@type":"PropertyValueSpecification","valueRequired":true,"valueName":"search_term_string"}}],"inLanguage":"de"},{"@type":"Organization","@id":"https:\/\/repliquemangacine.fr\/#organization","name":"R\u00e9plique Manga Cin\u00e9","url":"https:\/\/repliquemangacine.fr\/","logo":{"@type":"ImageObject","inLanguage":"de","@id":"https:\/\/repliquemangacine.fr\/#\/schema\/logo\/image\/","url":"https:\/\/repliquemangacine.fr\/wp-content\/uploads\/2023\/10\/RMC-500250.png","contentUrl":"https:\/\/repliquemangacine.fr\/wp-content\/uploads\/2023\/10\/RMC-500250.png","width":500,"height":250,"caption":"R\u00e9plique Manga Cin\u00e9"},"image":{"@id":"https:\/\/repliquemangacine.fr\/#\/schema\/logo\/image\/"},"sameAs":["https:\/\/www.facebook.com\/RepliqueMangaCine","https:\/\/www.instagram.com\/repliquemangacine.fr\/"]}]}},"_links":{"self":[{"href":"https:\/\/repliquemangacine.fr\/de\/wp-json\/wp\/v2\/product\/25759","targetHints":{"allow":["GET"]}}],"collection":[{"href":"https:\/\/repliquemangacine.fr\/de\/wp-json\/wp\/v2\/product"}],"about":[{"href":"https:\/\/repliquemangacine.fr\/de\/wp-json\/wp\/v2\/types\/product"}],"wp:featuredmedia":[{"embeddable":true,"href":"https:\/\/repliquemangacine.fr\/de\/wp-json\/wp\/v2\/media\/25760"}],"wp:attachment":[{"href":"https:\/\/repliquemangacine.fr\/de\/wp-json\/wp\/v2\/media?parent=25759"}],"wp:term":[{"taxonomy":"product_brand","embeddable":true,"href":"https:\/\/repliquemangacine.fr\/de\/wp-json\/wp\/v2\/product_brand?post=25759"},{"taxonomy":"product_cat","embeddable":true,"href":"https:\/\/repliquemangacine.fr\/de\/wp-json\/wp\/v2\/product_cat?post=25759"},{"taxonomy":"product_tag","embeddable":true,"href":"https:\/\/repliquemangacine.fr\/de\/wp-json\/wp\/v2\/product_tag?post=25759"}],"curies":[{"name":"wp","href":"https:\/\/api.w.org\/{rel}","templated":true}]}}