





{"id":25744,"date":"2016-10-11T19:53:51","date_gmt":"2016-10-11T17:53:51","guid":{"rendered":"https:\/\/repliquemangacine.fr\/?post_type=product&#038;p=25744"},"modified":"2026-04-06T17:07:04","modified_gmt":"2026-04-06T15:07:04","slug":"koniglicher-helm-der-lannisters","status":"publish","type":"product","link":"https:\/\/repliquemangacine.fr\/de\/collectors-et-goodies-game-of-thrones\/casque-royal-des-lannister\/","title":{"rendered":"Helm des K\u00f6nigs GOT"},"content":{"rendered":"<h2>Helm Royale Lannister in Game of Thrones<\/h2>\n<p>Zu Beginn wird der <strong>K\u00f6niglicher Helm der Lannisters<\/strong> ist bemerkenswert gut gemacht, voll funktionsf\u00e4hig.<\/p>\n<p>Das Haus Lannister ist eines der gro\u00dfen H\u00e4user von Westeros und war eine Zeit lang das K\u00f6nigshaus der Sieben K\u00f6nigslande. Unter Cersei Lannister wurde es kurzzeitig vom Haus Targaryen abgel\u00f6st.<br \/>\nSie herrschen von ihrem Hauptsitz Casterly Rock, einer Burg hoch \u00fcber Port-Lannis, \u00fcber die weiten Westlande.<\/p>\n<p>Fahren wir mit den unumg\u00e4nglichen Mitgliedern der Lannisters fort:<\/p>\n<ul>\n<li style=\"list-style-type: none;\">\n<ul>\n<li>Lord Tywin Lannister. Lord von Casterly Rock<\/li>\n<li>Danach Cersei Lannister, K\u00f6nigin Regentin der Sieben K\u00f6nigslande<\/li>\n<li>So auch Jaime Lannister, genannt \"der K\u00f6nigsm\u00f6rder\", Lordkommandant der K\u00f6nigsgarde.<\/li>\n<li>Tywins zweiter Sohn und rechtm\u00e4\u00dfiger Erbe, Tyrion Lannister, genannt \"der Zwerg\".<\/li>\n<\/ul>\n<\/li>\n<\/ul>\n<p>Das Motto der Lannisters lautet \"Je Rugis!\", ihr Wappen stellt einen L\u00f6wen dar. Ihr inoffizielles, ebenfalls bekanntes Motto lautet jedoch \"Ein Lannister zahlt immer seine Schulden\".<\/p>\n<h2>Royaler Helm der Lannisters zum besten Preis.<\/h2>\n<p>Wir bieten dir alle Spr\u00fcche deiner Lieblingscharaktere aus dieser Game Of Thrones-Serie.<\/p>\n<p>Zun\u00e4chst einmal,<\/p>\n<ul>\n<li>Die Nachbildung des<a href=\"https:\/\/repliquemangacine.fr\/de\/schwerter-game-of-thrones\/schwert-jaime-lannister-game-of-thrones\/\">Schwert von Jaime Lannister<\/a>\u00a0 mit Pr\u00e4sentationsplatte.<\/li>\n<li>Sowie die R\u00fcstung<a href=\"https:\/\/repliquemangacine.fr\/de\/game-of-thrones\/lannister-rustung-game-of-thrones-komplette-rustung\/\"> vollst\u00e4ndig von den Lannisters<\/a> ganz aus Stahl und Messing.<\/li>\n<li>Es gibt auch Dracheneier, die verteilt werden von <a href=\"https:\/\/noblecollection.fr\/game-thrones-oeuf-rhaegal-p-4792.html\" target=\"_blank\" rel=\"noopener noreferrer\">The Noble Collection<\/a>.<\/li>\n<li>Und noch viele andere, die es zu entdecken gilt!<\/li>\n<\/ul>\n<p>Deshalb gibt es hier tolle Geschenkideen f\u00fcr Fans von Game of Thrones.<\/p>\n<p>Abschlie\u00dfend l\u00e4sst sich sagen, dass Sie den K\u00f6niglichen Helm der Lannisters auch f\u00fcr Ihre Cosplay-Paraden oder Themenpartys verwenden k\u00f6nnen. In erster Linie ist er jedoch ein Sammler- und Dekorationsst\u00fcck.<\/p>\n<h2>Unsere neuesten g\u00fcnstigen Game of Thrones-Neuheiten.<\/h2>\n<p>Unser Ziel ist es, Sie zufrieden zu stellen. Aus diesem Grund setzen wir alles daran, die von Ihnen gesuchten Sammlerst\u00fccke zu finden. Z\u00f6gern Sie also nicht, uns Ihre W\u00fcnsche und Anmerkungen mitzuteilen, damit wir das Abenteuer gemeinsam fortsetzen k\u00f6nnen!<\/p>\n<p>Zun\u00e4chst einmal,<\/p>\n<ul>\n<li>Die <a href=\"https:\/\/repliquemangacine.fr\/de\/sammlerstucke-und-game-of-thrones-goodies\/lannister-rustung-60cm-game-of-thrones\/\">Mini-R\u00fcstung<\/a> der k\u00f6niglichen Lannister-Garde ganz aus Metall.<\/li>\n<li>Sowie die Dracheneier von Daenerys HBO<\/li>\n<li>Es gibt auch die Game of Thrones-Tasse<\/li>\n<\/ul>\n<p>Und viele andere, die es zu entdecken gilt!<\/p>\n<p>In K\u00fcrze werden wir das Vergn\u00fcgen haben, Ihnen Funko pop Figuren...<\/p>\n<p>R\u00e9plique Manga Cin\u00e9 ist ein franz\u00f6sisches Familienunternehmen.<\/p>","protected":false},"excerpt":{"rendered":"<p>K\u00f6niglicher Helm der Lannisters in Game of Thrones.<\/p>\n<ul>\n<li>Aus Stahl, Kaliber 18, Messing-Finish.<\/li>\n<li>\u00dcberlappung eines Lederriemens.<\/li>\n<li>Gepolstertes Baumwollfutter.<\/li>\n<li>Kopfh\u00f6rerhalter.<\/li>\n<li>Funktional.<\/li>\n<li>H\u00f6he: 38 cm - Breite: 21 cm - Gewicht: 3200 Grs<\/li>\n<li>Tiefe: 25 cm - Umfang: 64 cm<\/li>\n<\/ul>","protected":false},"featured_media":25745,"template":"","meta":[],"product_brand":[896],"product_cat":[81,24,47],"product_tag":[],"class_list":{"0":"post-25744","1":"product","2":"type-product","3":"status-publish","4":"has-post-thumbnail","6":"product_brand-replique-manga-cine","7":"product_cat-collectors-et-goodies-game-of-thrones","8":"product_cat-films-series-tv-vente-de-katana-epee-et-produits-derives","9":"product_cat-game-of-thrones","11":"first","12":"instock","13":"sale","14":"taxable","15":"shipping-taxable","16":"purchasable","17":"product-type-simple"},"yoast_head":"<!-- This site is optimized with the Yoast SEO plugin v27.5 - https:\/\/yoast.com\/product\/yoast-seo-wordpress\/ -->\n<title>Casque Royal des Lannister - Game of Thrones | RMC<\/title>\n<meta name=\"description\" content=\"Cette reproduction du Casque royal des Lannister dans Game of Trones au meilleur prix. En acier finition laiton - Echelle 1\/1 - Casque fonctionnel\" \/>\n<meta name=\"robots\" content=\"index, follow, max-snippet:-1, max-image-preview:large, max-video-preview:-1\" \/>\n<link rel=\"canonical\" href=\"https:\/\/repliquemangacine.fr\/de\/sammlerstucke-und-game-of-thrones-goodies\/koniglicher-helm-der-lannisters\/\" \/>\n<meta property=\"og:locale\" content=\"de_DE\" \/>\n<meta property=\"og:type\" content=\"article\" \/>\n<meta property=\"og:title\" content=\"Casque Royal des Lannister - Game of Thrones | RMC\" \/>\n<meta property=\"og:description\" content=\"Cette reproduction du Casque royal des Lannister dans Game of Trones au meilleur prix. En acier finition laiton - Echelle 1\/1 - Casque fonctionnel\" \/>\n<meta property=\"og:url\" content=\"https:\/\/repliquemangacine.fr\/de\/sammlerstucke-und-game-of-thrones-goodies\/koniglicher-helm-der-lannisters\/\" \/>\n<meta property=\"og:site_name\" content=\"R\u00e9plique Manga Cin\u00e9\" \/>\n<meta property=\"article:publisher\" content=\"https:\/\/www.facebook.com\/RepliqueMangaCine\" \/>\n<meta property=\"article:modified_time\" content=\"2026-04-06T15:07:04+00:00\" \/>\n<meta property=\"og:image\" content=\"https:\/\/repliquemangacine.fr\/wp-content\/uploads\/2023\/10\/1535-Game-of-Thrones-Casque-du-roi.jpg\" \/>\n\t<meta property=\"og:image:width\" content=\"800\" \/>\n\t<meta property=\"og:image:height\" content=\"800\" \/>\n\t<meta property=\"og:image:type\" content=\"image\/jpeg\" \/>\n<meta name=\"twitter:card\" content=\"summary_large_image\" \/>\n<meta name=\"twitter:label1\" content=\"Gesch\u00e4tzte Lesezeit\" \/>\n\t<meta name=\"twitter:data1\" content=\"2\u00a0Minuten\" \/>\n<script type=\"application\/ld+json\" class=\"yoast-schema-graph\">{\"@context\":\"https:\\\/\\\/schema.org\",\"@graph\":[{\"@type\":\"WebPage\",\"@id\":\"https:\\\/\\\/repliquemangacine.fr\\\/collectors-et-goodies-game-of-thrones\\\/casque-royal-des-lannister\\\/\",\"url\":\"https:\\\/\\\/repliquemangacine.fr\\\/collectors-et-goodies-game-of-thrones\\\/casque-royal-des-lannister\\\/\",\"name\":\"Casque Royal des Lannister - Game of Thrones | RMC\",\"isPartOf\":{\"@id\":\"https:\\\/\\\/repliquemangacine.fr\\\/#website\"},\"primaryImageOfPage\":{\"@id\":\"https:\\\/\\\/repliquemangacine.fr\\\/collectors-et-goodies-game-of-thrones\\\/casque-royal-des-lannister\\\/#primaryimage\"},\"image\":{\"@id\":\"https:\\\/\\\/repliquemangacine.fr\\\/collectors-et-goodies-game-of-thrones\\\/casque-royal-des-lannister\\\/#primaryimage\"},\"thumbnailUrl\":\"https:\\\/\\\/repliquemangacine.fr\\\/wp-content\\\/uploads\\\/2023\\\/10\\\/1535-Game-of-Thrones-Casque-du-roi.jpg\",\"datePublished\":\"2016-10-11T17:53:51+00:00\",\"dateModified\":\"2026-04-06T15:07:04+00:00\",\"description\":\"Cette reproduction du Casque royal des Lannister dans Game of Trones au meilleur prix. En acier finition laiton - Echelle 1\\\/1 - Casque fonctionnel\",\"breadcrumb\":{\"@id\":\"https:\\\/\\\/repliquemangacine.fr\\\/collectors-et-goodies-game-of-thrones\\\/casque-royal-des-lannister\\\/#breadcrumb\"},\"inLanguage\":\"de\",\"potentialAction\":[{\"@type\":\"ReadAction\",\"target\":[\"https:\\\/\\\/repliquemangacine.fr\\\/collectors-et-goodies-game-of-thrones\\\/casque-royal-des-lannister\\\/\"]}]},{\"@type\":\"ImageObject\",\"inLanguage\":\"de\",\"@id\":\"https:\\\/\\\/repliquemangacine.fr\\\/collectors-et-goodies-game-of-thrones\\\/casque-royal-des-lannister\\\/#primaryimage\",\"url\":\"https:\\\/\\\/repliquemangacine.fr\\\/wp-content\\\/uploads\\\/2023\\\/10\\\/1535-Game-of-Thrones-Casque-du-roi.jpg\",\"contentUrl\":\"https:\\\/\\\/repliquemangacine.fr\\\/wp-content\\\/uploads\\\/2023\\\/10\\\/1535-Game-of-Thrones-Casque-du-roi.jpg\",\"width\":800,\"height\":800,\"caption\":\"Casque Royal des Lannister -Game of Thrones\"},{\"@type\":\"BreadcrumbList\",\"@id\":\"https:\\\/\\\/repliquemangacine.fr\\\/collectors-et-goodies-game-of-thrones\\\/casque-royal-des-lannister\\\/#breadcrumb\",\"itemListElement\":[{\"@type\":\"ListItem\",\"position\":1,\"name\":\"Accueil\",\"item\":\"https:\\\/\\\/repliquemangacine.fr\\\/\"},{\"@type\":\"ListItem\",\"position\":2,\"name\":\"Produits\",\"item\":\"https:\\\/\\\/repliquemangacine.fr\\\/boutique\\\/\"},{\"@type\":\"ListItem\",\"position\":3,\"name\":\"Casque du roi GOT\"}]},{\"@type\":\"WebSite\",\"@id\":\"https:\\\/\\\/repliquemangacine.fr\\\/#website\",\"url\":\"https:\\\/\\\/repliquemangacine.fr\\\/\",\"name\":\"R\u00e9plique Manga Cin\u00e9\",\"description\":\"\",\"publisher\":{\"@id\":\"https:\\\/\\\/repliquemangacine.fr\\\/#organization\"},\"potentialAction\":[{\"@type\":\"SearchAction\",\"target\":{\"@type\":\"EntryPoint\",\"urlTemplate\":\"https:\\\/\\\/repliquemangacine.fr\\\/?s={search_term_string}\"},\"query-input\":{\"@type\":\"PropertyValueSpecification\",\"valueRequired\":true,\"valueName\":\"search_term_string\"}}],\"inLanguage\":\"de\"},{\"@type\":\"Organization\",\"@id\":\"https:\\\/\\\/repliquemangacine.fr\\\/#organization\",\"name\":\"R\u00e9plique Manga Cin\u00e9\",\"url\":\"https:\\\/\\\/repliquemangacine.fr\\\/\",\"logo\":{\"@type\":\"ImageObject\",\"inLanguage\":\"de\",\"@id\":\"https:\\\/\\\/repliquemangacine.fr\\\/#\\\/schema\\\/logo\\\/image\\\/\",\"url\":\"https:\\\/\\\/repliquemangacine.fr\\\/wp-content\\\/uploads\\\/2023\\\/10\\\/RMC-500250.png\",\"contentUrl\":\"https:\\\/\\\/repliquemangacine.fr\\\/wp-content\\\/uploads\\\/2023\\\/10\\\/RMC-500250.png\",\"width\":500,\"height\":250,\"caption\":\"R\u00e9plique Manga Cin\u00e9\"},\"image\":{\"@id\":\"https:\\\/\\\/repliquemangacine.fr\\\/#\\\/schema\\\/logo\\\/image\\\/\"},\"sameAs\":[\"https:\\\/\\\/www.facebook.com\\\/RepliqueMangaCine\",\"https:\\\/\\\/www.instagram.com\\\/repliquemangacine.fr\\\/\"]}]}<\/script>\n<!-- \/ Yoast SEO plugin. -->","yoast_head_json":{"title":"K\u00f6niglicher Helm der Lannisters - Game of Thrones | RMC","description":"Diese Reproduktion des k\u00f6niglichen Helms der Lannisters aus Game of Trones zum besten Preis. Aus Stahl mit Messingfinish - Ma\u00dfstab 1\/1 - Funktionaler Helm","robots":{"index":"index","follow":"follow","max-snippet":"max-snippet:-1","max-image-preview":"max-image-preview:large","max-video-preview":"max-video-preview:-1"},"canonical":"https:\/\/repliquemangacine.fr\/de\/sammlerstucke-und-game-of-thrones-goodies\/koniglicher-helm-der-lannisters\/","og_locale":"de_DE","og_type":"article","og_title":"Casque Royal des Lannister - Game of Thrones | RMC","og_description":"Cette reproduction du Casque royal des Lannister dans Game of Trones au meilleur prix. En acier finition laiton - Echelle 1\/1 - Casque fonctionnel","og_url":"https:\/\/repliquemangacine.fr\/de\/sammlerstucke-und-game-of-thrones-goodies\/koniglicher-helm-der-lannisters\/","og_site_name":"R\u00e9plique Manga Cin\u00e9","article_publisher":"https:\/\/www.facebook.com\/RepliqueMangaCine","article_modified_time":"2026-04-06T15:07:04+00:00","og_image":[{"width":800,"height":800,"url":"https:\/\/repliquemangacine.fr\/wp-content\/uploads\/2023\/10\/1535-Game-of-Thrones-Casque-du-roi.jpg","type":"image\/jpeg"}],"twitter_card":"summary_large_image","twitter_misc":{"Gesch\u00e4tzte Lesezeit":"2\u00a0Minuten"},"schema":{"@context":"https:\/\/schema.org","@graph":[{"@type":"WebPage","@id":"https:\/\/repliquemangacine.fr\/collectors-et-goodies-game-of-thrones\/casque-royal-des-lannister\/","url":"https:\/\/repliquemangacine.fr\/collectors-et-goodies-game-of-thrones\/casque-royal-des-lannister\/","name":"K\u00f6niglicher Helm der Lannisters - Game of Thrones | RMC","isPartOf":{"@id":"https:\/\/repliquemangacine.fr\/#website"},"primaryImageOfPage":{"@id":"https:\/\/repliquemangacine.fr\/collectors-et-goodies-game-of-thrones\/casque-royal-des-lannister\/#primaryimage"},"image":{"@id":"https:\/\/repliquemangacine.fr\/collectors-et-goodies-game-of-thrones\/casque-royal-des-lannister\/#primaryimage"},"thumbnailUrl":"https:\/\/repliquemangacine.fr\/wp-content\/uploads\/2023\/10\/1535-Game-of-Thrones-Casque-du-roi.jpg","datePublished":"2016-10-11T17:53:51+00:00","dateModified":"2026-04-06T15:07:04+00:00","description":"Diese Reproduktion des k\u00f6niglichen Helms der Lannisters aus Game of Trones zum besten Preis. Aus Stahl mit Messingfinish - Ma\u00dfstab 1\/1 - Funktionaler Helm","breadcrumb":{"@id":"https:\/\/repliquemangacine.fr\/collectors-et-goodies-game-of-thrones\/casque-royal-des-lannister\/#breadcrumb"},"inLanguage":"de","potentialAction":[{"@type":"ReadAction","target":["https:\/\/repliquemangacine.fr\/collectors-et-goodies-game-of-thrones\/casque-royal-des-lannister\/"]}]},{"@type":"ImageObject","inLanguage":"de","@id":"https:\/\/repliquemangacine.fr\/collectors-et-goodies-game-of-thrones\/casque-royal-des-lannister\/#primaryimage","url":"https:\/\/repliquemangacine.fr\/wp-content\/uploads\/2023\/10\/1535-Game-of-Thrones-Casque-du-roi.jpg","contentUrl":"https:\/\/repliquemangacine.fr\/wp-content\/uploads\/2023\/10\/1535-Game-of-Thrones-Casque-du-roi.jpg","width":800,"height":800,"caption":"Casque Royal des Lannister -Game of Thrones"},{"@type":"BreadcrumbList","@id":"https:\/\/repliquemangacine.fr\/collectors-et-goodies-game-of-thrones\/casque-royal-des-lannister\/#breadcrumb","itemListElement":[{"@type":"ListItem","position":1,"name":"Accueil","item":"https:\/\/repliquemangacine.fr\/"},{"@type":"ListItem","position":2,"name":"Produits","item":"https:\/\/repliquemangacine.fr\/boutique\/"},{"@type":"ListItem","position":3,"name":"Casque du roi GOT"}]},{"@type":"WebSite","@id":"https:\/\/repliquemangacine.fr\/#website","url":"https:\/\/repliquemangacine.fr\/","name":"R\u00e9plique Manga Cin\u00e9","description":"","publisher":{"@id":"https:\/\/repliquemangacine.fr\/#organization"},"potentialAction":[{"@type":"SearchAction","target":{"@type":"EntryPoint","urlTemplate":"https:\/\/repliquemangacine.fr\/?s={search_term_string}"},"query-input":{"@type":"PropertyValueSpecification","valueRequired":true,"valueName":"search_term_string"}}],"inLanguage":"de"},{"@type":"Organization","@id":"https:\/\/repliquemangacine.fr\/#organization","name":"R\u00e9plique Manga Cin\u00e9","url":"https:\/\/repliquemangacine.fr\/","logo":{"@type":"ImageObject","inLanguage":"de","@id":"https:\/\/repliquemangacine.fr\/#\/schema\/logo\/image\/","url":"https:\/\/repliquemangacine.fr\/wp-content\/uploads\/2023\/10\/RMC-500250.png","contentUrl":"https:\/\/repliquemangacine.fr\/wp-content\/uploads\/2023\/10\/RMC-500250.png","width":500,"height":250,"caption":"R\u00e9plique Manga Cin\u00e9"},"image":{"@id":"https:\/\/repliquemangacine.fr\/#\/schema\/logo\/image\/"},"sameAs":["https:\/\/www.facebook.com\/RepliqueMangaCine","https:\/\/www.instagram.com\/repliquemangacine.fr\/"]}]}},"_links":{"self":[{"href":"https:\/\/repliquemangacine.fr\/de\/wp-json\/wp\/v2\/product\/25744","targetHints":{"allow":["GET"]}}],"collection":[{"href":"https:\/\/repliquemangacine.fr\/de\/wp-json\/wp\/v2\/product"}],"about":[{"href":"https:\/\/repliquemangacine.fr\/de\/wp-json\/wp\/v2\/types\/product"}],"wp:featuredmedia":[{"embeddable":true,"href":"https:\/\/repliquemangacine.fr\/de\/wp-json\/wp\/v2\/media\/25745"}],"wp:attachment":[{"href":"https:\/\/repliquemangacine.fr\/de\/wp-json\/wp\/v2\/media?parent=25744"}],"wp:term":[{"taxonomy":"product_brand","embeddable":true,"href":"https:\/\/repliquemangacine.fr\/de\/wp-json\/wp\/v2\/product_brand?post=25744"},{"taxonomy":"product_cat","embeddable":true,"href":"https:\/\/repliquemangacine.fr\/de\/wp-json\/wp\/v2\/product_cat?post=25744"},{"taxonomy":"product_tag","embeddable":true,"href":"https:\/\/repliquemangacine.fr\/de\/wp-json\/wp\/v2\/product_tag?post=25744"}],"curies":[{"name":"wp","href":"https:\/\/api.w.org\/{rel}","templated":true}]}}