





{"id":25735,"date":"2016-10-11T18:14:03","date_gmt":"2016-10-11T16:14:03","guid":{"rendered":"https:\/\/repliquemangacine.fr\/?post_type=product&#038;p=25735"},"modified":"2025-11-25T16:03:04","modified_gmt":"2025-11-25T15:03:04","slug":"lannister-rustung-game-of-thrones-komplette-rustung","status":"publish","type":"product","link":"https:\/\/repliquemangacine.fr\/de\/collectors-et-goodies-game-of-thrones\/armure-des-lannister-game-of-thrones-armure-complete\/","title":{"rendered":"Game of Thrones R\u00fcstung R\u00fcstung Royal Lannister Guard"},"content":{"rendered":"<h2>Game of Thrones Lannister-R\u00fcstung<\/h2>\n<p>Zu Beginn wird die<strong>R\u00fcstung der <a href=\"https:\/\/gameofthrones.fandom.com\/fr\/wiki\/Maison_Lannister\" target=\"_blank\" rel=\"noopener noreferrer\">Lannister<\/a><\/strong> vollst\u00e4ndig handgefertigt aus 18-Kaliber-Stahl mit einem patinierten Messingfinish, verziert mit einer Vielzahl komplexer Details. Sie verf\u00fcgt \u00fcber \u00fcberlappende, handgen\u00e4hte Lederst\u00fccke, die sich am Hals, an den Armen und an den Beinen befinden. Verstellbare Lederriemen mit Schnallen. Der Helm wird mit einem gepolsterten Baumwollfutter geliefert.<\/p>\n<p>Um die R\u00fcstung zu vervollst\u00e4ndigen, kommt ein Umhang aus wei\u00dfer Baumwolle hinzu sowie ein Stahlsockel f\u00fcr eine tolle Pr\u00e4sentation. Vollst\u00e4ndig gegliedert und funktional.<\/p>\n<ul>\n<li><strong>Helm des K\u00f6nigs<\/strong><br \/>\nH\u00f6he: 33 cm - Breite: 20 cm<br \/>\nTiefe: 25 cm - Umfang: 64 cm<br \/>\nGewicht: 2202g<\/li>\n<li><strong>Armour King:<\/strong><br \/>\nH\u00f6he (Halsausschnitt mit St\u00e4bchen) - 104 cm<br \/>\nBreite (Schulter an Schulter) - 62 cm<br \/>\nTiefe - 34 cm - Gewicht - 1400g<\/li>\n<\/ul>\n<p>Cape L\u00e4nge: 150 cm - H\u00f6he auf dem Sockel: 193 cm<\/p>\n<h2>Ihre Lannister-R\u00fcstung zum besten Preis<\/h2>\n<p>Wir bieten Ihnen alle Repliken der Schwerter Ihrer Lieblingshelden aus der Serie Game of Thrones.<\/p>\n<p>Zun\u00e4chst einmal,<\/p>\n<ul>\n<li>L'<a href=\"https:\/\/repliquemangacine.fr\/de\/game-of-thrones\/schwert-jon-snow-schwert-grose-kralle-der-eiserne-thron\/\">Jon Snows Schwert Longclaw<\/a> Romanversion, gibt es auch als Serienversion.<\/li>\n<li>Aber auch die<a href=\"https:\/\/repliquemangacine.fr\/de\/schwerter-game-of-thrones\/eisschwert-epee-eddard-stark-eiserner-tron\/\">Schwert von Eddard Stark<\/a> Roman- und Serienversion.<\/li>\n<li>Und viele andere, die es in unserem Online-Shop zu entdecken gibt!<\/li>\n<\/ul>\n<p>Deshalb ist dies eine tolle Geschenkidee f\u00fcr Fans der Serie Game of Thrones.<\/p>\n<p>Abschlie\u00dfend k\u00f6nnen Sie den<strong>Lannister-R\u00fcstung<\/strong> f\u00fcr Ihre Cosplay-Paraden oder Themenpartys. Vor allem aber ist sie ein Sammler- und Dekorationsst\u00fcck.<\/p>\n<h2>Unsere neuesten g\u00fcnstigen Game of Thrones-Neuheiten.<\/h2>\n<p>Unser Ziel ist es, Sie zufrieden zu stellen. Aus diesem Grund setzen wir alles daran, die von Ihnen gesuchten Sammlerst\u00fccke zu finden. Z\u00f6gern Sie also nicht, uns Ihre W\u00fcnsche und Anmerkungen mitzuteilen, damit wir das Abenteuer gemeinsam fortsetzen k\u00f6nnen!<\/p>\n<p>Zun\u00e4chst einmal,<\/p>\n<ul>\n<li>Die <a href=\"https:\/\/repliquemangacine.fr\/de\/sammlerstucke-und-game-of-thrones-goodies\/lannister-rustung-60cm-game-of-thrones\/\">Mini-R\u00fcstung<\/a> der k\u00f6niglichen Lannister-Garde ganz aus Metall.<\/li>\n<li>Sowie die Dracheneier von Daenerys HBO<\/li>\n<li>Es gibt auch die <a href=\"https:\/\/repliquemangacine.fr\/de\/sammlerstucke-und-game-of-thrones-goodies\/mug-chope-game-of-thrones-2\/\">Game of Thrones-Becher<\/a><\/li>\n<li>Und viele andere, die es zu entdecken gilt!<\/li>\n<\/ul>\n<p>In K\u00fcrze werden wir das Vergn\u00fcgen haben, Ihnen Funko pop Figuren...<\/p>\n<p>R\u00e9plique Manga Cin\u00e9 ist ein franz\u00f6sisches Familienunternehmen.<\/p>\n<p>&nbsp;<\/p>","protected":false},"excerpt":{"rendered":"<p>Lebensgro\u00dfe Nachbildung der vollst\u00e4ndigen Lannister-R\u00fcstung.<\/p>\n<ul>\n<li>Handgefertigt aus Stahl mit patiniertem Messingfinish und Leder.<\/li>\n<li>Der Kopfh\u00f6rer wird mit einem gepolsterten Baumwollfutter geliefert.<\/li>\n<li>Umhang aus wei\u00dfer Baumwolle.<\/li>\n<li>Pr\u00e4sentationsmedium.<\/li>\n<li>H\u00f6he auf St\u00e4nder: 193 cm<\/li>\n<\/ul>\n<p><strong>Das Headset ist auch einzeln erh\u00e4ltlich.<\/strong><\/p>","protected":false},"featured_media":25736,"template":"","meta":[],"product_brand":[896],"product_cat":[25,75,81,24,47,43],"product_tag":[],"class_list":{"0":"post-25735","1":"product","2":"type-product","3":"status-publish","4":"has-post-thumbnail","6":"product_brand-replique-manga-cine","7":"product_cat-armes-historiques","8":"product_cat-boucliers-et-armures","9":"product_cat-collectors-et-goodies-game-of-thrones","10":"product_cat-films-series-tv-vente-de-katana-epee-et-produits-derives","11":"product_cat-game-of-thrones","12":"product_cat-reproductions-d-armes-et-accessoires-medievales","14":"first","15":"instock","16":"sale","17":"taxable","18":"shipping-taxable","19":"purchasable","20":"product-type-simple"},"yoast_head":"<!-- This site is optimized with the Yoast SEO plugin v27.5 - https:\/\/yoast.com\/product\/yoast-seo-wordpress\/ -->\n<title>Armure des Lannister - Game of Thrones - R\u00e9plique Manga Cin\u00e9<\/title>\n<meta name=\"description\" content=\"Reproduction en taille r\u00e9elle de l&#039;Armure des Lannister dans Game of Thrones. En acier Vieilli patin\u00e9 laiton - Echelle 1\/1 - Hauteur : 193cm\" \/>\n<meta name=\"robots\" content=\"index, follow, max-snippet:-1, max-image-preview:large, max-video-preview:-1\" \/>\n<link rel=\"canonical\" href=\"https:\/\/repliquemangacine.fr\/de\/sammlerstucke-und-game-of-thrones-goodies\/lannister-rustung-game-of-thrones-komplette-rustung\/\" \/>\n<meta property=\"og:locale\" content=\"de_DE\" \/>\n<meta property=\"og:type\" content=\"article\" \/>\n<meta property=\"og:title\" content=\"Armure des Lannister - Game of Thrones - R\u00e9plique Manga Cin\u00e9\" \/>\n<meta property=\"og:description\" content=\"Reproduction en taille r\u00e9elle de l&#039;Armure des Lannister dans Game of Thrones. En acier Vieilli patin\u00e9 laiton - Echelle 1\/1 - Hauteur : 193cm\" \/>\n<meta property=\"og:url\" content=\"https:\/\/repliquemangacine.fr\/de\/sammlerstucke-und-game-of-thrones-goodies\/lannister-rustung-game-of-thrones-komplette-rustung\/\" \/>\n<meta property=\"og:site_name\" content=\"R\u00e9plique Manga Cin\u00e9\" \/>\n<meta property=\"article:publisher\" content=\"https:\/\/www.facebook.com\/RepliqueMangaCine\" \/>\n<meta property=\"article:modified_time\" content=\"2025-11-25T15:03:04+00:00\" \/>\n<meta property=\"og:image\" content=\"https:\/\/repliquemangacine.fr\/wp-content\/uploads\/2023\/10\/armure-game-of-thrones-1.jpg\" \/>\n\t<meta property=\"og:image:width\" content=\"500\" \/>\n\t<meta property=\"og:image:height\" content=\"500\" \/>\n\t<meta property=\"og:image:type\" content=\"image\/jpeg\" \/>\n<meta name=\"twitter:card\" content=\"summary_large_image\" \/>\n<meta name=\"twitter:label1\" content=\"Gesch\u00e4tzte Lesezeit\" \/>\n\t<meta name=\"twitter:data1\" content=\"2\u00a0Minuten\" \/>\n<script type=\"application\/ld+json\" class=\"yoast-schema-graph\">{\"@context\":\"https:\\\/\\\/schema.org\",\"@graph\":[{\"@type\":\"WebPage\",\"@id\":\"https:\\\/\\\/repliquemangacine.fr\\\/collectors-et-goodies-game-of-thrones\\\/armure-des-lannister-game-of-thrones-armure-complete\\\/\",\"url\":\"https:\\\/\\\/repliquemangacine.fr\\\/collectors-et-goodies-game-of-thrones\\\/armure-des-lannister-game-of-thrones-armure-complete\\\/\",\"name\":\"Armure des Lannister - Game of Thrones - R\u00e9plique Manga Cin\u00e9\",\"isPartOf\":{\"@id\":\"https:\\\/\\\/repliquemangacine.fr\\\/#website\"},\"primaryImageOfPage\":{\"@id\":\"https:\\\/\\\/repliquemangacine.fr\\\/collectors-et-goodies-game-of-thrones\\\/armure-des-lannister-game-of-thrones-armure-complete\\\/#primaryimage\"},\"image\":{\"@id\":\"https:\\\/\\\/repliquemangacine.fr\\\/collectors-et-goodies-game-of-thrones\\\/armure-des-lannister-game-of-thrones-armure-complete\\\/#primaryimage\"},\"thumbnailUrl\":\"https:\\\/\\\/repliquemangacine.fr\\\/wp-content\\\/uploads\\\/2023\\\/10\\\/armure-game-of-thrones-1.jpg\",\"datePublished\":\"2016-10-11T16:14:03+00:00\",\"dateModified\":\"2025-11-25T15:03:04+00:00\",\"description\":\"Reproduction en taille r\u00e9elle de l'Armure des Lannister dans Game of Thrones. En acier Vieilli patin\u00e9 laiton - Echelle 1\\\/1 - Hauteur : 193cm\",\"breadcrumb\":{\"@id\":\"https:\\\/\\\/repliquemangacine.fr\\\/collectors-et-goodies-game-of-thrones\\\/armure-des-lannister-game-of-thrones-armure-complete\\\/#breadcrumb\"},\"inLanguage\":\"de\",\"potentialAction\":[{\"@type\":\"ReadAction\",\"target\":[\"https:\\\/\\\/repliquemangacine.fr\\\/collectors-et-goodies-game-of-thrones\\\/armure-des-lannister-game-of-thrones-armure-complete\\\/\"]}]},{\"@type\":\"ImageObject\",\"inLanguage\":\"de\",\"@id\":\"https:\\\/\\\/repliquemangacine.fr\\\/collectors-et-goodies-game-of-thrones\\\/armure-des-lannister-game-of-thrones-armure-complete\\\/#primaryimage\",\"url\":\"https:\\\/\\\/repliquemangacine.fr\\\/wp-content\\\/uploads\\\/2023\\\/10\\\/armure-game-of-thrones-1.jpg\",\"contentUrl\":\"https:\\\/\\\/repliquemangacine.fr\\\/wp-content\\\/uploads\\\/2023\\\/10\\\/armure-game-of-thrones-1.jpg\",\"width\":500,\"height\":500,\"caption\":\"armure game of thrones\"},{\"@type\":\"BreadcrumbList\",\"@id\":\"https:\\\/\\\/repliquemangacine.fr\\\/collectors-et-goodies-game-of-thrones\\\/armure-des-lannister-game-of-thrones-armure-complete\\\/#breadcrumb\",\"itemListElement\":[{\"@type\":\"ListItem\",\"position\":1,\"name\":\"Accueil\",\"item\":\"https:\\\/\\\/repliquemangacine.fr\\\/\"},{\"@type\":\"ListItem\",\"position\":2,\"name\":\"Produits\",\"item\":\"https:\\\/\\\/repliquemangacine.fr\\\/boutique\\\/\"},{\"@type\":\"ListItem\",\"position\":3,\"name\":\"Armure Game of Thrones Armure garde Royal lannister\"}]},{\"@type\":\"WebSite\",\"@id\":\"https:\\\/\\\/repliquemangacine.fr\\\/#website\",\"url\":\"https:\\\/\\\/repliquemangacine.fr\\\/\",\"name\":\"R\u00e9plique Manga Cin\u00e9\",\"description\":\"\",\"publisher\":{\"@id\":\"https:\\\/\\\/repliquemangacine.fr\\\/#organization\"},\"potentialAction\":[{\"@type\":\"SearchAction\",\"target\":{\"@type\":\"EntryPoint\",\"urlTemplate\":\"https:\\\/\\\/repliquemangacine.fr\\\/?s={search_term_string}\"},\"query-input\":{\"@type\":\"PropertyValueSpecification\",\"valueRequired\":true,\"valueName\":\"search_term_string\"}}],\"inLanguage\":\"de\"},{\"@type\":\"Organization\",\"@id\":\"https:\\\/\\\/repliquemangacine.fr\\\/#organization\",\"name\":\"R\u00e9plique Manga Cin\u00e9\",\"url\":\"https:\\\/\\\/repliquemangacine.fr\\\/\",\"logo\":{\"@type\":\"ImageObject\",\"inLanguage\":\"de\",\"@id\":\"https:\\\/\\\/repliquemangacine.fr\\\/#\\\/schema\\\/logo\\\/image\\\/\",\"url\":\"https:\\\/\\\/repliquemangacine.fr\\\/wp-content\\\/uploads\\\/2023\\\/10\\\/RMC-500250.png\",\"contentUrl\":\"https:\\\/\\\/repliquemangacine.fr\\\/wp-content\\\/uploads\\\/2023\\\/10\\\/RMC-500250.png\",\"width\":500,\"height\":250,\"caption\":\"R\u00e9plique Manga Cin\u00e9\"},\"image\":{\"@id\":\"https:\\\/\\\/repliquemangacine.fr\\\/#\\\/schema\\\/logo\\\/image\\\/\"},\"sameAs\":[\"https:\\\/\\\/www.facebook.com\\\/RepliqueMangaCine\",\"https:\\\/\\\/www.instagram.com\\\/repliquemangacine.fr\\\/\"]}]}<\/script>\n<!-- \/ Yoast SEO plugin. -->","yoast_head_json":{"title":"Lannister-R\u00fcstung - Game of Thrones - R\u00e9plique Manga Cin\u00e9","description":"Lebensgro\u00dfe Nachbildung der Lannister-R\u00fcstung aus Game of Thrones. Aus gealtertem Stahl mit Messingpatina - Ma\u00dfstab 1:1 - H\u00f6he: 193cm","robots":{"index":"index","follow":"follow","max-snippet":"max-snippet:-1","max-image-preview":"max-image-preview:large","max-video-preview":"max-video-preview:-1"},"canonical":"https:\/\/repliquemangacine.fr\/de\/sammlerstucke-und-game-of-thrones-goodies\/lannister-rustung-game-of-thrones-komplette-rustung\/","og_locale":"de_DE","og_type":"article","og_title":"Armure des Lannister - Game of Thrones - R\u00e9plique Manga Cin\u00e9","og_description":"Reproduction en taille r\u00e9elle de l'Armure des Lannister dans Game of Thrones. En acier Vieilli patin\u00e9 laiton - Echelle 1\/1 - Hauteur : 193cm","og_url":"https:\/\/repliquemangacine.fr\/de\/sammlerstucke-und-game-of-thrones-goodies\/lannister-rustung-game-of-thrones-komplette-rustung\/","og_site_name":"R\u00e9plique Manga Cin\u00e9","article_publisher":"https:\/\/www.facebook.com\/RepliqueMangaCine","article_modified_time":"2025-11-25T15:03:04+00:00","og_image":[{"width":500,"height":500,"url":"https:\/\/repliquemangacine.fr\/wp-content\/uploads\/2023\/10\/armure-game-of-thrones-1.jpg","type":"image\/jpeg"}],"twitter_card":"summary_large_image","twitter_misc":{"Gesch\u00e4tzte Lesezeit":"2\u00a0Minuten"},"schema":{"@context":"https:\/\/schema.org","@graph":[{"@type":"WebPage","@id":"https:\/\/repliquemangacine.fr\/collectors-et-goodies-game-of-thrones\/armure-des-lannister-game-of-thrones-armure-complete\/","url":"https:\/\/repliquemangacine.fr\/collectors-et-goodies-game-of-thrones\/armure-des-lannister-game-of-thrones-armure-complete\/","name":"Lannister-R\u00fcstung - Game of Thrones - R\u00e9plique Manga Cin\u00e9","isPartOf":{"@id":"https:\/\/repliquemangacine.fr\/#website"},"primaryImageOfPage":{"@id":"https:\/\/repliquemangacine.fr\/collectors-et-goodies-game-of-thrones\/armure-des-lannister-game-of-thrones-armure-complete\/#primaryimage"},"image":{"@id":"https:\/\/repliquemangacine.fr\/collectors-et-goodies-game-of-thrones\/armure-des-lannister-game-of-thrones-armure-complete\/#primaryimage"},"thumbnailUrl":"https:\/\/repliquemangacine.fr\/wp-content\/uploads\/2023\/10\/armure-game-of-thrones-1.jpg","datePublished":"2016-10-11T16:14:03+00:00","dateModified":"2025-11-25T15:03:04+00:00","description":"Lebensgro\u00dfe Nachbildung der Lannister-R\u00fcstung aus Game of Thrones. Aus gealtertem Stahl mit Messingpatina - Ma\u00dfstab 1:1 - H\u00f6he: 193cm","breadcrumb":{"@id":"https:\/\/repliquemangacine.fr\/collectors-et-goodies-game-of-thrones\/armure-des-lannister-game-of-thrones-armure-complete\/#breadcrumb"},"inLanguage":"de","potentialAction":[{"@type":"ReadAction","target":["https:\/\/repliquemangacine.fr\/collectors-et-goodies-game-of-thrones\/armure-des-lannister-game-of-thrones-armure-complete\/"]}]},{"@type":"ImageObject","inLanguage":"de","@id":"https:\/\/repliquemangacine.fr\/collectors-et-goodies-game-of-thrones\/armure-des-lannister-game-of-thrones-armure-complete\/#primaryimage","url":"https:\/\/repliquemangacine.fr\/wp-content\/uploads\/2023\/10\/armure-game-of-thrones-1.jpg","contentUrl":"https:\/\/repliquemangacine.fr\/wp-content\/uploads\/2023\/10\/armure-game-of-thrones-1.jpg","width":500,"height":500,"caption":"armure game of thrones"},{"@type":"BreadcrumbList","@id":"https:\/\/repliquemangacine.fr\/collectors-et-goodies-game-of-thrones\/armure-des-lannister-game-of-thrones-armure-complete\/#breadcrumb","itemListElement":[{"@type":"ListItem","position":1,"name":"Accueil","item":"https:\/\/repliquemangacine.fr\/"},{"@type":"ListItem","position":2,"name":"Produits","item":"https:\/\/repliquemangacine.fr\/boutique\/"},{"@type":"ListItem","position":3,"name":"Armure Game of Thrones Armure garde Royal lannister"}]},{"@type":"WebSite","@id":"https:\/\/repliquemangacine.fr\/#website","url":"https:\/\/repliquemangacine.fr\/","name":"R\u00e9plique Manga Cin\u00e9","description":"","publisher":{"@id":"https:\/\/repliquemangacine.fr\/#organization"},"potentialAction":[{"@type":"SearchAction","target":{"@type":"EntryPoint","urlTemplate":"https:\/\/repliquemangacine.fr\/?s={search_term_string}"},"query-input":{"@type":"PropertyValueSpecification","valueRequired":true,"valueName":"search_term_string"}}],"inLanguage":"de"},{"@type":"Organization","@id":"https:\/\/repliquemangacine.fr\/#organization","name":"R\u00e9plique Manga Cin\u00e9","url":"https:\/\/repliquemangacine.fr\/","logo":{"@type":"ImageObject","inLanguage":"de","@id":"https:\/\/repliquemangacine.fr\/#\/schema\/logo\/image\/","url":"https:\/\/repliquemangacine.fr\/wp-content\/uploads\/2023\/10\/RMC-500250.png","contentUrl":"https:\/\/repliquemangacine.fr\/wp-content\/uploads\/2023\/10\/RMC-500250.png","width":500,"height":250,"caption":"R\u00e9plique Manga Cin\u00e9"},"image":{"@id":"https:\/\/repliquemangacine.fr\/#\/schema\/logo\/image\/"},"sameAs":["https:\/\/www.facebook.com\/RepliqueMangaCine","https:\/\/www.instagram.com\/repliquemangacine.fr\/"]}]}},"_links":{"self":[{"href":"https:\/\/repliquemangacine.fr\/de\/wp-json\/wp\/v2\/product\/25735","targetHints":{"allow":["GET"]}}],"collection":[{"href":"https:\/\/repliquemangacine.fr\/de\/wp-json\/wp\/v2\/product"}],"about":[{"href":"https:\/\/repliquemangacine.fr\/de\/wp-json\/wp\/v2\/types\/product"}],"wp:featuredmedia":[{"embeddable":true,"href":"https:\/\/repliquemangacine.fr\/de\/wp-json\/wp\/v2\/media\/25736"}],"wp:attachment":[{"href":"https:\/\/repliquemangacine.fr\/de\/wp-json\/wp\/v2\/media?parent=25735"}],"wp:term":[{"taxonomy":"product_brand","embeddable":true,"href":"https:\/\/repliquemangacine.fr\/de\/wp-json\/wp\/v2\/product_brand?post=25735"},{"taxonomy":"product_cat","embeddable":true,"href":"https:\/\/repliquemangacine.fr\/de\/wp-json\/wp\/v2\/product_cat?post=25735"},{"taxonomy":"product_tag","embeddable":true,"href":"https:\/\/repliquemangacine.fr\/de\/wp-json\/wp\/v2\/product_tag?post=25735"}],"curies":[{"name":"wp","href":"https:\/\/api.w.org\/{rel}","templated":true}]}}