





{"id":25719,"date":"2016-10-10T19:08:59","date_gmt":"2016-10-10T17:08:59","guid":{"rendered":"https:\/\/repliquemangacine.fr\/?post_type=product&#038;p=25719"},"modified":"2025-12-12T16:36:23","modified_gmt":"2025-12-12T15:36:23","slug":"katana-erza-scarlett-magisches-epee-fairy-tail","status":"publish","type":"product","link":"https:\/\/repliquemangacine.fr\/de\/katana-et-epee-de-manga-anime-autre-manga\/katana-erza-scarlett-epee-magique-fairy-tail\/","title":{"rendered":"Katana Erza Scarlett Fairy tail"},"content":{"rendered":"<h2>Katana Erza Fairy Tail, magisches Schwert.<\/h2>\n<p>Zu Beginn wird der <strong>Katana Erza Fairy Tail<\/strong> genau wie im Anime ist, ist dieses magische Schwert eine perfekte Nachbildung.<\/p>\n<p>Erza Scarlett ist eine S-Rang-Magierin der Gilde Fairy Tail, die als st\u00e4rkstes weibliches Mitglied gilt. Sie ist die st\u00e4rkste und angesehenste Frau in der ganzen Gilde. Wenn man sie sieht, wirkt sie furchteinfl\u00f6\u00dfend und schreckt sogar manche Menschen ab. Daher z\u00f6gert sie nicht, ihr Schwert zu ziehen und andere damit zu bedrohen, um das zu bekommen, was sie will.<\/p>\n<p>Wenn Erza mit der Hakama-R\u00fcstung ausger\u00fcstet ist, l\u00e4sst sie immer 2 Schwerter erscheinen, um zu k\u00e4mpfen. Besonders hervorzuheben ist, dass diese Schwerter eine ph\u00e4nomenale Angriffskraft haben. Wird als Benizakura-D\u00e4monenklinge bezeichnet. Die <a href=\"https:\/\/fairytail-fandom-com.translate.goog\/wiki\/Demon_Blade_Benizakura\" target=\"_blank\" rel=\"noopener noreferrer\">Demon Blade Benizakura<\/a> ist ein magisches Schwert, das nur f\u00fcr offensive Eigenschaften verwendet wird.<\/p>\n<h2>Ihr Katana Erza Fairy tail zum besten Preis.<\/h2>\n<p>Wir bieten Ihnen alle Spr\u00fcche Ihrer Lieblingscharaktere aus animierten Mangas und Videospielen.<\/p>\n<p>Zun\u00e4chst einmal,<\/p>\n<ul>\n<li>L'<a href=\"https:\/\/repliquemangacine.fr\/de\/anderer-manga\/schwert-der-rustung-erza-fairy-tail\/\">Schwert der Dreifaltigkeit von Erza<\/a> in seiner R\u00fcstung der Natur.<\/li>\n<li>Es gibt auch den <a href=\"https:\/\/repliquemangacine.fr\/de\/anderer-manga\/rin-schwert-blue-exorcist-katana-kurikara\/\">katana Rin bei Blue Exorcist<\/a>.<\/li>\n<li>Und viele andere, die es in unserem Online-Shop zu entdecken gibt!<\/li>\n<\/ul>\n<p>Deshalb gibt es hier tolle Geschenkideen f\u00fcr Fairy-Tell-Fans.<\/p>\n<p>Abschlie\u00dfend k\u00f6nnen Sie auch diesen <strong>Katana Erza Fairy Tail<\/strong> f\u00fcr Ihre Cosplay-Paraden oder Themenabende. Vor allem aber ist Erzas magisches Schwert auch ein Sammler- und Dekorationsst\u00fcck.<\/p>\n<p>R\u00e9plique Manga Cin\u00e9 ist ein franz\u00f6sisches Unternehmen.<\/p>\n<h2>Wie pflegt man die Klinge seines Manga-Katanas?<\/h2>\n<p>Katanas f\u00fcr Sammlungen und Dekorationen werden auf vereinfachte Weise hergestellt und zusammengebaut. Da sie zu Dekorationszwecken verwendet werden, fehlen ihnen die Sicherheitsmerkmale, die ein japanisches Schwert f\u00fcr Trainingszwecke aufweisen muss.<\/p>\n<p>Allerdings ist Ihr <strong>Katana Erza Fairy Tail<\/strong> zu einer Stahlklinge, die gepflegt werden muss, damit sie nicht mit der Zeit abgenutzt wird. Denn wenn du dein Katana ausstellst, werden deine Freunde neugierig sein, die Klinge zu sehen und sie zu ber\u00fchren. Hier ist Vorsicht geboten, denn Sie sollten wissen, dass die S\u00e4ure der Finger dem Stahl unabh\u00e4ngig von seiner Qualit\u00e4t sehr schadet.<\/p>\n<p>Wenn dies jedoch passiert, keine Panik, Sie brauchen nur ein Tuch, das mit etwas \u00d6l befeuchtet ist, und wischen die Fingerabdr\u00fccke ab. Wenn Sie dies tun, werden Sie Ihr Schwert sehr lange behalten.<\/p>","protected":false},"excerpt":{"rendered":"<p>Replik von Erzas Katana aus Fairy Tail<\/p>\n<ul>\n<li>Klinge aus 440er Stahl.<\/li>\n<li>Griff mit marineblauem Baumwollgeflecht umwickelt.<\/li>\n<li>Garde und Knauf aus antikisiertem Stahl .<\/li>\n<li>Schwarz lackierte Holzscheide mit Fairy Tail-Logo.<\/li>\n<li>L\u00e4nge der Klinge: 69 cm - Gesamtl\u00e4nge: 103 cm<\/li>\n<\/ul>\n<p><strong>\u00a0<\/strong><\/p>\n<p>&nbsp;<\/p>","protected":false},"featured_media":25720,"template":"","meta":[],"product_brand":[896],"product_cat":[65,23],"product_tag":[],"class_list":{"0":"post-25719","1":"product","2":"type-product","3":"status-publish","4":"has-post-thumbnail","6":"product_brand-replique-manga-cine","7":"product_cat-katana-et-epee-de-manga-anime-autre-manga","8":"product_cat-repliques-manga-jeux-video","10":"first","11":"instock","12":"sale","13":"taxable","14":"shipping-taxable","15":"purchasable","16":"product-type-simple"},"yoast_head":"<!-- This site is optimized with the Yoast SEO plugin v27.5 - https:\/\/yoast.com\/product\/yoast-seo-wordpress\/ -->\n<title>Katana Erza Fairy Tail - Ep\u00e9e magique - Boutique en ligne | RMC<\/title>\n<meta name=\"description\" content=\"Offrez-vous le Katana Erza Fairy Tail au meilleur prix. Lame acier - Fourreau laqu\u00e9 noir - Echelle 1\/1 - Longueur totale : 103 cm - Envoi 24\/48h\" \/>\n<meta name=\"robots\" content=\"index, follow, max-snippet:-1, max-image-preview:large, max-video-preview:-1\" \/>\n<link rel=\"canonical\" href=\"https:\/\/repliquemangacine.fr\/de\/katana-und-schwert-von-manga-anime-andere-manga\/katana-erza-scarlett-magisches-epee-fairy-tail\/\" \/>\n<meta property=\"og:locale\" content=\"de_DE\" \/>\n<meta property=\"og:type\" content=\"article\" \/>\n<meta property=\"og:title\" content=\"Katana Erza Fairy Tail - Ep\u00e9e magique - Boutique en ligne | RMC\" \/>\n<meta property=\"og:description\" content=\"Offrez-vous le Katana Erza Fairy Tail au meilleur prix. Lame acier - Fourreau laqu\u00e9 noir - Echelle 1\/1 - Longueur totale : 103 cm - Envoi 24\/48h\" \/>\n<meta property=\"og:url\" content=\"https:\/\/repliquemangacine.fr\/de\/katana-und-schwert-von-manga-anime-andere-manga\/katana-erza-scarlett-magisches-epee-fairy-tail\/\" \/>\n<meta property=\"og:site_name\" content=\"R\u00e9plique Manga Cin\u00e9\" \/>\n<meta property=\"article:publisher\" content=\"https:\/\/www.facebook.com\/RepliqueMangaCine\" \/>\n<meta property=\"article:modified_time\" content=\"2025-12-12T15:36:23+00:00\" \/>\n<meta property=\"og:image\" content=\"https:\/\/repliquemangacine.fr\/wp-content\/uploads\/2023\/10\/491-Katana-Erza-Scarlett-Fairy-tail.jpg\" \/>\n\t<meta property=\"og:image:width\" content=\"800\" \/>\n\t<meta property=\"og:image:height\" content=\"800\" \/>\n\t<meta property=\"og:image:type\" content=\"image\/jpeg\" \/>\n<meta name=\"twitter:card\" content=\"summary_large_image\" \/>\n<meta name=\"twitter:label1\" content=\"Gesch\u00e4tzte Lesezeit\" \/>\n\t<meta name=\"twitter:data1\" content=\"2\u00a0Minuten\" \/>\n<script type=\"application\/ld+json\" class=\"yoast-schema-graph\">{\"@context\":\"https:\\\/\\\/schema.org\",\"@graph\":[{\"@type\":\"WebPage\",\"@id\":\"https:\\\/\\\/repliquemangacine.fr\\\/katana-et-epee-de-manga-anime-autre-manga\\\/katana-erza-scarlett-epee-magique-fairy-tail\\\/\",\"url\":\"https:\\\/\\\/repliquemangacine.fr\\\/katana-et-epee-de-manga-anime-autre-manga\\\/katana-erza-scarlett-epee-magique-fairy-tail\\\/\",\"name\":\"Katana Erza Fairy Tail - Ep\u00e9e magique - Boutique en ligne | RMC\",\"isPartOf\":{\"@id\":\"https:\\\/\\\/repliquemangacine.fr\\\/#website\"},\"primaryImageOfPage\":{\"@id\":\"https:\\\/\\\/repliquemangacine.fr\\\/katana-et-epee-de-manga-anime-autre-manga\\\/katana-erza-scarlett-epee-magique-fairy-tail\\\/#primaryimage\"},\"image\":{\"@id\":\"https:\\\/\\\/repliquemangacine.fr\\\/katana-et-epee-de-manga-anime-autre-manga\\\/katana-erza-scarlett-epee-magique-fairy-tail\\\/#primaryimage\"},\"thumbnailUrl\":\"https:\\\/\\\/repliquemangacine.fr\\\/wp-content\\\/uploads\\\/2023\\\/10\\\/491-Katana-Erza-Scarlett-Fairy-tail.jpg\",\"datePublished\":\"2016-10-10T17:08:59+00:00\",\"dateModified\":\"2025-12-12T15:36:23+00:00\",\"description\":\"Offrez-vous le Katana Erza Fairy Tail au meilleur prix. Lame acier - Fourreau laqu\u00e9 noir - Echelle 1\\\/1 - Longueur totale : 103 cm - Envoi 24\\\/48h\",\"breadcrumb\":{\"@id\":\"https:\\\/\\\/repliquemangacine.fr\\\/katana-et-epee-de-manga-anime-autre-manga\\\/katana-erza-scarlett-epee-magique-fairy-tail\\\/#breadcrumb\"},\"inLanguage\":\"de\",\"potentialAction\":[{\"@type\":\"ReadAction\",\"target\":[\"https:\\\/\\\/repliquemangacine.fr\\\/katana-et-epee-de-manga-anime-autre-manga\\\/katana-erza-scarlett-epee-magique-fairy-tail\\\/\"]}]},{\"@type\":\"ImageObject\",\"inLanguage\":\"de\",\"@id\":\"https:\\\/\\\/repliquemangacine.fr\\\/katana-et-epee-de-manga-anime-autre-manga\\\/katana-erza-scarlett-epee-magique-fairy-tail\\\/#primaryimage\",\"url\":\"https:\\\/\\\/repliquemangacine.fr\\\/wp-content\\\/uploads\\\/2023\\\/10\\\/491-Katana-Erza-Scarlett-Fairy-tail.jpg\",\"contentUrl\":\"https:\\\/\\\/repliquemangacine.fr\\\/wp-content\\\/uploads\\\/2023\\\/10\\\/491-Katana-Erza-Scarlett-Fairy-tail.jpg\",\"width\":800,\"height\":800,\"caption\":\"Katana Erza Scarlett - Fairy tail\"},{\"@type\":\"BreadcrumbList\",\"@id\":\"https:\\\/\\\/repliquemangacine.fr\\\/katana-et-epee-de-manga-anime-autre-manga\\\/katana-erza-scarlett-epee-magique-fairy-tail\\\/#breadcrumb\",\"itemListElement\":[{\"@type\":\"ListItem\",\"position\":1,\"name\":\"Accueil\",\"item\":\"https:\\\/\\\/repliquemangacine.fr\\\/\"},{\"@type\":\"ListItem\",\"position\":2,\"name\":\"Produits\",\"item\":\"https:\\\/\\\/repliquemangacine.fr\\\/boutique\\\/\"},{\"@type\":\"ListItem\",\"position\":3,\"name\":\"Katana Erza Scarlett Fairy tail\"}]},{\"@type\":\"WebSite\",\"@id\":\"https:\\\/\\\/repliquemangacine.fr\\\/#website\",\"url\":\"https:\\\/\\\/repliquemangacine.fr\\\/\",\"name\":\"R\u00e9plique Manga Cin\u00e9\",\"description\":\"\",\"publisher\":{\"@id\":\"https:\\\/\\\/repliquemangacine.fr\\\/#organization\"},\"potentialAction\":[{\"@type\":\"SearchAction\",\"target\":{\"@type\":\"EntryPoint\",\"urlTemplate\":\"https:\\\/\\\/repliquemangacine.fr\\\/?s={search_term_string}\"},\"query-input\":{\"@type\":\"PropertyValueSpecification\",\"valueRequired\":true,\"valueName\":\"search_term_string\"}}],\"inLanguage\":\"de\"},{\"@type\":\"Organization\",\"@id\":\"https:\\\/\\\/repliquemangacine.fr\\\/#organization\",\"name\":\"R\u00e9plique Manga Cin\u00e9\",\"url\":\"https:\\\/\\\/repliquemangacine.fr\\\/\",\"logo\":{\"@type\":\"ImageObject\",\"inLanguage\":\"de\",\"@id\":\"https:\\\/\\\/repliquemangacine.fr\\\/#\\\/schema\\\/logo\\\/image\\\/\",\"url\":\"https:\\\/\\\/repliquemangacine.fr\\\/wp-content\\\/uploads\\\/2023\\\/10\\\/RMC-500250.png\",\"contentUrl\":\"https:\\\/\\\/repliquemangacine.fr\\\/wp-content\\\/uploads\\\/2023\\\/10\\\/RMC-500250.png\",\"width\":500,\"height\":250,\"caption\":\"R\u00e9plique Manga Cin\u00e9\"},\"image\":{\"@id\":\"https:\\\/\\\/repliquemangacine.fr\\\/#\\\/schema\\\/logo\\\/image\\\/\"},\"sameAs\":[\"https:\\\/\\\/www.facebook.com\\\/RepliqueMangaCine\",\"https:\\\/\\\/www.instagram.com\\\/repliquemangacine.fr\\\/\"]}]}<\/script>\n<!-- \/ Yoast SEO plugin. -->","yoast_head_json":{"title":"Katana Erza Fairy Tail - Magisches Schwert - Online Shop | RMC","description":"G\u00f6nnen Sie sich das Katana Erza Fairy Tail zum besten Preis. Klinge aus Stahl - schwarz lackierte Scheide - Ma\u00dfstab 1\/1 - Gesamtl\u00e4nge: 103 cm - Versand 24\/48h","robots":{"index":"index","follow":"follow","max-snippet":"max-snippet:-1","max-image-preview":"max-image-preview:large","max-video-preview":"max-video-preview:-1"},"canonical":"https:\/\/repliquemangacine.fr\/de\/katana-und-schwert-von-manga-anime-andere-manga\/katana-erza-scarlett-magisches-epee-fairy-tail\/","og_locale":"de_DE","og_type":"article","og_title":"Katana Erza Fairy Tail - Ep\u00e9e magique - Boutique en ligne | RMC","og_description":"Offrez-vous le Katana Erza Fairy Tail au meilleur prix. Lame acier - Fourreau laqu\u00e9 noir - Echelle 1\/1 - Longueur totale : 103 cm - Envoi 24\/48h","og_url":"https:\/\/repliquemangacine.fr\/de\/katana-und-schwert-von-manga-anime-andere-manga\/katana-erza-scarlett-magisches-epee-fairy-tail\/","og_site_name":"R\u00e9plique Manga Cin\u00e9","article_publisher":"https:\/\/www.facebook.com\/RepliqueMangaCine","article_modified_time":"2025-12-12T15:36:23+00:00","og_image":[{"width":800,"height":800,"url":"https:\/\/repliquemangacine.fr\/wp-content\/uploads\/2023\/10\/491-Katana-Erza-Scarlett-Fairy-tail.jpg","type":"image\/jpeg"}],"twitter_card":"summary_large_image","twitter_misc":{"Gesch\u00e4tzte Lesezeit":"2\u00a0Minuten"},"schema":{"@context":"https:\/\/schema.org","@graph":[{"@type":"WebPage","@id":"https:\/\/repliquemangacine.fr\/katana-et-epee-de-manga-anime-autre-manga\/katana-erza-scarlett-epee-magique-fairy-tail\/","url":"https:\/\/repliquemangacine.fr\/katana-et-epee-de-manga-anime-autre-manga\/katana-erza-scarlett-epee-magique-fairy-tail\/","name":"Katana Erza Fairy Tail - Magisches Schwert - Online Shop | RMC","isPartOf":{"@id":"https:\/\/repliquemangacine.fr\/#website"},"primaryImageOfPage":{"@id":"https:\/\/repliquemangacine.fr\/katana-et-epee-de-manga-anime-autre-manga\/katana-erza-scarlett-epee-magique-fairy-tail\/#primaryimage"},"image":{"@id":"https:\/\/repliquemangacine.fr\/katana-et-epee-de-manga-anime-autre-manga\/katana-erza-scarlett-epee-magique-fairy-tail\/#primaryimage"},"thumbnailUrl":"https:\/\/repliquemangacine.fr\/wp-content\/uploads\/2023\/10\/491-Katana-Erza-Scarlett-Fairy-tail.jpg","datePublished":"2016-10-10T17:08:59+00:00","dateModified":"2025-12-12T15:36:23+00:00","description":"G\u00f6nnen Sie sich das Katana Erza Fairy Tail zum besten Preis. Klinge aus Stahl - schwarz lackierte Scheide - Ma\u00dfstab 1\/1 - Gesamtl\u00e4nge: 103 cm - Versand 24\/48h","breadcrumb":{"@id":"https:\/\/repliquemangacine.fr\/katana-et-epee-de-manga-anime-autre-manga\/katana-erza-scarlett-epee-magique-fairy-tail\/#breadcrumb"},"inLanguage":"de","potentialAction":[{"@type":"ReadAction","target":["https:\/\/repliquemangacine.fr\/katana-et-epee-de-manga-anime-autre-manga\/katana-erza-scarlett-epee-magique-fairy-tail\/"]}]},{"@type":"ImageObject","inLanguage":"de","@id":"https:\/\/repliquemangacine.fr\/katana-et-epee-de-manga-anime-autre-manga\/katana-erza-scarlett-epee-magique-fairy-tail\/#primaryimage","url":"https:\/\/repliquemangacine.fr\/wp-content\/uploads\/2023\/10\/491-Katana-Erza-Scarlett-Fairy-tail.jpg","contentUrl":"https:\/\/repliquemangacine.fr\/wp-content\/uploads\/2023\/10\/491-Katana-Erza-Scarlett-Fairy-tail.jpg","width":800,"height":800,"caption":"Katana Erza Scarlett - Fairy tail"},{"@type":"BreadcrumbList","@id":"https:\/\/repliquemangacine.fr\/katana-et-epee-de-manga-anime-autre-manga\/katana-erza-scarlett-epee-magique-fairy-tail\/#breadcrumb","itemListElement":[{"@type":"ListItem","position":1,"name":"Accueil","item":"https:\/\/repliquemangacine.fr\/"},{"@type":"ListItem","position":2,"name":"Produits","item":"https:\/\/repliquemangacine.fr\/boutique\/"},{"@type":"ListItem","position":3,"name":"Katana Erza Scarlett Fairy tail"}]},{"@type":"WebSite","@id":"https:\/\/repliquemangacine.fr\/#website","url":"https:\/\/repliquemangacine.fr\/","name":"R\u00e9plique Manga Cin\u00e9","description":"","publisher":{"@id":"https:\/\/repliquemangacine.fr\/#organization"},"potentialAction":[{"@type":"SearchAction","target":{"@type":"EntryPoint","urlTemplate":"https:\/\/repliquemangacine.fr\/?s={search_term_string}"},"query-input":{"@type":"PropertyValueSpecification","valueRequired":true,"valueName":"search_term_string"}}],"inLanguage":"de"},{"@type":"Organization","@id":"https:\/\/repliquemangacine.fr\/#organization","name":"R\u00e9plique Manga Cin\u00e9","url":"https:\/\/repliquemangacine.fr\/","logo":{"@type":"ImageObject","inLanguage":"de","@id":"https:\/\/repliquemangacine.fr\/#\/schema\/logo\/image\/","url":"https:\/\/repliquemangacine.fr\/wp-content\/uploads\/2023\/10\/RMC-500250.png","contentUrl":"https:\/\/repliquemangacine.fr\/wp-content\/uploads\/2023\/10\/RMC-500250.png","width":500,"height":250,"caption":"R\u00e9plique Manga Cin\u00e9"},"image":{"@id":"https:\/\/repliquemangacine.fr\/#\/schema\/logo\/image\/"},"sameAs":["https:\/\/www.facebook.com\/RepliqueMangaCine","https:\/\/www.instagram.com\/repliquemangacine.fr\/"]}]}},"_links":{"self":[{"href":"https:\/\/repliquemangacine.fr\/de\/wp-json\/wp\/v2\/product\/25719","targetHints":{"allow":["GET"]}}],"collection":[{"href":"https:\/\/repliquemangacine.fr\/de\/wp-json\/wp\/v2\/product"}],"about":[{"href":"https:\/\/repliquemangacine.fr\/de\/wp-json\/wp\/v2\/types\/product"}],"wp:featuredmedia":[{"embeddable":true,"href":"https:\/\/repliquemangacine.fr\/de\/wp-json\/wp\/v2\/media\/25720"}],"wp:attachment":[{"href":"https:\/\/repliquemangacine.fr\/de\/wp-json\/wp\/v2\/media?parent=25719"}],"wp:term":[{"taxonomy":"product_brand","embeddable":true,"href":"https:\/\/repliquemangacine.fr\/de\/wp-json\/wp\/v2\/product_brand?post=25719"},{"taxonomy":"product_cat","embeddable":true,"href":"https:\/\/repliquemangacine.fr\/de\/wp-json\/wp\/v2\/product_cat?post=25719"},{"taxonomy":"product_tag","embeddable":true,"href":"https:\/\/repliquemangacine.fr\/de\/wp-json\/wp\/v2\/product_tag?post=25719"}],"curies":[{"name":"wp","href":"https:\/\/api.w.org\/{rel}","templated":true}]}}