





{"id":25712,"date":"2016-10-10T18:28:37","date_gmt":"2016-10-10T16:28:37","guid":{"rendered":"https:\/\/repliquemangacine.fr\/?post_type=product&#038;p=25712"},"modified":"2026-03-25T15:56:23","modified_gmt":"2026-03-25T14:56:23","slug":"schwert-angriff-der-titanen-sabel-nackenschneider-eren","status":"publish","type":"product","link":"https:\/\/repliquemangacine.fr\/de\/katana-et-epee-de-manga-anime-autre-manga\/epee-attaque-des-titans-sabre-coupe-nuque-eren\/","title":{"rendered":"Schwert Angriff der Titanen"},"content":{"rendered":"<h2>Schwert \"Angriff der Titanen\", Schwert \"Nackenschneider\".<\/h2>\n<p>Zu Beginn wird die<strong>Schwert Angriff der Titanen<\/strong> ist der Nackenschneiders\u00e4bel von Eren J\u00e4ger sowie von Mikasa und Armin. Das stahlverst\u00e4rkte Schwert ist die Hauptwaffe, mit der Titanen get\u00f6tet werden, indem sie ihnen den Hals durchtrennen.<\/p>\n<p><a href=\"https:\/\/attaque-des-titans.fandom.com\/fr\/wiki\/Eren_J\u00e4ger\" target=\"_blank\" rel=\"noopener noreferrer\">Eren Ja\u00ebger<\/a> ist Mitglied des Erkundungsbataillons und der Protagonist, sp\u00e4ter der Hauptgegner der Serie. Er ist sehr impulsiv, idealistisch, entschlossen und gewaltt\u00e4tig. Als Kind musste er mit ansehen, wie seine Mutter von einem Titanen verschlungen wurde, und tr\u00e4umt seitdem davon, diese zu vernichten.<\/p>\n<p>Auf den ersten Blick scheint er keine besonderen Talente zu haben, abgesehen davon, dass er im Nahkampf begabt ist und einen eisernen Willen hat. Eren besitzt die Kr\u00e4fte der Titanen: die des Angriffstitans, die ihm sein Vater \u00fcbertragen hat.<\/p>\n<h2>Ihr Schwert Angriff der Titanen zum besten Preis.<\/h2>\n<p>Wir bieten Ihnen eine gro\u00dfe Auswahl an Repliken von Anime-Mangas und Videospielen.<\/p>\n<p>Zun\u00e4chst einmal,<\/p>\n<ul>\n<li>Die beeindruckende Nachbildung des <a href=\"https:\/\/repliquemangacine.fr\/de\/andere-filme\/sabre-de-leonidas-replique-epee-de-300\/\">Schwert des Leonidas<\/a> im Film 300.<\/li>\n<li>Sowie das <a href=\"https:\/\/repliquemangacine.fr\/de\/kill-bill\/katana-de-o-ren-ishii\/\">Katana von O-Ren Ishi<\/a> in kill bill.<\/li>\n<li>Es gibt auch den <a href=\"https:\/\/repliquemangacine.fr\/de\/filme-tv-serien-verkauf-von-katana-schwertern-und-derivaten\/katana-heroes-schwert-von-hiro-nakamura\/\">Katana von Hiro Nakamura<\/a> in der Serie Heroes.<\/li>\n<li>Und viele andere, die es in unserem Online-Shop zu entdecken gibt!<\/li>\n<\/ul>\n<p>Deshalb gibt es hier tolle Geschenkideen f\u00fcr alle Fans von Filmen und Fernsehserien.<\/p>\n<p>Abschlie\u00dfend k\u00f6nnen Sie den<strong>Schwert Angriff der Titanen<\/strong> f\u00fcr Ihre Cosplay-Paraden oder Ihre Themenabende. Vor allem aber ist dieses Halsabschneider-Schwert ein Sammler- und Dekorationsst\u00fcck.<\/p>\n<p>R\u00e9plique Manga Cin\u00e9 ist ein franz\u00f6sisches Unternehmen<\/p>\n<h2>Wie pflegt man die Klinge seines Manga-Katanas?<\/h2>\n<p>Katanas f\u00fcr Sammlungen und Dekorationen werden auf vereinfachte Weise hergestellt und zusammengebaut. Da sie zu Dekorationszwecken verwendet werden, fehlen ihnen die Sicherheitsmerkmale, die ein japanisches Schwert f\u00fcr Trainingszwecke aufweisen muss.<\/p>\n<p>Allerdings ist Ihr <strong>Schwert Angriff der Titanen<\/strong> zu einer Stahlklinge, die gepflegt werden muss, damit sie nicht mit der Zeit abgenutzt wird. Denn wenn du dein Katana ausstellst, werden deine Freunde neugierig sein, die Klinge zu sehen und sie zu ber\u00fchren. Hier ist Vorsicht geboten, denn Sie sollten wissen, dass die S\u00e4ure der Finger dem Stahl unabh\u00e4ngig von seiner Qualit\u00e4t sehr schadet.<\/p>\n<p>Wenn dies jedoch passiert, keine Panik, Sie brauchen nur ein Tuch, das mit etwas \u00d6l befeuchtet ist, und wischen die Fingerabdr\u00fccke ab. Wenn Sie dies tun, werden Sie Ihr Schwert sehr lange behalten.<\/p>\n<p>&nbsp;<\/p>","protected":false},"excerpt":{"rendered":"<p>Replik des Schwertes Angriff der Titanen, Erens Schwert schneidet den Hals.<\/p>\n<ul>\n<li>Stahlklinge mit Rillen.<\/li>\n<li>Pistolenf\u00f6rmiger Griff aus verst\u00e4rktem ABS.<\/li>\n<li>Scheide aus schwarzem Kunstleder.<\/li>\n<li>Gesamtl\u00e4nge: 92 cm<\/li>\n<\/ul>","protected":false},"featured_media":25713,"template":"","meta":[],"product_brand":[896],"product_cat":[65,23],"product_tag":[],"class_list":{"0":"post-25712","1":"product","2":"type-product","3":"status-publish","4":"has-post-thumbnail","6":"product_brand-replique-manga-cine","7":"product_cat-katana-et-epee-de-manga-anime-autre-manga","8":"product_cat-repliques-manga-jeux-video","10":"first","11":"instock","12":"taxable","13":"shipping-taxable","14":"purchasable","15":"product-type-simple"},"yoast_head":"<!-- This site is optimized with the Yoast SEO plugin v27.5 - https:\/\/yoast.com\/product\/yoast-seo-wordpress\/ -->\n<title>Ep\u00e9e Attaque des Titans - Katana d\u2019Eren - Boutique en ligne | RMC<\/title>\n<meta name=\"description\" content=\"Commandez vite l&#039;Ep\u00e9e Attaque des Titans au meilleur prix. Lame en acier - Fourreau - Echelle 1\/1 - Longueur totale : 92 cm - Envoi 24\/48h\" \/>\n<meta name=\"robots\" content=\"index, follow, max-snippet:-1, max-image-preview:large, max-video-preview:-1\" \/>\n<link rel=\"canonical\" href=\"https:\/\/repliquemangacine.fr\/de\/katana-und-schwert-von-manga-anime-andere-manga\/schwert-angriff-der-titanen-sabel-nackenschneider-eren\/\" \/>\n<meta property=\"og:locale\" content=\"de_DE\" \/>\n<meta property=\"og:type\" content=\"article\" \/>\n<meta property=\"og:title\" content=\"Ep\u00e9e Attaque des Titans - Katana d\u2019Eren - Boutique en ligne | RMC\" \/>\n<meta property=\"og:description\" content=\"Commandez vite l&#039;Ep\u00e9e Attaque des Titans au meilleur prix. Lame en acier - Fourreau - Echelle 1\/1 - Longueur totale : 92 cm - Envoi 24\/48h\" \/>\n<meta property=\"og:url\" content=\"https:\/\/repliquemangacine.fr\/de\/katana-und-schwert-von-manga-anime-andere-manga\/schwert-angriff-der-titanen-sabel-nackenschneider-eren\/\" \/>\n<meta property=\"og:site_name\" content=\"R\u00e9plique Manga Cin\u00e9\" \/>\n<meta property=\"article:publisher\" content=\"https:\/\/www.facebook.com\/RepliqueMangaCine\" \/>\n<meta property=\"article:modified_time\" content=\"2026-03-25T14:56:23+00:00\" \/>\n<meta property=\"og:image\" content=\"https:\/\/repliquemangacine.fr\/wp-content\/uploads\/2023\/10\/485-Sabre-Coupe-Nuque-Attaque-des-Titans.jpg\" \/>\n\t<meta property=\"og:image:width\" content=\"800\" \/>\n\t<meta property=\"og:image:height\" content=\"800\" \/>\n\t<meta property=\"og:image:type\" content=\"image\/jpeg\" \/>\n<meta name=\"twitter:card\" content=\"summary_large_image\" \/>\n<meta name=\"twitter:label1\" content=\"Gesch\u00e4tzte Lesezeit\" \/>\n\t<meta name=\"twitter:data1\" content=\"3\u00a0Minuten\" \/>\n<script type=\"application\/ld+json\" class=\"yoast-schema-graph\">{\"@context\":\"https:\\\/\\\/schema.org\",\"@graph\":[{\"@type\":\"WebPage\",\"@id\":\"https:\\\/\\\/repliquemangacine.fr\\\/katana-et-epee-de-manga-anime-autre-manga\\\/epee-attaque-des-titans-sabre-coupe-nuque-eren\\\/\",\"url\":\"https:\\\/\\\/repliquemangacine.fr\\\/katana-et-epee-de-manga-anime-autre-manga\\\/epee-attaque-des-titans-sabre-coupe-nuque-eren\\\/\",\"name\":\"Ep\u00e9e Attaque des Titans - Katana d\u2019Eren - Boutique en ligne | RMC\",\"isPartOf\":{\"@id\":\"https:\\\/\\\/repliquemangacine.fr\\\/#website\"},\"primaryImageOfPage\":{\"@id\":\"https:\\\/\\\/repliquemangacine.fr\\\/katana-et-epee-de-manga-anime-autre-manga\\\/epee-attaque-des-titans-sabre-coupe-nuque-eren\\\/#primaryimage\"},\"image\":{\"@id\":\"https:\\\/\\\/repliquemangacine.fr\\\/katana-et-epee-de-manga-anime-autre-manga\\\/epee-attaque-des-titans-sabre-coupe-nuque-eren\\\/#primaryimage\"},\"thumbnailUrl\":\"https:\\\/\\\/repliquemangacine.fr\\\/wp-content\\\/uploads\\\/2023\\\/10\\\/485-Sabre-Coupe-Nuque-Attaque-des-Titans.jpg\",\"datePublished\":\"2016-10-10T16:28:37+00:00\",\"dateModified\":\"2026-03-25T14:56:23+00:00\",\"description\":\"Commandez vite l'Ep\u00e9e Attaque des Titans au meilleur prix. Lame en acier - Fourreau - Echelle 1\\\/1 - Longueur totale : 92 cm - Envoi 24\\\/48h\",\"breadcrumb\":{\"@id\":\"https:\\\/\\\/repliquemangacine.fr\\\/katana-et-epee-de-manga-anime-autre-manga\\\/epee-attaque-des-titans-sabre-coupe-nuque-eren\\\/#breadcrumb\"},\"inLanguage\":\"de\",\"potentialAction\":[{\"@type\":\"ReadAction\",\"target\":[\"https:\\\/\\\/repliquemangacine.fr\\\/katana-et-epee-de-manga-anime-autre-manga\\\/epee-attaque-des-titans-sabre-coupe-nuque-eren\\\/\"]}]},{\"@type\":\"ImageObject\",\"inLanguage\":\"de\",\"@id\":\"https:\\\/\\\/repliquemangacine.fr\\\/katana-et-epee-de-manga-anime-autre-manga\\\/epee-attaque-des-titans-sabre-coupe-nuque-eren\\\/#primaryimage\",\"url\":\"https:\\\/\\\/repliquemangacine.fr\\\/wp-content\\\/uploads\\\/2023\\\/10\\\/485-Sabre-Coupe-Nuque-Attaque-des-Titans.jpg\",\"contentUrl\":\"https:\\\/\\\/repliquemangacine.fr\\\/wp-content\\\/uploads\\\/2023\\\/10\\\/485-Sabre-Coupe-Nuque-Attaque-des-Titans.jpg\",\"width\":800,\"height\":800,\"caption\":\"Sabre Coupe Nuque - Attaque des Titans\"},{\"@type\":\"BreadcrumbList\",\"@id\":\"https:\\\/\\\/repliquemangacine.fr\\\/katana-et-epee-de-manga-anime-autre-manga\\\/epee-attaque-des-titans-sabre-coupe-nuque-eren\\\/#breadcrumb\",\"itemListElement\":[{\"@type\":\"ListItem\",\"position\":1,\"name\":\"Accueil\",\"item\":\"https:\\\/\\\/repliquemangacine.fr\\\/\"},{\"@type\":\"ListItem\",\"position\":2,\"name\":\"Produits\",\"item\":\"https:\\\/\\\/repliquemangacine.fr\\\/boutique\\\/\"},{\"@type\":\"ListItem\",\"position\":3,\"name\":\"Ep\u00e9e Attaque des Titans\"}]},{\"@type\":\"WebSite\",\"@id\":\"https:\\\/\\\/repliquemangacine.fr\\\/#website\",\"url\":\"https:\\\/\\\/repliquemangacine.fr\\\/\",\"name\":\"R\u00e9plique Manga Cin\u00e9\",\"description\":\"\",\"publisher\":{\"@id\":\"https:\\\/\\\/repliquemangacine.fr\\\/#organization\"},\"potentialAction\":[{\"@type\":\"SearchAction\",\"target\":{\"@type\":\"EntryPoint\",\"urlTemplate\":\"https:\\\/\\\/repliquemangacine.fr\\\/?s={search_term_string}\"},\"query-input\":{\"@type\":\"PropertyValueSpecification\",\"valueRequired\":true,\"valueName\":\"search_term_string\"}}],\"inLanguage\":\"de\"},{\"@type\":\"Organization\",\"@id\":\"https:\\\/\\\/repliquemangacine.fr\\\/#organization\",\"name\":\"R\u00e9plique Manga Cin\u00e9\",\"url\":\"https:\\\/\\\/repliquemangacine.fr\\\/\",\"logo\":{\"@type\":\"ImageObject\",\"inLanguage\":\"de\",\"@id\":\"https:\\\/\\\/repliquemangacine.fr\\\/#\\\/schema\\\/logo\\\/image\\\/\",\"url\":\"https:\\\/\\\/repliquemangacine.fr\\\/wp-content\\\/uploads\\\/2023\\\/10\\\/RMC-500250.png\",\"contentUrl\":\"https:\\\/\\\/repliquemangacine.fr\\\/wp-content\\\/uploads\\\/2023\\\/10\\\/RMC-500250.png\",\"width\":500,\"height\":250,\"caption\":\"R\u00e9plique Manga Cin\u00e9\"},\"image\":{\"@id\":\"https:\\\/\\\/repliquemangacine.fr\\\/#\\\/schema\\\/logo\\\/image\\\/\"},\"sameAs\":[\"https:\\\/\\\/www.facebook.com\\\/RepliqueMangaCine\",\"https:\\\/\\\/www.instagram.com\\\/repliquemangacine.fr\\\/\"]}]}<\/script>\n<!-- \/ Yoast SEO plugin. -->","yoast_head_json":{"title":"Schwert Angriff der Titanen - Erens Katana - Online-Shop | RMC","description":"Bestellen Sie schnell das Schwert Angriff der Titanen zum besten Preis. Klinge aus Stahl - Scheide - Ma\u00dfstab 1\/1 - Gesamtl\u00e4nge: 92 cm - Versand 24\/48h","robots":{"index":"index","follow":"follow","max-snippet":"max-snippet:-1","max-image-preview":"max-image-preview:large","max-video-preview":"max-video-preview:-1"},"canonical":"https:\/\/repliquemangacine.fr\/de\/katana-und-schwert-von-manga-anime-andere-manga\/schwert-angriff-der-titanen-sabel-nackenschneider-eren\/","og_locale":"de_DE","og_type":"article","og_title":"Ep\u00e9e Attaque des Titans - Katana d\u2019Eren - Boutique en ligne | RMC","og_description":"Commandez vite l'Ep\u00e9e Attaque des Titans au meilleur prix. Lame en acier - Fourreau - Echelle 1\/1 - Longueur totale : 92 cm - Envoi 24\/48h","og_url":"https:\/\/repliquemangacine.fr\/de\/katana-und-schwert-von-manga-anime-andere-manga\/schwert-angriff-der-titanen-sabel-nackenschneider-eren\/","og_site_name":"R\u00e9plique Manga Cin\u00e9","article_publisher":"https:\/\/www.facebook.com\/RepliqueMangaCine","article_modified_time":"2026-03-25T14:56:23+00:00","og_image":[{"width":800,"height":800,"url":"https:\/\/repliquemangacine.fr\/wp-content\/uploads\/2023\/10\/485-Sabre-Coupe-Nuque-Attaque-des-Titans.jpg","type":"image\/jpeg"}],"twitter_card":"summary_large_image","twitter_misc":{"Gesch\u00e4tzte Lesezeit":"3\u00a0Minuten"},"schema":{"@context":"https:\/\/schema.org","@graph":[{"@type":"WebPage","@id":"https:\/\/repliquemangacine.fr\/katana-et-epee-de-manga-anime-autre-manga\/epee-attaque-des-titans-sabre-coupe-nuque-eren\/","url":"https:\/\/repliquemangacine.fr\/katana-et-epee-de-manga-anime-autre-manga\/epee-attaque-des-titans-sabre-coupe-nuque-eren\/","name":"Schwert Angriff der Titanen - Erens Katana - Online-Shop | RMC","isPartOf":{"@id":"https:\/\/repliquemangacine.fr\/#website"},"primaryImageOfPage":{"@id":"https:\/\/repliquemangacine.fr\/katana-et-epee-de-manga-anime-autre-manga\/epee-attaque-des-titans-sabre-coupe-nuque-eren\/#primaryimage"},"image":{"@id":"https:\/\/repliquemangacine.fr\/katana-et-epee-de-manga-anime-autre-manga\/epee-attaque-des-titans-sabre-coupe-nuque-eren\/#primaryimage"},"thumbnailUrl":"https:\/\/repliquemangacine.fr\/wp-content\/uploads\/2023\/10\/485-Sabre-Coupe-Nuque-Attaque-des-Titans.jpg","datePublished":"2016-10-10T16:28:37+00:00","dateModified":"2026-03-25T14:56:23+00:00","description":"Bestellen Sie schnell das Schwert Angriff der Titanen zum besten Preis. Klinge aus Stahl - Scheide - Ma\u00dfstab 1\/1 - Gesamtl\u00e4nge: 92 cm - Versand 24\/48h","breadcrumb":{"@id":"https:\/\/repliquemangacine.fr\/katana-et-epee-de-manga-anime-autre-manga\/epee-attaque-des-titans-sabre-coupe-nuque-eren\/#breadcrumb"},"inLanguage":"de","potentialAction":[{"@type":"ReadAction","target":["https:\/\/repliquemangacine.fr\/katana-et-epee-de-manga-anime-autre-manga\/epee-attaque-des-titans-sabre-coupe-nuque-eren\/"]}]},{"@type":"ImageObject","inLanguage":"de","@id":"https:\/\/repliquemangacine.fr\/katana-et-epee-de-manga-anime-autre-manga\/epee-attaque-des-titans-sabre-coupe-nuque-eren\/#primaryimage","url":"https:\/\/repliquemangacine.fr\/wp-content\/uploads\/2023\/10\/485-Sabre-Coupe-Nuque-Attaque-des-Titans.jpg","contentUrl":"https:\/\/repliquemangacine.fr\/wp-content\/uploads\/2023\/10\/485-Sabre-Coupe-Nuque-Attaque-des-Titans.jpg","width":800,"height":800,"caption":"Sabre Coupe Nuque - Attaque des Titans"},{"@type":"BreadcrumbList","@id":"https:\/\/repliquemangacine.fr\/katana-et-epee-de-manga-anime-autre-manga\/epee-attaque-des-titans-sabre-coupe-nuque-eren\/#breadcrumb","itemListElement":[{"@type":"ListItem","position":1,"name":"Accueil","item":"https:\/\/repliquemangacine.fr\/"},{"@type":"ListItem","position":2,"name":"Produits","item":"https:\/\/repliquemangacine.fr\/boutique\/"},{"@type":"ListItem","position":3,"name":"Ep\u00e9e Attaque des Titans"}]},{"@type":"WebSite","@id":"https:\/\/repliquemangacine.fr\/#website","url":"https:\/\/repliquemangacine.fr\/","name":"R\u00e9plique Manga Cin\u00e9","description":"","publisher":{"@id":"https:\/\/repliquemangacine.fr\/#organization"},"potentialAction":[{"@type":"SearchAction","target":{"@type":"EntryPoint","urlTemplate":"https:\/\/repliquemangacine.fr\/?s={search_term_string}"},"query-input":{"@type":"PropertyValueSpecification","valueRequired":true,"valueName":"search_term_string"}}],"inLanguage":"de"},{"@type":"Organization","@id":"https:\/\/repliquemangacine.fr\/#organization","name":"R\u00e9plique Manga Cin\u00e9","url":"https:\/\/repliquemangacine.fr\/","logo":{"@type":"ImageObject","inLanguage":"de","@id":"https:\/\/repliquemangacine.fr\/#\/schema\/logo\/image\/","url":"https:\/\/repliquemangacine.fr\/wp-content\/uploads\/2023\/10\/RMC-500250.png","contentUrl":"https:\/\/repliquemangacine.fr\/wp-content\/uploads\/2023\/10\/RMC-500250.png","width":500,"height":250,"caption":"R\u00e9plique Manga Cin\u00e9"},"image":{"@id":"https:\/\/repliquemangacine.fr\/#\/schema\/logo\/image\/"},"sameAs":["https:\/\/www.facebook.com\/RepliqueMangaCine","https:\/\/www.instagram.com\/repliquemangacine.fr\/"]}]}},"_links":{"self":[{"href":"https:\/\/repliquemangacine.fr\/de\/wp-json\/wp\/v2\/product\/25712","targetHints":{"allow":["GET"]}}],"collection":[{"href":"https:\/\/repliquemangacine.fr\/de\/wp-json\/wp\/v2\/product"}],"about":[{"href":"https:\/\/repliquemangacine.fr\/de\/wp-json\/wp\/v2\/types\/product"}],"wp:featuredmedia":[{"embeddable":true,"href":"https:\/\/repliquemangacine.fr\/de\/wp-json\/wp\/v2\/media\/25713"}],"wp:attachment":[{"href":"https:\/\/repliquemangacine.fr\/de\/wp-json\/wp\/v2\/media?parent=25712"}],"wp:term":[{"taxonomy":"product_brand","embeddable":true,"href":"https:\/\/repliquemangacine.fr\/de\/wp-json\/wp\/v2\/product_brand?post=25712"},{"taxonomy":"product_cat","embeddable":true,"href":"https:\/\/repliquemangacine.fr\/de\/wp-json\/wp\/v2\/product_cat?post=25712"},{"taxonomy":"product_tag","embeddable":true,"href":"https:\/\/repliquemangacine.fr\/de\/wp-json\/wp\/v2\/product_tag?post=25712"}],"curies":[{"name":"wp","href":"https:\/\/api.w.org\/{rel}","templated":true}]}}