





{"id":25702,"date":"2016-10-02T00:16:04","date_gmt":"2016-10-01T22:16:04","guid":{"rendered":"https:\/\/repliquemangacine.fr\/?post_type=product&#038;p=25702"},"modified":"2025-09-23T18:01:35","modified_gmt":"2025-09-23T16:01:35","slug":"feltwell-schwert","status":"publish","type":"product","link":"https:\/\/repliquemangacine.fr\/de\/epees-glaives-antique\/epee-de-feltwell\/","title":{"rendered":"Feltwells Schwert"},"content":{"rendered":"<h2>Feltwells Schwert<\/h2>\n<p>Zu Beginn wird L'<strong>Feltwells Schwert<\/strong> ist ein Schwert s\u00e4chsischen Ursprungs, das 1961 im Hypokaustum (unterirdischer Heizraum) einer r\u00f6mischen Villa in Feltwell bei Norfolk, England, gefunden wurde. Das Originalschwert wurde im fr\u00fchen 5.<\/p>\n<p>Das 2. Jahrhundert n. Chr. ist eine Zeit gro\u00dfer Ver\u00e4nderungen. Das Kurzschwert verschwindet und wird durch ein Kavallerieschwert ersetzt, eine Waffe mit l\u00e4ngerer Taille, die Spatha genannt wird.<\/p>\n<p>Die <a href=\"https:\/\/fr.wikipedia.org\/wiki\/Spatha\" target=\"_blank\" rel=\"noopener noreferrer\">Spatha<\/a> ist keltischen Ursprungs. Es ist eine Art r\u00f6misches Kavallerie-Schwert, das normalerweise zwischen 65 und 100 Zentimeter lang ist. Um von der Kavallerie effektiv eingesetzt werden zu k\u00f6nnen.<\/p>\n<p>Hervorzuheben ist, dass die Spatha aufgrund ihrer Form und Gr\u00f6\u00dfe das evolution\u00e4re Bindeglied zwischen dem r\u00f6mischen Gladius und dem mittelalterlichen Schwert ist.<\/p>\n<h2>Ihr Fetwell-Schwert zum besten Preis.<\/h2>\n<p>Wir bieten Ihnen eine gro\u00dfe Auswahl an Schwertern und Helmen aus der Zeit der Antike.<\/p>\n<p>Zun\u00e4chst einmal,<\/p>\n<ul>\n<li>Die <a href=\"https:\/\/repliquemangacine.fr\/de\/antike-schwerter\/romisches-schwert-fulham\/\">R\u00f6mische Gladiole Fulham<\/a> mit seinen Messingplatten an der Scheide.<\/li>\n<li>Es gibt auch den <a href=\"https:\/\/repliquemangacine.fr\/de\/antike-schwerter\/glaive-romain-noir\/\">Gladiator Glaive<\/a> inspiriert von dem Film mit Russell Crow.<\/li>\n<li>Sowie die<a href=\"https:\/\/repliquemangacine.fr\/de\/antike-schwerter\/tiberisches-schwert-mainz-gladius\/\">Schwert des Tiberius Mainz Gladius<\/a>.<\/li>\n<li>Und noch viel mehr gibt es in unserem Online-Shop zu entdecken!<\/li>\n<\/ul>\n<p>Deshalb sind hier tolle Geschenkideen f\u00fcr alle, die sich f\u00fcr die Antike begeistern.<\/p>\n<p>Abschlie\u00dfend k\u00f6nnen Sie diese <strong>Fetwells Schwert<\/strong> f\u00fcr Ihre historischen Rekonstruktionen oder Themenabende. Vor allem aber ist es ein Sammler- und Dekorationsst\u00fcck.<\/p>\n<h2>Wie pflegt man die Klinge seines antiken Schwertes?<\/h2>\n<p>Sammlungs- und Dekorationsschwerter werden in vereinfachter Form hergestellt und zusammengebaut. Da sie zu Dekorationszwecken verwendet werden, fehlen ihnen die Sicherheitselemente, die ein japanisches Schwert f\u00fcr Trainingszwecke aufweisen muss.<\/p>\n<p>Allerdings ist Ihr <strong>Fetwells Schwert<\/strong> zu einer Stahlklinge, die gepflegt werden muss, damit sie nicht mit der Zeit abgenutzt wird. Denn wenn du dein Katana ausstellst, werden deine Freunde neugierig sein, die Klinge zu sehen und sie zu ber\u00fchren. Hier ist Vorsicht geboten, denn Sie sollten wissen, dass die S\u00e4ure der Finger dem Stahl unabh\u00e4ngig von seiner Qualit\u00e4t sehr schadet.<\/p>\n<p>Wenn dies jedoch passiert, keine Panik, Sie brauchen nur ein Tuch, das mit etwas \u00d6l befeuchtet ist, und wischen die Fingerabdr\u00fccke ab. Wenn Sie dies tun, werden Sie Ihr Schwert sehr lange behalten.<\/p>","protected":false},"excerpt":{"rendered":"<p>Historische Reproduktion des Feltwell-Schwerts.<\/p>\n<ul>\n<li>Klinge aus Karbonstahl mit zentraler Hohlkehle.<\/li>\n<li>Mit Leder \u00fcberzogene Holzscheide mit h\u00f6lzernem Abzugsb\u00fcgel.<\/li>\n<li>Endst\u00fccke aus verzinntem Messing.<\/li>\n<li>Griff, Knauf und Guard sind aus Holz.<\/li>\n<li>L\u00e4nge der Klinge: 76 cm - Gesamtl\u00e4nge: 90 cm<\/li>\n<\/ul>","protected":false},"featured_media":25703,"template":"","meta":[],"product_brand":[896],"product_cat":[31,25,73],"product_tag":[],"class_list":{"0":"post-25702","1":"product","2":"type-product","3":"status-publish","4":"has-post-thumbnail","6":"product_brand-replique-manga-cine","7":"product_cat-armes-antiques","8":"product_cat-armes-historiques","9":"product_cat-epees-glaives-antique","11":"first","12":"instock","13":"taxable","14":"shipping-taxable","15":"purchasable","16":"product-type-simple"},"yoast_head":"<!-- This site is optimized with the Yoast SEO plugin v27.5 - https:\/\/yoast.com\/product\/yoast-seo-wordpress\/ -->\n<title>Ep\u00e9e de Feltwell - Vente \u00e9p\u00e9e Antique | R\u00e9plique Manga Cin\u00e9<\/title>\n<meta name=\"description\" content=\"Offrez-lui ! Cette Ep\u00e9e de Feltwell au meilleur prix - Lame en acier carbone. - Fourreau cuir - Poign\u00e9e bois - Longueur totale : 90 cm - Envoi 24\/48h\" \/>\n<meta name=\"robots\" content=\"index, follow, max-snippet:-1, max-image-preview:large, max-video-preview:-1\" \/>\n<link rel=\"canonical\" href=\"https:\/\/repliquemangacine.fr\/de\/antike-schwerter\/feltwell-schwert\/\" \/>\n<meta property=\"og:locale\" content=\"de_DE\" \/>\n<meta property=\"og:type\" content=\"article\" \/>\n<meta property=\"og:title\" content=\"Ep\u00e9e de Feltwell - Vente \u00e9p\u00e9e Antique | R\u00e9plique Manga Cin\u00e9\" \/>\n<meta property=\"og:description\" content=\"Offrez-lui ! Cette Ep\u00e9e de Feltwell au meilleur prix - Lame en acier carbone. - Fourreau cuir - Poign\u00e9e bois - Longueur totale : 90 cm - Envoi 24\/48h\" \/>\n<meta property=\"og:url\" content=\"https:\/\/repliquemangacine.fr\/de\/antike-schwerter\/feltwell-schwert\/\" \/>\n<meta property=\"og:site_name\" content=\"R\u00e9plique Manga Cin\u00e9\" \/>\n<meta property=\"article:publisher\" content=\"https:\/\/www.facebook.com\/RepliqueMangaCine\" \/>\n<meta property=\"article:modified_time\" content=\"2025-09-23T16:01:35+00:00\" \/>\n<meta property=\"og:image\" content=\"https:\/\/repliquemangacine.fr\/wp-content\/uploads\/2023\/10\/1705-Replique-Epee-de-Feltwell.jpg\" \/>\n\t<meta property=\"og:image:width\" content=\"600\" \/>\n\t<meta property=\"og:image:height\" content=\"600\" \/>\n\t<meta property=\"og:image:type\" content=\"image\/jpeg\" \/>\n<meta name=\"twitter:card\" content=\"summary_large_image\" \/>\n<meta name=\"twitter:label1\" content=\"Gesch\u00e4tzte Lesezeit\" \/>\n\t<meta name=\"twitter:data1\" content=\"2\u00a0Minuten\" \/>\n<script type=\"application\/ld+json\" class=\"yoast-schema-graph\">{\"@context\":\"https:\\\/\\\/schema.org\",\"@graph\":[{\"@type\":\"WebPage\",\"@id\":\"https:\\\/\\\/repliquemangacine.fr\\\/epees-glaives-antique\\\/epee-de-feltwell\\\/\",\"url\":\"https:\\\/\\\/repliquemangacine.fr\\\/epees-glaives-antique\\\/epee-de-feltwell\\\/\",\"name\":\"Ep\u00e9e de Feltwell - Vente \u00e9p\u00e9e Antique | R\u00e9plique Manga Cin\u00e9\",\"isPartOf\":{\"@id\":\"https:\\\/\\\/repliquemangacine.fr\\\/#website\"},\"primaryImageOfPage\":{\"@id\":\"https:\\\/\\\/repliquemangacine.fr\\\/epees-glaives-antique\\\/epee-de-feltwell\\\/#primaryimage\"},\"image\":{\"@id\":\"https:\\\/\\\/repliquemangacine.fr\\\/epees-glaives-antique\\\/epee-de-feltwell\\\/#primaryimage\"},\"thumbnailUrl\":\"https:\\\/\\\/repliquemangacine.fr\\\/wp-content\\\/uploads\\\/2023\\\/10\\\/1705-Replique-Epee-de-Feltwell.jpg\",\"datePublished\":\"2016-10-01T22:16:04+00:00\",\"dateModified\":\"2025-09-23T16:01:35+00:00\",\"description\":\"Offrez-lui ! Cette Ep\u00e9e de Feltwell au meilleur prix - Lame en acier carbone. - Fourreau cuir - Poign\u00e9e bois - Longueur totale : 90 cm - Envoi 24\\\/48h\",\"breadcrumb\":{\"@id\":\"https:\\\/\\\/repliquemangacine.fr\\\/epees-glaives-antique\\\/epee-de-feltwell\\\/#breadcrumb\"},\"inLanguage\":\"de\",\"potentialAction\":[{\"@type\":\"ReadAction\",\"target\":[\"https:\\\/\\\/repliquemangacine.fr\\\/epees-glaives-antique\\\/epee-de-feltwell\\\/\"]}]},{\"@type\":\"ImageObject\",\"inLanguage\":\"de\",\"@id\":\"https:\\\/\\\/repliquemangacine.fr\\\/epees-glaives-antique\\\/epee-de-feltwell\\\/#primaryimage\",\"url\":\"https:\\\/\\\/repliquemangacine.fr\\\/wp-content\\\/uploads\\\/2023\\\/10\\\/1705-Replique-Epee-de-Feltwell.jpg\",\"contentUrl\":\"https:\\\/\\\/repliquemangacine.fr\\\/wp-content\\\/uploads\\\/2023\\\/10\\\/1705-Replique-Epee-de-Feltwell.jpg\",\"width\":600,\"height\":600,\"caption\":\"R\u00e9plique Ep\u00e9e de Feltwell\"},{\"@type\":\"BreadcrumbList\",\"@id\":\"https:\\\/\\\/repliquemangacine.fr\\\/epees-glaives-antique\\\/epee-de-feltwell\\\/#breadcrumb\",\"itemListElement\":[{\"@type\":\"ListItem\",\"position\":1,\"name\":\"Accueil\",\"item\":\"https:\\\/\\\/repliquemangacine.fr\\\/\"},{\"@type\":\"ListItem\",\"position\":2,\"name\":\"Produits\",\"item\":\"https:\\\/\\\/repliquemangacine.fr\\\/boutique\\\/\"},{\"@type\":\"ListItem\",\"position\":3,\"name\":\"Ep\u00e9e de Feltwell\"}]},{\"@type\":\"WebSite\",\"@id\":\"https:\\\/\\\/repliquemangacine.fr\\\/#website\",\"url\":\"https:\\\/\\\/repliquemangacine.fr\\\/\",\"name\":\"R\u00e9plique Manga Cin\u00e9\",\"description\":\"\",\"publisher\":{\"@id\":\"https:\\\/\\\/repliquemangacine.fr\\\/#organization\"},\"potentialAction\":[{\"@type\":\"SearchAction\",\"target\":{\"@type\":\"EntryPoint\",\"urlTemplate\":\"https:\\\/\\\/repliquemangacine.fr\\\/?s={search_term_string}\"},\"query-input\":{\"@type\":\"PropertyValueSpecification\",\"valueRequired\":true,\"valueName\":\"search_term_string\"}}],\"inLanguage\":\"de\"},{\"@type\":\"Organization\",\"@id\":\"https:\\\/\\\/repliquemangacine.fr\\\/#organization\",\"name\":\"R\u00e9plique Manga Cin\u00e9\",\"url\":\"https:\\\/\\\/repliquemangacine.fr\\\/\",\"logo\":{\"@type\":\"ImageObject\",\"inLanguage\":\"de\",\"@id\":\"https:\\\/\\\/repliquemangacine.fr\\\/#\\\/schema\\\/logo\\\/image\\\/\",\"url\":\"https:\\\/\\\/repliquemangacine.fr\\\/wp-content\\\/uploads\\\/2023\\\/10\\\/RMC-500250.png\",\"contentUrl\":\"https:\\\/\\\/repliquemangacine.fr\\\/wp-content\\\/uploads\\\/2023\\\/10\\\/RMC-500250.png\",\"width\":500,\"height\":250,\"caption\":\"R\u00e9plique Manga Cin\u00e9\"},\"image\":{\"@id\":\"https:\\\/\\\/repliquemangacine.fr\\\/#\\\/schema\\\/logo\\\/image\\\/\"},\"sameAs\":[\"https:\\\/\\\/www.facebook.com\\\/RepliqueMangaCine\",\"https:\\\/\\\/www.instagram.com\\\/repliquemangacine.fr\\\/\"]}]}<\/script>\n<!-- \/ Yoast SEO plugin. -->","yoast_head_json":{"title":"Feltwell Schwert - Antike Schwerter Verkauf | R\u00e9plique Manga Cin\u00e9","description":"Schenken Sie es ihm! Dieses Schwert von Feltwell zum besten Preis - Klinge aus Karbonstahl. - Lederscheide - Holzgriff - Gesamtl\u00e4nge: 90 cm - Versand 24\/48h","robots":{"index":"index","follow":"follow","max-snippet":"max-snippet:-1","max-image-preview":"max-image-preview:large","max-video-preview":"max-video-preview:-1"},"canonical":"https:\/\/repliquemangacine.fr\/de\/antike-schwerter\/feltwell-schwert\/","og_locale":"de_DE","og_type":"article","og_title":"Ep\u00e9e de Feltwell - Vente \u00e9p\u00e9e Antique | R\u00e9plique Manga Cin\u00e9","og_description":"Offrez-lui ! Cette Ep\u00e9e de Feltwell au meilleur prix - Lame en acier carbone. - Fourreau cuir - Poign\u00e9e bois - Longueur totale : 90 cm - Envoi 24\/48h","og_url":"https:\/\/repliquemangacine.fr\/de\/antike-schwerter\/feltwell-schwert\/","og_site_name":"R\u00e9plique Manga Cin\u00e9","article_publisher":"https:\/\/www.facebook.com\/RepliqueMangaCine","article_modified_time":"2025-09-23T16:01:35+00:00","og_image":[{"width":600,"height":600,"url":"https:\/\/repliquemangacine.fr\/wp-content\/uploads\/2023\/10\/1705-Replique-Epee-de-Feltwell.jpg","type":"image\/jpeg"}],"twitter_card":"summary_large_image","twitter_misc":{"Gesch\u00e4tzte Lesezeit":"2\u00a0Minuten"},"schema":{"@context":"https:\/\/schema.org","@graph":[{"@type":"WebPage","@id":"https:\/\/repliquemangacine.fr\/epees-glaives-antique\/epee-de-feltwell\/","url":"https:\/\/repliquemangacine.fr\/epees-glaives-antique\/epee-de-feltwell\/","name":"Feltwell Schwert - Antike Schwerter Verkauf | R\u00e9plique Manga Cin\u00e9","isPartOf":{"@id":"https:\/\/repliquemangacine.fr\/#website"},"primaryImageOfPage":{"@id":"https:\/\/repliquemangacine.fr\/epees-glaives-antique\/epee-de-feltwell\/#primaryimage"},"image":{"@id":"https:\/\/repliquemangacine.fr\/epees-glaives-antique\/epee-de-feltwell\/#primaryimage"},"thumbnailUrl":"https:\/\/repliquemangacine.fr\/wp-content\/uploads\/2023\/10\/1705-Replique-Epee-de-Feltwell.jpg","datePublished":"2016-10-01T22:16:04+00:00","dateModified":"2025-09-23T16:01:35+00:00","description":"Schenken Sie es ihm! Dieses Schwert von Feltwell zum besten Preis - Klinge aus Karbonstahl. - Lederscheide - Holzgriff - Gesamtl\u00e4nge: 90 cm - Versand 24\/48h","breadcrumb":{"@id":"https:\/\/repliquemangacine.fr\/epees-glaives-antique\/epee-de-feltwell\/#breadcrumb"},"inLanguage":"de","potentialAction":[{"@type":"ReadAction","target":["https:\/\/repliquemangacine.fr\/epees-glaives-antique\/epee-de-feltwell\/"]}]},{"@type":"ImageObject","inLanguage":"de","@id":"https:\/\/repliquemangacine.fr\/epees-glaives-antique\/epee-de-feltwell\/#primaryimage","url":"https:\/\/repliquemangacine.fr\/wp-content\/uploads\/2023\/10\/1705-Replique-Epee-de-Feltwell.jpg","contentUrl":"https:\/\/repliquemangacine.fr\/wp-content\/uploads\/2023\/10\/1705-Replique-Epee-de-Feltwell.jpg","width":600,"height":600,"caption":"R\u00e9plique Ep\u00e9e de Feltwell"},{"@type":"BreadcrumbList","@id":"https:\/\/repliquemangacine.fr\/epees-glaives-antique\/epee-de-feltwell\/#breadcrumb","itemListElement":[{"@type":"ListItem","position":1,"name":"Accueil","item":"https:\/\/repliquemangacine.fr\/"},{"@type":"ListItem","position":2,"name":"Produits","item":"https:\/\/repliquemangacine.fr\/boutique\/"},{"@type":"ListItem","position":3,"name":"Ep\u00e9e de Feltwell"}]},{"@type":"WebSite","@id":"https:\/\/repliquemangacine.fr\/#website","url":"https:\/\/repliquemangacine.fr\/","name":"R\u00e9plique Manga Cin\u00e9","description":"","publisher":{"@id":"https:\/\/repliquemangacine.fr\/#organization"},"potentialAction":[{"@type":"SearchAction","target":{"@type":"EntryPoint","urlTemplate":"https:\/\/repliquemangacine.fr\/?s={search_term_string}"},"query-input":{"@type":"PropertyValueSpecification","valueRequired":true,"valueName":"search_term_string"}}],"inLanguage":"de"},{"@type":"Organization","@id":"https:\/\/repliquemangacine.fr\/#organization","name":"R\u00e9plique Manga Cin\u00e9","url":"https:\/\/repliquemangacine.fr\/","logo":{"@type":"ImageObject","inLanguage":"de","@id":"https:\/\/repliquemangacine.fr\/#\/schema\/logo\/image\/","url":"https:\/\/repliquemangacine.fr\/wp-content\/uploads\/2023\/10\/RMC-500250.png","contentUrl":"https:\/\/repliquemangacine.fr\/wp-content\/uploads\/2023\/10\/RMC-500250.png","width":500,"height":250,"caption":"R\u00e9plique Manga Cin\u00e9"},"image":{"@id":"https:\/\/repliquemangacine.fr\/#\/schema\/logo\/image\/"},"sameAs":["https:\/\/www.facebook.com\/RepliqueMangaCine","https:\/\/www.instagram.com\/repliquemangacine.fr\/"]}]}},"_links":{"self":[{"href":"https:\/\/repliquemangacine.fr\/de\/wp-json\/wp\/v2\/product\/25702","targetHints":{"allow":["GET"]}}],"collection":[{"href":"https:\/\/repliquemangacine.fr\/de\/wp-json\/wp\/v2\/product"}],"about":[{"href":"https:\/\/repliquemangacine.fr\/de\/wp-json\/wp\/v2\/types\/product"}],"wp:featuredmedia":[{"embeddable":true,"href":"https:\/\/repliquemangacine.fr\/de\/wp-json\/wp\/v2\/media\/25703"}],"wp:attachment":[{"href":"https:\/\/repliquemangacine.fr\/de\/wp-json\/wp\/v2\/media?parent=25702"}],"wp:term":[{"taxonomy":"product_brand","embeddable":true,"href":"https:\/\/repliquemangacine.fr\/de\/wp-json\/wp\/v2\/product_brand?post=25702"},{"taxonomy":"product_cat","embeddable":true,"href":"https:\/\/repliquemangacine.fr\/de\/wp-json\/wp\/v2\/product_cat?post=25702"},{"taxonomy":"product_tag","embeddable":true,"href":"https:\/\/repliquemangacine.fr\/de\/wp-json\/wp\/v2\/product_tag?post=25702"}],"curies":[{"name":"wp","href":"https:\/\/api.w.org\/{rel}","templated":true}]}}