





{"id":25688,"date":"2016-10-01T16:26:16","date_gmt":"2016-10-01T14:26:16","guid":{"rendered":"https:\/\/repliquemangacine.fr\/?post_type=product&#038;p=25688"},"modified":"2025-11-13T15:31:19","modified_gmt":"2025-11-13T14:31:19","slug":"romisches-schwert-fulham","status":"publish","type":"product","link":"https:\/\/repliquemangacine.fr\/de\/epees-glaives-antique\/glaive-romain-fulham\/","title":{"rendered":"R\u00f6mische Gladiole Fulham"},"content":{"rendered":"<h2>R\u00f6mische Gladiole Fulham<\/h2>\n<p>Zu Beginn wird der <strong>R\u00f6mische Gladiole Fulham<\/strong>, gilt als eine Variante des Typs Mainz. Der Name bezieht sich auf die Stadt Mainz, wo die ersten Funde dieser Art gemacht wurden.<\/p>\n<p>Arch\u00e4ologische Funde zeigen, dass sich dieses Schwert sp\u00e4ter zum \u00abFulham\u00bb-Schwert weiterentwickelte. Mit der Zeit verlor das Fulham-Schwert seine Kr\u00fcmmungen und entwickelte sich zu einer Klinge mit geraden, parallelen Schneiden und einer durch einen ausgepr\u00e4gten Winkel klar definierten Spitze. Diese neue Entwicklung wird als \u00abPompeji\u00bb-Schwert bezeichnet.<\/p>\n<p>Das Schwert, das diesem Typ seinen Namen gab, wurde aus der Themse in der N\u00e4he von Fulham geborgen und muss daher schon einige Zeit alt sein. Aus diesem Grund gilt es als Verbindungspunkt zwischen Mainz und Pompeji.<\/p>\n<p>Abschlie\u00dfend, hergestellt von <a href=\"https:\/\/deepeeka.in\/\" target=\"_blank\" rel=\"noopener noreferrer\">Deepeeka<\/a> mit gr\u00f6\u00dfter Sorgfalt.<\/p>\n<h2>Ihre R\u00f6mische Glaive Fulham zum besten Preis.<\/h2>\n<p>Wir bieten Ihnen eine gro\u00dfe Auswahl an Schwertern und Helmen aus der Zeit der Antike.<\/p>\n<p>Zun\u00e4chst einmal,<\/p>\n<ul>\n<li>Die <a href=\"https:\/\/repliquemangacine.fr\/de\/antike-schwerter\/romisches-schwert-typ-pompei\/\">r\u00f6misches Schwert Typ Pompeji<\/a> mit seiner verzierten Scheide.<\/li>\n<li>Es gibt auch die<a href=\"https:\/\/repliquemangacine.fr\/de\/antike-schwerter\/feltwell-schwert\/\">Fetwell-Schwert<\/a> und seine Lederscheide.<\/li>\n<li>Sowie das <a href=\"https:\/\/repliquemangacine.fr\/de\/historische-waffen\/glaive-jules-cesar-schwarz\/\">Gladius von Julius C\u00e4sar<\/a> hergestellt von Denix.<\/li>\n<li>Und noch viel mehr gibt es in unserem Online-Shop zu entdecken!<\/li>\n<\/ul>\n<p>Deshalb sind hier tolle Geschenkideen f\u00fcr alle, die sich f\u00fcr die Antike begeistern.<\/p>\n<p>Abschlie\u00dfend k\u00f6nnen Sie diesen <strong>R\u00f6mische Gladiole Fulham<\/strong> f\u00fcr Ihre historischen Rekonstruktionen oder Themenabende. Vor allem aber ist es ein Sammler- und Dekorationsst\u00fcck.<\/p>\n<h2>Wie pflegt man die Klinge seines antiken Schwertes?<\/h2>\n<p>Sammlungs- und Dekorationsschwerter werden in vereinfachter Form hergestellt und zusammengebaut. Da sie zu Dekorationszwecken verwendet werden, fehlen ihnen die Sicherheitselemente, die ein japanisches Schwert f\u00fcr Trainingszwecke aufweisen muss.<\/p>\n<p>Allerdings ist Ihr <strong>R\u00f6mische Gladiole Fulham<\/strong> zu einer Stahlklinge, die gepflegt werden muss, damit sie nicht mit der Zeit abgenutzt wird. Denn wenn du dein Katana ausstellst, werden deine Freunde neugierig sein, die Klinge zu sehen und sie zu ber\u00fchren. Hier ist Vorsicht geboten, denn Sie sollten wissen, dass die S\u00e4ure der Finger dem Stahl unabh\u00e4ngig von seiner Qualit\u00e4t sehr schadet.<\/p>\n<p>Wenn dies jedoch passiert, keine Panik, Sie brauchen nur ein Tuch, das mit etwas \u00d6l befeuchtet ist, und wischen die Fingerabdr\u00fccke ab. Wenn Sie dies tun, werden Sie Ihr Schwert sehr lange behalten.<\/p>","protected":false},"excerpt":{"rendered":"<p>Ber\u00fchmtes Gladius von Fulham, das im Britischen Museum ausgestellt ist.<\/p>\n<ul>\n<li>Klinge aus Kohlenstoffstahl, nicht scharf.<\/li>\n<li>Geschnitzter Holzgriff und -knauf.<\/li>\n<li>Mit echtem Leder \u00fcberzogene Scheide.<\/li>\n<li>Platten mit Dr\u00fcckverfahren bearbeitet und verzinnt.<\/li>\n<li>Riemen aus Leder.<\/li>\n<li>Klingenl\u00e4nge: 54.5 cm - Gesamtl\u00e4nge: 75 cm - Gewicht: 910 grs<\/li>\n<\/ul>","protected":false},"featured_media":25689,"template":"","meta":[],"product_brand":[896],"product_cat":[31,25,73],"product_tag":[],"class_list":{"0":"post-25688","1":"product","2":"type-product","3":"status-publish","4":"has-post-thumbnail","6":"product_brand-replique-manga-cine","7":"product_cat-armes-antiques","8":"product_cat-armes-historiques","9":"product_cat-epees-glaives-antique","11":"first","12":"instock","13":"taxable","14":"shipping-taxable","15":"purchasable","16":"product-type-simple"},"yoast_head":"<!-- This site is optimized with the Yoast SEO plugin v27.5 - https:\/\/yoast.com\/product\/yoast-seo-wordpress\/ -->\n<title>Glaive Romain Fulham - Arme Antique - R\u00e9plique Manga Cin\u00e9<\/title>\n<meta name=\"description\" content=\"Offrez-lui ce Glaive Romain Fulham au meilleur prix - Expos\u00e9 au British Museum. Lame acier carbone - Fourreau cuir et laiton - Longueur totale : 75 cm\" \/>\n<meta name=\"robots\" content=\"index, follow, max-snippet:-1, max-image-preview:large, max-video-preview:-1\" \/>\n<link rel=\"canonical\" href=\"https:\/\/repliquemangacine.fr\/de\/antike-schwerter\/romisches-schwert-fulham\/\" \/>\n<meta property=\"og:locale\" content=\"de_DE\" \/>\n<meta property=\"og:type\" content=\"article\" \/>\n<meta property=\"og:title\" content=\"Glaive Romain Fulham - Arme Antique - R\u00e9plique Manga Cin\u00e9\" \/>\n<meta property=\"og:description\" content=\"Offrez-lui ce Glaive Romain Fulham au meilleur prix - Expos\u00e9 au British Museum. Lame acier carbone - Fourreau cuir et laiton - Longueur totale : 75 cm\" \/>\n<meta property=\"og:url\" content=\"https:\/\/repliquemangacine.fr\/de\/antike-schwerter\/romisches-schwert-fulham\/\" \/>\n<meta property=\"og:site_name\" content=\"R\u00e9plique Manga Cin\u00e9\" \/>\n<meta property=\"article:publisher\" content=\"https:\/\/www.facebook.com\/RepliqueMangaCine\" \/>\n<meta property=\"article:modified_time\" content=\"2025-11-13T14:31:19+00:00\" \/>\n<meta property=\"og:image\" content=\"https:\/\/repliquemangacine.fr\/wp-content\/uploads\/2023\/10\/1694-Replique-Glaive-Romain-Fulham.jpg\" \/>\n\t<meta property=\"og:image:width\" content=\"600\" \/>\n\t<meta property=\"og:image:height\" content=\"600\" \/>\n\t<meta property=\"og:image:type\" content=\"image\/jpeg\" \/>\n<meta name=\"twitter:card\" content=\"summary_large_image\" \/>\n<meta name=\"twitter:label1\" content=\"Gesch\u00e4tzte Lesezeit\" \/>\n\t<meta name=\"twitter:data1\" content=\"2\u00a0Minuten\" \/>\n<script type=\"application\/ld+json\" class=\"yoast-schema-graph\">{\"@context\":\"https:\\\/\\\/schema.org\",\"@graph\":[{\"@type\":\"WebPage\",\"@id\":\"https:\\\/\\\/repliquemangacine.fr\\\/epees-glaives-antique\\\/glaive-romain-fulham\\\/\",\"url\":\"https:\\\/\\\/repliquemangacine.fr\\\/epees-glaives-antique\\\/glaive-romain-fulham\\\/\",\"name\":\"Glaive Romain Fulham - Arme Antique - R\u00e9plique Manga Cin\u00e9\",\"isPartOf\":{\"@id\":\"https:\\\/\\\/repliquemangacine.fr\\\/#website\"},\"primaryImageOfPage\":{\"@id\":\"https:\\\/\\\/repliquemangacine.fr\\\/epees-glaives-antique\\\/glaive-romain-fulham\\\/#primaryimage\"},\"image\":{\"@id\":\"https:\\\/\\\/repliquemangacine.fr\\\/epees-glaives-antique\\\/glaive-romain-fulham\\\/#primaryimage\"},\"thumbnailUrl\":\"https:\\\/\\\/repliquemangacine.fr\\\/wp-content\\\/uploads\\\/2023\\\/10\\\/1694-Replique-Glaive-Romain-Fulham.jpg\",\"datePublished\":\"2016-10-01T14:26:16+00:00\",\"dateModified\":\"2025-11-13T14:31:19+00:00\",\"description\":\"Offrez-lui ce Glaive Romain Fulham au meilleur prix - Expos\u00e9 au British Museum. Lame acier carbone - Fourreau cuir et laiton - Longueur totale : 75 cm\",\"breadcrumb\":{\"@id\":\"https:\\\/\\\/repliquemangacine.fr\\\/epees-glaives-antique\\\/glaive-romain-fulham\\\/#breadcrumb\"},\"inLanguage\":\"de\",\"potentialAction\":[{\"@type\":\"ReadAction\",\"target\":[\"https:\\\/\\\/repliquemangacine.fr\\\/epees-glaives-antique\\\/glaive-romain-fulham\\\/\"]}]},{\"@type\":\"ImageObject\",\"inLanguage\":\"de\",\"@id\":\"https:\\\/\\\/repliquemangacine.fr\\\/epees-glaives-antique\\\/glaive-romain-fulham\\\/#primaryimage\",\"url\":\"https:\\\/\\\/repliquemangacine.fr\\\/wp-content\\\/uploads\\\/2023\\\/10\\\/1694-Replique-Glaive-Romain-Fulham.jpg\",\"contentUrl\":\"https:\\\/\\\/repliquemangacine.fr\\\/wp-content\\\/uploads\\\/2023\\\/10\\\/1694-Replique-Glaive-Romain-Fulham.jpg\",\"width\":600,\"height\":600,\"caption\":\"R\u00e9plique Glaive Romain Fulham\"},{\"@type\":\"BreadcrumbList\",\"@id\":\"https:\\\/\\\/repliquemangacine.fr\\\/epees-glaives-antique\\\/glaive-romain-fulham\\\/#breadcrumb\",\"itemListElement\":[{\"@type\":\"ListItem\",\"position\":1,\"name\":\"Accueil\",\"item\":\"https:\\\/\\\/repliquemangacine.fr\\\/\"},{\"@type\":\"ListItem\",\"position\":2,\"name\":\"Produits\",\"item\":\"https:\\\/\\\/repliquemangacine.fr\\\/boutique\\\/\"},{\"@type\":\"ListItem\",\"position\":3,\"name\":\"Glaive Romain Fulham\"}]},{\"@type\":\"WebSite\",\"@id\":\"https:\\\/\\\/repliquemangacine.fr\\\/#website\",\"url\":\"https:\\\/\\\/repliquemangacine.fr\\\/\",\"name\":\"R\u00e9plique Manga Cin\u00e9\",\"description\":\"\",\"publisher\":{\"@id\":\"https:\\\/\\\/repliquemangacine.fr\\\/#organization\"},\"potentialAction\":[{\"@type\":\"SearchAction\",\"target\":{\"@type\":\"EntryPoint\",\"urlTemplate\":\"https:\\\/\\\/repliquemangacine.fr\\\/?s={search_term_string}\"},\"query-input\":{\"@type\":\"PropertyValueSpecification\",\"valueRequired\":true,\"valueName\":\"search_term_string\"}}],\"inLanguage\":\"de\"},{\"@type\":\"Organization\",\"@id\":\"https:\\\/\\\/repliquemangacine.fr\\\/#organization\",\"name\":\"R\u00e9plique Manga Cin\u00e9\",\"url\":\"https:\\\/\\\/repliquemangacine.fr\\\/\",\"logo\":{\"@type\":\"ImageObject\",\"inLanguage\":\"de\",\"@id\":\"https:\\\/\\\/repliquemangacine.fr\\\/#\\\/schema\\\/logo\\\/image\\\/\",\"url\":\"https:\\\/\\\/repliquemangacine.fr\\\/wp-content\\\/uploads\\\/2023\\\/10\\\/RMC-500250.png\",\"contentUrl\":\"https:\\\/\\\/repliquemangacine.fr\\\/wp-content\\\/uploads\\\/2023\\\/10\\\/RMC-500250.png\",\"width\":500,\"height\":250,\"caption\":\"R\u00e9plique Manga Cin\u00e9\"},\"image\":{\"@id\":\"https:\\\/\\\/repliquemangacine.fr\\\/#\\\/schema\\\/logo\\\/image\\\/\"},\"sameAs\":[\"https:\\\/\\\/www.facebook.com\\\/RepliqueMangaCine\",\"https:\\\/\\\/www.instagram.com\\\/repliquemangacine.fr\\\/\"]}]}<\/script>\n<!-- \/ Yoast SEO plugin. -->","yoast_head_json":{"title":"R\u00f6mischer Gladius Fulham - Antike Waffe - R\u00e9plique Manga Cin\u00e9","description":"Schenken Sie ihm dieses R\u00f6mische Glaive Fulham zum besten Preis - Ausgestellt im British Museum. Klinge aus Kohlenstoffstahl - Scheide aus Leder und Messing - Gesamtl\u00e4nge: 75 cm","robots":{"index":"index","follow":"follow","max-snippet":"max-snippet:-1","max-image-preview":"max-image-preview:large","max-video-preview":"max-video-preview:-1"},"canonical":"https:\/\/repliquemangacine.fr\/de\/antike-schwerter\/romisches-schwert-fulham\/","og_locale":"de_DE","og_type":"article","og_title":"Glaive Romain Fulham - Arme Antique - R\u00e9plique Manga Cin\u00e9","og_description":"Offrez-lui ce Glaive Romain Fulham au meilleur prix - Expos\u00e9 au British Museum. Lame acier carbone - Fourreau cuir et laiton - Longueur totale : 75 cm","og_url":"https:\/\/repliquemangacine.fr\/de\/antike-schwerter\/romisches-schwert-fulham\/","og_site_name":"R\u00e9plique Manga Cin\u00e9","article_publisher":"https:\/\/www.facebook.com\/RepliqueMangaCine","article_modified_time":"2025-11-13T14:31:19+00:00","og_image":[{"width":600,"height":600,"url":"https:\/\/repliquemangacine.fr\/wp-content\/uploads\/2023\/10\/1694-Replique-Glaive-Romain-Fulham.jpg","type":"image\/jpeg"}],"twitter_card":"summary_large_image","twitter_misc":{"Gesch\u00e4tzte Lesezeit":"2\u00a0Minuten"},"schema":{"@context":"https:\/\/schema.org","@graph":[{"@type":"WebPage","@id":"https:\/\/repliquemangacine.fr\/epees-glaives-antique\/glaive-romain-fulham\/","url":"https:\/\/repliquemangacine.fr\/epees-glaives-antique\/glaive-romain-fulham\/","name":"R\u00f6mischer Gladius Fulham - Antike Waffe - R\u00e9plique Manga Cin\u00e9","isPartOf":{"@id":"https:\/\/repliquemangacine.fr\/#website"},"primaryImageOfPage":{"@id":"https:\/\/repliquemangacine.fr\/epees-glaives-antique\/glaive-romain-fulham\/#primaryimage"},"image":{"@id":"https:\/\/repliquemangacine.fr\/epees-glaives-antique\/glaive-romain-fulham\/#primaryimage"},"thumbnailUrl":"https:\/\/repliquemangacine.fr\/wp-content\/uploads\/2023\/10\/1694-Replique-Glaive-Romain-Fulham.jpg","datePublished":"2016-10-01T14:26:16+00:00","dateModified":"2025-11-13T14:31:19+00:00","description":"Schenken Sie ihm dieses R\u00f6mische Glaive Fulham zum besten Preis - Ausgestellt im British Museum. Klinge aus Kohlenstoffstahl - Scheide aus Leder und Messing - Gesamtl\u00e4nge: 75 cm","breadcrumb":{"@id":"https:\/\/repliquemangacine.fr\/epees-glaives-antique\/glaive-romain-fulham\/#breadcrumb"},"inLanguage":"de","potentialAction":[{"@type":"ReadAction","target":["https:\/\/repliquemangacine.fr\/epees-glaives-antique\/glaive-romain-fulham\/"]}]},{"@type":"ImageObject","inLanguage":"de","@id":"https:\/\/repliquemangacine.fr\/epees-glaives-antique\/glaive-romain-fulham\/#primaryimage","url":"https:\/\/repliquemangacine.fr\/wp-content\/uploads\/2023\/10\/1694-Replique-Glaive-Romain-Fulham.jpg","contentUrl":"https:\/\/repliquemangacine.fr\/wp-content\/uploads\/2023\/10\/1694-Replique-Glaive-Romain-Fulham.jpg","width":600,"height":600,"caption":"R\u00e9plique Glaive Romain Fulham"},{"@type":"BreadcrumbList","@id":"https:\/\/repliquemangacine.fr\/epees-glaives-antique\/glaive-romain-fulham\/#breadcrumb","itemListElement":[{"@type":"ListItem","position":1,"name":"Accueil","item":"https:\/\/repliquemangacine.fr\/"},{"@type":"ListItem","position":2,"name":"Produits","item":"https:\/\/repliquemangacine.fr\/boutique\/"},{"@type":"ListItem","position":3,"name":"Glaive Romain Fulham"}]},{"@type":"WebSite","@id":"https:\/\/repliquemangacine.fr\/#website","url":"https:\/\/repliquemangacine.fr\/","name":"R\u00e9plique Manga Cin\u00e9","description":"","publisher":{"@id":"https:\/\/repliquemangacine.fr\/#organization"},"potentialAction":[{"@type":"SearchAction","target":{"@type":"EntryPoint","urlTemplate":"https:\/\/repliquemangacine.fr\/?s={search_term_string}"},"query-input":{"@type":"PropertyValueSpecification","valueRequired":true,"valueName":"search_term_string"}}],"inLanguage":"de"},{"@type":"Organization","@id":"https:\/\/repliquemangacine.fr\/#organization","name":"R\u00e9plique Manga Cin\u00e9","url":"https:\/\/repliquemangacine.fr\/","logo":{"@type":"ImageObject","inLanguage":"de","@id":"https:\/\/repliquemangacine.fr\/#\/schema\/logo\/image\/","url":"https:\/\/repliquemangacine.fr\/wp-content\/uploads\/2023\/10\/RMC-500250.png","contentUrl":"https:\/\/repliquemangacine.fr\/wp-content\/uploads\/2023\/10\/RMC-500250.png","width":500,"height":250,"caption":"R\u00e9plique Manga Cin\u00e9"},"image":{"@id":"https:\/\/repliquemangacine.fr\/#\/schema\/logo\/image\/"},"sameAs":["https:\/\/www.facebook.com\/RepliqueMangaCine","https:\/\/www.instagram.com\/repliquemangacine.fr\/"]}]}},"_links":{"self":[{"href":"https:\/\/repliquemangacine.fr\/de\/wp-json\/wp\/v2\/product\/25688","targetHints":{"allow":["GET"]}}],"collection":[{"href":"https:\/\/repliquemangacine.fr\/de\/wp-json\/wp\/v2\/product"}],"about":[{"href":"https:\/\/repliquemangacine.fr\/de\/wp-json\/wp\/v2\/types\/product"}],"wp:featuredmedia":[{"embeddable":true,"href":"https:\/\/repliquemangacine.fr\/de\/wp-json\/wp\/v2\/media\/25689"}],"wp:attachment":[{"href":"https:\/\/repliquemangacine.fr\/de\/wp-json\/wp\/v2\/media?parent=25688"}],"wp:term":[{"taxonomy":"product_brand","embeddable":true,"href":"https:\/\/repliquemangacine.fr\/de\/wp-json\/wp\/v2\/product_brand?post=25688"},{"taxonomy":"product_cat","embeddable":true,"href":"https:\/\/repliquemangacine.fr\/de\/wp-json\/wp\/v2\/product_cat?post=25688"},{"taxonomy":"product_tag","embeddable":true,"href":"https:\/\/repliquemangacine.fr\/de\/wp-json\/wp\/v2\/product_tag?post=25688"}],"curies":[{"name":"wp","href":"https:\/\/api.w.org\/{rel}","templated":true}]}}